{"id":9055,"date":"2021-05-27T13:54:28","date_gmt":"2021-05-27T11:54:28","guid":{"rendered":"https:\/\/www.rodilloscodimar.com\/producto\/motorodillo-mc1\/"},"modified":"2021-05-28T12:05:15","modified_gmt":"2021-05-28T10:05:15","slug":"motorodillo-mc1","status":"publish","type":"product","link":"https:\/\/www.rodilloscodimar.com\/pt-pt\/produtos\/motorodillo-mc1\/","title":{"rendered":"Motorodillo MC1"},"content":{"rendered":"<section class=\"l-section wpb_row height_small\"><div class=\"l-section-h i-cf\"><div class=\"g-cols vc_row via_flex valign_top type_default stacking_default\"><div class=\"vc_col-sm-12 wpb_column vc_column_container\"><div class=\"vc_column-inner\"><div class=\"wpb_wrapper\"><div class=\"wpb_text_column\"><div class=\"wpb_wrapper\"><ul>\n<li>Motor interno sem escovas 24V DC<\/li>\n<li>Cart\u00e3o de controlador externo<\/li>\n<li>Conector padr\u00e3o de liga\u00e7\u00e3o do cabo M8\/4PIN<\/li>\n<li>Pronto para trabalhar a altas temperaturas.<\/li>\n<li>Bin\u00e1rio inicial muito alto<\/li>\n<li>Mem\u00f3ria interna com Serial No., A., e Data de Fabrico<\/li>\n<li>Prote\u00e7\u00e3o el\u00e9trica IP54\/66\/69K<\/li>\n<\/ul>\n<p>O Motorodillo MC1 \u00e9 um rolo de acionamento que \u00e9 utilizado para operar qualquer tipo de transportador para uso intralog\u00edstico. O seu funcionamento \u00e9 completamente silencioso e sem qualquer manuten\u00e7\u00e3o, tornando-a uma op\u00e7\u00e3o limpa e eficaz.<\/p>\n<\/div><\/div><\/div><\/div><\/div><\/div><\/div><\/section>\n","protected":false},"excerpt":{"rendered":"<h3 style=\"text-align: center;\">Especifica\u00e7\u00f5es motorodillo MC1<\/h3>\n<p><a target=\"_blank\" href=\"https:\/\/www.rodilloscodimar.com\/wp-content\/uploads\/2021\/04\/MOTORODILLO-MC-1.pdf\" rel=\"noopener\"><img decoding=\"async\" class=\"aligncenter wp-image-8152 size-full\" src=\"https:\/\/www.rodilloscodimar.com\/wp-content\/uploads\/2021\/04\/boton-mas-informacion.png\" alt=\"\" width=\"187\" height=\"50\"><\/a><\/p>\n","protected":false},"featured_media":8147,"template":"","meta":{"_joinchat":[]},"product_brand":[],"product_cat":[224],"product_tag":[],"class_list":{"0":"post-9055","1":"product","2":"type-product","3":"status-publish","4":"has-post-thumbnail","6":"product_cat-rolos-especiais","8":"first","9":"instock","10":"shipping-taxable","11":"product-type-simple"},"yoast_head":"<!-- This site is optimized with the Yoast SEO plugin v27.2 - https:\/\/yoast.com\/product\/yoast-seo-wordpress\/ -->\n<title>Motorodillo MC1 | Rolos motorizados | Codimar<\/title>\n<meta name=\"description\" content=\"O Motorodillo CM1 \u00e9 um rolo motorizado que \u00e9 utilizado para operar qualquer tipo de transportador para uso intralog\u00edstico.\" \/>\n<meta name=\"robots\" content=\"index, follow, max-snippet:-1, max-image-preview:large, max-video-preview:-1\" \/>\n<link rel=\"canonical\" href=\"https:\/\/www.rodilloscodimar.com\/pt-pt\/produtos\/motorodillo-mc1\/\" \/>\n<meta property=\"og:locale\" content=\"pt_PT\" \/>\n<meta property=\"og:type\" content=\"article\" \/>\n<meta property=\"og:title\" content=\"Motorodillo MC1 | Rolos motorizados | Codimar\" \/>\n<meta property=\"og:description\" content=\"O Motorodillo CM1 \u00e9 um rolo motorizado que \u00e9 utilizado para operar qualquer tipo de transportador para uso intralog\u00edstico.\" \/>\n<meta property=\"og:url\" content=\"https:\/\/www.rodilloscodimar.com\/pt-pt\/produtos\/motorodillo-mc1\/\" \/>\n<meta property=\"og:site_name\" content=\"CODIMAR\" \/>\n<meta property=\"article:modified_time\" content=\"2021-05-28T10:05:15+00:00\" \/>\n<meta property=\"og:image\" content=\"https:\/\/www.rodilloscodimar.com\/wp-content\/uploads\/2021\/04\/WhatsApp-Image-2021-01-28-at-07.57.30-2-e1618227766326.jpeg\" \/>\n\t<meta property=\"og:image:width\" content=\"1824\" \/>\n\t<meta property=\"og:image:height\" content=\"1368\" \/>\n\t<meta property=\"og:image:type\" content=\"image\/jpeg\" \/>\n<meta name=\"twitter:card\" content=\"summary_large_image\" \/>\n<script type=\"application\/ld+json\" class=\"yoast-schema-graph\">{\"@context\":\"https:\/\/schema.org\",\"@graph\":[{\"@type\":\"WebPage\",\"@id\":\"https:\/\/www.rodilloscodimar.com\/pt-pt\/produtos\/motorodillo-mc1\/\",\"url\":\"https:\/\/www.rodilloscodimar.com\/pt-pt\/produtos\/motorodillo-mc1\/\",\"name\":\"Motorodillo MC1 | Rolos motorizados | Codimar\",\"isPartOf\":{\"@id\":\"https:\/\/www.rodilloscodimar.com\/pt-pt\/#website\"},\"primaryImageOfPage\":{\"@id\":\"https:\/\/www.rodilloscodimar.com\/pt-pt\/produtos\/motorodillo-mc1\/#primaryimage\"},\"image\":{\"@id\":\"https:\/\/www.rodilloscodimar.com\/pt-pt\/produtos\/motorodillo-mc1\/#primaryimage\"},\"thumbnailUrl\":\"https:\/\/www.rodilloscodimar.com\/wp-content\/uploads\/2021\/04\/WhatsApp-Image-2021-01-28-at-07.57.30-2-e1618227766326.jpeg\",\"datePublished\":\"2021-05-27T11:54:28+00:00\",\"dateModified\":\"2021-05-28T10:05:15+00:00\",\"description\":\"O Motorodillo CM1 \u00e9 um rolo motorizado que \u00e9 utilizado para operar qualquer tipo de transportador para uso intralog\u00edstico.\",\"breadcrumb\":{\"@id\":\"https:\/\/www.rodilloscodimar.com\/pt-pt\/produtos\/motorodillo-mc1\/#breadcrumb\"},\"inLanguage\":\"pt-PT\",\"potentialAction\":[{\"@type\":\"ReadAction\",\"target\":[\"https:\/\/www.rodilloscodimar.com\/pt-pt\/produtos\/motorodillo-mc1\/\"]}]},{\"@type\":\"ImageObject\",\"inLanguage\":\"pt-PT\",\"@id\":\"https:\/\/www.rodilloscodimar.com\/pt-pt\/produtos\/motorodillo-mc1\/#primaryimage\",\"url\":\"https:\/\/www.rodilloscodimar.com\/wp-content\/uploads\/2021\/04\/WhatsApp-Image-2021-01-28-at-07.57.30-2-e1618227766326.jpeg\",\"contentUrl\":\"https:\/\/www.rodilloscodimar.com\/wp-content\/uploads\/2021\/04\/WhatsApp-Image-2021-01-28-at-07.57.30-2-e1618227766326.jpeg\",\"width\":1824,\"height\":1368},{\"@type\":\"BreadcrumbList\",\"@id\":\"https:\/\/www.rodilloscodimar.com\/pt-pt\/produtos\/motorodillo-mc1\/#breadcrumb\",\"itemListElement\":[{\"@type\":\"ListItem\",\"position\":1,\"name\":\"Portada\",\"item\":\"https:\/\/www.rodilloscodimar.com\/pt-pt\/\"},{\"@type\":\"ListItem\",\"position\":2,\"name\":\"Tienda\",\"item\":\"https:\/\/www.rodilloscodimar.com\/tienda\/\"},{\"@type\":\"ListItem\",\"position\":3,\"name\":\"Motorodillo MC1\"}]},{\"@type\":\"WebSite\",\"@id\":\"https:\/\/www.rodilloscodimar.com\/pt-pt\/#website\",\"url\":\"https:\/\/www.rodilloscodimar.com\/pt-pt\/\",\"name\":\"CODIMAR\",\"description\":\"Frabricante de Componentes , Rodillos, Estaciones y M\u00e1quinas.\",\"publisher\":{\"@id\":\"https:\/\/www.rodilloscodimar.com\/pt-pt\/#organization\"},\"potentialAction\":[{\"@type\":\"SearchAction\",\"target\":{\"@type\":\"EntryPoint\",\"urlTemplate\":\"https:\/\/www.rodilloscodimar.com\/pt-pt\/?s={search_term_string}\"},\"query-input\":{\"@type\":\"PropertyValueSpecification\",\"valueRequired\":true,\"valueName\":\"search_term_string\"}}],\"inLanguage\":\"pt-PT\"},{\"@type\":\"Organization\",\"@id\":\"https:\/\/www.rodilloscodimar.com\/pt-pt\/#organization\",\"name\":\"Rodillos Codimar\",\"url\":\"https:\/\/www.rodilloscodimar.com\/pt-pt\/\",\"logo\":{\"@type\":\"ImageObject\",\"inLanguage\":\"pt-PT\",\"@id\":\"https:\/\/www.rodilloscodimar.com\/pt-pt\/#\/schema\/logo\/image\/\",\"url\":\"https:\/\/www.rodilloscodimar.com\/wp-content\/uploads\/2020\/01\/logo-email.jpg\",\"contentUrl\":\"https:\/\/www.rodilloscodimar.com\/wp-content\/uploads\/2020\/01\/logo-email.jpg\",\"width\":300,\"height\":299,\"caption\":\"Rodillos Codimar\"},\"image\":{\"@id\":\"https:\/\/www.rodilloscodimar.com\/pt-pt\/#\/schema\/logo\/image\/\"}}]}<\/script>\n<!-- \/ Yoast SEO plugin. -->","yoast_head_json":{"title":"Motorodillo MC1 | Rolos motorizados | Codimar","description":"O Motorodillo CM1 \u00e9 um rolo motorizado que \u00e9 utilizado para operar qualquer tipo de transportador para uso intralog\u00edstico.","robots":{"index":"index","follow":"follow","max-snippet":"max-snippet:-1","max-image-preview":"max-image-preview:large","max-video-preview":"max-video-preview:-1"},"canonical":"https:\/\/www.rodilloscodimar.com\/pt-pt\/produtos\/motorodillo-mc1\/","og_locale":"pt_PT","og_type":"article","og_title":"Motorodillo MC1 | Rolos motorizados | Codimar","og_description":"O Motorodillo CM1 \u00e9 um rolo motorizado que \u00e9 utilizado para operar qualquer tipo de transportador para uso intralog\u00edstico.","og_url":"https:\/\/www.rodilloscodimar.com\/pt-pt\/produtos\/motorodillo-mc1\/","og_site_name":"CODIMAR","article_modified_time":"2021-05-28T10:05:15+00:00","og_image":[{"width":1824,"height":1368,"url":"https:\/\/www.rodilloscodimar.com\/wp-content\/uploads\/2021\/04\/WhatsApp-Image-2021-01-28-at-07.57.30-2-e1618227766326.jpeg","type":"image\/jpeg"}],"twitter_card":"summary_large_image","schema":{"@context":"https:\/\/schema.org","@graph":[{"@type":"WebPage","@id":"https:\/\/www.rodilloscodimar.com\/pt-pt\/produtos\/motorodillo-mc1\/","url":"https:\/\/www.rodilloscodimar.com\/pt-pt\/produtos\/motorodillo-mc1\/","name":"Motorodillo MC1 | Rolos motorizados | Codimar","isPartOf":{"@id":"https:\/\/www.rodilloscodimar.com\/pt-pt\/#website"},"primaryImageOfPage":{"@id":"https:\/\/www.rodilloscodimar.com\/pt-pt\/produtos\/motorodillo-mc1\/#primaryimage"},"image":{"@id":"https:\/\/www.rodilloscodimar.com\/pt-pt\/produtos\/motorodillo-mc1\/#primaryimage"},"thumbnailUrl":"https:\/\/www.rodilloscodimar.com\/wp-content\/uploads\/2021\/04\/WhatsApp-Image-2021-01-28-at-07.57.30-2-e1618227766326.jpeg","datePublished":"2021-05-27T11:54:28+00:00","dateModified":"2021-05-28T10:05:15+00:00","description":"O Motorodillo CM1 \u00e9 um rolo motorizado que \u00e9 utilizado para operar qualquer tipo de transportador para uso intralog\u00edstico.","breadcrumb":{"@id":"https:\/\/www.rodilloscodimar.com\/pt-pt\/produtos\/motorodillo-mc1\/#breadcrumb"},"inLanguage":"pt-PT","potentialAction":[{"@type":"ReadAction","target":["https:\/\/www.rodilloscodimar.com\/pt-pt\/produtos\/motorodillo-mc1\/"]}]},{"@type":"ImageObject","inLanguage":"pt-PT","@id":"https:\/\/www.rodilloscodimar.com\/pt-pt\/produtos\/motorodillo-mc1\/#primaryimage","url":"https:\/\/www.rodilloscodimar.com\/wp-content\/uploads\/2021\/04\/WhatsApp-Image-2021-01-28-at-07.57.30-2-e1618227766326.jpeg","contentUrl":"https:\/\/www.rodilloscodimar.com\/wp-content\/uploads\/2021\/04\/WhatsApp-Image-2021-01-28-at-07.57.30-2-e1618227766326.jpeg","width":1824,"height":1368},{"@type":"BreadcrumbList","@id":"https:\/\/www.rodilloscodimar.com\/pt-pt\/produtos\/motorodillo-mc1\/#breadcrumb","itemListElement":[{"@type":"ListItem","position":1,"name":"Portada","item":"https:\/\/www.rodilloscodimar.com\/pt-pt\/"},{"@type":"ListItem","position":2,"name":"Tienda","item":"https:\/\/www.rodilloscodimar.com\/tienda\/"},{"@type":"ListItem","position":3,"name":"Motorodillo MC1"}]},{"@type":"WebSite","@id":"https:\/\/www.rodilloscodimar.com\/pt-pt\/#website","url":"https:\/\/www.rodilloscodimar.com\/pt-pt\/","name":"CODIMAR","description":"Frabricante de Componentes , Rodillos, Estaciones y M\u00e1quinas.","publisher":{"@id":"https:\/\/www.rodilloscodimar.com\/pt-pt\/#organization"},"potentialAction":[{"@type":"SearchAction","target":{"@type":"EntryPoint","urlTemplate":"https:\/\/www.rodilloscodimar.com\/pt-pt\/?s={search_term_string}"},"query-input":{"@type":"PropertyValueSpecification","valueRequired":true,"valueName":"search_term_string"}}],"inLanguage":"pt-PT"},{"@type":"Organization","@id":"https:\/\/www.rodilloscodimar.com\/pt-pt\/#organization","name":"Rodillos Codimar","url":"https:\/\/www.rodilloscodimar.com\/pt-pt\/","logo":{"@type":"ImageObject","inLanguage":"pt-PT","@id":"https:\/\/www.rodilloscodimar.com\/pt-pt\/#\/schema\/logo\/image\/","url":"https:\/\/www.rodilloscodimar.com\/wp-content\/uploads\/2020\/01\/logo-email.jpg","contentUrl":"https:\/\/www.rodilloscodimar.com\/wp-content\/uploads\/2020\/01\/logo-email.jpg","width":300,"height":299,"caption":"Rodillos Codimar"},"image":{"@id":"https:\/\/www.rodilloscodimar.com\/pt-pt\/#\/schema\/logo\/image\/"}}]}},"_links":{"self":[{"href":"https:\/\/www.rodilloscodimar.com\/pt-pt\/wp-json\/wp\/v2\/product\/9055","targetHints":{"allow":["GET"]}}],"collection":[{"href":"https:\/\/www.rodilloscodimar.com\/pt-pt\/wp-json\/wp\/v2\/product"}],"about":[{"href":"https:\/\/www.rodilloscodimar.com\/pt-pt\/wp-json\/wp\/v2\/types\/product"}],"wp:featuredmedia":[{"embeddable":true,"href":"https:\/\/www.rodilloscodimar.com\/pt-pt\/wp-json\/wp\/v2\/media\/8147"}],"wp:attachment":[{"href":"https:\/\/www.rodilloscodimar.com\/pt-pt\/wp-json\/wp\/v2\/media?parent=9055"}],"wp:term":[{"taxonomy":"product_brand","embeddable":true,"href":"https:\/\/www.rodilloscodimar.com\/pt-pt\/wp-json\/wp\/v2\/product_brand?post=9055"},{"taxonomy":"product_cat","embeddable":true,"href":"https:\/\/www.rodilloscodimar.com\/pt-pt\/wp-json\/wp\/v2\/product_cat?post=9055"},{"taxonomy":"product_tag","embeddable":true,"href":"https:\/\/www.rodilloscodimar.com\/pt-pt\/wp-json\/wp\/v2\/product_tag?post=9055"}],"curies":[{"name":"wp","href":"https:\/\/api.w.org\/{rel}","templated":true}]}}