{"id":5572,"date":"2018-10-18T12:50:46","date_gmt":"2020-12-15T17:44:13","guid":{"rendered":"https:\/\/www.rodilloscodimar.com\/producto\/outras-estacoes\/"},"modified":"2020-12-15T18:44:13","modified_gmt":"2020-12-15T17:44:13","slug":"outras-estacoes","status":"publish","type":"product","link":"https:\/\/www.rodilloscodimar.com\/pt-pt\/produtos\/outras-estacoes\/","title":{"rendered":"Outras Esta\u00e7\u00f5es"},"content":{"rendered":"<ul>\n<li>Arma\u00e7\u00e3o: Carbono\/a\u00e7o inoxid\u00e1vel<\/li>\n<li>Acabamento: Pintado \/ Cincado \/ Esguicho<\/li>\n<li>Perfil de quadro: UPN Laminado<\/li>\n<li>Sem Rolos: 1, 2 unds<\/li>\n<li>Rolos: 60, 63,5 , 70, 76, 80, 89, 108, 133 e 156mm<\/li>\n<li>Rolos de \u00e2ngulo: 0o, 10o, 15o e 20o<\/li>\n<\/ul>\n","protected":false},"excerpt":{"rendered":"<p>Al\u00e9m das configura\u00e7\u00f5es b\u00e1sicas da esta\u00e7\u00e3o, existem m\u00faltiplas aplica\u00e7\u00f5es para este sistema de transporte.<\/p>\n<p>Alguns casos podem incluir:<\/p>\n<p>&#8211; <strong>ESTA\u00c7\u00d5ES DE RECOLHA E CARGA,<\/strong>onde a carga \u00e9 distribu\u00edda sobre uma superf\u00edcie de cinto maior para recolher, classificar e inspecionar o material transportado.<\/p>\n<p>&#8211; <strong>ESTA\u00c7\u00d5ES DE IMPACTO, aplic\u00e1veis<\/strong>em pontos de carregamento e transfer\u00eancia para absorver o impacto do material atrav\u00e9s de borrachas amortecidas. Isto protege a banda de danos, aumentando assim o seu tempo de vida.<br \/>\n&#8211; <strong>ESTA\u00c7\u00d5ES COM LIMPA\u00c7\u00c3O HELICOIDAL<\/strong> PARA evitar a acumula\u00e7\u00e3o de materiais cativantes, mantendo assim a banda limpa.<br \/>\n&#8211; <strong>ESTA\u00c7\u00d5ES DE RETORNO COM DISCOS,<\/strong>aplic\u00e1veis ao transportar material molhado, pegajoso e corrosivo com tend\u00eancia a congelar na banda. O arranjo dos discos pode ser agrupado ou espa\u00e7ado de acordo com as exig\u00eancias do transportador<\/p>\n","protected":false},"featured_media":4971,"template":"","meta":{"_joinchat":[]},"product_brand":[],"product_cat":[171],"product_tag":[],"class_list":{"0":"post-5572","1":"product","2":"type-product","3":"status-publish","4":"has-post-thumbnail","6":"product_cat-estacoes","8":"first","9":"instock","10":"shipping-taxable","11":"product-type-simple"},"yoast_head":"<!-- This site is optimized with the Yoast SEO plugin v27.2 - https:\/\/yoast.com\/product\/yoast-seo-wordpress\/ -->\n<title>Outras Esta\u00e7\u00f5es Esta\u00e7\u00f5es - Rodillos Codimar S.L.<\/title>\n<meta name=\"description\" content=\"Na Codimar Rollers fabricamos outras esta\u00e7\u00f5es como esta\u00e7\u00f5es de recolha e carregamento, esta\u00e7\u00f5es de impacto, esta\u00e7\u00f5es com limpador heliocida...\" \/>\n<meta name=\"robots\" content=\"index, follow, max-snippet:-1, max-image-preview:large, max-video-preview:-1\" \/>\n<link rel=\"canonical\" href=\"https:\/\/www.rodilloscodimar.com\/pt-pt\/produtos\/outras-estacoes\/\" \/>\n<meta property=\"og:locale\" content=\"pt_PT\" \/>\n<meta property=\"og:type\" content=\"article\" \/>\n<meta property=\"og:title\" content=\"Outras Esta\u00e7\u00f5es Esta\u00e7\u00f5es - Rodillos Codimar S.L.\" \/>\n<meta property=\"og:description\" content=\"Na Codimar Rollers fabricamos outras esta\u00e7\u00f5es como esta\u00e7\u00f5es de recolha e carregamento, esta\u00e7\u00f5es de impacto, esta\u00e7\u00f5es com limpador heliocida...\" \/>\n<meta property=\"og:url\" content=\"https:\/\/www.rodilloscodimar.com\/pt-pt\/produtos\/outras-estacoes\/\" \/>\n<meta property=\"og:site_name\" content=\"CODIMAR\" \/>\n<meta property=\"og:image\" content=\"https:\/\/www.rodilloscodimar.com\/wp-content\/uploads\/2018\/10\/ESTACI\u00d3N-SUPERIOR-V-02.204.jpg\" \/>\n\t<meta property=\"og:image:width\" content=\"1080\" \/>\n\t<meta property=\"og:image:height\" content=\"1080\" \/>\n\t<meta property=\"og:image:type\" content=\"image\/jpeg\" \/>\n<meta name=\"twitter:card\" content=\"summary_large_image\" \/>\n<script type=\"application\/ld+json\" class=\"yoast-schema-graph\">{\"@context\":\"https:\/\/schema.org\",\"@graph\":[{\"@type\":\"WebPage\",\"@id\":\"https:\/\/www.rodilloscodimar.com\/pt-pt\/produtos\/outras-estacoes\/\",\"url\":\"https:\/\/www.rodilloscodimar.com\/pt-pt\/produtos\/outras-estacoes\/\",\"name\":\"Outras Esta\u00e7\u00f5es Esta\u00e7\u00f5es - Rodillos Codimar S.L.\",\"isPartOf\":{\"@id\":\"https:\/\/www.rodilloscodimar.com\/pt-pt\/#website\"},\"primaryImageOfPage\":{\"@id\":\"https:\/\/www.rodilloscodimar.com\/pt-pt\/produtos\/outras-estacoes\/#primaryimage\"},\"image\":{\"@id\":\"https:\/\/www.rodilloscodimar.com\/pt-pt\/produtos\/outras-estacoes\/#primaryimage\"},\"thumbnailUrl\":\"https:\/\/www.rodilloscodimar.com\/wp-content\/uploads\/2018\/10\/ESTACI\u00d3N-SUPERIOR-V-02.204.jpg\",\"datePublished\":\"2020-12-15T17:44:13+00:00\",\"description\":\"Na Codimar Rollers fabricamos outras esta\u00e7\u00f5es como esta\u00e7\u00f5es de recolha e carregamento, esta\u00e7\u00f5es de impacto, esta\u00e7\u00f5es com limpador heliocida...\",\"breadcrumb\":{\"@id\":\"https:\/\/www.rodilloscodimar.com\/pt-pt\/produtos\/outras-estacoes\/#breadcrumb\"},\"inLanguage\":\"pt-PT\",\"potentialAction\":[{\"@type\":\"ReadAction\",\"target\":[\"https:\/\/www.rodilloscodimar.com\/pt-pt\/produtos\/outras-estacoes\/\"]}]},{\"@type\":\"ImageObject\",\"inLanguage\":\"pt-PT\",\"@id\":\"https:\/\/www.rodilloscodimar.com\/pt-pt\/produtos\/outras-estacoes\/#primaryimage\",\"url\":\"https:\/\/www.rodilloscodimar.com\/wp-content\/uploads\/2018\/10\/ESTACI\u00d3N-SUPERIOR-V-02.204.jpg\",\"contentUrl\":\"https:\/\/www.rodilloscodimar.com\/wp-content\/uploads\/2018\/10\/ESTACI\u00d3N-SUPERIOR-V-02.204.jpg\",\"width\":1080,\"height\":1080,\"caption\":\"Esta\u00e7\u00f5es de topo em \\\"V\\\"\"},{\"@type\":\"BreadcrumbList\",\"@id\":\"https:\/\/www.rodilloscodimar.com\/pt-pt\/produtos\/outras-estacoes\/#breadcrumb\",\"itemListElement\":[{\"@type\":\"ListItem\",\"position\":1,\"name\":\"Portada\",\"item\":\"https:\/\/www.rodilloscodimar.com\/pt-pt\/\"},{\"@type\":\"ListItem\",\"position\":2,\"name\":\"Tienda\",\"item\":\"https:\/\/www.rodilloscodimar.com\/tienda\/\"},{\"@type\":\"ListItem\",\"position\":3,\"name\":\"Outras Esta\u00e7\u00f5es\"}]},{\"@type\":\"WebSite\",\"@id\":\"https:\/\/www.rodilloscodimar.com\/pt-pt\/#website\",\"url\":\"https:\/\/www.rodilloscodimar.com\/pt-pt\/\",\"name\":\"CODIMAR\",\"description\":\"Frabricante de Componentes , Rodillos, Estaciones y M\u00e1quinas.\",\"publisher\":{\"@id\":\"https:\/\/www.rodilloscodimar.com\/pt-pt\/#organization\"},\"potentialAction\":[{\"@type\":\"SearchAction\",\"target\":{\"@type\":\"EntryPoint\",\"urlTemplate\":\"https:\/\/www.rodilloscodimar.com\/pt-pt\/?s={search_term_string}\"},\"query-input\":{\"@type\":\"PropertyValueSpecification\",\"valueRequired\":true,\"valueName\":\"search_term_string\"}}],\"inLanguage\":\"pt-PT\"},{\"@type\":\"Organization\",\"@id\":\"https:\/\/www.rodilloscodimar.com\/pt-pt\/#organization\",\"name\":\"Rodillos Codimar\",\"url\":\"https:\/\/www.rodilloscodimar.com\/pt-pt\/\",\"logo\":{\"@type\":\"ImageObject\",\"inLanguage\":\"pt-PT\",\"@id\":\"https:\/\/www.rodilloscodimar.com\/pt-pt\/#\/schema\/logo\/image\/\",\"url\":\"https:\/\/www.rodilloscodimar.com\/wp-content\/uploads\/2020\/01\/logo-email.jpg\",\"contentUrl\":\"https:\/\/www.rodilloscodimar.com\/wp-content\/uploads\/2020\/01\/logo-email.jpg\",\"width\":300,\"height\":299,\"caption\":\"Rodillos Codimar\"},\"image\":{\"@id\":\"https:\/\/www.rodilloscodimar.com\/pt-pt\/#\/schema\/logo\/image\/\"}}]}<\/script>\n<!-- \/ Yoast SEO plugin. -->","yoast_head_json":{"title":"Outras Esta\u00e7\u00f5es Esta\u00e7\u00f5es - Rodillos Codimar S.L.","description":"Na Codimar Rollers fabricamos outras esta\u00e7\u00f5es como esta\u00e7\u00f5es de recolha e carregamento, esta\u00e7\u00f5es de impacto, esta\u00e7\u00f5es com limpador heliocida...","robots":{"index":"index","follow":"follow","max-snippet":"max-snippet:-1","max-image-preview":"max-image-preview:large","max-video-preview":"max-video-preview:-1"},"canonical":"https:\/\/www.rodilloscodimar.com\/pt-pt\/produtos\/outras-estacoes\/","og_locale":"pt_PT","og_type":"article","og_title":"Outras Esta\u00e7\u00f5es Esta\u00e7\u00f5es - Rodillos Codimar S.L.","og_description":"Na Codimar Rollers fabricamos outras esta\u00e7\u00f5es como esta\u00e7\u00f5es de recolha e carregamento, esta\u00e7\u00f5es de impacto, esta\u00e7\u00f5es com limpador heliocida...","og_url":"https:\/\/www.rodilloscodimar.com\/pt-pt\/produtos\/outras-estacoes\/","og_site_name":"CODIMAR","og_image":[{"width":1080,"height":1080,"url":"https:\/\/www.rodilloscodimar.com\/wp-content\/uploads\/2018\/10\/ESTACI\u00d3N-SUPERIOR-V-02.204.jpg","type":"image\/jpeg"}],"twitter_card":"summary_large_image","schema":{"@context":"https:\/\/schema.org","@graph":[{"@type":"WebPage","@id":"https:\/\/www.rodilloscodimar.com\/pt-pt\/produtos\/outras-estacoes\/","url":"https:\/\/www.rodilloscodimar.com\/pt-pt\/produtos\/outras-estacoes\/","name":"Outras Esta\u00e7\u00f5es Esta\u00e7\u00f5es - Rodillos Codimar S.L.","isPartOf":{"@id":"https:\/\/www.rodilloscodimar.com\/pt-pt\/#website"},"primaryImageOfPage":{"@id":"https:\/\/www.rodilloscodimar.com\/pt-pt\/produtos\/outras-estacoes\/#primaryimage"},"image":{"@id":"https:\/\/www.rodilloscodimar.com\/pt-pt\/produtos\/outras-estacoes\/#primaryimage"},"thumbnailUrl":"https:\/\/www.rodilloscodimar.com\/wp-content\/uploads\/2018\/10\/ESTACI\u00d3N-SUPERIOR-V-02.204.jpg","datePublished":"2020-12-15T17:44:13+00:00","description":"Na Codimar Rollers fabricamos outras esta\u00e7\u00f5es como esta\u00e7\u00f5es de recolha e carregamento, esta\u00e7\u00f5es de impacto, esta\u00e7\u00f5es com limpador heliocida...","breadcrumb":{"@id":"https:\/\/www.rodilloscodimar.com\/pt-pt\/produtos\/outras-estacoes\/#breadcrumb"},"inLanguage":"pt-PT","potentialAction":[{"@type":"ReadAction","target":["https:\/\/www.rodilloscodimar.com\/pt-pt\/produtos\/outras-estacoes\/"]}]},{"@type":"ImageObject","inLanguage":"pt-PT","@id":"https:\/\/www.rodilloscodimar.com\/pt-pt\/produtos\/outras-estacoes\/#primaryimage","url":"https:\/\/www.rodilloscodimar.com\/wp-content\/uploads\/2018\/10\/ESTACI\u00d3N-SUPERIOR-V-02.204.jpg","contentUrl":"https:\/\/www.rodilloscodimar.com\/wp-content\/uploads\/2018\/10\/ESTACI\u00d3N-SUPERIOR-V-02.204.jpg","width":1080,"height":1080,"caption":"Esta\u00e7\u00f5es de topo em \"V\""},{"@type":"BreadcrumbList","@id":"https:\/\/www.rodilloscodimar.com\/pt-pt\/produtos\/outras-estacoes\/#breadcrumb","itemListElement":[{"@type":"ListItem","position":1,"name":"Portada","item":"https:\/\/www.rodilloscodimar.com\/pt-pt\/"},{"@type":"ListItem","position":2,"name":"Tienda","item":"https:\/\/www.rodilloscodimar.com\/tienda\/"},{"@type":"ListItem","position":3,"name":"Outras Esta\u00e7\u00f5es"}]},{"@type":"WebSite","@id":"https:\/\/www.rodilloscodimar.com\/pt-pt\/#website","url":"https:\/\/www.rodilloscodimar.com\/pt-pt\/","name":"CODIMAR","description":"Frabricante de Componentes , Rodillos, Estaciones y M\u00e1quinas.","publisher":{"@id":"https:\/\/www.rodilloscodimar.com\/pt-pt\/#organization"},"potentialAction":[{"@type":"SearchAction","target":{"@type":"EntryPoint","urlTemplate":"https:\/\/www.rodilloscodimar.com\/pt-pt\/?s={search_term_string}"},"query-input":{"@type":"PropertyValueSpecification","valueRequired":true,"valueName":"search_term_string"}}],"inLanguage":"pt-PT"},{"@type":"Organization","@id":"https:\/\/www.rodilloscodimar.com\/pt-pt\/#organization","name":"Rodillos Codimar","url":"https:\/\/www.rodilloscodimar.com\/pt-pt\/","logo":{"@type":"ImageObject","inLanguage":"pt-PT","@id":"https:\/\/www.rodilloscodimar.com\/pt-pt\/#\/schema\/logo\/image\/","url":"https:\/\/www.rodilloscodimar.com\/wp-content\/uploads\/2020\/01\/logo-email.jpg","contentUrl":"https:\/\/www.rodilloscodimar.com\/wp-content\/uploads\/2020\/01\/logo-email.jpg","width":300,"height":299,"caption":"Rodillos Codimar"},"image":{"@id":"https:\/\/www.rodilloscodimar.com\/pt-pt\/#\/schema\/logo\/image\/"}}]}},"_links":{"self":[{"href":"https:\/\/www.rodilloscodimar.com\/pt-pt\/wp-json\/wp\/v2\/product\/5572","targetHints":{"allow":["GET"]}}],"collection":[{"href":"https:\/\/www.rodilloscodimar.com\/pt-pt\/wp-json\/wp\/v2\/product"}],"about":[{"href":"https:\/\/www.rodilloscodimar.com\/pt-pt\/wp-json\/wp\/v2\/types\/product"}],"wp:featuredmedia":[{"embeddable":true,"href":"https:\/\/www.rodilloscodimar.com\/pt-pt\/wp-json\/wp\/v2\/media\/4971"}],"wp:attachment":[{"href":"https:\/\/www.rodilloscodimar.com\/pt-pt\/wp-json\/wp\/v2\/media?parent=5572"}],"wp:term":[{"taxonomy":"product_brand","embeddable":true,"href":"https:\/\/www.rodilloscodimar.com\/pt-pt\/wp-json\/wp\/v2\/product_brand?post=5572"},{"taxonomy":"product_cat","embeddable":true,"href":"https:\/\/www.rodilloscodimar.com\/pt-pt\/wp-json\/wp\/v2\/product_cat?post=5572"},{"taxonomy":"product_tag","embeddable":true,"href":"https:\/\/www.rodilloscodimar.com\/pt-pt\/wp-json\/wp\/v2\/product_tag?post=5572"}],"curies":[{"name":"wp","href":"https:\/\/api.w.org\/{rel}","templated":true}]}}