{"id":5568,"date":"2018-10-09T18:13:15","date_gmt":"2020-12-15T17:44:05","guid":{"rendered":"https:\/\/www.rodilloscodimar.com\/producto\/tambor-de-motor-de-gaiola\/"},"modified":"2020-12-15T18:44:05","modified_gmt":"2020-12-15T17:44:05","slug":"tambor-motor-gaiola","status":"publish","type":"product","link":"https:\/\/www.rodilloscodimar.com\/pt-pt\/produtos\/tambor-motor-gaiola\/","title":{"rendered":"Tambor de motor de gaiola"},"content":{"rendered":"<ul>\n<li>Cage Motor Drum adequado para agricultura e trabalhos mais leves, mas com o alto grau de sujidade no regresso da banda<\/li>\n<li>A gaiola de esquilo invertida &#8216;U&#8217; ou \u00e0 base de placa impede que o produto, seja osso de fruta, cascalho ou outros, se esmague entre a parede do tubo do tambor e a tampa do porta-avi\u00f5es inferior<\/li>\n<li>Constru\u00eddo a partir de placas de diferentes espessuras, &#8216;U&#8217; invertido ou mesmo com tubos redondos; que formam uma gaiola na qual o produto que se retorna contra o tambor no regresso da banda, penetra e sai facilmente, evitando uma poss\u00edvel rutura da tampa do cinto e\/ou redragging da faixa<\/li>\n<\/ul>\n","protected":false},"excerpt":{"rendered":"<p>Tambores baseados em placas s\u00f3lidas ou aros, &#8220;U&#8221; invertidos, balas s\u00f3lidas ou mesmo tubos redondos soldados nos discos de suporte fixados ao eixo central, que comp\u00f5em a chamada &#8220;gaiola de esquilo&#8221;.<\/p>\n","protected":false},"featured_media":5569,"template":"","meta":{"_joinchat":[]},"product_brand":[],"product_cat":[223],"product_tag":[],"class_list":{"0":"post-5568","1":"product","2":"type-product","3":"status-publish","4":"has-post-thumbnail","6":"product_cat-tambores-pt-pt","8":"first","9":"instock","10":"shipping-taxable","11":"product-type-simple"},"yoast_head":"<!-- This site is optimized with the Yoast SEO plugin v27.2 - https:\/\/yoast.com\/product\/yoast-seo-wordpress\/ -->\n<title>Tambor de motor de gaiola? Bateria - Rodillos Codimar S.L.<\/title>\n<meta name=\"description\" content=\"O tambor de motor cage \u00e9 indicado para a agricultura, com base em &#039;U&#039; invertido, impedindo que o produto se esmague entre a parede do tubo do tambor.\" \/>\n<meta name=\"robots\" content=\"index, follow, max-snippet:-1, max-image-preview:large, max-video-preview:-1\" \/>\n<link rel=\"canonical\" href=\"https:\/\/www.rodilloscodimar.com\/pt-pt\/produtos\/tambor-motor-gaiola\/\" \/>\n<meta property=\"og:locale\" content=\"pt_PT\" \/>\n<meta property=\"og:type\" content=\"article\" \/>\n<meta property=\"og:title\" content=\"Tambor de motor de gaiola? Bateria - Rodillos Codimar S.L.\" \/>\n<meta property=\"og:description\" content=\"O tambor de motor cage \u00e9 indicado para a agricultura, com base em &#039;U&#039; invertido, impedindo que o produto se esmague entre a parede do tubo do tambor.\" \/>\n<meta property=\"og:url\" content=\"https:\/\/www.rodilloscodimar.com\/pt-pt\/produtos\/tambor-motor-gaiola\/\" \/>\n<meta property=\"og:site_name\" content=\"CODIMAR\" \/>\n<meta property=\"og:image\" content=\"https:\/\/www.rodilloscodimar.com\/wp-content\/uploads\/2018\/10\/TAMBOR-JAULA-con-fondo-naacr.jpg\" \/>\n\t<meta property=\"og:image:width\" content=\"1440\" \/>\n\t<meta property=\"og:image:height\" content=\"1080\" \/>\n\t<meta property=\"og:image:type\" content=\"image\/jpeg\" \/>\n<meta name=\"twitter:card\" content=\"summary_large_image\" \/>\n<meta name=\"twitter:label1\" content=\"Tempo estimado de leitura\" \/>\n\t<meta name=\"twitter:data1\" content=\"1 minuto\" \/>\n<script type=\"application\/ld+json\" class=\"yoast-schema-graph\">{\"@context\":\"https:\/\/schema.org\",\"@graph\":[{\"@type\":\"WebPage\",\"@id\":\"https:\/\/www.rodilloscodimar.com\/pt-pt\/produtos\/tambor-motor-gaiola\/\",\"url\":\"https:\/\/www.rodilloscodimar.com\/pt-pt\/produtos\/tambor-motor-gaiola\/\",\"name\":\"Tambor de motor de gaiola? Bateria - Rodillos Codimar S.L.\",\"isPartOf\":{\"@id\":\"https:\/\/www.rodilloscodimar.com\/pt-pt\/#website\"},\"primaryImageOfPage\":{\"@id\":\"https:\/\/www.rodilloscodimar.com\/pt-pt\/produtos\/tambor-motor-gaiola\/#primaryimage\"},\"image\":{\"@id\":\"https:\/\/www.rodilloscodimar.com\/pt-pt\/produtos\/tambor-motor-gaiola\/#primaryimage\"},\"thumbnailUrl\":\"https:\/\/www.rodilloscodimar.com\/wp-content\/uploads\/2018\/10\/TAMBOR-JAULA-con-fondo-naacr.jpg\",\"datePublished\":\"2020-12-15T17:44:05+00:00\",\"description\":\"O tambor de motor cage \u00e9 indicado para a agricultura, com base em 'U' invertido, impedindo que o produto se esmague entre a parede do tubo do tambor.\",\"breadcrumb\":{\"@id\":\"https:\/\/www.rodilloscodimar.com\/pt-pt\/produtos\/tambor-motor-gaiola\/#breadcrumb\"},\"inLanguage\":\"pt-PT\",\"potentialAction\":[{\"@type\":\"ReadAction\",\"target\":[\"https:\/\/www.rodilloscodimar.com\/pt-pt\/produtos\/tambor-motor-gaiola\/\"]}]},{\"@type\":\"ImageObject\",\"inLanguage\":\"pt-PT\",\"@id\":\"https:\/\/www.rodilloscodimar.com\/pt-pt\/produtos\/tambor-motor-gaiola\/#primaryimage\",\"url\":\"https:\/\/www.rodilloscodimar.com\/wp-content\/uploads\/2018\/10\/TAMBOR-JAULA-con-fondo-naacr.jpg\",\"contentUrl\":\"https:\/\/www.rodilloscodimar.com\/wp-content\/uploads\/2018\/10\/TAMBOR-JAULA-con-fondo-naacr.jpg\",\"width\":1440,\"height\":1080,\"caption\":\"Tambor de motor de gaiola\"},{\"@type\":\"BreadcrumbList\",\"@id\":\"https:\/\/www.rodilloscodimar.com\/pt-pt\/produtos\/tambor-motor-gaiola\/#breadcrumb\",\"itemListElement\":[{\"@type\":\"ListItem\",\"position\":1,\"name\":\"Portada\",\"item\":\"https:\/\/www.rodilloscodimar.com\/pt-pt\/\"},{\"@type\":\"ListItem\",\"position\":2,\"name\":\"Tienda\",\"item\":\"https:\/\/www.rodilloscodimar.com\/tienda\/\"},{\"@type\":\"ListItem\",\"position\":3,\"name\":\"Tambor de motor de gaiola\"}]},{\"@type\":\"WebSite\",\"@id\":\"https:\/\/www.rodilloscodimar.com\/pt-pt\/#website\",\"url\":\"https:\/\/www.rodilloscodimar.com\/pt-pt\/\",\"name\":\"CODIMAR\",\"description\":\"Frabricante de Componentes , Rodillos, Estaciones y M\u00e1quinas.\",\"publisher\":{\"@id\":\"https:\/\/www.rodilloscodimar.com\/pt-pt\/#organization\"},\"potentialAction\":[{\"@type\":\"SearchAction\",\"target\":{\"@type\":\"EntryPoint\",\"urlTemplate\":\"https:\/\/www.rodilloscodimar.com\/pt-pt\/?s={search_term_string}\"},\"query-input\":{\"@type\":\"PropertyValueSpecification\",\"valueRequired\":true,\"valueName\":\"search_term_string\"}}],\"inLanguage\":\"pt-PT\"},{\"@type\":\"Organization\",\"@id\":\"https:\/\/www.rodilloscodimar.com\/pt-pt\/#organization\",\"name\":\"Rodillos Codimar\",\"url\":\"https:\/\/www.rodilloscodimar.com\/pt-pt\/\",\"logo\":{\"@type\":\"ImageObject\",\"inLanguage\":\"pt-PT\",\"@id\":\"https:\/\/www.rodilloscodimar.com\/pt-pt\/#\/schema\/logo\/image\/\",\"url\":\"https:\/\/www.rodilloscodimar.com\/wp-content\/uploads\/2020\/01\/logo-email.jpg\",\"contentUrl\":\"https:\/\/www.rodilloscodimar.com\/wp-content\/uploads\/2020\/01\/logo-email.jpg\",\"width\":300,\"height\":299,\"caption\":\"Rodillos Codimar\"},\"image\":{\"@id\":\"https:\/\/www.rodilloscodimar.com\/pt-pt\/#\/schema\/logo\/image\/\"}}]}<\/script>\n<!-- \/ Yoast SEO plugin. -->","yoast_head_json":{"title":"Tambor de motor de gaiola? Bateria - Rodillos Codimar S.L.","description":"O tambor de motor cage \u00e9 indicado para a agricultura, com base em 'U' invertido, impedindo que o produto se esmague entre a parede do tubo do tambor.","robots":{"index":"index","follow":"follow","max-snippet":"max-snippet:-1","max-image-preview":"max-image-preview:large","max-video-preview":"max-video-preview:-1"},"canonical":"https:\/\/www.rodilloscodimar.com\/pt-pt\/produtos\/tambor-motor-gaiola\/","og_locale":"pt_PT","og_type":"article","og_title":"Tambor de motor de gaiola? Bateria - Rodillos Codimar S.L.","og_description":"O tambor de motor cage \u00e9 indicado para a agricultura, com base em 'U' invertido, impedindo que o produto se esmague entre a parede do tubo do tambor.","og_url":"https:\/\/www.rodilloscodimar.com\/pt-pt\/produtos\/tambor-motor-gaiola\/","og_site_name":"CODIMAR","og_image":[{"width":1440,"height":1080,"url":"https:\/\/www.rodilloscodimar.com\/wp-content\/uploads\/2018\/10\/TAMBOR-JAULA-con-fondo-naacr.jpg","type":"image\/jpeg"}],"twitter_card":"summary_large_image","twitter_misc":{"Tempo estimado de leitura":"1 minuto"},"schema":{"@context":"https:\/\/schema.org","@graph":[{"@type":"WebPage","@id":"https:\/\/www.rodilloscodimar.com\/pt-pt\/produtos\/tambor-motor-gaiola\/","url":"https:\/\/www.rodilloscodimar.com\/pt-pt\/produtos\/tambor-motor-gaiola\/","name":"Tambor de motor de gaiola? Bateria - Rodillos Codimar S.L.","isPartOf":{"@id":"https:\/\/www.rodilloscodimar.com\/pt-pt\/#website"},"primaryImageOfPage":{"@id":"https:\/\/www.rodilloscodimar.com\/pt-pt\/produtos\/tambor-motor-gaiola\/#primaryimage"},"image":{"@id":"https:\/\/www.rodilloscodimar.com\/pt-pt\/produtos\/tambor-motor-gaiola\/#primaryimage"},"thumbnailUrl":"https:\/\/www.rodilloscodimar.com\/wp-content\/uploads\/2018\/10\/TAMBOR-JAULA-con-fondo-naacr.jpg","datePublished":"2020-12-15T17:44:05+00:00","description":"O tambor de motor cage \u00e9 indicado para a agricultura, com base em 'U' invertido, impedindo que o produto se esmague entre a parede do tubo do tambor.","breadcrumb":{"@id":"https:\/\/www.rodilloscodimar.com\/pt-pt\/produtos\/tambor-motor-gaiola\/#breadcrumb"},"inLanguage":"pt-PT","potentialAction":[{"@type":"ReadAction","target":["https:\/\/www.rodilloscodimar.com\/pt-pt\/produtos\/tambor-motor-gaiola\/"]}]},{"@type":"ImageObject","inLanguage":"pt-PT","@id":"https:\/\/www.rodilloscodimar.com\/pt-pt\/produtos\/tambor-motor-gaiola\/#primaryimage","url":"https:\/\/www.rodilloscodimar.com\/wp-content\/uploads\/2018\/10\/TAMBOR-JAULA-con-fondo-naacr.jpg","contentUrl":"https:\/\/www.rodilloscodimar.com\/wp-content\/uploads\/2018\/10\/TAMBOR-JAULA-con-fondo-naacr.jpg","width":1440,"height":1080,"caption":"Tambor de motor de gaiola"},{"@type":"BreadcrumbList","@id":"https:\/\/www.rodilloscodimar.com\/pt-pt\/produtos\/tambor-motor-gaiola\/#breadcrumb","itemListElement":[{"@type":"ListItem","position":1,"name":"Portada","item":"https:\/\/www.rodilloscodimar.com\/pt-pt\/"},{"@type":"ListItem","position":2,"name":"Tienda","item":"https:\/\/www.rodilloscodimar.com\/tienda\/"},{"@type":"ListItem","position":3,"name":"Tambor de motor de gaiola"}]},{"@type":"WebSite","@id":"https:\/\/www.rodilloscodimar.com\/pt-pt\/#website","url":"https:\/\/www.rodilloscodimar.com\/pt-pt\/","name":"CODIMAR","description":"Frabricante de Componentes , Rodillos, Estaciones y M\u00e1quinas.","publisher":{"@id":"https:\/\/www.rodilloscodimar.com\/pt-pt\/#organization"},"potentialAction":[{"@type":"SearchAction","target":{"@type":"EntryPoint","urlTemplate":"https:\/\/www.rodilloscodimar.com\/pt-pt\/?s={search_term_string}"},"query-input":{"@type":"PropertyValueSpecification","valueRequired":true,"valueName":"search_term_string"}}],"inLanguage":"pt-PT"},{"@type":"Organization","@id":"https:\/\/www.rodilloscodimar.com\/pt-pt\/#organization","name":"Rodillos Codimar","url":"https:\/\/www.rodilloscodimar.com\/pt-pt\/","logo":{"@type":"ImageObject","inLanguage":"pt-PT","@id":"https:\/\/www.rodilloscodimar.com\/pt-pt\/#\/schema\/logo\/image\/","url":"https:\/\/www.rodilloscodimar.com\/wp-content\/uploads\/2020\/01\/logo-email.jpg","contentUrl":"https:\/\/www.rodilloscodimar.com\/wp-content\/uploads\/2020\/01\/logo-email.jpg","width":300,"height":299,"caption":"Rodillos Codimar"},"image":{"@id":"https:\/\/www.rodilloscodimar.com\/pt-pt\/#\/schema\/logo\/image\/"}}]}},"_links":{"self":[{"href":"https:\/\/www.rodilloscodimar.com\/pt-pt\/wp-json\/wp\/v2\/product\/5568","targetHints":{"allow":["GET"]}}],"collection":[{"href":"https:\/\/www.rodilloscodimar.com\/pt-pt\/wp-json\/wp\/v2\/product"}],"about":[{"href":"https:\/\/www.rodilloscodimar.com\/pt-pt\/wp-json\/wp\/v2\/types\/product"}],"wp:featuredmedia":[{"embeddable":true,"href":"https:\/\/www.rodilloscodimar.com\/pt-pt\/wp-json\/wp\/v2\/media\/5569"}],"wp:attachment":[{"href":"https:\/\/www.rodilloscodimar.com\/pt-pt\/wp-json\/wp\/v2\/media?parent=5568"}],"wp:term":[{"taxonomy":"product_brand","embeddable":true,"href":"https:\/\/www.rodilloscodimar.com\/pt-pt\/wp-json\/wp\/v2\/product_brand?post=5568"},{"taxonomy":"product_cat","embeddable":true,"href":"https:\/\/www.rodilloscodimar.com\/pt-pt\/wp-json\/wp\/v2\/product_cat?post=5568"},{"taxonomy":"product_tag","embeddable":true,"href":"https:\/\/www.rodilloscodimar.com\/pt-pt\/wp-json\/wp\/v2\/product_tag?post=5568"}],"curies":[{"name":"wp","href":"https:\/\/api.w.org\/{rel}","templated":true}]}}