{"id":5560,"date":"2018-10-09T18:10:15","date_gmt":"2020-12-15T17:43:56","guid":{"rendered":"https:\/\/www.rodilloscodimar.com\/producto\/tambor-motor-de-engomado\/"},"modified":"2020-12-15T18:43:56","modified_gmt":"2020-12-15T17:43:56","slug":"bateria-motor-adesivo","status":"publish","type":"product","link":"https:\/\/www.rodilloscodimar.com\/pt-pt\/produtos\/bateria-motor-adesivo\/","title":{"rendered":"Tambor motor de Engomado"},"content":{"rendered":"\n<ul>\n<li>Tambores motorizados quentes ou tens\u00e3o por autoclave com diferentes<br \/>\n  revestimentos a pedido; borracha alimentar, borracha natural, poliuretano, etc&#8230;<\/li>\n<li>Amplas possibilidades em di\u00e2metros de fabrico, tanto em tubo como em veio.<br \/>\n  Eixos \u00e0 base de eixos redondos laminados ST52 ou redondos calibrados em a\u00e7os F-111, F-114 ou especiais<br \/>\n  A procura.<\/li>\n<li>Tubos sem emenda ou barras perfuradas ST52 de diferentes di\u00e2metros e espessuras, conforme necess\u00e1rio.<br \/>\n  Discos laterais e internos \u00e0 base de chapa de diferentes espessuras, dependendo das cargas e comprimentos dos tubos,<br \/>\n  eletr\u00e1dula para o eixo.<\/li>\n<li>Acabamento lateral em a\u00e7o natural, galvanizado ou a pedido pintado com o RAL desejado e externamente;<br \/>\n  vulcanizado por autoclave.<\/li>\n<\/ul>\n","protected":false},"excerpt":{"rendered":"<p>Bateria, motor ou cinto de retorno. Possibilidades de tubos a partir de di\u00e2metros D160mm. at\u00e9 D600mm. e eixos calibrados at\u00e9 D250mm. vulcanizado quente por autoclave com diferentes materiais a pedido; borracha alimentar, borracha natural, poliuretano, etc&#8230;<\/p>\n","protected":false},"featured_media":5561,"template":"","meta":{"_joinchat":[]},"product_brand":[],"product_cat":[223],"product_tag":[],"class_list":{"0":"post-5560","1":"product","2":"type-product","3":"status-publish","4":"has-post-thumbnail","6":"product_cat-tambores-pt-pt","8":"first","9":"instock","10":"shipping-taxable","11":"product-type-simple"},"yoast_head":"<!-- This site is optimized with the Yoast SEO plugin v27.2 - https:\/\/yoast.com\/product\/yoast-seo-wordpress\/ -->\n<title>Engomado Motor Drum? Bateria - Rodillos Codimar S.L.<\/title>\n<meta name=\"description\" content=\"Tambor de autocolante vulcanizado quente utilizando diferentes revestimentos a pedido; borracha alimentar, borracha natural, poliuretano, etc...\" \/>\n<meta name=\"robots\" content=\"index, follow, max-snippet:-1, max-image-preview:large, max-video-preview:-1\" \/>\n<link rel=\"canonical\" href=\"https:\/\/www.rodilloscodimar.com\/pt-pt\/produtos\/bateria-motor-adesivo\/\" \/>\n<meta property=\"og:locale\" content=\"pt_PT\" \/>\n<meta property=\"og:type\" content=\"article\" \/>\n<meta property=\"og:title\" content=\"Engomado Motor Drum? Bateria - Rodillos Codimar S.L.\" \/>\n<meta property=\"og:description\" content=\"Tambor de autocolante vulcanizado quente utilizando diferentes revestimentos a pedido; borracha alimentar, borracha natural, poliuretano, etc...\" \/>\n<meta property=\"og:url\" content=\"https:\/\/www.rodilloscodimar.com\/pt-pt\/produtos\/bateria-motor-adesivo\/\" \/>\n<meta property=\"og:site_name\" content=\"CODIMAR\" \/>\n<meta property=\"og:image\" content=\"https:\/\/www.rodilloscodimar.com\/wp-content\/uploads\/2018\/10\/tambor-motriz-engomado.jpg\" \/>\n\t<meta property=\"og:image:width\" content=\"1440\" \/>\n\t<meta property=\"og:image:height\" content=\"1080\" \/>\n\t<meta property=\"og:image:type\" content=\"image\/jpeg\" \/>\n<meta name=\"twitter:card\" content=\"summary_large_image\" \/>\n<meta name=\"twitter:label1\" content=\"Tempo estimado de leitura\" \/>\n\t<meta name=\"twitter:data1\" content=\"1 minuto\" \/>\n<script type=\"application\/ld+json\" class=\"yoast-schema-graph\">{\"@context\":\"https:\/\/schema.org\",\"@graph\":[{\"@type\":\"WebPage\",\"@id\":\"https:\/\/www.rodilloscodimar.com\/pt-pt\/produtos\/bateria-motor-adesivo\/\",\"url\":\"https:\/\/www.rodilloscodimar.com\/pt-pt\/produtos\/bateria-motor-adesivo\/\",\"name\":\"Engomado Motor Drum? Bateria - Rodillos Codimar S.L.\",\"isPartOf\":{\"@id\":\"https:\/\/www.rodilloscodimar.com\/pt-pt\/#website\"},\"primaryImageOfPage\":{\"@id\":\"https:\/\/www.rodilloscodimar.com\/pt-pt\/produtos\/bateria-motor-adesivo\/#primaryimage\"},\"image\":{\"@id\":\"https:\/\/www.rodilloscodimar.com\/pt-pt\/produtos\/bateria-motor-adesivo\/#primaryimage\"},\"thumbnailUrl\":\"https:\/\/www.rodilloscodimar.com\/wp-content\/uploads\/2018\/10\/tambor-motriz-engomado.jpg\",\"datePublished\":\"2020-12-15T17:43:56+00:00\",\"description\":\"Tambor de autocolante vulcanizado quente utilizando diferentes revestimentos a pedido; borracha alimentar, borracha natural, poliuretano, etc...\",\"breadcrumb\":{\"@id\":\"https:\/\/www.rodilloscodimar.com\/pt-pt\/produtos\/bateria-motor-adesivo\/#breadcrumb\"},\"inLanguage\":\"pt-PT\",\"potentialAction\":[{\"@type\":\"ReadAction\",\"target\":[\"https:\/\/www.rodilloscodimar.com\/pt-pt\/produtos\/bateria-motor-adesivo\/\"]}]},{\"@type\":\"ImageObject\",\"inLanguage\":\"pt-PT\",\"@id\":\"https:\/\/www.rodilloscodimar.com\/pt-pt\/produtos\/bateria-motor-adesivo\/#primaryimage\",\"url\":\"https:\/\/www.rodilloscodimar.com\/wp-content\/uploads\/2018\/10\/tambor-motriz-engomado.jpg\",\"contentUrl\":\"https:\/\/www.rodilloscodimar.com\/wp-content\/uploads\/2018\/10\/tambor-motriz-engomado.jpg\",\"width\":1440,\"height\":1080,\"caption\":\"Tambor motor de Engomado\"},{\"@type\":\"BreadcrumbList\",\"@id\":\"https:\/\/www.rodilloscodimar.com\/pt-pt\/produtos\/bateria-motor-adesivo\/#breadcrumb\",\"itemListElement\":[{\"@type\":\"ListItem\",\"position\":1,\"name\":\"Portada\",\"item\":\"https:\/\/www.rodilloscodimar.com\/pt-pt\/\"},{\"@type\":\"ListItem\",\"position\":2,\"name\":\"Tienda\",\"item\":\"https:\/\/www.rodilloscodimar.com\/tienda\/\"},{\"@type\":\"ListItem\",\"position\":3,\"name\":\"Tambor motor de Engomado\"}]},{\"@type\":\"WebSite\",\"@id\":\"https:\/\/www.rodilloscodimar.com\/pt-pt\/#website\",\"url\":\"https:\/\/www.rodilloscodimar.com\/pt-pt\/\",\"name\":\"CODIMAR\",\"description\":\"Frabricante de Componentes , Rodillos, Estaciones y M\u00e1quinas.\",\"publisher\":{\"@id\":\"https:\/\/www.rodilloscodimar.com\/pt-pt\/#organization\"},\"potentialAction\":[{\"@type\":\"SearchAction\",\"target\":{\"@type\":\"EntryPoint\",\"urlTemplate\":\"https:\/\/www.rodilloscodimar.com\/pt-pt\/?s={search_term_string}\"},\"query-input\":{\"@type\":\"PropertyValueSpecification\",\"valueRequired\":true,\"valueName\":\"search_term_string\"}}],\"inLanguage\":\"pt-PT\"},{\"@type\":\"Organization\",\"@id\":\"https:\/\/www.rodilloscodimar.com\/pt-pt\/#organization\",\"name\":\"Rodillos Codimar\",\"url\":\"https:\/\/www.rodilloscodimar.com\/pt-pt\/\",\"logo\":{\"@type\":\"ImageObject\",\"inLanguage\":\"pt-PT\",\"@id\":\"https:\/\/www.rodilloscodimar.com\/pt-pt\/#\/schema\/logo\/image\/\",\"url\":\"https:\/\/www.rodilloscodimar.com\/wp-content\/uploads\/2020\/01\/logo-email.jpg\",\"contentUrl\":\"https:\/\/www.rodilloscodimar.com\/wp-content\/uploads\/2020\/01\/logo-email.jpg\",\"width\":300,\"height\":299,\"caption\":\"Rodillos Codimar\"},\"image\":{\"@id\":\"https:\/\/www.rodilloscodimar.com\/pt-pt\/#\/schema\/logo\/image\/\"}}]}<\/script>\n<!-- \/ Yoast SEO plugin. -->","yoast_head_json":{"title":"Engomado Motor Drum? Bateria - Rodillos Codimar S.L.","description":"Tambor de autocolante vulcanizado quente utilizando diferentes revestimentos a pedido; borracha alimentar, borracha natural, poliuretano, etc...","robots":{"index":"index","follow":"follow","max-snippet":"max-snippet:-1","max-image-preview":"max-image-preview:large","max-video-preview":"max-video-preview:-1"},"canonical":"https:\/\/www.rodilloscodimar.com\/pt-pt\/produtos\/bateria-motor-adesivo\/","og_locale":"pt_PT","og_type":"article","og_title":"Engomado Motor Drum? Bateria - Rodillos Codimar S.L.","og_description":"Tambor de autocolante vulcanizado quente utilizando diferentes revestimentos a pedido; borracha alimentar, borracha natural, poliuretano, etc...","og_url":"https:\/\/www.rodilloscodimar.com\/pt-pt\/produtos\/bateria-motor-adesivo\/","og_site_name":"CODIMAR","og_image":[{"width":1440,"height":1080,"url":"https:\/\/www.rodilloscodimar.com\/wp-content\/uploads\/2018\/10\/tambor-motriz-engomado.jpg","type":"image\/jpeg"}],"twitter_card":"summary_large_image","twitter_misc":{"Tempo estimado de leitura":"1 minuto"},"schema":{"@context":"https:\/\/schema.org","@graph":[{"@type":"WebPage","@id":"https:\/\/www.rodilloscodimar.com\/pt-pt\/produtos\/bateria-motor-adesivo\/","url":"https:\/\/www.rodilloscodimar.com\/pt-pt\/produtos\/bateria-motor-adesivo\/","name":"Engomado Motor Drum? Bateria - Rodillos Codimar S.L.","isPartOf":{"@id":"https:\/\/www.rodilloscodimar.com\/pt-pt\/#website"},"primaryImageOfPage":{"@id":"https:\/\/www.rodilloscodimar.com\/pt-pt\/produtos\/bateria-motor-adesivo\/#primaryimage"},"image":{"@id":"https:\/\/www.rodilloscodimar.com\/pt-pt\/produtos\/bateria-motor-adesivo\/#primaryimage"},"thumbnailUrl":"https:\/\/www.rodilloscodimar.com\/wp-content\/uploads\/2018\/10\/tambor-motriz-engomado.jpg","datePublished":"2020-12-15T17:43:56+00:00","description":"Tambor de autocolante vulcanizado quente utilizando diferentes revestimentos a pedido; borracha alimentar, borracha natural, poliuretano, etc...","breadcrumb":{"@id":"https:\/\/www.rodilloscodimar.com\/pt-pt\/produtos\/bateria-motor-adesivo\/#breadcrumb"},"inLanguage":"pt-PT","potentialAction":[{"@type":"ReadAction","target":["https:\/\/www.rodilloscodimar.com\/pt-pt\/produtos\/bateria-motor-adesivo\/"]}]},{"@type":"ImageObject","inLanguage":"pt-PT","@id":"https:\/\/www.rodilloscodimar.com\/pt-pt\/produtos\/bateria-motor-adesivo\/#primaryimage","url":"https:\/\/www.rodilloscodimar.com\/wp-content\/uploads\/2018\/10\/tambor-motriz-engomado.jpg","contentUrl":"https:\/\/www.rodilloscodimar.com\/wp-content\/uploads\/2018\/10\/tambor-motriz-engomado.jpg","width":1440,"height":1080,"caption":"Tambor motor de Engomado"},{"@type":"BreadcrumbList","@id":"https:\/\/www.rodilloscodimar.com\/pt-pt\/produtos\/bateria-motor-adesivo\/#breadcrumb","itemListElement":[{"@type":"ListItem","position":1,"name":"Portada","item":"https:\/\/www.rodilloscodimar.com\/pt-pt\/"},{"@type":"ListItem","position":2,"name":"Tienda","item":"https:\/\/www.rodilloscodimar.com\/tienda\/"},{"@type":"ListItem","position":3,"name":"Tambor motor de Engomado"}]},{"@type":"WebSite","@id":"https:\/\/www.rodilloscodimar.com\/pt-pt\/#website","url":"https:\/\/www.rodilloscodimar.com\/pt-pt\/","name":"CODIMAR","description":"Frabricante de Componentes , Rodillos, Estaciones y M\u00e1quinas.","publisher":{"@id":"https:\/\/www.rodilloscodimar.com\/pt-pt\/#organization"},"potentialAction":[{"@type":"SearchAction","target":{"@type":"EntryPoint","urlTemplate":"https:\/\/www.rodilloscodimar.com\/pt-pt\/?s={search_term_string}"},"query-input":{"@type":"PropertyValueSpecification","valueRequired":true,"valueName":"search_term_string"}}],"inLanguage":"pt-PT"},{"@type":"Organization","@id":"https:\/\/www.rodilloscodimar.com\/pt-pt\/#organization","name":"Rodillos Codimar","url":"https:\/\/www.rodilloscodimar.com\/pt-pt\/","logo":{"@type":"ImageObject","inLanguage":"pt-PT","@id":"https:\/\/www.rodilloscodimar.com\/pt-pt\/#\/schema\/logo\/image\/","url":"https:\/\/www.rodilloscodimar.com\/wp-content\/uploads\/2020\/01\/logo-email.jpg","contentUrl":"https:\/\/www.rodilloscodimar.com\/wp-content\/uploads\/2020\/01\/logo-email.jpg","width":300,"height":299,"caption":"Rodillos Codimar"},"image":{"@id":"https:\/\/www.rodilloscodimar.com\/pt-pt\/#\/schema\/logo\/image\/"}}]}},"_links":{"self":[{"href":"https:\/\/www.rodilloscodimar.com\/pt-pt\/wp-json\/wp\/v2\/product\/5560","targetHints":{"allow":["GET"]}}],"collection":[{"href":"https:\/\/www.rodilloscodimar.com\/pt-pt\/wp-json\/wp\/v2\/product"}],"about":[{"href":"https:\/\/www.rodilloscodimar.com\/pt-pt\/wp-json\/wp\/v2\/types\/product"}],"wp:featuredmedia":[{"embeddable":true,"href":"https:\/\/www.rodilloscodimar.com\/pt-pt\/wp-json\/wp\/v2\/media\/5561"}],"wp:attachment":[{"href":"https:\/\/www.rodilloscodimar.com\/pt-pt\/wp-json\/wp\/v2\/media?parent=5560"}],"wp:term":[{"taxonomy":"product_brand","embeddable":true,"href":"https:\/\/www.rodilloscodimar.com\/pt-pt\/wp-json\/wp\/v2\/product_brand?post=5560"},{"taxonomy":"product_cat","embeddable":true,"href":"https:\/\/www.rodilloscodimar.com\/pt-pt\/wp-json\/wp\/v2\/product_cat?post=5560"},{"taxonomy":"product_tag","embeddable":true,"href":"https:\/\/www.rodilloscodimar.com\/pt-pt\/wp-json\/wp\/v2\/product_tag?post=5560"}],"curies":[{"name":"wp","href":"https:\/\/api.w.org\/{rel}","templated":true}]}}