{"id":5503,"date":"2018-10-09T16:43:26","date_gmt":"2020-12-15T17:40:15","guid":{"rendered":"https:\/\/www.rodilloscodimar.com\/producto\/rolo-cp-1358m-m44-lh\/"},"modified":"2020-12-15T18:40:15","modified_gmt":"2020-12-15T17:40:15","slug":"roller-cp-1358m-m44-lh","status":"publish","type":"product","link":"https:\/\/www.rodilloscodimar.com\/pt-pt\/produtos\/roller-cp-1358m-m44-lh\/","title":{"rendered":"Rolo CP-1358M\/M44-LH"},"content":{"rendered":"<ul>\n<li>Tubos met\u00e1licos 80&#215;3, 89&#215;3 e 108&#215;3.6 em a\u00e7o natural, galvanizado ou AISI 304 em a\u00e7o inoxid\u00e1vel.<\/li>\n<li>Transmiss\u00e3o via 5\/8&#8243;, 3\/4&#8243; e 1&#8243; de rodas dentada em corrente.<\/li>\n<li>Eixos met\u00e1licos 17, 20 e 25 em a\u00e7o inoxid\u00e1vel F212 ou AISI 303.<\/li>\n<li>Roda dentada de metal simples ou duplo Z13 5\/8 em a\u00e7o natural, galvanizado ou a\u00e7o inoxid\u00e1vel AISI 303.<\/li>\n<li>Cabe\u00e7a met\u00e1lica banhada a zinco com rolamento de precis\u00e3o s\u00e9rie 6000 2RS embutida, ou pote de metal soldado com rolamentos de precis\u00e3o s\u00e9rie 6000 2RS mais fecho de labirinto.<\/li>\n<li>Capacidade m\u00e1xima de carga 180 Kg\/rolo.<\/li>\n<\/ul>\n","protected":false},"excerpt":{"rendered":"<p>Rolos de acionamento para o transporte de cargas pesadas, com cabe\u00e7as met\u00e1licas incorporadas ou panelas met\u00e1licas electrol\u00e1ssias e rolamentos de precis\u00e3o.  <\/p>\n","protected":false},"featured_media":5504,"template":"","meta":{"_joinchat":[]},"product_brand":[],"product_cat":[145],"product_tag":[],"class_list":{"0":"post-5503","1":"product","2":"type-product","3":"status-publish","4":"has-post-thumbnail","6":"product_cat-manutencao-de-series-pesadas-acionados","8":"first","9":"instock","10":"shipping-taxable","11":"product-type-simple"},"yoast_head":"<!-- This site is optimized with the Yoast SEO plugin v27.2 - https:\/\/yoast.com\/product\/yoast-seo-wordpress\/ -->\n<title>Rolo CP-1358M\/M44-LH Manuten\u00e7\u00e3o Pesada - Rodillos Codimar S.L.<\/title>\n<meta name=\"description\" content=\"Rolo CP-1358M\/M44-LH para o transporte de cargas pesadas, com cabe\u00e7as met\u00e1licas embutidas ou vasos met\u00e1licos electrol\u00e1dicos.\" \/>\n<meta name=\"robots\" content=\"index, follow, max-snippet:-1, max-image-preview:large, max-video-preview:-1\" \/>\n<link rel=\"canonical\" href=\"https:\/\/www.rodilloscodimar.com\/pt-pt\/produtos\/roller-cp-1358m-m44-lh\/\" \/>\n<meta property=\"og:locale\" content=\"pt_PT\" \/>\n<meta property=\"og:type\" content=\"article\" \/>\n<meta property=\"og:title\" content=\"Rolo CP-1358M\/M44-LH Manuten\u00e7\u00e3o Pesada - Rodillos Codimar S.L.\" \/>\n<meta property=\"og:description\" content=\"Rolo CP-1358M\/M44-LH para o transporte de cargas pesadas, com cabe\u00e7as met\u00e1licas embutidas ou vasos met\u00e1licos electrol\u00e1dicos.\" \/>\n<meta property=\"og:url\" content=\"https:\/\/www.rodilloscodimar.com\/pt-pt\/produtos\/roller-cp-1358m-m44-lh\/\" \/>\n<meta property=\"og:site_name\" content=\"CODIMAR\" \/>\n<meta property=\"og:image\" content=\"https:\/\/www.rodilloscodimar.com\/wp-content\/uploads\/2018\/10\/rodillo-Z1358D-8930-42.jpg\" \/>\n\t<meta property=\"og:image:width\" content=\"1440\" \/>\n\t<meta property=\"og:image:height\" content=\"1080\" \/>\n\t<meta property=\"og:image:type\" content=\"image\/jpeg\" \/>\n<meta name=\"twitter:card\" content=\"summary_large_image\" \/>\n<script type=\"application\/ld+json\" class=\"yoast-schema-graph\">{\"@context\":\"https:\/\/schema.org\",\"@graph\":[{\"@type\":\"WebPage\",\"@id\":\"https:\/\/www.rodilloscodimar.com\/pt-pt\/produtos\/roller-cp-1358m-m44-lh\/\",\"url\":\"https:\/\/www.rodilloscodimar.com\/pt-pt\/produtos\/roller-cp-1358m-m44-lh\/\",\"name\":\"Rolo CP-1358M\/M44-LH Manuten\u00e7\u00e3o Pesada - Rodillos Codimar S.L.\",\"isPartOf\":{\"@id\":\"https:\/\/www.rodilloscodimar.com\/pt-pt\/#website\"},\"primaryImageOfPage\":{\"@id\":\"https:\/\/www.rodilloscodimar.com\/pt-pt\/produtos\/roller-cp-1358m-m44-lh\/#primaryimage\"},\"image\":{\"@id\":\"https:\/\/www.rodilloscodimar.com\/pt-pt\/produtos\/roller-cp-1358m-m44-lh\/#primaryimage\"},\"thumbnailUrl\":\"https:\/\/www.rodilloscodimar.com\/wp-content\/uploads\/2018\/10\/rodillo-Z1358D-8930-42.jpg\",\"datePublished\":\"2020-12-15T17:40:15+00:00\",\"description\":\"Rolo CP-1358M\/M44-LH para o transporte de cargas pesadas, com cabe\u00e7as met\u00e1licas embutidas ou vasos met\u00e1licos electrol\u00e1dicos.\",\"breadcrumb\":{\"@id\":\"https:\/\/www.rodilloscodimar.com\/pt-pt\/produtos\/roller-cp-1358m-m44-lh\/#breadcrumb\"},\"inLanguage\":\"pt-PT\",\"potentialAction\":[{\"@type\":\"ReadAction\",\"target\":[\"https:\/\/www.rodilloscodimar.com\/pt-pt\/produtos\/roller-cp-1358m-m44-lh\/\"]}]},{\"@type\":\"ImageObject\",\"inLanguage\":\"pt-PT\",\"@id\":\"https:\/\/www.rodilloscodimar.com\/pt-pt\/produtos\/roller-cp-1358m-m44-lh\/#primaryimage\",\"url\":\"https:\/\/www.rodilloscodimar.com\/wp-content\/uploads\/2018\/10\/rodillo-Z1358D-8930-42.jpg\",\"contentUrl\":\"https:\/\/www.rodilloscodimar.com\/wp-content\/uploads\/2018\/10\/rodillo-Z1358D-8930-42.jpg\",\"width\":1440,\"height\":1080},{\"@type\":\"BreadcrumbList\",\"@id\":\"https:\/\/www.rodilloscodimar.com\/pt-pt\/produtos\/roller-cp-1358m-m44-lh\/#breadcrumb\",\"itemListElement\":[{\"@type\":\"ListItem\",\"position\":1,\"name\":\"Portada\",\"item\":\"https:\/\/www.rodilloscodimar.com\/pt-pt\/\"},{\"@type\":\"ListItem\",\"position\":2,\"name\":\"Tienda\",\"item\":\"https:\/\/www.rodilloscodimar.com\/tienda\/\"},{\"@type\":\"ListItem\",\"position\":3,\"name\":\"Rolo CP-1358M\/M44-LH\"}]},{\"@type\":\"WebSite\",\"@id\":\"https:\/\/www.rodilloscodimar.com\/pt-pt\/#website\",\"url\":\"https:\/\/www.rodilloscodimar.com\/pt-pt\/\",\"name\":\"CODIMAR\",\"description\":\"Frabricante de Componentes , Rodillos, Estaciones y M\u00e1quinas.\",\"publisher\":{\"@id\":\"https:\/\/www.rodilloscodimar.com\/pt-pt\/#organization\"},\"potentialAction\":[{\"@type\":\"SearchAction\",\"target\":{\"@type\":\"EntryPoint\",\"urlTemplate\":\"https:\/\/www.rodilloscodimar.com\/pt-pt\/?s={search_term_string}\"},\"query-input\":{\"@type\":\"PropertyValueSpecification\",\"valueRequired\":true,\"valueName\":\"search_term_string\"}}],\"inLanguage\":\"pt-PT\"},{\"@type\":\"Organization\",\"@id\":\"https:\/\/www.rodilloscodimar.com\/pt-pt\/#organization\",\"name\":\"Rodillos Codimar\",\"url\":\"https:\/\/www.rodilloscodimar.com\/pt-pt\/\",\"logo\":{\"@type\":\"ImageObject\",\"inLanguage\":\"pt-PT\",\"@id\":\"https:\/\/www.rodilloscodimar.com\/pt-pt\/#\/schema\/logo\/image\/\",\"url\":\"https:\/\/www.rodilloscodimar.com\/wp-content\/uploads\/2020\/01\/logo-email.jpg\",\"contentUrl\":\"https:\/\/www.rodilloscodimar.com\/wp-content\/uploads\/2020\/01\/logo-email.jpg\",\"width\":300,\"height\":299,\"caption\":\"Rodillos Codimar\"},\"image\":{\"@id\":\"https:\/\/www.rodilloscodimar.com\/pt-pt\/#\/schema\/logo\/image\/\"}}]}<\/script>\n<!-- \/ Yoast SEO plugin. -->","yoast_head_json":{"title":"Rolo CP-1358M\/M44-LH Manuten\u00e7\u00e3o Pesada - Rodillos Codimar S.L.","description":"Rolo CP-1358M\/M44-LH para o transporte de cargas pesadas, com cabe\u00e7as met\u00e1licas embutidas ou vasos met\u00e1licos electrol\u00e1dicos.","robots":{"index":"index","follow":"follow","max-snippet":"max-snippet:-1","max-image-preview":"max-image-preview:large","max-video-preview":"max-video-preview:-1"},"canonical":"https:\/\/www.rodilloscodimar.com\/pt-pt\/produtos\/roller-cp-1358m-m44-lh\/","og_locale":"pt_PT","og_type":"article","og_title":"Rolo CP-1358M\/M44-LH Manuten\u00e7\u00e3o Pesada - Rodillos Codimar S.L.","og_description":"Rolo CP-1358M\/M44-LH para o transporte de cargas pesadas, com cabe\u00e7as met\u00e1licas embutidas ou vasos met\u00e1licos electrol\u00e1dicos.","og_url":"https:\/\/www.rodilloscodimar.com\/pt-pt\/produtos\/roller-cp-1358m-m44-lh\/","og_site_name":"CODIMAR","og_image":[{"width":1440,"height":1080,"url":"https:\/\/www.rodilloscodimar.com\/wp-content\/uploads\/2018\/10\/rodillo-Z1358D-8930-42.jpg","type":"image\/jpeg"}],"twitter_card":"summary_large_image","schema":{"@context":"https:\/\/schema.org","@graph":[{"@type":"WebPage","@id":"https:\/\/www.rodilloscodimar.com\/pt-pt\/produtos\/roller-cp-1358m-m44-lh\/","url":"https:\/\/www.rodilloscodimar.com\/pt-pt\/produtos\/roller-cp-1358m-m44-lh\/","name":"Rolo CP-1358M\/M44-LH Manuten\u00e7\u00e3o Pesada - Rodillos Codimar S.L.","isPartOf":{"@id":"https:\/\/www.rodilloscodimar.com\/pt-pt\/#website"},"primaryImageOfPage":{"@id":"https:\/\/www.rodilloscodimar.com\/pt-pt\/produtos\/roller-cp-1358m-m44-lh\/#primaryimage"},"image":{"@id":"https:\/\/www.rodilloscodimar.com\/pt-pt\/produtos\/roller-cp-1358m-m44-lh\/#primaryimage"},"thumbnailUrl":"https:\/\/www.rodilloscodimar.com\/wp-content\/uploads\/2018\/10\/rodillo-Z1358D-8930-42.jpg","datePublished":"2020-12-15T17:40:15+00:00","description":"Rolo CP-1358M\/M44-LH para o transporte de cargas pesadas, com cabe\u00e7as met\u00e1licas embutidas ou vasos met\u00e1licos electrol\u00e1dicos.","breadcrumb":{"@id":"https:\/\/www.rodilloscodimar.com\/pt-pt\/produtos\/roller-cp-1358m-m44-lh\/#breadcrumb"},"inLanguage":"pt-PT","potentialAction":[{"@type":"ReadAction","target":["https:\/\/www.rodilloscodimar.com\/pt-pt\/produtos\/roller-cp-1358m-m44-lh\/"]}]},{"@type":"ImageObject","inLanguage":"pt-PT","@id":"https:\/\/www.rodilloscodimar.com\/pt-pt\/produtos\/roller-cp-1358m-m44-lh\/#primaryimage","url":"https:\/\/www.rodilloscodimar.com\/wp-content\/uploads\/2018\/10\/rodillo-Z1358D-8930-42.jpg","contentUrl":"https:\/\/www.rodilloscodimar.com\/wp-content\/uploads\/2018\/10\/rodillo-Z1358D-8930-42.jpg","width":1440,"height":1080},{"@type":"BreadcrumbList","@id":"https:\/\/www.rodilloscodimar.com\/pt-pt\/produtos\/roller-cp-1358m-m44-lh\/#breadcrumb","itemListElement":[{"@type":"ListItem","position":1,"name":"Portada","item":"https:\/\/www.rodilloscodimar.com\/pt-pt\/"},{"@type":"ListItem","position":2,"name":"Tienda","item":"https:\/\/www.rodilloscodimar.com\/tienda\/"},{"@type":"ListItem","position":3,"name":"Rolo CP-1358M\/M44-LH"}]},{"@type":"WebSite","@id":"https:\/\/www.rodilloscodimar.com\/pt-pt\/#website","url":"https:\/\/www.rodilloscodimar.com\/pt-pt\/","name":"CODIMAR","description":"Frabricante de Componentes , Rodillos, Estaciones y M\u00e1quinas.","publisher":{"@id":"https:\/\/www.rodilloscodimar.com\/pt-pt\/#organization"},"potentialAction":[{"@type":"SearchAction","target":{"@type":"EntryPoint","urlTemplate":"https:\/\/www.rodilloscodimar.com\/pt-pt\/?s={search_term_string}"},"query-input":{"@type":"PropertyValueSpecification","valueRequired":true,"valueName":"search_term_string"}}],"inLanguage":"pt-PT"},{"@type":"Organization","@id":"https:\/\/www.rodilloscodimar.com\/pt-pt\/#organization","name":"Rodillos Codimar","url":"https:\/\/www.rodilloscodimar.com\/pt-pt\/","logo":{"@type":"ImageObject","inLanguage":"pt-PT","@id":"https:\/\/www.rodilloscodimar.com\/pt-pt\/#\/schema\/logo\/image\/","url":"https:\/\/www.rodilloscodimar.com\/wp-content\/uploads\/2020\/01\/logo-email.jpg","contentUrl":"https:\/\/www.rodilloscodimar.com\/wp-content\/uploads\/2020\/01\/logo-email.jpg","width":300,"height":299,"caption":"Rodillos Codimar"},"image":{"@id":"https:\/\/www.rodilloscodimar.com\/pt-pt\/#\/schema\/logo\/image\/"}}]}},"_links":{"self":[{"href":"https:\/\/www.rodilloscodimar.com\/pt-pt\/wp-json\/wp\/v2\/product\/5503","targetHints":{"allow":["GET"]}}],"collection":[{"href":"https:\/\/www.rodilloscodimar.com\/pt-pt\/wp-json\/wp\/v2\/product"}],"about":[{"href":"https:\/\/www.rodilloscodimar.com\/pt-pt\/wp-json\/wp\/v2\/types\/product"}],"wp:featuredmedia":[{"embeddable":true,"href":"https:\/\/www.rodilloscodimar.com\/pt-pt\/wp-json\/wp\/v2\/media\/5504"}],"wp:attachment":[{"href":"https:\/\/www.rodilloscodimar.com\/pt-pt\/wp-json\/wp\/v2\/media?parent=5503"}],"wp:term":[{"taxonomy":"product_brand","embeddable":true,"href":"https:\/\/www.rodilloscodimar.com\/pt-pt\/wp-json\/wp\/v2\/product_brand?post=5503"},{"taxonomy":"product_cat","embeddable":true,"href":"https:\/\/www.rodilloscodimar.com\/pt-pt\/wp-json\/wp\/v2\/product_cat?post=5503"},{"taxonomy":"product_tag","embeddable":true,"href":"https:\/\/www.rodilloscodimar.com\/pt-pt\/wp-json\/wp\/v2\/product_tag?post=5503"}],"curies":[{"name":"wp","href":"https:\/\/api.w.org\/{rel}","templated":true}]}}