{"id":5444,"date":"2018-10-09T13:59:12","date_gmt":"2020-12-15T17:36:03","guid":{"rendered":"https:\/\/www.rodilloscodimar.com\/producto\/roller-ct800-2c-t40\/"},"modified":"2020-12-15T18:36:06","modified_gmt":"2020-12-15T17:36:06","slug":"roller-ct800-2c-t40","status":"publish","type":"product","link":"https:\/\/www.rodilloscodimar.com\/pt-pt\/produtos\/roller-ct800-2c-t40\/","title":{"rendered":"ROLLER CT800\/2C-T40"},"content":{"rendered":"<ul>\n<li>Tubo met\u00e1lico 50X1.5 e 60&#215;1.5 feito de a\u00e7o natural, galvanizado\/galvanizado.<\/li>\n<li>Eixos met\u00e1licos 8, 10, 12, 14, 15 e hexagonal 11, em a\u00e7o inoxid\u00e1vel F212 ou AISI 303.<\/li>\n<li>Cabe\u00e7as termopl\u00e1sticos com rolamento de precis\u00e3o s\u00e9rie 6000 2RS (T40).<\/li>\n<li>Capacidade m\u00e1xima de carga 160 Kg\/rolo.<\/li>\n<\/ul>\n<p>&nbsp;<\/p>\n<h4><b>Descarregue o Produto PDF<\/b><\/h4>\n<p><a href=\"https:\/\/www.rodilloscodimar.com\/wp-content\/uploads\/2018\/11\/16-CT-800_40-2C.pdf\" target=\"_blank\" rel=\"noopener\"><img decoding=\"async\" class=\"alignnone wp-image-2311 size-thumbnail\" src=\"https:\/\/www.rodilloscodimar.com\/wp-content\/uploads\/2018\/10\/pdf-icon-150x150.png\" alt=\"\" width=\"150\" height=\"150\" srcset=\"https:\/\/www.rodilloscodimar.com\/wp-content\/uploads\/2018\/10\/pdf-icon-150x150.png 150w, https:\/\/www.rodilloscodimar.com\/wp-content\/uploads\/2018\/10\/pdf-icon-146x146.png 146w, https:\/\/www.rodilloscodimar.com\/wp-content\/uploads\/2018\/10\/pdf-icon-50x50.png 50w, https:\/\/www.rodilloscodimar.com\/wp-content\/uploads\/2018\/10\/pdf-icon-75x75.png 75w, https:\/\/www.rodilloscodimar.com\/wp-content\/uploads\/2018\/10\/pdf-icon-85x85.png 85w, https:\/\/www.rodilloscodimar.com\/wp-content\/uploads\/2018\/10\/pdf-icon-80x80.png 80w, https:\/\/www.rodilloscodimar.com\/wp-content\/uploads\/2018\/10\/pdf-icon.png 200w\" sizes=\"(max-width: 150px) 100vw, 150px\" \/><\/a><\/p>\n","protected":false},"excerpt":{"rendered":"<p>Rolos de acionamento para o transporte de cargas m\u00e9dias, com cabe\u00e7as termopl\u00e1sicas com rolamentos de precis\u00e3o ou cabe\u00e7as met\u00e1licas embutidas. Transmiss\u00e3o de contas redondas, cinto dentado M8 Z20, correia POLI-V ou rodas dentadas de 1\/2&#8243; em aplica\u00e7\u00f5es fixas ou de acumula\u00e7\u00e3o.<\/p>\n","protected":false},"featured_media":5447,"template":"","meta":{"_joinchat":[]},"product_brand":[],"product_cat":[209],"product_tag":[],"class_list":{"0":"post-5444","1":"product","2":"type-product","3":"status-publish","4":"has-post-thumbnail","6":"product_cat-suporte-de-serie-media","8":"first","9":"instock","10":"shipping-taxable","11":"product-type-simple"},"yoast_head":"<!-- This site is optimized with the Yoast SEO plugin v27.2 - https:\/\/yoast.com\/product\/yoast-seo-wordpress\/ -->\n<title>ROLLER CT800\/2C-T40 Manuten\u00e7\u00e3o de S\u00e9rie M\u00e9dia - Rodillos Codimar S.L.<\/title>\n<meta name=\"description\" content=\"Rolo de acionamento CT800\/2C-T40 para o transporte de cargas m\u00e9dias, com cabe\u00e7as termopl\u00e1sicas, rolamentos de precis\u00e3o, cabe\u00e7as embutidas...\" \/>\n<meta name=\"robots\" content=\"index, follow, max-snippet:-1, max-image-preview:large, max-video-preview:-1\" \/>\n<link rel=\"canonical\" href=\"https:\/\/www.rodilloscodimar.com\/pt-pt\/produtos\/roller-ct800-2c-t40\/\" \/>\n<meta property=\"og:locale\" content=\"pt_PT\" \/>\n<meta property=\"og:type\" content=\"article\" \/>\n<meta property=\"og:title\" content=\"ROLLER CT800\/2C-T40 Manuten\u00e7\u00e3o de S\u00e9rie M\u00e9dia - Rodillos Codimar S.L.\" \/>\n<meta property=\"og:description\" content=\"Rolo de acionamento CT800\/2C-T40 para o transporte de cargas m\u00e9dias, com cabe\u00e7as termopl\u00e1sicas, rolamentos de precis\u00e3o, cabe\u00e7as embutidas...\" \/>\n<meta property=\"og:url\" content=\"https:\/\/www.rodilloscodimar.com\/pt-pt\/produtos\/roller-ct800-2c-t40\/\" \/>\n<meta property=\"og:site_name\" content=\"CODIMAR\" \/>\n<meta property=\"article:modified_time\" content=\"2020-12-15T17:36:06+00:00\" \/>\n<meta property=\"og:image\" content=\"https:\/\/www.rodilloscodimar.com\/wp-content\/uploads\/2018\/10\/KTR-50_2C.jpg\" \/>\n\t<meta property=\"og:image:width\" content=\"1440\" \/>\n\t<meta property=\"og:image:height\" content=\"1080\" \/>\n\t<meta property=\"og:image:type\" content=\"image\/jpeg\" \/>\n<meta name=\"twitter:card\" content=\"summary_large_image\" \/>\n<script type=\"application\/ld+json\" class=\"yoast-schema-graph\">{\"@context\":\"https:\/\/schema.org\",\"@graph\":[{\"@type\":\"WebPage\",\"@id\":\"https:\/\/www.rodilloscodimar.com\/pt-pt\/produtos\/roller-ct800-2c-t40\/\",\"url\":\"https:\/\/www.rodilloscodimar.com\/pt-pt\/produtos\/roller-ct800-2c-t40\/\",\"name\":\"ROLLER CT800\/2C-T40 Manuten\u00e7\u00e3o de S\u00e9rie M\u00e9dia - Rodillos Codimar S.L.\",\"isPartOf\":{\"@id\":\"https:\/\/www.rodilloscodimar.com\/pt-pt\/#website\"},\"primaryImageOfPage\":{\"@id\":\"https:\/\/www.rodilloscodimar.com\/pt-pt\/produtos\/roller-ct800-2c-t40\/#primaryimage\"},\"image\":{\"@id\":\"https:\/\/www.rodilloscodimar.com\/pt-pt\/produtos\/roller-ct800-2c-t40\/#primaryimage\"},\"thumbnailUrl\":\"https:\/\/www.rodilloscodimar.com\/wp-content\/uploads\/2018\/10\/KTR-50_2C.jpg\",\"datePublished\":\"2020-12-15T17:36:03+00:00\",\"dateModified\":\"2020-12-15T17:36:06+00:00\",\"description\":\"Rolo de acionamento CT800\/2C-T40 para o transporte de cargas m\u00e9dias, com cabe\u00e7as termopl\u00e1sicas, rolamentos de precis\u00e3o, cabe\u00e7as embutidas...\",\"breadcrumb\":{\"@id\":\"https:\/\/www.rodilloscodimar.com\/pt-pt\/produtos\/roller-ct800-2c-t40\/#breadcrumb\"},\"inLanguage\":\"pt-PT\",\"potentialAction\":[{\"@type\":\"ReadAction\",\"target\":[\"https:\/\/www.rodilloscodimar.com\/pt-pt\/produtos\/roller-ct800-2c-t40\/\"]}]},{\"@type\":\"ImageObject\",\"inLanguage\":\"pt-PT\",\"@id\":\"https:\/\/www.rodilloscodimar.com\/pt-pt\/produtos\/roller-ct800-2c-t40\/#primaryimage\",\"url\":\"https:\/\/www.rodilloscodimar.com\/wp-content\/uploads\/2018\/10\/KTR-50_2C.jpg\",\"contentUrl\":\"https:\/\/www.rodilloscodimar.com\/wp-content\/uploads\/2018\/10\/KTR-50_2C.jpg\",\"width\":1440,\"height\":1080,\"caption\":\"ROLLER CT800\/2C-T40\"},{\"@type\":\"BreadcrumbList\",\"@id\":\"https:\/\/www.rodilloscodimar.com\/pt-pt\/produtos\/roller-ct800-2c-t40\/#breadcrumb\",\"itemListElement\":[{\"@type\":\"ListItem\",\"position\":1,\"name\":\"Portada\",\"item\":\"https:\/\/www.rodilloscodimar.com\/pt-pt\/\"},{\"@type\":\"ListItem\",\"position\":2,\"name\":\"Tienda\",\"item\":\"https:\/\/www.rodilloscodimar.com\/tienda\/\"},{\"@type\":\"ListItem\",\"position\":3,\"name\":\"ROLLER CT800\/2C-T40\"}]},{\"@type\":\"WebSite\",\"@id\":\"https:\/\/www.rodilloscodimar.com\/pt-pt\/#website\",\"url\":\"https:\/\/www.rodilloscodimar.com\/pt-pt\/\",\"name\":\"CODIMAR\",\"description\":\"Frabricante de Componentes , Rodillos, Estaciones y M\u00e1quinas.\",\"publisher\":{\"@id\":\"https:\/\/www.rodilloscodimar.com\/pt-pt\/#organization\"},\"potentialAction\":[{\"@type\":\"SearchAction\",\"target\":{\"@type\":\"EntryPoint\",\"urlTemplate\":\"https:\/\/www.rodilloscodimar.com\/pt-pt\/?s={search_term_string}\"},\"query-input\":{\"@type\":\"PropertyValueSpecification\",\"valueRequired\":true,\"valueName\":\"search_term_string\"}}],\"inLanguage\":\"pt-PT\"},{\"@type\":\"Organization\",\"@id\":\"https:\/\/www.rodilloscodimar.com\/pt-pt\/#organization\",\"name\":\"Rodillos Codimar\",\"url\":\"https:\/\/www.rodilloscodimar.com\/pt-pt\/\",\"logo\":{\"@type\":\"ImageObject\",\"inLanguage\":\"pt-PT\",\"@id\":\"https:\/\/www.rodilloscodimar.com\/pt-pt\/#\/schema\/logo\/image\/\",\"url\":\"https:\/\/www.rodilloscodimar.com\/wp-content\/uploads\/2020\/01\/logo-email.jpg\",\"contentUrl\":\"https:\/\/www.rodilloscodimar.com\/wp-content\/uploads\/2020\/01\/logo-email.jpg\",\"width\":300,\"height\":299,\"caption\":\"Rodillos Codimar\"},\"image\":{\"@id\":\"https:\/\/www.rodilloscodimar.com\/pt-pt\/#\/schema\/logo\/image\/\"}}]}<\/script>\n<!-- \/ Yoast SEO plugin. -->","yoast_head_json":{"title":"ROLLER CT800\/2C-T40 Manuten\u00e7\u00e3o de S\u00e9rie M\u00e9dia - Rodillos Codimar S.L.","description":"Rolo de acionamento CT800\/2C-T40 para o transporte de cargas m\u00e9dias, com cabe\u00e7as termopl\u00e1sicas, rolamentos de precis\u00e3o, cabe\u00e7as embutidas...","robots":{"index":"index","follow":"follow","max-snippet":"max-snippet:-1","max-image-preview":"max-image-preview:large","max-video-preview":"max-video-preview:-1"},"canonical":"https:\/\/www.rodilloscodimar.com\/pt-pt\/produtos\/roller-ct800-2c-t40\/","og_locale":"pt_PT","og_type":"article","og_title":"ROLLER CT800\/2C-T40 Manuten\u00e7\u00e3o de S\u00e9rie M\u00e9dia - Rodillos Codimar S.L.","og_description":"Rolo de acionamento CT800\/2C-T40 para o transporte de cargas m\u00e9dias, com cabe\u00e7as termopl\u00e1sicas, rolamentos de precis\u00e3o, cabe\u00e7as embutidas...","og_url":"https:\/\/www.rodilloscodimar.com\/pt-pt\/produtos\/roller-ct800-2c-t40\/","og_site_name":"CODIMAR","article_modified_time":"2020-12-15T17:36:06+00:00","og_image":[{"width":1440,"height":1080,"url":"https:\/\/www.rodilloscodimar.com\/wp-content\/uploads\/2018\/10\/KTR-50_2C.jpg","type":"image\/jpeg"}],"twitter_card":"summary_large_image","schema":{"@context":"https:\/\/schema.org","@graph":[{"@type":"WebPage","@id":"https:\/\/www.rodilloscodimar.com\/pt-pt\/produtos\/roller-ct800-2c-t40\/","url":"https:\/\/www.rodilloscodimar.com\/pt-pt\/produtos\/roller-ct800-2c-t40\/","name":"ROLLER CT800\/2C-T40 Manuten\u00e7\u00e3o de S\u00e9rie M\u00e9dia - Rodillos Codimar S.L.","isPartOf":{"@id":"https:\/\/www.rodilloscodimar.com\/pt-pt\/#website"},"primaryImageOfPage":{"@id":"https:\/\/www.rodilloscodimar.com\/pt-pt\/produtos\/roller-ct800-2c-t40\/#primaryimage"},"image":{"@id":"https:\/\/www.rodilloscodimar.com\/pt-pt\/produtos\/roller-ct800-2c-t40\/#primaryimage"},"thumbnailUrl":"https:\/\/www.rodilloscodimar.com\/wp-content\/uploads\/2018\/10\/KTR-50_2C.jpg","datePublished":"2020-12-15T17:36:03+00:00","dateModified":"2020-12-15T17:36:06+00:00","description":"Rolo de acionamento CT800\/2C-T40 para o transporte de cargas m\u00e9dias, com cabe\u00e7as termopl\u00e1sicas, rolamentos de precis\u00e3o, cabe\u00e7as embutidas...","breadcrumb":{"@id":"https:\/\/www.rodilloscodimar.com\/pt-pt\/produtos\/roller-ct800-2c-t40\/#breadcrumb"},"inLanguage":"pt-PT","potentialAction":[{"@type":"ReadAction","target":["https:\/\/www.rodilloscodimar.com\/pt-pt\/produtos\/roller-ct800-2c-t40\/"]}]},{"@type":"ImageObject","inLanguage":"pt-PT","@id":"https:\/\/www.rodilloscodimar.com\/pt-pt\/produtos\/roller-ct800-2c-t40\/#primaryimage","url":"https:\/\/www.rodilloscodimar.com\/wp-content\/uploads\/2018\/10\/KTR-50_2C.jpg","contentUrl":"https:\/\/www.rodilloscodimar.com\/wp-content\/uploads\/2018\/10\/KTR-50_2C.jpg","width":1440,"height":1080,"caption":"ROLLER CT800\/2C-T40"},{"@type":"BreadcrumbList","@id":"https:\/\/www.rodilloscodimar.com\/pt-pt\/produtos\/roller-ct800-2c-t40\/#breadcrumb","itemListElement":[{"@type":"ListItem","position":1,"name":"Portada","item":"https:\/\/www.rodilloscodimar.com\/pt-pt\/"},{"@type":"ListItem","position":2,"name":"Tienda","item":"https:\/\/www.rodilloscodimar.com\/tienda\/"},{"@type":"ListItem","position":3,"name":"ROLLER CT800\/2C-T40"}]},{"@type":"WebSite","@id":"https:\/\/www.rodilloscodimar.com\/pt-pt\/#website","url":"https:\/\/www.rodilloscodimar.com\/pt-pt\/","name":"CODIMAR","description":"Frabricante de Componentes , Rodillos, Estaciones y M\u00e1quinas.","publisher":{"@id":"https:\/\/www.rodilloscodimar.com\/pt-pt\/#organization"},"potentialAction":[{"@type":"SearchAction","target":{"@type":"EntryPoint","urlTemplate":"https:\/\/www.rodilloscodimar.com\/pt-pt\/?s={search_term_string}"},"query-input":{"@type":"PropertyValueSpecification","valueRequired":true,"valueName":"search_term_string"}}],"inLanguage":"pt-PT"},{"@type":"Organization","@id":"https:\/\/www.rodilloscodimar.com\/pt-pt\/#organization","name":"Rodillos Codimar","url":"https:\/\/www.rodilloscodimar.com\/pt-pt\/","logo":{"@type":"ImageObject","inLanguage":"pt-PT","@id":"https:\/\/www.rodilloscodimar.com\/pt-pt\/#\/schema\/logo\/image\/","url":"https:\/\/www.rodilloscodimar.com\/wp-content\/uploads\/2020\/01\/logo-email.jpg","contentUrl":"https:\/\/www.rodilloscodimar.com\/wp-content\/uploads\/2020\/01\/logo-email.jpg","width":300,"height":299,"caption":"Rodillos Codimar"},"image":{"@id":"https:\/\/www.rodilloscodimar.com\/pt-pt\/#\/schema\/logo\/image\/"}}]}},"_links":{"self":[{"href":"https:\/\/www.rodilloscodimar.com\/pt-pt\/wp-json\/wp\/v2\/product\/5444","targetHints":{"allow":["GET"]}}],"collection":[{"href":"https:\/\/www.rodilloscodimar.com\/pt-pt\/wp-json\/wp\/v2\/product"}],"about":[{"href":"https:\/\/www.rodilloscodimar.com\/pt-pt\/wp-json\/wp\/v2\/types\/product"}],"wp:featuredmedia":[{"embeddable":true,"href":"https:\/\/www.rodilloscodimar.com\/pt-pt\/wp-json\/wp\/v2\/media\/5447"}],"wp:attachment":[{"href":"https:\/\/www.rodilloscodimar.com\/pt-pt\/wp-json\/wp\/v2\/media?parent=5444"}],"wp:term":[{"taxonomy":"product_brand","embeddable":true,"href":"https:\/\/www.rodilloscodimar.com\/pt-pt\/wp-json\/wp\/v2\/product_brand?post=5444"},{"taxonomy":"product_cat","embeddable":true,"href":"https:\/\/www.rodilloscodimar.com\/pt-pt\/wp-json\/wp\/v2\/product_cat?post=5444"},{"taxonomy":"product_tag","embeddable":true,"href":"https:\/\/www.rodilloscodimar.com\/pt-pt\/wp-json\/wp\/v2\/product_tag?post=5444"}],"curies":[{"name":"wp","href":"https:\/\/api.w.org\/{rel}","templated":true}]}}