{"id":5368,"date":"2018-10-09T12:19:46","date_gmt":"2020-12-15T17:31:27","guid":{"rendered":"https:\/\/www.rodilloscodimar.com\/producto\/rolo-cc70-t00-01\/"},"modified":"2021-04-22T10:38:28","modified_gmt":"2021-04-22T08:38:28","slug":"roller-cc70-t00-01","status":"publish","type":"product","link":"https:\/\/www.rodilloscodimar.com\/pt-pt\/produtos\/roller-cc70-t00-01\/","title":{"rendered":"Rolo CC70\/T00-T01"},"content":{"rendered":"<section class=\"l-section wpb_row height_small\"><div class=\"l-section-h i-cf\"><div class=\"g-cols vc_row via_flex valign_top type_default stacking_default\"><div class=\"vc_col-sm-12 wpb_column vc_column_container\"><div class=\"vc_column-inner\"><div class=\"wpb_wrapper\"><div class=\"wpb_text_column\"><div class=\"wpb_wrapper\"><ul>\n<li style=\"text-align: justify;\">Tubo met\u00e1lico 30X1.5 em a\u00e7o natural, aisi 304 de a\u00e7o galvanizado ou inoxid\u00e1vel.<\/li>\n<li style=\"text-align: justify;\">Eixos met\u00e1licos 8 e 10, em a\u00e7o inoxid\u00e1vel F212 ou AISI 303.<\/li>\n<li style=\"text-align: justify;\">Cabe\u00e7as de linha de bola termopl\u00e1stico em a\u00e7o natural (T00) ou a\u00e7o inoxid\u00e1vel (T01).<\/li>\n<li style=\"text-align: justify;\">Cones termopl\u00e1sticos inferiores a 34mm, superiores a 73,4 mm.<\/li>\n<li style=\"text-align: justify;\">Capacidade m\u00e1xima de carga 20 Kg\/rolo.<\/li>\n<\/ul>\n<p style=\"text-align: justify;\">Rolos para o transporte de cargas leves, com bobinas termopl\u00e1sticos, para cargas m\u00e1ximas de 6 kg\/rolo (CT30), at\u00e9 50 kg\/rolo (CT250).<\/p>\n<\/div><\/div><\/div><\/div><\/div><\/div><\/div><\/section>\n","protected":false},"excerpt":{"rendered":"<p style=\"text-align: center;\"><strong>Caderno de Especifica\u00e7\u00f5es CC-70\/T00-T01<\/strong><\/p>\n[caption id=\"attachment_7404\" align=\"aligncenter\" width=\"2188\"]<a href=\"\/wp-content\/uploads\/2018\/10\/57-CC-70-T00-T01-1.pdf\" target=\"_blank\" rel=\"noopener\"><img decoding=\"async\" class=\"wp-image-7404 size-full\" src=\"https:\/\/www.rodilloscodimar.com\/wp-content\/uploads\/2018\/10\/Especificaciones-Rodillo-CC-70-T00-T01-.jpg\" alt=\"Rolo CC70\/T00-T01\" width=\"2188\" height=\"592\" srcset=\"https:\/\/www.rodilloscodimar.com\/wp-content\/uploads\/2018\/10\/Especificaciones-Rodillo-CC-70-T00-T01-.jpg 2188w, https:\/\/www.rodilloscodimar.com\/wp-content\/uploads\/2018\/10\/Especificaciones-Rodillo-CC-70-T00-T01--300x81.jpg 300w, https:\/\/www.rodilloscodimar.com\/wp-content\/uploads\/2018\/10\/Especificaciones-Rodillo-CC-70-T00-T01--1024x277.jpg 1024w, https:\/\/www.rodilloscodimar.com\/wp-content\/uploads\/2018\/10\/Especificaciones-Rodillo-CC-70-T00-T01--600x162.jpg 600w, https:\/\/www.rodilloscodimar.com\/wp-content\/uploads\/2018\/10\/Especificaciones-Rodillo-CC-70-T00-T01--200x54.jpg 200w\" sizes=\"(max-width: 2188px) 100vw, 2188px\" \/><\/a> S\u00e9rie, di\u00e2metro do tubo, di\u00e2metro do eixo, tipo de cabe\u00e7a, capacidade de carga &#8230; do rolo CC70 \/ T00-T01[\/caption]\n","protected":false},"featured_media":5370,"template":"","meta":{"_joinchat":[]},"product_brand":[],"product_cat":[203],"product_tag":[],"class_list":{"0":"post-5368","1":"product","2":"type-product","3":"status-publish","4":"has-post-thumbnail","6":"product_cat-gravidade-leve-de-manutencao","8":"first","9":"instock","10":"shipping-taxable","11":"product-type-simple"},"yoast_head":"<!-- This site is optimized with the Yoast SEO plugin v27.2 - https:\/\/yoast.com\/product\/yoast-seo-wordpress\/ -->\n<title>Rolo CC70\/T00-T01 | Gravidade Leve de Manuten\u00e7\u00e3o - Rodillos Codimar S.L.<\/title>\n<meta name=\"description\" content=\"Rolo CC70\/T00-T01 tubo met\u00e1lico 30X1.5 em a\u00e7o natural, aisi 304 de a\u00e7o galvanizado ou inoxid\u00e1vel. Capacidade m\u00e1xima de carga 20 Kg\/rolo.\" \/>\n<meta name=\"robots\" content=\"index, follow, max-snippet:-1, max-image-preview:large, max-video-preview:-1\" \/>\n<link rel=\"canonical\" href=\"https:\/\/www.rodilloscodimar.com\/pt-pt\/produtos\/roller-cc70-t00-01\/\" \/>\n<meta property=\"og:locale\" content=\"pt_PT\" \/>\n<meta property=\"og:type\" content=\"article\" \/>\n<meta property=\"og:title\" content=\"Rolo CC70\/T00-T01 | Gravidade Leve de Manuten\u00e7\u00e3o - Rodillos Codimar S.L.\" \/>\n<meta property=\"og:description\" content=\"Rolo CC70\/T00-T01 tubo met\u00e1lico 30X1.5 em a\u00e7o natural, aisi 304 de a\u00e7o galvanizado ou inoxid\u00e1vel. Capacidade m\u00e1xima de carga 20 Kg\/rolo.\" \/>\n<meta property=\"og:url\" content=\"https:\/\/www.rodilloscodimar.com\/pt-pt\/produtos\/roller-cc70-t00-01\/\" \/>\n<meta property=\"og:site_name\" content=\"CODIMAR\" \/>\n<meta property=\"article:modified_time\" content=\"2021-04-22T08:38:28+00:00\" \/>\n<meta property=\"og:image\" content=\"https:\/\/www.rodilloscodimar.com\/wp-content\/uploads\/2018\/10\/CONO-LIBRE-D30.jpg\" \/>\n\t<meta property=\"og:image:width\" content=\"1440\" \/>\n\t<meta property=\"og:image:height\" content=\"1080\" \/>\n\t<meta property=\"og:image:type\" content=\"image\/jpeg\" \/>\n<meta name=\"twitter:card\" content=\"summary_large_image\" \/>\n<meta name=\"twitter:label1\" content=\"Tempo estimado de leitura\" \/>\n\t<meta name=\"twitter:data1\" content=\"1 minuto\" \/>\n<script type=\"application\/ld+json\" class=\"yoast-schema-graph\">{\"@context\":\"https:\/\/schema.org\",\"@graph\":[{\"@type\":\"WebPage\",\"@id\":\"https:\/\/www.rodilloscodimar.com\/pt-pt\/produtos\/roller-cc70-t00-01\/\",\"url\":\"https:\/\/www.rodilloscodimar.com\/pt-pt\/produtos\/roller-cc70-t00-01\/\",\"name\":\"Rolo CC70\/T00-T01 | Gravidade Leve de Manuten\u00e7\u00e3o - Rodillos Codimar S.L.\",\"isPartOf\":{\"@id\":\"https:\/\/www.rodilloscodimar.com\/pt-pt\/#website\"},\"primaryImageOfPage\":{\"@id\":\"https:\/\/www.rodilloscodimar.com\/pt-pt\/produtos\/roller-cc70-t00-01\/#primaryimage\"},\"image\":{\"@id\":\"https:\/\/www.rodilloscodimar.com\/pt-pt\/produtos\/roller-cc70-t00-01\/#primaryimage\"},\"thumbnailUrl\":\"https:\/\/www.rodilloscodimar.com\/wp-content\/uploads\/2018\/10\/CONO-LIBRE-D30.jpg\",\"datePublished\":\"2020-12-15T17:31:27+00:00\",\"dateModified\":\"2021-04-22T08:38:28+00:00\",\"description\":\"Rolo CC70\/T00-T01 tubo met\u00e1lico 30X1.5 em a\u00e7o natural, aisi 304 de a\u00e7o galvanizado ou inoxid\u00e1vel. Capacidade m\u00e1xima de carga 20 Kg\/rolo.\",\"breadcrumb\":{\"@id\":\"https:\/\/www.rodilloscodimar.com\/pt-pt\/produtos\/roller-cc70-t00-01\/#breadcrumb\"},\"inLanguage\":\"pt-PT\",\"potentialAction\":[{\"@type\":\"ReadAction\",\"target\":[\"https:\/\/www.rodilloscodimar.com\/pt-pt\/produtos\/roller-cc70-t00-01\/\"]}]},{\"@type\":\"ImageObject\",\"inLanguage\":\"pt-PT\",\"@id\":\"https:\/\/www.rodilloscodimar.com\/pt-pt\/produtos\/roller-cc70-t00-01\/#primaryimage\",\"url\":\"https:\/\/www.rodilloscodimar.com\/wp-content\/uploads\/2018\/10\/CONO-LIBRE-D30.jpg\",\"contentUrl\":\"https:\/\/www.rodilloscodimar.com\/wp-content\/uploads\/2018\/10\/CONO-LIBRE-D30.jpg\",\"width\":1440,\"height\":1080,\"caption\":\"Rolo CC70\/T00-01\"},{\"@type\":\"BreadcrumbList\",\"@id\":\"https:\/\/www.rodilloscodimar.com\/pt-pt\/produtos\/roller-cc70-t00-01\/#breadcrumb\",\"itemListElement\":[{\"@type\":\"ListItem\",\"position\":1,\"name\":\"Portada\",\"item\":\"https:\/\/www.rodilloscodimar.com\/pt-pt\/\"},{\"@type\":\"ListItem\",\"position\":2,\"name\":\"Tienda\",\"item\":\"https:\/\/www.rodilloscodimar.com\/tienda\/\"},{\"@type\":\"ListItem\",\"position\":3,\"name\":\"Rolo CC70\/T00-T01\"}]},{\"@type\":\"WebSite\",\"@id\":\"https:\/\/www.rodilloscodimar.com\/pt-pt\/#website\",\"url\":\"https:\/\/www.rodilloscodimar.com\/pt-pt\/\",\"name\":\"CODIMAR\",\"description\":\"Frabricante de Componentes , Rodillos, Estaciones y M\u00e1quinas.\",\"publisher\":{\"@id\":\"https:\/\/www.rodilloscodimar.com\/pt-pt\/#organization\"},\"potentialAction\":[{\"@type\":\"SearchAction\",\"target\":{\"@type\":\"EntryPoint\",\"urlTemplate\":\"https:\/\/www.rodilloscodimar.com\/pt-pt\/?s={search_term_string}\"},\"query-input\":{\"@type\":\"PropertyValueSpecification\",\"valueRequired\":true,\"valueName\":\"search_term_string\"}}],\"inLanguage\":\"pt-PT\"},{\"@type\":\"Organization\",\"@id\":\"https:\/\/www.rodilloscodimar.com\/pt-pt\/#organization\",\"name\":\"Rodillos Codimar\",\"url\":\"https:\/\/www.rodilloscodimar.com\/pt-pt\/\",\"logo\":{\"@type\":\"ImageObject\",\"inLanguage\":\"pt-PT\",\"@id\":\"https:\/\/www.rodilloscodimar.com\/pt-pt\/#\/schema\/logo\/image\/\",\"url\":\"https:\/\/www.rodilloscodimar.com\/wp-content\/uploads\/2020\/01\/logo-email.jpg\",\"contentUrl\":\"https:\/\/www.rodilloscodimar.com\/wp-content\/uploads\/2020\/01\/logo-email.jpg\",\"width\":300,\"height\":299,\"caption\":\"Rodillos Codimar\"},\"image\":{\"@id\":\"https:\/\/www.rodilloscodimar.com\/pt-pt\/#\/schema\/logo\/image\/\"}}]}<\/script>\n<!-- \/ Yoast SEO plugin. -->","yoast_head_json":{"title":"Rolo CC70\/T00-T01 | Gravidade Leve de Manuten\u00e7\u00e3o - Rodillos Codimar S.L.","description":"Rolo CC70\/T00-T01 tubo met\u00e1lico 30X1.5 em a\u00e7o natural, aisi 304 de a\u00e7o galvanizado ou inoxid\u00e1vel. Capacidade m\u00e1xima de carga 20 Kg\/rolo.","robots":{"index":"index","follow":"follow","max-snippet":"max-snippet:-1","max-image-preview":"max-image-preview:large","max-video-preview":"max-video-preview:-1"},"canonical":"https:\/\/www.rodilloscodimar.com\/pt-pt\/produtos\/roller-cc70-t00-01\/","og_locale":"pt_PT","og_type":"article","og_title":"Rolo CC70\/T00-T01 | Gravidade Leve de Manuten\u00e7\u00e3o - Rodillos Codimar S.L.","og_description":"Rolo CC70\/T00-T01 tubo met\u00e1lico 30X1.5 em a\u00e7o natural, aisi 304 de a\u00e7o galvanizado ou inoxid\u00e1vel. Capacidade m\u00e1xima de carga 20 Kg\/rolo.","og_url":"https:\/\/www.rodilloscodimar.com\/pt-pt\/produtos\/roller-cc70-t00-01\/","og_site_name":"CODIMAR","article_modified_time":"2021-04-22T08:38:28+00:00","og_image":[{"width":1440,"height":1080,"url":"https:\/\/www.rodilloscodimar.com\/wp-content\/uploads\/2018\/10\/CONO-LIBRE-D30.jpg","type":"image\/jpeg"}],"twitter_card":"summary_large_image","twitter_misc":{"Tempo estimado de leitura":"1 minuto"},"schema":{"@context":"https:\/\/schema.org","@graph":[{"@type":"WebPage","@id":"https:\/\/www.rodilloscodimar.com\/pt-pt\/produtos\/roller-cc70-t00-01\/","url":"https:\/\/www.rodilloscodimar.com\/pt-pt\/produtos\/roller-cc70-t00-01\/","name":"Rolo CC70\/T00-T01 | Gravidade Leve de Manuten\u00e7\u00e3o - Rodillos Codimar S.L.","isPartOf":{"@id":"https:\/\/www.rodilloscodimar.com\/pt-pt\/#website"},"primaryImageOfPage":{"@id":"https:\/\/www.rodilloscodimar.com\/pt-pt\/produtos\/roller-cc70-t00-01\/#primaryimage"},"image":{"@id":"https:\/\/www.rodilloscodimar.com\/pt-pt\/produtos\/roller-cc70-t00-01\/#primaryimage"},"thumbnailUrl":"https:\/\/www.rodilloscodimar.com\/wp-content\/uploads\/2018\/10\/CONO-LIBRE-D30.jpg","datePublished":"2020-12-15T17:31:27+00:00","dateModified":"2021-04-22T08:38:28+00:00","description":"Rolo CC70\/T00-T01 tubo met\u00e1lico 30X1.5 em a\u00e7o natural, aisi 304 de a\u00e7o galvanizado ou inoxid\u00e1vel. Capacidade m\u00e1xima de carga 20 Kg\/rolo.","breadcrumb":{"@id":"https:\/\/www.rodilloscodimar.com\/pt-pt\/produtos\/roller-cc70-t00-01\/#breadcrumb"},"inLanguage":"pt-PT","potentialAction":[{"@type":"ReadAction","target":["https:\/\/www.rodilloscodimar.com\/pt-pt\/produtos\/roller-cc70-t00-01\/"]}]},{"@type":"ImageObject","inLanguage":"pt-PT","@id":"https:\/\/www.rodilloscodimar.com\/pt-pt\/produtos\/roller-cc70-t00-01\/#primaryimage","url":"https:\/\/www.rodilloscodimar.com\/wp-content\/uploads\/2018\/10\/CONO-LIBRE-D30.jpg","contentUrl":"https:\/\/www.rodilloscodimar.com\/wp-content\/uploads\/2018\/10\/CONO-LIBRE-D30.jpg","width":1440,"height":1080,"caption":"Rolo CC70\/T00-01"},{"@type":"BreadcrumbList","@id":"https:\/\/www.rodilloscodimar.com\/pt-pt\/produtos\/roller-cc70-t00-01\/#breadcrumb","itemListElement":[{"@type":"ListItem","position":1,"name":"Portada","item":"https:\/\/www.rodilloscodimar.com\/pt-pt\/"},{"@type":"ListItem","position":2,"name":"Tienda","item":"https:\/\/www.rodilloscodimar.com\/tienda\/"},{"@type":"ListItem","position":3,"name":"Rolo CC70\/T00-T01"}]},{"@type":"WebSite","@id":"https:\/\/www.rodilloscodimar.com\/pt-pt\/#website","url":"https:\/\/www.rodilloscodimar.com\/pt-pt\/","name":"CODIMAR","description":"Frabricante de Componentes , Rodillos, Estaciones y M\u00e1quinas.","publisher":{"@id":"https:\/\/www.rodilloscodimar.com\/pt-pt\/#organization"},"potentialAction":[{"@type":"SearchAction","target":{"@type":"EntryPoint","urlTemplate":"https:\/\/www.rodilloscodimar.com\/pt-pt\/?s={search_term_string}"},"query-input":{"@type":"PropertyValueSpecification","valueRequired":true,"valueName":"search_term_string"}}],"inLanguage":"pt-PT"},{"@type":"Organization","@id":"https:\/\/www.rodilloscodimar.com\/pt-pt\/#organization","name":"Rodillos Codimar","url":"https:\/\/www.rodilloscodimar.com\/pt-pt\/","logo":{"@type":"ImageObject","inLanguage":"pt-PT","@id":"https:\/\/www.rodilloscodimar.com\/pt-pt\/#\/schema\/logo\/image\/","url":"https:\/\/www.rodilloscodimar.com\/wp-content\/uploads\/2020\/01\/logo-email.jpg","contentUrl":"https:\/\/www.rodilloscodimar.com\/wp-content\/uploads\/2020\/01\/logo-email.jpg","width":300,"height":299,"caption":"Rodillos Codimar"},"image":{"@id":"https:\/\/www.rodilloscodimar.com\/pt-pt\/#\/schema\/logo\/image\/"}}]}},"_links":{"self":[{"href":"https:\/\/www.rodilloscodimar.com\/pt-pt\/wp-json\/wp\/v2\/product\/5368","targetHints":{"allow":["GET"]}}],"collection":[{"href":"https:\/\/www.rodilloscodimar.com\/pt-pt\/wp-json\/wp\/v2\/product"}],"about":[{"href":"https:\/\/www.rodilloscodimar.com\/pt-pt\/wp-json\/wp\/v2\/types\/product"}],"wp:featuredmedia":[{"embeddable":true,"href":"https:\/\/www.rodilloscodimar.com\/pt-pt\/wp-json\/wp\/v2\/media\/5370"}],"wp:attachment":[{"href":"https:\/\/www.rodilloscodimar.com\/pt-pt\/wp-json\/wp\/v2\/media?parent=5368"}],"wp:term":[{"taxonomy":"product_brand","embeddable":true,"href":"https:\/\/www.rodilloscodimar.com\/pt-pt\/wp-json\/wp\/v2\/product_brand?post=5368"},{"taxonomy":"product_cat","embeddable":true,"href":"https:\/\/www.rodilloscodimar.com\/pt-pt\/wp-json\/wp\/v2\/product_cat?post=5368"},{"taxonomy":"product_tag","embeddable":true,"href":"https:\/\/www.rodilloscodimar.com\/pt-pt\/wp-json\/wp\/v2\/product_tag?post=5368"}],"curies":[{"name":"wp","href":"https:\/\/api.w.org\/{rel}","templated":true}]}}