{"id":5334,"date":"2018-10-08T18:07:22","date_gmt":"2020-12-15T17:30:08","guid":{"rendered":"https:\/\/www.rodilloscodimar.com\/producto\/posicionador-de-paletes-u26-com-carga\/"},"modified":"2020-12-15T18:30:08","modified_gmt":"2020-12-15T17:30:08","slug":"u26-positioner-palete-com-carga","status":"publish","type":"product","link":"https:\/\/www.rodilloscodimar.com\/pt-pt\/produtos\/u26-positioner-palete-com-carga\/","title":{"rendered":"Posicionador de paletes U26 com carga"},"content":{"rendered":"<ul>\n<li>Capacidade m\u00e1xima de carga: 1500 kg<\/li>\n<li>Material: Carbono\/a\u00e7o inoxid\u00e1vel<\/li>\n<li>Acabamento: Pintado \/ Cincado \/ Esguicho<\/li>\n<li>Sistema de acionamento: pneum\u00e1tico<\/li>\n<li>Reguladores de fluxo<\/li>\n<li>Monostable pilotagem electrovalvula<\/li>\n<li>Detetores magn\u00e9ticos<\/li>\n<\/ul>\n","protected":false},"excerpt":{"rendered":"<p>Este dispositivo \u00e9 utilizado em transportadores de rolos onde \u00e9 necess\u00e1rio colocar a palete no centro do transportador, para manusear ou como refer\u00eancia para um rob\u00f4.<\/p>\n<p>A sua unidade \u00e9 pneum\u00e1tica<\/p>\n","protected":false},"featured_media":5335,"template":"","meta":{"_joinchat":[]},"product_brand":[],"product_cat":[193],"product_tag":[],"class_list":{"0":"post-5334","1":"product","2":"type-product","3":"status-publish","4":"has-post-thumbnail","6":"product_cat-acessorios","8":"first","9":"instock","10":"shipping-taxable","11":"product-type-simple"},"yoast_head":"<!-- This site is optimized with the Yoast SEO plugin v27.2 - https:\/\/yoast.com\/product\/yoast-seo-wordpress\/ -->\n<title>Posicionador de paletes U26 com Carga - Acess\u00f3rios - Rodillos Codimar S.L.<\/title>\n<meta name=\"description\" content=\"O posicionador de paletes U26 com carga \u00e9 utilizado em transportadores de rolos onde \u00e9 necess\u00e1rio colocar a palete no centro do transportador, para manuseamento.\" \/>\n<meta name=\"robots\" content=\"index, follow, max-snippet:-1, max-image-preview:large, max-video-preview:-1\" \/>\n<link rel=\"canonical\" href=\"https:\/\/www.rodilloscodimar.com\/pt-pt\/produtos\/u26-positioner-palete-com-carga\/\" \/>\n<meta property=\"og:locale\" content=\"pt_PT\" \/>\n<meta property=\"og:type\" content=\"article\" \/>\n<meta property=\"og:title\" content=\"Posicionador de paletes U26 com Carga - Acess\u00f3rios - Rodillos Codimar S.L.\" \/>\n<meta property=\"og:description\" content=\"O posicionador de paletes U26 com carga \u00e9 utilizado em transportadores de rolos onde \u00e9 necess\u00e1rio colocar a palete no centro do transportador, para manuseamento.\" \/>\n<meta property=\"og:url\" content=\"https:\/\/www.rodilloscodimar.com\/pt-pt\/produtos\/u26-positioner-palete-com-carga\/\" \/>\n<meta property=\"og:site_name\" content=\"CODIMAR\" \/>\n<meta property=\"og:image\" content=\"https:\/\/www.rodilloscodimar.com\/wp-content\/uploads\/2018\/10\/u26-centrador-de-palet-con-carga2.jpg\" \/>\n\t<meta property=\"og:image:width\" content=\"1024\" \/>\n\t<meta property=\"og:image:height\" content=\"592\" \/>\n\t<meta property=\"og:image:type\" content=\"image\/jpeg\" \/>\n<meta name=\"twitter:card\" content=\"summary_large_image\" \/>\n<script type=\"application\/ld+json\" class=\"yoast-schema-graph\">{\"@context\":\"https:\/\/schema.org\",\"@graph\":[{\"@type\":\"WebPage\",\"@id\":\"https:\/\/www.rodilloscodimar.com\/pt-pt\/produtos\/u26-positioner-palete-com-carga\/\",\"url\":\"https:\/\/www.rodilloscodimar.com\/pt-pt\/produtos\/u26-positioner-palete-com-carga\/\",\"name\":\"Posicionador de paletes U26 com Carga - Acess\u00f3rios - Rodillos Codimar S.L.\",\"isPartOf\":{\"@id\":\"https:\/\/www.rodilloscodimar.com\/pt-pt\/#website\"},\"primaryImageOfPage\":{\"@id\":\"https:\/\/www.rodilloscodimar.com\/pt-pt\/produtos\/u26-positioner-palete-com-carga\/#primaryimage\"},\"image\":{\"@id\":\"https:\/\/www.rodilloscodimar.com\/pt-pt\/produtos\/u26-positioner-palete-com-carga\/#primaryimage\"},\"thumbnailUrl\":\"https:\/\/www.rodilloscodimar.com\/wp-content\/uploads\/2018\/10\/u26-centrador-de-palet-con-carga2.jpg\",\"datePublished\":\"2020-12-15T17:30:08+00:00\",\"description\":\"O posicionador de paletes U26 com carga \u00e9 utilizado em transportadores de rolos onde \u00e9 necess\u00e1rio colocar a palete no centro do transportador, para manuseamento.\",\"breadcrumb\":{\"@id\":\"https:\/\/www.rodilloscodimar.com\/pt-pt\/produtos\/u26-positioner-palete-com-carga\/#breadcrumb\"},\"inLanguage\":\"pt-PT\",\"potentialAction\":[{\"@type\":\"ReadAction\",\"target\":[\"https:\/\/www.rodilloscodimar.com\/pt-pt\/produtos\/u26-positioner-palete-com-carga\/\"]}]},{\"@type\":\"ImageObject\",\"inLanguage\":\"pt-PT\",\"@id\":\"https:\/\/www.rodilloscodimar.com\/pt-pt\/produtos\/u26-positioner-palete-com-carga\/#primaryimage\",\"url\":\"https:\/\/www.rodilloscodimar.com\/wp-content\/uploads\/2018\/10\/u26-centrador-de-palet-con-carga2.jpg\",\"contentUrl\":\"https:\/\/www.rodilloscodimar.com\/wp-content\/uploads\/2018\/10\/u26-centrador-de-palet-con-carga2.jpg\",\"width\":1024,\"height\":592},{\"@type\":\"BreadcrumbList\",\"@id\":\"https:\/\/www.rodilloscodimar.com\/pt-pt\/produtos\/u26-positioner-palete-com-carga\/#breadcrumb\",\"itemListElement\":[{\"@type\":\"ListItem\",\"position\":1,\"name\":\"Portada\",\"item\":\"https:\/\/www.rodilloscodimar.com\/pt-pt\/\"},{\"@type\":\"ListItem\",\"position\":2,\"name\":\"Tienda\",\"item\":\"https:\/\/www.rodilloscodimar.com\/tienda\/\"},{\"@type\":\"ListItem\",\"position\":3,\"name\":\"Posicionador de paletes U26 com carga\"}]},{\"@type\":\"WebSite\",\"@id\":\"https:\/\/www.rodilloscodimar.com\/pt-pt\/#website\",\"url\":\"https:\/\/www.rodilloscodimar.com\/pt-pt\/\",\"name\":\"CODIMAR\",\"description\":\"Frabricante de Componentes , Rodillos, Estaciones y M\u00e1quinas.\",\"publisher\":{\"@id\":\"https:\/\/www.rodilloscodimar.com\/pt-pt\/#organization\"},\"potentialAction\":[{\"@type\":\"SearchAction\",\"target\":{\"@type\":\"EntryPoint\",\"urlTemplate\":\"https:\/\/www.rodilloscodimar.com\/pt-pt\/?s={search_term_string}\"},\"query-input\":{\"@type\":\"PropertyValueSpecification\",\"valueRequired\":true,\"valueName\":\"search_term_string\"}}],\"inLanguage\":\"pt-PT\"},{\"@type\":\"Organization\",\"@id\":\"https:\/\/www.rodilloscodimar.com\/pt-pt\/#organization\",\"name\":\"Rodillos Codimar\",\"url\":\"https:\/\/www.rodilloscodimar.com\/pt-pt\/\",\"logo\":{\"@type\":\"ImageObject\",\"inLanguage\":\"pt-PT\",\"@id\":\"https:\/\/www.rodilloscodimar.com\/pt-pt\/#\/schema\/logo\/image\/\",\"url\":\"https:\/\/www.rodilloscodimar.com\/wp-content\/uploads\/2020\/01\/logo-email.jpg\",\"contentUrl\":\"https:\/\/www.rodilloscodimar.com\/wp-content\/uploads\/2020\/01\/logo-email.jpg\",\"width\":300,\"height\":299,\"caption\":\"Rodillos Codimar\"},\"image\":{\"@id\":\"https:\/\/www.rodilloscodimar.com\/pt-pt\/#\/schema\/logo\/image\/\"}}]}<\/script>\n<!-- \/ Yoast SEO plugin. -->","yoast_head_json":{"title":"Posicionador de paletes U26 com Carga - Acess\u00f3rios - Rodillos Codimar S.L.","description":"O posicionador de paletes U26 com carga \u00e9 utilizado em transportadores de rolos onde \u00e9 necess\u00e1rio colocar a palete no centro do transportador, para manuseamento.","robots":{"index":"index","follow":"follow","max-snippet":"max-snippet:-1","max-image-preview":"max-image-preview:large","max-video-preview":"max-video-preview:-1"},"canonical":"https:\/\/www.rodilloscodimar.com\/pt-pt\/produtos\/u26-positioner-palete-com-carga\/","og_locale":"pt_PT","og_type":"article","og_title":"Posicionador de paletes U26 com Carga - Acess\u00f3rios - Rodillos Codimar S.L.","og_description":"O posicionador de paletes U26 com carga \u00e9 utilizado em transportadores de rolos onde \u00e9 necess\u00e1rio colocar a palete no centro do transportador, para manuseamento.","og_url":"https:\/\/www.rodilloscodimar.com\/pt-pt\/produtos\/u26-positioner-palete-com-carga\/","og_site_name":"CODIMAR","og_image":[{"width":1024,"height":592,"url":"https:\/\/www.rodilloscodimar.com\/wp-content\/uploads\/2018\/10\/u26-centrador-de-palet-con-carga2.jpg","type":"image\/jpeg"}],"twitter_card":"summary_large_image","schema":{"@context":"https:\/\/schema.org","@graph":[{"@type":"WebPage","@id":"https:\/\/www.rodilloscodimar.com\/pt-pt\/produtos\/u26-positioner-palete-com-carga\/","url":"https:\/\/www.rodilloscodimar.com\/pt-pt\/produtos\/u26-positioner-palete-com-carga\/","name":"Posicionador de paletes U26 com Carga - Acess\u00f3rios - Rodillos Codimar S.L.","isPartOf":{"@id":"https:\/\/www.rodilloscodimar.com\/pt-pt\/#website"},"primaryImageOfPage":{"@id":"https:\/\/www.rodilloscodimar.com\/pt-pt\/produtos\/u26-positioner-palete-com-carga\/#primaryimage"},"image":{"@id":"https:\/\/www.rodilloscodimar.com\/pt-pt\/produtos\/u26-positioner-palete-com-carga\/#primaryimage"},"thumbnailUrl":"https:\/\/www.rodilloscodimar.com\/wp-content\/uploads\/2018\/10\/u26-centrador-de-palet-con-carga2.jpg","datePublished":"2020-12-15T17:30:08+00:00","description":"O posicionador de paletes U26 com carga \u00e9 utilizado em transportadores de rolos onde \u00e9 necess\u00e1rio colocar a palete no centro do transportador, para manuseamento.","breadcrumb":{"@id":"https:\/\/www.rodilloscodimar.com\/pt-pt\/produtos\/u26-positioner-palete-com-carga\/#breadcrumb"},"inLanguage":"pt-PT","potentialAction":[{"@type":"ReadAction","target":["https:\/\/www.rodilloscodimar.com\/pt-pt\/produtos\/u26-positioner-palete-com-carga\/"]}]},{"@type":"ImageObject","inLanguage":"pt-PT","@id":"https:\/\/www.rodilloscodimar.com\/pt-pt\/produtos\/u26-positioner-palete-com-carga\/#primaryimage","url":"https:\/\/www.rodilloscodimar.com\/wp-content\/uploads\/2018\/10\/u26-centrador-de-palet-con-carga2.jpg","contentUrl":"https:\/\/www.rodilloscodimar.com\/wp-content\/uploads\/2018\/10\/u26-centrador-de-palet-con-carga2.jpg","width":1024,"height":592},{"@type":"BreadcrumbList","@id":"https:\/\/www.rodilloscodimar.com\/pt-pt\/produtos\/u26-positioner-palete-com-carga\/#breadcrumb","itemListElement":[{"@type":"ListItem","position":1,"name":"Portada","item":"https:\/\/www.rodilloscodimar.com\/pt-pt\/"},{"@type":"ListItem","position":2,"name":"Tienda","item":"https:\/\/www.rodilloscodimar.com\/tienda\/"},{"@type":"ListItem","position":3,"name":"Posicionador de paletes U26 com carga"}]},{"@type":"WebSite","@id":"https:\/\/www.rodilloscodimar.com\/pt-pt\/#website","url":"https:\/\/www.rodilloscodimar.com\/pt-pt\/","name":"CODIMAR","description":"Frabricante de Componentes , Rodillos, Estaciones y M\u00e1quinas.","publisher":{"@id":"https:\/\/www.rodilloscodimar.com\/pt-pt\/#organization"},"potentialAction":[{"@type":"SearchAction","target":{"@type":"EntryPoint","urlTemplate":"https:\/\/www.rodilloscodimar.com\/pt-pt\/?s={search_term_string}"},"query-input":{"@type":"PropertyValueSpecification","valueRequired":true,"valueName":"search_term_string"}}],"inLanguage":"pt-PT"},{"@type":"Organization","@id":"https:\/\/www.rodilloscodimar.com\/pt-pt\/#organization","name":"Rodillos Codimar","url":"https:\/\/www.rodilloscodimar.com\/pt-pt\/","logo":{"@type":"ImageObject","inLanguage":"pt-PT","@id":"https:\/\/www.rodilloscodimar.com\/pt-pt\/#\/schema\/logo\/image\/","url":"https:\/\/www.rodilloscodimar.com\/wp-content\/uploads\/2020\/01\/logo-email.jpg","contentUrl":"https:\/\/www.rodilloscodimar.com\/wp-content\/uploads\/2020\/01\/logo-email.jpg","width":300,"height":299,"caption":"Rodillos Codimar"},"image":{"@id":"https:\/\/www.rodilloscodimar.com\/pt-pt\/#\/schema\/logo\/image\/"}}]}},"_links":{"self":[{"href":"https:\/\/www.rodilloscodimar.com\/pt-pt\/wp-json\/wp\/v2\/product\/5334","targetHints":{"allow":["GET"]}}],"collection":[{"href":"https:\/\/www.rodilloscodimar.com\/pt-pt\/wp-json\/wp\/v2\/product"}],"about":[{"href":"https:\/\/www.rodilloscodimar.com\/pt-pt\/wp-json\/wp\/v2\/types\/product"}],"wp:featuredmedia":[{"embeddable":true,"href":"https:\/\/www.rodilloscodimar.com\/pt-pt\/wp-json\/wp\/v2\/media\/5335"}],"wp:attachment":[{"href":"https:\/\/www.rodilloscodimar.com\/pt-pt\/wp-json\/wp\/v2\/media?parent=5334"}],"wp:term":[{"taxonomy":"product_brand","embeddable":true,"href":"https:\/\/www.rodilloscodimar.com\/pt-pt\/wp-json\/wp\/v2\/product_brand?post=5334"},{"taxonomy":"product_cat","embeddable":true,"href":"https:\/\/www.rodilloscodimar.com\/pt-pt\/wp-json\/wp\/v2\/product_cat?post=5334"},{"taxonomy":"product_tag","embeddable":true,"href":"https:\/\/www.rodilloscodimar.com\/pt-pt\/wp-json\/wp\/v2\/product_tag?post=5334"}],"curies":[{"name":"wp","href":"https:\/\/api.w.org\/{rel}","templated":true}]}}