{"id":5246,"date":"2018-10-08T17:10:02","date_gmt":"2020-12-15T17:17:20","guid":{"rendered":"https:\/\/www.rodilloscodimar.com\/producto\/transferencia-em-cadeia-t35\/"},"modified":"2020-12-15T18:17:20","modified_gmt":"2020-12-15T17:17:20","slug":"t35-transfer-of-chains-chains","status":"publish","type":"product","link":"https:\/\/www.rodilloscodimar.com\/pt-pt\/produtos\/t35-transfer-of-chains-chains\/","title":{"rendered":"Transfer\u00eancia em cadeia T35"},"content":{"rendered":"<ul>\n<li>Comprimento: 1500 a 3000 mm<\/li>\n<li>Largura \u00fatil: 800 a 1500 mm<\/li>\n<li>Capacidade m\u00e1xima de carga: 2000 kg<\/li>\n<li>Elevador de c\u00e2mara mec\u00e2nica<\/li>\n<li>Quadro: Carbono \/ A\u00e7o Inoxid\u00e1vel<\/li>\n<li>Acabamento: Pintado \/ Cincado \/ Esguicho<\/li>\n<li>Velocidade TDC: 8 a 20 m\/min<\/li>\n<li>Motoriza\u00e7\u00e3o transportadora: central ou cabe\u00e7a.<\/li>\n<li>Motoriza\u00e7\u00e3o de eleva\u00e7\u00e3o: trav\u00e3o parar<\/li>\n<li>P\u00e9s nivelamento ajust\u00e1veis em altura \u00b1 50mm<\/li>\n<\/ul>\n","protected":false},"excerpt":{"rendered":"<p>Equipamento usado para fazer mudan\u00e7as de dire\u00e7\u00e3o numa linha de envio. \u00c9 uma <strong>m\u00e1quina mista que incorpora dois transportadores de cadeia e um elevador,<\/strong>no qual um dos dois transportadores permanece fixo e o outro sobe.<\/p>\n","protected":false},"featured_media":5247,"template":"","meta":{"_joinchat":[]},"product_brand":[],"product_cat":[200],"product_tag":[],"class_list":{"0":"post-5246","1":"product","2":"type-product","3":"status-publish","4":"has-post-thumbnail","6":"product_cat-transferencias-pt-pt-2","8":"first","9":"instock","10":"shipping-taxable","11":"product-type-simple"},"yoast_head":"<!-- This site is optimized with the Yoast SEO plugin v27.2 - https:\/\/yoast.com\/product\/yoast-seo-wordpress\/ -->\n<title>Transfer\u00eancia de corrente T35? Transfer\u00eancias Rodillos Codimar S.L<\/title>\n<meta name=\"description\" content=\"Equipamento T35 Chain Transfer-Chains usado para fazer altera\u00e7\u00f5es de dire\u00e7\u00e3o numa linha de transporte. Esta \u00e9 uma m\u00e1quina mista.\" \/>\n<meta name=\"robots\" content=\"index, follow, max-snippet:-1, max-image-preview:large, max-video-preview:-1\" \/>\n<link rel=\"canonical\" href=\"https:\/\/www.rodilloscodimar.com\/pt-pt\/produtos\/t35-transfer-of-chains-chains\/\" \/>\n<meta property=\"og:locale\" content=\"pt_PT\" \/>\n<meta property=\"og:type\" content=\"article\" \/>\n<meta property=\"og:title\" content=\"Transfer\u00eancia de corrente T35? Transfer\u00eancias Rodillos Codimar S.L\" \/>\n<meta property=\"og:description\" content=\"Equipamento T35 Chain Transfer-Chains usado para fazer altera\u00e7\u00f5es de dire\u00e7\u00e3o numa linha de transporte. Esta \u00e9 uma m\u00e1quina mista.\" \/>\n<meta property=\"og:url\" content=\"https:\/\/www.rodilloscodimar.com\/pt-pt\/produtos\/t35-transfer-of-chains-chains\/\" \/>\n<meta property=\"og:site_name\" content=\"CODIMAR\" \/>\n<meta property=\"og:image\" content=\"https:\/\/www.rodilloscodimar.com\/wp-content\/uploads\/2018\/10\/T35-HR3736.149.jpg\" \/>\n\t<meta property=\"og:image:width\" content=\"1080\" \/>\n\t<meta property=\"og:image:height\" content=\"1080\" \/>\n\t<meta property=\"og:image:type\" content=\"image\/jpeg\" \/>\n<meta name=\"twitter:card\" content=\"summary_large_image\" \/>\n<script type=\"application\/ld+json\" class=\"yoast-schema-graph\">{\"@context\":\"https:\/\/schema.org\",\"@graph\":[{\"@type\":\"WebPage\",\"@id\":\"https:\/\/www.rodilloscodimar.com\/pt-pt\/produtos\/t35-transfer-of-chains-chains\/\",\"url\":\"https:\/\/www.rodilloscodimar.com\/pt-pt\/produtos\/t35-transfer-of-chains-chains\/\",\"name\":\"Transfer\u00eancia de corrente T35? Transfer\u00eancias Rodillos Codimar S.L\",\"isPartOf\":{\"@id\":\"https:\/\/www.rodilloscodimar.com\/pt-pt\/#website\"},\"primaryImageOfPage\":{\"@id\":\"https:\/\/www.rodilloscodimar.com\/pt-pt\/produtos\/t35-transfer-of-chains-chains\/#primaryimage\"},\"image\":{\"@id\":\"https:\/\/www.rodilloscodimar.com\/pt-pt\/produtos\/t35-transfer-of-chains-chains\/#primaryimage\"},\"thumbnailUrl\":\"https:\/\/www.rodilloscodimar.com\/wp-content\/uploads\/2018\/10\/T35-HR3736.149.jpg\",\"datePublished\":\"2020-12-15T17:17:20+00:00\",\"description\":\"Equipamento T35 Chain Transfer-Chains usado para fazer altera\u00e7\u00f5es de dire\u00e7\u00e3o numa linha de transporte. Esta \u00e9 uma m\u00e1quina mista.\",\"breadcrumb\":{\"@id\":\"https:\/\/www.rodilloscodimar.com\/pt-pt\/produtos\/t35-transfer-of-chains-chains\/#breadcrumb\"},\"inLanguage\":\"pt-PT\",\"potentialAction\":[{\"@type\":\"ReadAction\",\"target\":[\"https:\/\/www.rodilloscodimar.com\/pt-pt\/produtos\/t35-transfer-of-chains-chains\/\"]}]},{\"@type\":\"ImageObject\",\"inLanguage\":\"pt-PT\",\"@id\":\"https:\/\/www.rodilloscodimar.com\/pt-pt\/produtos\/t35-transfer-of-chains-chains\/#primaryimage\",\"url\":\"https:\/\/www.rodilloscodimar.com\/wp-content\/uploads\/2018\/10\/T35-HR3736.149.jpg\",\"contentUrl\":\"https:\/\/www.rodilloscodimar.com\/wp-content\/uploads\/2018\/10\/T35-HR3736.149.jpg\",\"width\":1080,\"height\":1080},{\"@type\":\"BreadcrumbList\",\"@id\":\"https:\/\/www.rodilloscodimar.com\/pt-pt\/produtos\/t35-transfer-of-chains-chains\/#breadcrumb\",\"itemListElement\":[{\"@type\":\"ListItem\",\"position\":1,\"name\":\"Portada\",\"item\":\"https:\/\/www.rodilloscodimar.com\/pt-pt\/\"},{\"@type\":\"ListItem\",\"position\":2,\"name\":\"Tienda\",\"item\":\"https:\/\/www.rodilloscodimar.com\/tienda\/\"},{\"@type\":\"ListItem\",\"position\":3,\"name\":\"Transfer\u00eancia em cadeia T35\"}]},{\"@type\":\"WebSite\",\"@id\":\"https:\/\/www.rodilloscodimar.com\/pt-pt\/#website\",\"url\":\"https:\/\/www.rodilloscodimar.com\/pt-pt\/\",\"name\":\"CODIMAR\",\"description\":\"Frabricante de Componentes , Rodillos, Estaciones y M\u00e1quinas.\",\"publisher\":{\"@id\":\"https:\/\/www.rodilloscodimar.com\/pt-pt\/#organization\"},\"potentialAction\":[{\"@type\":\"SearchAction\",\"target\":{\"@type\":\"EntryPoint\",\"urlTemplate\":\"https:\/\/www.rodilloscodimar.com\/pt-pt\/?s={search_term_string}\"},\"query-input\":{\"@type\":\"PropertyValueSpecification\",\"valueRequired\":true,\"valueName\":\"search_term_string\"}}],\"inLanguage\":\"pt-PT\"},{\"@type\":\"Organization\",\"@id\":\"https:\/\/www.rodilloscodimar.com\/pt-pt\/#organization\",\"name\":\"Rodillos Codimar\",\"url\":\"https:\/\/www.rodilloscodimar.com\/pt-pt\/\",\"logo\":{\"@type\":\"ImageObject\",\"inLanguage\":\"pt-PT\",\"@id\":\"https:\/\/www.rodilloscodimar.com\/pt-pt\/#\/schema\/logo\/image\/\",\"url\":\"https:\/\/www.rodilloscodimar.com\/wp-content\/uploads\/2020\/01\/logo-email.jpg\",\"contentUrl\":\"https:\/\/www.rodilloscodimar.com\/wp-content\/uploads\/2020\/01\/logo-email.jpg\",\"width\":300,\"height\":299,\"caption\":\"Rodillos Codimar\"},\"image\":{\"@id\":\"https:\/\/www.rodilloscodimar.com\/pt-pt\/#\/schema\/logo\/image\/\"}}]}<\/script>\n<!-- \/ Yoast SEO plugin. -->","yoast_head_json":{"title":"Transfer\u00eancia de corrente T35? Transfer\u00eancias Rodillos Codimar S.L","description":"Equipamento T35 Chain Transfer-Chains usado para fazer altera\u00e7\u00f5es de dire\u00e7\u00e3o numa linha de transporte. Esta \u00e9 uma m\u00e1quina mista.","robots":{"index":"index","follow":"follow","max-snippet":"max-snippet:-1","max-image-preview":"max-image-preview:large","max-video-preview":"max-video-preview:-1"},"canonical":"https:\/\/www.rodilloscodimar.com\/pt-pt\/produtos\/t35-transfer-of-chains-chains\/","og_locale":"pt_PT","og_type":"article","og_title":"Transfer\u00eancia de corrente T35? Transfer\u00eancias Rodillos Codimar S.L","og_description":"Equipamento T35 Chain Transfer-Chains usado para fazer altera\u00e7\u00f5es de dire\u00e7\u00e3o numa linha de transporte. Esta \u00e9 uma m\u00e1quina mista.","og_url":"https:\/\/www.rodilloscodimar.com\/pt-pt\/produtos\/t35-transfer-of-chains-chains\/","og_site_name":"CODIMAR","og_image":[{"width":1080,"height":1080,"url":"https:\/\/www.rodilloscodimar.com\/wp-content\/uploads\/2018\/10\/T35-HR3736.149.jpg","type":"image\/jpeg"}],"twitter_card":"summary_large_image","schema":{"@context":"https:\/\/schema.org","@graph":[{"@type":"WebPage","@id":"https:\/\/www.rodilloscodimar.com\/pt-pt\/produtos\/t35-transfer-of-chains-chains\/","url":"https:\/\/www.rodilloscodimar.com\/pt-pt\/produtos\/t35-transfer-of-chains-chains\/","name":"Transfer\u00eancia de corrente T35? Transfer\u00eancias Rodillos Codimar S.L","isPartOf":{"@id":"https:\/\/www.rodilloscodimar.com\/pt-pt\/#website"},"primaryImageOfPage":{"@id":"https:\/\/www.rodilloscodimar.com\/pt-pt\/produtos\/t35-transfer-of-chains-chains\/#primaryimage"},"image":{"@id":"https:\/\/www.rodilloscodimar.com\/pt-pt\/produtos\/t35-transfer-of-chains-chains\/#primaryimage"},"thumbnailUrl":"https:\/\/www.rodilloscodimar.com\/wp-content\/uploads\/2018\/10\/T35-HR3736.149.jpg","datePublished":"2020-12-15T17:17:20+00:00","description":"Equipamento T35 Chain Transfer-Chains usado para fazer altera\u00e7\u00f5es de dire\u00e7\u00e3o numa linha de transporte. Esta \u00e9 uma m\u00e1quina mista.","breadcrumb":{"@id":"https:\/\/www.rodilloscodimar.com\/pt-pt\/produtos\/t35-transfer-of-chains-chains\/#breadcrumb"},"inLanguage":"pt-PT","potentialAction":[{"@type":"ReadAction","target":["https:\/\/www.rodilloscodimar.com\/pt-pt\/produtos\/t35-transfer-of-chains-chains\/"]}]},{"@type":"ImageObject","inLanguage":"pt-PT","@id":"https:\/\/www.rodilloscodimar.com\/pt-pt\/produtos\/t35-transfer-of-chains-chains\/#primaryimage","url":"https:\/\/www.rodilloscodimar.com\/wp-content\/uploads\/2018\/10\/T35-HR3736.149.jpg","contentUrl":"https:\/\/www.rodilloscodimar.com\/wp-content\/uploads\/2018\/10\/T35-HR3736.149.jpg","width":1080,"height":1080},{"@type":"BreadcrumbList","@id":"https:\/\/www.rodilloscodimar.com\/pt-pt\/produtos\/t35-transfer-of-chains-chains\/#breadcrumb","itemListElement":[{"@type":"ListItem","position":1,"name":"Portada","item":"https:\/\/www.rodilloscodimar.com\/pt-pt\/"},{"@type":"ListItem","position":2,"name":"Tienda","item":"https:\/\/www.rodilloscodimar.com\/tienda\/"},{"@type":"ListItem","position":3,"name":"Transfer\u00eancia em cadeia T35"}]},{"@type":"WebSite","@id":"https:\/\/www.rodilloscodimar.com\/pt-pt\/#website","url":"https:\/\/www.rodilloscodimar.com\/pt-pt\/","name":"CODIMAR","description":"Frabricante de Componentes , Rodillos, Estaciones y M\u00e1quinas.","publisher":{"@id":"https:\/\/www.rodilloscodimar.com\/pt-pt\/#organization"},"potentialAction":[{"@type":"SearchAction","target":{"@type":"EntryPoint","urlTemplate":"https:\/\/www.rodilloscodimar.com\/pt-pt\/?s={search_term_string}"},"query-input":{"@type":"PropertyValueSpecification","valueRequired":true,"valueName":"search_term_string"}}],"inLanguage":"pt-PT"},{"@type":"Organization","@id":"https:\/\/www.rodilloscodimar.com\/pt-pt\/#organization","name":"Rodillos Codimar","url":"https:\/\/www.rodilloscodimar.com\/pt-pt\/","logo":{"@type":"ImageObject","inLanguage":"pt-PT","@id":"https:\/\/www.rodilloscodimar.com\/pt-pt\/#\/schema\/logo\/image\/","url":"https:\/\/www.rodilloscodimar.com\/wp-content\/uploads\/2020\/01\/logo-email.jpg","contentUrl":"https:\/\/www.rodilloscodimar.com\/wp-content\/uploads\/2020\/01\/logo-email.jpg","width":300,"height":299,"caption":"Rodillos Codimar"},"image":{"@id":"https:\/\/www.rodilloscodimar.com\/pt-pt\/#\/schema\/logo\/image\/"}}]}},"_links":{"self":[{"href":"https:\/\/www.rodilloscodimar.com\/pt-pt\/wp-json\/wp\/v2\/product\/5246","targetHints":{"allow":["GET"]}}],"collection":[{"href":"https:\/\/www.rodilloscodimar.com\/pt-pt\/wp-json\/wp\/v2\/product"}],"about":[{"href":"https:\/\/www.rodilloscodimar.com\/pt-pt\/wp-json\/wp\/v2\/types\/product"}],"wp:featuredmedia":[{"embeddable":true,"href":"https:\/\/www.rodilloscodimar.com\/pt-pt\/wp-json\/wp\/v2\/media\/5247"}],"wp:attachment":[{"href":"https:\/\/www.rodilloscodimar.com\/pt-pt\/wp-json\/wp\/v2\/media?parent=5246"}],"wp:term":[{"taxonomy":"product_brand","embeddable":true,"href":"https:\/\/www.rodilloscodimar.com\/pt-pt\/wp-json\/wp\/v2\/product_brand?post=5246"},{"taxonomy":"product_cat","embeddable":true,"href":"https:\/\/www.rodilloscodimar.com\/pt-pt\/wp-json\/wp\/v2\/product_cat?post=5246"},{"taxonomy":"product_tag","embeddable":true,"href":"https:\/\/www.rodilloscodimar.com\/pt-pt\/wp-json\/wp\/v2\/product_tag?post=5246"}],"curies":[{"name":"wp","href":"https:\/\/api.w.org\/{rel}","templated":true}]}}