{"id":5188,"date":"2018-10-08T16:49:20","date_gmt":"2020-12-15T17:05:54","guid":{"rendered":"https:\/\/www.rodilloscodimar.com\/producto\/w40-360o-spin-table\/"},"modified":"2020-12-15T18:05:54","modified_gmt":"2020-12-15T17:05:54","slug":"w40-mesa-turn-360o","status":"publish","type":"product","link":"https:\/\/www.rodilloscodimar.com\/pt-pt\/produtos\/w40-mesa-turn-360o\/","title":{"rendered":"W40 360o Spin Table"},"content":{"rendered":"<ul>\n<li>N\u00edvel de ru\u00eddo: baixo<\/li>\n<li>Comprimento: 600 a 1500 mm<\/li>\n<li>Largura \u00fatil: 600 a 1500 mm<\/li>\n<li>Setor de viragem: 360o<\/li>\n<li>Capacidade m\u00e1xima de carga: 2000 kg<\/li>\n<li>Ocupa\u00e7\u00e3o no ch\u00e3o: 2000mm aprox.<\/li>\n<li>Quadro: Carbono \/ A\u00e7o Inoxid\u00e1vel<\/li>\n<li>Acabamento: Pintado \/ Cincado \/ Esguicho<\/li>\n<li>Velocidade do transportador: 8 a 20 m\/min<\/li>\n<li>Velocidade de viragem: 5 rpm<\/li>\n<li>Motoriza\u00e7\u00e3o transportadora: central ou cabe\u00e7a.<\/li>\n<li>Motoriza\u00e7\u00e3o de viragem: Paragem do trav\u00e3o<\/li>\n<li>P\u00e9s nivelamento ajust\u00e1veis em altura \u00b1 50mm<\/li>\n<\/ul>\n","protected":false},"excerpt":{"rendered":"<p>Esta m\u00e1quina \u00e9 utilizada para fazer altera\u00e7\u00f5es de dire\u00e7\u00e3o e liga uma linha de transporte de 360 graus.<\/p>\n<p>A sequ\u00eancia de viragem pode ser de 360 graus com contra-retorno ou voltas completas na mesma dire\u00e7\u00e3o.<\/p>\n<p>Este dispositivo pode incorporar um transportador de rolos, um transportador de corrente ou uma transfer\u00eancia.<\/p>\n","protected":false},"featured_media":5189,"template":"","meta":{"_joinchat":[]},"product_brand":[],"product_cat":[199],"product_tag":[],"class_list":{"0":"post-5188","1":"product","2":"type-product","3":"status-publish","4":"has-post-thumbnail","6":"product_cat-mesa-de-giro-pt-pt","8":"first","9":"instock","10":"shipping-taxable","11":"product-type-simple"},"yoast_head":"<!-- This site is optimized with the Yoast SEO plugin v27.2 - https:\/\/yoast.com\/product\/yoast-seo-wordpress\/ -->\n<title>W40 360o Spin Table? Mesas de giro Rodillos Codimar S.L.<\/title>\n<meta name=\"description\" content=\"W40 Table Turn 360o A sequ\u00eancia de viragem pode ser 360o com retorno na dire\u00e7\u00e3o oposta ou voltas completas na mesma dire\u00e7\u00e3o.\" \/>\n<meta name=\"robots\" content=\"index, follow, max-snippet:-1, max-image-preview:large, max-video-preview:-1\" \/>\n<link rel=\"canonical\" href=\"https:\/\/www.rodilloscodimar.com\/pt-pt\/produtos\/w40-mesa-turn-360o\/\" \/>\n<meta property=\"og:locale\" content=\"pt_PT\" \/>\n<meta property=\"og:type\" content=\"article\" \/>\n<meta property=\"og:title\" content=\"W40 360o Spin Table? Mesas de giro Rodillos Codimar S.L.\" \/>\n<meta property=\"og:description\" content=\"W40 Table Turn 360o A sequ\u00eancia de viragem pode ser 360o com retorno na dire\u00e7\u00e3o oposta ou voltas completas na mesma dire\u00e7\u00e3o.\" \/>\n<meta property=\"og:url\" content=\"https:\/\/www.rodilloscodimar.com\/pt-pt\/produtos\/w40-mesa-turn-360o\/\" \/>\n<meta property=\"og:site_name\" content=\"CODIMAR\" \/>\n<meta property=\"og:image\" content=\"https:\/\/www.rodilloscodimar.com\/wp-content\/uploads\/2018\/10\/W40-0001.50.jpg\" \/>\n\t<meta property=\"og:image:width\" content=\"1080\" \/>\n\t<meta property=\"og:image:height\" content=\"1080\" \/>\n\t<meta property=\"og:image:type\" content=\"image\/jpeg\" \/>\n<meta name=\"twitter:card\" content=\"summary_large_image\" \/>\n<script type=\"application\/ld+json\" class=\"yoast-schema-graph\">{\"@context\":\"https:\/\/schema.org\",\"@graph\":[{\"@type\":\"WebPage\",\"@id\":\"https:\/\/www.rodilloscodimar.com\/pt-pt\/produtos\/w40-mesa-turn-360o\/\",\"url\":\"https:\/\/www.rodilloscodimar.com\/pt-pt\/produtos\/w40-mesa-turn-360o\/\",\"name\":\"W40 360o Spin Table? Mesas de giro Rodillos Codimar S.L.\",\"isPartOf\":{\"@id\":\"https:\/\/www.rodilloscodimar.com\/pt-pt\/#website\"},\"primaryImageOfPage\":{\"@id\":\"https:\/\/www.rodilloscodimar.com\/pt-pt\/produtos\/w40-mesa-turn-360o\/#primaryimage\"},\"image\":{\"@id\":\"https:\/\/www.rodilloscodimar.com\/pt-pt\/produtos\/w40-mesa-turn-360o\/#primaryimage\"},\"thumbnailUrl\":\"https:\/\/www.rodilloscodimar.com\/wp-content\/uploads\/2018\/10\/W40-0001.50.jpg\",\"datePublished\":\"2020-12-15T17:05:54+00:00\",\"description\":\"W40 Table Turn 360o A sequ\u00eancia de viragem pode ser 360o com retorno na dire\u00e7\u00e3o oposta ou voltas completas na mesma dire\u00e7\u00e3o.\",\"breadcrumb\":{\"@id\":\"https:\/\/www.rodilloscodimar.com\/pt-pt\/produtos\/w40-mesa-turn-360o\/#breadcrumb\"},\"inLanguage\":\"pt-PT\",\"potentialAction\":[{\"@type\":\"ReadAction\",\"target\":[\"https:\/\/www.rodilloscodimar.com\/pt-pt\/produtos\/w40-mesa-turn-360o\/\"]}]},{\"@type\":\"ImageObject\",\"inLanguage\":\"pt-PT\",\"@id\":\"https:\/\/www.rodilloscodimar.com\/pt-pt\/produtos\/w40-mesa-turn-360o\/#primaryimage\",\"url\":\"https:\/\/www.rodilloscodimar.com\/wp-content\/uploads\/2018\/10\/W40-0001.50.jpg\",\"contentUrl\":\"https:\/\/www.rodilloscodimar.com\/wp-content\/uploads\/2018\/10\/W40-0001.50.jpg\",\"width\":1080,\"height\":1080},{\"@type\":\"BreadcrumbList\",\"@id\":\"https:\/\/www.rodilloscodimar.com\/pt-pt\/produtos\/w40-mesa-turn-360o\/#breadcrumb\",\"itemListElement\":[{\"@type\":\"ListItem\",\"position\":1,\"name\":\"Portada\",\"item\":\"https:\/\/www.rodilloscodimar.com\/pt-pt\/\"},{\"@type\":\"ListItem\",\"position\":2,\"name\":\"Tienda\",\"item\":\"https:\/\/www.rodilloscodimar.com\/tienda\/\"},{\"@type\":\"ListItem\",\"position\":3,\"name\":\"W40 360o Spin Table\"}]},{\"@type\":\"WebSite\",\"@id\":\"https:\/\/www.rodilloscodimar.com\/pt-pt\/#website\",\"url\":\"https:\/\/www.rodilloscodimar.com\/pt-pt\/\",\"name\":\"CODIMAR\",\"description\":\"Frabricante de Componentes , Rodillos, Estaciones y M\u00e1quinas.\",\"publisher\":{\"@id\":\"https:\/\/www.rodilloscodimar.com\/pt-pt\/#organization\"},\"potentialAction\":[{\"@type\":\"SearchAction\",\"target\":{\"@type\":\"EntryPoint\",\"urlTemplate\":\"https:\/\/www.rodilloscodimar.com\/pt-pt\/?s={search_term_string}\"},\"query-input\":{\"@type\":\"PropertyValueSpecification\",\"valueRequired\":true,\"valueName\":\"search_term_string\"}}],\"inLanguage\":\"pt-PT\"},{\"@type\":\"Organization\",\"@id\":\"https:\/\/www.rodilloscodimar.com\/pt-pt\/#organization\",\"name\":\"Rodillos Codimar\",\"url\":\"https:\/\/www.rodilloscodimar.com\/pt-pt\/\",\"logo\":{\"@type\":\"ImageObject\",\"inLanguage\":\"pt-PT\",\"@id\":\"https:\/\/www.rodilloscodimar.com\/pt-pt\/#\/schema\/logo\/image\/\",\"url\":\"https:\/\/www.rodilloscodimar.com\/wp-content\/uploads\/2020\/01\/logo-email.jpg\",\"contentUrl\":\"https:\/\/www.rodilloscodimar.com\/wp-content\/uploads\/2020\/01\/logo-email.jpg\",\"width\":300,\"height\":299,\"caption\":\"Rodillos Codimar\"},\"image\":{\"@id\":\"https:\/\/www.rodilloscodimar.com\/pt-pt\/#\/schema\/logo\/image\/\"}}]}<\/script>\n<!-- \/ Yoast SEO plugin. -->","yoast_head_json":{"title":"W40 360o Spin Table? Mesas de giro Rodillos Codimar S.L.","description":"W40 Table Turn 360o A sequ\u00eancia de viragem pode ser 360o com retorno na dire\u00e7\u00e3o oposta ou voltas completas na mesma dire\u00e7\u00e3o.","robots":{"index":"index","follow":"follow","max-snippet":"max-snippet:-1","max-image-preview":"max-image-preview:large","max-video-preview":"max-video-preview:-1"},"canonical":"https:\/\/www.rodilloscodimar.com\/pt-pt\/produtos\/w40-mesa-turn-360o\/","og_locale":"pt_PT","og_type":"article","og_title":"W40 360o Spin Table? Mesas de giro Rodillos Codimar S.L.","og_description":"W40 Table Turn 360o A sequ\u00eancia de viragem pode ser 360o com retorno na dire\u00e7\u00e3o oposta ou voltas completas na mesma dire\u00e7\u00e3o.","og_url":"https:\/\/www.rodilloscodimar.com\/pt-pt\/produtos\/w40-mesa-turn-360o\/","og_site_name":"CODIMAR","og_image":[{"width":1080,"height":1080,"url":"https:\/\/www.rodilloscodimar.com\/wp-content\/uploads\/2018\/10\/W40-0001.50.jpg","type":"image\/jpeg"}],"twitter_card":"summary_large_image","schema":{"@context":"https:\/\/schema.org","@graph":[{"@type":"WebPage","@id":"https:\/\/www.rodilloscodimar.com\/pt-pt\/produtos\/w40-mesa-turn-360o\/","url":"https:\/\/www.rodilloscodimar.com\/pt-pt\/produtos\/w40-mesa-turn-360o\/","name":"W40 360o Spin Table? Mesas de giro Rodillos Codimar S.L.","isPartOf":{"@id":"https:\/\/www.rodilloscodimar.com\/pt-pt\/#website"},"primaryImageOfPage":{"@id":"https:\/\/www.rodilloscodimar.com\/pt-pt\/produtos\/w40-mesa-turn-360o\/#primaryimage"},"image":{"@id":"https:\/\/www.rodilloscodimar.com\/pt-pt\/produtos\/w40-mesa-turn-360o\/#primaryimage"},"thumbnailUrl":"https:\/\/www.rodilloscodimar.com\/wp-content\/uploads\/2018\/10\/W40-0001.50.jpg","datePublished":"2020-12-15T17:05:54+00:00","description":"W40 Table Turn 360o A sequ\u00eancia de viragem pode ser 360o com retorno na dire\u00e7\u00e3o oposta ou voltas completas na mesma dire\u00e7\u00e3o.","breadcrumb":{"@id":"https:\/\/www.rodilloscodimar.com\/pt-pt\/produtos\/w40-mesa-turn-360o\/#breadcrumb"},"inLanguage":"pt-PT","potentialAction":[{"@type":"ReadAction","target":["https:\/\/www.rodilloscodimar.com\/pt-pt\/produtos\/w40-mesa-turn-360o\/"]}]},{"@type":"ImageObject","inLanguage":"pt-PT","@id":"https:\/\/www.rodilloscodimar.com\/pt-pt\/produtos\/w40-mesa-turn-360o\/#primaryimage","url":"https:\/\/www.rodilloscodimar.com\/wp-content\/uploads\/2018\/10\/W40-0001.50.jpg","contentUrl":"https:\/\/www.rodilloscodimar.com\/wp-content\/uploads\/2018\/10\/W40-0001.50.jpg","width":1080,"height":1080},{"@type":"BreadcrumbList","@id":"https:\/\/www.rodilloscodimar.com\/pt-pt\/produtos\/w40-mesa-turn-360o\/#breadcrumb","itemListElement":[{"@type":"ListItem","position":1,"name":"Portada","item":"https:\/\/www.rodilloscodimar.com\/pt-pt\/"},{"@type":"ListItem","position":2,"name":"Tienda","item":"https:\/\/www.rodilloscodimar.com\/tienda\/"},{"@type":"ListItem","position":3,"name":"W40 360o Spin Table"}]},{"@type":"WebSite","@id":"https:\/\/www.rodilloscodimar.com\/pt-pt\/#website","url":"https:\/\/www.rodilloscodimar.com\/pt-pt\/","name":"CODIMAR","description":"Frabricante de Componentes , Rodillos, Estaciones y M\u00e1quinas.","publisher":{"@id":"https:\/\/www.rodilloscodimar.com\/pt-pt\/#organization"},"potentialAction":[{"@type":"SearchAction","target":{"@type":"EntryPoint","urlTemplate":"https:\/\/www.rodilloscodimar.com\/pt-pt\/?s={search_term_string}"},"query-input":{"@type":"PropertyValueSpecification","valueRequired":true,"valueName":"search_term_string"}}],"inLanguage":"pt-PT"},{"@type":"Organization","@id":"https:\/\/www.rodilloscodimar.com\/pt-pt\/#organization","name":"Rodillos Codimar","url":"https:\/\/www.rodilloscodimar.com\/pt-pt\/","logo":{"@type":"ImageObject","inLanguage":"pt-PT","@id":"https:\/\/www.rodilloscodimar.com\/pt-pt\/#\/schema\/logo\/image\/","url":"https:\/\/www.rodilloscodimar.com\/wp-content\/uploads\/2020\/01\/logo-email.jpg","contentUrl":"https:\/\/www.rodilloscodimar.com\/wp-content\/uploads\/2020\/01\/logo-email.jpg","width":300,"height":299,"caption":"Rodillos Codimar"},"image":{"@id":"https:\/\/www.rodilloscodimar.com\/pt-pt\/#\/schema\/logo\/image\/"}}]}},"_links":{"self":[{"href":"https:\/\/www.rodilloscodimar.com\/pt-pt\/wp-json\/wp\/v2\/product\/5188","targetHints":{"allow":["GET"]}}],"collection":[{"href":"https:\/\/www.rodilloscodimar.com\/pt-pt\/wp-json\/wp\/v2\/product"}],"about":[{"href":"https:\/\/www.rodilloscodimar.com\/pt-pt\/wp-json\/wp\/v2\/types\/product"}],"wp:featuredmedia":[{"embeddable":true,"href":"https:\/\/www.rodilloscodimar.com\/pt-pt\/wp-json\/wp\/v2\/media\/5189"}],"wp:attachment":[{"href":"https:\/\/www.rodilloscodimar.com\/pt-pt\/wp-json\/wp\/v2\/media?parent=5188"}],"wp:term":[{"taxonomy":"product_brand","embeddable":true,"href":"https:\/\/www.rodilloscodimar.com\/pt-pt\/wp-json\/wp\/v2\/product_brand?post=5188"},{"taxonomy":"product_cat","embeddable":true,"href":"https:\/\/www.rodilloscodimar.com\/pt-pt\/wp-json\/wp\/v2\/product_cat?post=5188"},{"taxonomy":"product_tag","embeddable":true,"href":"https:\/\/www.rodilloscodimar.com\/pt-pt\/wp-json\/wp\/v2\/product_tag?post=5188"}],"curies":[{"name":"wp","href":"https:\/\/api.w.org\/{rel}","templated":true}]}}