{"id":5172,"date":"2018-10-08T14:00:57","date_gmt":"2020-12-15T17:05:35","guid":{"rendered":"https:\/\/www.rodilloscodimar.com\/producto\/transporte-de-rolo-motorizado-r20-belt-loop\/"},"modified":"2020-12-15T18:05:35","modified_gmt":"2020-12-15T17:05:35","slug":"r20-transportador-rolo-motorizado-por-loop-de-cinto","status":"publish","type":"product","link":"https:\/\/www.rodilloscodimar.com\/pt-pt\/produtos\/r20-transportador-rolo-motorizado-por-loop-de-cinto\/","title":{"rendered":"Transporte de rolo motorizado R20 Belt Loop"},"content":{"rendered":"<ul>\n<li>Comprimento: A determinar com base nos requisitos de instala\u00e7\u00e3o<\/li>\n<li>Largura \u00fatil: A determinar com base nas dimens\u00f5es do produto<\/li>\n<li>Capacidade m\u00e1xima de carga: A determinar de acordo com a largura do transportador e o arremesso do rolo.<\/li>\n<li>Rolo: 50 mm<\/li>\n<li>Material de rolo: Carbono \/ A\u00e7o Inoxid\u00e1vel \/ PVC<\/li>\n<li>Cabe\u00e7a: Termopl\u00e1stico \/ Met\u00e1lico<\/li>\n<li>Pinion: Termopl\u00e1stico<\/li>\n<li>Eixo: 10, 12, 14, 15 e 17 mm<\/li>\n<li>Tipo de rolo: Fixo \/ Acumula\u00e7\u00e3o<\/li>\n<li>Correia: Redondo \/ Sned \/ POLY-V<\/li>\n<li>Quadro: Carbono \/ A\u00e7o Inoxid\u00e1vel<\/li>\n<li>Acabamento: Pintado \/ Cincado \/ Esguicho<\/li>\n<li>Velocidade: 8 a 50 m\/min<\/li>\n<li>Motoriza\u00e7\u00e3o: central ou cabe\u00e7a.<\/li>\n<li>P\u00e9s nivelamento ajust\u00e1veis em altura \u00b1 50mm<\/li>\n<\/ul>\n","protected":false},"excerpt":{"rendered":"<p>A sua utiliza\u00e7\u00e3o centra-se no transporte de produtos leves com ou sem acumula\u00e7\u00e3o. A motoriza\u00e7\u00e3o pode ser por motor de engrenagem ou com motorrodillo, resultando num design mais compacto neste caso.<\/p>\n<p>A tra\u00e7\u00e3o do rolo pode ser executada por:<\/p>\n<ul>\n<li><strong>Correia redonda<\/strong><\/li>\n<li><strong>Correia de sned<\/strong><\/li>\n<li><strong>Correia POLY-V (permite altas velocidades)<\/strong><\/li>\n<li><strong>N\u00edvel de ru\u00eddo: baixo<\/strong><\/li>\n<ul>\n<p>A sua forma construtiva permite uma f\u00e1cil <strong>integra\u00e7\u00e3o em linhas existentes ou novas.<\/strong><\/p>\n","protected":false},"featured_media":5173,"template":"","meta":{"_joinchat":[]},"product_brand":[],"product_cat":[192],"product_tag":[],"class_list":{"0":"post-5172","1":"product","2":"type-product","3":"status-publish","4":"has-post-thumbnail","6":"product_cat-transportadores-de-rolos-motorizados","8":"first","9":"instock","10":"shipping-taxable","11":"product-type-simple"},"yoast_head":"<!-- This site is optimized with the Yoast SEO plugin v27.2 - https:\/\/yoast.com\/product\/yoast-seo-wordpress\/ -->\n<title>Transporte de rolo motorizado R20 Belt Loop Rio Codimar<\/title>\n<meta name=\"description\" content=\"R20 Belt Loop Motorizado Rolo Transportador a sua utiliza\u00e7\u00e3o est\u00e1 focada no transporte de produtos leves com ou sem acumula\u00e7\u00e3o.\" \/>\n<meta name=\"robots\" content=\"index, follow, max-snippet:-1, max-image-preview:large, max-video-preview:-1\" \/>\n<link rel=\"canonical\" href=\"https:\/\/www.rodilloscodimar.com\/pt-pt\/produtos\/r20-transportador-rolo-motorizado-por-loop-de-cinto\/\" \/>\n<meta property=\"og:locale\" content=\"pt_PT\" \/>\n<meta property=\"og:type\" content=\"article\" \/>\n<meta property=\"og:title\" content=\"Transporte de rolo motorizado R20 Belt Loop Rio Codimar\" \/>\n<meta property=\"og:description\" content=\"R20 Belt Loop Motorizado Rolo Transportador a sua utiliza\u00e7\u00e3o est\u00e1 focada no transporte de produtos leves com ou sem acumula\u00e7\u00e3o.\" \/>\n<meta property=\"og:url\" content=\"https:\/\/www.rodilloscodimar.com\/pt-pt\/produtos\/r20-transportador-rolo-motorizado-por-loop-de-cinto\/\" \/>\n<meta property=\"og:site_name\" content=\"CODIMAR\" \/>\n<meta property=\"og:image\" content=\"https:\/\/www.rodilloscodimar.com\/wp-content\/uploads\/2018\/10\/R22-0004_1.jpg\" \/>\n\t<meta property=\"og:image:width\" content=\"1080\" \/>\n\t<meta property=\"og:image:height\" content=\"1080\" \/>\n\t<meta property=\"og:image:type\" content=\"image\/jpeg\" \/>\n<meta name=\"twitter:card\" content=\"summary_large_image\" \/>\n<meta name=\"twitter:label1\" content=\"Tempo estimado de leitura\" \/>\n\t<meta name=\"twitter:data1\" content=\"1 minuto\" \/>\n<script type=\"application\/ld+json\" class=\"yoast-schema-graph\">{\"@context\":\"https:\/\/schema.org\",\"@graph\":[{\"@type\":\"WebPage\",\"@id\":\"https:\/\/www.rodilloscodimar.com\/pt-pt\/produtos\/r20-transportador-rolo-motorizado-por-loop-de-cinto\/\",\"url\":\"https:\/\/www.rodilloscodimar.com\/pt-pt\/produtos\/r20-transportador-rolo-motorizado-por-loop-de-cinto\/\",\"name\":\"Transporte de rolo motorizado R20 Belt Loop Rio Codimar\",\"isPartOf\":{\"@id\":\"https:\/\/www.rodilloscodimar.com\/pt-pt\/#website\"},\"primaryImageOfPage\":{\"@id\":\"https:\/\/www.rodilloscodimar.com\/pt-pt\/produtos\/r20-transportador-rolo-motorizado-por-loop-de-cinto\/#primaryimage\"},\"image\":{\"@id\":\"https:\/\/www.rodilloscodimar.com\/pt-pt\/produtos\/r20-transportador-rolo-motorizado-por-loop-de-cinto\/#primaryimage\"},\"thumbnailUrl\":\"https:\/\/www.rodilloscodimar.com\/wp-content\/uploads\/2018\/10\/R22-0004_1.jpg\",\"datePublished\":\"2020-12-15T17:05:35+00:00\",\"description\":\"R20 Belt Loop Motorizado Rolo Transportador a sua utiliza\u00e7\u00e3o est\u00e1 focada no transporte de produtos leves com ou sem acumula\u00e7\u00e3o.\",\"breadcrumb\":{\"@id\":\"https:\/\/www.rodilloscodimar.com\/pt-pt\/produtos\/r20-transportador-rolo-motorizado-por-loop-de-cinto\/#breadcrumb\"},\"inLanguage\":\"pt-PT\",\"potentialAction\":[{\"@type\":\"ReadAction\",\"target\":[\"https:\/\/www.rodilloscodimar.com\/pt-pt\/produtos\/r20-transportador-rolo-motorizado-por-loop-de-cinto\/\"]}]},{\"@type\":\"ImageObject\",\"inLanguage\":\"pt-PT\",\"@id\":\"https:\/\/www.rodilloscodimar.com\/pt-pt\/produtos\/r20-transportador-rolo-motorizado-por-loop-de-cinto\/#primaryimage\",\"url\":\"https:\/\/www.rodilloscodimar.com\/wp-content\/uploads\/2018\/10\/R22-0004_1.jpg\",\"contentUrl\":\"https:\/\/www.rodilloscodimar.com\/wp-content\/uploads\/2018\/10\/R22-0004_1.jpg\",\"width\":1080,\"height\":1080},{\"@type\":\"BreadcrumbList\",\"@id\":\"https:\/\/www.rodilloscodimar.com\/pt-pt\/produtos\/r20-transportador-rolo-motorizado-por-loop-de-cinto\/#breadcrumb\",\"itemListElement\":[{\"@type\":\"ListItem\",\"position\":1,\"name\":\"Portada\",\"item\":\"https:\/\/www.rodilloscodimar.com\/pt-pt\/\"},{\"@type\":\"ListItem\",\"position\":2,\"name\":\"Tienda\",\"item\":\"https:\/\/www.rodilloscodimar.com\/tienda\/\"},{\"@type\":\"ListItem\",\"position\":3,\"name\":\"Transporte de rolo motorizado R20 Belt Loop\"}]},{\"@type\":\"WebSite\",\"@id\":\"https:\/\/www.rodilloscodimar.com\/pt-pt\/#website\",\"url\":\"https:\/\/www.rodilloscodimar.com\/pt-pt\/\",\"name\":\"CODIMAR\",\"description\":\"Frabricante de Componentes , Rodillos, Estaciones y M\u00e1quinas.\",\"publisher\":{\"@id\":\"https:\/\/www.rodilloscodimar.com\/pt-pt\/#organization\"},\"potentialAction\":[{\"@type\":\"SearchAction\",\"target\":{\"@type\":\"EntryPoint\",\"urlTemplate\":\"https:\/\/www.rodilloscodimar.com\/pt-pt\/?s={search_term_string}\"},\"query-input\":{\"@type\":\"PropertyValueSpecification\",\"valueRequired\":true,\"valueName\":\"search_term_string\"}}],\"inLanguage\":\"pt-PT\"},{\"@type\":\"Organization\",\"@id\":\"https:\/\/www.rodilloscodimar.com\/pt-pt\/#organization\",\"name\":\"Rodillos Codimar\",\"url\":\"https:\/\/www.rodilloscodimar.com\/pt-pt\/\",\"logo\":{\"@type\":\"ImageObject\",\"inLanguage\":\"pt-PT\",\"@id\":\"https:\/\/www.rodilloscodimar.com\/pt-pt\/#\/schema\/logo\/image\/\",\"url\":\"https:\/\/www.rodilloscodimar.com\/wp-content\/uploads\/2020\/01\/logo-email.jpg\",\"contentUrl\":\"https:\/\/www.rodilloscodimar.com\/wp-content\/uploads\/2020\/01\/logo-email.jpg\",\"width\":300,\"height\":299,\"caption\":\"Rodillos Codimar\"},\"image\":{\"@id\":\"https:\/\/www.rodilloscodimar.com\/pt-pt\/#\/schema\/logo\/image\/\"}}]}<\/script>\n<!-- \/ Yoast SEO plugin. -->","yoast_head_json":{"title":"Transporte de rolo motorizado R20 Belt Loop Rio Codimar","description":"R20 Belt Loop Motorizado Rolo Transportador a sua utiliza\u00e7\u00e3o est\u00e1 focada no transporte de produtos leves com ou sem acumula\u00e7\u00e3o.","robots":{"index":"index","follow":"follow","max-snippet":"max-snippet:-1","max-image-preview":"max-image-preview:large","max-video-preview":"max-video-preview:-1"},"canonical":"https:\/\/www.rodilloscodimar.com\/pt-pt\/produtos\/r20-transportador-rolo-motorizado-por-loop-de-cinto\/","og_locale":"pt_PT","og_type":"article","og_title":"Transporte de rolo motorizado R20 Belt Loop Rio Codimar","og_description":"R20 Belt Loop Motorizado Rolo Transportador a sua utiliza\u00e7\u00e3o est\u00e1 focada no transporte de produtos leves com ou sem acumula\u00e7\u00e3o.","og_url":"https:\/\/www.rodilloscodimar.com\/pt-pt\/produtos\/r20-transportador-rolo-motorizado-por-loop-de-cinto\/","og_site_name":"CODIMAR","og_image":[{"width":1080,"height":1080,"url":"https:\/\/www.rodilloscodimar.com\/wp-content\/uploads\/2018\/10\/R22-0004_1.jpg","type":"image\/jpeg"}],"twitter_card":"summary_large_image","twitter_misc":{"Tempo estimado de leitura":"1 minuto"},"schema":{"@context":"https:\/\/schema.org","@graph":[{"@type":"WebPage","@id":"https:\/\/www.rodilloscodimar.com\/pt-pt\/produtos\/r20-transportador-rolo-motorizado-por-loop-de-cinto\/","url":"https:\/\/www.rodilloscodimar.com\/pt-pt\/produtos\/r20-transportador-rolo-motorizado-por-loop-de-cinto\/","name":"Transporte de rolo motorizado R20 Belt Loop Rio Codimar","isPartOf":{"@id":"https:\/\/www.rodilloscodimar.com\/pt-pt\/#website"},"primaryImageOfPage":{"@id":"https:\/\/www.rodilloscodimar.com\/pt-pt\/produtos\/r20-transportador-rolo-motorizado-por-loop-de-cinto\/#primaryimage"},"image":{"@id":"https:\/\/www.rodilloscodimar.com\/pt-pt\/produtos\/r20-transportador-rolo-motorizado-por-loop-de-cinto\/#primaryimage"},"thumbnailUrl":"https:\/\/www.rodilloscodimar.com\/wp-content\/uploads\/2018\/10\/R22-0004_1.jpg","datePublished":"2020-12-15T17:05:35+00:00","description":"R20 Belt Loop Motorizado Rolo Transportador a sua utiliza\u00e7\u00e3o est\u00e1 focada no transporte de produtos leves com ou sem acumula\u00e7\u00e3o.","breadcrumb":{"@id":"https:\/\/www.rodilloscodimar.com\/pt-pt\/produtos\/r20-transportador-rolo-motorizado-por-loop-de-cinto\/#breadcrumb"},"inLanguage":"pt-PT","potentialAction":[{"@type":"ReadAction","target":["https:\/\/www.rodilloscodimar.com\/pt-pt\/produtos\/r20-transportador-rolo-motorizado-por-loop-de-cinto\/"]}]},{"@type":"ImageObject","inLanguage":"pt-PT","@id":"https:\/\/www.rodilloscodimar.com\/pt-pt\/produtos\/r20-transportador-rolo-motorizado-por-loop-de-cinto\/#primaryimage","url":"https:\/\/www.rodilloscodimar.com\/wp-content\/uploads\/2018\/10\/R22-0004_1.jpg","contentUrl":"https:\/\/www.rodilloscodimar.com\/wp-content\/uploads\/2018\/10\/R22-0004_1.jpg","width":1080,"height":1080},{"@type":"BreadcrumbList","@id":"https:\/\/www.rodilloscodimar.com\/pt-pt\/produtos\/r20-transportador-rolo-motorizado-por-loop-de-cinto\/#breadcrumb","itemListElement":[{"@type":"ListItem","position":1,"name":"Portada","item":"https:\/\/www.rodilloscodimar.com\/pt-pt\/"},{"@type":"ListItem","position":2,"name":"Tienda","item":"https:\/\/www.rodilloscodimar.com\/tienda\/"},{"@type":"ListItem","position":3,"name":"Transporte de rolo motorizado R20 Belt Loop"}]},{"@type":"WebSite","@id":"https:\/\/www.rodilloscodimar.com\/pt-pt\/#website","url":"https:\/\/www.rodilloscodimar.com\/pt-pt\/","name":"CODIMAR","description":"Frabricante de Componentes , Rodillos, Estaciones y M\u00e1quinas.","publisher":{"@id":"https:\/\/www.rodilloscodimar.com\/pt-pt\/#organization"},"potentialAction":[{"@type":"SearchAction","target":{"@type":"EntryPoint","urlTemplate":"https:\/\/www.rodilloscodimar.com\/pt-pt\/?s={search_term_string}"},"query-input":{"@type":"PropertyValueSpecification","valueRequired":true,"valueName":"search_term_string"}}],"inLanguage":"pt-PT"},{"@type":"Organization","@id":"https:\/\/www.rodilloscodimar.com\/pt-pt\/#organization","name":"Rodillos Codimar","url":"https:\/\/www.rodilloscodimar.com\/pt-pt\/","logo":{"@type":"ImageObject","inLanguage":"pt-PT","@id":"https:\/\/www.rodilloscodimar.com\/pt-pt\/#\/schema\/logo\/image\/","url":"https:\/\/www.rodilloscodimar.com\/wp-content\/uploads\/2020\/01\/logo-email.jpg","contentUrl":"https:\/\/www.rodilloscodimar.com\/wp-content\/uploads\/2020\/01\/logo-email.jpg","width":300,"height":299,"caption":"Rodillos Codimar"},"image":{"@id":"https:\/\/www.rodilloscodimar.com\/pt-pt\/#\/schema\/logo\/image\/"}}]}},"_links":{"self":[{"href":"https:\/\/www.rodilloscodimar.com\/pt-pt\/wp-json\/wp\/v2\/product\/5172","targetHints":{"allow":["GET"]}}],"collection":[{"href":"https:\/\/www.rodilloscodimar.com\/pt-pt\/wp-json\/wp\/v2\/product"}],"about":[{"href":"https:\/\/www.rodilloscodimar.com\/pt-pt\/wp-json\/wp\/v2\/types\/product"}],"wp:featuredmedia":[{"embeddable":true,"href":"https:\/\/www.rodilloscodimar.com\/pt-pt\/wp-json\/wp\/v2\/media\/5173"}],"wp:attachment":[{"href":"https:\/\/www.rodilloscodimar.com\/pt-pt\/wp-json\/wp\/v2\/media?parent=5172"}],"wp:term":[{"taxonomy":"product_brand","embeddable":true,"href":"https:\/\/www.rodilloscodimar.com\/pt-pt\/wp-json\/wp\/v2\/product_brand?post=5172"},{"taxonomy":"product_cat","embeddable":true,"href":"https:\/\/www.rodilloscodimar.com\/pt-pt\/wp-json\/wp\/v2\/product_cat?post=5172"},{"taxonomy":"product_tag","embeddable":true,"href":"https:\/\/www.rodilloscodimar.com\/pt-pt\/wp-json\/wp\/v2\/product_tag?post=5172"}],"curies":[{"name":"wp","href":"https:\/\/api.w.org\/{rel}","templated":true}]}}