{"id":5139,"date":"2018-10-08T13:50:13","date_gmt":"2020-12-15T16:22:47","guid":{"rendered":"https:\/\/www.rodilloscodimar.com\/producto\/transporte-de-rolo-motorizado-r12-chain-loop\/"},"modified":"2020-12-15T17:22:49","modified_gmt":"2020-12-15T16:22:49","slug":"r12-conveyor-roller-motorizado-por-loop-chain-series-heavy","status":"publish","type":"product","link":"https:\/\/www.rodilloscodimar.com\/pt-pt\/produtos\/r12-conveyor-roller-motorizado-por-loop-chain-series-heavy\/","title":{"rendered":"Transporte de rolo motorizado R12 Chain Loop"},"content":{"rendered":"<ul>\n<li>Comprimento: A aterrar de acordo com os requisitos de instala\u00e7\u00e3o<\/li>\n<li>Largura \u00fatil: A determinar com base nas dimens\u00f5es do produto<\/li>\n<li>Capacidade m\u00e1xima de carga: A determinar de acordo com a largura do transportador e o arremesso entre os rolos.<\/li>\n<li>Rolo: 80, 89 e 108 mm<\/li>\n<li>Material de rolo: Carbono \/A\u00e7o Inoxid\u00e1vel<\/li>\n<li>Cabe\u00e7a: Soldado \/ Salsicha<\/li>\n<li>Pinion: Met\u00e1lico<\/li>\n<li>Eixo: 15, 17, 20 e 25 mm<\/li>\n<li>Tipo de rolo: Fixo<\/li>\n<li>Cadeia: 08B, 10B, 12B e 16B<\/li>\n<li>Quadro: Carbono \/ A\u00e7o Inoxid\u00e1vel<\/li>\n<li>Acabamento: Pintado \/ Cincado \/ Esguicho<\/li>\n<li>Velocidade: 8 a 20 m\/min<\/li>\n<li>Motoriza\u00e7\u00e3o: central ou cabe\u00e7a.<\/li>\n<li>P\u00e9s nivelamento ajust\u00e1veis em altura \u00b1 50mm<\/li>\n<\/ul>\n<p>Para execu\u00e7\u00f5es especiais consulte CODIMAR<\/p>\n","protected":false},"excerpt":{"rendered":"<p>A sua aplica\u00e7\u00e3o principal <strong>s\u00e3o linhas de paletiza\u00e7\u00e3o pesadas.<\/strong><\/p>\n<p>O transporte de paletes deve ser efetuado de modo a avan\u00e7ar na dire\u00e7\u00e3o longitudinal dos malcriados.<\/p>\n<p>Para uma melhor gest\u00e3o das linhas de <strong>transporte, recomenda-se dividi-las em parcelas de 1,5 m ou m\u00faltiplos.<\/strong><\/p>\n<p>A tra\u00e7\u00e3o dos rolos \u00e9 feita atrav\u00e9s de la\u00e7os de corrente.<\/p>\n<p>A sua forma construtiva permite uma f\u00e1cil integra\u00e7\u00e3o em linhas existentes ou novas.<\/p>\n","protected":false},"featured_media":5140,"template":"","meta":{"_joinchat":[]},"product_brand":[],"product_cat":[192],"product_tag":[],"class_list":{"0":"post-5139","1":"product","2":"type-product","3":"status-publish","4":"has-post-thumbnail","6":"product_cat-transportadores-de-rolos-motorizados","8":"first","9":"instock","10":"shipping-taxable","11":"product-type-simple"},"yoast_head":"<!-- This site is optimized with the Yoast SEO plugin v27.2 - https:\/\/yoast.com\/product\/yoast-seo-wordpress\/ -->\n<title>Transporte de rolo motorizado R12 Chain Loop Rio Codimar<\/title>\n<meta name=\"description\" content=\"R12 Heavy Series Chain Loop Motorizado Roller Conveyor a sua aplica\u00e7\u00e3o principal s\u00e3o linhas de paletiza\u00e7\u00e3o pesadas.\" \/>\n<meta name=\"robots\" content=\"index, follow, max-snippet:-1, max-image-preview:large, max-video-preview:-1\" \/>\n<link rel=\"canonical\" href=\"https:\/\/www.rodilloscodimar.com\/pt-pt\/produtos\/r12-conveyor-roller-motorizado-por-loop-chain-series-heavy\/\" \/>\n<meta property=\"og:locale\" content=\"pt_PT\" \/>\n<meta property=\"og:type\" content=\"article\" \/>\n<meta property=\"og:title\" content=\"Transporte de rolo motorizado R12 Chain Loop Rio Codimar\" \/>\n<meta property=\"og:description\" content=\"R12 Heavy Series Chain Loop Motorizado Roller Conveyor a sua aplica\u00e7\u00e3o principal s\u00e3o linhas de paletiza\u00e7\u00e3o pesadas.\" \/>\n<meta property=\"og:url\" content=\"https:\/\/www.rodilloscodimar.com\/pt-pt\/produtos\/r12-conveyor-roller-motorizado-por-loop-chain-series-heavy\/\" \/>\n<meta property=\"og:site_name\" content=\"CODIMAR\" \/>\n<meta property=\"article:modified_time\" content=\"2020-12-15T16:22:49+00:00\" \/>\n<meta property=\"og:image\" content=\"https:\/\/www.rodilloscodimar.com\/wp-content\/uploads\/2018\/10\/R12-0001.161.jpg\" \/>\n\t<meta property=\"og:image:width\" content=\"1080\" \/>\n\t<meta property=\"og:image:height\" content=\"1080\" \/>\n\t<meta property=\"og:image:type\" content=\"image\/jpeg\" \/>\n<meta name=\"twitter:card\" content=\"summary_large_image\" \/>\n<meta name=\"twitter:label1\" content=\"Tempo estimado de leitura\" \/>\n\t<meta name=\"twitter:data1\" content=\"1 minuto\" \/>\n<script type=\"application\/ld+json\" class=\"yoast-schema-graph\">{\"@context\":\"https:\/\/schema.org\",\"@graph\":[{\"@type\":\"WebPage\",\"@id\":\"https:\/\/www.rodilloscodimar.com\/pt-pt\/produtos\/r12-conveyor-roller-motorizado-por-loop-chain-series-heavy\/\",\"url\":\"https:\/\/www.rodilloscodimar.com\/pt-pt\/produtos\/r12-conveyor-roller-motorizado-por-loop-chain-series-heavy\/\",\"name\":\"Transporte de rolo motorizado R12 Chain Loop Rio Codimar\",\"isPartOf\":{\"@id\":\"https:\/\/www.rodilloscodimar.com\/pt-pt\/#website\"},\"primaryImageOfPage\":{\"@id\":\"https:\/\/www.rodilloscodimar.com\/pt-pt\/produtos\/r12-conveyor-roller-motorizado-por-loop-chain-series-heavy\/#primaryimage\"},\"image\":{\"@id\":\"https:\/\/www.rodilloscodimar.com\/pt-pt\/produtos\/r12-conveyor-roller-motorizado-por-loop-chain-series-heavy\/#primaryimage\"},\"thumbnailUrl\":\"https:\/\/www.rodilloscodimar.com\/wp-content\/uploads\/2018\/10\/R12-0001.161.jpg\",\"datePublished\":\"2020-12-15T16:22:47+00:00\",\"dateModified\":\"2020-12-15T16:22:49+00:00\",\"description\":\"R12 Heavy Series Chain Loop Motorizado Roller Conveyor a sua aplica\u00e7\u00e3o principal s\u00e3o linhas de paletiza\u00e7\u00e3o pesadas.\",\"breadcrumb\":{\"@id\":\"https:\/\/www.rodilloscodimar.com\/pt-pt\/produtos\/r12-conveyor-roller-motorizado-por-loop-chain-series-heavy\/#breadcrumb\"},\"inLanguage\":\"pt-PT\",\"potentialAction\":[{\"@type\":\"ReadAction\",\"target\":[\"https:\/\/www.rodilloscodimar.com\/pt-pt\/produtos\/r12-conveyor-roller-motorizado-por-loop-chain-series-heavy\/\"]}]},{\"@type\":\"ImageObject\",\"inLanguage\":\"pt-PT\",\"@id\":\"https:\/\/www.rodilloscodimar.com\/pt-pt\/produtos\/r12-conveyor-roller-motorizado-por-loop-chain-series-heavy\/#primaryimage\",\"url\":\"https:\/\/www.rodilloscodimar.com\/wp-content\/uploads\/2018\/10\/R12-0001.161.jpg\",\"contentUrl\":\"https:\/\/www.rodilloscodimar.com\/wp-content\/uploads\/2018\/10\/R12-0001.161.jpg\",\"width\":1080,\"height\":1080,\"caption\":\"Transportadores de rolo motorizado loop\"},{\"@type\":\"BreadcrumbList\",\"@id\":\"https:\/\/www.rodilloscodimar.com\/pt-pt\/produtos\/r12-conveyor-roller-motorizado-por-loop-chain-series-heavy\/#breadcrumb\",\"itemListElement\":[{\"@type\":\"ListItem\",\"position\":1,\"name\":\"Portada\",\"item\":\"https:\/\/www.rodilloscodimar.com\/pt-pt\/\"},{\"@type\":\"ListItem\",\"position\":2,\"name\":\"Tienda\",\"item\":\"https:\/\/www.rodilloscodimar.com\/tienda\/\"},{\"@type\":\"ListItem\",\"position\":3,\"name\":\"Transporte de rolo motorizado R12 Chain Loop\"}]},{\"@type\":\"WebSite\",\"@id\":\"https:\/\/www.rodilloscodimar.com\/pt-pt\/#website\",\"url\":\"https:\/\/www.rodilloscodimar.com\/pt-pt\/\",\"name\":\"CODIMAR\",\"description\":\"Frabricante de Componentes , Rodillos, Estaciones y M\u00e1quinas.\",\"publisher\":{\"@id\":\"https:\/\/www.rodilloscodimar.com\/pt-pt\/#organization\"},\"potentialAction\":[{\"@type\":\"SearchAction\",\"target\":{\"@type\":\"EntryPoint\",\"urlTemplate\":\"https:\/\/www.rodilloscodimar.com\/pt-pt\/?s={search_term_string}\"},\"query-input\":{\"@type\":\"PropertyValueSpecification\",\"valueRequired\":true,\"valueName\":\"search_term_string\"}}],\"inLanguage\":\"pt-PT\"},{\"@type\":\"Organization\",\"@id\":\"https:\/\/www.rodilloscodimar.com\/pt-pt\/#organization\",\"name\":\"Rodillos Codimar\",\"url\":\"https:\/\/www.rodilloscodimar.com\/pt-pt\/\",\"logo\":{\"@type\":\"ImageObject\",\"inLanguage\":\"pt-PT\",\"@id\":\"https:\/\/www.rodilloscodimar.com\/pt-pt\/#\/schema\/logo\/image\/\",\"url\":\"https:\/\/www.rodilloscodimar.com\/wp-content\/uploads\/2020\/01\/logo-email.jpg\",\"contentUrl\":\"https:\/\/www.rodilloscodimar.com\/wp-content\/uploads\/2020\/01\/logo-email.jpg\",\"width\":300,\"height\":299,\"caption\":\"Rodillos Codimar\"},\"image\":{\"@id\":\"https:\/\/www.rodilloscodimar.com\/pt-pt\/#\/schema\/logo\/image\/\"}}]}<\/script>\n<!-- \/ Yoast SEO plugin. -->","yoast_head_json":{"title":"Transporte de rolo motorizado R12 Chain Loop Rio Codimar","description":"R12 Heavy Series Chain Loop Motorizado Roller Conveyor a sua aplica\u00e7\u00e3o principal s\u00e3o linhas de paletiza\u00e7\u00e3o pesadas.","robots":{"index":"index","follow":"follow","max-snippet":"max-snippet:-1","max-image-preview":"max-image-preview:large","max-video-preview":"max-video-preview:-1"},"canonical":"https:\/\/www.rodilloscodimar.com\/pt-pt\/produtos\/r12-conveyor-roller-motorizado-por-loop-chain-series-heavy\/","og_locale":"pt_PT","og_type":"article","og_title":"Transporte de rolo motorizado R12 Chain Loop Rio Codimar","og_description":"R12 Heavy Series Chain Loop Motorizado Roller Conveyor a sua aplica\u00e7\u00e3o principal s\u00e3o linhas de paletiza\u00e7\u00e3o pesadas.","og_url":"https:\/\/www.rodilloscodimar.com\/pt-pt\/produtos\/r12-conveyor-roller-motorizado-por-loop-chain-series-heavy\/","og_site_name":"CODIMAR","article_modified_time":"2020-12-15T16:22:49+00:00","og_image":[{"width":1080,"height":1080,"url":"https:\/\/www.rodilloscodimar.com\/wp-content\/uploads\/2018\/10\/R12-0001.161.jpg","type":"image\/jpeg"}],"twitter_card":"summary_large_image","twitter_misc":{"Tempo estimado de leitura":"1 minuto"},"schema":{"@context":"https:\/\/schema.org","@graph":[{"@type":"WebPage","@id":"https:\/\/www.rodilloscodimar.com\/pt-pt\/produtos\/r12-conveyor-roller-motorizado-por-loop-chain-series-heavy\/","url":"https:\/\/www.rodilloscodimar.com\/pt-pt\/produtos\/r12-conveyor-roller-motorizado-por-loop-chain-series-heavy\/","name":"Transporte de rolo motorizado R12 Chain Loop Rio Codimar","isPartOf":{"@id":"https:\/\/www.rodilloscodimar.com\/pt-pt\/#website"},"primaryImageOfPage":{"@id":"https:\/\/www.rodilloscodimar.com\/pt-pt\/produtos\/r12-conveyor-roller-motorizado-por-loop-chain-series-heavy\/#primaryimage"},"image":{"@id":"https:\/\/www.rodilloscodimar.com\/pt-pt\/produtos\/r12-conveyor-roller-motorizado-por-loop-chain-series-heavy\/#primaryimage"},"thumbnailUrl":"https:\/\/www.rodilloscodimar.com\/wp-content\/uploads\/2018\/10\/R12-0001.161.jpg","datePublished":"2020-12-15T16:22:47+00:00","dateModified":"2020-12-15T16:22:49+00:00","description":"R12 Heavy Series Chain Loop Motorizado Roller Conveyor a sua aplica\u00e7\u00e3o principal s\u00e3o linhas de paletiza\u00e7\u00e3o pesadas.","breadcrumb":{"@id":"https:\/\/www.rodilloscodimar.com\/pt-pt\/produtos\/r12-conveyor-roller-motorizado-por-loop-chain-series-heavy\/#breadcrumb"},"inLanguage":"pt-PT","potentialAction":[{"@type":"ReadAction","target":["https:\/\/www.rodilloscodimar.com\/pt-pt\/produtos\/r12-conveyor-roller-motorizado-por-loop-chain-series-heavy\/"]}]},{"@type":"ImageObject","inLanguage":"pt-PT","@id":"https:\/\/www.rodilloscodimar.com\/pt-pt\/produtos\/r12-conveyor-roller-motorizado-por-loop-chain-series-heavy\/#primaryimage","url":"https:\/\/www.rodilloscodimar.com\/wp-content\/uploads\/2018\/10\/R12-0001.161.jpg","contentUrl":"https:\/\/www.rodilloscodimar.com\/wp-content\/uploads\/2018\/10\/R12-0001.161.jpg","width":1080,"height":1080,"caption":"Transportadores de rolo motorizado loop"},{"@type":"BreadcrumbList","@id":"https:\/\/www.rodilloscodimar.com\/pt-pt\/produtos\/r12-conveyor-roller-motorizado-por-loop-chain-series-heavy\/#breadcrumb","itemListElement":[{"@type":"ListItem","position":1,"name":"Portada","item":"https:\/\/www.rodilloscodimar.com\/pt-pt\/"},{"@type":"ListItem","position":2,"name":"Tienda","item":"https:\/\/www.rodilloscodimar.com\/tienda\/"},{"@type":"ListItem","position":3,"name":"Transporte de rolo motorizado R12 Chain Loop"}]},{"@type":"WebSite","@id":"https:\/\/www.rodilloscodimar.com\/pt-pt\/#website","url":"https:\/\/www.rodilloscodimar.com\/pt-pt\/","name":"CODIMAR","description":"Frabricante de Componentes , Rodillos, Estaciones y M\u00e1quinas.","publisher":{"@id":"https:\/\/www.rodilloscodimar.com\/pt-pt\/#organization"},"potentialAction":[{"@type":"SearchAction","target":{"@type":"EntryPoint","urlTemplate":"https:\/\/www.rodilloscodimar.com\/pt-pt\/?s={search_term_string}"},"query-input":{"@type":"PropertyValueSpecification","valueRequired":true,"valueName":"search_term_string"}}],"inLanguage":"pt-PT"},{"@type":"Organization","@id":"https:\/\/www.rodilloscodimar.com\/pt-pt\/#organization","name":"Rodillos Codimar","url":"https:\/\/www.rodilloscodimar.com\/pt-pt\/","logo":{"@type":"ImageObject","inLanguage":"pt-PT","@id":"https:\/\/www.rodilloscodimar.com\/pt-pt\/#\/schema\/logo\/image\/","url":"https:\/\/www.rodilloscodimar.com\/wp-content\/uploads\/2020\/01\/logo-email.jpg","contentUrl":"https:\/\/www.rodilloscodimar.com\/wp-content\/uploads\/2020\/01\/logo-email.jpg","width":300,"height":299,"caption":"Rodillos Codimar"},"image":{"@id":"https:\/\/www.rodilloscodimar.com\/pt-pt\/#\/schema\/logo\/image\/"}}]}},"_links":{"self":[{"href":"https:\/\/www.rodilloscodimar.com\/pt-pt\/wp-json\/wp\/v2\/product\/5139","targetHints":{"allow":["GET"]}}],"collection":[{"href":"https:\/\/www.rodilloscodimar.com\/pt-pt\/wp-json\/wp\/v2\/product"}],"about":[{"href":"https:\/\/www.rodilloscodimar.com\/pt-pt\/wp-json\/wp\/v2\/types\/product"}],"wp:featuredmedia":[{"embeddable":true,"href":"https:\/\/www.rodilloscodimar.com\/pt-pt\/wp-json\/wp\/v2\/media\/5140"}],"wp:attachment":[{"href":"https:\/\/www.rodilloscodimar.com\/pt-pt\/wp-json\/wp\/v2\/media?parent=5139"}],"wp:term":[{"taxonomy":"product_brand","embeddable":true,"href":"https:\/\/www.rodilloscodimar.com\/pt-pt\/wp-json\/wp\/v2\/product_brand?post=5139"},{"taxonomy":"product_cat","embeddable":true,"href":"https:\/\/www.rodilloscodimar.com\/pt-pt\/wp-json\/wp\/v2\/product_cat?post=5139"},{"taxonomy":"product_tag","embeddable":true,"href":"https:\/\/www.rodilloscodimar.com\/pt-pt\/wp-json\/wp\/v2\/product_tag?post=5139"}],"curies":[{"name":"wp","href":"https:\/\/api.w.org\/{rel}","templated":true}]}}