{"id":5098,"date":"2018-10-08T13:12:14","date_gmt":"2020-12-15T16:21:41","guid":{"rendered":"https:\/\/www.rodilloscodimar.com\/producto\/g81-extensivel-por-roldanas\/"},"modified":"2020-12-15T17:21:41","modified_gmt":"2020-12-15T16:21:41","slug":"g81-extensivel-de-roldanas","status":"publish","type":"product","link":"https:\/\/www.rodilloscodimar.com\/pt-pt\/produtos\/g81-extensivel-de-roldanas\/","title":{"rendered":"G81 Extens\u00edvel por Roldanas"},"content":{"rendered":"<ul>\n<li>Rolo 48mm em PVC ou Cincado.<\/li>\n<li>Eixo 8 mm<\/li>\n<li>Arma\u00e7\u00e3o de tesoura de zinco ou a\u00e7o inoxid\u00e1vel.<\/li>\n<li>Carga m\u00e1xima uniforme: 90 Kg\/m<\/li>\n<li>Raio de viragem: 400mm.<\/li>\n<li>Alturas de 500 a 800mm<\/li>\n<li>Larguras padr\u00e3o: 300, 400, 500, 600, 700, 800, 900 e 1000mm.<\/li>\n<\/ul>\n<div class=\"text\"><\/div>\n<div class=\"text\">  Comprimentos padr\u00e3o (m):<\/div>\n<div class=\"text\"><\/div>\n<ul>\n<li class=\"text\">ABERTO: 2 3.5 5 6.5 8 9.5 11 12.5<\/li>\n<li class=\"text\">FECHADO: 0.7 1.1 1.5 1.9 2.3 2.7 3.1 3.5<\/li>\n<li class=\"text\">SEM PERNAS: 2 3 4 5 6 7 8 9<\/li>\n<\/ul>\n","protected":false},"excerpt":{"rendered":"<p>Ideal em aplica\u00e7\u00f5es<strong> onde o ponto de carga e descarga s\u00e3o m\u00faltiplos ou vari\u00e1veis.<\/strong> Gra\u00e7as ao seu design pode <strong>tra\u00e7ar caminhos retos e curvos.<\/strong> Uma vantagem adicional \u00e9 a liberta\u00e7\u00e3o do espa\u00e7o uma vez dobrado.<\/p>\n","protected":false},"featured_media":5100,"template":"","meta":{"_joinchat":[]},"product_brand":[],"product_cat":[173],"product_tag":[],"class_list":{"0":"post-5098","1":"product","2":"type-product","3":"status-publish","4":"has-post-thumbnail","6":"product_cat-transportadores-de-gravidade","8":"first","9":"instock","10":"shipping-taxable","11":"product-type-simple"},"yoast_head":"<!-- This site is optimized with the Yoast SEO plugin v27.2 - https:\/\/yoast.com\/product\/yoast-seo-wordpress\/ -->\n<title>Roldanas Extens\u00edveis G81 Transportadores de Gravidade - Codimar<\/title>\n<meta name=\"description\" content=\"G81 Extens\u00edvel de Roldanas permite-lhe tra\u00e7ar caminhos retos e curvos. Ideal em aplica\u00e7\u00f5es onde o ponto de carga e descarga s\u00e3o m\u00faltiplos ou vari\u00e1veis.\" \/>\n<meta name=\"robots\" content=\"index, follow, max-snippet:-1, max-image-preview:large, max-video-preview:-1\" \/>\n<link rel=\"canonical\" href=\"https:\/\/www.rodilloscodimar.com\/pt-pt\/produtos\/g81-extensivel-de-roldanas\/\" \/>\n<meta property=\"og:locale\" content=\"pt_PT\" \/>\n<meta property=\"og:type\" content=\"article\" \/>\n<meta property=\"og:title\" content=\"Roldanas Extens\u00edveis G81 Transportadores de Gravidade - Codimar\" \/>\n<meta property=\"og:description\" content=\"G81 Extens\u00edvel de Roldanas permite-lhe tra\u00e7ar caminhos retos e curvos. Ideal em aplica\u00e7\u00f5es onde o ponto de carga e descarga s\u00e3o m\u00faltiplos ou vari\u00e1veis.\" \/>\n<meta property=\"og:url\" content=\"https:\/\/www.rodilloscodimar.com\/pt-pt\/produtos\/g81-extensivel-de-roldanas\/\" \/>\n<meta property=\"og:site_name\" content=\"CODIMAR\" \/>\n<meta property=\"og:image\" content=\"https:\/\/www.rodilloscodimar.com\/wp-content\/uploads\/2018\/10\/Extensible-de-roldanas.jpg\" \/>\n\t<meta property=\"og:image:width\" content=\"705\" \/>\n\t<meta property=\"og:image:height\" content=\"905\" \/>\n\t<meta property=\"og:image:type\" content=\"image\/jpeg\" \/>\n<meta name=\"twitter:card\" content=\"summary_large_image\" \/>\n<script type=\"application\/ld+json\" class=\"yoast-schema-graph\">{\"@context\":\"https:\/\/schema.org\",\"@graph\":[{\"@type\":\"WebPage\",\"@id\":\"https:\/\/www.rodilloscodimar.com\/pt-pt\/produtos\/g81-extensivel-de-roldanas\/\",\"url\":\"https:\/\/www.rodilloscodimar.com\/pt-pt\/produtos\/g81-extensivel-de-roldanas\/\",\"name\":\"Roldanas Extens\u00edveis G81 Transportadores de Gravidade - Codimar\",\"isPartOf\":{\"@id\":\"https:\/\/www.rodilloscodimar.com\/pt-pt\/#website\"},\"primaryImageOfPage\":{\"@id\":\"https:\/\/www.rodilloscodimar.com\/pt-pt\/produtos\/g81-extensivel-de-roldanas\/#primaryimage\"},\"image\":{\"@id\":\"https:\/\/www.rodilloscodimar.com\/pt-pt\/produtos\/g81-extensivel-de-roldanas\/#primaryimage\"},\"thumbnailUrl\":\"https:\/\/www.rodilloscodimar.com\/wp-content\/uploads\/2018\/10\/Extensible-de-roldanas.jpg\",\"datePublished\":\"2020-12-15T16:21:41+00:00\",\"description\":\"G81 Extens\u00edvel de Roldanas permite-lhe tra\u00e7ar caminhos retos e curvos. Ideal em aplica\u00e7\u00f5es onde o ponto de carga e descarga s\u00e3o m\u00faltiplos ou vari\u00e1veis.\",\"breadcrumb\":{\"@id\":\"https:\/\/www.rodilloscodimar.com\/pt-pt\/produtos\/g81-extensivel-de-roldanas\/#breadcrumb\"},\"inLanguage\":\"pt-PT\",\"potentialAction\":[{\"@type\":\"ReadAction\",\"target\":[\"https:\/\/www.rodilloscodimar.com\/pt-pt\/produtos\/g81-extensivel-de-roldanas\/\"]}]},{\"@type\":\"ImageObject\",\"inLanguage\":\"pt-PT\",\"@id\":\"https:\/\/www.rodilloscodimar.com\/pt-pt\/produtos\/g81-extensivel-de-roldanas\/#primaryimage\",\"url\":\"https:\/\/www.rodilloscodimar.com\/wp-content\/uploads\/2018\/10\/Extensible-de-roldanas.jpg\",\"contentUrl\":\"https:\/\/www.rodilloscodimar.com\/wp-content\/uploads\/2018\/10\/Extensible-de-roldanas.jpg\",\"width\":705,\"height\":905},{\"@type\":\"BreadcrumbList\",\"@id\":\"https:\/\/www.rodilloscodimar.com\/pt-pt\/produtos\/g81-extensivel-de-roldanas\/#breadcrumb\",\"itemListElement\":[{\"@type\":\"ListItem\",\"position\":1,\"name\":\"Portada\",\"item\":\"https:\/\/www.rodilloscodimar.com\/pt-pt\/\"},{\"@type\":\"ListItem\",\"position\":2,\"name\":\"Tienda\",\"item\":\"https:\/\/www.rodilloscodimar.com\/tienda\/\"},{\"@type\":\"ListItem\",\"position\":3,\"name\":\"G81 Extens\u00edvel por Roldanas\"}]},{\"@type\":\"WebSite\",\"@id\":\"https:\/\/www.rodilloscodimar.com\/pt-pt\/#website\",\"url\":\"https:\/\/www.rodilloscodimar.com\/pt-pt\/\",\"name\":\"CODIMAR\",\"description\":\"Frabricante de Componentes , Rodillos, Estaciones y M\u00e1quinas.\",\"publisher\":{\"@id\":\"https:\/\/www.rodilloscodimar.com\/pt-pt\/#organization\"},\"potentialAction\":[{\"@type\":\"SearchAction\",\"target\":{\"@type\":\"EntryPoint\",\"urlTemplate\":\"https:\/\/www.rodilloscodimar.com\/pt-pt\/?s={search_term_string}\"},\"query-input\":{\"@type\":\"PropertyValueSpecification\",\"valueRequired\":true,\"valueName\":\"search_term_string\"}}],\"inLanguage\":\"pt-PT\"},{\"@type\":\"Organization\",\"@id\":\"https:\/\/www.rodilloscodimar.com\/pt-pt\/#organization\",\"name\":\"Rodillos Codimar\",\"url\":\"https:\/\/www.rodilloscodimar.com\/pt-pt\/\",\"logo\":{\"@type\":\"ImageObject\",\"inLanguage\":\"pt-PT\",\"@id\":\"https:\/\/www.rodilloscodimar.com\/pt-pt\/#\/schema\/logo\/image\/\",\"url\":\"https:\/\/www.rodilloscodimar.com\/wp-content\/uploads\/2020\/01\/logo-email.jpg\",\"contentUrl\":\"https:\/\/www.rodilloscodimar.com\/wp-content\/uploads\/2020\/01\/logo-email.jpg\",\"width\":300,\"height\":299,\"caption\":\"Rodillos Codimar\"},\"image\":{\"@id\":\"https:\/\/www.rodilloscodimar.com\/pt-pt\/#\/schema\/logo\/image\/\"}}]}<\/script>\n<!-- \/ Yoast SEO plugin. -->","yoast_head_json":{"title":"Roldanas Extens\u00edveis G81 Transportadores de Gravidade - Codimar","description":"G81 Extens\u00edvel de Roldanas permite-lhe tra\u00e7ar caminhos retos e curvos. Ideal em aplica\u00e7\u00f5es onde o ponto de carga e descarga s\u00e3o m\u00faltiplos ou vari\u00e1veis.","robots":{"index":"index","follow":"follow","max-snippet":"max-snippet:-1","max-image-preview":"max-image-preview:large","max-video-preview":"max-video-preview:-1"},"canonical":"https:\/\/www.rodilloscodimar.com\/pt-pt\/produtos\/g81-extensivel-de-roldanas\/","og_locale":"pt_PT","og_type":"article","og_title":"Roldanas Extens\u00edveis G81 Transportadores de Gravidade - Codimar","og_description":"G81 Extens\u00edvel de Roldanas permite-lhe tra\u00e7ar caminhos retos e curvos. Ideal em aplica\u00e7\u00f5es onde o ponto de carga e descarga s\u00e3o m\u00faltiplos ou vari\u00e1veis.","og_url":"https:\/\/www.rodilloscodimar.com\/pt-pt\/produtos\/g81-extensivel-de-roldanas\/","og_site_name":"CODIMAR","og_image":[{"width":705,"height":905,"url":"https:\/\/www.rodilloscodimar.com\/wp-content\/uploads\/2018\/10\/Extensible-de-roldanas.jpg","type":"image\/jpeg"}],"twitter_card":"summary_large_image","schema":{"@context":"https:\/\/schema.org","@graph":[{"@type":"WebPage","@id":"https:\/\/www.rodilloscodimar.com\/pt-pt\/produtos\/g81-extensivel-de-roldanas\/","url":"https:\/\/www.rodilloscodimar.com\/pt-pt\/produtos\/g81-extensivel-de-roldanas\/","name":"Roldanas Extens\u00edveis G81 Transportadores de Gravidade - Codimar","isPartOf":{"@id":"https:\/\/www.rodilloscodimar.com\/pt-pt\/#website"},"primaryImageOfPage":{"@id":"https:\/\/www.rodilloscodimar.com\/pt-pt\/produtos\/g81-extensivel-de-roldanas\/#primaryimage"},"image":{"@id":"https:\/\/www.rodilloscodimar.com\/pt-pt\/produtos\/g81-extensivel-de-roldanas\/#primaryimage"},"thumbnailUrl":"https:\/\/www.rodilloscodimar.com\/wp-content\/uploads\/2018\/10\/Extensible-de-roldanas.jpg","datePublished":"2020-12-15T16:21:41+00:00","description":"G81 Extens\u00edvel de Roldanas permite-lhe tra\u00e7ar caminhos retos e curvos. Ideal em aplica\u00e7\u00f5es onde o ponto de carga e descarga s\u00e3o m\u00faltiplos ou vari\u00e1veis.","breadcrumb":{"@id":"https:\/\/www.rodilloscodimar.com\/pt-pt\/produtos\/g81-extensivel-de-roldanas\/#breadcrumb"},"inLanguage":"pt-PT","potentialAction":[{"@type":"ReadAction","target":["https:\/\/www.rodilloscodimar.com\/pt-pt\/produtos\/g81-extensivel-de-roldanas\/"]}]},{"@type":"ImageObject","inLanguage":"pt-PT","@id":"https:\/\/www.rodilloscodimar.com\/pt-pt\/produtos\/g81-extensivel-de-roldanas\/#primaryimage","url":"https:\/\/www.rodilloscodimar.com\/wp-content\/uploads\/2018\/10\/Extensible-de-roldanas.jpg","contentUrl":"https:\/\/www.rodilloscodimar.com\/wp-content\/uploads\/2018\/10\/Extensible-de-roldanas.jpg","width":705,"height":905},{"@type":"BreadcrumbList","@id":"https:\/\/www.rodilloscodimar.com\/pt-pt\/produtos\/g81-extensivel-de-roldanas\/#breadcrumb","itemListElement":[{"@type":"ListItem","position":1,"name":"Portada","item":"https:\/\/www.rodilloscodimar.com\/pt-pt\/"},{"@type":"ListItem","position":2,"name":"Tienda","item":"https:\/\/www.rodilloscodimar.com\/tienda\/"},{"@type":"ListItem","position":3,"name":"G81 Extens\u00edvel por Roldanas"}]},{"@type":"WebSite","@id":"https:\/\/www.rodilloscodimar.com\/pt-pt\/#website","url":"https:\/\/www.rodilloscodimar.com\/pt-pt\/","name":"CODIMAR","description":"Frabricante de Componentes , Rodillos, Estaciones y M\u00e1quinas.","publisher":{"@id":"https:\/\/www.rodilloscodimar.com\/pt-pt\/#organization"},"potentialAction":[{"@type":"SearchAction","target":{"@type":"EntryPoint","urlTemplate":"https:\/\/www.rodilloscodimar.com\/pt-pt\/?s={search_term_string}"},"query-input":{"@type":"PropertyValueSpecification","valueRequired":true,"valueName":"search_term_string"}}],"inLanguage":"pt-PT"},{"@type":"Organization","@id":"https:\/\/www.rodilloscodimar.com\/pt-pt\/#organization","name":"Rodillos Codimar","url":"https:\/\/www.rodilloscodimar.com\/pt-pt\/","logo":{"@type":"ImageObject","inLanguage":"pt-PT","@id":"https:\/\/www.rodilloscodimar.com\/pt-pt\/#\/schema\/logo\/image\/","url":"https:\/\/www.rodilloscodimar.com\/wp-content\/uploads\/2020\/01\/logo-email.jpg","contentUrl":"https:\/\/www.rodilloscodimar.com\/wp-content\/uploads\/2020\/01\/logo-email.jpg","width":300,"height":299,"caption":"Rodillos Codimar"},"image":{"@id":"https:\/\/www.rodilloscodimar.com\/pt-pt\/#\/schema\/logo\/image\/"}}]}},"_links":{"self":[{"href":"https:\/\/www.rodilloscodimar.com\/pt-pt\/wp-json\/wp\/v2\/product\/5098","targetHints":{"allow":["GET"]}}],"collection":[{"href":"https:\/\/www.rodilloscodimar.com\/pt-pt\/wp-json\/wp\/v2\/product"}],"about":[{"href":"https:\/\/www.rodilloscodimar.com\/pt-pt\/wp-json\/wp\/v2\/types\/product"}],"wp:featuredmedia":[{"embeddable":true,"href":"https:\/\/www.rodilloscodimar.com\/pt-pt\/wp-json\/wp\/v2\/media\/5100"}],"wp:attachment":[{"href":"https:\/\/www.rodilloscodimar.com\/pt-pt\/wp-json\/wp\/v2\/media?parent=5098"}],"wp:term":[{"taxonomy":"product_brand","embeddable":true,"href":"https:\/\/www.rodilloscodimar.com\/pt-pt\/wp-json\/wp\/v2\/product_brand?post=5098"},{"taxonomy":"product_cat","embeddable":true,"href":"https:\/\/www.rodilloscodimar.com\/pt-pt\/wp-json\/wp\/v2\/product_cat?post=5098"},{"taxonomy":"product_tag","embeddable":true,"href":"https:\/\/www.rodilloscodimar.com\/pt-pt\/wp-json\/wp\/v2\/product_tag?post=5098"}],"curies":[{"name":"wp","href":"https:\/\/api.w.org\/{rel}","templated":true}]}}