{"id":5060,"date":"2018-10-08T13:07:36","date_gmt":"2020-12-15T16:20:17","guid":{"rendered":"https:\/\/www.rodilloscodimar.com\/producto\/curva-de-rolo-de-gravidade-cronica-g72\/"},"modified":"2020-12-15T17:20:17","modified_gmt":"2020-12-15T16:20:17","slug":"g72-curva-de-rolos-gravidade-crononica","status":"publish","type":"product","link":"https:\/\/www.rodilloscodimar.com\/pt-pt\/produtos\/g72-curva-de-rolos-gravidade-crononica\/","title":{"rendered":"Curva de rolo de gravidade cr\u00f3nica G72"},"content":{"rendered":"<ul>\n<li>Sectores: 30\u00ba, 45\u00ba, 90\u00ba, 180\u00ba<\/li>\n<li>Largura \u00fatil: A ser determinado pelo cliente<\/li>\n<li>Rolos: 30 e 50 mm<\/li>\n<li>Raio interior: 500 e 800 mm<\/li>\n<li>Material de rolo: Carbono \/ A\u00e7o Inoxid\u00e1vel \/ PVC<\/li>\n<li>Material de cabe\u00e7a: Termopl\u00e1stico \/ Met\u00e1lico<\/li>\n<li>Cabe\u00e7a de rolamento: Precis\u00e3o \/ Estampagem \/ Linha de Bola<\/li>\n<li>Eixo: 6, 8, 10, 12, 14, 15 mm<\/li>\n<li>Quadro: Carbono \/ A\u00e7o Inoxid\u00e1vel<\/li>\n<li>Acabamento: Pintado \/ Cincado \/ Esguicho<\/li>\n<li>P\u00e9s nivelamento ajust\u00e1veis em altura \u00b1 50mm<\/li>\n<\/ul>\n","protected":false},"excerpt":{"rendered":"<p>Usado para fazer mudan\u00e7as de dire\u00e7\u00e3o nas linhas de envio. Os rolos c\u00f3nicos asseguram que a carga permanece sempre centrada e descreve uma trajet\u00f3ria curva.<\/p>\n","protected":false},"featured_media":5062,"template":"","meta":{"_joinchat":[]},"product_brand":[],"product_cat":[173],"product_tag":[],"class_list":{"0":"post-5060","1":"product","2":"type-product","3":"status-publish","4":"has-post-thumbnail","6":"product_cat-transportadores-de-gravidade","8":"first","9":"instock","10":"shipping-taxable","11":"product-type-simple"},"yoast_head":"<!-- This site is optimized with the Yoast SEO plugin v27.2 - https:\/\/yoast.com\/product\/yoast-seo-wordpress\/ -->\n<title>Curva G72 de Rolos de Gravidade Cr\u00f3nica - Rodillos Codimar S.L.<\/title>\n<meta name=\"description\" content=\"G72 Curva de Rolo de Gravidade Cr\u00f3nica: Cabe\u00e7a termopl\u00e1sica, Rolo de A\u00e7o De Carbono Inoxid\u00e1vel, Pintado, Banhado a Zinco, Blasted...\" \/>\n<meta name=\"robots\" content=\"index, follow, max-snippet:-1, max-image-preview:large, max-video-preview:-1\" \/>\n<link rel=\"canonical\" href=\"https:\/\/www.rodilloscodimar.com\/pt-pt\/produtos\/g72-curva-de-rolos-gravidade-crononica\/\" \/>\n<meta property=\"og:locale\" content=\"pt_PT\" \/>\n<meta property=\"og:type\" content=\"article\" \/>\n<meta property=\"og:title\" content=\"Curva G72 de Rolos de Gravidade Cr\u00f3nica - Rodillos Codimar S.L.\" \/>\n<meta property=\"og:description\" content=\"G72 Curva de Rolo de Gravidade Cr\u00f3nica: Cabe\u00e7a termopl\u00e1sica, Rolo de A\u00e7o De Carbono Inoxid\u00e1vel, Pintado, Banhado a Zinco, Blasted...\" \/>\n<meta property=\"og:url\" content=\"https:\/\/www.rodilloscodimar.com\/pt-pt\/produtos\/g72-curva-de-rolos-gravidade-crononica\/\" \/>\n<meta property=\"og:site_name\" content=\"CODIMAR\" \/>\n<meta property=\"og:image\" content=\"https:\/\/www.rodilloscodimar.com\/wp-content\/uploads\/2018\/10\/G73-0003_1.jpg\" \/>\n\t<meta property=\"og:image:width\" content=\"1080\" \/>\n\t<meta property=\"og:image:height\" content=\"1080\" \/>\n\t<meta property=\"og:image:type\" content=\"image\/jpeg\" \/>\n<meta name=\"twitter:card\" content=\"summary_large_image\" \/>\n<script type=\"application\/ld+json\" class=\"yoast-schema-graph\">{\"@context\":\"https:\/\/schema.org\",\"@graph\":[{\"@type\":\"WebPage\",\"@id\":\"https:\/\/www.rodilloscodimar.com\/pt-pt\/produtos\/g72-curva-de-rolos-gravidade-crononica\/\",\"url\":\"https:\/\/www.rodilloscodimar.com\/pt-pt\/produtos\/g72-curva-de-rolos-gravidade-crononica\/\",\"name\":\"Curva G72 de Rolos de Gravidade Cr\u00f3nica - Rodillos Codimar S.L.\",\"isPartOf\":{\"@id\":\"https:\/\/www.rodilloscodimar.com\/pt-pt\/#website\"},\"primaryImageOfPage\":{\"@id\":\"https:\/\/www.rodilloscodimar.com\/pt-pt\/produtos\/g72-curva-de-rolos-gravidade-crononica\/#primaryimage\"},\"image\":{\"@id\":\"https:\/\/www.rodilloscodimar.com\/pt-pt\/produtos\/g72-curva-de-rolos-gravidade-crononica\/#primaryimage\"},\"thumbnailUrl\":\"https:\/\/www.rodilloscodimar.com\/wp-content\/uploads\/2018\/10\/G73-0003_1.jpg\",\"datePublished\":\"2020-12-15T16:20:17+00:00\",\"description\":\"G72 Curva de Rolo de Gravidade Cr\u00f3nica: Cabe\u00e7a termopl\u00e1sica, Rolo de A\u00e7o De Carbono Inoxid\u00e1vel, Pintado, Banhado a Zinco, Blasted...\",\"breadcrumb\":{\"@id\":\"https:\/\/www.rodilloscodimar.com\/pt-pt\/produtos\/g72-curva-de-rolos-gravidade-crononica\/#breadcrumb\"},\"inLanguage\":\"pt-PT\",\"potentialAction\":[{\"@type\":\"ReadAction\",\"target\":[\"https:\/\/www.rodilloscodimar.com\/pt-pt\/produtos\/g72-curva-de-rolos-gravidade-crononica\/\"]}]},{\"@type\":\"ImageObject\",\"inLanguage\":\"pt-PT\",\"@id\":\"https:\/\/www.rodilloscodimar.com\/pt-pt\/produtos\/g72-curva-de-rolos-gravidade-crononica\/#primaryimage\",\"url\":\"https:\/\/www.rodilloscodimar.com\/wp-content\/uploads\/2018\/10\/G73-0003_1.jpg\",\"contentUrl\":\"https:\/\/www.rodilloscodimar.com\/wp-content\/uploads\/2018\/10\/G73-0003_1.jpg\",\"width\":1080,\"height\":1080},{\"@type\":\"BreadcrumbList\",\"@id\":\"https:\/\/www.rodilloscodimar.com\/pt-pt\/produtos\/g72-curva-de-rolos-gravidade-crononica\/#breadcrumb\",\"itemListElement\":[{\"@type\":\"ListItem\",\"position\":1,\"name\":\"Portada\",\"item\":\"https:\/\/www.rodilloscodimar.com\/pt-pt\/\"},{\"@type\":\"ListItem\",\"position\":2,\"name\":\"Tienda\",\"item\":\"https:\/\/www.rodilloscodimar.com\/tienda\/\"},{\"@type\":\"ListItem\",\"position\":3,\"name\":\"Curva de rolo de gravidade cr\u00f3nica G72\"}]},{\"@type\":\"WebSite\",\"@id\":\"https:\/\/www.rodilloscodimar.com\/pt-pt\/#website\",\"url\":\"https:\/\/www.rodilloscodimar.com\/pt-pt\/\",\"name\":\"CODIMAR\",\"description\":\"Frabricante de Componentes , Rodillos, Estaciones y M\u00e1quinas.\",\"publisher\":{\"@id\":\"https:\/\/www.rodilloscodimar.com\/pt-pt\/#organization\"},\"potentialAction\":[{\"@type\":\"SearchAction\",\"target\":{\"@type\":\"EntryPoint\",\"urlTemplate\":\"https:\/\/www.rodilloscodimar.com\/pt-pt\/?s={search_term_string}\"},\"query-input\":{\"@type\":\"PropertyValueSpecification\",\"valueRequired\":true,\"valueName\":\"search_term_string\"}}],\"inLanguage\":\"pt-PT\"},{\"@type\":\"Organization\",\"@id\":\"https:\/\/www.rodilloscodimar.com\/pt-pt\/#organization\",\"name\":\"Rodillos Codimar\",\"url\":\"https:\/\/www.rodilloscodimar.com\/pt-pt\/\",\"logo\":{\"@type\":\"ImageObject\",\"inLanguage\":\"pt-PT\",\"@id\":\"https:\/\/www.rodilloscodimar.com\/pt-pt\/#\/schema\/logo\/image\/\",\"url\":\"https:\/\/www.rodilloscodimar.com\/wp-content\/uploads\/2020\/01\/logo-email.jpg\",\"contentUrl\":\"https:\/\/www.rodilloscodimar.com\/wp-content\/uploads\/2020\/01\/logo-email.jpg\",\"width\":300,\"height\":299,\"caption\":\"Rodillos Codimar\"},\"image\":{\"@id\":\"https:\/\/www.rodilloscodimar.com\/pt-pt\/#\/schema\/logo\/image\/\"}}]}<\/script>\n<!-- \/ Yoast SEO plugin. -->","yoast_head_json":{"title":"Curva G72 de Rolos de Gravidade Cr\u00f3nica - Rodillos Codimar S.L.","description":"G72 Curva de Rolo de Gravidade Cr\u00f3nica: Cabe\u00e7a termopl\u00e1sica, Rolo de A\u00e7o De Carbono Inoxid\u00e1vel, Pintado, Banhado a Zinco, Blasted...","robots":{"index":"index","follow":"follow","max-snippet":"max-snippet:-1","max-image-preview":"max-image-preview:large","max-video-preview":"max-video-preview:-1"},"canonical":"https:\/\/www.rodilloscodimar.com\/pt-pt\/produtos\/g72-curva-de-rolos-gravidade-crononica\/","og_locale":"pt_PT","og_type":"article","og_title":"Curva G72 de Rolos de Gravidade Cr\u00f3nica - Rodillos Codimar S.L.","og_description":"G72 Curva de Rolo de Gravidade Cr\u00f3nica: Cabe\u00e7a termopl\u00e1sica, Rolo de A\u00e7o De Carbono Inoxid\u00e1vel, Pintado, Banhado a Zinco, Blasted...","og_url":"https:\/\/www.rodilloscodimar.com\/pt-pt\/produtos\/g72-curva-de-rolos-gravidade-crononica\/","og_site_name":"CODIMAR","og_image":[{"width":1080,"height":1080,"url":"https:\/\/www.rodilloscodimar.com\/wp-content\/uploads\/2018\/10\/G73-0003_1.jpg","type":"image\/jpeg"}],"twitter_card":"summary_large_image","schema":{"@context":"https:\/\/schema.org","@graph":[{"@type":"WebPage","@id":"https:\/\/www.rodilloscodimar.com\/pt-pt\/produtos\/g72-curva-de-rolos-gravidade-crononica\/","url":"https:\/\/www.rodilloscodimar.com\/pt-pt\/produtos\/g72-curva-de-rolos-gravidade-crononica\/","name":"Curva G72 de Rolos de Gravidade Cr\u00f3nica - Rodillos Codimar S.L.","isPartOf":{"@id":"https:\/\/www.rodilloscodimar.com\/pt-pt\/#website"},"primaryImageOfPage":{"@id":"https:\/\/www.rodilloscodimar.com\/pt-pt\/produtos\/g72-curva-de-rolos-gravidade-crononica\/#primaryimage"},"image":{"@id":"https:\/\/www.rodilloscodimar.com\/pt-pt\/produtos\/g72-curva-de-rolos-gravidade-crononica\/#primaryimage"},"thumbnailUrl":"https:\/\/www.rodilloscodimar.com\/wp-content\/uploads\/2018\/10\/G73-0003_1.jpg","datePublished":"2020-12-15T16:20:17+00:00","description":"G72 Curva de Rolo de Gravidade Cr\u00f3nica: Cabe\u00e7a termopl\u00e1sica, Rolo de A\u00e7o De Carbono Inoxid\u00e1vel, Pintado, Banhado a Zinco, Blasted...","breadcrumb":{"@id":"https:\/\/www.rodilloscodimar.com\/pt-pt\/produtos\/g72-curva-de-rolos-gravidade-crononica\/#breadcrumb"},"inLanguage":"pt-PT","potentialAction":[{"@type":"ReadAction","target":["https:\/\/www.rodilloscodimar.com\/pt-pt\/produtos\/g72-curva-de-rolos-gravidade-crononica\/"]}]},{"@type":"ImageObject","inLanguage":"pt-PT","@id":"https:\/\/www.rodilloscodimar.com\/pt-pt\/produtos\/g72-curva-de-rolos-gravidade-crononica\/#primaryimage","url":"https:\/\/www.rodilloscodimar.com\/wp-content\/uploads\/2018\/10\/G73-0003_1.jpg","contentUrl":"https:\/\/www.rodilloscodimar.com\/wp-content\/uploads\/2018\/10\/G73-0003_1.jpg","width":1080,"height":1080},{"@type":"BreadcrumbList","@id":"https:\/\/www.rodilloscodimar.com\/pt-pt\/produtos\/g72-curva-de-rolos-gravidade-crononica\/#breadcrumb","itemListElement":[{"@type":"ListItem","position":1,"name":"Portada","item":"https:\/\/www.rodilloscodimar.com\/pt-pt\/"},{"@type":"ListItem","position":2,"name":"Tienda","item":"https:\/\/www.rodilloscodimar.com\/tienda\/"},{"@type":"ListItem","position":3,"name":"Curva de rolo de gravidade cr\u00f3nica G72"}]},{"@type":"WebSite","@id":"https:\/\/www.rodilloscodimar.com\/pt-pt\/#website","url":"https:\/\/www.rodilloscodimar.com\/pt-pt\/","name":"CODIMAR","description":"Frabricante de Componentes , Rodillos, Estaciones y M\u00e1quinas.","publisher":{"@id":"https:\/\/www.rodilloscodimar.com\/pt-pt\/#organization"},"potentialAction":[{"@type":"SearchAction","target":{"@type":"EntryPoint","urlTemplate":"https:\/\/www.rodilloscodimar.com\/pt-pt\/?s={search_term_string}"},"query-input":{"@type":"PropertyValueSpecification","valueRequired":true,"valueName":"search_term_string"}}],"inLanguage":"pt-PT"},{"@type":"Organization","@id":"https:\/\/www.rodilloscodimar.com\/pt-pt\/#organization","name":"Rodillos Codimar","url":"https:\/\/www.rodilloscodimar.com\/pt-pt\/","logo":{"@type":"ImageObject","inLanguage":"pt-PT","@id":"https:\/\/www.rodilloscodimar.com\/pt-pt\/#\/schema\/logo\/image\/","url":"https:\/\/www.rodilloscodimar.com\/wp-content\/uploads\/2020\/01\/logo-email.jpg","contentUrl":"https:\/\/www.rodilloscodimar.com\/wp-content\/uploads\/2020\/01\/logo-email.jpg","width":300,"height":299,"caption":"Rodillos Codimar"},"image":{"@id":"https:\/\/www.rodilloscodimar.com\/pt-pt\/#\/schema\/logo\/image\/"}}]}},"_links":{"self":[{"href":"https:\/\/www.rodilloscodimar.com\/pt-pt\/wp-json\/wp\/v2\/product\/5060","targetHints":{"allow":["GET"]}}],"collection":[{"href":"https:\/\/www.rodilloscodimar.com\/pt-pt\/wp-json\/wp\/v2\/product"}],"about":[{"href":"https:\/\/www.rodilloscodimar.com\/pt-pt\/wp-json\/wp\/v2\/types\/product"}],"wp:featuredmedia":[{"embeddable":true,"href":"https:\/\/www.rodilloscodimar.com\/pt-pt\/wp-json\/wp\/v2\/media\/5062"}],"wp:attachment":[{"href":"https:\/\/www.rodilloscodimar.com\/pt-pt\/wp-json\/wp\/v2\/media?parent=5060"}],"wp:term":[{"taxonomy":"product_brand","embeddable":true,"href":"https:\/\/www.rodilloscodimar.com\/pt-pt\/wp-json\/wp\/v2\/product_brand?post=5060"},{"taxonomy":"product_cat","embeddable":true,"href":"https:\/\/www.rodilloscodimar.com\/pt-pt\/wp-json\/wp\/v2\/product_cat?post=5060"},{"taxonomy":"product_tag","embeddable":true,"href":"https:\/\/www.rodilloscodimar.com\/pt-pt\/wp-json\/wp\/v2\/product_tag?post=5060"}],"curies":[{"name":"wp","href":"https:\/\/api.w.org\/{rel}","templated":true}]}}