{"id":5039,"date":"2018-10-08T12:12:18","date_gmt":"2020-12-15T16:15:29","guid":{"rendered":"https:\/\/www.rodilloscodimar.com\/producto\/transporte-c20-bicadena\/"},"modified":"2020-12-15T17:15:29","modified_gmt":"2020-12-15T16:15:29","slug":"c20-transporte-bicadena","status":"publish","type":"product","link":"https:\/\/www.rodilloscodimar.com\/pt-pt\/produtos\/c20-transporte-bicadena\/","title":{"rendered":"Transporte C20 Bicadena"},"content":{"rendered":"<ul>\n<li>Comprimento: 1000 a 5000 mm<\/li>\n<li>Largura \u00fatil: 500 a 1200 mm<\/li>\n<li>Capacidade m\u00e1xima de carga: 10 a 500 kg<\/li>\n<li>Corda: 06B, 08B, 10B, 12B, 16B (em formato \u00fanico, duplo e triplo)<\/li>\n<li>Guia da cadeia: Polietileno<\/li>\n<li>Quadro: Carbono \/ A\u00e7o Inoxid\u00e1vel<\/li>\n<li>Acabamento: Pintado \/ Cincado \/ Esguicho<\/li>\n<li>Velocidade: 8 a 20 m\/min<\/li>\n<li>Motoriza\u00e7\u00e3o: central ou cabe\u00e7a.<\/li>\n<li>P\u00e9s nivelamento ajust\u00e1veis em altura \u00b1 50mm<\/li>\n<\/ul>\n<p>Para execu\u00e7\u00f5es especiais consulte o CODIMAR.<\/p>\n","protected":false},"excerpt":{"rendered":"<p>Recomenda-se a utiliza\u00e7\u00e3o desta m\u00e1quina <strong>para paletes leves ou sem carga.<\/strong> Tamb\u00e9m quando se trata de grandes produtos, como placas ou perfis longitudinais<\/p>\n<p>Os transportadores Bicadena s\u00e3o concebidos para o transporte de paletes ou produtos com base plana e s\u00f3lida e devem mover-se transversalmente para a dire\u00e7\u00e3o dos malcriados.<\/p>\n<p>A sua forma construtiva permite uma f\u00e1cil integra\u00e7\u00e3o em linhas existentes ou novas.<\/p>\n","protected":false},"featured_media":5042,"template":"","meta":{"_joinchat":[]},"product_brand":[],"product_cat":[198],"product_tag":[],"class_list":{"0":"post-5039","1":"product","2":"type-product","3":"status-publish","4":"has-post-thumbnail","6":"product_cat-transportadores-em-cadeia","8":"first","9":"instock","10":"shipping-taxable","11":"product-type-simple"},"yoast_head":"<!-- This site is optimized with the Yoast SEO plugin v27.2 - https:\/\/yoast.com\/product\/yoast-seo-wordpress\/ -->\n<title>Transporte C20 Bicadena M\u00e1quinas - Rodillos Codimar S.L.<\/title>\n<meta name=\"description\" content=\"O transportador C20 Bicadena para o transporte de paletes com base plana e s\u00f3lida deve mover-se transversalmente para a dire\u00e7\u00e3o do travesso.\" \/>\n<meta name=\"robots\" content=\"index, follow, max-snippet:-1, max-image-preview:large, max-video-preview:-1\" \/>\n<link rel=\"canonical\" href=\"https:\/\/www.rodilloscodimar.com\/pt-pt\/produtos\/c20-transporte-bicadena\/\" \/>\n<meta property=\"og:locale\" content=\"pt_PT\" \/>\n<meta property=\"og:type\" content=\"article\" \/>\n<meta property=\"og:title\" content=\"Transporte C20 Bicadena M\u00e1quinas - Rodillos Codimar S.L.\" \/>\n<meta property=\"og:description\" content=\"O transportador C20 Bicadena para o transporte de paletes com base plana e s\u00f3lida deve mover-se transversalmente para a dire\u00e7\u00e3o do travesso.\" \/>\n<meta property=\"og:url\" content=\"https:\/\/www.rodilloscodimar.com\/pt-pt\/produtos\/c20-transporte-bicadena\/\" \/>\n<meta property=\"og:site_name\" content=\"CODIMAR\" \/>\n<meta property=\"og:image\" content=\"https:\/\/www.rodilloscodimar.com\/wp-content\/uploads\/2018\/10\/C21-0001_1.jpg\" \/>\n\t<meta property=\"og:image:width\" content=\"1080\" \/>\n\t<meta property=\"og:image:height\" content=\"1080\" \/>\n\t<meta property=\"og:image:type\" content=\"image\/jpeg\" \/>\n<meta name=\"twitter:card\" content=\"summary_large_image\" \/>\n<script type=\"application\/ld+json\" class=\"yoast-schema-graph\">{\"@context\":\"https:\/\/schema.org\",\"@graph\":[{\"@type\":\"WebPage\",\"@id\":\"https:\/\/www.rodilloscodimar.com\/pt-pt\/produtos\/c20-transporte-bicadena\/\",\"url\":\"https:\/\/www.rodilloscodimar.com\/pt-pt\/produtos\/c20-transporte-bicadena\/\",\"name\":\"Transporte C20 Bicadena M\u00e1quinas - Rodillos Codimar S.L.\",\"isPartOf\":{\"@id\":\"https:\/\/www.rodilloscodimar.com\/pt-pt\/#website\"},\"primaryImageOfPage\":{\"@id\":\"https:\/\/www.rodilloscodimar.com\/pt-pt\/produtos\/c20-transporte-bicadena\/#primaryimage\"},\"image\":{\"@id\":\"https:\/\/www.rodilloscodimar.com\/pt-pt\/produtos\/c20-transporte-bicadena\/#primaryimage\"},\"thumbnailUrl\":\"https:\/\/www.rodilloscodimar.com\/wp-content\/uploads\/2018\/10\/C21-0001_1.jpg\",\"datePublished\":\"2020-12-15T16:15:29+00:00\",\"description\":\"O transportador C20 Bicadena para o transporte de paletes com base plana e s\u00f3lida deve mover-se transversalmente para a dire\u00e7\u00e3o do travesso.\",\"breadcrumb\":{\"@id\":\"https:\/\/www.rodilloscodimar.com\/pt-pt\/produtos\/c20-transporte-bicadena\/#breadcrumb\"},\"inLanguage\":\"pt-PT\",\"potentialAction\":[{\"@type\":\"ReadAction\",\"target\":[\"https:\/\/www.rodilloscodimar.com\/pt-pt\/produtos\/c20-transporte-bicadena\/\"]}]},{\"@type\":\"ImageObject\",\"inLanguage\":\"pt-PT\",\"@id\":\"https:\/\/www.rodilloscodimar.com\/pt-pt\/produtos\/c20-transporte-bicadena\/#primaryimage\",\"url\":\"https:\/\/www.rodilloscodimar.com\/wp-content\/uploads\/2018\/10\/C21-0001_1.jpg\",\"contentUrl\":\"https:\/\/www.rodilloscodimar.com\/wp-content\/uploads\/2018\/10\/C21-0001_1.jpg\",\"width\":1080,\"height\":1080},{\"@type\":\"BreadcrumbList\",\"@id\":\"https:\/\/www.rodilloscodimar.com\/pt-pt\/produtos\/c20-transporte-bicadena\/#breadcrumb\",\"itemListElement\":[{\"@type\":\"ListItem\",\"position\":1,\"name\":\"Portada\",\"item\":\"https:\/\/www.rodilloscodimar.com\/pt-pt\/\"},{\"@type\":\"ListItem\",\"position\":2,\"name\":\"Tienda\",\"item\":\"https:\/\/www.rodilloscodimar.com\/tienda\/\"},{\"@type\":\"ListItem\",\"position\":3,\"name\":\"Transporte C20 Bicadena\"}]},{\"@type\":\"WebSite\",\"@id\":\"https:\/\/www.rodilloscodimar.com\/pt-pt\/#website\",\"url\":\"https:\/\/www.rodilloscodimar.com\/pt-pt\/\",\"name\":\"CODIMAR\",\"description\":\"Frabricante de Componentes , Rodillos, Estaciones y M\u00e1quinas.\",\"publisher\":{\"@id\":\"https:\/\/www.rodilloscodimar.com\/pt-pt\/#organization\"},\"potentialAction\":[{\"@type\":\"SearchAction\",\"target\":{\"@type\":\"EntryPoint\",\"urlTemplate\":\"https:\/\/www.rodilloscodimar.com\/pt-pt\/?s={search_term_string}\"},\"query-input\":{\"@type\":\"PropertyValueSpecification\",\"valueRequired\":true,\"valueName\":\"search_term_string\"}}],\"inLanguage\":\"pt-PT\"},{\"@type\":\"Organization\",\"@id\":\"https:\/\/www.rodilloscodimar.com\/pt-pt\/#organization\",\"name\":\"Rodillos Codimar\",\"url\":\"https:\/\/www.rodilloscodimar.com\/pt-pt\/\",\"logo\":{\"@type\":\"ImageObject\",\"inLanguage\":\"pt-PT\",\"@id\":\"https:\/\/www.rodilloscodimar.com\/pt-pt\/#\/schema\/logo\/image\/\",\"url\":\"https:\/\/www.rodilloscodimar.com\/wp-content\/uploads\/2020\/01\/logo-email.jpg\",\"contentUrl\":\"https:\/\/www.rodilloscodimar.com\/wp-content\/uploads\/2020\/01\/logo-email.jpg\",\"width\":300,\"height\":299,\"caption\":\"Rodillos Codimar\"},\"image\":{\"@id\":\"https:\/\/www.rodilloscodimar.com\/pt-pt\/#\/schema\/logo\/image\/\"}}]}<\/script>\n<!-- \/ Yoast SEO plugin. -->","yoast_head_json":{"title":"Transporte C20 Bicadena M\u00e1quinas - Rodillos Codimar S.L.","description":"O transportador C20 Bicadena para o transporte de paletes com base plana e s\u00f3lida deve mover-se transversalmente para a dire\u00e7\u00e3o do travesso.","robots":{"index":"index","follow":"follow","max-snippet":"max-snippet:-1","max-image-preview":"max-image-preview:large","max-video-preview":"max-video-preview:-1"},"canonical":"https:\/\/www.rodilloscodimar.com\/pt-pt\/produtos\/c20-transporte-bicadena\/","og_locale":"pt_PT","og_type":"article","og_title":"Transporte C20 Bicadena M\u00e1quinas - Rodillos Codimar S.L.","og_description":"O transportador C20 Bicadena para o transporte de paletes com base plana e s\u00f3lida deve mover-se transversalmente para a dire\u00e7\u00e3o do travesso.","og_url":"https:\/\/www.rodilloscodimar.com\/pt-pt\/produtos\/c20-transporte-bicadena\/","og_site_name":"CODIMAR","og_image":[{"width":1080,"height":1080,"url":"https:\/\/www.rodilloscodimar.com\/wp-content\/uploads\/2018\/10\/C21-0001_1.jpg","type":"image\/jpeg"}],"twitter_card":"summary_large_image","schema":{"@context":"https:\/\/schema.org","@graph":[{"@type":"WebPage","@id":"https:\/\/www.rodilloscodimar.com\/pt-pt\/produtos\/c20-transporte-bicadena\/","url":"https:\/\/www.rodilloscodimar.com\/pt-pt\/produtos\/c20-transporte-bicadena\/","name":"Transporte C20 Bicadena M\u00e1quinas - Rodillos Codimar S.L.","isPartOf":{"@id":"https:\/\/www.rodilloscodimar.com\/pt-pt\/#website"},"primaryImageOfPage":{"@id":"https:\/\/www.rodilloscodimar.com\/pt-pt\/produtos\/c20-transporte-bicadena\/#primaryimage"},"image":{"@id":"https:\/\/www.rodilloscodimar.com\/pt-pt\/produtos\/c20-transporte-bicadena\/#primaryimage"},"thumbnailUrl":"https:\/\/www.rodilloscodimar.com\/wp-content\/uploads\/2018\/10\/C21-0001_1.jpg","datePublished":"2020-12-15T16:15:29+00:00","description":"O transportador C20 Bicadena para o transporte de paletes com base plana e s\u00f3lida deve mover-se transversalmente para a dire\u00e7\u00e3o do travesso.","breadcrumb":{"@id":"https:\/\/www.rodilloscodimar.com\/pt-pt\/produtos\/c20-transporte-bicadena\/#breadcrumb"},"inLanguage":"pt-PT","potentialAction":[{"@type":"ReadAction","target":["https:\/\/www.rodilloscodimar.com\/pt-pt\/produtos\/c20-transporte-bicadena\/"]}]},{"@type":"ImageObject","inLanguage":"pt-PT","@id":"https:\/\/www.rodilloscodimar.com\/pt-pt\/produtos\/c20-transporte-bicadena\/#primaryimage","url":"https:\/\/www.rodilloscodimar.com\/wp-content\/uploads\/2018\/10\/C21-0001_1.jpg","contentUrl":"https:\/\/www.rodilloscodimar.com\/wp-content\/uploads\/2018\/10\/C21-0001_1.jpg","width":1080,"height":1080},{"@type":"BreadcrumbList","@id":"https:\/\/www.rodilloscodimar.com\/pt-pt\/produtos\/c20-transporte-bicadena\/#breadcrumb","itemListElement":[{"@type":"ListItem","position":1,"name":"Portada","item":"https:\/\/www.rodilloscodimar.com\/pt-pt\/"},{"@type":"ListItem","position":2,"name":"Tienda","item":"https:\/\/www.rodilloscodimar.com\/tienda\/"},{"@type":"ListItem","position":3,"name":"Transporte C20 Bicadena"}]},{"@type":"WebSite","@id":"https:\/\/www.rodilloscodimar.com\/pt-pt\/#website","url":"https:\/\/www.rodilloscodimar.com\/pt-pt\/","name":"CODIMAR","description":"Frabricante de Componentes , Rodillos, Estaciones y M\u00e1quinas.","publisher":{"@id":"https:\/\/www.rodilloscodimar.com\/pt-pt\/#organization"},"potentialAction":[{"@type":"SearchAction","target":{"@type":"EntryPoint","urlTemplate":"https:\/\/www.rodilloscodimar.com\/pt-pt\/?s={search_term_string}"},"query-input":{"@type":"PropertyValueSpecification","valueRequired":true,"valueName":"search_term_string"}}],"inLanguage":"pt-PT"},{"@type":"Organization","@id":"https:\/\/www.rodilloscodimar.com\/pt-pt\/#organization","name":"Rodillos Codimar","url":"https:\/\/www.rodilloscodimar.com\/pt-pt\/","logo":{"@type":"ImageObject","inLanguage":"pt-PT","@id":"https:\/\/www.rodilloscodimar.com\/pt-pt\/#\/schema\/logo\/image\/","url":"https:\/\/www.rodilloscodimar.com\/wp-content\/uploads\/2020\/01\/logo-email.jpg","contentUrl":"https:\/\/www.rodilloscodimar.com\/wp-content\/uploads\/2020\/01\/logo-email.jpg","width":300,"height":299,"caption":"Rodillos Codimar"},"image":{"@id":"https:\/\/www.rodilloscodimar.com\/pt-pt\/#\/schema\/logo\/image\/"}}]}},"_links":{"self":[{"href":"https:\/\/www.rodilloscodimar.com\/pt-pt\/wp-json\/wp\/v2\/product\/5039","targetHints":{"allow":["GET"]}}],"collection":[{"href":"https:\/\/www.rodilloscodimar.com\/pt-pt\/wp-json\/wp\/v2\/product"}],"about":[{"href":"https:\/\/www.rodilloscodimar.com\/pt-pt\/wp-json\/wp\/v2\/types\/product"}],"wp:featuredmedia":[{"embeddable":true,"href":"https:\/\/www.rodilloscodimar.com\/pt-pt\/wp-json\/wp\/v2\/media\/5042"}],"wp:attachment":[{"href":"https:\/\/www.rodilloscodimar.com\/pt-pt\/wp-json\/wp\/v2\/media?parent=5039"}],"wp:term":[{"taxonomy":"product_brand","embeddable":true,"href":"https:\/\/www.rodilloscodimar.com\/pt-pt\/wp-json\/wp\/v2\/product_brand?post=5039"},{"taxonomy":"product_cat","embeddable":true,"href":"https:\/\/www.rodilloscodimar.com\/pt-pt\/wp-json\/wp\/v2\/product_cat?post=5039"},{"taxonomy":"product_tag","embeddable":true,"href":"https:\/\/www.rodilloscodimar.com\/pt-pt\/wp-json\/wp\/v2\/product_tag?post=5039"}],"curies":[{"name":"wp","href":"https:\/\/api.w.org\/{rel}","templated":true}]}}