{"id":5020,"date":"2018-10-08T12:06:51","date_gmt":"2020-12-15T16:15:19","guid":{"rendered":"https:\/\/www.rodilloscodimar.com\/producto\/transportadores-de-rolo-motorizados-r10-light-series-chain-loop\/"},"modified":"2020-12-15T17:15:19","modified_gmt":"2020-12-15T16:15:19","slug":"transportadoras-de-luz-de-cadeia-de-series-de-cadeia-cadeia-r10-roller-por-loop","status":"publish","type":"product","link":"https:\/\/www.rodilloscodimar.com\/pt-pt\/produtos\/transportadoras-de-luz-de-cadeia-de-series-de-cadeia-cadeia-r10-roller-por-loop\/","title":{"rendered":"Transportadores de rolo motorizados R10 Light Series Chain Loop"},"content":{"rendered":"<ul>\n<li>Comprimento: A determinar com base nos requisitos de instala\u00e7\u00e3o<\/li>\n<li>Largura \u00fatil: A determinar com base nas dimens\u00f5es do produto.<\/li>\n<li>Capacidade m\u00e1xima de carga: A determinar de acordo com a largura do transportador e o arremesso entre os rolos.<\/li>\n<li>Rolo: 30.40, 50 e 60 mm<\/li>\n<li>Material de rolo: Carbono \/ A\u00e7o Inoxid\u00e1vel \/ PVC<\/li>\n<li>Cabe\u00e7a: Termopl\u00e1stico \/ Met\u00e1lico<\/li>\n<li>Pinion: Termopl\u00e1stico \/ Met\u00e1lico<\/li>\n<li>Eixo: 10, 12, 14, 15 e 17 mm<\/li>\n<li>Tipo de rolo: Fixo \/ Acumula\u00e7\u00e3o<\/li>\n<li>Cadeia: 06B, 08B<\/li>\n<li>Quadro: Carbono \/ A\u00e7o Inoxid\u00e1vel<\/li>\n<li>Acabamento: Pintado \/ Cincado \/ Esguicho<\/li>\n<li>Velocidade: 8 a 35 m\/min<\/li>\n<li>Motoriza\u00e7\u00e3o: central ou cabe\u00e7a.<\/li>\n<li>P\u00e9s nivelamento ajust\u00e1veis em altura \u00b1 50mm<\/li>\n<\/ul>\n<p>Para execu\u00e7\u00f5es especiais consulte CODIMAR<\/p>\n","protected":false},"excerpt":{"rendered":"<p>\u00c9 o sistema de transporte mais universal <strong>para produtos de diferentes geometrias e natureza, desde que tenham uma base regular.<\/strong><\/p>\n<p>Configurar adequadamente o tipo de rolo e passar entre eles permite-nos adaptar-nos a uma multiplicidade de materiais a transportar.<\/p>\n<p><strong>Podem ser utilizados com rolos fixos ou que permitam a acumula\u00e7\u00e3o do produto.<\/strong><\/p>\n<p>A tra\u00e7\u00e3o dos rolos \u00e9 feita atrav\u00e9s de la\u00e7os de corrente.<\/p>\n<p>A sua forma construtiva permite uma f\u00e1cil integra\u00e7\u00e3o em linhas existentes ou novas.<\/p>\n","protected":false},"featured_media":5021,"template":"","meta":{"_joinchat":[]},"product_brand":[],"product_cat":[192],"product_tag":[],"class_list":{"0":"post-5020","1":"product","2":"type-product","3":"status-publish","4":"has-post-thumbnail","6":"product_cat-transportadores-de-rolos-motorizados","8":"first","9":"instock","10":"shipping-taxable","11":"product-type-simple"},"yoast_head":"<!-- This site is optimized with the Yoast SEO plugin v27.2 - https:\/\/yoast.com\/product\/yoast-seo-wordpress\/ -->\n<title>Transportadores de rolo motorizados R10 Chain Loop Rio Codimar<\/title>\n<meta name=\"description\" content=\"R10 Mais Universal Lightweight Transport Series Chain Loop Transportd Conveyors motorizados para produtos de v\u00e1rias geometria e natureza.\" \/>\n<meta name=\"robots\" content=\"index, follow, max-snippet:-1, max-image-preview:large, max-video-preview:-1\" \/>\n<link rel=\"canonical\" href=\"https:\/\/www.rodilloscodimar.com\/pt-pt\/produtos\/transportadoras-de-luz-de-cadeia-de-series-de-cadeia-cadeia-r10-roller-por-loop\/\" \/>\n<meta property=\"og:locale\" content=\"pt_PT\" \/>\n<meta property=\"og:type\" content=\"article\" \/>\n<meta property=\"og:title\" content=\"Transportadores de rolo motorizados R10 Chain Loop Rio Codimar\" \/>\n<meta property=\"og:description\" content=\"R10 Mais Universal Lightweight Transport Series Chain Loop Transportd Conveyors motorizados para produtos de v\u00e1rias geometria e natureza.\" \/>\n<meta property=\"og:url\" content=\"https:\/\/www.rodilloscodimar.com\/pt-pt\/produtos\/transportadoras-de-luz-de-cadeia-de-series-de-cadeia-cadeia-r10-roller-por-loop\/\" \/>\n<meta property=\"og:site_name\" content=\"CODIMAR\" \/>\n<meta property=\"og:image\" content=\"https:\/\/www.rodilloscodimar.com\/wp-content\/uploads\/2018\/10\/R10-0109_2.jpg\" \/>\n\t<meta property=\"og:image:width\" content=\"1080\" \/>\n\t<meta property=\"og:image:height\" content=\"1080\" \/>\n\t<meta property=\"og:image:type\" content=\"image\/jpeg\" \/>\n<meta name=\"twitter:card\" content=\"summary_large_image\" \/>\n<meta name=\"twitter:label1\" content=\"Tempo estimado de leitura\" \/>\n\t<meta name=\"twitter:data1\" content=\"1 minuto\" \/>\n<script type=\"application\/ld+json\" class=\"yoast-schema-graph\">{\"@context\":\"https:\/\/schema.org\",\"@graph\":[{\"@type\":\"WebPage\",\"@id\":\"https:\/\/www.rodilloscodimar.com\/pt-pt\/produtos\/transportadoras-de-luz-de-cadeia-de-series-de-cadeia-cadeia-r10-roller-por-loop\/\",\"url\":\"https:\/\/www.rodilloscodimar.com\/pt-pt\/produtos\/transportadoras-de-luz-de-cadeia-de-series-de-cadeia-cadeia-r10-roller-por-loop\/\",\"name\":\"Transportadores de rolo motorizados R10 Chain Loop Rio Codimar\",\"isPartOf\":{\"@id\":\"https:\/\/www.rodilloscodimar.com\/pt-pt\/#website\"},\"primaryImageOfPage\":{\"@id\":\"https:\/\/www.rodilloscodimar.com\/pt-pt\/produtos\/transportadoras-de-luz-de-cadeia-de-series-de-cadeia-cadeia-r10-roller-por-loop\/#primaryimage\"},\"image\":{\"@id\":\"https:\/\/www.rodilloscodimar.com\/pt-pt\/produtos\/transportadoras-de-luz-de-cadeia-de-series-de-cadeia-cadeia-r10-roller-por-loop\/#primaryimage\"},\"thumbnailUrl\":\"https:\/\/www.rodilloscodimar.com\/wp-content\/uploads\/2018\/10\/R10-0109_2.jpg\",\"datePublished\":\"2020-12-15T16:15:19+00:00\",\"description\":\"R10 Mais Universal Lightweight Transport Series Chain Loop Transportd Conveyors motorizados para produtos de v\u00e1rias geometria e natureza.\",\"breadcrumb\":{\"@id\":\"https:\/\/www.rodilloscodimar.com\/pt-pt\/produtos\/transportadoras-de-luz-de-cadeia-de-series-de-cadeia-cadeia-r10-roller-por-loop\/#breadcrumb\"},\"inLanguage\":\"pt-PT\",\"potentialAction\":[{\"@type\":\"ReadAction\",\"target\":[\"https:\/\/www.rodilloscodimar.com\/pt-pt\/produtos\/transportadoras-de-luz-de-cadeia-de-series-de-cadeia-cadeia-r10-roller-por-loop\/\"]}]},{\"@type\":\"ImageObject\",\"inLanguage\":\"pt-PT\",\"@id\":\"https:\/\/www.rodilloscodimar.com\/pt-pt\/produtos\/transportadoras-de-luz-de-cadeia-de-series-de-cadeia-cadeia-r10-roller-por-loop\/#primaryimage\",\"url\":\"https:\/\/www.rodilloscodimar.com\/wp-content\/uploads\/2018\/10\/R10-0109_2.jpg\",\"contentUrl\":\"https:\/\/www.rodilloscodimar.com\/wp-content\/uploads\/2018\/10\/R10-0109_2.jpg\",\"width\":1080,\"height\":1080},{\"@type\":\"BreadcrumbList\",\"@id\":\"https:\/\/www.rodilloscodimar.com\/pt-pt\/produtos\/transportadoras-de-luz-de-cadeia-de-series-de-cadeia-cadeia-r10-roller-por-loop\/#breadcrumb\",\"itemListElement\":[{\"@type\":\"ListItem\",\"position\":1,\"name\":\"Portada\",\"item\":\"https:\/\/www.rodilloscodimar.com\/pt-pt\/\"},{\"@type\":\"ListItem\",\"position\":2,\"name\":\"Tienda\",\"item\":\"https:\/\/www.rodilloscodimar.com\/tienda\/\"},{\"@type\":\"ListItem\",\"position\":3,\"name\":\"Transportadores de rolo motorizados R10 Light Series Chain Loop\"}]},{\"@type\":\"WebSite\",\"@id\":\"https:\/\/www.rodilloscodimar.com\/pt-pt\/#website\",\"url\":\"https:\/\/www.rodilloscodimar.com\/pt-pt\/\",\"name\":\"CODIMAR\",\"description\":\"Frabricante de Componentes , Rodillos, Estaciones y M\u00e1quinas.\",\"publisher\":{\"@id\":\"https:\/\/www.rodilloscodimar.com\/pt-pt\/#organization\"},\"potentialAction\":[{\"@type\":\"SearchAction\",\"target\":{\"@type\":\"EntryPoint\",\"urlTemplate\":\"https:\/\/www.rodilloscodimar.com\/pt-pt\/?s={search_term_string}\"},\"query-input\":{\"@type\":\"PropertyValueSpecification\",\"valueRequired\":true,\"valueName\":\"search_term_string\"}}],\"inLanguage\":\"pt-PT\"},{\"@type\":\"Organization\",\"@id\":\"https:\/\/www.rodilloscodimar.com\/pt-pt\/#organization\",\"name\":\"Rodillos Codimar\",\"url\":\"https:\/\/www.rodilloscodimar.com\/pt-pt\/\",\"logo\":{\"@type\":\"ImageObject\",\"inLanguage\":\"pt-PT\",\"@id\":\"https:\/\/www.rodilloscodimar.com\/pt-pt\/#\/schema\/logo\/image\/\",\"url\":\"https:\/\/www.rodilloscodimar.com\/wp-content\/uploads\/2020\/01\/logo-email.jpg\",\"contentUrl\":\"https:\/\/www.rodilloscodimar.com\/wp-content\/uploads\/2020\/01\/logo-email.jpg\",\"width\":300,\"height\":299,\"caption\":\"Rodillos Codimar\"},\"image\":{\"@id\":\"https:\/\/www.rodilloscodimar.com\/pt-pt\/#\/schema\/logo\/image\/\"}}]}<\/script>\n<!-- \/ Yoast SEO plugin. -->","yoast_head_json":{"title":"Transportadores de rolo motorizados R10 Chain Loop Rio Codimar","description":"R10 Mais Universal Lightweight Transport Series Chain Loop Transportd Conveyors motorizados para produtos de v\u00e1rias geometria e natureza.","robots":{"index":"index","follow":"follow","max-snippet":"max-snippet:-1","max-image-preview":"max-image-preview:large","max-video-preview":"max-video-preview:-1"},"canonical":"https:\/\/www.rodilloscodimar.com\/pt-pt\/produtos\/transportadoras-de-luz-de-cadeia-de-series-de-cadeia-cadeia-r10-roller-por-loop\/","og_locale":"pt_PT","og_type":"article","og_title":"Transportadores de rolo motorizados R10 Chain Loop Rio Codimar","og_description":"R10 Mais Universal Lightweight Transport Series Chain Loop Transportd Conveyors motorizados para produtos de v\u00e1rias geometria e natureza.","og_url":"https:\/\/www.rodilloscodimar.com\/pt-pt\/produtos\/transportadoras-de-luz-de-cadeia-de-series-de-cadeia-cadeia-r10-roller-por-loop\/","og_site_name":"CODIMAR","og_image":[{"width":1080,"height":1080,"url":"https:\/\/www.rodilloscodimar.com\/wp-content\/uploads\/2018\/10\/R10-0109_2.jpg","type":"image\/jpeg"}],"twitter_card":"summary_large_image","twitter_misc":{"Tempo estimado de leitura":"1 minuto"},"schema":{"@context":"https:\/\/schema.org","@graph":[{"@type":"WebPage","@id":"https:\/\/www.rodilloscodimar.com\/pt-pt\/produtos\/transportadoras-de-luz-de-cadeia-de-series-de-cadeia-cadeia-r10-roller-por-loop\/","url":"https:\/\/www.rodilloscodimar.com\/pt-pt\/produtos\/transportadoras-de-luz-de-cadeia-de-series-de-cadeia-cadeia-r10-roller-por-loop\/","name":"Transportadores de rolo motorizados R10 Chain Loop Rio Codimar","isPartOf":{"@id":"https:\/\/www.rodilloscodimar.com\/pt-pt\/#website"},"primaryImageOfPage":{"@id":"https:\/\/www.rodilloscodimar.com\/pt-pt\/produtos\/transportadoras-de-luz-de-cadeia-de-series-de-cadeia-cadeia-r10-roller-por-loop\/#primaryimage"},"image":{"@id":"https:\/\/www.rodilloscodimar.com\/pt-pt\/produtos\/transportadoras-de-luz-de-cadeia-de-series-de-cadeia-cadeia-r10-roller-por-loop\/#primaryimage"},"thumbnailUrl":"https:\/\/www.rodilloscodimar.com\/wp-content\/uploads\/2018\/10\/R10-0109_2.jpg","datePublished":"2020-12-15T16:15:19+00:00","description":"R10 Mais Universal Lightweight Transport Series Chain Loop Transportd Conveyors motorizados para produtos de v\u00e1rias geometria e natureza.","breadcrumb":{"@id":"https:\/\/www.rodilloscodimar.com\/pt-pt\/produtos\/transportadoras-de-luz-de-cadeia-de-series-de-cadeia-cadeia-r10-roller-por-loop\/#breadcrumb"},"inLanguage":"pt-PT","potentialAction":[{"@type":"ReadAction","target":["https:\/\/www.rodilloscodimar.com\/pt-pt\/produtos\/transportadoras-de-luz-de-cadeia-de-series-de-cadeia-cadeia-r10-roller-por-loop\/"]}]},{"@type":"ImageObject","inLanguage":"pt-PT","@id":"https:\/\/www.rodilloscodimar.com\/pt-pt\/produtos\/transportadoras-de-luz-de-cadeia-de-series-de-cadeia-cadeia-r10-roller-por-loop\/#primaryimage","url":"https:\/\/www.rodilloscodimar.com\/wp-content\/uploads\/2018\/10\/R10-0109_2.jpg","contentUrl":"https:\/\/www.rodilloscodimar.com\/wp-content\/uploads\/2018\/10\/R10-0109_2.jpg","width":1080,"height":1080},{"@type":"BreadcrumbList","@id":"https:\/\/www.rodilloscodimar.com\/pt-pt\/produtos\/transportadoras-de-luz-de-cadeia-de-series-de-cadeia-cadeia-r10-roller-por-loop\/#breadcrumb","itemListElement":[{"@type":"ListItem","position":1,"name":"Portada","item":"https:\/\/www.rodilloscodimar.com\/pt-pt\/"},{"@type":"ListItem","position":2,"name":"Tienda","item":"https:\/\/www.rodilloscodimar.com\/tienda\/"},{"@type":"ListItem","position":3,"name":"Transportadores de rolo motorizados R10 Light Series Chain Loop"}]},{"@type":"WebSite","@id":"https:\/\/www.rodilloscodimar.com\/pt-pt\/#website","url":"https:\/\/www.rodilloscodimar.com\/pt-pt\/","name":"CODIMAR","description":"Frabricante de Componentes , Rodillos, Estaciones y M\u00e1quinas.","publisher":{"@id":"https:\/\/www.rodilloscodimar.com\/pt-pt\/#organization"},"potentialAction":[{"@type":"SearchAction","target":{"@type":"EntryPoint","urlTemplate":"https:\/\/www.rodilloscodimar.com\/pt-pt\/?s={search_term_string}"},"query-input":{"@type":"PropertyValueSpecification","valueRequired":true,"valueName":"search_term_string"}}],"inLanguage":"pt-PT"},{"@type":"Organization","@id":"https:\/\/www.rodilloscodimar.com\/pt-pt\/#organization","name":"Rodillos Codimar","url":"https:\/\/www.rodilloscodimar.com\/pt-pt\/","logo":{"@type":"ImageObject","inLanguage":"pt-PT","@id":"https:\/\/www.rodilloscodimar.com\/pt-pt\/#\/schema\/logo\/image\/","url":"https:\/\/www.rodilloscodimar.com\/wp-content\/uploads\/2020\/01\/logo-email.jpg","contentUrl":"https:\/\/www.rodilloscodimar.com\/wp-content\/uploads\/2020\/01\/logo-email.jpg","width":300,"height":299,"caption":"Rodillos Codimar"},"image":{"@id":"https:\/\/www.rodilloscodimar.com\/pt-pt\/#\/schema\/logo\/image\/"}}]}},"_links":{"self":[{"href":"https:\/\/www.rodilloscodimar.com\/pt-pt\/wp-json\/wp\/v2\/product\/5020","targetHints":{"allow":["GET"]}}],"collection":[{"href":"https:\/\/www.rodilloscodimar.com\/pt-pt\/wp-json\/wp\/v2\/product"}],"about":[{"href":"https:\/\/www.rodilloscodimar.com\/pt-pt\/wp-json\/wp\/v2\/types\/product"}],"wp:featuredmedia":[{"embeddable":true,"href":"https:\/\/www.rodilloscodimar.com\/pt-pt\/wp-json\/wp\/v2\/media\/5021"}],"wp:attachment":[{"href":"https:\/\/www.rodilloscodimar.com\/pt-pt\/wp-json\/wp\/v2\/media?parent=5020"}],"wp:term":[{"taxonomy":"product_brand","embeddable":true,"href":"https:\/\/www.rodilloscodimar.com\/pt-pt\/wp-json\/wp\/v2\/product_brand?post=5020"},{"taxonomy":"product_cat","embeddable":true,"href":"https:\/\/www.rodilloscodimar.com\/pt-pt\/wp-json\/wp\/v2\/product_cat?post=5020"},{"taxonomy":"product_tag","embeddable":true,"href":"https:\/\/www.rodilloscodimar.com\/pt-pt\/wp-json\/wp\/v2\/product_tag?post=5020"}],"curies":[{"name":"wp","href":"https:\/\/api.w.org\/{rel}","templated":true}]}}