{"id":4987,"date":"2018-10-05T13:43:09","date_gmt":"2020-12-15T16:14:08","guid":{"rendered":"https:\/\/www.rodilloscodimar.com\/producto\/transporte-de-rolos-de-ida-g30\/"},"modified":"2020-12-15T17:14:08","modified_gmt":"2020-12-15T16:14:08","slug":"g30-transporte-de-roldanas-unidirectional","status":"publish","type":"product","link":"https:\/\/www.rodilloscodimar.com\/pt-pt\/produtos\/g30-transporte-de-roldanas-unidirectional\/","title":{"rendered":"Transporte de rolos de ida G30"},"content":{"rendered":"<p>&#8211; Comprimento: A determinar de acordo com os requisitos de instala\u00e7\u00e3o<\/li>\n<p>&#8211; Largura \u00fatil: A determinar com base nas dimens\u00f5es do produto<\/li>\n<p>&#8211; Quadro: Carbono \/A\u00e7o Inoxid\u00e1vel<\/li>\n<p>&#8211; Acabamento: Pintado \/ Esguicho<\/li>\n<p>&#8211; P\u00e9s nivelados ajust\u00e1veis em altura \u00b1 50mm<\/li>\n<p>&#8211; Tipos de rolos:<\/li>\n<ul>\n<li style=\"list-style-type: none;\">\n<ul>\n<li>Roldana SLR:<\/li>\n<\/ul>\n<\/li>\n<\/ul>\n<p>Corpo: A\u00e7o banhado a zinco<br \/>\nCaixa de bola: A\u00e7o temperado<br \/>\nHub: A\u00e7o temperado e galvanizado<br \/>\nBolas: A\u00e7o<br \/>\nCapacidade de carga: 20 kg<br \/>\nDi\u00e2metro do rolo: 48 mm<\/p>\n<ul>\n<li style=\"list-style-type: none;\">\n<ul>\n<li>Rolo KlR:<\/li>\n<\/ul>\n<\/li>\n<\/ul>\n<p>Corpo: Termopl\u00e1stico<br \/>\nHub: Termopl\u00e1stico<br \/>\nCobertura de rolamento: Termopl\u00e1stico<br \/>\nGaiola: Termopl\u00e1stico<br \/>\nBolas: Carbono \/A\u00e7o Inoxid\u00e1vel<br \/>\nCapacidade de carga: 10 kg<br \/>\nRoldana: 48 mm<\/p>\n<ul>\n<li style=\"list-style-type: none;\">\n<ul>\n<li>Rolo SR:<\/li>\n<\/ul>\n<\/li>\n<\/ul>\n<p>Corpo: Termopl\u00e1stico<br \/>\nHub: Termopl\u00e1stico<br \/>\nCobertura de rolamento: Termopl\u00e1stico<br \/>\nGaiola: Termopl\u00e1stico<br \/>\nBolas: Carbono \/A\u00e7o Inoxid\u00e1vel<br \/>\nCapacidade de carga: 10 kg<br \/>\nRoldana: 48 mm<br \/>\nAleta: 66mm<\/p>\n<p>Para execu\u00e7\u00f5es especiais consulte CODIMAR<\/p>\n","protected":false},"excerpt":{"rendered":"<p>Transportador <strong>adequado para transporte manual de cargas luminosas com base plana e pequenas dimens\u00f5es.<\/strong><\/p>\n<p>A montagem de rolos de tr\u00eas bolas alcan\u00e7a uma superf\u00edcie de suporte maior em frente ao transportador de rolos.<\/p>\n<p>A sua forma construtiva permite uma f\u00e1cil integra\u00e7\u00e3o em linhas existentes ou novas.<\/p>\n","protected":false},"featured_media":4988,"template":"","meta":{"_joinchat":[]},"product_brand":[],"product_cat":[173],"product_tag":[],"class_list":{"0":"post-4987","1":"product","2":"type-product","3":"status-publish","4":"has-post-thumbnail","6":"product_cat-transportadores-de-gravidade","8":"first","9":"instock","10":"shipping-taxable","11":"product-type-simple"},"yoast_head":"<!-- This site is optimized with the Yoast SEO plugin v27.2 - https:\/\/yoast.com\/product\/yoast-seo-wordpress\/ -->\n<title>Transporte de rolos de ida G30 Rodillos Codimar S.L.<\/title>\n<meta name=\"description\" content=\"Transportador de rolos de ida G30 para transporte manual de cargas luminosas com base plana e pequenas dimens\u00f5es.\" \/>\n<meta name=\"robots\" content=\"index, follow, max-snippet:-1, max-image-preview:large, max-video-preview:-1\" \/>\n<link rel=\"canonical\" href=\"https:\/\/www.rodilloscodimar.com\/pt-pt\/produtos\/g30-transporte-de-roldanas-unidirectional\/\" \/>\n<meta property=\"og:locale\" content=\"pt_PT\" \/>\n<meta property=\"og:type\" content=\"article\" \/>\n<meta property=\"og:title\" content=\"Transporte de rolos de ida G30 Rodillos Codimar S.L.\" \/>\n<meta property=\"og:description\" content=\"Transportador de rolos de ida G30 para transporte manual de cargas luminosas com base plana e pequenas dimens\u00f5es.\" \/>\n<meta property=\"og:url\" content=\"https:\/\/www.rodilloscodimar.com\/pt-pt\/produtos\/g30-transporte-de-roldanas-unidirectional\/\" \/>\n<meta property=\"og:site_name\" content=\"CODIMAR\" \/>\n<meta property=\"og:image\" content=\"https:\/\/www.rodilloscodimar.com\/wp-content\/uploads\/2018\/10\/G30-0001.69.jpg\" \/>\n\t<meta property=\"og:image:width\" content=\"1080\" \/>\n\t<meta property=\"og:image:height\" content=\"1080\" \/>\n\t<meta property=\"og:image:type\" content=\"image\/jpeg\" \/>\n<meta name=\"twitter:card\" content=\"summary_large_image\" \/>\n<meta name=\"twitter:label1\" content=\"Tempo estimado de leitura\" \/>\n\t<meta name=\"twitter:data1\" content=\"1 minuto\" \/>\n<script type=\"application\/ld+json\" class=\"yoast-schema-graph\">{\"@context\":\"https:\/\/schema.org\",\"@graph\":[{\"@type\":\"WebPage\",\"@id\":\"https:\/\/www.rodilloscodimar.com\/pt-pt\/produtos\/g30-transporte-de-roldanas-unidirectional\/\",\"url\":\"https:\/\/www.rodilloscodimar.com\/pt-pt\/produtos\/g30-transporte-de-roldanas-unidirectional\/\",\"name\":\"Transporte de rolos de ida G30 Rodillos Codimar S.L.\",\"isPartOf\":{\"@id\":\"https:\/\/www.rodilloscodimar.com\/pt-pt\/#website\"},\"primaryImageOfPage\":{\"@id\":\"https:\/\/www.rodilloscodimar.com\/pt-pt\/produtos\/g30-transporte-de-roldanas-unidirectional\/#primaryimage\"},\"image\":{\"@id\":\"https:\/\/www.rodilloscodimar.com\/pt-pt\/produtos\/g30-transporte-de-roldanas-unidirectional\/#primaryimage\"},\"thumbnailUrl\":\"https:\/\/www.rodilloscodimar.com\/wp-content\/uploads\/2018\/10\/G30-0001.69.jpg\",\"datePublished\":\"2020-12-15T16:14:08+00:00\",\"description\":\"Transportador de rolos de ida G30 para transporte manual de cargas luminosas com base plana e pequenas dimens\u00f5es.\",\"breadcrumb\":{\"@id\":\"https:\/\/www.rodilloscodimar.com\/pt-pt\/produtos\/g30-transporte-de-roldanas-unidirectional\/#breadcrumb\"},\"inLanguage\":\"pt-PT\",\"potentialAction\":[{\"@type\":\"ReadAction\",\"target\":[\"https:\/\/www.rodilloscodimar.com\/pt-pt\/produtos\/g30-transporte-de-roldanas-unidirectional\/\"]}]},{\"@type\":\"ImageObject\",\"inLanguage\":\"pt-PT\",\"@id\":\"https:\/\/www.rodilloscodimar.com\/pt-pt\/produtos\/g30-transporte-de-roldanas-unidirectional\/#primaryimage\",\"url\":\"https:\/\/www.rodilloscodimar.com\/wp-content\/uploads\/2018\/10\/G30-0001.69.jpg\",\"contentUrl\":\"https:\/\/www.rodilloscodimar.com\/wp-content\/uploads\/2018\/10\/G30-0001.69.jpg\",\"width\":1080,\"height\":1080},{\"@type\":\"BreadcrumbList\",\"@id\":\"https:\/\/www.rodilloscodimar.com\/pt-pt\/produtos\/g30-transporte-de-roldanas-unidirectional\/#breadcrumb\",\"itemListElement\":[{\"@type\":\"ListItem\",\"position\":1,\"name\":\"Portada\",\"item\":\"https:\/\/www.rodilloscodimar.com\/pt-pt\/\"},{\"@type\":\"ListItem\",\"position\":2,\"name\":\"Tienda\",\"item\":\"https:\/\/www.rodilloscodimar.com\/tienda\/\"},{\"@type\":\"ListItem\",\"position\":3,\"name\":\"Transporte de rolos de ida G30\"}]},{\"@type\":\"WebSite\",\"@id\":\"https:\/\/www.rodilloscodimar.com\/pt-pt\/#website\",\"url\":\"https:\/\/www.rodilloscodimar.com\/pt-pt\/\",\"name\":\"CODIMAR\",\"description\":\"Frabricante de Componentes , Rodillos, Estaciones y M\u00e1quinas.\",\"publisher\":{\"@id\":\"https:\/\/www.rodilloscodimar.com\/pt-pt\/#organization\"},\"potentialAction\":[{\"@type\":\"SearchAction\",\"target\":{\"@type\":\"EntryPoint\",\"urlTemplate\":\"https:\/\/www.rodilloscodimar.com\/pt-pt\/?s={search_term_string}\"},\"query-input\":{\"@type\":\"PropertyValueSpecification\",\"valueRequired\":true,\"valueName\":\"search_term_string\"}}],\"inLanguage\":\"pt-PT\"},{\"@type\":\"Organization\",\"@id\":\"https:\/\/www.rodilloscodimar.com\/pt-pt\/#organization\",\"name\":\"Rodillos Codimar\",\"url\":\"https:\/\/www.rodilloscodimar.com\/pt-pt\/\",\"logo\":{\"@type\":\"ImageObject\",\"inLanguage\":\"pt-PT\",\"@id\":\"https:\/\/www.rodilloscodimar.com\/pt-pt\/#\/schema\/logo\/image\/\",\"url\":\"https:\/\/www.rodilloscodimar.com\/wp-content\/uploads\/2020\/01\/logo-email.jpg\",\"contentUrl\":\"https:\/\/www.rodilloscodimar.com\/wp-content\/uploads\/2020\/01\/logo-email.jpg\",\"width\":300,\"height\":299,\"caption\":\"Rodillos Codimar\"},\"image\":{\"@id\":\"https:\/\/www.rodilloscodimar.com\/pt-pt\/#\/schema\/logo\/image\/\"}}]}<\/script>\n<!-- \/ Yoast SEO plugin. -->","yoast_head_json":{"title":"Transporte de rolos de ida G30 Rodillos Codimar S.L.","description":"Transportador de rolos de ida G30 para transporte manual de cargas luminosas com base plana e pequenas dimens\u00f5es.","robots":{"index":"index","follow":"follow","max-snippet":"max-snippet:-1","max-image-preview":"max-image-preview:large","max-video-preview":"max-video-preview:-1"},"canonical":"https:\/\/www.rodilloscodimar.com\/pt-pt\/produtos\/g30-transporte-de-roldanas-unidirectional\/","og_locale":"pt_PT","og_type":"article","og_title":"Transporte de rolos de ida G30 Rodillos Codimar S.L.","og_description":"Transportador de rolos de ida G30 para transporte manual de cargas luminosas com base plana e pequenas dimens\u00f5es.","og_url":"https:\/\/www.rodilloscodimar.com\/pt-pt\/produtos\/g30-transporte-de-roldanas-unidirectional\/","og_site_name":"CODIMAR","og_image":[{"width":1080,"height":1080,"url":"https:\/\/www.rodilloscodimar.com\/wp-content\/uploads\/2018\/10\/G30-0001.69.jpg","type":"image\/jpeg"}],"twitter_card":"summary_large_image","twitter_misc":{"Tempo estimado de leitura":"1 minuto"},"schema":{"@context":"https:\/\/schema.org","@graph":[{"@type":"WebPage","@id":"https:\/\/www.rodilloscodimar.com\/pt-pt\/produtos\/g30-transporte-de-roldanas-unidirectional\/","url":"https:\/\/www.rodilloscodimar.com\/pt-pt\/produtos\/g30-transporte-de-roldanas-unidirectional\/","name":"Transporte de rolos de ida G30 Rodillos Codimar S.L.","isPartOf":{"@id":"https:\/\/www.rodilloscodimar.com\/pt-pt\/#website"},"primaryImageOfPage":{"@id":"https:\/\/www.rodilloscodimar.com\/pt-pt\/produtos\/g30-transporte-de-roldanas-unidirectional\/#primaryimage"},"image":{"@id":"https:\/\/www.rodilloscodimar.com\/pt-pt\/produtos\/g30-transporte-de-roldanas-unidirectional\/#primaryimage"},"thumbnailUrl":"https:\/\/www.rodilloscodimar.com\/wp-content\/uploads\/2018\/10\/G30-0001.69.jpg","datePublished":"2020-12-15T16:14:08+00:00","description":"Transportador de rolos de ida G30 para transporte manual de cargas luminosas com base plana e pequenas dimens\u00f5es.","breadcrumb":{"@id":"https:\/\/www.rodilloscodimar.com\/pt-pt\/produtos\/g30-transporte-de-roldanas-unidirectional\/#breadcrumb"},"inLanguage":"pt-PT","potentialAction":[{"@type":"ReadAction","target":["https:\/\/www.rodilloscodimar.com\/pt-pt\/produtos\/g30-transporte-de-roldanas-unidirectional\/"]}]},{"@type":"ImageObject","inLanguage":"pt-PT","@id":"https:\/\/www.rodilloscodimar.com\/pt-pt\/produtos\/g30-transporte-de-roldanas-unidirectional\/#primaryimage","url":"https:\/\/www.rodilloscodimar.com\/wp-content\/uploads\/2018\/10\/G30-0001.69.jpg","contentUrl":"https:\/\/www.rodilloscodimar.com\/wp-content\/uploads\/2018\/10\/G30-0001.69.jpg","width":1080,"height":1080},{"@type":"BreadcrumbList","@id":"https:\/\/www.rodilloscodimar.com\/pt-pt\/produtos\/g30-transporte-de-roldanas-unidirectional\/#breadcrumb","itemListElement":[{"@type":"ListItem","position":1,"name":"Portada","item":"https:\/\/www.rodilloscodimar.com\/pt-pt\/"},{"@type":"ListItem","position":2,"name":"Tienda","item":"https:\/\/www.rodilloscodimar.com\/tienda\/"},{"@type":"ListItem","position":3,"name":"Transporte de rolos de ida G30"}]},{"@type":"WebSite","@id":"https:\/\/www.rodilloscodimar.com\/pt-pt\/#website","url":"https:\/\/www.rodilloscodimar.com\/pt-pt\/","name":"CODIMAR","description":"Frabricante de Componentes , Rodillos, Estaciones y M\u00e1quinas.","publisher":{"@id":"https:\/\/www.rodilloscodimar.com\/pt-pt\/#organization"},"potentialAction":[{"@type":"SearchAction","target":{"@type":"EntryPoint","urlTemplate":"https:\/\/www.rodilloscodimar.com\/pt-pt\/?s={search_term_string}"},"query-input":{"@type":"PropertyValueSpecification","valueRequired":true,"valueName":"search_term_string"}}],"inLanguage":"pt-PT"},{"@type":"Organization","@id":"https:\/\/www.rodilloscodimar.com\/pt-pt\/#organization","name":"Rodillos Codimar","url":"https:\/\/www.rodilloscodimar.com\/pt-pt\/","logo":{"@type":"ImageObject","inLanguage":"pt-PT","@id":"https:\/\/www.rodilloscodimar.com\/pt-pt\/#\/schema\/logo\/image\/","url":"https:\/\/www.rodilloscodimar.com\/wp-content\/uploads\/2020\/01\/logo-email.jpg","contentUrl":"https:\/\/www.rodilloscodimar.com\/wp-content\/uploads\/2020\/01\/logo-email.jpg","width":300,"height":299,"caption":"Rodillos Codimar"},"image":{"@id":"https:\/\/www.rodilloscodimar.com\/pt-pt\/#\/schema\/logo\/image\/"}}]}},"_links":{"self":[{"href":"https:\/\/www.rodilloscodimar.com\/pt-pt\/wp-json\/wp\/v2\/product\/4987","targetHints":{"allow":["GET"]}}],"collection":[{"href":"https:\/\/www.rodilloscodimar.com\/pt-pt\/wp-json\/wp\/v2\/product"}],"about":[{"href":"https:\/\/www.rodilloscodimar.com\/pt-pt\/wp-json\/wp\/v2\/types\/product"}],"wp:featuredmedia":[{"embeddable":true,"href":"https:\/\/www.rodilloscodimar.com\/pt-pt\/wp-json\/wp\/v2\/media\/4988"}],"wp:attachment":[{"href":"https:\/\/www.rodilloscodimar.com\/pt-pt\/wp-json\/wp\/v2\/media?parent=4987"}],"wp:term":[{"taxonomy":"product_brand","embeddable":true,"href":"https:\/\/www.rodilloscodimar.com\/pt-pt\/wp-json\/wp\/v2\/product_brand?post=4987"},{"taxonomy":"product_cat","embeddable":true,"href":"https:\/\/www.rodilloscodimar.com\/pt-pt\/wp-json\/wp\/v2\/product_cat?post=4987"},{"taxonomy":"product_tag","embeddable":true,"href":"https:\/\/www.rodilloscodimar.com\/pt-pt\/wp-json\/wp\/v2\/product_tag?post=4987"}],"curies":[{"name":"wp","href":"https:\/\/api.w.org\/{rel}","templated":true}]}}