{"id":4845,"date":"2018-10-19T10:51:34","date_gmt":"2020-12-15T15:53:50","guid":{"rendered":"https:\/\/www.rodilloscodimar.com\/producto\/mts-44\/"},"modified":"2020-12-15T16:53:50","modified_gmt":"2020-12-15T15:53:50","slug":"mts-44-2","status":"publish","type":"product","link":"https:\/\/www.rodilloscodimar.com\/pt-pt\/produtos\/mts-44-2\/","title":{"rendered":"MTS-44"},"content":{"rendered":"<li>MTS-44 n\u00e3o indicado em rolos de transporte de gravidade, porque o seu esfor\u00e7o inicial \u00e9 maior do que na s\u00e9rie mais leve<\/li>\n<li>Possibilidades de montagem exclusivamente para tubos met\u00e1licos ao longo da s\u00e9rie. Di\u00e2metros de 80 a 108mm. e eixos de 20mm e 25mm<\/li>\n","protected":false},"excerpt":{"rendered":"<p>Cabe\u00e7as met\u00e1licas do tipo MTR.44 equipadas com rolamento de precis\u00e3o com bolas em n\u00edquel cromado ou a\u00e7o inoxid\u00e1vel com prote\u00e7\u00e3o 2RS. Indicado principalmente para rolos de s\u00e9ries semi-pesadas<\/p>\n","protected":false},"featured_media":4846,"template":"","meta":{"_joinchat":[]},"product_brand":[],"product_cat":[158],"product_tag":[],"class_list":{"0":"post-4845","1":"product","2":"type-product","3":"status-publish","4":"has-post-thumbnail","6":"product_cat-cabecas-de-rmetal-pressionadas","8":"first","9":"instock","10":"shipping-taxable","11":"product-type-simple"},"yoast_head":"<!-- This site is optimized with the Yoast SEO plugin v27.2 - https:\/\/yoast.com\/product\/yoast-seo-wordpress\/ -->\n<title>MTS-44 Metal Heads Embutidos - Rodillos Codimar S.L.<\/title>\n<meta name=\"description\" content=\"Cabe\u00e7a met\u00e1lica MTS-44 com rolamento de precis\u00e3o com prote\u00e7\u00e3o 2RS. Indicado principalmente para rolos semi-pesados da s\u00e9rie.\" \/>\n<meta name=\"robots\" content=\"index, follow, max-snippet:-1, max-image-preview:large, max-video-preview:-1\" \/>\n<link rel=\"canonical\" href=\"https:\/\/www.rodilloscodimar.com\/pt-pt\/produtos\/mts-44-2\/\" \/>\n<meta property=\"og:locale\" content=\"pt_PT\" \/>\n<meta property=\"og:type\" content=\"article\" \/>\n<meta property=\"og:title\" content=\"MTS-44 Metal Heads Embutidos - Rodillos Codimar S.L.\" \/>\n<meta property=\"og:description\" content=\"Cabe\u00e7a met\u00e1lica MTS-44 com rolamento de precis\u00e3o com prote\u00e7\u00e3o 2RS. Indicado principalmente para rolos semi-pesados da s\u00e9rie.\" \/>\n<meta property=\"og:url\" content=\"https:\/\/www.rodilloscodimar.com\/pt-pt\/produtos\/mts-44-2\/\" \/>\n<meta property=\"og:site_name\" content=\"CODIMAR\" \/>\n<meta property=\"og:image\" content=\"https:\/\/www.rodilloscodimar.com\/wp-content\/uploads\/2018\/10\/SH100120.jpg\" \/>\n\t<meta property=\"og:image:width\" content=\"450\" \/>\n\t<meta property=\"og:image:height\" content=\"282\" \/>\n\t<meta property=\"og:image:type\" content=\"image\/jpeg\" \/>\n<meta name=\"twitter:card\" content=\"summary_large_image\" \/>\n<script type=\"application\/ld+json\" class=\"yoast-schema-graph\">{\"@context\":\"https:\/\/schema.org\",\"@graph\":[{\"@type\":\"WebPage\",\"@id\":\"https:\/\/www.rodilloscodimar.com\/pt-pt\/produtos\/mts-44-2\/\",\"url\":\"https:\/\/www.rodilloscodimar.com\/pt-pt\/produtos\/mts-44-2\/\",\"name\":\"MTS-44 Metal Heads Embutidos - Rodillos Codimar S.L.\",\"isPartOf\":{\"@id\":\"https:\/\/www.rodilloscodimar.com\/pt-pt\/#website\"},\"primaryImageOfPage\":{\"@id\":\"https:\/\/www.rodilloscodimar.com\/pt-pt\/produtos\/mts-44-2\/#primaryimage\"},\"image\":{\"@id\":\"https:\/\/www.rodilloscodimar.com\/pt-pt\/produtos\/mts-44-2\/#primaryimage\"},\"thumbnailUrl\":\"https:\/\/www.rodilloscodimar.com\/wp-content\/uploads\/2018\/10\/SH100120.jpg\",\"datePublished\":\"2020-12-15T15:53:50+00:00\",\"description\":\"Cabe\u00e7a met\u00e1lica MTS-44 com rolamento de precis\u00e3o com prote\u00e7\u00e3o 2RS. Indicado principalmente para rolos semi-pesados da s\u00e9rie.\",\"breadcrumb\":{\"@id\":\"https:\/\/www.rodilloscodimar.com\/pt-pt\/produtos\/mts-44-2\/#breadcrumb\"},\"inLanguage\":\"pt-PT\",\"potentialAction\":[{\"@type\":\"ReadAction\",\"target\":[\"https:\/\/www.rodilloscodimar.com\/pt-pt\/produtos\/mts-44-2\/\"]}]},{\"@type\":\"ImageObject\",\"inLanguage\":\"pt-PT\",\"@id\":\"https:\/\/www.rodilloscodimar.com\/pt-pt\/produtos\/mts-44-2\/#primaryimage\",\"url\":\"https:\/\/www.rodilloscodimar.com\/wp-content\/uploads\/2018\/10\/SH100120.jpg\",\"contentUrl\":\"https:\/\/www.rodilloscodimar.com\/wp-content\/uploads\/2018\/10\/SH100120.jpg\",\"width\":450,\"height\":282},{\"@type\":\"BreadcrumbList\",\"@id\":\"https:\/\/www.rodilloscodimar.com\/pt-pt\/produtos\/mts-44-2\/#breadcrumb\",\"itemListElement\":[{\"@type\":\"ListItem\",\"position\":1,\"name\":\"Portada\",\"item\":\"https:\/\/www.rodilloscodimar.com\/pt-pt\/\"},{\"@type\":\"ListItem\",\"position\":2,\"name\":\"Tienda\",\"item\":\"https:\/\/www.rodilloscodimar.com\/tienda\/\"},{\"@type\":\"ListItem\",\"position\":3,\"name\":\"MTS-44\"}]},{\"@type\":\"WebSite\",\"@id\":\"https:\/\/www.rodilloscodimar.com\/pt-pt\/#website\",\"url\":\"https:\/\/www.rodilloscodimar.com\/pt-pt\/\",\"name\":\"CODIMAR\",\"description\":\"Frabricante de Componentes , Rodillos, Estaciones y M\u00e1quinas.\",\"publisher\":{\"@id\":\"https:\/\/www.rodilloscodimar.com\/pt-pt\/#organization\"},\"potentialAction\":[{\"@type\":\"SearchAction\",\"target\":{\"@type\":\"EntryPoint\",\"urlTemplate\":\"https:\/\/www.rodilloscodimar.com\/pt-pt\/?s={search_term_string}\"},\"query-input\":{\"@type\":\"PropertyValueSpecification\",\"valueRequired\":true,\"valueName\":\"search_term_string\"}}],\"inLanguage\":\"pt-PT\"},{\"@type\":\"Organization\",\"@id\":\"https:\/\/www.rodilloscodimar.com\/pt-pt\/#organization\",\"name\":\"Rodillos Codimar\",\"url\":\"https:\/\/www.rodilloscodimar.com\/pt-pt\/\",\"logo\":{\"@type\":\"ImageObject\",\"inLanguage\":\"pt-PT\",\"@id\":\"https:\/\/www.rodilloscodimar.com\/pt-pt\/#\/schema\/logo\/image\/\",\"url\":\"https:\/\/www.rodilloscodimar.com\/wp-content\/uploads\/2020\/01\/logo-email.jpg\",\"contentUrl\":\"https:\/\/www.rodilloscodimar.com\/wp-content\/uploads\/2020\/01\/logo-email.jpg\",\"width\":300,\"height\":299,\"caption\":\"Rodillos Codimar\"},\"image\":{\"@id\":\"https:\/\/www.rodilloscodimar.com\/pt-pt\/#\/schema\/logo\/image\/\"}}]}<\/script>\n<!-- \/ Yoast SEO plugin. -->","yoast_head_json":{"title":"MTS-44 Metal Heads Embutidos - Rodillos Codimar S.L.","description":"Cabe\u00e7a met\u00e1lica MTS-44 com rolamento de precis\u00e3o com prote\u00e7\u00e3o 2RS. Indicado principalmente para rolos semi-pesados da s\u00e9rie.","robots":{"index":"index","follow":"follow","max-snippet":"max-snippet:-1","max-image-preview":"max-image-preview:large","max-video-preview":"max-video-preview:-1"},"canonical":"https:\/\/www.rodilloscodimar.com\/pt-pt\/produtos\/mts-44-2\/","og_locale":"pt_PT","og_type":"article","og_title":"MTS-44 Metal Heads Embutidos - Rodillos Codimar S.L.","og_description":"Cabe\u00e7a met\u00e1lica MTS-44 com rolamento de precis\u00e3o com prote\u00e7\u00e3o 2RS. Indicado principalmente para rolos semi-pesados da s\u00e9rie.","og_url":"https:\/\/www.rodilloscodimar.com\/pt-pt\/produtos\/mts-44-2\/","og_site_name":"CODIMAR","og_image":[{"width":450,"height":282,"url":"https:\/\/www.rodilloscodimar.com\/wp-content\/uploads\/2018\/10\/SH100120.jpg","type":"image\/jpeg"}],"twitter_card":"summary_large_image","schema":{"@context":"https:\/\/schema.org","@graph":[{"@type":"WebPage","@id":"https:\/\/www.rodilloscodimar.com\/pt-pt\/produtos\/mts-44-2\/","url":"https:\/\/www.rodilloscodimar.com\/pt-pt\/produtos\/mts-44-2\/","name":"MTS-44 Metal Heads Embutidos - Rodillos Codimar S.L.","isPartOf":{"@id":"https:\/\/www.rodilloscodimar.com\/pt-pt\/#website"},"primaryImageOfPage":{"@id":"https:\/\/www.rodilloscodimar.com\/pt-pt\/produtos\/mts-44-2\/#primaryimage"},"image":{"@id":"https:\/\/www.rodilloscodimar.com\/pt-pt\/produtos\/mts-44-2\/#primaryimage"},"thumbnailUrl":"https:\/\/www.rodilloscodimar.com\/wp-content\/uploads\/2018\/10\/SH100120.jpg","datePublished":"2020-12-15T15:53:50+00:00","description":"Cabe\u00e7a met\u00e1lica MTS-44 com rolamento de precis\u00e3o com prote\u00e7\u00e3o 2RS. Indicado principalmente para rolos semi-pesados da s\u00e9rie.","breadcrumb":{"@id":"https:\/\/www.rodilloscodimar.com\/pt-pt\/produtos\/mts-44-2\/#breadcrumb"},"inLanguage":"pt-PT","potentialAction":[{"@type":"ReadAction","target":["https:\/\/www.rodilloscodimar.com\/pt-pt\/produtos\/mts-44-2\/"]}]},{"@type":"ImageObject","inLanguage":"pt-PT","@id":"https:\/\/www.rodilloscodimar.com\/pt-pt\/produtos\/mts-44-2\/#primaryimage","url":"https:\/\/www.rodilloscodimar.com\/wp-content\/uploads\/2018\/10\/SH100120.jpg","contentUrl":"https:\/\/www.rodilloscodimar.com\/wp-content\/uploads\/2018\/10\/SH100120.jpg","width":450,"height":282},{"@type":"BreadcrumbList","@id":"https:\/\/www.rodilloscodimar.com\/pt-pt\/produtos\/mts-44-2\/#breadcrumb","itemListElement":[{"@type":"ListItem","position":1,"name":"Portada","item":"https:\/\/www.rodilloscodimar.com\/pt-pt\/"},{"@type":"ListItem","position":2,"name":"Tienda","item":"https:\/\/www.rodilloscodimar.com\/tienda\/"},{"@type":"ListItem","position":3,"name":"MTS-44"}]},{"@type":"WebSite","@id":"https:\/\/www.rodilloscodimar.com\/pt-pt\/#website","url":"https:\/\/www.rodilloscodimar.com\/pt-pt\/","name":"CODIMAR","description":"Frabricante de Componentes , Rodillos, Estaciones y M\u00e1quinas.","publisher":{"@id":"https:\/\/www.rodilloscodimar.com\/pt-pt\/#organization"},"potentialAction":[{"@type":"SearchAction","target":{"@type":"EntryPoint","urlTemplate":"https:\/\/www.rodilloscodimar.com\/pt-pt\/?s={search_term_string}"},"query-input":{"@type":"PropertyValueSpecification","valueRequired":true,"valueName":"search_term_string"}}],"inLanguage":"pt-PT"},{"@type":"Organization","@id":"https:\/\/www.rodilloscodimar.com\/pt-pt\/#organization","name":"Rodillos Codimar","url":"https:\/\/www.rodilloscodimar.com\/pt-pt\/","logo":{"@type":"ImageObject","inLanguage":"pt-PT","@id":"https:\/\/www.rodilloscodimar.com\/pt-pt\/#\/schema\/logo\/image\/","url":"https:\/\/www.rodilloscodimar.com\/wp-content\/uploads\/2020\/01\/logo-email.jpg","contentUrl":"https:\/\/www.rodilloscodimar.com\/wp-content\/uploads\/2020\/01\/logo-email.jpg","width":300,"height":299,"caption":"Rodillos Codimar"},"image":{"@id":"https:\/\/www.rodilloscodimar.com\/pt-pt\/#\/schema\/logo\/image\/"}}]}},"_links":{"self":[{"href":"https:\/\/www.rodilloscodimar.com\/pt-pt\/wp-json\/wp\/v2\/product\/4845","targetHints":{"allow":["GET"]}}],"collection":[{"href":"https:\/\/www.rodilloscodimar.com\/pt-pt\/wp-json\/wp\/v2\/product"}],"about":[{"href":"https:\/\/www.rodilloscodimar.com\/pt-pt\/wp-json\/wp\/v2\/types\/product"}],"wp:featuredmedia":[{"embeddable":true,"href":"https:\/\/www.rodilloscodimar.com\/pt-pt\/wp-json\/wp\/v2\/media\/4846"}],"wp:attachment":[{"href":"https:\/\/www.rodilloscodimar.com\/pt-pt\/wp-json\/wp\/v2\/media?parent=4845"}],"wp:term":[{"taxonomy":"product_brand","embeddable":true,"href":"https:\/\/www.rodilloscodimar.com\/pt-pt\/wp-json\/wp\/v2\/product_brand?post=4845"},{"taxonomy":"product_cat","embeddable":true,"href":"https:\/\/www.rodilloscodimar.com\/pt-pt\/wp-json\/wp\/v2\/product_cat?post=4845"},{"taxonomy":"product_tag","embeddable":true,"href":"https:\/\/www.rodilloscodimar.com\/pt-pt\/wp-json\/wp\/v2\/product_tag?post=4845"}],"curies":[{"name":"wp","href":"https:\/\/api.w.org\/{rel}","templated":true}]}}