{"id":4783,"date":"2019-02-06T10:59:33","date_gmt":"2020-12-15T12:25:48","guid":{"rendered":"https:\/\/www.rodilloscodimar.com\/producto\/rolo-de-cinto-sned-cpm8-z20\/"},"modified":"2021-05-27T14:47:13","modified_gmt":"2021-05-27T12:47:13","slug":"rolo-cinto-sned-cpm8-z20","status":"publish","type":"product","link":"https:\/\/www.rodilloscodimar.com\/pt-pt\/produtos\/rolo-cinto-sned-cpm8-z20\/","title":{"rendered":"Rolo de cinto sned CPM8 Z20"},"content":{"rendered":"<section class=\"l-section wpb_row height_small\"><div class=\"l-section-h i-cf\"><div class=\"g-cols vc_row via_flex valign_top type_default stacking_default\"><div class=\"vc_col-sm-12 wpb_column vc_column_container\"><div class=\"vc_column-inner\"><div class=\"wpb_wrapper\"><div class=\"wpb_text_column\"><div class=\"wpb_wrapper\"><ul>\n<li style=\"text-align: justify;\">Tubo met\u00e1lico 50&#215;1.5, 60&#215;1.5, 60&#215;2, 80&#215;2 a\u00e7o natural, galvanizado\/galvanizado ou a\u00e7o inoxid\u00e1vel AISI 304.<\/li>\n<li style=\"text-align: justify;\">Tubo cinzento PVC RAL 7001 x 50&#215;2.3 e 63&#215;3 (tamb\u00e9m poss\u00edvel PVC RAL 5015).<\/li>\n<li style=\"text-align: justify;\">Eixos met\u00e1licos 12, 14 e 15 em a\u00e7o inoxid\u00e1vel F212 ou AISI 303.<\/li>\n<li style=\"text-align: justify;\">Cabe\u00e7as termopl\u00e1sicas com rolamento de precis\u00e3o s\u00e9rie 6000 2RS para rolo fixo (T40) e com bolas de dupla fila para rolos de acumula\u00e7\u00e3o (T30).<\/li>\n<li style=\"text-align: justify;\">M\u00f3dulo de correia de snifica\u00e7\u00e3o termopl\u00e1stico 8 Z20, op\u00e7\u00e3o fixa e acumula\u00e7\u00e3o.<\/li>\n<li style=\"text-align: justify;\">Capacidade m\u00e1xima de carga 240 Kg\/rolo.<\/li>\n<\/ul>\n<p style=\"text-align: justify;\">Rolos conduzidos para o transporte de cargas m\u00e9dias, com cabe\u00e7as termopl\u00e1sticos com rolamentos de precis\u00e3o ou cabe\u00e7as met\u00e1licas embutidas. Transmiss\u00e3o de contas redondas, cinto dentado M8 Z20, correia POLI-V ou rodas dentadas de 1\/2&#8243; em aplica\u00e7\u00f5es fixas ou de acumula\u00e7\u00e3o.<\/p>\n<\/div><\/div><\/div><\/div><\/div><\/div><\/div><\/section>\n","protected":false},"excerpt":{"rendered":"<p style=\"text-align: center;\"><strong>Especifica\u00e7\u00f5es do rolo CPM8 Z20<\/strong><\/p>\n<p><a href=\"\/wp-content\/uploads\/2018\/11\/45-CP-M8-Z20-PVC.pdf\" target=\"_blank\" rel=\"noopener\"><img decoding=\"async\" class=\"aligncenter wp-image-7543 size-full\" src=\"https:\/\/www.rodilloscodimar.com\/wp-content\/uploads\/2019\/02\/Especificaciones-CP-M8-Z20-T40-T30.jpg\" alt=\"\" width=\"2170\" height=\"640\" srcset=\"https:\/\/www.rodilloscodimar.com\/wp-content\/uploads\/2019\/02\/Especificaciones-CP-M8-Z20-T40-T30.jpg 2170w, https:\/\/www.rodilloscodimar.com\/wp-content\/uploads\/2019\/02\/Especificaciones-CP-M8-Z20-T40-T30-300x88.jpg 300w, https:\/\/www.rodilloscodimar.com\/wp-content\/uploads\/2019\/02\/Especificaciones-CP-M8-Z20-T40-T30-1024x302.jpg 1024w, https:\/\/www.rodilloscodimar.com\/wp-content\/uploads\/2019\/02\/Especificaciones-CP-M8-Z20-T40-T30-600x177.jpg 600w, https:\/\/www.rodilloscodimar.com\/wp-content\/uploads\/2019\/02\/Especificaciones-CP-M8-Z20-T40-T30-200x59.jpg 200w\" sizes=\"(max-width: 2170px) 100vw, 2170px\" \/><\/a><\/p>\n<p>&nbsp;<\/p>\n[caption id=\"attachment_7539\" align=\"aligncenter\" width=\"2178\"]<a href=\"\/wp-content\/uploads\/2021\/02\/Rodillo-CP-M8-Z20-T40-T30-scaled.jpg\" target=\"_blank\" rel=\"noopener\"><img decoding=\"async\" class=\"wp-image-7539 size-full\" src=\"https:\/\/www.rodilloscodimar.com\/wp-content\/uploads\/2019\/02\/Especificaciones-Rodillo-CP-M8-Z20-T40-T30.jpg\" alt=\"Rolo CPM8 Z20\" width=\"2178\" height=\"630\" srcset=\"https:\/\/www.rodilloscodimar.com\/wp-content\/uploads\/2019\/02\/Especificaciones-Rodillo-CP-M8-Z20-T40-T30.jpg 2178w, https:\/\/www.rodilloscodimar.com\/wp-content\/uploads\/2019\/02\/Especificaciones-Rodillo-CP-M8-Z20-T40-T30-300x87.jpg 300w, https:\/\/www.rodilloscodimar.com\/wp-content\/uploads\/2019\/02\/Especificaciones-Rodillo-CP-M8-Z20-T40-T30-1024x296.jpg 1024w, https:\/\/www.rodilloscodimar.com\/wp-content\/uploads\/2019\/02\/Especificaciones-Rodillo-CP-M8-Z20-T40-T30-600x174.jpg 600w, https:\/\/www.rodilloscodimar.com\/wp-content\/uploads\/2019\/02\/Especificaciones-Rodillo-CP-M8-Z20-T40-T30-200x58.jpg 200w\" sizes=\"(max-width: 2178px) 100vw, 2178px\" \/><\/a> S\u00e9rie, di\u00e2metro do tubo, di\u00e2metro do veio, tipo de cabe\u00e7a, capacidade de carga&#8230; Rolo CPM8 Z20[\/caption]\n","protected":false},"featured_media":4785,"template":"","meta":{"_joinchat":[]},"product_brand":[],"product_cat":[152],"product_tag":[],"class_list":{"0":"post-4783","1":"product","2":"type-product","3":"status-publish","4":"has-post-thumbnail","6":"product_cat-manutencao-media-acionada","8":"first","9":"instock","10":"shipping-taxable","11":"product-type-simple"},"yoast_head":"<!-- This site is optimized with the Yoast SEO plugin v27.2 - https:\/\/yoast.com\/product\/yoast-seo-wordpress\/ -->\n<title>Cinto Amassado de Rolo CPM8 Z20 - Rolos Codimar S.L.<\/title>\n<meta name=\"description\" content=\"Rolo de cinto de snifica\u00e7\u00e3o CPM8 Z20, cinto de snifica\u00e7\u00e3o termopl\u00e1stico, 240 kg de carga m\u00e1xima por rolo...\" \/>\n<meta name=\"robots\" content=\"index, follow, max-snippet:-1, max-image-preview:large, max-video-preview:-1\" \/>\n<link rel=\"canonical\" href=\"https:\/\/www.rodilloscodimar.com\/pt-pt\/produtos\/rolo-cinto-sned-cpm8-z20\/\" \/>\n<meta property=\"og:locale\" content=\"pt_PT\" \/>\n<meta property=\"og:type\" content=\"article\" \/>\n<meta property=\"og:title\" content=\"Cinto Amassado de Rolo CPM8 Z20 - Rolos Codimar S.L.\" \/>\n<meta property=\"og:description\" content=\"Rolo de cinto de snifica\u00e7\u00e3o CPM8 Z20, cinto de snifica\u00e7\u00e3o termopl\u00e1stico, 240 kg de carga m\u00e1xima por rolo...\" \/>\n<meta property=\"og:url\" content=\"https:\/\/www.rodilloscodimar.com\/pt-pt\/produtos\/rolo-cinto-sned-cpm8-z20\/\" \/>\n<meta property=\"og:site_name\" content=\"CODIMAR\" \/>\n<meta property=\"article:modified_time\" content=\"2021-05-27T12:47:13+00:00\" \/>\n<meta property=\"og:image\" content=\"https:\/\/www.rodilloscodimar.com\/wp-content\/uploads\/2018\/10\/rodillo-polea-Z20M8PVC-copia.png\" \/>\n\t<meta property=\"og:image:width\" content=\"1440\" \/>\n\t<meta property=\"og:image:height\" content=\"1080\" \/>\n\t<meta property=\"og:image:type\" content=\"image\/png\" \/>\n<meta name=\"twitter:card\" content=\"summary_large_image\" \/>\n<meta name=\"twitter:label1\" content=\"Tempo estimado de leitura\" \/>\n\t<meta name=\"twitter:data1\" content=\"1 minuto\" \/>\n<script type=\"application\/ld+json\" class=\"yoast-schema-graph\">{\"@context\":\"https:\/\/schema.org\",\"@graph\":[{\"@type\":\"WebPage\",\"@id\":\"https:\/\/www.rodilloscodimar.com\/pt-pt\/produtos\/rolo-cinto-sned-cpm8-z20\/\",\"url\":\"https:\/\/www.rodilloscodimar.com\/pt-pt\/produtos\/rolo-cinto-sned-cpm8-z20\/\",\"name\":\"Cinto Amassado de Rolo CPM8 Z20 - Rolos Codimar S.L.\",\"isPartOf\":{\"@id\":\"https:\/\/www.rodilloscodimar.com\/pt-pt\/#website\"},\"primaryImageOfPage\":{\"@id\":\"https:\/\/www.rodilloscodimar.com\/pt-pt\/produtos\/rolo-cinto-sned-cpm8-z20\/#primaryimage\"},\"image\":{\"@id\":\"https:\/\/www.rodilloscodimar.com\/pt-pt\/produtos\/rolo-cinto-sned-cpm8-z20\/#primaryimage\"},\"thumbnailUrl\":\"https:\/\/www.rodilloscodimar.com\/wp-content\/uploads\/2018\/10\/rodillo-polea-Z20M8PVC-copia.png\",\"datePublished\":\"2020-12-15T12:25:48+00:00\",\"dateModified\":\"2021-05-27T12:47:13+00:00\",\"description\":\"Rolo de cinto de snifica\u00e7\u00e3o CPM8 Z20, cinto de snifica\u00e7\u00e3o termopl\u00e1stico, 240 kg de carga m\u00e1xima por rolo...\",\"breadcrumb\":{\"@id\":\"https:\/\/www.rodilloscodimar.com\/pt-pt\/produtos\/rolo-cinto-sned-cpm8-z20\/#breadcrumb\"},\"inLanguage\":\"pt-PT\",\"potentialAction\":[{\"@type\":\"ReadAction\",\"target\":[\"https:\/\/www.rodilloscodimar.com\/pt-pt\/produtos\/rolo-cinto-sned-cpm8-z20\/\"]}]},{\"@type\":\"ImageObject\",\"inLanguage\":\"pt-PT\",\"@id\":\"https:\/\/www.rodilloscodimar.com\/pt-pt\/produtos\/rolo-cinto-sned-cpm8-z20\/#primaryimage\",\"url\":\"https:\/\/www.rodilloscodimar.com\/wp-content\/uploads\/2018\/10\/rodillo-polea-Z20M8PVC-copia.png\",\"contentUrl\":\"https:\/\/www.rodilloscodimar.com\/wp-content\/uploads\/2018\/10\/rodillo-polea-Z20M8PVC-copia.png\",\"width\":1440,\"height\":1080,\"caption\":\"Rolo de cinto sned CP-M8 Z20\/T40-T30\"},{\"@type\":\"BreadcrumbList\",\"@id\":\"https:\/\/www.rodilloscodimar.com\/pt-pt\/produtos\/rolo-cinto-sned-cpm8-z20\/#breadcrumb\",\"itemListElement\":[{\"@type\":\"ListItem\",\"position\":1,\"name\":\"Portada\",\"item\":\"https:\/\/www.rodilloscodimar.com\/pt-pt\/\"},{\"@type\":\"ListItem\",\"position\":2,\"name\":\"Tienda\",\"item\":\"https:\/\/www.rodilloscodimar.com\/tienda\/\"},{\"@type\":\"ListItem\",\"position\":3,\"name\":\"Rolo de cinto sned CPM8 Z20\"}]},{\"@type\":\"WebSite\",\"@id\":\"https:\/\/www.rodilloscodimar.com\/pt-pt\/#website\",\"url\":\"https:\/\/www.rodilloscodimar.com\/pt-pt\/\",\"name\":\"CODIMAR\",\"description\":\"Frabricante de Componentes , Rodillos, Estaciones y M\u00e1quinas.\",\"publisher\":{\"@id\":\"https:\/\/www.rodilloscodimar.com\/pt-pt\/#organization\"},\"potentialAction\":[{\"@type\":\"SearchAction\",\"target\":{\"@type\":\"EntryPoint\",\"urlTemplate\":\"https:\/\/www.rodilloscodimar.com\/pt-pt\/?s={search_term_string}\"},\"query-input\":{\"@type\":\"PropertyValueSpecification\",\"valueRequired\":true,\"valueName\":\"search_term_string\"}}],\"inLanguage\":\"pt-PT\"},{\"@type\":\"Organization\",\"@id\":\"https:\/\/www.rodilloscodimar.com\/pt-pt\/#organization\",\"name\":\"Rodillos Codimar\",\"url\":\"https:\/\/www.rodilloscodimar.com\/pt-pt\/\",\"logo\":{\"@type\":\"ImageObject\",\"inLanguage\":\"pt-PT\",\"@id\":\"https:\/\/www.rodilloscodimar.com\/pt-pt\/#\/schema\/logo\/image\/\",\"url\":\"https:\/\/www.rodilloscodimar.com\/wp-content\/uploads\/2020\/01\/logo-email.jpg\",\"contentUrl\":\"https:\/\/www.rodilloscodimar.com\/wp-content\/uploads\/2020\/01\/logo-email.jpg\",\"width\":300,\"height\":299,\"caption\":\"Rodillos Codimar\"},\"image\":{\"@id\":\"https:\/\/www.rodilloscodimar.com\/pt-pt\/#\/schema\/logo\/image\/\"}}]}<\/script>\n<!-- \/ Yoast SEO plugin. -->","yoast_head_json":{"title":"Cinto Amassado de Rolo CPM8 Z20 - Rolos Codimar S.L.","description":"Rolo de cinto de snifica\u00e7\u00e3o CPM8 Z20, cinto de snifica\u00e7\u00e3o termopl\u00e1stico, 240 kg de carga m\u00e1xima por rolo...","robots":{"index":"index","follow":"follow","max-snippet":"max-snippet:-1","max-image-preview":"max-image-preview:large","max-video-preview":"max-video-preview:-1"},"canonical":"https:\/\/www.rodilloscodimar.com\/pt-pt\/produtos\/rolo-cinto-sned-cpm8-z20\/","og_locale":"pt_PT","og_type":"article","og_title":"Cinto Amassado de Rolo CPM8 Z20 - Rolos Codimar S.L.","og_description":"Rolo de cinto de snifica\u00e7\u00e3o CPM8 Z20, cinto de snifica\u00e7\u00e3o termopl\u00e1stico, 240 kg de carga m\u00e1xima por rolo...","og_url":"https:\/\/www.rodilloscodimar.com\/pt-pt\/produtos\/rolo-cinto-sned-cpm8-z20\/","og_site_name":"CODIMAR","article_modified_time":"2021-05-27T12:47:13+00:00","og_image":[{"width":1440,"height":1080,"url":"https:\/\/www.rodilloscodimar.com\/wp-content\/uploads\/2018\/10\/rodillo-polea-Z20M8PVC-copia.png","type":"image\/png"}],"twitter_card":"summary_large_image","twitter_misc":{"Tempo estimado de leitura":"1 minuto"},"schema":{"@context":"https:\/\/schema.org","@graph":[{"@type":"WebPage","@id":"https:\/\/www.rodilloscodimar.com\/pt-pt\/produtos\/rolo-cinto-sned-cpm8-z20\/","url":"https:\/\/www.rodilloscodimar.com\/pt-pt\/produtos\/rolo-cinto-sned-cpm8-z20\/","name":"Cinto Amassado de Rolo CPM8 Z20 - Rolos Codimar S.L.","isPartOf":{"@id":"https:\/\/www.rodilloscodimar.com\/pt-pt\/#website"},"primaryImageOfPage":{"@id":"https:\/\/www.rodilloscodimar.com\/pt-pt\/produtos\/rolo-cinto-sned-cpm8-z20\/#primaryimage"},"image":{"@id":"https:\/\/www.rodilloscodimar.com\/pt-pt\/produtos\/rolo-cinto-sned-cpm8-z20\/#primaryimage"},"thumbnailUrl":"https:\/\/www.rodilloscodimar.com\/wp-content\/uploads\/2018\/10\/rodillo-polea-Z20M8PVC-copia.png","datePublished":"2020-12-15T12:25:48+00:00","dateModified":"2021-05-27T12:47:13+00:00","description":"Rolo de cinto de snifica\u00e7\u00e3o CPM8 Z20, cinto de snifica\u00e7\u00e3o termopl\u00e1stico, 240 kg de carga m\u00e1xima por rolo...","breadcrumb":{"@id":"https:\/\/www.rodilloscodimar.com\/pt-pt\/produtos\/rolo-cinto-sned-cpm8-z20\/#breadcrumb"},"inLanguage":"pt-PT","potentialAction":[{"@type":"ReadAction","target":["https:\/\/www.rodilloscodimar.com\/pt-pt\/produtos\/rolo-cinto-sned-cpm8-z20\/"]}]},{"@type":"ImageObject","inLanguage":"pt-PT","@id":"https:\/\/www.rodilloscodimar.com\/pt-pt\/produtos\/rolo-cinto-sned-cpm8-z20\/#primaryimage","url":"https:\/\/www.rodilloscodimar.com\/wp-content\/uploads\/2018\/10\/rodillo-polea-Z20M8PVC-copia.png","contentUrl":"https:\/\/www.rodilloscodimar.com\/wp-content\/uploads\/2018\/10\/rodillo-polea-Z20M8PVC-copia.png","width":1440,"height":1080,"caption":"Rolo de cinto sned CP-M8 Z20\/T40-T30"},{"@type":"BreadcrumbList","@id":"https:\/\/www.rodilloscodimar.com\/pt-pt\/produtos\/rolo-cinto-sned-cpm8-z20\/#breadcrumb","itemListElement":[{"@type":"ListItem","position":1,"name":"Portada","item":"https:\/\/www.rodilloscodimar.com\/pt-pt\/"},{"@type":"ListItem","position":2,"name":"Tienda","item":"https:\/\/www.rodilloscodimar.com\/tienda\/"},{"@type":"ListItem","position":3,"name":"Rolo de cinto sned CPM8 Z20"}]},{"@type":"WebSite","@id":"https:\/\/www.rodilloscodimar.com\/pt-pt\/#website","url":"https:\/\/www.rodilloscodimar.com\/pt-pt\/","name":"CODIMAR","description":"Frabricante de Componentes , Rodillos, Estaciones y M\u00e1quinas.","publisher":{"@id":"https:\/\/www.rodilloscodimar.com\/pt-pt\/#organization"},"potentialAction":[{"@type":"SearchAction","target":{"@type":"EntryPoint","urlTemplate":"https:\/\/www.rodilloscodimar.com\/pt-pt\/?s={search_term_string}"},"query-input":{"@type":"PropertyValueSpecification","valueRequired":true,"valueName":"search_term_string"}}],"inLanguage":"pt-PT"},{"@type":"Organization","@id":"https:\/\/www.rodilloscodimar.com\/pt-pt\/#organization","name":"Rodillos Codimar","url":"https:\/\/www.rodilloscodimar.com\/pt-pt\/","logo":{"@type":"ImageObject","inLanguage":"pt-PT","@id":"https:\/\/www.rodilloscodimar.com\/pt-pt\/#\/schema\/logo\/image\/","url":"https:\/\/www.rodilloscodimar.com\/wp-content\/uploads\/2020\/01\/logo-email.jpg","contentUrl":"https:\/\/www.rodilloscodimar.com\/wp-content\/uploads\/2020\/01\/logo-email.jpg","width":300,"height":299,"caption":"Rodillos Codimar"},"image":{"@id":"https:\/\/www.rodilloscodimar.com\/pt-pt\/#\/schema\/logo\/image\/"}}]}},"_links":{"self":[{"href":"https:\/\/www.rodilloscodimar.com\/pt-pt\/wp-json\/wp\/v2\/product\/4783","targetHints":{"allow":["GET"]}}],"collection":[{"href":"https:\/\/www.rodilloscodimar.com\/pt-pt\/wp-json\/wp\/v2\/product"}],"about":[{"href":"https:\/\/www.rodilloscodimar.com\/pt-pt\/wp-json\/wp\/v2\/types\/product"}],"wp:featuredmedia":[{"embeddable":true,"href":"https:\/\/www.rodilloscodimar.com\/pt-pt\/wp-json\/wp\/v2\/media\/4785"}],"wp:attachment":[{"href":"https:\/\/www.rodilloscodimar.com\/pt-pt\/wp-json\/wp\/v2\/media?parent=4783"}],"wp:term":[{"taxonomy":"product_brand","embeddable":true,"href":"https:\/\/www.rodilloscodimar.com\/pt-pt\/wp-json\/wp\/v2\/product_brand?post=4783"},{"taxonomy":"product_cat","embeddable":true,"href":"https:\/\/www.rodilloscodimar.com\/pt-pt\/wp-json\/wp\/v2\/product_cat?post=4783"},{"taxonomy":"product_tag","embeddable":true,"href":"https:\/\/www.rodilloscodimar.com\/pt-pt\/wp-json\/wp\/v2\/product_tag?post=4783"}],"curies":[{"name":"wp","href":"https:\/\/api.w.org\/{rel}","templated":true}]}}