{"id":4770,"date":"2018-10-23T11:13:17","date_gmt":"2020-12-15T12:25:10","guid":{"rendered":"https:\/\/www.rodilloscodimar.com\/producto\/cone-d30-cinzento\/"},"modified":"2021-05-31T13:42:07","modified_gmt":"2021-05-31T11:42:07","slug":"cone-d30-cinza","status":"publish","type":"product","link":"https:\/\/www.rodilloscodimar.com\/pt-pt\/produtos\/cone-d30-cinza\/","title":{"rendered":"Cone D30 Cinzento"},"content":{"rendered":"<ul>\n<li>Cone D30 indicado em curvas de 500 mm de raio interno.<\/li>\n<li>Di\u00e2metro 30<\/li>\n<li>Cinza<\/li>\n<\/ul>\n","protected":false},"excerpt":{"rendered":"<p>Elementos termopl\u00e1sticos c\u00f3nicos do n\u00ba 1 ao 6, para a constru\u00e7\u00e3o de rolos c\u00f3nicos de di\u00e2metro 30.<\/p>\n","protected":false},"featured_media":4771,"template":"","meta":{"_joinchat":[]},"product_brand":[],"product_cat":[141],"product_tag":[],"class_list":{"0":"post-4770","1":"product","2":"type-product","3":"status-publish","4":"has-post-thumbnail","6":"product_cat-cones-pt-pt","8":"first","9":"instock","10":"shipping-taxable","11":"product-type-simple"},"yoast_head":"<!-- This site is optimized with the Yoast SEO plugin v27.2 - https:\/\/yoast.com\/product\/yoast-seo-wordpress\/ -->\n<title>Cone D30 Cones - Rodillos Codimar S.L.<\/title>\n<meta name=\"description\" content=\"Cone termopl\u00e1stico D30 do n\u00ba 1 a 6, para a constru\u00e7\u00e3o de rolos c\u00f3nicos de di\u00e2metro 30, indicados em curvas de raio interno 500mm.\" \/>\n<meta name=\"robots\" content=\"index, follow, max-snippet:-1, max-image-preview:large, max-video-preview:-1\" \/>\n<link rel=\"canonical\" href=\"https:\/\/www.rodilloscodimar.com\/pt-pt\/produtos\/cone-d30-cinza\/\" \/>\n<meta property=\"og:locale\" content=\"pt_PT\" \/>\n<meta property=\"og:type\" content=\"article\" \/>\n<meta property=\"og:title\" content=\"Cone D30 Cones - Rodillos Codimar S.L.\" \/>\n<meta property=\"og:description\" content=\"Cone termopl\u00e1stico D30 do n\u00ba 1 a 6, para a constru\u00e7\u00e3o de rolos c\u00f3nicos de di\u00e2metro 30, indicados em curvas de raio interno 500mm.\" \/>\n<meta property=\"og:url\" content=\"https:\/\/www.rodilloscodimar.com\/pt-pt\/produtos\/cone-d30-cinza\/\" \/>\n<meta property=\"og:site_name\" content=\"CODIMAR\" \/>\n<meta property=\"article:modified_time\" content=\"2021-05-31T11:42:07+00:00\" \/>\n<meta property=\"og:image\" content=\"https:\/\/www.rodilloscodimar.com\/wp-content\/uploads\/2018\/10\/CONO-GRIS.jpg\" \/>\n\t<meta property=\"og:image:width\" content=\"450\" \/>\n\t<meta property=\"og:image:height\" content=\"282\" \/>\n\t<meta property=\"og:image:type\" content=\"image\/jpeg\" \/>\n<meta name=\"twitter:card\" content=\"summary_large_image\" \/>\n<script type=\"application\/ld+json\" class=\"yoast-schema-graph\">{\"@context\":\"https:\/\/schema.org\",\"@graph\":[{\"@type\":\"WebPage\",\"@id\":\"https:\/\/www.rodilloscodimar.com\/pt-pt\/produtos\/cone-d30-cinza\/\",\"url\":\"https:\/\/www.rodilloscodimar.com\/pt-pt\/produtos\/cone-d30-cinza\/\",\"name\":\"Cone D30 Cones - Rodillos Codimar S.L.\",\"isPartOf\":{\"@id\":\"https:\/\/www.rodilloscodimar.com\/pt-pt\/#website\"},\"primaryImageOfPage\":{\"@id\":\"https:\/\/www.rodilloscodimar.com\/pt-pt\/produtos\/cone-d30-cinza\/#primaryimage\"},\"image\":{\"@id\":\"https:\/\/www.rodilloscodimar.com\/pt-pt\/produtos\/cone-d30-cinza\/#primaryimage\"},\"thumbnailUrl\":\"https:\/\/www.rodilloscodimar.com\/wp-content\/uploads\/2018\/10\/CONO-GRIS.jpg\",\"datePublished\":\"2020-12-15T12:25:10+00:00\",\"dateModified\":\"2021-05-31T11:42:07+00:00\",\"description\":\"Cone termopl\u00e1stico D30 do n\u00ba 1 a 6, para a constru\u00e7\u00e3o de rolos c\u00f3nicos de di\u00e2metro 30, indicados em curvas de raio interno 500mm.\",\"breadcrumb\":{\"@id\":\"https:\/\/www.rodilloscodimar.com\/pt-pt\/produtos\/cone-d30-cinza\/#breadcrumb\"},\"inLanguage\":\"pt-PT\",\"potentialAction\":[{\"@type\":\"ReadAction\",\"target\":[\"https:\/\/www.rodilloscodimar.com\/pt-pt\/produtos\/cone-d30-cinza\/\"]}]},{\"@type\":\"ImageObject\",\"inLanguage\":\"pt-PT\",\"@id\":\"https:\/\/www.rodilloscodimar.com\/pt-pt\/produtos\/cone-d30-cinza\/#primaryimage\",\"url\":\"https:\/\/www.rodilloscodimar.com\/wp-content\/uploads\/2018\/10\/CONO-GRIS.jpg\",\"contentUrl\":\"https:\/\/www.rodilloscodimar.com\/wp-content\/uploads\/2018\/10\/CONO-GRIS.jpg\",\"width\":450,\"height\":282,\"caption\":\"Cone D30 Cinzento\"},{\"@type\":\"BreadcrumbList\",\"@id\":\"https:\/\/www.rodilloscodimar.com\/pt-pt\/produtos\/cone-d30-cinza\/#breadcrumb\",\"itemListElement\":[{\"@type\":\"ListItem\",\"position\":1,\"name\":\"Portada\",\"item\":\"https:\/\/www.rodilloscodimar.com\/pt-pt\/\"},{\"@type\":\"ListItem\",\"position\":2,\"name\":\"Tienda\",\"item\":\"https:\/\/www.rodilloscodimar.com\/tienda\/\"},{\"@type\":\"ListItem\",\"position\":3,\"name\":\"Cone D30 Cinzento\"}]},{\"@type\":\"WebSite\",\"@id\":\"https:\/\/www.rodilloscodimar.com\/pt-pt\/#website\",\"url\":\"https:\/\/www.rodilloscodimar.com\/pt-pt\/\",\"name\":\"CODIMAR\",\"description\":\"Frabricante de Componentes , Rodillos, Estaciones y M\u00e1quinas.\",\"publisher\":{\"@id\":\"https:\/\/www.rodilloscodimar.com\/pt-pt\/#organization\"},\"potentialAction\":[{\"@type\":\"SearchAction\",\"target\":{\"@type\":\"EntryPoint\",\"urlTemplate\":\"https:\/\/www.rodilloscodimar.com\/pt-pt\/?s={search_term_string}\"},\"query-input\":{\"@type\":\"PropertyValueSpecification\",\"valueRequired\":true,\"valueName\":\"search_term_string\"}}],\"inLanguage\":\"pt-PT\"},{\"@type\":\"Organization\",\"@id\":\"https:\/\/www.rodilloscodimar.com\/pt-pt\/#organization\",\"name\":\"Rodillos Codimar\",\"url\":\"https:\/\/www.rodilloscodimar.com\/pt-pt\/\",\"logo\":{\"@type\":\"ImageObject\",\"inLanguage\":\"pt-PT\",\"@id\":\"https:\/\/www.rodilloscodimar.com\/pt-pt\/#\/schema\/logo\/image\/\",\"url\":\"https:\/\/www.rodilloscodimar.com\/wp-content\/uploads\/2020\/01\/logo-email.jpg\",\"contentUrl\":\"https:\/\/www.rodilloscodimar.com\/wp-content\/uploads\/2020\/01\/logo-email.jpg\",\"width\":300,\"height\":299,\"caption\":\"Rodillos Codimar\"},\"image\":{\"@id\":\"https:\/\/www.rodilloscodimar.com\/pt-pt\/#\/schema\/logo\/image\/\"}}]}<\/script>\n<!-- \/ Yoast SEO plugin. -->","yoast_head_json":{"title":"Cone D30 Cones - Rodillos Codimar S.L.","description":"Cone termopl\u00e1stico D30 do n\u00ba 1 a 6, para a constru\u00e7\u00e3o de rolos c\u00f3nicos de di\u00e2metro 30, indicados em curvas de raio interno 500mm.","robots":{"index":"index","follow":"follow","max-snippet":"max-snippet:-1","max-image-preview":"max-image-preview:large","max-video-preview":"max-video-preview:-1"},"canonical":"https:\/\/www.rodilloscodimar.com\/pt-pt\/produtos\/cone-d30-cinza\/","og_locale":"pt_PT","og_type":"article","og_title":"Cone D30 Cones - Rodillos Codimar S.L.","og_description":"Cone termopl\u00e1stico D30 do n\u00ba 1 a 6, para a constru\u00e7\u00e3o de rolos c\u00f3nicos de di\u00e2metro 30, indicados em curvas de raio interno 500mm.","og_url":"https:\/\/www.rodilloscodimar.com\/pt-pt\/produtos\/cone-d30-cinza\/","og_site_name":"CODIMAR","article_modified_time":"2021-05-31T11:42:07+00:00","og_image":[{"width":450,"height":282,"url":"https:\/\/www.rodilloscodimar.com\/wp-content\/uploads\/2018\/10\/CONO-GRIS.jpg","type":"image\/jpeg"}],"twitter_card":"summary_large_image","schema":{"@context":"https:\/\/schema.org","@graph":[{"@type":"WebPage","@id":"https:\/\/www.rodilloscodimar.com\/pt-pt\/produtos\/cone-d30-cinza\/","url":"https:\/\/www.rodilloscodimar.com\/pt-pt\/produtos\/cone-d30-cinza\/","name":"Cone D30 Cones - Rodillos Codimar S.L.","isPartOf":{"@id":"https:\/\/www.rodilloscodimar.com\/pt-pt\/#website"},"primaryImageOfPage":{"@id":"https:\/\/www.rodilloscodimar.com\/pt-pt\/produtos\/cone-d30-cinza\/#primaryimage"},"image":{"@id":"https:\/\/www.rodilloscodimar.com\/pt-pt\/produtos\/cone-d30-cinza\/#primaryimage"},"thumbnailUrl":"https:\/\/www.rodilloscodimar.com\/wp-content\/uploads\/2018\/10\/CONO-GRIS.jpg","datePublished":"2020-12-15T12:25:10+00:00","dateModified":"2021-05-31T11:42:07+00:00","description":"Cone termopl\u00e1stico D30 do n\u00ba 1 a 6, para a constru\u00e7\u00e3o de rolos c\u00f3nicos de di\u00e2metro 30, indicados em curvas de raio interno 500mm.","breadcrumb":{"@id":"https:\/\/www.rodilloscodimar.com\/pt-pt\/produtos\/cone-d30-cinza\/#breadcrumb"},"inLanguage":"pt-PT","potentialAction":[{"@type":"ReadAction","target":["https:\/\/www.rodilloscodimar.com\/pt-pt\/produtos\/cone-d30-cinza\/"]}]},{"@type":"ImageObject","inLanguage":"pt-PT","@id":"https:\/\/www.rodilloscodimar.com\/pt-pt\/produtos\/cone-d30-cinza\/#primaryimage","url":"https:\/\/www.rodilloscodimar.com\/wp-content\/uploads\/2018\/10\/CONO-GRIS.jpg","contentUrl":"https:\/\/www.rodilloscodimar.com\/wp-content\/uploads\/2018\/10\/CONO-GRIS.jpg","width":450,"height":282,"caption":"Cone D30 Cinzento"},{"@type":"BreadcrumbList","@id":"https:\/\/www.rodilloscodimar.com\/pt-pt\/produtos\/cone-d30-cinza\/#breadcrumb","itemListElement":[{"@type":"ListItem","position":1,"name":"Portada","item":"https:\/\/www.rodilloscodimar.com\/pt-pt\/"},{"@type":"ListItem","position":2,"name":"Tienda","item":"https:\/\/www.rodilloscodimar.com\/tienda\/"},{"@type":"ListItem","position":3,"name":"Cone D30 Cinzento"}]},{"@type":"WebSite","@id":"https:\/\/www.rodilloscodimar.com\/pt-pt\/#website","url":"https:\/\/www.rodilloscodimar.com\/pt-pt\/","name":"CODIMAR","description":"Frabricante de Componentes , Rodillos, Estaciones y M\u00e1quinas.","publisher":{"@id":"https:\/\/www.rodilloscodimar.com\/pt-pt\/#organization"},"potentialAction":[{"@type":"SearchAction","target":{"@type":"EntryPoint","urlTemplate":"https:\/\/www.rodilloscodimar.com\/pt-pt\/?s={search_term_string}"},"query-input":{"@type":"PropertyValueSpecification","valueRequired":true,"valueName":"search_term_string"}}],"inLanguage":"pt-PT"},{"@type":"Organization","@id":"https:\/\/www.rodilloscodimar.com\/pt-pt\/#organization","name":"Rodillos Codimar","url":"https:\/\/www.rodilloscodimar.com\/pt-pt\/","logo":{"@type":"ImageObject","inLanguage":"pt-PT","@id":"https:\/\/www.rodilloscodimar.com\/pt-pt\/#\/schema\/logo\/image\/","url":"https:\/\/www.rodilloscodimar.com\/wp-content\/uploads\/2020\/01\/logo-email.jpg","contentUrl":"https:\/\/www.rodilloscodimar.com\/wp-content\/uploads\/2020\/01\/logo-email.jpg","width":300,"height":299,"caption":"Rodillos Codimar"},"image":{"@id":"https:\/\/www.rodilloscodimar.com\/pt-pt\/#\/schema\/logo\/image\/"}}]}},"_links":{"self":[{"href":"https:\/\/www.rodilloscodimar.com\/pt-pt\/wp-json\/wp\/v2\/product\/4770","targetHints":{"allow":["GET"]}}],"collection":[{"href":"https:\/\/www.rodilloscodimar.com\/pt-pt\/wp-json\/wp\/v2\/product"}],"about":[{"href":"https:\/\/www.rodilloscodimar.com\/pt-pt\/wp-json\/wp\/v2\/types\/product"}],"wp:featuredmedia":[{"embeddable":true,"href":"https:\/\/www.rodilloscodimar.com\/pt-pt\/wp-json\/wp\/v2\/media\/4771"}],"wp:attachment":[{"href":"https:\/\/www.rodilloscodimar.com\/pt-pt\/wp-json\/wp\/v2\/media?parent=4770"}],"wp:term":[{"taxonomy":"product_brand","embeddable":true,"href":"https:\/\/www.rodilloscodimar.com\/pt-pt\/wp-json\/wp\/v2\/product_brand?post=4770"},{"taxonomy":"product_cat","embeddable":true,"href":"https:\/\/www.rodilloscodimar.com\/pt-pt\/wp-json\/wp\/v2\/product_cat?post=4770"},{"taxonomy":"product_tag","embeddable":true,"href":"https:\/\/www.rodilloscodimar.com\/pt-pt\/wp-json\/wp\/v2\/product_tag?post=4770"}],"curies":[{"name":"wp","href":"https:\/\/api.w.org\/{rel}","templated":true}]}}