{"id":4542,"date":"2020-12-15T11:48:10","date_gmt":"2020-12-15T10:48:10","guid":{"rendered":"https:\/\/www.rodilloscodimar.com\/trabalhe-connosco\/"},"modified":"2020-12-15T11:48:16","modified_gmt":"2020-12-15T10:48:16","slug":"trabalhe-connosco","status":"publish","type":"page","link":"https:\/\/www.rodilloscodimar.com\/pt-pt\/trabalhe-connosco\/","title":{"rendered":"Trabalhe connosco"},"content":{"rendered":"<section class=\"l-section wpb_row us_custom_8cd4af33 height_small\"><div class=\"l-section-h i-cf\"><div class=\"g-cols vc_row via_flex valign_top type_default stacking_default\"><div class=\"vc_col-sm-12 wpb_column vc_column_container\"><div class=\"vc_column-inner\"><div class=\"wpb_wrapper\"><div class=\"wpb_text_column\"><div class=\"wpb_wrapper\"><h2 style=\"color: #ffffff; text-align: center;\">Gostaria de fazer parte da equipa?  <span class=\"themecolor\">Preencha os seus dados<\/span><\/h2>\n<\/div><\/div><\/div><\/div><\/div><\/div><\/div><\/section><section class=\"l-section wpb_row height_small\"><div class=\"l-section-h i-cf\"><div class=\"g-cols vc_row via_flex valign_top type_default stacking_default\"><div class=\"vc_col-sm-12 wpb_column vc_column_container\"><div class=\"vc_column-inner\"><div class=\"wpb_wrapper\"><div class=\"wpb_text_column\"><div class=\"wpb_wrapper\"><p style=\"text-align: justify;\">Se tiver conhecimento de componentes para rolos, transportadores, m\u00e1quinas, no\u00e7\u00f5es administrativas, de vendas.. e voc\u00ea acha que o seu perfil completaria o nosso modelo,<b> preencha o formul\u00e1rio abaixo com todos os seus detalhes.<\/b> Entraremos em contato consigo para o processo de sele\u00e7\u00e3o de futuras chamadas de emprego.<\/p>\n<\/div><\/div><\/div><\/div><\/div><\/div><\/div><\/section><section class=\"l-section wpb_row height_small\"><div class=\"l-section-h i-cf\"><div class=\"g-cols vc_row via_flex valign_top type_default stacking_default\"><div class=\"vc_col-sm-3 wpb_column vc_column_container\"><div class=\"vc_column-inner\"><div class=\"wpb_wrapper\"><\/div><\/div><\/div><div class=\"vc_col-sm-6 wpb_column vc_column_container\"><div class=\"vc_column-inner\"><div class=\"wpb_wrapper\">\n<div class=\"wpcf7 no-js\" id=\"wpcf7-f4436-o1\" lang=\"pt-PT\" dir=\"ltr\" data-wpcf7-id=\"4436\">\n<div class=\"screen-reader-response\"><p role=\"status\" aria-live=\"polite\" aria-atomic=\"true\"><\/p> <ul><\/ul><\/div>\n<form action=\"\/pt-pt\/wp-json\/wp\/v2\/pages\/4542#wpcf7-f4436-o1\" method=\"post\" class=\"wpcf7-form init\" aria-label=\"Formul\u00e1rio de contacto\" enctype=\"multipart\/form-data\" novalidate=\"novalidate\" data-status=\"init\">\n<fieldset class=\"hidden-fields-container\"><input type=\"hidden\" name=\"_wpcf7\" value=\"4436\" \/><input type=\"hidden\" name=\"_wpcf7_version\" value=\"6.1.5\" \/><input type=\"hidden\" name=\"_wpcf7_locale\" value=\"pt_PT\" \/><input type=\"hidden\" name=\"_wpcf7_unit_tag\" value=\"wpcf7-f4436-o1\" \/><input type=\"hidden\" name=\"_wpcf7_container_post\" value=\"0\" \/><input type=\"hidden\" name=\"_wpcf7_posted_data_hash\" value=\"\" \/><input type=\"hidden\" name=\"_wpcf7_recaptcha_response\" value=\"\" \/>\n<\/fieldset>\n<p><label> Nome*<br \/>\n<span class=\"wpcf7-form-control-wrap\" data-name=\"your-name\"><input size=\"40\" maxlength=\"400\" class=\"wpcf7-form-control wpcf7-text wpcf7-validates-as-required\" aria-required=\"true\" aria-invalid=\"false\" value=\"\" type=\"text\" name=\"your-name\" \/><\/span> <\/label>\n<\/p>\n<p><label> Apelido*<br \/>\n<span class=\"wpcf7-form-control-wrap\" data-name=\"your-surname\"><input size=\"40\" maxlength=\"400\" class=\"wpcf7-form-control wpcf7-text wpcf7-validates-as-required\" aria-required=\"true\" aria-invalid=\"false\" value=\"\" type=\"text\" name=\"your-surname\" \/><\/span> <\/label>\n<\/p>\n<p><label> N\u00famero de telefone*<br \/>\n<span class=\"wpcf7-form-control-wrap\" data-name=\"your-tel\"><input size=\"40\" maxlength=\"400\" class=\"wpcf7-form-control wpcf7-text wpcf7-validates-as-required\" aria-required=\"true\" aria-invalid=\"false\" value=\"\" type=\"text\" name=\"your-tel\" \/><\/span> <\/label>\n<\/p>\n<p><label> E-mail*<br \/>\n<span class=\"wpcf7-form-control-wrap\" data-name=\"your-email\"><input size=\"40\" maxlength=\"400\" class=\"wpcf7-form-control wpcf7-email wpcf7-validates-as-required wpcf7-text wpcf7-validates-as-email\" aria-required=\"true\" aria-invalid=\"false\" value=\"\" type=\"email\" name=\"your-email\" \/><\/span> <\/label>\n<\/p>\n<p>Anexar CV<span class=\"wpcf7-form-control-wrap\" data-name=\"file-374\"><input size=\"40\" class=\"wpcf7-form-control wpcf7-file\" accept=\".pdf,.jpg\" aria-invalid=\"false\" type=\"file\" name=\"file-374\" \/><\/span>\n<\/p>\n\n<p><input class=\"wpcf7-form-control wpcf7-submit has-spinner\" type=\"submit\" value=\"Enviar\" \/>\n<\/p><div class=\"wpcf7-response-output\" aria-hidden=\"true\"><\/div>\n<\/form>\n<\/div>\n<\/div><\/div><\/div><div class=\"vc_col-sm-3 wpb_column vc_column_container\"><div class=\"vc_column-inner\"><div class=\"wpb_wrapper\"><\/div><\/div><\/div><\/div><\/div><\/section>\n","protected":false},"excerpt":{"rendered":"Gostaria de fazer parte da equipa? Preencha os seus dados Se tiver conhecimento de componentes para rolos, transportadores, m\u00e1quinas, no\u00e7\u00f5es administrativas, de vendas.. e voc\u00ea acha que o seu perfil completaria o nosso modelo, preencha o formul\u00e1rio abaixo com todos os seus detalhes. Entraremos em contato consigo para o processo de sele\u00e7\u00e3o de futuras chamadas...","protected":false},"author":1,"featured_media":0,"parent":0,"menu_order":0,"comment_status":"closed","ping_status":"closed","template":"","meta":{"_joinchat":[],"footnotes":""},"class_list":["post-4542","page","type-page","status-publish","hentry"],"yoast_head":"<!-- This site is optimized with the Yoast SEO plugin v27.2 - https:\/\/yoast.com\/product\/yoast-seo-wordpress\/ -->\n<title>Trabalhe connosco - Rodillos Codimar S.L.<\/title>\n<meta name=\"description\" content=\"Trabalhar connosco Quer fazer parte do nosso modelo? Se estiver interessado, pode enviar-nos o seu curr\u00edculo utilizando o nosso formul\u00e1rio.\" \/>\n<meta name=\"robots\" content=\"index, follow, max-snippet:-1, max-image-preview:large, max-video-preview:-1\" \/>\n<link rel=\"canonical\" href=\"https:\/\/www.rodilloscodimar.com\/pt-pt\/trabalhe-connosco\/\" \/>\n<meta property=\"og:locale\" content=\"pt_PT\" \/>\n<meta property=\"og:type\" content=\"article\" \/>\n<meta property=\"og:title\" content=\"Trabalhe connosco - Rodillos Codimar S.L.\" \/>\n<meta property=\"og:description\" content=\"Trabalhar connosco Quer fazer parte do nosso modelo? Se estiver interessado, pode enviar-nos o seu curr\u00edculo utilizando o nosso formul\u00e1rio.\" \/>\n<meta property=\"og:url\" content=\"https:\/\/www.rodilloscodimar.com\/pt-pt\/trabalhe-connosco\/\" \/>\n<meta property=\"og:site_name\" content=\"CODIMAR\" \/>\n<meta property=\"article:modified_time\" content=\"2020-12-15T10:48:16+00:00\" \/>\n<meta name=\"twitter:card\" content=\"summary_large_image\" \/>\n<meta name=\"twitter:label1\" content=\"Tempo estimado de leitura\" \/>\n\t<meta name=\"twitter:data1\" content=\"1 minuto\" \/>\n<script type=\"application\/ld+json\" class=\"yoast-schema-graph\">{\"@context\":\"https:\/\/schema.org\",\"@graph\":[{\"@type\":\"WebPage\",\"@id\":\"https:\/\/www.rodilloscodimar.com\/pt-pt\/trabalhe-connosco\/\",\"url\":\"https:\/\/www.rodilloscodimar.com\/pt-pt\/trabalhe-connosco\/\",\"name\":\"Trabalhe connosco - Rodillos Codimar S.L.\",\"isPartOf\":{\"@id\":\"https:\/\/www.rodilloscodimar.com\/pt-pt\/#website\"},\"datePublished\":\"2020-12-15T10:48:10+00:00\",\"dateModified\":\"2020-12-15T10:48:16+00:00\",\"description\":\"Trabalhar connosco Quer fazer parte do nosso modelo? Se estiver interessado, pode enviar-nos o seu curr\u00edculo utilizando o nosso formul\u00e1rio.\",\"breadcrumb\":{\"@id\":\"https:\/\/www.rodilloscodimar.com\/pt-pt\/trabalhe-connosco\/#breadcrumb\"},\"inLanguage\":\"pt-PT\",\"potentialAction\":[{\"@type\":\"ReadAction\",\"target\":[\"https:\/\/www.rodilloscodimar.com\/pt-pt\/trabalhe-connosco\/\"]}]},{\"@type\":\"BreadcrumbList\",\"@id\":\"https:\/\/www.rodilloscodimar.com\/pt-pt\/trabalhe-connosco\/#breadcrumb\",\"itemListElement\":[{\"@type\":\"ListItem\",\"position\":1,\"name\":\"Portada\",\"item\":\"https:\/\/www.rodilloscodimar.com\/pt-pt\/\"},{\"@type\":\"ListItem\",\"position\":2,\"name\":\"Trabalhe connosco\"}]},{\"@type\":\"WebSite\",\"@id\":\"https:\/\/www.rodilloscodimar.com\/pt-pt\/#website\",\"url\":\"https:\/\/www.rodilloscodimar.com\/pt-pt\/\",\"name\":\"CODIMAR\",\"description\":\"Frabricante de Componentes , Rodillos, Estaciones y M\u00e1quinas.\",\"publisher\":{\"@id\":\"https:\/\/www.rodilloscodimar.com\/pt-pt\/#organization\"},\"potentialAction\":[{\"@type\":\"SearchAction\",\"target\":{\"@type\":\"EntryPoint\",\"urlTemplate\":\"https:\/\/www.rodilloscodimar.com\/pt-pt\/?s={search_term_string}\"},\"query-input\":{\"@type\":\"PropertyValueSpecification\",\"valueRequired\":true,\"valueName\":\"search_term_string\"}}],\"inLanguage\":\"pt-PT\"},{\"@type\":\"Organization\",\"@id\":\"https:\/\/www.rodilloscodimar.com\/pt-pt\/#organization\",\"name\":\"Rodillos Codimar\",\"url\":\"https:\/\/www.rodilloscodimar.com\/pt-pt\/\",\"logo\":{\"@type\":\"ImageObject\",\"inLanguage\":\"pt-PT\",\"@id\":\"https:\/\/www.rodilloscodimar.com\/pt-pt\/#\/schema\/logo\/image\/\",\"url\":\"https:\/\/www.rodilloscodimar.com\/wp-content\/uploads\/2020\/01\/logo-email.jpg\",\"contentUrl\":\"https:\/\/www.rodilloscodimar.com\/wp-content\/uploads\/2020\/01\/logo-email.jpg\",\"width\":300,\"height\":299,\"caption\":\"Rodillos Codimar\"},\"image\":{\"@id\":\"https:\/\/www.rodilloscodimar.com\/pt-pt\/#\/schema\/logo\/image\/\"}}]}<\/script>\n<!-- \/ Yoast SEO plugin. -->","yoast_head_json":{"title":"Trabalhe connosco - Rodillos Codimar S.L.","description":"Trabalhar connosco Quer fazer parte do nosso modelo? Se estiver interessado, pode enviar-nos o seu curr\u00edculo utilizando o nosso formul\u00e1rio.","robots":{"index":"index","follow":"follow","max-snippet":"max-snippet:-1","max-image-preview":"max-image-preview:large","max-video-preview":"max-video-preview:-1"},"canonical":"https:\/\/www.rodilloscodimar.com\/pt-pt\/trabalhe-connosco\/","og_locale":"pt_PT","og_type":"article","og_title":"Trabalhe connosco - Rodillos Codimar S.L.","og_description":"Trabalhar connosco Quer fazer parte do nosso modelo? Se estiver interessado, pode enviar-nos o seu curr\u00edculo utilizando o nosso formul\u00e1rio.","og_url":"https:\/\/www.rodilloscodimar.com\/pt-pt\/trabalhe-connosco\/","og_site_name":"CODIMAR","article_modified_time":"2020-12-15T10:48:16+00:00","twitter_card":"summary_large_image","twitter_misc":{"Tempo estimado de leitura":"1 minuto"},"schema":{"@context":"https:\/\/schema.org","@graph":[{"@type":"WebPage","@id":"https:\/\/www.rodilloscodimar.com\/pt-pt\/trabalhe-connosco\/","url":"https:\/\/www.rodilloscodimar.com\/pt-pt\/trabalhe-connosco\/","name":"Trabalhe connosco - Rodillos Codimar S.L.","isPartOf":{"@id":"https:\/\/www.rodilloscodimar.com\/pt-pt\/#website"},"datePublished":"2020-12-15T10:48:10+00:00","dateModified":"2020-12-15T10:48:16+00:00","description":"Trabalhar connosco Quer fazer parte do nosso modelo? Se estiver interessado, pode enviar-nos o seu curr\u00edculo utilizando o nosso formul\u00e1rio.","breadcrumb":{"@id":"https:\/\/www.rodilloscodimar.com\/pt-pt\/trabalhe-connosco\/#breadcrumb"},"inLanguage":"pt-PT","potentialAction":[{"@type":"ReadAction","target":["https:\/\/www.rodilloscodimar.com\/pt-pt\/trabalhe-connosco\/"]}]},{"@type":"BreadcrumbList","@id":"https:\/\/www.rodilloscodimar.com\/pt-pt\/trabalhe-connosco\/#breadcrumb","itemListElement":[{"@type":"ListItem","position":1,"name":"Portada","item":"https:\/\/www.rodilloscodimar.com\/pt-pt\/"},{"@type":"ListItem","position":2,"name":"Trabalhe connosco"}]},{"@type":"WebSite","@id":"https:\/\/www.rodilloscodimar.com\/pt-pt\/#website","url":"https:\/\/www.rodilloscodimar.com\/pt-pt\/","name":"CODIMAR","description":"Frabricante de Componentes , Rodillos, Estaciones y M\u00e1quinas.","publisher":{"@id":"https:\/\/www.rodilloscodimar.com\/pt-pt\/#organization"},"potentialAction":[{"@type":"SearchAction","target":{"@type":"EntryPoint","urlTemplate":"https:\/\/www.rodilloscodimar.com\/pt-pt\/?s={search_term_string}"},"query-input":{"@type":"PropertyValueSpecification","valueRequired":true,"valueName":"search_term_string"}}],"inLanguage":"pt-PT"},{"@type":"Organization","@id":"https:\/\/www.rodilloscodimar.com\/pt-pt\/#organization","name":"Rodillos Codimar","url":"https:\/\/www.rodilloscodimar.com\/pt-pt\/","logo":{"@type":"ImageObject","inLanguage":"pt-PT","@id":"https:\/\/www.rodilloscodimar.com\/pt-pt\/#\/schema\/logo\/image\/","url":"https:\/\/www.rodilloscodimar.com\/wp-content\/uploads\/2020\/01\/logo-email.jpg","contentUrl":"https:\/\/www.rodilloscodimar.com\/wp-content\/uploads\/2020\/01\/logo-email.jpg","width":300,"height":299,"caption":"Rodillos Codimar"},"image":{"@id":"https:\/\/www.rodilloscodimar.com\/pt-pt\/#\/schema\/logo\/image\/"}}]}},"_links":{"self":[{"href":"https:\/\/www.rodilloscodimar.com\/pt-pt\/wp-json\/wp\/v2\/pages\/4542","targetHints":{"allow":["GET"]}}],"collection":[{"href":"https:\/\/www.rodilloscodimar.com\/pt-pt\/wp-json\/wp\/v2\/pages"}],"about":[{"href":"https:\/\/www.rodilloscodimar.com\/pt-pt\/wp-json\/wp\/v2\/types\/page"}],"author":[{"embeddable":true,"href":"https:\/\/www.rodilloscodimar.com\/pt-pt\/wp-json\/wp\/v2\/users\/1"}],"replies":[{"embeddable":true,"href":"https:\/\/www.rodilloscodimar.com\/pt-pt\/wp-json\/wp\/v2\/comments?post=4542"}],"version-history":[{"count":0,"href":"https:\/\/www.rodilloscodimar.com\/pt-pt\/wp-json\/wp\/v2\/pages\/4542\/revisions"}],"wp:attachment":[{"href":"https:\/\/www.rodilloscodimar.com\/pt-pt\/wp-json\/wp\/v2\/media?parent=4542"}],"curies":[{"name":"wp","href":"https:\/\/api.w.org\/{rel}","templated":true}]}}