{"id":4421,"date":"2020-12-15T09:01:53","date_gmt":"2020-12-15T08:01:53","guid":{"rendered":"https:\/\/www.rodilloscodimar.com\/qualidade\/"},"modified":"2021-04-23T14:41:46","modified_gmt":"2021-04-23T12:41:46","slug":"qualidade","status":"publish","type":"page","link":"https:\/\/www.rodilloscodimar.com\/pt-pt\/qualidade\/","title":{"rendered":"Qualidade"},"content":{"rendered":"<section class=\"l-section wpb_row us_custom_8cd4af33 height_small\"><div class=\"l-section-h i-cf\"><div class=\"g-cols vc_row via_flex valign_top type_default stacking_default\"><div class=\"vc_col-sm-12 wpb_column vc_column_container\"><div class=\"vc_column-inner\"><div class=\"wpb_wrapper\"><div class=\"wpb_text_column us_custom_6df4bc3a has_text_color\"><div class=\"wpb_wrapper\"><h2 class=\"h3calidad\" style=\"text-align: center;\">Certificados de qualidade<\/h2>\n<\/div><\/div><\/div><\/div><\/div><\/div><\/div><\/section><section class=\"l-section wpb_row height_small\"><div class=\"l-section-h i-cf\"><div class=\"g-cols vc_row via_flex valign_top type_default stacking_default\"><div class=\"vc_col-sm-12 wpb_column vc_column_container\"><div class=\"vc_column-inner\"><div class=\"wpb_wrapper\"><div class=\"w-separator size_medium\"><\/div><div class=\"w-tabs layout_ver navwidth_auto navpos_left style_default switch_click has_scrolling\" style=\"--sections-title-size:1em\"><div class=\"w-tabs-list items_3 align_none\"><div class=\"w-tabs-list-h\"><button class=\"w-tabs-item active\" aria-controls=\"content-l570\" aria-expanded=\"false\"><span class=\"w-tabs-item-title\">Gest\u00e3o da Qualidade<\/span><\/button><button class=\"w-tabs-item\" aria-controls=\"content-mce4\" aria-expanded=\"false\"><span class=\"w-tabs-item-title\">Inconformidades<\/span><\/button><button class=\"w-tabs-item\" aria-controls=\"content-d33e\" aria-expanded=\"false\"><span class=\"w-tabs-item-title\">Servi\u00e7o de Fornecedores<\/span><\/button><\/div><\/div><div class=\"w-tabs-sections titles-align_none icon_chevron cpos_right\"><div class=\"w-tabs-section active\" id=\"l570\"><button class=\"w-tabs-section-header active\" aria-controls=\"content-l570\" aria-expanded=\"true\"><div class=\"w-tabs-section-title\">Gest\u00e3o da Qualidade<\/div><div class=\"w-tabs-section-control\"><\/div><\/button><div  class=\"w-tabs-section-content\" id=\"content-l570\"><div class=\"w-tabs-section-content-h i-cf\"><div class=\"g-cols wpb_row via_flex valign_top type_default stacking_default\"><div class=\"vc_col-sm-6 wpb_column vc_column_container\"><div class=\"vc_column-inner\"><div class=\"wpb_wrapper\"><div class=\"w-image align_none\"><div class=\"w-image-h\"><img decoding=\"async\" width=\"500\" height=\"246\" src=\"https:\/\/www.rodilloscodimar.com\/wp-content\/uploads\/2020\/11\/ISO-9001-Codimar.jpg\" class=\"attachment-large size-large\" alt=\"\" loading=\"lazy\" srcset=\"https:\/\/www.rodilloscodimar.com\/wp-content\/uploads\/2020\/11\/ISO-9001-Codimar.jpg 500w, https:\/\/www.rodilloscodimar.com\/wp-content\/uploads\/2020\/11\/ISO-9001-Codimar-300x148.jpg 300w, https:\/\/www.rodilloscodimar.com\/wp-content\/uploads\/2020\/11\/ISO-9001-Codimar-260x128.jpg 260w, https:\/\/www.rodilloscodimar.com\/wp-content\/uploads\/2020\/11\/ISO-9001-Codimar-50x25.jpg 50w, https:\/\/www.rodilloscodimar.com\/wp-content\/uploads\/2020\/11\/ISO-9001-Codimar-150x75.jpg 150w\" sizes=\"auto, (max-width: 500px) 100vw, 500px\" \/><\/div><\/div><div class=\"w-separator size_medium\"><\/div><div class=\"w-btn-wrapper align_none\"><a class=\"w-btn us-btn-style_1\" target=\"_blank\" rel=\"nofollow\" href=\"\/wp-content\/uploads\/2021\/03\/ES117710ENACS-desde-2021-Rodillos-Codimar.pdf\"><span class=\"w-btn-label\">Certificado ISO 9001:2015<\/span><\/a><\/div><\/div><\/div><\/div><div class=\"vc_col-sm-6 wpb_column vc_column_container\"><div class=\"vc_column-inner\"><div class=\"wpb_wrapper\"><div class=\"wpb_text_column\"><div class=\"wpb_wrapper\"><p style=\"text-align: justify;\">Codimar, teve a oportunidade de partilhar com os seus clientes o orgulho no reconhecimento p\u00fablico do compromisso adquirido com melhoria cont\u00ednua, de acordo com a UNE EN <b>ISO 9001:1998,<\/b>premiado em 25 de novembro de 1999 pela Empresa de <b>Certifica\u00e7\u00e3o &#8220;Bureau Veritas Quality International&#8221;<\/b> Today, &#8220;Bureau Veritas&#8221;. Atualmente adaptado \u00e0 ISO 9001:2015.<\/p>\n<\/div><\/div><\/div><\/div><\/div><\/div><\/div><\/div><\/div><div class=\"w-tabs-section\" id=\"mce4\"><button class=\"w-tabs-section-header\" aria-controls=\"content-mce4\" aria-expanded=\"false\"><div class=\"w-tabs-section-title\">Inconformidades<\/div><div class=\"w-tabs-section-control\"><\/div><\/button><div  class=\"w-tabs-section-content\" id=\"content-mce4\"><div class=\"w-tabs-section-content-h i-cf\"><div class=\"g-cols wpb_row via_flex valign_top type_default stacking_default\"><div class=\"vc_col-sm-6 wpb_column vc_column_container\"><div class=\"vc_column-inner\"><div class=\"wpb_wrapper\"><div class=\"wpb_text_column\"><div class=\"wpb_wrapper\"><p style=\"text-align: justify;\">O incumprimento \u00e9 um incumprimento de um requisito. Por favor, n\u00e3o envie o seguinte relat\u00f3rio completo para que saibamos.<\/p>\n<\/div><\/div><\/div><\/div><\/div><div class=\"vc_col-sm-6 wpb_column vc_column_container\"><div class=\"vc_column-inner\"><div class=\"wpb_wrapper\"><div class=\"w-btn-wrapper align_none\"><a class=\"w-btn us-btn-style_1\" target=\"_blank\" rel=\"nofollow\" href=\"https:\/\/www.rodilloscodimar.com\/wp-content\/uploads\/2018\/11\/informe.pdf\"><span class=\"w-btn-label\">RECLAMA\u00c7\u00d5ES, INQU\u00c9RITOS E SUGEST\u00d5ES<\/span><\/a><\/div><\/div><\/div><\/div><\/div><\/div><\/div><\/div><div class=\"w-tabs-section\" id=\"d33e\"><button class=\"w-tabs-section-header\" aria-controls=\"content-d33e\" aria-expanded=\"false\"><div class=\"w-tabs-section-title\">Servi\u00e7o de Fornecedores<\/div><div class=\"w-tabs-section-control\"><\/div><\/button><div  class=\"w-tabs-section-content\" id=\"content-d33e\"><div class=\"w-tabs-section-content-h i-cf\"><div class=\"g-cols wpb_row via_flex valign_top type_default stacking_default\"><div class=\"vc_col-sm-6 wpb_column vc_column_container\"><div class=\"vc_column-inner\"><div class=\"wpb_wrapper\"><div class=\"wpb_text_column\"><div class=\"wpb_wrapper\"><p style=\"text-align: justify;\">Consulte os requisitos de presta\u00e7\u00e3o de servi\u00e7os para fornecedores e manuten\u00e7\u00e3o de terceiros<\/p>\n<\/div><\/div><\/div><\/div><\/div><div class=\"vc_col-sm-6 wpb_column vc_column_container\"><div class=\"vc_column-inner\"><div class=\"wpb_wrapper\"><div class=\"w-btn-wrapper align_none\"><a class=\"w-btn us-btn-style_1\" target=\"_blank\" rel=\"nofollow\" href=\"https:\/\/www.rodilloscodimar.com\/wp-content\/uploads\/2019\/11\/Comunicado-proveedores-mantenedores-calidad-2019.pdf\"><span class=\"w-btn-label\">REQUISITOS DO FORNECEDOR<\/span><\/a><\/div><\/div><\/div><\/div><\/div><\/div><\/div><\/div><\/div><\/div><div class=\"w-separator size_medium\"><\/div><\/div><\/div><\/div><\/div><\/div><\/section><section class=\"l-section wpb_row us_custom_58712aeb height_small\"><div class=\"l-section-h i-cf\"><div class=\"g-cols vc_row via_flex valign_top type_default stacking_default\"><div class=\"vc_col-sm-6 wpb_column vc_column_container\"><div class=\"vc_column-inner\"><div class=\"wpb_wrapper\"><div class=\"wpb_text_column us_custom_fa864b45 has_text_color\"><div class=\"wpb_wrapper\"><h2 style=\"text-align: center;\">Satisfa\u00e7\u00e3o, a nossa raison d&#8217;eer<\/h2>\n<p style=\"text-align: center;\">Codimar garante a satisfa\u00e7\u00e3o das diferentes partes interessadas:<\/p>\n<\/div><\/div><div class=\"w-separator size_large\"><\/div><\/div><\/div><\/div><div class=\"vc_col-sm-6 wpb_column vc_column_container\"><div class=\"vc_column-inner\"><div class=\"wpb_wrapper\"><div class=\"w-separator size_large\"><\/div><div class=\"g-cols wpb_row via_flex valign_top type_default stacking_default\"><div class=\"vc_col-sm-3 wpb_column vc_column_container\"><div class=\"vc_column-inner\"><div class=\"wpb_wrapper\"><div class=\"w-iconbox us_custom_6df4bc3a has_text_color iconpos_top style_default color_custom align_center no_text\"><div class=\"w-iconbox-icon\" style=\"font-size:2rem;--icon-color:#ffffff;\"><i class=\"fas fa-hands-helping\"><\/i><\/div><div class=\"w-iconbox-meta\"><h4 class=\"w-iconbox-title\">Clientes<\/h4><\/div><\/div><\/div><\/div><\/div><div class=\"vc_col-sm-3 wpb_column vc_column_container\"><div class=\"vc_column-inner\"><div class=\"wpb_wrapper\"><div class=\"w-iconbox us_custom_6df4bc3a has_text_color iconpos_top style_default color_custom align_center no_text\"><div class=\"w-iconbox-icon\" style=\"font-size:2rem;--icon-color:#ffffff;\"><i class=\"fas fa-users\"><\/i><\/div><div class=\"w-iconbox-meta\"><h4 class=\"w-iconbox-title\">Fornecedores<\/h4><\/div><\/div><\/div><\/div><\/div><div class=\"vc_col-sm-3 wpb_column vc_column_container\"><div class=\"vc_column-inner\"><div class=\"wpb_wrapper\"><div class=\"w-iconbox us_custom_6df4bc3a has_text_color iconpos_top style_default color_custom align_center no_text\"><div class=\"w-iconbox-icon\" style=\"font-size:2rem;--icon-color:#ffffff;\"><i class=\"fas fa-people-carry\"><\/i><\/div><div class=\"w-iconbox-meta\"><h4 class=\"w-iconbox-title\">Trabalhadores<\/h4><\/div><\/div><\/div><\/div><\/div><div class=\"vc_col-sm-3 wpb_column vc_column_container\"><div class=\"vc_column-inner\"><div class=\"wpb_wrapper\"><div class=\"w-iconbox us_custom_6df4bc3a has_text_color iconpos_top style_default color_custom align_center no_text\"><div class=\"w-iconbox-icon\" style=\"font-size:2rem;--icon-color:#ffffff;\"><i class=\"fas fa-globe\"><\/i><\/div><div class=\"w-iconbox-meta\"><h4 class=\"w-iconbox-title\">Sociedade<\/h4><\/div><\/div><\/div><\/div><\/div><\/div><div class=\"w-separator size_large\"><\/div><\/div><\/div><\/div><\/div><\/div><\/section><section class=\"l-section wpb_row us_custom_a6b6a642 height_small\"><div class=\"l-section-h i-cf\"><div class=\"g-cols vc_row via_flex valign_top type_default stacking_default\"><div class=\"vc_col-sm-12 wpb_column vc_column_container\"><div class=\"vc_column-inner\"><div class=\"wpb_wrapper\"><div class=\"wpb_text_column\"><div class=\"wpb_wrapper\"><h2 style=\"text-align: center;\">Os nossos 9 princ\u00edpios para uma gest\u00e3o de boa qualidade<\/h2>\n<\/div><\/div><div class=\"g-cols wpb_row via_flex valign_top type_default stacking_default\"><div class=\"vc_col-sm-12 wpb_column vc_column_container\"><div class=\"vc_column-inner\"><div class=\"wpb_wrapper\"><div class=\"wpb_text_column\"><div class=\"wpb_wrapper\"><p style=\"text-align: justify;\">As auditorias peri\u00f3dicas internas, bem como as auditorias de monitoriza\u00e7\u00e3o externa ajudam-nos a manter a nossa posi\u00e7\u00e3o, a n\u00edvel nacional e internacional. N\u00e3o \u00e9 por acaso, a BVQi \u00e9 a primeira Autoridade Privada de Certifica\u00e7\u00e3o no nosso pa\u00eds e uma das principais empresas de certifica\u00e7\u00e3o do mundo, com mais de 50 credores em 150 pa\u00edses.<\/p>\n<p style=\"text-align: justify;\">A ISO 9001:2015 e com ela Codimar, baseia a sua a\u00e7\u00e3o nos 9 princ\u00edpios para uma gest\u00e3o de boa qualidade:<\/p>\n<\/div><\/div><\/div><\/div><\/div><\/div><div class=\"g-cols wpb_row via_flex valign_top type_default stacking_default\"><div class=\"vc_col-sm-12 wpb_column vc_column_container\"><div class=\"vc_column-inner\"><div class=\"wpb_wrapper\"><div class=\"w-separator size_medium\"><\/div><div class=\"w-iconbox iconpos_left style_default color_primary align_left no_title\"><div class=\"w-iconbox-icon\" style=\"font-size:2rem;\"><i class=\"fas fa-check\"><\/i><\/div><div class=\"w-iconbox-meta\"><div class=\"w-iconbox-text\"><p>Orienta\u00e7\u00e3o do cliente: Identificar e compreender as necessidades atuais e futuras dos clientes e tamb\u00e9m superar as suas expectativas.<\/p>\n<\/div><\/div><\/div><div class=\"w-iconbox iconpos_left style_default color_primary align_left no_title\"><div class=\"w-iconbox-icon\" style=\"font-size:2rem;\"><i class=\"fas fa-check\"><\/i><\/div><div class=\"w-iconbox-meta\"><div class=\"w-iconbox-text\"><p>Cumprimento dos requisitos legais e regulamentares aplic\u00e1veis: compromisso com o cumprimento dos seguintes requisitos legais e regulamentares aplic\u00e1veis \u00e0 nossa atividade, bem como outros que a organiza\u00e7\u00e3o subscreve.<\/p>\n<\/div><\/div><\/div><div class=\"w-iconbox iconpos_left style_default color_primary align_left no_title\"><div class=\"w-iconbox-icon\" style=\"font-size:2rem;\"><i class=\"fas fa-check\"><\/i><\/div><div class=\"w-iconbox-meta\"><div class=\"w-iconbox-text\"><p>Lideran\u00e7a: Proporcionar unidade de a\u00e7\u00e3o e dire\u00e7\u00e3o na consecu\u00e7\u00e3o dos objetivos comuns da organiza\u00e7\u00e3o.<\/p>\n<\/div><\/div><\/div><div class=\"w-iconbox iconpos_left style_default color_primary align_left no_title\"><div class=\"w-iconbox-icon\" style=\"font-size:2rem;\"><i class=\"fas fa-check\"><\/i><\/div><div class=\"w-iconbox-meta\"><div class=\"w-iconbox-text\"><p>Participa\u00e7\u00e3o do Pessoal: Cria um ambiente em que o pessoal est\u00e1 plenamente envolvido para atingir os objetivos da organiza\u00e7\u00e3o.<\/p>\n<\/div><\/div><\/div><div class=\"w-iconbox iconpos_left style_default color_primary align_left no_title\"><div class=\"w-iconbox-icon\" style=\"font-size:2rem;\"><i class=\"fas fa-check\"><\/i><\/div><div class=\"w-iconbox-meta\"><div class=\"w-iconbox-text\"><p>Abordagem baseada em processos: Para atingir os objetivos, recursos e atividades da empresa deve ser gerido atrav\u00e9s de processos, com uma compreens\u00e3o clara do seu impacto no resultado.<\/p>\n<\/div><\/div><\/div><div class=\"w-iconbox iconpos_left style_default color_primary align_left no_title\"><div class=\"w-iconbox-icon\" style=\"font-size:2rem;\"><i class=\"fas fa-check\"><\/i><\/div><div class=\"w-iconbox-meta\"><div class=\"w-iconbox-text\"><p>Abordagem do sistema \u00e0 gest\u00e3o: Identificar, compreender e gerir um sistema de processos interrelacionados melhorando a efici\u00eancia e efici\u00eancia da organiza\u00e7\u00e3o.<\/p>\n<\/div><\/div><\/div><div class=\"w-iconbox iconpos_left style_default color_primary align_left no_title\"><div class=\"w-iconbox-icon\" style=\"font-size:2rem;\"><i class=\"fas fa-check\"><\/i><\/div><div class=\"w-iconbox-meta\"><div class=\"w-iconbox-text\"><p>Melhoria cont\u00ednua: Sistematiza\u00e7\u00e3o, como um telem\u00f3vel para atingir n\u00edveis de qualidade cada vez mais elevados nas atividades de uma organiza\u00e7\u00e3o.<\/p>\n<\/div><\/div><\/div><div class=\"w-iconbox iconpos_left style_default color_primary align_left no_title\"><div class=\"w-iconbox-icon\" style=\"font-size:2rem;\"><i class=\"fas fa-check\"><\/i><\/div><div class=\"w-iconbox-meta\"><div class=\"w-iconbox-text\"><p>Tomada de decis\u00e3o baseada em factos: As decis\u00f5es eficazes baseiam-se numa an\u00e1lise l\u00f3gica e intuitiva de informa\u00e7\u00f5es e dados objetivos.<\/p>\n<\/div><\/div><\/div><div class=\"w-iconbox iconpos_left style_default color_primary align_left no_title\"><div class=\"w-iconbox-icon\" style=\"font-size:2rem;\"><i class=\"fas fa-check\"><\/i><\/div><div class=\"w-iconbox-meta\"><div class=\"w-iconbox-text\"><p>Rela\u00e7\u00f5es mutuamente ben\u00e9ficas com fornecedores: Uma boa rela\u00e7\u00e3o entre a organiza\u00e7\u00e3o e os seus fornecedores aumentar\u00e1 e refor\u00e7ar\u00e1 a capacidade de ambas as organiza\u00e7\u00f5es de criarem valor.<\/p>\n<\/div><\/div><\/div><div class=\"w-separator size_medium\"><\/div><\/div><\/div><\/div><\/div><div class=\"wpb_text_column\"><div class=\"wpb_wrapper\"><p style=\"text-align: center;\">A aplica\u00e7\u00e3o destes &#8220;Princ\u00edpios de Gest\u00e3o da Qualidade&#8221; ajuda-nos a melhorar o desempenho da nossa empresa e por extens\u00e3o \u00e0 sua.<\/p>\n<\/div><\/div><div class=\"w-btn-wrapper align_center\"><a class=\"w-btn us-btn-style_1\" target=\"_blank\" rel=\"nofollow\" href=\"https:\/\/www.rodilloscodimar.com\/wp-content\/uploads\/2019\/11\/ANEXO-II-POL\u00cdTICA-DE-CALIDAD.pdf\"><span class=\"w-btn-label\">POL\u00cdTICA DE GEST\u00c3O DA QUALIDADE<\/span><\/a><\/div><\/div><\/div><\/div><\/div><\/div><\/section>\n","protected":false},"excerpt":{"rendered":"Certificados de qualidade Gest\u00e3o da QualidadeInconformidadesServi\u00e7o de FornecedoresGest\u00e3o da QualidadeCertificado ISO 9001:2015 Codimar, teve a oportunidade de partilhar com os seus clientes o orgulho no reconhecimento p\u00fablico do compromisso adquirido com melhoria cont\u00ednua, de acordo com a UNE EN ISO 9001:1998,premiado em 25 de novembro de 1999 pela Empresa de Certifica\u00e7\u00e3o &#8220;Bureau Veritas Quality International&#8221;...","protected":false},"author":1,"featured_media":0,"parent":0,"menu_order":0,"comment_status":"closed","ping_status":"closed","template":"","meta":{"_joinchat":[],"footnotes":""},"class_list":["post-4421","page","type-page","status-publish","hentry"],"yoast_head":"<!-- This site is optimized with the Yoast SEO plugin v27.2 - https:\/\/yoast.com\/product\/yoast-seo-wordpress\/ -->\n<title>Certificados de Qualidade - RODILLOS CODMAR S.L<\/title>\n<meta name=\"description\" content=\"Certificados de Qualidade e reconhecimento p\u00fablico do compromisso adquirido pela Codimar, de acordo com a UNE EN ISO 9001:2015, pela Empresa &quot;Bureau Veritas&quot;.\" \/>\n<meta name=\"robots\" content=\"index, follow, max-snippet:-1, max-image-preview:large, max-video-preview:-1\" \/>\n<link rel=\"canonical\" href=\"https:\/\/www.rodilloscodimar.com\/pt-pt\/qualidade\/\" \/>\n<meta property=\"og:locale\" content=\"pt_PT\" \/>\n<meta property=\"og:type\" content=\"article\" \/>\n<meta property=\"og:title\" content=\"Certificados de Qualidade - RODILLOS CODMAR S.L\" \/>\n<meta property=\"og:description\" content=\"Certificados de Qualidade e reconhecimento p\u00fablico do compromisso adquirido pela Codimar, de acordo com a UNE EN ISO 9001:2015, pela Empresa &quot;Bureau Veritas&quot;.\" \/>\n<meta property=\"og:url\" content=\"https:\/\/www.rodilloscodimar.com\/pt-pt\/qualidade\/\" \/>\n<meta property=\"og:site_name\" content=\"CODIMAR\" \/>\n<meta property=\"article:modified_time\" content=\"2021-04-23T12:41:46+00:00\" \/>\n<meta name=\"twitter:card\" content=\"summary_large_image\" \/>\n<meta name=\"twitter:label1\" content=\"Tempo estimado de leitura\" \/>\n\t<meta name=\"twitter:data1\" content=\"5 minutos\" \/>\n<script type=\"application\/ld+json\" class=\"yoast-schema-graph\">{\"@context\":\"https:\/\/schema.org\",\"@graph\":[{\"@type\":\"WebPage\",\"@id\":\"https:\/\/www.rodilloscodimar.com\/pt-pt\/qualidade\/\",\"url\":\"https:\/\/www.rodilloscodimar.com\/pt-pt\/qualidade\/\",\"name\":\"Certificados de Qualidade - RODILLOS CODMAR S.L\",\"isPartOf\":{\"@id\":\"https:\/\/www.rodilloscodimar.com\/pt-pt\/#website\"},\"datePublished\":\"2020-12-15T08:01:53+00:00\",\"dateModified\":\"2021-04-23T12:41:46+00:00\",\"description\":\"Certificados de Qualidade e reconhecimento p\u00fablico do compromisso adquirido pela Codimar, de acordo com a UNE EN ISO 9001:2015, pela Empresa \\\"Bureau Veritas\\\".\",\"breadcrumb\":{\"@id\":\"https:\/\/www.rodilloscodimar.com\/pt-pt\/qualidade\/#breadcrumb\"},\"inLanguage\":\"pt-PT\",\"potentialAction\":[{\"@type\":\"ReadAction\",\"target\":[\"https:\/\/www.rodilloscodimar.com\/pt-pt\/qualidade\/\"]}]},{\"@type\":\"BreadcrumbList\",\"@id\":\"https:\/\/www.rodilloscodimar.com\/pt-pt\/qualidade\/#breadcrumb\",\"itemListElement\":[{\"@type\":\"ListItem\",\"position\":1,\"name\":\"Portada\",\"item\":\"https:\/\/www.rodilloscodimar.com\/pt-pt\/\"},{\"@type\":\"ListItem\",\"position\":2,\"name\":\"Qualidade\"}]},{\"@type\":\"WebSite\",\"@id\":\"https:\/\/www.rodilloscodimar.com\/pt-pt\/#website\",\"url\":\"https:\/\/www.rodilloscodimar.com\/pt-pt\/\",\"name\":\"CODIMAR\",\"description\":\"Frabricante de Componentes , Rodillos, Estaciones y M\u00e1quinas.\",\"publisher\":{\"@id\":\"https:\/\/www.rodilloscodimar.com\/pt-pt\/#organization\"},\"potentialAction\":[{\"@type\":\"SearchAction\",\"target\":{\"@type\":\"EntryPoint\",\"urlTemplate\":\"https:\/\/www.rodilloscodimar.com\/pt-pt\/?s={search_term_string}\"},\"query-input\":{\"@type\":\"PropertyValueSpecification\",\"valueRequired\":true,\"valueName\":\"search_term_string\"}}],\"inLanguage\":\"pt-PT\"},{\"@type\":\"Organization\",\"@id\":\"https:\/\/www.rodilloscodimar.com\/pt-pt\/#organization\",\"name\":\"Rodillos Codimar\",\"url\":\"https:\/\/www.rodilloscodimar.com\/pt-pt\/\",\"logo\":{\"@type\":\"ImageObject\",\"inLanguage\":\"pt-PT\",\"@id\":\"https:\/\/www.rodilloscodimar.com\/pt-pt\/#\/schema\/logo\/image\/\",\"url\":\"https:\/\/www.rodilloscodimar.com\/wp-content\/uploads\/2020\/01\/logo-email.jpg\",\"contentUrl\":\"https:\/\/www.rodilloscodimar.com\/wp-content\/uploads\/2020\/01\/logo-email.jpg\",\"width\":300,\"height\":299,\"caption\":\"Rodillos Codimar\"},\"image\":{\"@id\":\"https:\/\/www.rodilloscodimar.com\/pt-pt\/#\/schema\/logo\/image\/\"}}]}<\/script>\n<!-- \/ Yoast SEO plugin. -->","yoast_head_json":{"title":"Certificados de Qualidade - RODILLOS CODMAR S.L","description":"Certificados de Qualidade e reconhecimento p\u00fablico do compromisso adquirido pela Codimar, de acordo com a UNE EN ISO 9001:2015, pela Empresa \"Bureau Veritas\".","robots":{"index":"index","follow":"follow","max-snippet":"max-snippet:-1","max-image-preview":"max-image-preview:large","max-video-preview":"max-video-preview:-1"},"canonical":"https:\/\/www.rodilloscodimar.com\/pt-pt\/qualidade\/","og_locale":"pt_PT","og_type":"article","og_title":"Certificados de Qualidade - RODILLOS CODMAR S.L","og_description":"Certificados de Qualidade e reconhecimento p\u00fablico do compromisso adquirido pela Codimar, de acordo com a UNE EN ISO 9001:2015, pela Empresa \"Bureau Veritas\".","og_url":"https:\/\/www.rodilloscodimar.com\/pt-pt\/qualidade\/","og_site_name":"CODIMAR","article_modified_time":"2021-04-23T12:41:46+00:00","twitter_card":"summary_large_image","twitter_misc":{"Tempo estimado de leitura":"5 minutos"},"schema":{"@context":"https:\/\/schema.org","@graph":[{"@type":"WebPage","@id":"https:\/\/www.rodilloscodimar.com\/pt-pt\/qualidade\/","url":"https:\/\/www.rodilloscodimar.com\/pt-pt\/qualidade\/","name":"Certificados de Qualidade - RODILLOS CODMAR S.L","isPartOf":{"@id":"https:\/\/www.rodilloscodimar.com\/pt-pt\/#website"},"datePublished":"2020-12-15T08:01:53+00:00","dateModified":"2021-04-23T12:41:46+00:00","description":"Certificados de Qualidade e reconhecimento p\u00fablico do compromisso adquirido pela Codimar, de acordo com a UNE EN ISO 9001:2015, pela Empresa \"Bureau Veritas\".","breadcrumb":{"@id":"https:\/\/www.rodilloscodimar.com\/pt-pt\/qualidade\/#breadcrumb"},"inLanguage":"pt-PT","potentialAction":[{"@type":"ReadAction","target":["https:\/\/www.rodilloscodimar.com\/pt-pt\/qualidade\/"]}]},{"@type":"BreadcrumbList","@id":"https:\/\/www.rodilloscodimar.com\/pt-pt\/qualidade\/#breadcrumb","itemListElement":[{"@type":"ListItem","position":1,"name":"Portada","item":"https:\/\/www.rodilloscodimar.com\/pt-pt\/"},{"@type":"ListItem","position":2,"name":"Qualidade"}]},{"@type":"WebSite","@id":"https:\/\/www.rodilloscodimar.com\/pt-pt\/#website","url":"https:\/\/www.rodilloscodimar.com\/pt-pt\/","name":"CODIMAR","description":"Frabricante de Componentes , Rodillos, Estaciones y M\u00e1quinas.","publisher":{"@id":"https:\/\/www.rodilloscodimar.com\/pt-pt\/#organization"},"potentialAction":[{"@type":"SearchAction","target":{"@type":"EntryPoint","urlTemplate":"https:\/\/www.rodilloscodimar.com\/pt-pt\/?s={search_term_string}"},"query-input":{"@type":"PropertyValueSpecification","valueRequired":true,"valueName":"search_term_string"}}],"inLanguage":"pt-PT"},{"@type":"Organization","@id":"https:\/\/www.rodilloscodimar.com\/pt-pt\/#organization","name":"Rodillos Codimar","url":"https:\/\/www.rodilloscodimar.com\/pt-pt\/","logo":{"@type":"ImageObject","inLanguage":"pt-PT","@id":"https:\/\/www.rodilloscodimar.com\/pt-pt\/#\/schema\/logo\/image\/","url":"https:\/\/www.rodilloscodimar.com\/wp-content\/uploads\/2020\/01\/logo-email.jpg","contentUrl":"https:\/\/www.rodilloscodimar.com\/wp-content\/uploads\/2020\/01\/logo-email.jpg","width":300,"height":299,"caption":"Rodillos Codimar"},"image":{"@id":"https:\/\/www.rodilloscodimar.com\/pt-pt\/#\/schema\/logo\/image\/"}}]}},"_links":{"self":[{"href":"https:\/\/www.rodilloscodimar.com\/pt-pt\/wp-json\/wp\/v2\/pages\/4421","targetHints":{"allow":["GET"]}}],"collection":[{"href":"https:\/\/www.rodilloscodimar.com\/pt-pt\/wp-json\/wp\/v2\/pages"}],"about":[{"href":"https:\/\/www.rodilloscodimar.com\/pt-pt\/wp-json\/wp\/v2\/types\/page"}],"author":[{"embeddable":true,"href":"https:\/\/www.rodilloscodimar.com\/pt-pt\/wp-json\/wp\/v2\/users\/1"}],"replies":[{"embeddable":true,"href":"https:\/\/www.rodilloscodimar.com\/pt-pt\/wp-json\/wp\/v2\/comments?post=4421"}],"version-history":[{"count":0,"href":"https:\/\/www.rodilloscodimar.com\/pt-pt\/wp-json\/wp\/v2\/pages\/4421\/revisions"}],"wp:attachment":[{"href":"https:\/\/www.rodilloscodimar.com\/pt-pt\/wp-json\/wp\/v2\/media?parent=4421"}],"curies":[{"name":"wp","href":"https:\/\/api.w.org\/{rel}","templated":true}]}}