{"id":4420,"date":"2020-12-15T09:01:52","date_gmt":"2020-12-15T08:01:52","guid":{"rendered":"https:\/\/www.rodilloscodimar.com\/empresa\/"},"modified":"2021-06-18T12:50:24","modified_gmt":"2021-06-18T10:50:24","slug":"empresa","status":"publish","type":"page","link":"https:\/\/www.rodilloscodimar.com\/pt-pt\/empresa\/","title":{"rendered":"Empresa"},"content":{"rendered":"<section class=\"l-section wpb_row us_custom_8cd4af33 height_small\"><div class=\"l-section-h i-cf\"><div class=\"g-cols vc_row via_flex valign_top type_default stacking_default\"><div class=\"vc_col-sm-12 wpb_column vc_column_container\"><div class=\"vc_column-inner\"><div class=\"wpb_wrapper\"><div class=\"wpb_text_column us_custom_6df4bc3a has_text_color\"><div class=\"wpb_wrapper\"><h2 class=\"h2empresa\" style=\"text-align: center;\">Codimar \u00e9 &#8216;Marca&#8217; desde 1995<\/h2>\n<\/div><\/div><\/div><\/div><\/div><\/div><\/div><\/section><section class=\"l-section wpb_row height_small\"><div class=\"l-section-h i-cf\"><div class=\"g-cols vc_row via_flex valign_top type_default stacking_default\"><div class=\"vc_col-sm-12 wpb_column vc_column_container\"><div class=\"vc_column-inner\"><div class=\"wpb_wrapper\"><div class=\"wpb_text_column\"><div class=\"wpb_wrapper\"><h2 style=\"text-align: left;\">Hist\u00f3ria da Nossa Empresa<\/h2>\n<\/div><\/div><div class=\"g-cols wpb_row via_flex valign_top type_default stacking_default\"><div class=\"vc_col-sm-6 wpb_column vc_column_container\"><div class=\"vc_column-inner\"><div class=\"wpb_wrapper\"><div class=\"wpb_text_column\"><div class=\"wpb_wrapper\"><p style=\"text-align: justify;\">Extensa carreira profissional como fabricantes de rolos, m\u00e1quinas e equipamentos de transporte na ind\u00fastria de manuten\u00e7\u00e3o e minera\u00e7\u00e3o<\/p>\n<\/div><\/div><\/div><\/div><\/div><div class=\"vc_col-sm-6 wpb_column vc_column_container\"><div class=\"vc_column-inner\"><div class=\"wpb_wrapper\">[vc_wp_text]<video style=\"max-width: 100%;\" poster=\"\/web\/20200815110544im_\/https:\/\/www.rodilloscodimar.com\/es\/empresa\/\" autoplay=\"autoplay\" loop=\"loop\" muted=\"1\" controls=\"controls\" width=\"300\" height=\"150\"><source type=\"video\/mp4\" src=\"https:\/\/web.archive.org\/web\/20200815110544im_\/https:\/\/www.rodilloscodimar.com\/wp-content\/uploads\/2018\/11\/animacion_1.mp4\"><\/source><\/video>[\/vc_wp_text]<\/div><\/div><\/div><\/div><\/div><\/div><\/div><\/div><\/div><\/section><section class=\"l-section wpb_row height_small\"><div class=\"l-section-h i-cf\"><div class=\"g-cols vc_row via_flex valign_top type_default stacking_default\"><div class=\"vc_col-sm-12 wpb_column vc_column_container\"><div class=\"vc_column-inner\"><div class=\"wpb_wrapper\"><div class=\"wpb_text_column\"><div class=\"wpb_wrapper\"><h2 style=\"text-align: right;\">Primeiros passos<\/h2>\n<\/div><\/div><div class=\"g-cols wpb_row via_flex valign_top type_default stacking_default\"><div class=\"vc_col-sm-6 wpb_column vc_column_container\"><div class=\"vc_column-inner\"><div class=\"wpb_wrapper\">[vc_wp_text]<video style=\"max-width: 100%;\" poster=\"\/web\/20200815110544im_\/https:\/\/www.rodilloscodimar.com\/es\/empresa\/\" autoplay=\"autoplay\" loop=\"loop\" muted=\"1\" controls=\"controls\" width=\"300\" height=\"150\"><source type=\"video\/mp4\" src=\"https:\/\/web.archive.org\/web\/20200815110544im_\/https:\/\/www.rodilloscodimar.com\/wp-content\/uploads\/2018\/11\/animacion_2.mp4\"><\/source><\/video>[\/vc_wp_text]<\/div><\/div><\/div><div class=\"vc_col-sm-6 wpb_column vc_column_container\"><div class=\"vc_column-inner\"><div class=\"wpb_wrapper\"><div class=\"wpb_text_column\"><div class=\"wpb_wrapper\"><p style=\"text-align: justify;\"><a href=\"https:\/\/www.rodilloscodimar.com\/pt-pt\/\">Codimar S.L.<\/a> nasceu como uma empresa no sector dos servi\u00e7os <strong>tanto para as obras mineiras como para as obras p\u00fablicas, a agricultura e a ind\u00fastria em geral.<\/strong><\/p>\n<p style=\"text-align: justify;\">Os seus in\u00edcios estavam na <strong>sec\u00e7\u00e3o de vulcaniza\u00e7\u00e3o,<\/strong> fazendo liga\u00e7\u00f5es ou correias transportadoras de borracha e pvc vulcanizantes no p\u00e9 da f\u00e1brica nas instala\u00e7\u00f5es, tornando-se distribuidores para a C\u00f3rdoba de uma das mais importantes marcas espanholas no fabrico de transportadores.<\/p>\n<p style=\"text-align: justify;\">No campo da repara\u00e7\u00e3o de cintos, tamb\u00e9m podemos ter distribui\u00e7\u00e3o oficial da pr\u00f3pria empresa tamb\u00e9m em <strong>M\u00e1laga, Granada e Almer\u00eda,<\/strong> mas a procura do mercado e a situa\u00e7\u00e3o econ\u00f3mica do momento obrigam-nos a dar uma mudan\u00e7a no sentido da nossa empresa.<\/p>\n<\/div><\/div><\/div><\/div><\/div><\/div><\/div><\/div><\/div><\/div><\/div><\/section><section class=\"l-section wpb_row height_small\"><div class=\"l-section-h i-cf\"><div class=\"g-cols vc_row via_flex valign_top type_default stacking_default\"><div class=\"vc_col-sm-12 wpb_column vc_column_container\"><div class=\"vc_column-inner\"><div class=\"wpb_wrapper\"><div class=\"wpb_text_column\"><div class=\"wpb_wrapper\"><h2 style=\"text-align: left;\">Fabrico<\/h2>\n<\/div><\/div><div class=\"g-cols wpb_row via_flex valign_top type_default stacking_default\"><div class=\"vc_col-sm-6 wpb_column vc_column_container\"><div class=\"vc_column-inner\"><div class=\"wpb_wrapper\"><div class=\"wpb_text_column\"><div class=\"wpb_wrapper\"><p style=\"text-align: justify;\">Alguns anos mais tarde, devido \u00e0 crescente procura do sector, Codimar come\u00e7ou a dar os seus primeiros passos <strong>no Mundo da Fabrica\u00e7\u00e3o.<\/strong><\/p>\n<p style=\"text-align: justify;\">Primeiro no  <strong>Mining Rollers,<\/strong> apostando desde o in\u00edcio num produto de qualidade com componentes de primeira classe, o que resultou na nossa  <strong>&#8220;RSP Heavy Mining Roller&#8221;,<\/strong> que hoje compete com os melhores apostadores do mercado na \u00e1rea da Minera\u00e7\u00e3o e Tratamento \u00c1rido em geral.<\/p>\n<p style=\"text-align: justify;\">E posteriormente e como sempre colocando antes da qualidade dos componentes utilizados, Codimar entra no <strong>campo de Fabrica\u00e7\u00e3o de Rolos de Manuten\u00e7\u00e3o de<\/strong> todos os tipos de caracter\u00edsticas; met\u00e1lico, alimentado, livre&#8230;<\/p>\n<p style=\"text-align: justify;\">Com o tempo Codimar continua a crescer e tamb\u00e9m engloba o fabrico de m\u00e1quinas para levantar e transportar produtos, primeiro muito simples, para terminar mais complexo<\/p>\n<\/div><\/div><\/div><\/div><\/div><div class=\"vc_col-sm-6 wpb_column vc_column_container\"><div class=\"vc_column-inner\"><div class=\"wpb_wrapper\"><div class=\"w-video align_none ratio_16x9 has_iframe\"><div class=\"w-video-h\"><iframe title=\"Youtube video player\" src=\"\/\/www.youtube.com\/embed\/K7W450oqkT8?autoplay=0&controls=1&origin=https:\/\/www.rodilloscodimar.com\/pt-pt\/&loop=0&mute=0\" allowfullscreen=\"1\" loading=\"lazy\"><\/iframe><\/div><\/div><\/div><\/div><\/div><\/div><\/div><\/div><\/div><\/div><\/div><\/section><section class=\"l-section wpb_row height_small\"><div class=\"l-section-h i-cf\"><div class=\"g-cols vc_row via_flex valign_top type_default stacking_default\"><div class=\"vc_col-sm-12 wpb_column vc_column_container\"><div class=\"vc_column-inner\"><div class=\"wpb_wrapper\"><div class=\"wpb_text_column\"><div class=\"wpb_wrapper\"><h2 style=\"text-align: right;\">Hoje<\/h2>\n<\/div><\/div><div class=\"g-cols wpb_row via_flex valign_top type_default stacking_default\"><div class=\"vc_col-sm-6 wpb_column vc_column_container\"><div class=\"vc_column-inner\"><div class=\"wpb_wrapper\"><div class=\"w-video align_none ratio_16x9 has_iframe\"><div class=\"w-video-h\"><iframe title=\"Youtube video player\" src=\"\/\/www.youtube.com\/embed\/Qp04jmdrgtc?autoplay=0&controls=1&origin=https:\/\/www.rodilloscodimar.com\/pt-pt\/&loop=0&mute=0\" allowfullscreen=\"1\" loading=\"lazy\"><\/iframe><\/div><\/div><\/div><\/div><\/div><div class=\"vc_col-sm-6 wpb_column vc_column_container\"><div class=\"vc_column-inner\"><div class=\"wpb_wrapper\"><div class=\"wpb_text_column\"><div class=\"wpb_wrapper\"><p style=\"text-align: justify;\">Hoje, a Codimar, rodeada por uma grande equipa de profissionais e protegida por um sistema de qualidade certificado internacionalmente pela BV, tornou-se uma empresa com vasta experi\u00eancia na \u00e1rea de <strong>Fabrico de Rolos para Manuten\u00e7\u00e3o,<\/strong> bem como qualquer tipo de <strong>M\u00e1quina para levantar, transportar e armazenar<\/strong> qualquer produto.<\/p>\n<p style=\"text-align: justify;\">Transportadores de rolos de gravidade, transportadores de rolos acionados ou de cinto, reboques de rolos, empilhadores de paletes e dispensadores e qualquer tipo de m\u00e1quina; seja a partir dos seus planos ou desenhado por n\u00f3s no nosso Gabinete T\u00e9cnico.<\/p>\n<p style=\"text-align: justify;\">Por tudo isto, a Codimar quer e pode, com a sua permiss\u00e3o, ser um parceiro verdadeiramente confi\u00e1vel para si e para os seus investimentos.<\/p>\n<\/div><\/div><\/div><\/div><\/div><\/div><\/div><\/div><\/div><\/div><\/div><\/section><section class=\"l-section wpb_row height_small\"><div class=\"l-section-h i-cf\"><div class=\"g-cols vc_row via_flex valign_top type_default stacking_default\"><div class=\"vc_col-sm-12 wpb_column vc_column_container\"><div class=\"vc_column-inner\"><div class=\"wpb_wrapper\"><div class=\"wpb_text_column\"><div class=\"wpb_wrapper\"><h2 style=\"text-align: left;\">Os nossos valores<\/h2>\n<\/div><\/div><div class=\"g-cols wpb_row via_flex valign_top type_default stacking_default\"><div class=\"vc_col-sm-6 wpb_column vc_column_container\"><div class=\"vc_column-inner\"><div class=\"wpb_wrapper\"><div class=\"wpb_text_column\"><div class=\"wpb_wrapper\"><p style=\"text-align: justify;\">Experi\u00eancia no setor, certifica\u00e7\u00f5es de qualidade, variedade nos nossos produtos, presen\u00e7a nos mercados internacionais&#8230;<\/p>\n<\/div><\/div><\/div><\/div><\/div><div class=\"vc_col-sm-6 wpb_column vc_column_container\"><div class=\"vc_column-inner\"><div class=\"wpb_wrapper\"><div class=\"w-video align_none ratio_16x9 has_iframe\"><div class=\"w-video-h\"><iframe title=\"Youtube video player\" src=\"\/\/www.youtube.com\/embed\/LRILwWhQuPk?autoplay=0&controls=1&origin=https:\/\/www.rodilloscodimar.com\/pt-pt\/&loop=0&mute=0\" allowfullscreen=\"1\" loading=\"lazy\"><\/iframe><\/div><\/div><\/div><\/div><\/div><\/div><\/div><\/div><\/div><\/div><\/div><\/section><section class=\"l-section wpb_row height_small\"><div class=\"l-section-h i-cf\"><div class=\"g-cols vc_row via_flex valign_top type_default stacking_default\"><div class=\"vc_col-sm-3 wpb_column vc_column_container\"><div class=\"vc_column-inner\"><div class=\"wpb_wrapper\"><div class=\"w-iconbox iconpos_top style_default color_primary align_center no_text no_title\"><div class=\"w-iconbox-icon\" style=\"font-size:50px;\"><i class=\"fas fa-cogs\"><\/i><\/div><div class=\"w-iconbox-meta\"><\/div><\/div><div class=\"wpb_text_column\"><div class=\"wpb_wrapper\"><h4 style=\"text-align: center;\">Experi\u00eancia<\/h4>\n<p style=\"text-align: justify;\">Com mais de 25 anos de experi\u00eancia profissional e presen\u00e7a no mercado internacional, a Codimar \u00e9 uma marca registada desde <strong>1995.<\/strong><\/p>\n<\/div><\/div><\/div><\/div><\/div><div class=\"vc_col-sm-3 wpb_column vc_column_container\"><div class=\"vc_column-inner\"><div class=\"wpb_wrapper\"><div class=\"w-iconbox iconpos_top style_default color_primary align_center no_text no_title\"><div class=\"w-iconbox-icon\" style=\"font-size:50px;\"><i class=\"fas fa-check\"><\/i><\/div><div class=\"w-iconbox-meta\"><\/div><\/div><div class=\"wpb_text_column\"><div class=\"wpb_wrapper\"><h4 style=\"text-align: center;\">Qualidade<\/h4>\n<p style=\"text-align: justify;\">Temos a <a href=\"\/wp-content\/uploads\/2021\/03\/ES117710ENACS-desde-2021-Rodillos-Codimar.pdf\" target=\"_blank\" rel=\"noopener\">Certifica\u00e7\u00e3o &#8220;Norma ISO 9001:2015&#8221;<\/a> adaptada \u00e0 <strong>ISO 9001.<\/strong><\/p>\n<\/div><\/div><\/div><\/div><\/div><div class=\"vc_col-sm-3 wpb_column vc_column_container\"><div class=\"vc_column-inner\"><div class=\"wpb_wrapper\"><div class=\"w-iconbox iconpos_top style_default color_primary align_center no_text no_title\"><div class=\"w-iconbox-icon\" style=\"font-size:50px;\"><i class=\"fas fa-database\"><\/i><\/div><div class=\"w-iconbox-meta\"><\/div><\/div><div class=\"wpb_text_column\"><div class=\"wpb_wrapper\"><h4 style=\"text-align: center;\">Variedade<\/h4>\n<p style=\"text-align: justify;\">Fabrico de <strong>Rolos para Minera\u00e7\u00e3o e Manuten\u00e7\u00e3o, bem como<\/strong> qualquer tipo de M\u00e1quina de <strong>Eleva\u00e7\u00e3o, Transporte e Armazenamento.<\/strong><\/p>\n<\/div><\/div><\/div><\/div><\/div><div class=\"vc_col-sm-3 wpb_column vc_column_container\"><div class=\"vc_column-inner\"><div class=\"wpb_wrapper\"><div class=\"w-iconbox iconpos_top style_default color_primary align_center no_text no_title\"><div class=\"w-iconbox-icon\" style=\"font-size:50px;\"><i class=\"fas fa-globe-europe\"><\/i><\/div><div class=\"w-iconbox-meta\"><\/div><\/div><div class=\"wpb_text_column\"><div class=\"wpb_wrapper\"><h4 style=\"text-align: center;\">Internacional<\/h4>\n<p style=\"text-align: justify;\">Codimar tem presen\u00e7a em pa\u00edses <strong>da Europa, Am\u00e9rica Central, Am\u00e9rica do Sul, Norte de \u00c1frica e M\u00e9dio Oriente.<\/strong><\/p>\n<\/div><\/div><\/div><\/div><\/div><\/div><\/div><\/section>\n","protected":false},"excerpt":{"rendered":"Codimar \u00e9 &#8216;Marca&#8217; desde 1995 Hist\u00f3ria da Nossa Empresa Extensa carreira profissional como fabricantes de rolos, m\u00e1quinas e equipamentos de transporte na ind\u00fastria de manuten\u00e7\u00e3o e minera\u00e7\u00e3o [vc_wp_text][\/vc_wp_text]Primeiros passos [vc_wp_text][\/vc_wp_text]Codimar S.L. nasceu como uma empresa no sector dos servi\u00e7os tanto para as obras mineiras como para as obras p\u00fablicas, a agricultura e a ind\u00fastria em...","protected":false},"author":1,"featured_media":0,"parent":0,"menu_order":0,"comment_status":"closed","ping_status":"closed","template":"","meta":{"_joinchat":[],"footnotes":""},"class_list":["post-4420","page","type-page","status-publish","hentry"],"yoast_head":"<!-- This site is optimized with the Yoast SEO plugin v27.2 - https:\/\/yoast.com\/product\/yoast-seo-wordpress\/ -->\n<title>A nossa Empresa, &#039;Marca registada&#039; desde 1995 - Rodillos Codimar S.L<\/title>\n<meta name=\"description\" content=\"A nossa empresa tem anos de tradi\u00e7\u00e3o no fabrico de rolos e transportadores. Somos tamb\u00e9m uma marca registada desde 1955.\" \/>\n<meta name=\"robots\" content=\"index, follow, max-snippet:-1, max-image-preview:large, max-video-preview:-1\" \/>\n<link rel=\"canonical\" href=\"https:\/\/www.rodilloscodimar.com\/pt-pt\/empresa\/\" \/>\n<meta property=\"og:locale\" content=\"pt_PT\" \/>\n<meta property=\"og:type\" content=\"article\" \/>\n<meta property=\"og:title\" content=\"A nossa Empresa, &#039;Marca registada&#039; desde 1995 - Rodillos Codimar S.L\" \/>\n<meta property=\"og:description\" content=\"A nossa empresa tem anos de tradi\u00e7\u00e3o no fabrico de rolos e transportadores. Somos tamb\u00e9m uma marca registada desde 1955.\" \/>\n<meta property=\"og:url\" content=\"https:\/\/www.rodilloscodimar.com\/pt-pt\/empresa\/\" \/>\n<meta property=\"og:site_name\" content=\"CODIMAR\" \/>\n<meta property=\"article:modified_time\" content=\"2021-06-18T10:50:24+00:00\" \/>\n<meta name=\"twitter:card\" content=\"summary_large_image\" \/>\n<meta name=\"twitter:label1\" content=\"Tempo estimado de leitura\" \/>\n\t<meta name=\"twitter:data1\" content=\"4 minutos\" \/>\n<script type=\"application\/ld+json\" class=\"yoast-schema-graph\">{\"@context\":\"https:\/\/schema.org\",\"@graph\":[{\"@type\":\"WebPage\",\"@id\":\"https:\/\/www.rodilloscodimar.com\/pt-pt\/empresa\/\",\"url\":\"https:\/\/www.rodilloscodimar.com\/pt-pt\/empresa\/\",\"name\":\"A nossa Empresa, 'Marca registada' desde 1995 - Rodillos Codimar S.L\",\"isPartOf\":{\"@id\":\"https:\/\/www.rodilloscodimar.com\/pt-pt\/#website\"},\"datePublished\":\"2020-12-15T08:01:52+00:00\",\"dateModified\":\"2021-06-18T10:50:24+00:00\",\"description\":\"A nossa empresa tem anos de tradi\u00e7\u00e3o no fabrico de rolos e transportadores. Somos tamb\u00e9m uma marca registada desde 1955.\",\"breadcrumb\":{\"@id\":\"https:\/\/www.rodilloscodimar.com\/pt-pt\/empresa\/#breadcrumb\"},\"inLanguage\":\"pt-PT\",\"potentialAction\":[{\"@type\":\"ReadAction\",\"target\":[\"https:\/\/www.rodilloscodimar.com\/pt-pt\/empresa\/\"]}]},{\"@type\":\"BreadcrumbList\",\"@id\":\"https:\/\/www.rodilloscodimar.com\/pt-pt\/empresa\/#breadcrumb\",\"itemListElement\":[{\"@type\":\"ListItem\",\"position\":1,\"name\":\"Portada\",\"item\":\"https:\/\/www.rodilloscodimar.com\/pt-pt\/\"},{\"@type\":\"ListItem\",\"position\":2,\"name\":\"Empresa\"}]},{\"@type\":\"WebSite\",\"@id\":\"https:\/\/www.rodilloscodimar.com\/pt-pt\/#website\",\"url\":\"https:\/\/www.rodilloscodimar.com\/pt-pt\/\",\"name\":\"CODIMAR\",\"description\":\"Frabricante de Componentes , Rodillos, Estaciones y M\u00e1quinas.\",\"publisher\":{\"@id\":\"https:\/\/www.rodilloscodimar.com\/pt-pt\/#organization\"},\"potentialAction\":[{\"@type\":\"SearchAction\",\"target\":{\"@type\":\"EntryPoint\",\"urlTemplate\":\"https:\/\/www.rodilloscodimar.com\/pt-pt\/?s={search_term_string}\"},\"query-input\":{\"@type\":\"PropertyValueSpecification\",\"valueRequired\":true,\"valueName\":\"search_term_string\"}}],\"inLanguage\":\"pt-PT\"},{\"@type\":\"Organization\",\"@id\":\"https:\/\/www.rodilloscodimar.com\/pt-pt\/#organization\",\"name\":\"Rodillos Codimar\",\"url\":\"https:\/\/www.rodilloscodimar.com\/pt-pt\/\",\"logo\":{\"@type\":\"ImageObject\",\"inLanguage\":\"pt-PT\",\"@id\":\"https:\/\/www.rodilloscodimar.com\/pt-pt\/#\/schema\/logo\/image\/\",\"url\":\"https:\/\/www.rodilloscodimar.com\/wp-content\/uploads\/2020\/01\/logo-email.jpg\",\"contentUrl\":\"https:\/\/www.rodilloscodimar.com\/wp-content\/uploads\/2020\/01\/logo-email.jpg\",\"width\":300,\"height\":299,\"caption\":\"Rodillos Codimar\"},\"image\":{\"@id\":\"https:\/\/www.rodilloscodimar.com\/pt-pt\/#\/schema\/logo\/image\/\"}}]}<\/script>\n<!-- \/ Yoast SEO plugin. -->","yoast_head_json":{"title":"A nossa Empresa, 'Marca registada' desde 1995 - Rodillos Codimar S.L","description":"A nossa empresa tem anos de tradi\u00e7\u00e3o no fabrico de rolos e transportadores. Somos tamb\u00e9m uma marca registada desde 1955.","robots":{"index":"index","follow":"follow","max-snippet":"max-snippet:-1","max-image-preview":"max-image-preview:large","max-video-preview":"max-video-preview:-1"},"canonical":"https:\/\/www.rodilloscodimar.com\/pt-pt\/empresa\/","og_locale":"pt_PT","og_type":"article","og_title":"A nossa Empresa, 'Marca registada' desde 1995 - Rodillos Codimar S.L","og_description":"A nossa empresa tem anos de tradi\u00e7\u00e3o no fabrico de rolos e transportadores. Somos tamb\u00e9m uma marca registada desde 1955.","og_url":"https:\/\/www.rodilloscodimar.com\/pt-pt\/empresa\/","og_site_name":"CODIMAR","article_modified_time":"2021-06-18T10:50:24+00:00","twitter_card":"summary_large_image","twitter_misc":{"Tempo estimado de leitura":"4 minutos"},"schema":{"@context":"https:\/\/schema.org","@graph":[{"@type":"WebPage","@id":"https:\/\/www.rodilloscodimar.com\/pt-pt\/empresa\/","url":"https:\/\/www.rodilloscodimar.com\/pt-pt\/empresa\/","name":"A nossa Empresa, 'Marca registada' desde 1995 - Rodillos Codimar S.L","isPartOf":{"@id":"https:\/\/www.rodilloscodimar.com\/pt-pt\/#website"},"datePublished":"2020-12-15T08:01:52+00:00","dateModified":"2021-06-18T10:50:24+00:00","description":"A nossa empresa tem anos de tradi\u00e7\u00e3o no fabrico de rolos e transportadores. Somos tamb\u00e9m uma marca registada desde 1955.","breadcrumb":{"@id":"https:\/\/www.rodilloscodimar.com\/pt-pt\/empresa\/#breadcrumb"},"inLanguage":"pt-PT","potentialAction":[{"@type":"ReadAction","target":["https:\/\/www.rodilloscodimar.com\/pt-pt\/empresa\/"]}]},{"@type":"BreadcrumbList","@id":"https:\/\/www.rodilloscodimar.com\/pt-pt\/empresa\/#breadcrumb","itemListElement":[{"@type":"ListItem","position":1,"name":"Portada","item":"https:\/\/www.rodilloscodimar.com\/pt-pt\/"},{"@type":"ListItem","position":2,"name":"Empresa"}]},{"@type":"WebSite","@id":"https:\/\/www.rodilloscodimar.com\/pt-pt\/#website","url":"https:\/\/www.rodilloscodimar.com\/pt-pt\/","name":"CODIMAR","description":"Frabricante de Componentes , Rodillos, Estaciones y M\u00e1quinas.","publisher":{"@id":"https:\/\/www.rodilloscodimar.com\/pt-pt\/#organization"},"potentialAction":[{"@type":"SearchAction","target":{"@type":"EntryPoint","urlTemplate":"https:\/\/www.rodilloscodimar.com\/pt-pt\/?s={search_term_string}"},"query-input":{"@type":"PropertyValueSpecification","valueRequired":true,"valueName":"search_term_string"}}],"inLanguage":"pt-PT"},{"@type":"Organization","@id":"https:\/\/www.rodilloscodimar.com\/pt-pt\/#organization","name":"Rodillos Codimar","url":"https:\/\/www.rodilloscodimar.com\/pt-pt\/","logo":{"@type":"ImageObject","inLanguage":"pt-PT","@id":"https:\/\/www.rodilloscodimar.com\/pt-pt\/#\/schema\/logo\/image\/","url":"https:\/\/www.rodilloscodimar.com\/wp-content\/uploads\/2020\/01\/logo-email.jpg","contentUrl":"https:\/\/www.rodilloscodimar.com\/wp-content\/uploads\/2020\/01\/logo-email.jpg","width":300,"height":299,"caption":"Rodillos Codimar"},"image":{"@id":"https:\/\/www.rodilloscodimar.com\/pt-pt\/#\/schema\/logo\/image\/"}}]}},"_links":{"self":[{"href":"https:\/\/www.rodilloscodimar.com\/pt-pt\/wp-json\/wp\/v2\/pages\/4420","targetHints":{"allow":["GET"]}}],"collection":[{"href":"https:\/\/www.rodilloscodimar.com\/pt-pt\/wp-json\/wp\/v2\/pages"}],"about":[{"href":"https:\/\/www.rodilloscodimar.com\/pt-pt\/wp-json\/wp\/v2\/types\/page"}],"author":[{"embeddable":true,"href":"https:\/\/www.rodilloscodimar.com\/pt-pt\/wp-json\/wp\/v2\/users\/1"}],"replies":[{"embeddable":true,"href":"https:\/\/www.rodilloscodimar.com\/pt-pt\/wp-json\/wp\/v2\/comments?post=4420"}],"version-history":[{"count":8,"href":"https:\/\/www.rodilloscodimar.com\/pt-pt\/wp-json\/wp\/v2\/pages\/4420\/revisions"}],"predecessor-version":[{"id":9476,"href":"https:\/\/www.rodilloscodimar.com\/pt-pt\/wp-json\/wp\/v2\/pages\/4420\/revisions\/9476"}],"wp:attachment":[{"href":"https:\/\/www.rodilloscodimar.com\/pt-pt\/wp-json\/wp\/v2\/media?parent=4420"}],"curies":[{"name":"wp","href":"https:\/\/api.w.org\/{rel}","templated":true}]}}