{"id":9065,"date":"2021-05-27T14:06:55","date_gmt":"2021-05-27T12:06:55","guid":{"rendered":"https:\/\/www.rodilloscodimar.com\/producto\/tambours-en-cage\/"},"modified":"2021-05-27T14:06:56","modified_gmt":"2021-05-27T12:06:56","slug":"tambours-en-cage","status":"publish","type":"product","link":"https:\/\/www.rodilloscodimar.com\/fr\/produit\/tambours-en-cage\/","title":{"rendered":"Tambours en cage"},"content":{"rendered":"<section class=\"l-section wpb_row height_small\"><div class=\"l-section-h i-cf\"><div class=\"g-cols vc_row via_flex valign_top type_default stacking_default\"><div class=\"vc_col-sm-12 wpb_column vc_column_container\"><div class=\"vc_column-inner\"><div class=\"wpb_wrapper\"><div class=\"wpb_text_column\"><div class=\"wpb_wrapper\"><h3>Tambour d&rsquo;entra\u00eenement de cage<\/h3>\n<ul>\n<li style=\"text-align: justify;\">Tambour d&rsquo;entra\u00eenement \u00e0 cage indiqu\u00e9 pour l&rsquo;agriculture et les travaux plus l\u00e9gers, mais avec un degr\u00e9 \u00e9lev\u00e9 de salet\u00e9 au retour de la courroie<\/li>\n<li style=\"text-align: justify;\">La cage d&rsquo;\u00e9cureuil en plaques ou en \u00ab\u00a0 U \u00a0\u00bb invers\u00e9, emp\u00eache le produit, qu&rsquo;il s&rsquo;agisse de noyaux de fruits, de gravier ou autres, d&rsquo;\u00eatre \u00e9cras\u00e9 entre la paroi du tube du tambour et le couvercle inf\u00e9rieur de la bande transporteuse<\/li>\n<li style=\"text-align: justify;\">Construit avec des plaques d&rsquo;\u00e9paisseurs diff\u00e9rentes, en \u00abU\u00bb invers\u00e9 ou m\u00eame avec des tubes ronds; qui forment une cage dans laquelle le produit qui revient contre le tambour au retour de la courroie, p\u00e9n\u00e8tre et sort facilement, emp\u00eachant une \u00e9ventuelle rupture du rev\u00eatement de la courroie et \/ ou un d\u00e9rapage de celle-ci<\/li>\n<\/ul>\n<p style=\"text-align: justify;\">Tambours reposant sur des plaques ou des jantes pleines, en \u00abU\u00bb invers\u00e9, des tubes pleins ronds ou m\u00eame ronds soud\u00e9s sur les disques de support fix\u00e9s \u00e0 l&rsquo;axe central, qui composent ce qu&rsquo;on appelle la \u00abcage d&rsquo;\u00e9cureuil\u00bb.<\/p>\n<\/div><\/div><\/div><\/div><\/div><\/div><\/div><\/section><section class=\"l-section wpb_row height_small\"><div class=\"l-section-h i-cf\"><div class=\"g-cols vc_row via_flex valign_top type_default stacking_default\"><div class=\"vc_col-sm-12 wpb_column vc_column_container\"><div class=\"vc_column-inner\"><div class=\"wpb_wrapper\"><div class=\"wpb_text_column\"><div class=\"wpb_wrapper\"><h3>Tambour tendeur de cage<\/h3>\n<ul>\n<li style=\"text-align: justify;\">Le tambour de tension de cage est principalement utilis\u00e9 pour les travaux l\u00e9gers et l&rsquo;agriculture<\/li>\n<li style=\"text-align: justify;\">La cage d&rsquo;\u00e9cureuil en plaques ou en \u00ab\u00a0 U \u00a0\u00bb invers\u00e9, emp\u00eache le produit d&rsquo;\u00eatre \u00e9cras\u00e9 entre la paroi du tube du tambour et le couvercle inf\u00e9rieur de la bande transporteuse<\/li>\n<li style=\"text-align: justify;\">Construit avec des plaques d&rsquo;\u00e9paisseurs diff\u00e9rentes, en \u00abU\u00bb invers\u00e9 ou m\u00eame avec des tubes ronds; qui forment une cage dans laquelle le produit qui revient contre le tambour au retour de la courroie, p\u00e9n\u00e8tre et sort facilement, emp\u00eachant une \u00e9ventuelle rupture du rev\u00eatement de la courroie.<\/li>\n<\/ul>\n<p style=\"text-align: justify;\">Tambours reposant sur des plaques ou des jantes pleines, en \u00abU\u00bb invers\u00e9, des tubes pleins ronds ou m\u00eame ronds soud\u00e9s sur les disques de support fix\u00e9s \u00e0 l&rsquo;axe central, qui composent ce qu&rsquo;on appelle la \u00abcage d&rsquo;\u00e9cureuil\u00bb.<\/p>\n<\/div><\/div><\/div><\/div><\/div><\/div><\/div><\/section>\n","protected":false},"excerpt":{"rendered":"Tambour d&rsquo;entra\u00eenement de cage Tambour d&rsquo;entra\u00eenement \u00e0 cage indiqu\u00e9 pour l&rsquo;agriculture et les travaux plus l\u00e9gers, mais avec un degr\u00e9 \u00e9lev\u00e9 de salet\u00e9 au retour de la courroie La cage d&rsquo;\u00e9cureuil en plaques ou en \u00ab\u00a0 U \u00a0\u00bb invers\u00e9, emp\u00eache le produit, qu&rsquo;il s&rsquo;agisse de noyaux de fruits, de gravier ou autres, d&rsquo;\u00eatre \u00e9cras\u00e9 entre...","protected":false},"featured_media":1769,"template":"","meta":{"_joinchat":[]},"product_brand":[],"product_cat":[221],"product_tag":[],"class_list":{"0":"post-9065","1":"product","2":"type-product","3":"status-publish","4":"has-post-thumbnail","6":"product_cat-tambours","8":"first","9":"instock","10":"shipping-taxable","11":"product-type-simple"},"yoast_head":"<!-- This site is optimized with the Yoast SEO plugin v27.2 - https:\/\/yoast.com\/product\/yoast-seo-wordpress\/ -->\n<title>Tambours en cage | Tambours - Rouleaux Codimar SL<\/title>\n<meta name=\"description\" content=\"Tambours de cage: tambour d&#039;entra\u00eenement de cage et tambour de tendeur de cage. Bas\u00e9 sur des plaques ou des jantes solides, en \u00abU\u00bb invers\u00e9.\" \/>\n<meta name=\"robots\" content=\"index, follow, max-snippet:-1, max-image-preview:large, max-video-preview:-1\" \/>\n<link rel=\"canonical\" href=\"https:\/\/www.rodilloscodimar.com\/fr\/produit\/tambours-en-cage\/\" \/>\n<meta property=\"og:locale\" content=\"fr_FR\" \/>\n<meta property=\"og:type\" content=\"article\" \/>\n<meta property=\"og:title\" content=\"Tambours en cage | Tambours - Rouleaux Codimar SL\" \/>\n<meta property=\"og:description\" content=\"Tambours de cage: tambour d&#039;entra\u00eenement de cage et tambour de tendeur de cage. Bas\u00e9 sur des plaques ou des jantes solides, en \u00abU\u00bb invers\u00e9.\" \/>\n<meta property=\"og:url\" content=\"https:\/\/www.rodilloscodimar.com\/fr\/produit\/tambours-en-cage\/\" \/>\n<meta property=\"og:site_name\" content=\"CODIMAR\" \/>\n<meta property=\"article:modified_time\" content=\"2021-05-27T12:06:56+00:00\" \/>\n<meta property=\"og:image\" content=\"https:\/\/www.rodilloscodimar.com\/wp-content\/uploads\/2018\/10\/TAMBOR-JAULA-con-fondo-naacr.jpg\" \/>\n\t<meta property=\"og:image:width\" content=\"1440\" \/>\n\t<meta property=\"og:image:height\" content=\"1080\" \/>\n\t<meta property=\"og:image:type\" content=\"image\/jpeg\" \/>\n<meta name=\"twitter:card\" content=\"summary_large_image\" \/>\n<meta name=\"twitter:label1\" content=\"Dur\u00e9e de lecture estim\u00e9e\" \/>\n\t<meta name=\"twitter:data1\" content=\"2 minutes\" \/>\n<script type=\"application\/ld+json\" class=\"yoast-schema-graph\">{\"@context\":\"https:\/\/schema.org\",\"@graph\":[{\"@type\":\"WebPage\",\"@id\":\"https:\/\/www.rodilloscodimar.com\/fr\/produit\/tambours-en-cage\/\",\"url\":\"https:\/\/www.rodilloscodimar.com\/fr\/produit\/tambours-en-cage\/\",\"name\":\"Tambours en cage | Tambours - Rouleaux Codimar SL\",\"isPartOf\":{\"@id\":\"https:\/\/www.rodilloscodimar.com\/fr\/#website\"},\"primaryImageOfPage\":{\"@id\":\"https:\/\/www.rodilloscodimar.com\/fr\/produit\/tambours-en-cage\/#primaryimage\"},\"image\":{\"@id\":\"https:\/\/www.rodilloscodimar.com\/fr\/produit\/tambours-en-cage\/#primaryimage\"},\"thumbnailUrl\":\"https:\/\/www.rodilloscodimar.com\/wp-content\/uploads\/2018\/10\/TAMBOR-JAULA-con-fondo-naacr.jpg\",\"datePublished\":\"2021-05-27T12:06:55+00:00\",\"dateModified\":\"2021-05-27T12:06:56+00:00\",\"description\":\"Tambours de cage: tambour d'entra\u00eenement de cage et tambour de tendeur de cage. Bas\u00e9 sur des plaques ou des jantes solides, en \u00abU\u00bb invers\u00e9.\",\"breadcrumb\":{\"@id\":\"https:\/\/www.rodilloscodimar.com\/fr\/produit\/tambours-en-cage\/#breadcrumb\"},\"inLanguage\":\"fr-FR\",\"potentialAction\":[{\"@type\":\"ReadAction\",\"target\":[\"https:\/\/www.rodilloscodimar.com\/fr\/produit\/tambours-en-cage\/\"]}]},{\"@type\":\"ImageObject\",\"inLanguage\":\"fr-FR\",\"@id\":\"https:\/\/www.rodilloscodimar.com\/fr\/produit\/tambours-en-cage\/#primaryimage\",\"url\":\"https:\/\/www.rodilloscodimar.com\/wp-content\/uploads\/2018\/10\/TAMBOR-JAULA-con-fondo-naacr.jpg\",\"contentUrl\":\"https:\/\/www.rodilloscodimar.com\/wp-content\/uploads\/2018\/10\/TAMBOR-JAULA-con-fondo-naacr.jpg\",\"width\":1440,\"height\":1080,\"caption\":\"Tambour d'entra\u00eenement de cage\"},{\"@type\":\"BreadcrumbList\",\"@id\":\"https:\/\/www.rodilloscodimar.com\/fr\/produit\/tambours-en-cage\/#breadcrumb\",\"itemListElement\":[{\"@type\":\"ListItem\",\"position\":1,\"name\":\"Portada\",\"item\":\"https:\/\/www.rodilloscodimar.com\/fr\/\"},{\"@type\":\"ListItem\",\"position\":2,\"name\":\"Tienda\",\"item\":\"https:\/\/www.rodilloscodimar.com\/tienda\/\"},{\"@type\":\"ListItem\",\"position\":3,\"name\":\"Tambours en cage\"}]},{\"@type\":\"WebSite\",\"@id\":\"https:\/\/www.rodilloscodimar.com\/fr\/#website\",\"url\":\"https:\/\/www.rodilloscodimar.com\/fr\/\",\"name\":\"CODIMAR\",\"description\":\"Frabricante de Componentes , Rodillos, Estaciones y M\u00e1quinas.\",\"publisher\":{\"@id\":\"https:\/\/www.rodilloscodimar.com\/fr\/#organization\"},\"potentialAction\":[{\"@type\":\"SearchAction\",\"target\":{\"@type\":\"EntryPoint\",\"urlTemplate\":\"https:\/\/www.rodilloscodimar.com\/fr\/?s={search_term_string}\"},\"query-input\":{\"@type\":\"PropertyValueSpecification\",\"valueRequired\":true,\"valueName\":\"search_term_string\"}}],\"inLanguage\":\"fr-FR\"},{\"@type\":\"Organization\",\"@id\":\"https:\/\/www.rodilloscodimar.com\/fr\/#organization\",\"name\":\"Rodillos Codimar\",\"url\":\"https:\/\/www.rodilloscodimar.com\/fr\/\",\"logo\":{\"@type\":\"ImageObject\",\"inLanguage\":\"fr-FR\",\"@id\":\"https:\/\/www.rodilloscodimar.com\/fr\/#\/schema\/logo\/image\/\",\"url\":\"https:\/\/www.rodilloscodimar.com\/wp-content\/uploads\/2020\/01\/logo-email.jpg\",\"contentUrl\":\"https:\/\/www.rodilloscodimar.com\/wp-content\/uploads\/2020\/01\/logo-email.jpg\",\"width\":300,\"height\":299,\"caption\":\"Rodillos Codimar\"},\"image\":{\"@id\":\"https:\/\/www.rodilloscodimar.com\/fr\/#\/schema\/logo\/image\/\"}}]}<\/script>\n<!-- \/ Yoast SEO plugin. -->","yoast_head_json":{"title":"Tambours en cage | Tambours - Rouleaux Codimar SL","description":"Tambours de cage: tambour d'entra\u00eenement de cage et tambour de tendeur de cage. Bas\u00e9 sur des plaques ou des jantes solides, en \u00abU\u00bb invers\u00e9.","robots":{"index":"index","follow":"follow","max-snippet":"max-snippet:-1","max-image-preview":"max-image-preview:large","max-video-preview":"max-video-preview:-1"},"canonical":"https:\/\/www.rodilloscodimar.com\/fr\/produit\/tambours-en-cage\/","og_locale":"fr_FR","og_type":"article","og_title":"Tambours en cage | Tambours - Rouleaux Codimar SL","og_description":"Tambours de cage: tambour d'entra\u00eenement de cage et tambour de tendeur de cage. Bas\u00e9 sur des plaques ou des jantes solides, en \u00abU\u00bb invers\u00e9.","og_url":"https:\/\/www.rodilloscodimar.com\/fr\/produit\/tambours-en-cage\/","og_site_name":"CODIMAR","article_modified_time":"2021-05-27T12:06:56+00:00","og_image":[{"width":1440,"height":1080,"url":"https:\/\/www.rodilloscodimar.com\/wp-content\/uploads\/2018\/10\/TAMBOR-JAULA-con-fondo-naacr.jpg","type":"image\/jpeg"}],"twitter_card":"summary_large_image","twitter_misc":{"Dur\u00e9e de lecture estim\u00e9e":"2 minutes"},"schema":{"@context":"https:\/\/schema.org","@graph":[{"@type":"WebPage","@id":"https:\/\/www.rodilloscodimar.com\/fr\/produit\/tambours-en-cage\/","url":"https:\/\/www.rodilloscodimar.com\/fr\/produit\/tambours-en-cage\/","name":"Tambours en cage | Tambours - Rouleaux Codimar SL","isPartOf":{"@id":"https:\/\/www.rodilloscodimar.com\/fr\/#website"},"primaryImageOfPage":{"@id":"https:\/\/www.rodilloscodimar.com\/fr\/produit\/tambours-en-cage\/#primaryimage"},"image":{"@id":"https:\/\/www.rodilloscodimar.com\/fr\/produit\/tambours-en-cage\/#primaryimage"},"thumbnailUrl":"https:\/\/www.rodilloscodimar.com\/wp-content\/uploads\/2018\/10\/TAMBOR-JAULA-con-fondo-naacr.jpg","datePublished":"2021-05-27T12:06:55+00:00","dateModified":"2021-05-27T12:06:56+00:00","description":"Tambours de cage: tambour d'entra\u00eenement de cage et tambour de tendeur de cage. Bas\u00e9 sur des plaques ou des jantes solides, en \u00abU\u00bb invers\u00e9.","breadcrumb":{"@id":"https:\/\/www.rodilloscodimar.com\/fr\/produit\/tambours-en-cage\/#breadcrumb"},"inLanguage":"fr-FR","potentialAction":[{"@type":"ReadAction","target":["https:\/\/www.rodilloscodimar.com\/fr\/produit\/tambours-en-cage\/"]}]},{"@type":"ImageObject","inLanguage":"fr-FR","@id":"https:\/\/www.rodilloscodimar.com\/fr\/produit\/tambours-en-cage\/#primaryimage","url":"https:\/\/www.rodilloscodimar.com\/wp-content\/uploads\/2018\/10\/TAMBOR-JAULA-con-fondo-naacr.jpg","contentUrl":"https:\/\/www.rodilloscodimar.com\/wp-content\/uploads\/2018\/10\/TAMBOR-JAULA-con-fondo-naacr.jpg","width":1440,"height":1080,"caption":"Tambour d'entra\u00eenement de cage"},{"@type":"BreadcrumbList","@id":"https:\/\/www.rodilloscodimar.com\/fr\/produit\/tambours-en-cage\/#breadcrumb","itemListElement":[{"@type":"ListItem","position":1,"name":"Portada","item":"https:\/\/www.rodilloscodimar.com\/fr\/"},{"@type":"ListItem","position":2,"name":"Tienda","item":"https:\/\/www.rodilloscodimar.com\/tienda\/"},{"@type":"ListItem","position":3,"name":"Tambours en cage"}]},{"@type":"WebSite","@id":"https:\/\/www.rodilloscodimar.com\/fr\/#website","url":"https:\/\/www.rodilloscodimar.com\/fr\/","name":"CODIMAR","description":"Frabricante de Componentes , Rodillos, Estaciones y M\u00e1quinas.","publisher":{"@id":"https:\/\/www.rodilloscodimar.com\/fr\/#organization"},"potentialAction":[{"@type":"SearchAction","target":{"@type":"EntryPoint","urlTemplate":"https:\/\/www.rodilloscodimar.com\/fr\/?s={search_term_string}"},"query-input":{"@type":"PropertyValueSpecification","valueRequired":true,"valueName":"search_term_string"}}],"inLanguage":"fr-FR"},{"@type":"Organization","@id":"https:\/\/www.rodilloscodimar.com\/fr\/#organization","name":"Rodillos Codimar","url":"https:\/\/www.rodilloscodimar.com\/fr\/","logo":{"@type":"ImageObject","inLanguage":"fr-FR","@id":"https:\/\/www.rodilloscodimar.com\/fr\/#\/schema\/logo\/image\/","url":"https:\/\/www.rodilloscodimar.com\/wp-content\/uploads\/2020\/01\/logo-email.jpg","contentUrl":"https:\/\/www.rodilloscodimar.com\/wp-content\/uploads\/2020\/01\/logo-email.jpg","width":300,"height":299,"caption":"Rodillos Codimar"},"image":{"@id":"https:\/\/www.rodilloscodimar.com\/fr\/#\/schema\/logo\/image\/"}}]}},"_links":{"self":[{"href":"https:\/\/www.rodilloscodimar.com\/fr\/wp-json\/wp\/v2\/product\/9065","targetHints":{"allow":["GET"]}}],"collection":[{"href":"https:\/\/www.rodilloscodimar.com\/fr\/wp-json\/wp\/v2\/product"}],"about":[{"href":"https:\/\/www.rodilloscodimar.com\/fr\/wp-json\/wp\/v2\/types\/product"}],"wp:featuredmedia":[{"embeddable":true,"href":"https:\/\/www.rodilloscodimar.com\/fr\/wp-json\/wp\/v2\/media\/1769"}],"wp:attachment":[{"href":"https:\/\/www.rodilloscodimar.com\/fr\/wp-json\/wp\/v2\/media?parent=9065"}],"wp:term":[{"taxonomy":"product_brand","embeddable":true,"href":"https:\/\/www.rodilloscodimar.com\/fr\/wp-json\/wp\/v2\/product_brand?post=9065"},{"taxonomy":"product_cat","embeddable":true,"href":"https:\/\/www.rodilloscodimar.com\/fr\/wp-json\/wp\/v2\/product_cat?post=9065"},{"taxonomy":"product_tag","embeddable":true,"href":"https:\/\/www.rodilloscodimar.com\/fr\/wp-json\/wp\/v2\/product_tag?post=9065"}],"curies":[{"name":"wp","href":"https:\/\/api.w.org\/{rel}","templated":true}]}}