{"id":9064,"date":"2021-05-27T14:05:25","date_gmt":"2021-05-27T12:05:25","guid":{"rendered":"https:\/\/www.rodilloscodimar.com\/producto\/tambours-lisses\/"},"modified":"2021-05-27T14:05:25","modified_gmt":"2021-05-27T12:05:25","slug":"tambours-lisses","status":"publish","type":"product","link":"https:\/\/www.rodilloscodimar.com\/fr\/produit\/tambours-lisses\/","title":{"rendered":"Tambours lisses"},"content":{"rendered":"<section class=\"l-section wpb_row height_small\"><div class=\"l-section-h i-cf\"><div class=\"g-cols vc_row via_flex valign_top type_default stacking_default\"><div class=\"vc_col-sm-12 wpb_column vc_column_container\"><div class=\"vc_column-inner\"><div class=\"wpb_wrapper\"><div class=\"wpb_text_column\"><div class=\"wpb_wrapper\"><h3>Tambour d&rsquo;entra\u00eenement lisse<\/h3>\n<ul>\n<li style=\"text-align: justify;\">Tambour moteur lisse ou tendeur avec finition usin\u00e9e, molet\u00e9 ou \u00e0 la demande; calibr\u00e9 dynamiquement<\/li>\n<li style=\"text-align: justify;\">Possibilit\u00e9s de tubes \u00e0 partir de diam\u00e8tres D160mm. jusqu&rsquo;\u00e0 D600mm. et des arbres calibr\u00e9s jusqu&rsquo;\u00e0 D250mm.<\/li>\n<li style=\"text-align: justify;\">Grandes possibilit\u00e9s de fabrication de diam\u00e8tres, \u00e0 la fois tube et arbre<\/li>\n<li style=\"text-align: justify;\">Arbres bas\u00e9s sur ST52 usin\u00e9s roul\u00e9s ronds ou ronds calibr\u00e9s en F-111, F-114 ou aciers sp\u00e9ciaux sur demande<\/li>\n<li style=\"text-align: justify;\">Tubes sans soudure ou barres perfor\u00e9es ST52 de diff\u00e9rents diam\u00e8tres et \u00e9paisseurs selon les besoins<\/li>\n<li style=\"text-align: justify;\">Disques lat\u00e9raux et int\u00e9rieurs en t\u00f4le de diff\u00e9rentes \u00e9paisseurs en fonction des charges et des longueurs de tube, \u00e9lectrosoud\u00e9s \u00e0 l&rsquo;arbre<\/li>\n<li style=\"text-align: justify;\">Fini en acier naturel, zingu\u00e9 ou sur demande peint avec le RAL souhait\u00e9<\/li>\n<\/ul>\n<p>Le tambour d&rsquo;entra\u00eenement lisse est situ\u00e9 dans les tambours d&rsquo;entra\u00eenement, de retour ou de compteur.<\/p>\n<\/div><\/div><\/div><\/div><\/div><\/div><\/div><\/section><section class=\"l-section wpb_row height_small\"><div class=\"l-section-h i-cf\"><div class=\"g-cols vc_row via_flex valign_top type_default stacking_default\"><div class=\"vc_col-sm-12 wpb_column vc_column_container\"><div class=\"vc_column-inner\"><div class=\"wpb_wrapper\"><div class=\"wpb_text_column\"><div class=\"wpb_wrapper\"><h3>Tambour de tension lisse<\/h3>\n<ul>\n<li style=\"text-align: justify;\">Finition usin\u00e9e, molet\u00e9e ou \u00e0 la demande; calibr\u00e9 dynamiquement<\/li>\n<li style=\"text-align: justify;\">Grandes possibilit\u00e9s de fabrication de diam\u00e8tres, \u00e0 la fois tube et arbre<\/li>\n<li style=\"text-align: justify;\">Fini en acier naturel, zingu\u00e9 ou sur demande peint avec le RAL souhait\u00e9<\/li>\n<li style=\"text-align: justify;\">Possibilit\u00e9s de tubes de diam\u00e8tres D160mm \u00e0 D600mm et d&rsquo;arbres calibr\u00e9s jusqu&rsquo;\u00e0 D250mm<\/li>\n<li style=\"text-align: justify;\">Tubes sans soudure ou barres perfor\u00e9es ST52 de diff\u00e9rents diam\u00e8tres et \u00e9paisseurs<\/li>\n<li style=\"text-align: justify;\">Disques lat\u00e9raux et int\u00e9rieurs en t\u00f4le de diff\u00e9rentes \u00e9paisseurs en fonction des charges et des longueurs de tube, \u00e9lectrosoud\u00e9s \u00e0 l&rsquo;arbre<\/li>\n<\/ul>\n<p>Tambour de tension lisse avec arbres de base cylindriques lamin\u00e9s usin\u00e9s ST52 ou ronds calibr\u00e9s en F-111, F-114 ou aciers sp\u00e9ciaux sur demande<\/p>\n<\/div><\/div><\/div><\/div><\/div><\/div><\/div><\/section>\n","protected":false},"excerpt":{"rendered":"Tambour d&rsquo;entra\u00eenement lisse Tambour moteur lisse ou tendeur avec finition usin\u00e9e, molet\u00e9 ou \u00e0 la demande; calibr\u00e9 dynamiquement Possibilit\u00e9s de tubes \u00e0 partir de diam\u00e8tres D160mm. jusqu&rsquo;\u00e0 D600mm. et des arbres calibr\u00e9s jusqu&rsquo;\u00e0 D250mm. Grandes possibilit\u00e9s de fabrication de diam\u00e8tres, \u00e0 la fois tube et arbre Arbres bas\u00e9s sur ST52 usin\u00e9s roul\u00e9s ronds ou ronds...","protected":false},"featured_media":1778,"template":"","meta":{"_joinchat":[]},"product_brand":[],"product_cat":[221],"product_tag":[],"class_list":{"0":"post-9064","1":"product","2":"type-product","3":"status-publish","4":"has-post-thumbnail","6":"product_cat-tambours","8":"first","9":"instock","10":"shipping-taxable","11":"product-type-simple"},"yoast_head":"<!-- This site is optimized with the Yoast SEO plugin v27.2 - https:\/\/yoast.com\/product\/yoast-seo-wordpress\/ -->\n<title>Tambours lisses | Tambours - Rouleaux Codimar SL<\/title>\n<meta name=\"description\" content=\"Tambours lisses: tambour d&#039;entra\u00eenement lisse et tambour tendeur lisse.\" \/>\n<meta name=\"robots\" content=\"index, follow, max-snippet:-1, max-image-preview:large, max-video-preview:-1\" \/>\n<link rel=\"canonical\" href=\"https:\/\/www.rodilloscodimar.com\/fr\/produit\/tambours-lisses\/\" \/>\n<meta property=\"og:locale\" content=\"fr_FR\" \/>\n<meta property=\"og:type\" content=\"article\" \/>\n<meta property=\"og:title\" content=\"Tambours lisses | Tambours - Rouleaux Codimar SL\" \/>\n<meta property=\"og:description\" content=\"Tambours lisses: tambour d&#039;entra\u00eenement lisse et tambour tendeur lisse.\" \/>\n<meta property=\"og:url\" content=\"https:\/\/www.rodilloscodimar.com\/fr\/produit\/tambours-lisses\/\" \/>\n<meta property=\"og:site_name\" content=\"CODIMAR\" \/>\n<meta property=\"og:image\" content=\"https:\/\/www.rodilloscodimar.com\/wp-content\/uploads\/2018\/10\/TAMBOR-motriz-LISO.jpg\" \/>\n\t<meta property=\"og:image:width\" content=\"1440\" \/>\n\t<meta property=\"og:image:height\" content=\"1080\" \/>\n\t<meta property=\"og:image:type\" content=\"image\/jpeg\" \/>\n<meta name=\"twitter:card\" content=\"summary_large_image\" \/>\n<meta name=\"twitter:label1\" content=\"Dur\u00e9e de lecture estim\u00e9e\" \/>\n\t<meta name=\"twitter:data1\" content=\"2 minutes\" \/>\n<script type=\"application\/ld+json\" class=\"yoast-schema-graph\">{\"@context\":\"https:\/\/schema.org\",\"@graph\":[{\"@type\":\"WebPage\",\"@id\":\"https:\/\/www.rodilloscodimar.com\/fr\/produit\/tambours-lisses\/\",\"url\":\"https:\/\/www.rodilloscodimar.com\/fr\/produit\/tambours-lisses\/\",\"name\":\"Tambours lisses | Tambours - Rouleaux Codimar SL\",\"isPartOf\":{\"@id\":\"https:\/\/www.rodilloscodimar.com\/fr\/#website\"},\"primaryImageOfPage\":{\"@id\":\"https:\/\/www.rodilloscodimar.com\/fr\/produit\/tambours-lisses\/#primaryimage\"},\"image\":{\"@id\":\"https:\/\/www.rodilloscodimar.com\/fr\/produit\/tambours-lisses\/#primaryimage\"},\"thumbnailUrl\":\"https:\/\/www.rodilloscodimar.com\/wp-content\/uploads\/2018\/10\/TAMBOR-motriz-LISO.jpg\",\"datePublished\":\"2021-05-27T12:05:25+00:00\",\"description\":\"Tambours lisses: tambour d'entra\u00eenement lisse et tambour tendeur lisse.\",\"breadcrumb\":{\"@id\":\"https:\/\/www.rodilloscodimar.com\/fr\/produit\/tambours-lisses\/#breadcrumb\"},\"inLanguage\":\"fr-FR\",\"potentialAction\":[{\"@type\":\"ReadAction\",\"target\":[\"https:\/\/www.rodilloscodimar.com\/fr\/produit\/tambours-lisses\/\"]}]},{\"@type\":\"ImageObject\",\"inLanguage\":\"fr-FR\",\"@id\":\"https:\/\/www.rodilloscodimar.com\/fr\/produit\/tambours-lisses\/#primaryimage\",\"url\":\"https:\/\/www.rodilloscodimar.com\/wp-content\/uploads\/2018\/10\/TAMBOR-motriz-LISO.jpg\",\"contentUrl\":\"https:\/\/www.rodilloscodimar.com\/wp-content\/uploads\/2018\/10\/TAMBOR-motriz-LISO.jpg\",\"width\":1440,\"height\":1080,\"caption\":\"Tambour d'entra\u00eenement lisse\"},{\"@type\":\"BreadcrumbList\",\"@id\":\"https:\/\/www.rodilloscodimar.com\/fr\/produit\/tambours-lisses\/#breadcrumb\",\"itemListElement\":[{\"@type\":\"ListItem\",\"position\":1,\"name\":\"Portada\",\"item\":\"https:\/\/www.rodilloscodimar.com\/fr\/\"},{\"@type\":\"ListItem\",\"position\":2,\"name\":\"Tienda\",\"item\":\"https:\/\/www.rodilloscodimar.com\/tienda\/\"},{\"@type\":\"ListItem\",\"position\":3,\"name\":\"Tambours lisses\"}]},{\"@type\":\"WebSite\",\"@id\":\"https:\/\/www.rodilloscodimar.com\/fr\/#website\",\"url\":\"https:\/\/www.rodilloscodimar.com\/fr\/\",\"name\":\"CODIMAR\",\"description\":\"Frabricante de Componentes , Rodillos, Estaciones y M\u00e1quinas.\",\"publisher\":{\"@id\":\"https:\/\/www.rodilloscodimar.com\/fr\/#organization\"},\"potentialAction\":[{\"@type\":\"SearchAction\",\"target\":{\"@type\":\"EntryPoint\",\"urlTemplate\":\"https:\/\/www.rodilloscodimar.com\/fr\/?s={search_term_string}\"},\"query-input\":{\"@type\":\"PropertyValueSpecification\",\"valueRequired\":true,\"valueName\":\"search_term_string\"}}],\"inLanguage\":\"fr-FR\"},{\"@type\":\"Organization\",\"@id\":\"https:\/\/www.rodilloscodimar.com\/fr\/#organization\",\"name\":\"Rodillos Codimar\",\"url\":\"https:\/\/www.rodilloscodimar.com\/fr\/\",\"logo\":{\"@type\":\"ImageObject\",\"inLanguage\":\"fr-FR\",\"@id\":\"https:\/\/www.rodilloscodimar.com\/fr\/#\/schema\/logo\/image\/\",\"url\":\"https:\/\/www.rodilloscodimar.com\/wp-content\/uploads\/2020\/01\/logo-email.jpg\",\"contentUrl\":\"https:\/\/www.rodilloscodimar.com\/wp-content\/uploads\/2020\/01\/logo-email.jpg\",\"width\":300,\"height\":299,\"caption\":\"Rodillos Codimar\"},\"image\":{\"@id\":\"https:\/\/www.rodilloscodimar.com\/fr\/#\/schema\/logo\/image\/\"}}]}<\/script>\n<!-- \/ Yoast SEO plugin. -->","yoast_head_json":{"title":"Tambours lisses | Tambours - Rouleaux Codimar SL","description":"Tambours lisses: tambour d'entra\u00eenement lisse et tambour tendeur lisse.","robots":{"index":"index","follow":"follow","max-snippet":"max-snippet:-1","max-image-preview":"max-image-preview:large","max-video-preview":"max-video-preview:-1"},"canonical":"https:\/\/www.rodilloscodimar.com\/fr\/produit\/tambours-lisses\/","og_locale":"fr_FR","og_type":"article","og_title":"Tambours lisses | Tambours - Rouleaux Codimar SL","og_description":"Tambours lisses: tambour d'entra\u00eenement lisse et tambour tendeur lisse.","og_url":"https:\/\/www.rodilloscodimar.com\/fr\/produit\/tambours-lisses\/","og_site_name":"CODIMAR","og_image":[{"width":1440,"height":1080,"url":"https:\/\/www.rodilloscodimar.com\/wp-content\/uploads\/2018\/10\/TAMBOR-motriz-LISO.jpg","type":"image\/jpeg"}],"twitter_card":"summary_large_image","twitter_misc":{"Dur\u00e9e de lecture estim\u00e9e":"2 minutes"},"schema":{"@context":"https:\/\/schema.org","@graph":[{"@type":"WebPage","@id":"https:\/\/www.rodilloscodimar.com\/fr\/produit\/tambours-lisses\/","url":"https:\/\/www.rodilloscodimar.com\/fr\/produit\/tambours-lisses\/","name":"Tambours lisses | Tambours - Rouleaux Codimar SL","isPartOf":{"@id":"https:\/\/www.rodilloscodimar.com\/fr\/#website"},"primaryImageOfPage":{"@id":"https:\/\/www.rodilloscodimar.com\/fr\/produit\/tambours-lisses\/#primaryimage"},"image":{"@id":"https:\/\/www.rodilloscodimar.com\/fr\/produit\/tambours-lisses\/#primaryimage"},"thumbnailUrl":"https:\/\/www.rodilloscodimar.com\/wp-content\/uploads\/2018\/10\/TAMBOR-motriz-LISO.jpg","datePublished":"2021-05-27T12:05:25+00:00","description":"Tambours lisses: tambour d'entra\u00eenement lisse et tambour tendeur lisse.","breadcrumb":{"@id":"https:\/\/www.rodilloscodimar.com\/fr\/produit\/tambours-lisses\/#breadcrumb"},"inLanguage":"fr-FR","potentialAction":[{"@type":"ReadAction","target":["https:\/\/www.rodilloscodimar.com\/fr\/produit\/tambours-lisses\/"]}]},{"@type":"ImageObject","inLanguage":"fr-FR","@id":"https:\/\/www.rodilloscodimar.com\/fr\/produit\/tambours-lisses\/#primaryimage","url":"https:\/\/www.rodilloscodimar.com\/wp-content\/uploads\/2018\/10\/TAMBOR-motriz-LISO.jpg","contentUrl":"https:\/\/www.rodilloscodimar.com\/wp-content\/uploads\/2018\/10\/TAMBOR-motriz-LISO.jpg","width":1440,"height":1080,"caption":"Tambour d'entra\u00eenement lisse"},{"@type":"BreadcrumbList","@id":"https:\/\/www.rodilloscodimar.com\/fr\/produit\/tambours-lisses\/#breadcrumb","itemListElement":[{"@type":"ListItem","position":1,"name":"Portada","item":"https:\/\/www.rodilloscodimar.com\/fr\/"},{"@type":"ListItem","position":2,"name":"Tienda","item":"https:\/\/www.rodilloscodimar.com\/tienda\/"},{"@type":"ListItem","position":3,"name":"Tambours lisses"}]},{"@type":"WebSite","@id":"https:\/\/www.rodilloscodimar.com\/fr\/#website","url":"https:\/\/www.rodilloscodimar.com\/fr\/","name":"CODIMAR","description":"Frabricante de Componentes , Rodillos, Estaciones y M\u00e1quinas.","publisher":{"@id":"https:\/\/www.rodilloscodimar.com\/fr\/#organization"},"potentialAction":[{"@type":"SearchAction","target":{"@type":"EntryPoint","urlTemplate":"https:\/\/www.rodilloscodimar.com\/fr\/?s={search_term_string}"},"query-input":{"@type":"PropertyValueSpecification","valueRequired":true,"valueName":"search_term_string"}}],"inLanguage":"fr-FR"},{"@type":"Organization","@id":"https:\/\/www.rodilloscodimar.com\/fr\/#organization","name":"Rodillos Codimar","url":"https:\/\/www.rodilloscodimar.com\/fr\/","logo":{"@type":"ImageObject","inLanguage":"fr-FR","@id":"https:\/\/www.rodilloscodimar.com\/fr\/#\/schema\/logo\/image\/","url":"https:\/\/www.rodilloscodimar.com\/wp-content\/uploads\/2020\/01\/logo-email.jpg","contentUrl":"https:\/\/www.rodilloscodimar.com\/wp-content\/uploads\/2020\/01\/logo-email.jpg","width":300,"height":299,"caption":"Rodillos Codimar"},"image":{"@id":"https:\/\/www.rodilloscodimar.com\/fr\/#\/schema\/logo\/image\/"}}]}},"_links":{"self":[{"href":"https:\/\/www.rodilloscodimar.com\/fr\/wp-json\/wp\/v2\/product\/9064","targetHints":{"allow":["GET"]}}],"collection":[{"href":"https:\/\/www.rodilloscodimar.com\/fr\/wp-json\/wp\/v2\/product"}],"about":[{"href":"https:\/\/www.rodilloscodimar.com\/fr\/wp-json\/wp\/v2\/types\/product"}],"wp:featuredmedia":[{"embeddable":true,"href":"https:\/\/www.rodilloscodimar.com\/fr\/wp-json\/wp\/v2\/media\/1778"}],"wp:attachment":[{"href":"https:\/\/www.rodilloscodimar.com\/fr\/wp-json\/wp\/v2\/media?parent=9064"}],"wp:term":[{"taxonomy":"product_brand","embeddable":true,"href":"https:\/\/www.rodilloscodimar.com\/fr\/wp-json\/wp\/v2\/product_brand?post=9064"},{"taxonomy":"product_cat","embeddable":true,"href":"https:\/\/www.rodilloscodimar.com\/fr\/wp-json\/wp\/v2\/product_cat?post=9064"},{"taxonomy":"product_tag","embeddable":true,"href":"https:\/\/www.rodilloscodimar.com\/fr\/wp-json\/wp\/v2\/product_tag?post=9064"}],"curies":[{"name":"wp","href":"https:\/\/api.w.org\/{rel}","templated":true}]}}