{"id":9060,"date":"2021-03-05T13:49:58","date_gmt":"2021-05-27T11:58:27","guid":{"rendered":"https:\/\/www.rodilloscodimar.com\/producto\/tambours-caoutchoutes\/"},"modified":"2021-05-27T13:58:28","modified_gmt":"2021-05-27T11:58:28","slug":"tambours-caoutchoutes","status":"publish","type":"product","link":"https:\/\/www.rodilloscodimar.com\/fr\/produit\/tambours-caoutchoutes\/","title":{"rendered":"Tambours caoutchout\u00e9s"},"content":{"rendered":"<section class=\"l-section wpb_row height_small\"><div class=\"l-section-h i-cf\"><div class=\"g-cols vc_row via_flex valign_top type_default stacking_default\"><div class=\"vc_col-sm-12 wpb_column vc_column_container\"><div class=\"vc_column-inner\"><div class=\"wpb_wrapper\"><div class=\"wpb_text_column\"><div class=\"wpb_wrapper\"><h3>Tambour d&rsquo;entra\u00eenement caoutchout\u00e9<\/h3>\n<ul>\n<li style=\"text-align: justify;\">Tambours de moteur caoutchout\u00e9 ou tendeur vulcanis\u00e9 \u00e0 chaud par autoclave avec diff\u00e9rents<br \/>\nrev\u00eatements sur demande; caoutchouc alimentaire, caoutchouc naturel, polyur\u00e9thane, etc &#8230;<\/li>\n<li style=\"text-align: justify;\">De larges possibilit\u00e9s de fabrication de diam\u00e8tres, \u00e0 la fois tube et arbre.<br \/>\nArbres \u00e0 base de rondelles lamin\u00e9es usin\u00e9es ST52 ou rondes calibr\u00e9es en F-111, F-114 ou aciers sp\u00e9ciaux<br \/>\n\u00e0 la demande.<\/li>\n<li style=\"text-align: justify;\">Tubes sans soudure ou barres perfor\u00e9es ST52 de diff\u00e9rents diam\u00e8tres et \u00e9paisseurs selon les besoins.<br \/>\nDisques lat\u00e9raux et int\u00e9rieurs en t\u00f4le de diff\u00e9rentes \u00e9paisseurs selon les charges et les longueurs de tube,<br \/>\n\u00e9lectrosoud\u00e9 \u00e0 l&rsquo;arbre.<\/li>\n<li style=\"text-align: justify;\">Finition lat\u00e9rale en acier naturel, zingu\u00e9e ou sur demande peinte avec le RAL souhait\u00e9 et \u00e0 l&rsquo;ext\u00e9rieur;<br \/>\nvulcanis\u00e9 en autoclave.<\/li>\n<\/ul>\n<p style=\"text-align: justify;\">Conduite ou retour du tambour ou du contre-tambour. Possibilit\u00e9s de tubes \u00e0 partir de diam\u00e8tres D160mm. jusqu&rsquo;\u00e0 D600mm. et des arbres calibr\u00e9s jusqu&rsquo;\u00e0 D250mm. vulcanis\u00e9 \u00e0 chaud par autoclavage avec diff\u00e9rents mat\u00e9riaux sur demande; caoutchouc alimentaire, caoutchouc naturel, polyur\u00e9thane, etc &#8230;<\/p>\n<\/div><\/div><\/div><\/div><\/div><\/div><\/div><\/section>\n","protected":false},"excerpt":{"rendered":"Tambour d&rsquo;entra\u00eenement caoutchout\u00e9 Tambours de moteur caoutchout\u00e9 ou tendeur vulcanis\u00e9 \u00e0 chaud par autoclave avec diff\u00e9rents rev\u00eatements sur demande; caoutchouc alimentaire, caoutchouc naturel, polyur\u00e9thane, etc &#8230; De larges possibilit\u00e9s de fabrication de diam\u00e8tres, \u00e0 la fois tube et arbre. Arbres \u00e0 base de rondelles lamin\u00e9es usin\u00e9es ST52 ou rondes calibr\u00e9es en F-111, F-114 ou aciers...","protected":false},"featured_media":1775,"template":"","meta":{"_joinchat":[]},"product_brand":[],"product_cat":[221],"product_tag":[],"class_list":{"0":"post-9060","1":"product","2":"type-product","3":"status-publish","4":"has-post-thumbnail","6":"product_cat-tambours","8":"first","9":"instock","10":"shipping-taxable","11":"product-type-simple"},"yoast_head":"<!-- This site is optimized with the Yoast SEO plugin v27.2 - https:\/\/yoast.com\/product\/yoast-seo-wordpress\/ -->\n<title>F\u00fbts caoutchout\u00e9s | Tambours - Rouleaux Codimar SL<\/title>\n<meta name=\"description\" content=\"Tambours caoutchout\u00e9s: Tambour d&#039;entra\u00eenement caoutchout\u00e9\" \/>\n<meta name=\"robots\" content=\"index, follow, max-snippet:-1, max-image-preview:large, max-video-preview:-1\" \/>\n<link rel=\"canonical\" href=\"https:\/\/www.rodilloscodimar.com\/fr\/produit\/tambours-caoutchoutes\/\" \/>\n<meta property=\"og:locale\" content=\"fr_FR\" \/>\n<meta property=\"og:type\" content=\"article\" \/>\n<meta property=\"og:title\" content=\"F\u00fbts caoutchout\u00e9s | Tambours - Rouleaux Codimar SL\" \/>\n<meta property=\"og:description\" content=\"Tambours caoutchout\u00e9s: Tambour d&#039;entra\u00eenement caoutchout\u00e9\" \/>\n<meta property=\"og:url\" content=\"https:\/\/www.rodilloscodimar.com\/fr\/produit\/tambours-caoutchoutes\/\" \/>\n<meta property=\"og:site_name\" content=\"CODIMAR\" \/>\n<meta property=\"article:modified_time\" content=\"2021-05-27T11:58:28+00:00\" \/>\n<meta property=\"og:image\" content=\"https:\/\/www.rodilloscodimar.com\/wp-content\/uploads\/2018\/10\/tambor-motriz-engomado.jpg\" \/>\n\t<meta property=\"og:image:width\" content=\"1440\" \/>\n\t<meta property=\"og:image:height\" content=\"1080\" \/>\n\t<meta property=\"og:image:type\" content=\"image\/jpeg\" \/>\n<meta name=\"twitter:card\" content=\"summary_large_image\" \/>\n<meta name=\"twitter:label1\" content=\"Dur\u00e9e de lecture estim\u00e9e\" \/>\n\t<meta name=\"twitter:data1\" content=\"1 minute\" \/>\n<script type=\"application\/ld+json\" class=\"yoast-schema-graph\">{\"@context\":\"https:\/\/schema.org\",\"@graph\":[{\"@type\":\"WebPage\",\"@id\":\"https:\/\/www.rodilloscodimar.com\/fr\/produit\/tambours-caoutchoutes\/\",\"url\":\"https:\/\/www.rodilloscodimar.com\/fr\/produit\/tambours-caoutchoutes\/\",\"name\":\"F\u00fbts caoutchout\u00e9s | Tambours - Rouleaux Codimar SL\",\"isPartOf\":{\"@id\":\"https:\/\/www.rodilloscodimar.com\/fr\/#website\"},\"primaryImageOfPage\":{\"@id\":\"https:\/\/www.rodilloscodimar.com\/fr\/produit\/tambours-caoutchoutes\/#primaryimage\"},\"image\":{\"@id\":\"https:\/\/www.rodilloscodimar.com\/fr\/produit\/tambours-caoutchoutes\/#primaryimage\"},\"thumbnailUrl\":\"https:\/\/www.rodilloscodimar.com\/wp-content\/uploads\/2018\/10\/tambor-motriz-engomado.jpg\",\"datePublished\":\"2021-05-27T11:58:27+00:00\",\"dateModified\":\"2021-05-27T11:58:28+00:00\",\"description\":\"Tambours caoutchout\u00e9s: Tambour d'entra\u00eenement caoutchout\u00e9\",\"breadcrumb\":{\"@id\":\"https:\/\/www.rodilloscodimar.com\/fr\/produit\/tambours-caoutchoutes\/#breadcrumb\"},\"inLanguage\":\"fr-FR\",\"potentialAction\":[{\"@type\":\"ReadAction\",\"target\":[\"https:\/\/www.rodilloscodimar.com\/fr\/produit\/tambours-caoutchoutes\/\"]}]},{\"@type\":\"ImageObject\",\"inLanguage\":\"fr-FR\",\"@id\":\"https:\/\/www.rodilloscodimar.com\/fr\/produit\/tambours-caoutchoutes\/#primaryimage\",\"url\":\"https:\/\/www.rodilloscodimar.com\/wp-content\/uploads\/2018\/10\/tambor-motriz-engomado.jpg\",\"contentUrl\":\"https:\/\/www.rodilloscodimar.com\/wp-content\/uploads\/2018\/10\/tambor-motriz-engomado.jpg\",\"width\":1440,\"height\":1080,\"caption\":\"Tambour d'entra\u00eenement caoutchout\u00e9\"},{\"@type\":\"BreadcrumbList\",\"@id\":\"https:\/\/www.rodilloscodimar.com\/fr\/produit\/tambours-caoutchoutes\/#breadcrumb\",\"itemListElement\":[{\"@type\":\"ListItem\",\"position\":1,\"name\":\"Portada\",\"item\":\"https:\/\/www.rodilloscodimar.com\/fr\/\"},{\"@type\":\"ListItem\",\"position\":2,\"name\":\"Tienda\",\"item\":\"https:\/\/www.rodilloscodimar.com\/tienda\/\"},{\"@type\":\"ListItem\",\"position\":3,\"name\":\"Tambours caoutchout\u00e9s\"}]},{\"@type\":\"WebSite\",\"@id\":\"https:\/\/www.rodilloscodimar.com\/fr\/#website\",\"url\":\"https:\/\/www.rodilloscodimar.com\/fr\/\",\"name\":\"CODIMAR\",\"description\":\"Frabricante de Componentes , Rodillos, Estaciones y M\u00e1quinas.\",\"publisher\":{\"@id\":\"https:\/\/www.rodilloscodimar.com\/fr\/#organization\"},\"potentialAction\":[{\"@type\":\"SearchAction\",\"target\":{\"@type\":\"EntryPoint\",\"urlTemplate\":\"https:\/\/www.rodilloscodimar.com\/fr\/?s={search_term_string}\"},\"query-input\":{\"@type\":\"PropertyValueSpecification\",\"valueRequired\":true,\"valueName\":\"search_term_string\"}}],\"inLanguage\":\"fr-FR\"},{\"@type\":\"Organization\",\"@id\":\"https:\/\/www.rodilloscodimar.com\/fr\/#organization\",\"name\":\"Rodillos Codimar\",\"url\":\"https:\/\/www.rodilloscodimar.com\/fr\/\",\"logo\":{\"@type\":\"ImageObject\",\"inLanguage\":\"fr-FR\",\"@id\":\"https:\/\/www.rodilloscodimar.com\/fr\/#\/schema\/logo\/image\/\",\"url\":\"https:\/\/www.rodilloscodimar.com\/wp-content\/uploads\/2020\/01\/logo-email.jpg\",\"contentUrl\":\"https:\/\/www.rodilloscodimar.com\/wp-content\/uploads\/2020\/01\/logo-email.jpg\",\"width\":300,\"height\":299,\"caption\":\"Rodillos Codimar\"},\"image\":{\"@id\":\"https:\/\/www.rodilloscodimar.com\/fr\/#\/schema\/logo\/image\/\"}}]}<\/script>\n<!-- \/ Yoast SEO plugin. -->","yoast_head_json":{"title":"F\u00fbts caoutchout\u00e9s | Tambours - Rouleaux Codimar SL","description":"Tambours caoutchout\u00e9s: Tambour d'entra\u00eenement caoutchout\u00e9","robots":{"index":"index","follow":"follow","max-snippet":"max-snippet:-1","max-image-preview":"max-image-preview:large","max-video-preview":"max-video-preview:-1"},"canonical":"https:\/\/www.rodilloscodimar.com\/fr\/produit\/tambours-caoutchoutes\/","og_locale":"fr_FR","og_type":"article","og_title":"F\u00fbts caoutchout\u00e9s | Tambours - Rouleaux Codimar SL","og_description":"Tambours caoutchout\u00e9s: Tambour d'entra\u00eenement caoutchout\u00e9","og_url":"https:\/\/www.rodilloscodimar.com\/fr\/produit\/tambours-caoutchoutes\/","og_site_name":"CODIMAR","article_modified_time":"2021-05-27T11:58:28+00:00","og_image":[{"width":1440,"height":1080,"url":"https:\/\/www.rodilloscodimar.com\/wp-content\/uploads\/2018\/10\/tambor-motriz-engomado.jpg","type":"image\/jpeg"}],"twitter_card":"summary_large_image","twitter_misc":{"Dur\u00e9e de lecture estim\u00e9e":"1 minute"},"schema":{"@context":"https:\/\/schema.org","@graph":[{"@type":"WebPage","@id":"https:\/\/www.rodilloscodimar.com\/fr\/produit\/tambours-caoutchoutes\/","url":"https:\/\/www.rodilloscodimar.com\/fr\/produit\/tambours-caoutchoutes\/","name":"F\u00fbts caoutchout\u00e9s | Tambours - Rouleaux Codimar SL","isPartOf":{"@id":"https:\/\/www.rodilloscodimar.com\/fr\/#website"},"primaryImageOfPage":{"@id":"https:\/\/www.rodilloscodimar.com\/fr\/produit\/tambours-caoutchoutes\/#primaryimage"},"image":{"@id":"https:\/\/www.rodilloscodimar.com\/fr\/produit\/tambours-caoutchoutes\/#primaryimage"},"thumbnailUrl":"https:\/\/www.rodilloscodimar.com\/wp-content\/uploads\/2018\/10\/tambor-motriz-engomado.jpg","datePublished":"2021-05-27T11:58:27+00:00","dateModified":"2021-05-27T11:58:28+00:00","description":"Tambours caoutchout\u00e9s: Tambour d'entra\u00eenement caoutchout\u00e9","breadcrumb":{"@id":"https:\/\/www.rodilloscodimar.com\/fr\/produit\/tambours-caoutchoutes\/#breadcrumb"},"inLanguage":"fr-FR","potentialAction":[{"@type":"ReadAction","target":["https:\/\/www.rodilloscodimar.com\/fr\/produit\/tambours-caoutchoutes\/"]}]},{"@type":"ImageObject","inLanguage":"fr-FR","@id":"https:\/\/www.rodilloscodimar.com\/fr\/produit\/tambours-caoutchoutes\/#primaryimage","url":"https:\/\/www.rodilloscodimar.com\/wp-content\/uploads\/2018\/10\/tambor-motriz-engomado.jpg","contentUrl":"https:\/\/www.rodilloscodimar.com\/wp-content\/uploads\/2018\/10\/tambor-motriz-engomado.jpg","width":1440,"height":1080,"caption":"Tambour d'entra\u00eenement caoutchout\u00e9"},{"@type":"BreadcrumbList","@id":"https:\/\/www.rodilloscodimar.com\/fr\/produit\/tambours-caoutchoutes\/#breadcrumb","itemListElement":[{"@type":"ListItem","position":1,"name":"Portada","item":"https:\/\/www.rodilloscodimar.com\/fr\/"},{"@type":"ListItem","position":2,"name":"Tienda","item":"https:\/\/www.rodilloscodimar.com\/tienda\/"},{"@type":"ListItem","position":3,"name":"Tambours caoutchout\u00e9s"}]},{"@type":"WebSite","@id":"https:\/\/www.rodilloscodimar.com\/fr\/#website","url":"https:\/\/www.rodilloscodimar.com\/fr\/","name":"CODIMAR","description":"Frabricante de Componentes , Rodillos, Estaciones y M\u00e1quinas.","publisher":{"@id":"https:\/\/www.rodilloscodimar.com\/fr\/#organization"},"potentialAction":[{"@type":"SearchAction","target":{"@type":"EntryPoint","urlTemplate":"https:\/\/www.rodilloscodimar.com\/fr\/?s={search_term_string}"},"query-input":{"@type":"PropertyValueSpecification","valueRequired":true,"valueName":"search_term_string"}}],"inLanguage":"fr-FR"},{"@type":"Organization","@id":"https:\/\/www.rodilloscodimar.com\/fr\/#organization","name":"Rodillos Codimar","url":"https:\/\/www.rodilloscodimar.com\/fr\/","logo":{"@type":"ImageObject","inLanguage":"fr-FR","@id":"https:\/\/www.rodilloscodimar.com\/fr\/#\/schema\/logo\/image\/","url":"https:\/\/www.rodilloscodimar.com\/wp-content\/uploads\/2020\/01\/logo-email.jpg","contentUrl":"https:\/\/www.rodilloscodimar.com\/wp-content\/uploads\/2020\/01\/logo-email.jpg","width":300,"height":299,"caption":"Rodillos Codimar"},"image":{"@id":"https:\/\/www.rodilloscodimar.com\/fr\/#\/schema\/logo\/image\/"}}]}},"_links":{"self":[{"href":"https:\/\/www.rodilloscodimar.com\/fr\/wp-json\/wp\/v2\/product\/9060","targetHints":{"allow":["GET"]}}],"collection":[{"href":"https:\/\/www.rodilloscodimar.com\/fr\/wp-json\/wp\/v2\/product"}],"about":[{"href":"https:\/\/www.rodilloscodimar.com\/fr\/wp-json\/wp\/v2\/types\/product"}],"wp:featuredmedia":[{"embeddable":true,"href":"https:\/\/www.rodilloscodimar.com\/fr\/wp-json\/wp\/v2\/media\/1775"}],"wp:attachment":[{"href":"https:\/\/www.rodilloscodimar.com\/fr\/wp-json\/wp\/v2\/media?parent=9060"}],"wp:term":[{"taxonomy":"product_brand","embeddable":true,"href":"https:\/\/www.rodilloscodimar.com\/fr\/wp-json\/wp\/v2\/product_brand?post=9060"},{"taxonomy":"product_cat","embeddable":true,"href":"https:\/\/www.rodilloscodimar.com\/fr\/wp-json\/wp\/v2\/product_cat?post=9060"},{"taxonomy":"product_tag","embeddable":true,"href":"https:\/\/www.rodilloscodimar.com\/fr\/wp-json\/wp\/v2\/product_tag?post=9060"}],"curies":[{"name":"wp","href":"https:\/\/api.w.org\/{rel}","templated":true}]}}