{"id":9057,"date":"2021-05-27T13:56:12","date_gmt":"2021-05-27T11:56:12","guid":{"rendered":"https:\/\/www.rodilloscodimar.com\/producto\/rouleau-de-nettoyage-anti-obstruction\/"},"modified":"2021-05-27T13:56:13","modified_gmt":"2021-05-27T11:56:13","slug":"rouleau-de-nettoyage-anti-obstruction","status":"publish","type":"product","link":"https:\/\/www.rodilloscodimar.com\/fr\/produit\/rouleau-de-nettoyage-anti-obstruction\/","title":{"rendered":"Rouleau de nettoyage anti-obstruction"},"content":{"rendered":"<section class=\"l-section wpb_row height_small\"><div class=\"l-section-h i-cf\"><div class=\"g-cols vc_row via_flex valign_top type_default stacking_default\"><div class=\"vc_col-sm-12 wpb_column vc_column_container\"><div class=\"vc_column-inner\"><div class=\"wpb_wrapper\"><div class=\"wpb_text_column\"><div class=\"wpb_wrapper\"><ul>\n<li>Tube central en acier \u00d8<\/li>\n<li>Tige d&rsquo;acier droite \u00d8<\/li>\n<li>\u00d8 tige h\u00e9lico\u00efdale en acier<\/li>\n<li>Tiges m\u00e9talliques \u00d820 \/ \u00d825<\/li>\n<\/ul>\n<p>Rouleau con\u00e7u pour le nettoyage dans les cas extr\u00eames, lorsqu&rsquo;un rouleau en caoutchouc normal, soit en raison de l&rsquo;humidit\u00e9 de l&rsquo;environnement, soit du mat\u00e9riau \u00e0 transporter (argile, boue &#8230;) ne suffit pas.<\/p>\n<\/div><\/div><\/div><\/div><\/div><\/div><\/div><\/section>\n","protected":false},"excerpt":{"rendered":"<h3 style=\"text-align: center;\">Sp\u00e9cifications Rouleau de nettoyage anti-obstruction<\/h3>\n<p>&nbsp;<\/p>\n<p><a href=\"https:\/\/www.rodilloscodimar.com\/wp-content\/uploads\/2021\/04\/ANTICOLMATANTE.pdf\" target=\"_blank\" rel=\"noopener\"><img decoding=\"async\" class=\"wp-image-7155 size-full aligncenter\" src=\"https:\/\/www.rodilloscodimar.com\/wp-content\/uploads\/2021\/04\/ficha-tecnica-rodillo-anticolmatante.png\" alt=\"\" width=\"900\" height=\"315\"><\/a><\/p>\n","protected":false},"featured_media":8429,"template":"","meta":{"_joinchat":[]},"product_brand":[],"product_cat":[222],"product_tag":[],"class_list":{"0":"post-9057","1":"product","2":"type-product","3":"status-publish","4":"has-post-thumbnail","6":"product_cat-rouleaux-speciaux","8":"first","9":"instock","10":"shipping-taxable","11":"product-type-simple"},"yoast_head":"<!-- This site is optimized with the Yoast SEO plugin v27.2 - https:\/\/yoast.com\/product\/yoast-seo-wordpress\/ -->\n<title>Rouleau de nettoyage anti-obstruction | Rouleaux pour l&#039;exploitation mini\u00e8re | Codimar<\/title>\n<meta name=\"description\" content=\"Le rouleau de nettoyage anti-colmatage est un rouleau de nettoyage indiqu\u00e9 pour \u00e9liminer la salet\u00e9 l\u00e0 o\u00f9 un rouleau en caoutchouc normal n&#039;est pas efficace\" \/>\n<meta name=\"robots\" content=\"index, follow, max-snippet:-1, max-image-preview:large, max-video-preview:-1\" \/>\n<link rel=\"canonical\" href=\"https:\/\/www.rodilloscodimar.com\/fr\/produit\/rouleau-de-nettoyage-anti-obstruction\/\" \/>\n<meta property=\"og:locale\" content=\"fr_FR\" \/>\n<meta property=\"og:type\" content=\"article\" \/>\n<meta property=\"og:title\" content=\"Rouleau de nettoyage anti-obstruction | Rouleaux pour l&#039;exploitation mini\u00e8re | Codimar\" \/>\n<meta property=\"og:description\" content=\"Le rouleau de nettoyage anti-colmatage est un rouleau de nettoyage indiqu\u00e9 pour \u00e9liminer la salet\u00e9 l\u00e0 o\u00f9 un rouleau en caoutchouc normal n&#039;est pas efficace\" \/>\n<meta property=\"og:url\" content=\"https:\/\/www.rodilloscodimar.com\/fr\/produit\/rouleau-de-nettoyage-anti-obstruction\/\" \/>\n<meta property=\"og:site_name\" content=\"CODIMAR\" \/>\n<meta property=\"article:modified_time\" content=\"2021-05-27T11:56:13+00:00\" \/>\n<meta property=\"og:image\" content=\"https:\/\/www.rodilloscodimar.com\/wp-content\/uploads\/2021\/04\/Rodillo-Limpiador-Anticolmatante.jpg\" \/>\n\t<meta property=\"og:image:width\" content=\"1000\" \/>\n\t<meta property=\"og:image:height\" content=\"750\" \/>\n\t<meta property=\"og:image:type\" content=\"image\/jpeg\" \/>\n<meta name=\"twitter:card\" content=\"summary_large_image\" \/>\n<script type=\"application\/ld+json\" class=\"yoast-schema-graph\">{\"@context\":\"https:\/\/schema.org\",\"@graph\":[{\"@type\":\"WebPage\",\"@id\":\"https:\/\/www.rodilloscodimar.com\/fr\/produit\/rouleau-de-nettoyage-anti-obstruction\/\",\"url\":\"https:\/\/www.rodilloscodimar.com\/fr\/produit\/rouleau-de-nettoyage-anti-obstruction\/\",\"name\":\"Rouleau de nettoyage anti-obstruction | Rouleaux pour l'exploitation mini\u00e8re | Codimar\",\"isPartOf\":{\"@id\":\"https:\/\/www.rodilloscodimar.com\/fr\/#website\"},\"primaryImageOfPage\":{\"@id\":\"https:\/\/www.rodilloscodimar.com\/fr\/produit\/rouleau-de-nettoyage-anti-obstruction\/#primaryimage\"},\"image\":{\"@id\":\"https:\/\/www.rodilloscodimar.com\/fr\/produit\/rouleau-de-nettoyage-anti-obstruction\/#primaryimage\"},\"thumbnailUrl\":\"https:\/\/www.rodilloscodimar.com\/wp-content\/uploads\/2021\/04\/Rodillo-Limpiador-Anticolmatante.jpg\",\"datePublished\":\"2021-05-27T11:56:12+00:00\",\"dateModified\":\"2021-05-27T11:56:13+00:00\",\"description\":\"Le rouleau de nettoyage anti-colmatage est un rouleau de nettoyage indiqu\u00e9 pour \u00e9liminer la salet\u00e9 l\u00e0 o\u00f9 un rouleau en caoutchouc normal n'est pas efficace\",\"breadcrumb\":{\"@id\":\"https:\/\/www.rodilloscodimar.com\/fr\/produit\/rouleau-de-nettoyage-anti-obstruction\/#breadcrumb\"},\"inLanguage\":\"fr-FR\",\"potentialAction\":[{\"@type\":\"ReadAction\",\"target\":[\"https:\/\/www.rodilloscodimar.com\/fr\/produit\/rouleau-de-nettoyage-anti-obstruction\/\"]}]},{\"@type\":\"ImageObject\",\"inLanguage\":\"fr-FR\",\"@id\":\"https:\/\/www.rodilloscodimar.com\/fr\/produit\/rouleau-de-nettoyage-anti-obstruction\/#primaryimage\",\"url\":\"https:\/\/www.rodilloscodimar.com\/wp-content\/uploads\/2021\/04\/Rodillo-Limpiador-Anticolmatante.jpg\",\"contentUrl\":\"https:\/\/www.rodilloscodimar.com\/wp-content\/uploads\/2021\/04\/Rodillo-Limpiador-Anticolmatante.jpg\",\"width\":1000,\"height\":750},{\"@type\":\"BreadcrumbList\",\"@id\":\"https:\/\/www.rodilloscodimar.com\/fr\/produit\/rouleau-de-nettoyage-anti-obstruction\/#breadcrumb\",\"itemListElement\":[{\"@type\":\"ListItem\",\"position\":1,\"name\":\"Portada\",\"item\":\"https:\/\/www.rodilloscodimar.com\/fr\/\"},{\"@type\":\"ListItem\",\"position\":2,\"name\":\"Tienda\",\"item\":\"https:\/\/www.rodilloscodimar.com\/tienda\/\"},{\"@type\":\"ListItem\",\"position\":3,\"name\":\"Rouleau de nettoyage anti-obstruction\"}]},{\"@type\":\"WebSite\",\"@id\":\"https:\/\/www.rodilloscodimar.com\/fr\/#website\",\"url\":\"https:\/\/www.rodilloscodimar.com\/fr\/\",\"name\":\"CODIMAR\",\"description\":\"Frabricante de Componentes , Rodillos, Estaciones y M\u00e1quinas.\",\"publisher\":{\"@id\":\"https:\/\/www.rodilloscodimar.com\/fr\/#organization\"},\"potentialAction\":[{\"@type\":\"SearchAction\",\"target\":{\"@type\":\"EntryPoint\",\"urlTemplate\":\"https:\/\/www.rodilloscodimar.com\/fr\/?s={search_term_string}\"},\"query-input\":{\"@type\":\"PropertyValueSpecification\",\"valueRequired\":true,\"valueName\":\"search_term_string\"}}],\"inLanguage\":\"fr-FR\"},{\"@type\":\"Organization\",\"@id\":\"https:\/\/www.rodilloscodimar.com\/fr\/#organization\",\"name\":\"Rodillos Codimar\",\"url\":\"https:\/\/www.rodilloscodimar.com\/fr\/\",\"logo\":{\"@type\":\"ImageObject\",\"inLanguage\":\"fr-FR\",\"@id\":\"https:\/\/www.rodilloscodimar.com\/fr\/#\/schema\/logo\/image\/\",\"url\":\"https:\/\/www.rodilloscodimar.com\/wp-content\/uploads\/2020\/01\/logo-email.jpg\",\"contentUrl\":\"https:\/\/www.rodilloscodimar.com\/wp-content\/uploads\/2020\/01\/logo-email.jpg\",\"width\":300,\"height\":299,\"caption\":\"Rodillos Codimar\"},\"image\":{\"@id\":\"https:\/\/www.rodilloscodimar.com\/fr\/#\/schema\/logo\/image\/\"}}]}<\/script>\n<!-- \/ Yoast SEO plugin. -->","yoast_head_json":{"title":"Rouleau de nettoyage anti-obstruction | Rouleaux pour l'exploitation mini\u00e8re | Codimar","description":"Le rouleau de nettoyage anti-colmatage est un rouleau de nettoyage indiqu\u00e9 pour \u00e9liminer la salet\u00e9 l\u00e0 o\u00f9 un rouleau en caoutchouc normal n'est pas efficace","robots":{"index":"index","follow":"follow","max-snippet":"max-snippet:-1","max-image-preview":"max-image-preview:large","max-video-preview":"max-video-preview:-1"},"canonical":"https:\/\/www.rodilloscodimar.com\/fr\/produit\/rouleau-de-nettoyage-anti-obstruction\/","og_locale":"fr_FR","og_type":"article","og_title":"Rouleau de nettoyage anti-obstruction | Rouleaux pour l'exploitation mini\u00e8re | Codimar","og_description":"Le rouleau de nettoyage anti-colmatage est un rouleau de nettoyage indiqu\u00e9 pour \u00e9liminer la salet\u00e9 l\u00e0 o\u00f9 un rouleau en caoutchouc normal n'est pas efficace","og_url":"https:\/\/www.rodilloscodimar.com\/fr\/produit\/rouleau-de-nettoyage-anti-obstruction\/","og_site_name":"CODIMAR","article_modified_time":"2021-05-27T11:56:13+00:00","og_image":[{"width":1000,"height":750,"url":"https:\/\/www.rodilloscodimar.com\/wp-content\/uploads\/2021\/04\/Rodillo-Limpiador-Anticolmatante.jpg","type":"image\/jpeg"}],"twitter_card":"summary_large_image","schema":{"@context":"https:\/\/schema.org","@graph":[{"@type":"WebPage","@id":"https:\/\/www.rodilloscodimar.com\/fr\/produit\/rouleau-de-nettoyage-anti-obstruction\/","url":"https:\/\/www.rodilloscodimar.com\/fr\/produit\/rouleau-de-nettoyage-anti-obstruction\/","name":"Rouleau de nettoyage anti-obstruction | Rouleaux pour l'exploitation mini\u00e8re | Codimar","isPartOf":{"@id":"https:\/\/www.rodilloscodimar.com\/fr\/#website"},"primaryImageOfPage":{"@id":"https:\/\/www.rodilloscodimar.com\/fr\/produit\/rouleau-de-nettoyage-anti-obstruction\/#primaryimage"},"image":{"@id":"https:\/\/www.rodilloscodimar.com\/fr\/produit\/rouleau-de-nettoyage-anti-obstruction\/#primaryimage"},"thumbnailUrl":"https:\/\/www.rodilloscodimar.com\/wp-content\/uploads\/2021\/04\/Rodillo-Limpiador-Anticolmatante.jpg","datePublished":"2021-05-27T11:56:12+00:00","dateModified":"2021-05-27T11:56:13+00:00","description":"Le rouleau de nettoyage anti-colmatage est un rouleau de nettoyage indiqu\u00e9 pour \u00e9liminer la salet\u00e9 l\u00e0 o\u00f9 un rouleau en caoutchouc normal n'est pas efficace","breadcrumb":{"@id":"https:\/\/www.rodilloscodimar.com\/fr\/produit\/rouleau-de-nettoyage-anti-obstruction\/#breadcrumb"},"inLanguage":"fr-FR","potentialAction":[{"@type":"ReadAction","target":["https:\/\/www.rodilloscodimar.com\/fr\/produit\/rouleau-de-nettoyage-anti-obstruction\/"]}]},{"@type":"ImageObject","inLanguage":"fr-FR","@id":"https:\/\/www.rodilloscodimar.com\/fr\/produit\/rouleau-de-nettoyage-anti-obstruction\/#primaryimage","url":"https:\/\/www.rodilloscodimar.com\/wp-content\/uploads\/2021\/04\/Rodillo-Limpiador-Anticolmatante.jpg","contentUrl":"https:\/\/www.rodilloscodimar.com\/wp-content\/uploads\/2021\/04\/Rodillo-Limpiador-Anticolmatante.jpg","width":1000,"height":750},{"@type":"BreadcrumbList","@id":"https:\/\/www.rodilloscodimar.com\/fr\/produit\/rouleau-de-nettoyage-anti-obstruction\/#breadcrumb","itemListElement":[{"@type":"ListItem","position":1,"name":"Portada","item":"https:\/\/www.rodilloscodimar.com\/fr\/"},{"@type":"ListItem","position":2,"name":"Tienda","item":"https:\/\/www.rodilloscodimar.com\/tienda\/"},{"@type":"ListItem","position":3,"name":"Rouleau de nettoyage anti-obstruction"}]},{"@type":"WebSite","@id":"https:\/\/www.rodilloscodimar.com\/fr\/#website","url":"https:\/\/www.rodilloscodimar.com\/fr\/","name":"CODIMAR","description":"Frabricante de Componentes , Rodillos, Estaciones y M\u00e1quinas.","publisher":{"@id":"https:\/\/www.rodilloscodimar.com\/fr\/#organization"},"potentialAction":[{"@type":"SearchAction","target":{"@type":"EntryPoint","urlTemplate":"https:\/\/www.rodilloscodimar.com\/fr\/?s={search_term_string}"},"query-input":{"@type":"PropertyValueSpecification","valueRequired":true,"valueName":"search_term_string"}}],"inLanguage":"fr-FR"},{"@type":"Organization","@id":"https:\/\/www.rodilloscodimar.com\/fr\/#organization","name":"Rodillos Codimar","url":"https:\/\/www.rodilloscodimar.com\/fr\/","logo":{"@type":"ImageObject","inLanguage":"fr-FR","@id":"https:\/\/www.rodilloscodimar.com\/fr\/#\/schema\/logo\/image\/","url":"https:\/\/www.rodilloscodimar.com\/wp-content\/uploads\/2020\/01\/logo-email.jpg","contentUrl":"https:\/\/www.rodilloscodimar.com\/wp-content\/uploads\/2020\/01\/logo-email.jpg","width":300,"height":299,"caption":"Rodillos Codimar"},"image":{"@id":"https:\/\/www.rodilloscodimar.com\/fr\/#\/schema\/logo\/image\/"}}]}},"_links":{"self":[{"href":"https:\/\/www.rodilloscodimar.com\/fr\/wp-json\/wp\/v2\/product\/9057","targetHints":{"allow":["GET"]}}],"collection":[{"href":"https:\/\/www.rodilloscodimar.com\/fr\/wp-json\/wp\/v2\/product"}],"about":[{"href":"https:\/\/www.rodilloscodimar.com\/fr\/wp-json\/wp\/v2\/types\/product"}],"wp:featuredmedia":[{"embeddable":true,"href":"https:\/\/www.rodilloscodimar.com\/fr\/wp-json\/wp\/v2\/media\/8429"}],"wp:attachment":[{"href":"https:\/\/www.rodilloscodimar.com\/fr\/wp-json\/wp\/v2\/media?parent=9057"}],"wp:term":[{"taxonomy":"product_brand","embeddable":true,"href":"https:\/\/www.rodilloscodimar.com\/fr\/wp-json\/wp\/v2\/product_brand?post=9057"},{"taxonomy":"product_cat","embeddable":true,"href":"https:\/\/www.rodilloscodimar.com\/fr\/wp-json\/wp\/v2\/product_cat?post=9057"},{"taxonomy":"product_tag","embeddable":true,"href":"https:\/\/www.rodilloscodimar.com\/fr\/wp-json\/wp\/v2\/product_tag?post=9057"}],"curies":[{"name":"wp","href":"https:\/\/api.w.org\/{rel}","templated":true}]}}