{"id":9054,"date":"2021-05-27T13:52:55","date_gmt":"2021-05-27T11:52:55","guid":{"rendered":"https:\/\/www.rodilloscodimar.com\/producto\/rouleau-moteur-mc1\/"},"modified":"2021-05-27T13:52:56","modified_gmt":"2021-05-27T11:52:56","slug":"rouleau-moteur-mc1","status":"publish","type":"product","link":"https:\/\/www.rodilloscodimar.com\/fr\/produit\/rouleau-moteur-mc1\/","title":{"rendered":"Rouleau moteur MC1"},"content":{"rendered":"<section class=\"l-section wpb_row height_small\"><div class=\"l-section-h i-cf\"><div class=\"g-cols vc_row via_flex valign_top type_default stacking_default\"><div class=\"vc_col-sm-12 wpb_column vc_column_container\"><div class=\"vc_column-inner\"><div class=\"wpb_wrapper\"><div class=\"wpb_text_column\"><div class=\"wpb_wrapper\"><ul>\n<li>Moteur interne sans balais 24 V CC<\/li>\n<li>Carte contr\u00f4leur externe<\/li>\n<li>Connexion du c\u00e2ble de connecteur standard M8 \/ 4PIN<\/li>\n<li>Pr\u00eat \u00e0 travailler \u00e0 des temp\u00e9ratures \u00e9lev\u00e9es.<\/li>\n<li>Couple de d\u00e9marrage tr\u00e8s \u00e9lev\u00e9<\/li>\n<li>M\u00e9moire interne avec num\u00e9ro de s\u00e9rie, article et date de fabrication<\/li>\n<li>Protection \u00e9lectrique IP54 \/ 66 \/ 69K<\/li>\n<\/ul>\n<p>Le rouleau moteur MC1 est un rouleau d&rsquo;entra\u00eenement utilis\u00e9 pour entra\u00eener tout type de convoyeur \u00e0 usage intralogistique. Son fonctionnement est totalement silencieux et sans aucun type d&rsquo;entretien, ce qui en fait une option propre et efficace.<\/p>\n<\/div><\/div><\/div><\/div><\/div><\/div><\/div><\/section>\n","protected":false},"excerpt":{"rendered":"<h3 style=\"text-align: center;\">Sp\u00e9cifications Motorodillo MC1<\/h3>\n<p><a target=\"_blank\" href=\"https:\/\/www.rodilloscodimar.com\/wp-content\/uploads\/2021\/04\/MOTORODILLO-MC-1.pdf\" rel=\"noopener\"><img decoding=\"async\" class=\"aligncenter wp-image-8152 size-full\" src=\"https:\/\/www.rodilloscodimar.com\/wp-content\/uploads\/2021\/04\/boton-mas-informacion.png\" alt=\"\" width=\"187\" height=\"50\"><\/a><\/p>\n","protected":false},"featured_media":8146,"template":"","meta":{"_joinchat":[]},"product_brand":[],"product_cat":[222],"product_tag":[],"class_list":{"0":"post-9054","1":"product","2":"type-product","3":"status-publish","4":"has-post-thumbnail","6":"product_cat-rouleaux-speciaux","8":"first","9":"instock","10":"shipping-taxable","11":"product-type-simple"},"yoast_head":"<!-- This site is optimized with the Yoast SEO plugin v27.2 - https:\/\/yoast.com\/product\/yoast-seo-wordpress\/ -->\n<title>Rouleau moteur MC1 | Rouleaux motoris\u00e9s | Codimar<\/title>\n<meta name=\"description\" content=\"Le rouleau moteur CM1 est un rouleau motoris\u00e9 utilis\u00e9 pour entra\u00eener tout type de convoyeur \u00e0 usage intralogistique.\" \/>\n<meta name=\"robots\" content=\"index, follow, max-snippet:-1, max-image-preview:large, max-video-preview:-1\" \/>\n<link rel=\"canonical\" href=\"https:\/\/www.rodilloscodimar.com\/fr\/produit\/rouleau-moteur-mc1\/\" \/>\n<meta property=\"og:locale\" content=\"fr_FR\" \/>\n<meta property=\"og:type\" content=\"article\" \/>\n<meta property=\"og:title\" content=\"Rouleau moteur MC1 | Rouleaux motoris\u00e9s | Codimar\" \/>\n<meta property=\"og:description\" content=\"Le rouleau moteur CM1 est un rouleau motoris\u00e9 utilis\u00e9 pour entra\u00eener tout type de convoyeur \u00e0 usage intralogistique.\" \/>\n<meta property=\"og:url\" content=\"https:\/\/www.rodilloscodimar.com\/fr\/produit\/rouleau-moteur-mc1\/\" \/>\n<meta property=\"og:site_name\" content=\"CODIMAR\" \/>\n<meta property=\"article:modified_time\" content=\"2021-05-27T11:52:56+00:00\" \/>\n<meta property=\"og:image\" content=\"https:\/\/www.rodilloscodimar.com\/wp-content\/uploads\/2021\/04\/WhatsApp-Image-2021-01-28-at-07.57.30-2-e1618227766326.jpeg\" \/>\n\t<meta property=\"og:image:width\" content=\"1824\" \/>\n\t<meta property=\"og:image:height\" content=\"1368\" \/>\n\t<meta property=\"og:image:type\" content=\"image\/jpeg\" \/>\n<meta name=\"twitter:card\" content=\"summary_large_image\" \/>\n<meta name=\"twitter:label1\" content=\"Dur\u00e9e de lecture estim\u00e9e\" \/>\n\t<meta name=\"twitter:data1\" content=\"1 minute\" \/>\n<script type=\"application\/ld+json\" class=\"yoast-schema-graph\">{\"@context\":\"https:\/\/schema.org\",\"@graph\":[{\"@type\":\"WebPage\",\"@id\":\"https:\/\/www.rodilloscodimar.com\/fr\/produit\/rouleau-moteur-mc1\/\",\"url\":\"https:\/\/www.rodilloscodimar.com\/fr\/produit\/rouleau-moteur-mc1\/\",\"name\":\"Rouleau moteur MC1 | Rouleaux motoris\u00e9s | Codimar\",\"isPartOf\":{\"@id\":\"https:\/\/www.rodilloscodimar.com\/fr\/#website\"},\"primaryImageOfPage\":{\"@id\":\"https:\/\/www.rodilloscodimar.com\/fr\/produit\/rouleau-moteur-mc1\/#primaryimage\"},\"image\":{\"@id\":\"https:\/\/www.rodilloscodimar.com\/fr\/produit\/rouleau-moteur-mc1\/#primaryimage\"},\"thumbnailUrl\":\"https:\/\/www.rodilloscodimar.com\/wp-content\/uploads\/2021\/04\/WhatsApp-Image-2021-01-28-at-07.57.30-2-e1618227766326.jpeg\",\"datePublished\":\"2021-05-27T11:52:55+00:00\",\"dateModified\":\"2021-05-27T11:52:56+00:00\",\"description\":\"Le rouleau moteur CM1 est un rouleau motoris\u00e9 utilis\u00e9 pour entra\u00eener tout type de convoyeur \u00e0 usage intralogistique.\",\"breadcrumb\":{\"@id\":\"https:\/\/www.rodilloscodimar.com\/fr\/produit\/rouleau-moteur-mc1\/#breadcrumb\"},\"inLanguage\":\"fr-FR\",\"potentialAction\":[{\"@type\":\"ReadAction\",\"target\":[\"https:\/\/www.rodilloscodimar.com\/fr\/produit\/rouleau-moteur-mc1\/\"]}]},{\"@type\":\"ImageObject\",\"inLanguage\":\"fr-FR\",\"@id\":\"https:\/\/www.rodilloscodimar.com\/fr\/produit\/rouleau-moteur-mc1\/#primaryimage\",\"url\":\"https:\/\/www.rodilloscodimar.com\/wp-content\/uploads\/2021\/04\/WhatsApp-Image-2021-01-28-at-07.57.30-2-e1618227766326.jpeg\",\"contentUrl\":\"https:\/\/www.rodilloscodimar.com\/wp-content\/uploads\/2021\/04\/WhatsApp-Image-2021-01-28-at-07.57.30-2-e1618227766326.jpeg\",\"width\":1824,\"height\":1368},{\"@type\":\"BreadcrumbList\",\"@id\":\"https:\/\/www.rodilloscodimar.com\/fr\/produit\/rouleau-moteur-mc1\/#breadcrumb\",\"itemListElement\":[{\"@type\":\"ListItem\",\"position\":1,\"name\":\"Portada\",\"item\":\"https:\/\/www.rodilloscodimar.com\/fr\/\"},{\"@type\":\"ListItem\",\"position\":2,\"name\":\"Tienda\",\"item\":\"https:\/\/www.rodilloscodimar.com\/tienda\/\"},{\"@type\":\"ListItem\",\"position\":3,\"name\":\"Rouleau moteur MC1\"}]},{\"@type\":\"WebSite\",\"@id\":\"https:\/\/www.rodilloscodimar.com\/fr\/#website\",\"url\":\"https:\/\/www.rodilloscodimar.com\/fr\/\",\"name\":\"CODIMAR\",\"description\":\"Frabricante de Componentes , Rodillos, Estaciones y M\u00e1quinas.\",\"publisher\":{\"@id\":\"https:\/\/www.rodilloscodimar.com\/fr\/#organization\"},\"potentialAction\":[{\"@type\":\"SearchAction\",\"target\":{\"@type\":\"EntryPoint\",\"urlTemplate\":\"https:\/\/www.rodilloscodimar.com\/fr\/?s={search_term_string}\"},\"query-input\":{\"@type\":\"PropertyValueSpecification\",\"valueRequired\":true,\"valueName\":\"search_term_string\"}}],\"inLanguage\":\"fr-FR\"},{\"@type\":\"Organization\",\"@id\":\"https:\/\/www.rodilloscodimar.com\/fr\/#organization\",\"name\":\"Rodillos Codimar\",\"url\":\"https:\/\/www.rodilloscodimar.com\/fr\/\",\"logo\":{\"@type\":\"ImageObject\",\"inLanguage\":\"fr-FR\",\"@id\":\"https:\/\/www.rodilloscodimar.com\/fr\/#\/schema\/logo\/image\/\",\"url\":\"https:\/\/www.rodilloscodimar.com\/wp-content\/uploads\/2020\/01\/logo-email.jpg\",\"contentUrl\":\"https:\/\/www.rodilloscodimar.com\/wp-content\/uploads\/2020\/01\/logo-email.jpg\",\"width\":300,\"height\":299,\"caption\":\"Rodillos Codimar\"},\"image\":{\"@id\":\"https:\/\/www.rodilloscodimar.com\/fr\/#\/schema\/logo\/image\/\"}}]}<\/script>\n<!-- \/ Yoast SEO plugin. -->","yoast_head_json":{"title":"Rouleau moteur MC1 | Rouleaux motoris\u00e9s | Codimar","description":"Le rouleau moteur CM1 est un rouleau motoris\u00e9 utilis\u00e9 pour entra\u00eener tout type de convoyeur \u00e0 usage intralogistique.","robots":{"index":"index","follow":"follow","max-snippet":"max-snippet:-1","max-image-preview":"max-image-preview:large","max-video-preview":"max-video-preview:-1"},"canonical":"https:\/\/www.rodilloscodimar.com\/fr\/produit\/rouleau-moteur-mc1\/","og_locale":"fr_FR","og_type":"article","og_title":"Rouleau moteur MC1 | Rouleaux motoris\u00e9s | Codimar","og_description":"Le rouleau moteur CM1 est un rouleau motoris\u00e9 utilis\u00e9 pour entra\u00eener tout type de convoyeur \u00e0 usage intralogistique.","og_url":"https:\/\/www.rodilloscodimar.com\/fr\/produit\/rouleau-moteur-mc1\/","og_site_name":"CODIMAR","article_modified_time":"2021-05-27T11:52:56+00:00","og_image":[{"width":1824,"height":1368,"url":"https:\/\/www.rodilloscodimar.com\/wp-content\/uploads\/2021\/04\/WhatsApp-Image-2021-01-28-at-07.57.30-2-e1618227766326.jpeg","type":"image\/jpeg"}],"twitter_card":"summary_large_image","twitter_misc":{"Dur\u00e9e de lecture estim\u00e9e":"1 minute"},"schema":{"@context":"https:\/\/schema.org","@graph":[{"@type":"WebPage","@id":"https:\/\/www.rodilloscodimar.com\/fr\/produit\/rouleau-moteur-mc1\/","url":"https:\/\/www.rodilloscodimar.com\/fr\/produit\/rouleau-moteur-mc1\/","name":"Rouleau moteur MC1 | Rouleaux motoris\u00e9s | Codimar","isPartOf":{"@id":"https:\/\/www.rodilloscodimar.com\/fr\/#website"},"primaryImageOfPage":{"@id":"https:\/\/www.rodilloscodimar.com\/fr\/produit\/rouleau-moteur-mc1\/#primaryimage"},"image":{"@id":"https:\/\/www.rodilloscodimar.com\/fr\/produit\/rouleau-moteur-mc1\/#primaryimage"},"thumbnailUrl":"https:\/\/www.rodilloscodimar.com\/wp-content\/uploads\/2021\/04\/WhatsApp-Image-2021-01-28-at-07.57.30-2-e1618227766326.jpeg","datePublished":"2021-05-27T11:52:55+00:00","dateModified":"2021-05-27T11:52:56+00:00","description":"Le rouleau moteur CM1 est un rouleau motoris\u00e9 utilis\u00e9 pour entra\u00eener tout type de convoyeur \u00e0 usage intralogistique.","breadcrumb":{"@id":"https:\/\/www.rodilloscodimar.com\/fr\/produit\/rouleau-moteur-mc1\/#breadcrumb"},"inLanguage":"fr-FR","potentialAction":[{"@type":"ReadAction","target":["https:\/\/www.rodilloscodimar.com\/fr\/produit\/rouleau-moteur-mc1\/"]}]},{"@type":"ImageObject","inLanguage":"fr-FR","@id":"https:\/\/www.rodilloscodimar.com\/fr\/produit\/rouleau-moteur-mc1\/#primaryimage","url":"https:\/\/www.rodilloscodimar.com\/wp-content\/uploads\/2021\/04\/WhatsApp-Image-2021-01-28-at-07.57.30-2-e1618227766326.jpeg","contentUrl":"https:\/\/www.rodilloscodimar.com\/wp-content\/uploads\/2021\/04\/WhatsApp-Image-2021-01-28-at-07.57.30-2-e1618227766326.jpeg","width":1824,"height":1368},{"@type":"BreadcrumbList","@id":"https:\/\/www.rodilloscodimar.com\/fr\/produit\/rouleau-moteur-mc1\/#breadcrumb","itemListElement":[{"@type":"ListItem","position":1,"name":"Portada","item":"https:\/\/www.rodilloscodimar.com\/fr\/"},{"@type":"ListItem","position":2,"name":"Tienda","item":"https:\/\/www.rodilloscodimar.com\/tienda\/"},{"@type":"ListItem","position":3,"name":"Rouleau moteur MC1"}]},{"@type":"WebSite","@id":"https:\/\/www.rodilloscodimar.com\/fr\/#website","url":"https:\/\/www.rodilloscodimar.com\/fr\/","name":"CODIMAR","description":"Frabricante de Componentes , Rodillos, Estaciones y M\u00e1quinas.","publisher":{"@id":"https:\/\/www.rodilloscodimar.com\/fr\/#organization"},"potentialAction":[{"@type":"SearchAction","target":{"@type":"EntryPoint","urlTemplate":"https:\/\/www.rodilloscodimar.com\/fr\/?s={search_term_string}"},"query-input":{"@type":"PropertyValueSpecification","valueRequired":true,"valueName":"search_term_string"}}],"inLanguage":"fr-FR"},{"@type":"Organization","@id":"https:\/\/www.rodilloscodimar.com\/fr\/#organization","name":"Rodillos Codimar","url":"https:\/\/www.rodilloscodimar.com\/fr\/","logo":{"@type":"ImageObject","inLanguage":"fr-FR","@id":"https:\/\/www.rodilloscodimar.com\/fr\/#\/schema\/logo\/image\/","url":"https:\/\/www.rodilloscodimar.com\/wp-content\/uploads\/2020\/01\/logo-email.jpg","contentUrl":"https:\/\/www.rodilloscodimar.com\/wp-content\/uploads\/2020\/01\/logo-email.jpg","width":300,"height":299,"caption":"Rodillos Codimar"},"image":{"@id":"https:\/\/www.rodilloscodimar.com\/fr\/#\/schema\/logo\/image\/"}}]}},"_links":{"self":[{"href":"https:\/\/www.rodilloscodimar.com\/fr\/wp-json\/wp\/v2\/product\/9054","targetHints":{"allow":["GET"]}}],"collection":[{"href":"https:\/\/www.rodilloscodimar.com\/fr\/wp-json\/wp\/v2\/product"}],"about":[{"href":"https:\/\/www.rodilloscodimar.com\/fr\/wp-json\/wp\/v2\/types\/product"}],"wp:featuredmedia":[{"embeddable":true,"href":"https:\/\/www.rodilloscodimar.com\/fr\/wp-json\/wp\/v2\/media\/8146"}],"wp:attachment":[{"href":"https:\/\/www.rodilloscodimar.com\/fr\/wp-json\/wp\/v2\/media?parent=9054"}],"wp:term":[{"taxonomy":"product_brand","embeddable":true,"href":"https:\/\/www.rodilloscodimar.com\/fr\/wp-json\/wp\/v2\/product_brand?post=9054"},{"taxonomy":"product_cat","embeddable":true,"href":"https:\/\/www.rodilloscodimar.com\/fr\/wp-json\/wp\/v2\/product_cat?post=9054"},{"taxonomy":"product_tag","embeddable":true,"href":"https:\/\/www.rodilloscodimar.com\/fr\/wp-json\/wp\/v2\/product_tag?post=9054"}],"curies":[{"name":"wp","href":"https:\/\/api.w.org\/{rel}","templated":true}]}}