{"id":8915,"date":"2021-05-19T11:55:00","date_gmt":"2021-05-26T11:01:09","guid":{"rendered":"https:\/\/www.rodilloscodimar.com\/producto\/rouleau-tourne\/"},"modified":"2021-05-26T14:16:25","modified_gmt":"2021-05-26T12:16:25","slug":"rouleau-tourne","status":"publish","type":"product","link":"https:\/\/www.rodilloscodimar.com\/fr\/produit\/rouleau-tourne\/","title":{"rendered":"Rouleau tourn\u00e9"},"content":{"rendered":"<section class=\"l-section wpb_row height_small\"><div class=\"l-section-h i-cf\"><div class=\"g-cols vc_row via_flex valign_top type_default stacking_default\"><div class=\"vc_col-sm-12 wpb_column vc_column_container\"><div class=\"vc_column-inner\"><div class=\"wpb_wrapper\"><div class=\"wpb_text_column\"><div class=\"wpb_wrapper\"><ul>\n<li>Rouleau en acier tourn\u00e9 F521 \/ 1.2379<\/li>\n<li>Trait\u00e9 thermiquement dans un four \u00e0 vide pouss\u00e9<\/li>\n<li>Avec une duret\u00e9 de 58\/62 HRC<\/li>\n<li>Revenu total au c\u0153ur<\/li>\n<li>Aff\u00fbtage sp\u00e9cial.<\/li>\n<li>Tol\u00e9rance \u00b1 0,01.<\/li>\n<\/ul>\n<p style=\"text-align: justify;\">Rouleau en acier tourn\u00e9 F521 \/ 1.2379, avec une lame de coupe capable d&#8217;emboutir n&rsquo;importe quel moule sur des couches de cellulose. Durcies au c\u0153ur et duret\u00e9 58\/62 HRC, les lames conservent leurs propri\u00e9t\u00e9s malgr\u00e9 une utilisation continue. Rouleau sur mesure pour le processus final de d\u00e9coupe du masque FFP2.<\/p>\n<\/div><\/div><div class=\"w-btn-wrapper align_center\"><a class=\"w-btn us-btn-style_1\" target=\"_blank\" rel=\"nofollow\" href=\"\/wp-content\/uploads\/2021\/05\/Press-release-Codimar.pdf\"><span class=\"w-btn-label\">Plus d&rsquo;informations<\/span><\/a><\/div><\/div><\/div><\/div><\/div><\/div><\/section>\n","protected":false},"excerpt":{"rendered":"<h3 style=\"text-align: center;\">Sp\u00e9cifications rouleau en acier tourn\u00e9 F521 \/ 1.2379<\/h3>\n<p><a href=\"\/wp-content\/uploads\/2021\/05\/Nota-de-Prensa-Codimar.pdf\" target=\"_blank\" rel=\"noopener\"><img decoding=\"async\" class=\"aligncenter wp-image-8152 size-full\" src=\"https:\/\/www.rodilloscodimar.com\/wp-content\/uploads\/2021\/04\/boton-mas-informacion.png\" alt=\"\" width=\"187\" height=\"50\"><\/a><\/p>\n","protected":false},"featured_media":8824,"template":"","meta":{"_joinchat":[]},"product_brand":[],"product_cat":[222],"product_tag":[],"class_list":{"0":"post-8915","1":"product","2":"type-product","3":"status-publish","4":"has-post-thumbnail","6":"product_cat-rouleaux-speciaux","8":"first","9":"instock","10":"shipping-taxable","11":"product-type-simple"},"yoast_head":"<!-- This site is optimized with the Yoast SEO plugin v27.2 - https:\/\/yoast.com\/product\/yoast-seo-wordpress\/ -->\n<title>Rouleau tourn\u00e9 | Codimar<\/title>\n<meta name=\"description\" content=\"Rouleau tourn\u00e9. Rouleau sur mesure pour la d\u00e9coupe de masque FFP2. Duret\u00e9 58\/62 HRC et tremp\u00e9 jusqu&#039;au c\u0153ur.\" \/>\n<meta name=\"robots\" content=\"index, follow, max-snippet:-1, max-image-preview:large, max-video-preview:-1\" \/>\n<link rel=\"canonical\" href=\"https:\/\/www.rodilloscodimar.com\/fr\/produit\/rouleau-tourne\/\" \/>\n<meta property=\"og:locale\" content=\"fr_FR\" \/>\n<meta property=\"og:type\" content=\"article\" \/>\n<meta property=\"og:title\" content=\"Rouleau tourn\u00e9 | Codimar\" \/>\n<meta property=\"og:description\" content=\"Rouleau tourn\u00e9. Rouleau sur mesure pour la d\u00e9coupe de masque FFP2. Duret\u00e9 58\/62 HRC et tremp\u00e9 jusqu&#039;au c\u0153ur.\" \/>\n<meta property=\"og:url\" content=\"https:\/\/www.rodilloscodimar.com\/fr\/produit\/rouleau-tourne\/\" \/>\n<meta property=\"og:site_name\" content=\"CODIMAR\" \/>\n<meta property=\"article:modified_time\" content=\"2021-05-26T12:16:25+00:00\" \/>\n<meta property=\"og:image\" content=\"https:\/\/www.rodilloscodimar.com\/wp-content\/uploads\/2021\/05\/mascarilla-buena-1.325.jpg\" \/>\n\t<meta property=\"og:image:width\" content=\"1920\" \/>\n\t<meta property=\"og:image:height\" content=\"1550\" \/>\n\t<meta property=\"og:image:type\" content=\"image\/jpeg\" \/>\n<meta name=\"twitter:card\" content=\"summary_large_image\" \/>\n<meta name=\"twitter:label1\" content=\"Dur\u00e9e de lecture estim\u00e9e\" \/>\n\t<meta name=\"twitter:data1\" content=\"1 minute\" \/>\n<script type=\"application\/ld+json\" class=\"yoast-schema-graph\">{\"@context\":\"https:\/\/schema.org\",\"@graph\":[{\"@type\":\"WebPage\",\"@id\":\"https:\/\/www.rodilloscodimar.com\/fr\/produit\/rouleau-tourne\/\",\"url\":\"https:\/\/www.rodilloscodimar.com\/fr\/produit\/rouleau-tourne\/\",\"name\":\"Rouleau tourn\u00e9 | Codimar\",\"isPartOf\":{\"@id\":\"https:\/\/www.rodilloscodimar.com\/fr\/#website\"},\"primaryImageOfPage\":{\"@id\":\"https:\/\/www.rodilloscodimar.com\/fr\/produit\/rouleau-tourne\/#primaryimage\"},\"image\":{\"@id\":\"https:\/\/www.rodilloscodimar.com\/fr\/produit\/rouleau-tourne\/#primaryimage\"},\"thumbnailUrl\":\"https:\/\/www.rodilloscodimar.com\/wp-content\/uploads\/2021\/05\/mascarilla-buena-1.325.jpg\",\"datePublished\":\"2021-05-26T11:01:09+00:00\",\"dateModified\":\"2021-05-26T12:16:25+00:00\",\"description\":\"Rouleau tourn\u00e9. Rouleau sur mesure pour la d\u00e9coupe de masque FFP2. Duret\u00e9 58\/62 HRC et tremp\u00e9 jusqu'au c\u0153ur.\",\"breadcrumb\":{\"@id\":\"https:\/\/www.rodilloscodimar.com\/fr\/produit\/rouleau-tourne\/#breadcrumb\"},\"inLanguage\":\"fr-FR\",\"potentialAction\":[{\"@type\":\"ReadAction\",\"target\":[\"https:\/\/www.rodilloscodimar.com\/fr\/produit\/rouleau-tourne\/\"]}]},{\"@type\":\"ImageObject\",\"inLanguage\":\"fr-FR\",\"@id\":\"https:\/\/www.rodilloscodimar.com\/fr\/produit\/rouleau-tourne\/#primaryimage\",\"url\":\"https:\/\/www.rodilloscodimar.com\/wp-content\/uploads\/2021\/05\/mascarilla-buena-1.325.jpg\",\"contentUrl\":\"https:\/\/www.rodilloscodimar.com\/wp-content\/uploads\/2021\/05\/mascarilla-buena-1.325.jpg\",\"width\":1920,\"height\":1550},{\"@type\":\"BreadcrumbList\",\"@id\":\"https:\/\/www.rodilloscodimar.com\/fr\/produit\/rouleau-tourne\/#breadcrumb\",\"itemListElement\":[{\"@type\":\"ListItem\",\"position\":1,\"name\":\"Portada\",\"item\":\"https:\/\/www.rodilloscodimar.com\/fr\/\"},{\"@type\":\"ListItem\",\"position\":2,\"name\":\"Tienda\",\"item\":\"https:\/\/www.rodilloscodimar.com\/tienda\/\"},{\"@type\":\"ListItem\",\"position\":3,\"name\":\"Rouleau tourn\u00e9\"}]},{\"@type\":\"WebSite\",\"@id\":\"https:\/\/www.rodilloscodimar.com\/fr\/#website\",\"url\":\"https:\/\/www.rodilloscodimar.com\/fr\/\",\"name\":\"CODIMAR\",\"description\":\"Frabricante de Componentes , Rodillos, Estaciones y M\u00e1quinas.\",\"publisher\":{\"@id\":\"https:\/\/www.rodilloscodimar.com\/fr\/#organization\"},\"potentialAction\":[{\"@type\":\"SearchAction\",\"target\":{\"@type\":\"EntryPoint\",\"urlTemplate\":\"https:\/\/www.rodilloscodimar.com\/fr\/?s={search_term_string}\"},\"query-input\":{\"@type\":\"PropertyValueSpecification\",\"valueRequired\":true,\"valueName\":\"search_term_string\"}}],\"inLanguage\":\"fr-FR\"},{\"@type\":\"Organization\",\"@id\":\"https:\/\/www.rodilloscodimar.com\/fr\/#organization\",\"name\":\"Rodillos Codimar\",\"url\":\"https:\/\/www.rodilloscodimar.com\/fr\/\",\"logo\":{\"@type\":\"ImageObject\",\"inLanguage\":\"fr-FR\",\"@id\":\"https:\/\/www.rodilloscodimar.com\/fr\/#\/schema\/logo\/image\/\",\"url\":\"https:\/\/www.rodilloscodimar.com\/wp-content\/uploads\/2020\/01\/logo-email.jpg\",\"contentUrl\":\"https:\/\/www.rodilloscodimar.com\/wp-content\/uploads\/2020\/01\/logo-email.jpg\",\"width\":300,\"height\":299,\"caption\":\"Rodillos Codimar\"},\"image\":{\"@id\":\"https:\/\/www.rodilloscodimar.com\/fr\/#\/schema\/logo\/image\/\"}}]}<\/script>\n<!-- \/ Yoast SEO plugin. -->","yoast_head_json":{"title":"Rouleau tourn\u00e9 | Codimar","description":"Rouleau tourn\u00e9. Rouleau sur mesure pour la d\u00e9coupe de masque FFP2. Duret\u00e9 58\/62 HRC et tremp\u00e9 jusqu'au c\u0153ur.","robots":{"index":"index","follow":"follow","max-snippet":"max-snippet:-1","max-image-preview":"max-image-preview:large","max-video-preview":"max-video-preview:-1"},"canonical":"https:\/\/www.rodilloscodimar.com\/fr\/produit\/rouleau-tourne\/","og_locale":"fr_FR","og_type":"article","og_title":"Rouleau tourn\u00e9 | Codimar","og_description":"Rouleau tourn\u00e9. Rouleau sur mesure pour la d\u00e9coupe de masque FFP2. Duret\u00e9 58\/62 HRC et tremp\u00e9 jusqu'au c\u0153ur.","og_url":"https:\/\/www.rodilloscodimar.com\/fr\/produit\/rouleau-tourne\/","og_site_name":"CODIMAR","article_modified_time":"2021-05-26T12:16:25+00:00","og_image":[{"width":1920,"height":1550,"url":"https:\/\/www.rodilloscodimar.com\/wp-content\/uploads\/2021\/05\/mascarilla-buena-1.325.jpg","type":"image\/jpeg"}],"twitter_card":"summary_large_image","twitter_misc":{"Dur\u00e9e de lecture estim\u00e9e":"1 minute"},"schema":{"@context":"https:\/\/schema.org","@graph":[{"@type":"WebPage","@id":"https:\/\/www.rodilloscodimar.com\/fr\/produit\/rouleau-tourne\/","url":"https:\/\/www.rodilloscodimar.com\/fr\/produit\/rouleau-tourne\/","name":"Rouleau tourn\u00e9 | Codimar","isPartOf":{"@id":"https:\/\/www.rodilloscodimar.com\/fr\/#website"},"primaryImageOfPage":{"@id":"https:\/\/www.rodilloscodimar.com\/fr\/produit\/rouleau-tourne\/#primaryimage"},"image":{"@id":"https:\/\/www.rodilloscodimar.com\/fr\/produit\/rouleau-tourne\/#primaryimage"},"thumbnailUrl":"https:\/\/www.rodilloscodimar.com\/wp-content\/uploads\/2021\/05\/mascarilla-buena-1.325.jpg","datePublished":"2021-05-26T11:01:09+00:00","dateModified":"2021-05-26T12:16:25+00:00","description":"Rouleau tourn\u00e9. Rouleau sur mesure pour la d\u00e9coupe de masque FFP2. Duret\u00e9 58\/62 HRC et tremp\u00e9 jusqu'au c\u0153ur.","breadcrumb":{"@id":"https:\/\/www.rodilloscodimar.com\/fr\/produit\/rouleau-tourne\/#breadcrumb"},"inLanguage":"fr-FR","potentialAction":[{"@type":"ReadAction","target":["https:\/\/www.rodilloscodimar.com\/fr\/produit\/rouleau-tourne\/"]}]},{"@type":"ImageObject","inLanguage":"fr-FR","@id":"https:\/\/www.rodilloscodimar.com\/fr\/produit\/rouleau-tourne\/#primaryimage","url":"https:\/\/www.rodilloscodimar.com\/wp-content\/uploads\/2021\/05\/mascarilla-buena-1.325.jpg","contentUrl":"https:\/\/www.rodilloscodimar.com\/wp-content\/uploads\/2021\/05\/mascarilla-buena-1.325.jpg","width":1920,"height":1550},{"@type":"BreadcrumbList","@id":"https:\/\/www.rodilloscodimar.com\/fr\/produit\/rouleau-tourne\/#breadcrumb","itemListElement":[{"@type":"ListItem","position":1,"name":"Portada","item":"https:\/\/www.rodilloscodimar.com\/fr\/"},{"@type":"ListItem","position":2,"name":"Tienda","item":"https:\/\/www.rodilloscodimar.com\/tienda\/"},{"@type":"ListItem","position":3,"name":"Rouleau tourn\u00e9"}]},{"@type":"WebSite","@id":"https:\/\/www.rodilloscodimar.com\/fr\/#website","url":"https:\/\/www.rodilloscodimar.com\/fr\/","name":"CODIMAR","description":"Frabricante de Componentes , Rodillos, Estaciones y M\u00e1quinas.","publisher":{"@id":"https:\/\/www.rodilloscodimar.com\/fr\/#organization"},"potentialAction":[{"@type":"SearchAction","target":{"@type":"EntryPoint","urlTemplate":"https:\/\/www.rodilloscodimar.com\/fr\/?s={search_term_string}"},"query-input":{"@type":"PropertyValueSpecification","valueRequired":true,"valueName":"search_term_string"}}],"inLanguage":"fr-FR"},{"@type":"Organization","@id":"https:\/\/www.rodilloscodimar.com\/fr\/#organization","name":"Rodillos Codimar","url":"https:\/\/www.rodilloscodimar.com\/fr\/","logo":{"@type":"ImageObject","inLanguage":"fr-FR","@id":"https:\/\/www.rodilloscodimar.com\/fr\/#\/schema\/logo\/image\/","url":"https:\/\/www.rodilloscodimar.com\/wp-content\/uploads\/2020\/01\/logo-email.jpg","contentUrl":"https:\/\/www.rodilloscodimar.com\/wp-content\/uploads\/2020\/01\/logo-email.jpg","width":300,"height":299,"caption":"Rodillos Codimar"},"image":{"@id":"https:\/\/www.rodilloscodimar.com\/fr\/#\/schema\/logo\/image\/"}}]}},"_links":{"self":[{"href":"https:\/\/www.rodilloscodimar.com\/fr\/wp-json\/wp\/v2\/product\/8915","targetHints":{"allow":["GET"]}}],"collection":[{"href":"https:\/\/www.rodilloscodimar.com\/fr\/wp-json\/wp\/v2\/product"}],"about":[{"href":"https:\/\/www.rodilloscodimar.com\/fr\/wp-json\/wp\/v2\/types\/product"}],"wp:featuredmedia":[{"embeddable":true,"href":"https:\/\/www.rodilloscodimar.com\/fr\/wp-json\/wp\/v2\/media\/8824"}],"wp:attachment":[{"href":"https:\/\/www.rodilloscodimar.com\/fr\/wp-json\/wp\/v2\/media?parent=8915"}],"wp:term":[{"taxonomy":"product_brand","embeddable":true,"href":"https:\/\/www.rodilloscodimar.com\/fr\/wp-json\/wp\/v2\/product_brand?post=8915"},{"taxonomy":"product_cat","embeddable":true,"href":"https:\/\/www.rodilloscodimar.com\/fr\/wp-json\/wp\/v2\/product_cat?post=8915"},{"taxonomy":"product_tag","embeddable":true,"href":"https:\/\/www.rodilloscodimar.com\/fr\/wp-json\/wp\/v2\/product_tag?post=8915"}],"curies":[{"name":"wp","href":"https:\/\/api.w.org\/{rel}","templated":true}]}}