{"id":5562,"date":"2018-10-18T12:50:46","date_gmt":"2020-12-15T17:43:57","guid":{"rendered":"https:\/\/www.rodilloscodimar.com\/producto\/autres-stations\/"},"modified":"2020-12-15T18:43:57","modified_gmt":"2020-12-15T17:43:57","slug":"autres-stations","status":"publish","type":"product","link":"https:\/\/www.rodilloscodimar.com\/fr\/produit\/autres-stations\/","title":{"rendered":"Autres stations"},"content":{"rendered":"<ul>\n<li>Cadre: carbone \/ acier inoxydable<\/li>\n<li>Finition: peint \/ zingu\u00e9 \/ sabl\u00e9<\/li>\n<li>Profil de cadre: stratifi\u00e9 UPN<\/li>\n<li>Nombre de rouleaux: 1, 2 unit\u00e9s<\/li>\n<li>\u00d8 rouleaux: 60, 63,5, 70, 76, 80, 89, 108, 133 et 156 mm<\/li>\n<li>Angle du rouleau: 0 \u00b0, 10 \u00b0, 15 \u00b0 et 20 \u00b0<\/li>\n<\/ul>\n","protected":false},"excerpt":{"rendered":"<p>En plus des configurations de base de la station, il existe de multiples applications pour ce syst\u00e8me de transport.<\/p>\n<p>Certains cas peuvent \u00eatre:<\/p>\n<p>&#8211;<strong> STATIONS DE PR\u00c9L\u00c8VEMENT ET DE RECHARGE<\/strong> , o\u00f9 la charge est r\u00e9partie sur une plus grande surface de bande pour collecter, classer et inspecter le mat\u00e9riel transport\u00e9.<\/p>\n<p>&#8211;<strong> STATIONS D&rsquo;IMPACT<\/strong> , applicable aux points de chargement et de transfert pour absorber l&rsquo;impact du mat\u00e9riau gr\u00e2ce \u00e0 des caoutchoucs amortisseurs. De cette fa\u00e7on, le bracelet est prot\u00e9g\u00e9 des dommages, augmentant ainsi sa dur\u00e9e de vie utile.<br \/>\n&#8211;<strong> STATIONS AVEC NETTOYEUR H\u00c9LICO\u00cfDAL<\/strong> pour \u00e9viter l&rsquo;accumulation de mat\u00e9riaux collants, gardant ainsi la courroie propre.<br \/>\n&#8211;<strong> STATIONS DE RETOUR AVEC DISQUES<\/strong> , applicable lors du transport de mat\u00e9riaux humides, collants et corrosifs ayant tendance \u00e0 geler sur la bande. La disposition des disques peut \u00eatre group\u00e9e ou espac\u00e9e selon les exigences du convoyeur<\/p>\n","protected":false},"featured_media":1014,"template":"","meta":{"_joinchat":[]},"product_brand":[],"product_cat":[169],"product_tag":[],"class_list":{"0":"post-5562","1":"product","2":"type-product","3":"status-publish","4":"has-post-thumbnail","6":"product_cat-stations-de-rouleaux","8":"first","9":"instock","10":"shipping-taxable","11":"product-type-simple"},"yoast_head":"<!-- This site is optimized with the Yoast SEO plugin v27.2 - https:\/\/yoast.com\/product\/yoast-seo-wordpress\/ -->\n<title>Autres stations | Stations - Rouleaux Codimar SL<\/title>\n<meta name=\"description\" content=\"Chez Rodillos Codimar nous fabriquons d&#039;autres stations telles que des stations de picking et de chargement, des stations d&#039;impact, des stations avec nettoyeur h\u00e9liocide ...\" \/>\n<meta name=\"robots\" content=\"index, follow, max-snippet:-1, max-image-preview:large, max-video-preview:-1\" \/>\n<link rel=\"canonical\" href=\"https:\/\/www.rodilloscodimar.com\/fr\/produit\/autres-stations\/\" \/>\n<meta property=\"og:locale\" content=\"fr_FR\" \/>\n<meta property=\"og:type\" content=\"article\" \/>\n<meta property=\"og:title\" content=\"Autres stations | Stations - Rouleaux Codimar SL\" \/>\n<meta property=\"og:description\" content=\"Chez Rodillos Codimar nous fabriquons d&#039;autres stations telles que des stations de picking et de chargement, des stations d&#039;impact, des stations avec nettoyeur h\u00e9liocide ...\" \/>\n<meta property=\"og:url\" content=\"https:\/\/www.rodilloscodimar.com\/fr\/produit\/autres-stations\/\" \/>\n<meta property=\"og:site_name\" content=\"CODIMAR\" \/>\n<meta property=\"og:image\" content=\"https:\/\/www.rodilloscodimar.com\/wp-content\/uploads\/2018\/10\/ESTACI\u00d3N-SUPERIOR-V-02.204.jpg\" \/>\n\t<meta property=\"og:image:width\" content=\"1080\" \/>\n\t<meta property=\"og:image:height\" content=\"1080\" \/>\n\t<meta property=\"og:image:type\" content=\"image\/jpeg\" \/>\n<meta name=\"twitter:card\" content=\"summary_large_image\" \/>\n<script type=\"application\/ld+json\" class=\"yoast-schema-graph\">{\"@context\":\"https:\/\/schema.org\",\"@graph\":[{\"@type\":\"WebPage\",\"@id\":\"https:\/\/www.rodilloscodimar.com\/fr\/produit\/autres-stations\/\",\"url\":\"https:\/\/www.rodilloscodimar.com\/fr\/produit\/autres-stations\/\",\"name\":\"Autres stations | Stations - Rouleaux Codimar SL\",\"isPartOf\":{\"@id\":\"https:\/\/www.rodilloscodimar.com\/fr\/#website\"},\"primaryImageOfPage\":{\"@id\":\"https:\/\/www.rodilloscodimar.com\/fr\/produit\/autres-stations\/#primaryimage\"},\"image\":{\"@id\":\"https:\/\/www.rodilloscodimar.com\/fr\/produit\/autres-stations\/#primaryimage\"},\"thumbnailUrl\":\"https:\/\/www.rodilloscodimar.com\/wp-content\/uploads\/2018\/10\/ESTACI\u00d3N-SUPERIOR-V-02.204.jpg\",\"datePublished\":\"2020-12-15T17:43:57+00:00\",\"description\":\"Chez Rodillos Codimar nous fabriquons d'autres stations telles que des stations de picking et de chargement, des stations d'impact, des stations avec nettoyeur h\u00e9liocide ...\",\"breadcrumb\":{\"@id\":\"https:\/\/www.rodilloscodimar.com\/fr\/produit\/autres-stations\/#breadcrumb\"},\"inLanguage\":\"fr-FR\",\"potentialAction\":[{\"@type\":\"ReadAction\",\"target\":[\"https:\/\/www.rodilloscodimar.com\/fr\/produit\/autres-stations\/\"]}]},{\"@type\":\"ImageObject\",\"inLanguage\":\"fr-FR\",\"@id\":\"https:\/\/www.rodilloscodimar.com\/fr\/produit\/autres-stations\/#primaryimage\",\"url\":\"https:\/\/www.rodilloscodimar.com\/wp-content\/uploads\/2018\/10\/ESTACI\u00d3N-SUPERIOR-V-02.204.jpg\",\"contentUrl\":\"https:\/\/www.rodilloscodimar.com\/wp-content\/uploads\/2018\/10\/ESTACI\u00d3N-SUPERIOR-V-02.204.jpg\",\"width\":1080,\"height\":1080,\"caption\":\"Stations sup\u00e9rieures en \\\"V\\\"\"},{\"@type\":\"BreadcrumbList\",\"@id\":\"https:\/\/www.rodilloscodimar.com\/fr\/produit\/autres-stations\/#breadcrumb\",\"itemListElement\":[{\"@type\":\"ListItem\",\"position\":1,\"name\":\"Portada\",\"item\":\"https:\/\/www.rodilloscodimar.com\/fr\/\"},{\"@type\":\"ListItem\",\"position\":2,\"name\":\"Tienda\",\"item\":\"https:\/\/www.rodilloscodimar.com\/tienda\/\"},{\"@type\":\"ListItem\",\"position\":3,\"name\":\"Autres stations\"}]},{\"@type\":\"WebSite\",\"@id\":\"https:\/\/www.rodilloscodimar.com\/fr\/#website\",\"url\":\"https:\/\/www.rodilloscodimar.com\/fr\/\",\"name\":\"CODIMAR\",\"description\":\"Frabricante de Componentes , Rodillos, Estaciones y M\u00e1quinas.\",\"publisher\":{\"@id\":\"https:\/\/www.rodilloscodimar.com\/fr\/#organization\"},\"potentialAction\":[{\"@type\":\"SearchAction\",\"target\":{\"@type\":\"EntryPoint\",\"urlTemplate\":\"https:\/\/www.rodilloscodimar.com\/fr\/?s={search_term_string}\"},\"query-input\":{\"@type\":\"PropertyValueSpecification\",\"valueRequired\":true,\"valueName\":\"search_term_string\"}}],\"inLanguage\":\"fr-FR\"},{\"@type\":\"Organization\",\"@id\":\"https:\/\/www.rodilloscodimar.com\/fr\/#organization\",\"name\":\"Rodillos Codimar\",\"url\":\"https:\/\/www.rodilloscodimar.com\/fr\/\",\"logo\":{\"@type\":\"ImageObject\",\"inLanguage\":\"fr-FR\",\"@id\":\"https:\/\/www.rodilloscodimar.com\/fr\/#\/schema\/logo\/image\/\",\"url\":\"https:\/\/www.rodilloscodimar.com\/wp-content\/uploads\/2020\/01\/logo-email.jpg\",\"contentUrl\":\"https:\/\/www.rodilloscodimar.com\/wp-content\/uploads\/2020\/01\/logo-email.jpg\",\"width\":300,\"height\":299,\"caption\":\"Rodillos Codimar\"},\"image\":{\"@id\":\"https:\/\/www.rodilloscodimar.com\/fr\/#\/schema\/logo\/image\/\"}}]}<\/script>\n<!-- \/ Yoast SEO plugin. -->","yoast_head_json":{"title":"Autres stations | Stations - Rouleaux Codimar SL","description":"Chez Rodillos Codimar nous fabriquons d'autres stations telles que des stations de picking et de chargement, des stations d'impact, des stations avec nettoyeur h\u00e9liocide ...","robots":{"index":"index","follow":"follow","max-snippet":"max-snippet:-1","max-image-preview":"max-image-preview:large","max-video-preview":"max-video-preview:-1"},"canonical":"https:\/\/www.rodilloscodimar.com\/fr\/produit\/autres-stations\/","og_locale":"fr_FR","og_type":"article","og_title":"Autres stations | Stations - Rouleaux Codimar SL","og_description":"Chez Rodillos Codimar nous fabriquons d'autres stations telles que des stations de picking et de chargement, des stations d'impact, des stations avec nettoyeur h\u00e9liocide ...","og_url":"https:\/\/www.rodilloscodimar.com\/fr\/produit\/autres-stations\/","og_site_name":"CODIMAR","og_image":[{"width":1080,"height":1080,"url":"https:\/\/www.rodilloscodimar.com\/wp-content\/uploads\/2018\/10\/ESTACI\u00d3N-SUPERIOR-V-02.204.jpg","type":"image\/jpeg"}],"twitter_card":"summary_large_image","schema":{"@context":"https:\/\/schema.org","@graph":[{"@type":"WebPage","@id":"https:\/\/www.rodilloscodimar.com\/fr\/produit\/autres-stations\/","url":"https:\/\/www.rodilloscodimar.com\/fr\/produit\/autres-stations\/","name":"Autres stations | Stations - Rouleaux Codimar SL","isPartOf":{"@id":"https:\/\/www.rodilloscodimar.com\/fr\/#website"},"primaryImageOfPage":{"@id":"https:\/\/www.rodilloscodimar.com\/fr\/produit\/autres-stations\/#primaryimage"},"image":{"@id":"https:\/\/www.rodilloscodimar.com\/fr\/produit\/autres-stations\/#primaryimage"},"thumbnailUrl":"https:\/\/www.rodilloscodimar.com\/wp-content\/uploads\/2018\/10\/ESTACI\u00d3N-SUPERIOR-V-02.204.jpg","datePublished":"2020-12-15T17:43:57+00:00","description":"Chez Rodillos Codimar nous fabriquons d'autres stations telles que des stations de picking et de chargement, des stations d'impact, des stations avec nettoyeur h\u00e9liocide ...","breadcrumb":{"@id":"https:\/\/www.rodilloscodimar.com\/fr\/produit\/autres-stations\/#breadcrumb"},"inLanguage":"fr-FR","potentialAction":[{"@type":"ReadAction","target":["https:\/\/www.rodilloscodimar.com\/fr\/produit\/autres-stations\/"]}]},{"@type":"ImageObject","inLanguage":"fr-FR","@id":"https:\/\/www.rodilloscodimar.com\/fr\/produit\/autres-stations\/#primaryimage","url":"https:\/\/www.rodilloscodimar.com\/wp-content\/uploads\/2018\/10\/ESTACI\u00d3N-SUPERIOR-V-02.204.jpg","contentUrl":"https:\/\/www.rodilloscodimar.com\/wp-content\/uploads\/2018\/10\/ESTACI\u00d3N-SUPERIOR-V-02.204.jpg","width":1080,"height":1080,"caption":"Stations sup\u00e9rieures en \"V\""},{"@type":"BreadcrumbList","@id":"https:\/\/www.rodilloscodimar.com\/fr\/produit\/autres-stations\/#breadcrumb","itemListElement":[{"@type":"ListItem","position":1,"name":"Portada","item":"https:\/\/www.rodilloscodimar.com\/fr\/"},{"@type":"ListItem","position":2,"name":"Tienda","item":"https:\/\/www.rodilloscodimar.com\/tienda\/"},{"@type":"ListItem","position":3,"name":"Autres stations"}]},{"@type":"WebSite","@id":"https:\/\/www.rodilloscodimar.com\/fr\/#website","url":"https:\/\/www.rodilloscodimar.com\/fr\/","name":"CODIMAR","description":"Frabricante de Componentes , Rodillos, Estaciones y M\u00e1quinas.","publisher":{"@id":"https:\/\/www.rodilloscodimar.com\/fr\/#organization"},"potentialAction":[{"@type":"SearchAction","target":{"@type":"EntryPoint","urlTemplate":"https:\/\/www.rodilloscodimar.com\/fr\/?s={search_term_string}"},"query-input":{"@type":"PropertyValueSpecification","valueRequired":true,"valueName":"search_term_string"}}],"inLanguage":"fr-FR"},{"@type":"Organization","@id":"https:\/\/www.rodilloscodimar.com\/fr\/#organization","name":"Rodillos Codimar","url":"https:\/\/www.rodilloscodimar.com\/fr\/","logo":{"@type":"ImageObject","inLanguage":"fr-FR","@id":"https:\/\/www.rodilloscodimar.com\/fr\/#\/schema\/logo\/image\/","url":"https:\/\/www.rodilloscodimar.com\/wp-content\/uploads\/2020\/01\/logo-email.jpg","contentUrl":"https:\/\/www.rodilloscodimar.com\/wp-content\/uploads\/2020\/01\/logo-email.jpg","width":300,"height":299,"caption":"Rodillos Codimar"},"image":{"@id":"https:\/\/www.rodilloscodimar.com\/fr\/#\/schema\/logo\/image\/"}}]}},"_links":{"self":[{"href":"https:\/\/www.rodilloscodimar.com\/fr\/wp-json\/wp\/v2\/product\/5562","targetHints":{"allow":["GET"]}}],"collection":[{"href":"https:\/\/www.rodilloscodimar.com\/fr\/wp-json\/wp\/v2\/product"}],"about":[{"href":"https:\/\/www.rodilloscodimar.com\/fr\/wp-json\/wp\/v2\/types\/product"}],"wp:featuredmedia":[{"embeddable":true,"href":"https:\/\/www.rodilloscodimar.com\/fr\/wp-json\/wp\/v2\/media\/1014"}],"wp:attachment":[{"href":"https:\/\/www.rodilloscodimar.com\/fr\/wp-json\/wp\/v2\/media?parent=5562"}],"wp:term":[{"taxonomy":"product_brand","embeddable":true,"href":"https:\/\/www.rodilloscodimar.com\/fr\/wp-json\/wp\/v2\/product_brand?post=5562"},{"taxonomy":"product_cat","embeddable":true,"href":"https:\/\/www.rodilloscodimar.com\/fr\/wp-json\/wp\/v2\/product_cat?post=5562"},{"taxonomy":"product_tag","embeddable":true,"href":"https:\/\/www.rodilloscodimar.com\/fr\/wp-json\/wp\/v2\/product_tag?post=5562"}],"curies":[{"name":"wp","href":"https:\/\/api.w.org\/{rel}","templated":true}]}}