{"id":5547,"date":"2018-10-18T12:28:08","date_gmt":"2020-12-15T17:43:20","guid":{"rendered":"https:\/\/www.rodilloscodimar.com\/producto\/stations-a-rouleaux-flexibles\/"},"modified":"2020-12-15T18:43:20","modified_gmt":"2020-12-15T17:43:20","slug":"stations-a-rouleaux-flexibles","status":"publish","type":"product","link":"https:\/\/www.rodilloscodimar.com\/fr\/produit\/stations-a-rouleaux-flexibles\/","title":{"rendered":"Stations \u00e0 rouleaux flexibles"},"content":{"rendered":"<ul>\n<li>Cadre: carbone \/ acier inoxydable<\/li>\n<li>Finition: peint \/ zingu\u00e9 \/ sabl\u00e9<\/li>\n<li>Profil de cadre: stratifi\u00e9 UPN ou L<\/li>\n<li>Nombre de rouleaux: 1 unit\u00e9s<\/li>\n<li>\u00d8 rouleaux: 76 et 92 mm<\/li>\n<\/ul>\n","protected":false},"excerpt":{"rendered":"<p>C&rsquo;est une station pour le support de la bande au moyen de rouleaux flexibles ou de guirlandes.<\/p>\n<p>Convient aux cas o\u00f9 des probl\u00e8mes d&rsquo;humidit\u00e9 ou des agents chimiques peuvent survenir.<\/p>\n<p>Ce type de rouleau est form\u00e9 par un c\u00e2ble \u00e0 roues avec un rev\u00eatement vulcanis\u00e9 de sorte qu&rsquo;il emp\u00eache les roues de bouger et ne laisse pas l&rsquo;humidit\u00e9 p\u00e9n\u00e9trer dans son noyau.<\/p>\n<p>Il est \u00e9galement autonettoyant et autocentrant.<\/p>\n","protected":false},"featured_media":1043,"template":"","meta":{"_joinchat":[]},"product_brand":[],"product_cat":[169],"product_tag":[],"class_list":{"0":"post-5547","1":"product","2":"type-product","3":"status-publish","4":"has-post-thumbnail","6":"product_cat-stations-de-rouleaux","8":"first","9":"instock","10":"shipping-taxable","11":"product-type-simple"},"yoast_head":"<!-- This site is optimized with the Yoast SEO plugin v27.2 - https:\/\/yoast.com\/product\/yoast-seo-wordpress\/ -->\n<title>Stations \u00e0 rouleaux flexibles | Stations - Rouleaux Codimar SL<\/title>\n<meta name=\"description\" content=\"Les stations \u00e0 rouleaux flexibles sont des stations con\u00e7ues pour supporter la bande au moyen de rouleaux flexibles ou de guirlandes.\" \/>\n<meta name=\"robots\" content=\"index, follow, max-snippet:-1, max-image-preview:large, max-video-preview:-1\" \/>\n<link rel=\"canonical\" href=\"https:\/\/www.rodilloscodimar.com\/fr\/produit\/stations-a-rouleaux-flexibles\/\" \/>\n<meta property=\"og:locale\" content=\"fr_FR\" \/>\n<meta property=\"og:type\" content=\"article\" \/>\n<meta property=\"og:title\" content=\"Stations \u00e0 rouleaux flexibles | Stations - Rouleaux Codimar SL\" \/>\n<meta property=\"og:description\" content=\"Les stations \u00e0 rouleaux flexibles sont des stations con\u00e7ues pour supporter la bande au moyen de rouleaux flexibles ou de guirlandes.\" \/>\n<meta property=\"og:url\" content=\"https:\/\/www.rodilloscodimar.com\/fr\/produit\/stations-a-rouleaux-flexibles\/\" \/>\n<meta property=\"og:site_name\" content=\"CODIMAR\" \/>\n<meta property=\"og:image\" content=\"https:\/\/www.rodilloscodimar.com\/wp-content\/uploads\/2018\/10\/ESTACI\u00d3N-ROD.232.jpg\" \/>\n\t<meta property=\"og:image:width\" content=\"1080\" \/>\n\t<meta property=\"og:image:height\" content=\"1080\" \/>\n\t<meta property=\"og:image:type\" content=\"image\/jpeg\" \/>\n<meta name=\"twitter:card\" content=\"summary_large_image\" \/>\n<script type=\"application\/ld+json\" class=\"yoast-schema-graph\">{\"@context\":\"https:\/\/schema.org\",\"@graph\":[{\"@type\":\"WebPage\",\"@id\":\"https:\/\/www.rodilloscodimar.com\/fr\/produit\/stations-a-rouleaux-flexibles\/\",\"url\":\"https:\/\/www.rodilloscodimar.com\/fr\/produit\/stations-a-rouleaux-flexibles\/\",\"name\":\"Stations \u00e0 rouleaux flexibles | Stations - Rouleaux Codimar SL\",\"isPartOf\":{\"@id\":\"https:\/\/www.rodilloscodimar.com\/fr\/#website\"},\"primaryImageOfPage\":{\"@id\":\"https:\/\/www.rodilloscodimar.com\/fr\/produit\/stations-a-rouleaux-flexibles\/#primaryimage\"},\"image\":{\"@id\":\"https:\/\/www.rodilloscodimar.com\/fr\/produit\/stations-a-rouleaux-flexibles\/#primaryimage\"},\"thumbnailUrl\":\"https:\/\/www.rodilloscodimar.com\/wp-content\/uploads\/2018\/10\/ESTACI\u00d3N-ROD.232.jpg\",\"datePublished\":\"2020-12-15T17:43:20+00:00\",\"description\":\"Les stations \u00e0 rouleaux flexibles sont des stations con\u00e7ues pour supporter la bande au moyen de rouleaux flexibles ou de guirlandes.\",\"breadcrumb\":{\"@id\":\"https:\/\/www.rodilloscodimar.com\/fr\/produit\/stations-a-rouleaux-flexibles\/#breadcrumb\"},\"inLanguage\":\"fr-FR\",\"potentialAction\":[{\"@type\":\"ReadAction\",\"target\":[\"https:\/\/www.rodilloscodimar.com\/fr\/produit\/stations-a-rouleaux-flexibles\/\"]}]},{\"@type\":\"ImageObject\",\"inLanguage\":\"fr-FR\",\"@id\":\"https:\/\/www.rodilloscodimar.com\/fr\/produit\/stations-a-rouleaux-flexibles\/#primaryimage\",\"url\":\"https:\/\/www.rodilloscodimar.com\/wp-content\/uploads\/2018\/10\/ESTACI\u00d3N-ROD.232.jpg\",\"contentUrl\":\"https:\/\/www.rodilloscodimar.com\/wp-content\/uploads\/2018\/10\/ESTACI\u00d3N-ROD.232.jpg\",\"width\":1080,\"height\":1080,\"caption\":\"Stations \u00e0 rouleaux flexibles\"},{\"@type\":\"BreadcrumbList\",\"@id\":\"https:\/\/www.rodilloscodimar.com\/fr\/produit\/stations-a-rouleaux-flexibles\/#breadcrumb\",\"itemListElement\":[{\"@type\":\"ListItem\",\"position\":1,\"name\":\"Portada\",\"item\":\"https:\/\/www.rodilloscodimar.com\/fr\/\"},{\"@type\":\"ListItem\",\"position\":2,\"name\":\"Tienda\",\"item\":\"https:\/\/www.rodilloscodimar.com\/tienda\/\"},{\"@type\":\"ListItem\",\"position\":3,\"name\":\"Stations \u00e0 rouleaux flexibles\"}]},{\"@type\":\"WebSite\",\"@id\":\"https:\/\/www.rodilloscodimar.com\/fr\/#website\",\"url\":\"https:\/\/www.rodilloscodimar.com\/fr\/\",\"name\":\"CODIMAR\",\"description\":\"Frabricante de Componentes , Rodillos, Estaciones y M\u00e1quinas.\",\"publisher\":{\"@id\":\"https:\/\/www.rodilloscodimar.com\/fr\/#organization\"},\"potentialAction\":[{\"@type\":\"SearchAction\",\"target\":{\"@type\":\"EntryPoint\",\"urlTemplate\":\"https:\/\/www.rodilloscodimar.com\/fr\/?s={search_term_string}\"},\"query-input\":{\"@type\":\"PropertyValueSpecification\",\"valueRequired\":true,\"valueName\":\"search_term_string\"}}],\"inLanguage\":\"fr-FR\"},{\"@type\":\"Organization\",\"@id\":\"https:\/\/www.rodilloscodimar.com\/fr\/#organization\",\"name\":\"Rodillos Codimar\",\"url\":\"https:\/\/www.rodilloscodimar.com\/fr\/\",\"logo\":{\"@type\":\"ImageObject\",\"inLanguage\":\"fr-FR\",\"@id\":\"https:\/\/www.rodilloscodimar.com\/fr\/#\/schema\/logo\/image\/\",\"url\":\"https:\/\/www.rodilloscodimar.com\/wp-content\/uploads\/2020\/01\/logo-email.jpg\",\"contentUrl\":\"https:\/\/www.rodilloscodimar.com\/wp-content\/uploads\/2020\/01\/logo-email.jpg\",\"width\":300,\"height\":299,\"caption\":\"Rodillos Codimar\"},\"image\":{\"@id\":\"https:\/\/www.rodilloscodimar.com\/fr\/#\/schema\/logo\/image\/\"}}]}<\/script>\n<!-- \/ Yoast SEO plugin. -->","yoast_head_json":{"title":"Stations \u00e0 rouleaux flexibles | Stations - Rouleaux Codimar SL","description":"Les stations \u00e0 rouleaux flexibles sont des stations con\u00e7ues pour supporter la bande au moyen de rouleaux flexibles ou de guirlandes.","robots":{"index":"index","follow":"follow","max-snippet":"max-snippet:-1","max-image-preview":"max-image-preview:large","max-video-preview":"max-video-preview:-1"},"canonical":"https:\/\/www.rodilloscodimar.com\/fr\/produit\/stations-a-rouleaux-flexibles\/","og_locale":"fr_FR","og_type":"article","og_title":"Stations \u00e0 rouleaux flexibles | Stations - Rouleaux Codimar SL","og_description":"Les stations \u00e0 rouleaux flexibles sont des stations con\u00e7ues pour supporter la bande au moyen de rouleaux flexibles ou de guirlandes.","og_url":"https:\/\/www.rodilloscodimar.com\/fr\/produit\/stations-a-rouleaux-flexibles\/","og_site_name":"CODIMAR","og_image":[{"width":1080,"height":1080,"url":"https:\/\/www.rodilloscodimar.com\/wp-content\/uploads\/2018\/10\/ESTACI\u00d3N-ROD.232.jpg","type":"image\/jpeg"}],"twitter_card":"summary_large_image","schema":{"@context":"https:\/\/schema.org","@graph":[{"@type":"WebPage","@id":"https:\/\/www.rodilloscodimar.com\/fr\/produit\/stations-a-rouleaux-flexibles\/","url":"https:\/\/www.rodilloscodimar.com\/fr\/produit\/stations-a-rouleaux-flexibles\/","name":"Stations \u00e0 rouleaux flexibles | Stations - Rouleaux Codimar SL","isPartOf":{"@id":"https:\/\/www.rodilloscodimar.com\/fr\/#website"},"primaryImageOfPage":{"@id":"https:\/\/www.rodilloscodimar.com\/fr\/produit\/stations-a-rouleaux-flexibles\/#primaryimage"},"image":{"@id":"https:\/\/www.rodilloscodimar.com\/fr\/produit\/stations-a-rouleaux-flexibles\/#primaryimage"},"thumbnailUrl":"https:\/\/www.rodilloscodimar.com\/wp-content\/uploads\/2018\/10\/ESTACI\u00d3N-ROD.232.jpg","datePublished":"2020-12-15T17:43:20+00:00","description":"Les stations \u00e0 rouleaux flexibles sont des stations con\u00e7ues pour supporter la bande au moyen de rouleaux flexibles ou de guirlandes.","breadcrumb":{"@id":"https:\/\/www.rodilloscodimar.com\/fr\/produit\/stations-a-rouleaux-flexibles\/#breadcrumb"},"inLanguage":"fr-FR","potentialAction":[{"@type":"ReadAction","target":["https:\/\/www.rodilloscodimar.com\/fr\/produit\/stations-a-rouleaux-flexibles\/"]}]},{"@type":"ImageObject","inLanguage":"fr-FR","@id":"https:\/\/www.rodilloscodimar.com\/fr\/produit\/stations-a-rouleaux-flexibles\/#primaryimage","url":"https:\/\/www.rodilloscodimar.com\/wp-content\/uploads\/2018\/10\/ESTACI\u00d3N-ROD.232.jpg","contentUrl":"https:\/\/www.rodilloscodimar.com\/wp-content\/uploads\/2018\/10\/ESTACI\u00d3N-ROD.232.jpg","width":1080,"height":1080,"caption":"Stations \u00e0 rouleaux flexibles"},{"@type":"BreadcrumbList","@id":"https:\/\/www.rodilloscodimar.com\/fr\/produit\/stations-a-rouleaux-flexibles\/#breadcrumb","itemListElement":[{"@type":"ListItem","position":1,"name":"Portada","item":"https:\/\/www.rodilloscodimar.com\/fr\/"},{"@type":"ListItem","position":2,"name":"Tienda","item":"https:\/\/www.rodilloscodimar.com\/tienda\/"},{"@type":"ListItem","position":3,"name":"Stations \u00e0 rouleaux flexibles"}]},{"@type":"WebSite","@id":"https:\/\/www.rodilloscodimar.com\/fr\/#website","url":"https:\/\/www.rodilloscodimar.com\/fr\/","name":"CODIMAR","description":"Frabricante de Componentes , Rodillos, Estaciones y M\u00e1quinas.","publisher":{"@id":"https:\/\/www.rodilloscodimar.com\/fr\/#organization"},"potentialAction":[{"@type":"SearchAction","target":{"@type":"EntryPoint","urlTemplate":"https:\/\/www.rodilloscodimar.com\/fr\/?s={search_term_string}"},"query-input":{"@type":"PropertyValueSpecification","valueRequired":true,"valueName":"search_term_string"}}],"inLanguage":"fr-FR"},{"@type":"Organization","@id":"https:\/\/www.rodilloscodimar.com\/fr\/#organization","name":"Rodillos Codimar","url":"https:\/\/www.rodilloscodimar.com\/fr\/","logo":{"@type":"ImageObject","inLanguage":"fr-FR","@id":"https:\/\/www.rodilloscodimar.com\/fr\/#\/schema\/logo\/image\/","url":"https:\/\/www.rodilloscodimar.com\/wp-content\/uploads\/2020\/01\/logo-email.jpg","contentUrl":"https:\/\/www.rodilloscodimar.com\/wp-content\/uploads\/2020\/01\/logo-email.jpg","width":300,"height":299,"caption":"Rodillos Codimar"},"image":{"@id":"https:\/\/www.rodilloscodimar.com\/fr\/#\/schema\/logo\/image\/"}}]}},"_links":{"self":[{"href":"https:\/\/www.rodilloscodimar.com\/fr\/wp-json\/wp\/v2\/product\/5547","targetHints":{"allow":["GET"]}}],"collection":[{"href":"https:\/\/www.rodilloscodimar.com\/fr\/wp-json\/wp\/v2\/product"}],"about":[{"href":"https:\/\/www.rodilloscodimar.com\/fr\/wp-json\/wp\/v2\/types\/product"}],"wp:featuredmedia":[{"embeddable":true,"href":"https:\/\/www.rodilloscodimar.com\/fr\/wp-json\/wp\/v2\/media\/1043"}],"wp:attachment":[{"href":"https:\/\/www.rodilloscodimar.com\/fr\/wp-json\/wp\/v2\/media?parent=5547"}],"wp:term":[{"taxonomy":"product_brand","embeddable":true,"href":"https:\/\/www.rodilloscodimar.com\/fr\/wp-json\/wp\/v2\/product_brand?post=5547"},{"taxonomy":"product_cat","embeddable":true,"href":"https:\/\/www.rodilloscodimar.com\/fr\/wp-json\/wp\/v2\/product_cat?post=5547"},{"taxonomy":"product_tag","embeddable":true,"href":"https:\/\/www.rodilloscodimar.com\/fr\/wp-json\/wp\/v2\/product_tag?post=5547"}],"curies":[{"name":"wp","href":"https:\/\/api.w.org\/{rel}","templated":true}]}}