{"id":5540,"date":"2018-10-09T18:13:15","date_gmt":"2020-12-15T17:43:08","guid":{"rendered":"https:\/\/www.rodilloscodimar.com\/producto\/tambour-dentrainement-de-cage\/"},"modified":"2020-12-15T18:43:08","modified_gmt":"2020-12-15T17:43:08","slug":"tambour-dentrainement-cage","status":"publish","type":"product","link":"https:\/\/www.rodilloscodimar.com\/fr\/produit\/tambour-dentrainement-cage\/","title":{"rendered":"Tambour d&rsquo;entra\u00eenement de cage"},"content":{"rendered":"<ul>\n<li>Tambour d&rsquo;entra\u00eenement \u00e0 cage indiqu\u00e9 pour l&rsquo;agriculture et les travaux plus l\u00e9gers, mais avec un degr\u00e9 \u00e9lev\u00e9 de salet\u00e9 au retour de la courroie<\/li>\n<li>La cage d&rsquo;\u00e9cureuil en plaques ou en \u00ab\u00a0 U \u00a0\u00bb invers\u00e9, emp\u00eache le produit, qu&rsquo;il s&rsquo;agisse de noyaux de fruits, de gravier ou autres, d&rsquo;\u00eatre \u00e9cras\u00e9 entre la paroi du tube du tambour et le couvercle inf\u00e9rieur de la bande transporteuse<\/li>\n<li>Construit avec des plaques d&rsquo;\u00e9paisseurs diff\u00e9rentes, en \u00abU\u00bb invers\u00e9 ou m\u00eame avec des tubes ronds; qui forment une cage dans laquelle le produit qui revient contre le tambour au retour de la courroie, p\u00e9n\u00e8tre et sort facilement, emp\u00eachant une \u00e9ventuelle rupture du rev\u00eatement de la courroie et \/ ou un d\u00e9rapage de celle-ci<\/li>\n<\/ul>\n","protected":false},"excerpt":{"rendered":"<p>Tambours reposant sur des plaques ou des jantes pleines, en \u00abU\u00bb invers\u00e9, des tubes pleins ronds ou m\u00eame ronds soud\u00e9s sur les disques de support fix\u00e9s \u00e0 l&rsquo;axe central, qui composent ce qu&rsquo;on appelle la \u00abcage d&rsquo;\u00e9cureuil\u00bb.<\/p>\n","protected":false},"featured_media":1769,"template":"","meta":{"_joinchat":[]},"product_brand":[],"product_cat":[221],"product_tag":[],"class_list":{"0":"post-5540","1":"product","2":"type-product","3":"status-publish","4":"has-post-thumbnail","6":"product_cat-tambours","8":"first","9":"instock","10":"shipping-taxable","11":"product-type-simple"},"yoast_head":"<!-- This site is optimized with the Yoast SEO plugin v27.2 - https:\/\/yoast.com\/product\/yoast-seo-wordpress\/ -->\n<title>Tambour d&#039;entra\u00eenement de cage | Tambours - Rouleaux Codimar SL<\/title>\n<meta name=\"description\" content=\"Le Cage Drive Drum est indiqu\u00e9 pour l&#039;agriculture, bas\u00e9 sur un \u00abU\u00bb invers\u00e9, ils emp\u00eachent le produit de s&#039;\u00e9craser entre la paroi du tube du tambour.\" \/>\n<meta name=\"robots\" content=\"index, follow, max-snippet:-1, max-image-preview:large, max-video-preview:-1\" \/>\n<link rel=\"canonical\" href=\"https:\/\/www.rodilloscodimar.com\/fr\/produit\/tambour-dentrainement-cage\/\" \/>\n<meta property=\"og:locale\" content=\"fr_FR\" \/>\n<meta property=\"og:type\" content=\"article\" \/>\n<meta property=\"og:title\" content=\"Tambour d&#039;entra\u00eenement de cage | Tambours - Rouleaux Codimar SL\" \/>\n<meta property=\"og:description\" content=\"Le Cage Drive Drum est indiqu\u00e9 pour l&#039;agriculture, bas\u00e9 sur un \u00abU\u00bb invers\u00e9, ils emp\u00eachent le produit de s&#039;\u00e9craser entre la paroi du tube du tambour.\" \/>\n<meta property=\"og:url\" content=\"https:\/\/www.rodilloscodimar.com\/fr\/produit\/tambour-dentrainement-cage\/\" \/>\n<meta property=\"og:site_name\" content=\"CODIMAR\" \/>\n<meta property=\"og:image\" content=\"https:\/\/www.rodilloscodimar.com\/wp-content\/uploads\/2018\/10\/TAMBOR-JAULA-con-fondo-naacr.jpg\" \/>\n\t<meta property=\"og:image:width\" content=\"1440\" \/>\n\t<meta property=\"og:image:height\" content=\"1080\" \/>\n\t<meta property=\"og:image:type\" content=\"image\/jpeg\" \/>\n<meta name=\"twitter:card\" content=\"summary_large_image\" \/>\n<meta name=\"twitter:label1\" content=\"Dur\u00e9e de lecture estim\u00e9e\" \/>\n\t<meta name=\"twitter:data1\" content=\"1 minute\" \/>\n<script type=\"application\/ld+json\" class=\"yoast-schema-graph\">{\"@context\":\"https:\/\/schema.org\",\"@graph\":[{\"@type\":\"WebPage\",\"@id\":\"https:\/\/www.rodilloscodimar.com\/fr\/produit\/tambour-dentrainement-cage\/\",\"url\":\"https:\/\/www.rodilloscodimar.com\/fr\/produit\/tambour-dentrainement-cage\/\",\"name\":\"Tambour d'entra\u00eenement de cage | Tambours - Rouleaux Codimar SL\",\"isPartOf\":{\"@id\":\"https:\/\/www.rodilloscodimar.com\/fr\/#website\"},\"primaryImageOfPage\":{\"@id\":\"https:\/\/www.rodilloscodimar.com\/fr\/produit\/tambour-dentrainement-cage\/#primaryimage\"},\"image\":{\"@id\":\"https:\/\/www.rodilloscodimar.com\/fr\/produit\/tambour-dentrainement-cage\/#primaryimage\"},\"thumbnailUrl\":\"https:\/\/www.rodilloscodimar.com\/wp-content\/uploads\/2018\/10\/TAMBOR-JAULA-con-fondo-naacr.jpg\",\"datePublished\":\"2020-12-15T17:43:08+00:00\",\"description\":\"Le Cage Drive Drum est indiqu\u00e9 pour l'agriculture, bas\u00e9 sur un \u00abU\u00bb invers\u00e9, ils emp\u00eachent le produit de s'\u00e9craser entre la paroi du tube du tambour.\",\"breadcrumb\":{\"@id\":\"https:\/\/www.rodilloscodimar.com\/fr\/produit\/tambour-dentrainement-cage\/#breadcrumb\"},\"inLanguage\":\"fr-FR\",\"potentialAction\":[{\"@type\":\"ReadAction\",\"target\":[\"https:\/\/www.rodilloscodimar.com\/fr\/produit\/tambour-dentrainement-cage\/\"]}]},{\"@type\":\"ImageObject\",\"inLanguage\":\"fr-FR\",\"@id\":\"https:\/\/www.rodilloscodimar.com\/fr\/produit\/tambour-dentrainement-cage\/#primaryimage\",\"url\":\"https:\/\/www.rodilloscodimar.com\/wp-content\/uploads\/2018\/10\/TAMBOR-JAULA-con-fondo-naacr.jpg\",\"contentUrl\":\"https:\/\/www.rodilloscodimar.com\/wp-content\/uploads\/2018\/10\/TAMBOR-JAULA-con-fondo-naacr.jpg\",\"width\":1440,\"height\":1080,\"caption\":\"Tambour d'entra\u00eenement de cage\"},{\"@type\":\"BreadcrumbList\",\"@id\":\"https:\/\/www.rodilloscodimar.com\/fr\/produit\/tambour-dentrainement-cage\/#breadcrumb\",\"itemListElement\":[{\"@type\":\"ListItem\",\"position\":1,\"name\":\"Portada\",\"item\":\"https:\/\/www.rodilloscodimar.com\/fr\/\"},{\"@type\":\"ListItem\",\"position\":2,\"name\":\"Tienda\",\"item\":\"https:\/\/www.rodilloscodimar.com\/tienda\/\"},{\"@type\":\"ListItem\",\"position\":3,\"name\":\"Tambour d&rsquo;entra\u00eenement de cage\"}]},{\"@type\":\"WebSite\",\"@id\":\"https:\/\/www.rodilloscodimar.com\/fr\/#website\",\"url\":\"https:\/\/www.rodilloscodimar.com\/fr\/\",\"name\":\"CODIMAR\",\"description\":\"Frabricante de Componentes , Rodillos, Estaciones y M\u00e1quinas.\",\"publisher\":{\"@id\":\"https:\/\/www.rodilloscodimar.com\/fr\/#organization\"},\"potentialAction\":[{\"@type\":\"SearchAction\",\"target\":{\"@type\":\"EntryPoint\",\"urlTemplate\":\"https:\/\/www.rodilloscodimar.com\/fr\/?s={search_term_string}\"},\"query-input\":{\"@type\":\"PropertyValueSpecification\",\"valueRequired\":true,\"valueName\":\"search_term_string\"}}],\"inLanguage\":\"fr-FR\"},{\"@type\":\"Organization\",\"@id\":\"https:\/\/www.rodilloscodimar.com\/fr\/#organization\",\"name\":\"Rodillos Codimar\",\"url\":\"https:\/\/www.rodilloscodimar.com\/fr\/\",\"logo\":{\"@type\":\"ImageObject\",\"inLanguage\":\"fr-FR\",\"@id\":\"https:\/\/www.rodilloscodimar.com\/fr\/#\/schema\/logo\/image\/\",\"url\":\"https:\/\/www.rodilloscodimar.com\/wp-content\/uploads\/2020\/01\/logo-email.jpg\",\"contentUrl\":\"https:\/\/www.rodilloscodimar.com\/wp-content\/uploads\/2020\/01\/logo-email.jpg\",\"width\":300,\"height\":299,\"caption\":\"Rodillos Codimar\"},\"image\":{\"@id\":\"https:\/\/www.rodilloscodimar.com\/fr\/#\/schema\/logo\/image\/\"}}]}<\/script>\n<!-- \/ Yoast SEO plugin. -->","yoast_head_json":{"title":"Tambour d'entra\u00eenement de cage | Tambours - Rouleaux Codimar SL","description":"Le Cage Drive Drum est indiqu\u00e9 pour l'agriculture, bas\u00e9 sur un \u00abU\u00bb invers\u00e9, ils emp\u00eachent le produit de s'\u00e9craser entre la paroi du tube du tambour.","robots":{"index":"index","follow":"follow","max-snippet":"max-snippet:-1","max-image-preview":"max-image-preview:large","max-video-preview":"max-video-preview:-1"},"canonical":"https:\/\/www.rodilloscodimar.com\/fr\/produit\/tambour-dentrainement-cage\/","og_locale":"fr_FR","og_type":"article","og_title":"Tambour d'entra\u00eenement de cage | Tambours - Rouleaux Codimar SL","og_description":"Le Cage Drive Drum est indiqu\u00e9 pour l'agriculture, bas\u00e9 sur un \u00abU\u00bb invers\u00e9, ils emp\u00eachent le produit de s'\u00e9craser entre la paroi du tube du tambour.","og_url":"https:\/\/www.rodilloscodimar.com\/fr\/produit\/tambour-dentrainement-cage\/","og_site_name":"CODIMAR","og_image":[{"width":1440,"height":1080,"url":"https:\/\/www.rodilloscodimar.com\/wp-content\/uploads\/2018\/10\/TAMBOR-JAULA-con-fondo-naacr.jpg","type":"image\/jpeg"}],"twitter_card":"summary_large_image","twitter_misc":{"Dur\u00e9e de lecture estim\u00e9e":"1 minute"},"schema":{"@context":"https:\/\/schema.org","@graph":[{"@type":"WebPage","@id":"https:\/\/www.rodilloscodimar.com\/fr\/produit\/tambour-dentrainement-cage\/","url":"https:\/\/www.rodilloscodimar.com\/fr\/produit\/tambour-dentrainement-cage\/","name":"Tambour d'entra\u00eenement de cage | Tambours - Rouleaux Codimar SL","isPartOf":{"@id":"https:\/\/www.rodilloscodimar.com\/fr\/#website"},"primaryImageOfPage":{"@id":"https:\/\/www.rodilloscodimar.com\/fr\/produit\/tambour-dentrainement-cage\/#primaryimage"},"image":{"@id":"https:\/\/www.rodilloscodimar.com\/fr\/produit\/tambour-dentrainement-cage\/#primaryimage"},"thumbnailUrl":"https:\/\/www.rodilloscodimar.com\/wp-content\/uploads\/2018\/10\/TAMBOR-JAULA-con-fondo-naacr.jpg","datePublished":"2020-12-15T17:43:08+00:00","description":"Le Cage Drive Drum est indiqu\u00e9 pour l'agriculture, bas\u00e9 sur un \u00abU\u00bb invers\u00e9, ils emp\u00eachent le produit de s'\u00e9craser entre la paroi du tube du tambour.","breadcrumb":{"@id":"https:\/\/www.rodilloscodimar.com\/fr\/produit\/tambour-dentrainement-cage\/#breadcrumb"},"inLanguage":"fr-FR","potentialAction":[{"@type":"ReadAction","target":["https:\/\/www.rodilloscodimar.com\/fr\/produit\/tambour-dentrainement-cage\/"]}]},{"@type":"ImageObject","inLanguage":"fr-FR","@id":"https:\/\/www.rodilloscodimar.com\/fr\/produit\/tambour-dentrainement-cage\/#primaryimage","url":"https:\/\/www.rodilloscodimar.com\/wp-content\/uploads\/2018\/10\/TAMBOR-JAULA-con-fondo-naacr.jpg","contentUrl":"https:\/\/www.rodilloscodimar.com\/wp-content\/uploads\/2018\/10\/TAMBOR-JAULA-con-fondo-naacr.jpg","width":1440,"height":1080,"caption":"Tambour d'entra\u00eenement de cage"},{"@type":"BreadcrumbList","@id":"https:\/\/www.rodilloscodimar.com\/fr\/produit\/tambour-dentrainement-cage\/#breadcrumb","itemListElement":[{"@type":"ListItem","position":1,"name":"Portada","item":"https:\/\/www.rodilloscodimar.com\/fr\/"},{"@type":"ListItem","position":2,"name":"Tienda","item":"https:\/\/www.rodilloscodimar.com\/tienda\/"},{"@type":"ListItem","position":3,"name":"Tambour d&rsquo;entra\u00eenement de cage"}]},{"@type":"WebSite","@id":"https:\/\/www.rodilloscodimar.com\/fr\/#website","url":"https:\/\/www.rodilloscodimar.com\/fr\/","name":"CODIMAR","description":"Frabricante de Componentes , Rodillos, Estaciones y M\u00e1quinas.","publisher":{"@id":"https:\/\/www.rodilloscodimar.com\/fr\/#organization"},"potentialAction":[{"@type":"SearchAction","target":{"@type":"EntryPoint","urlTemplate":"https:\/\/www.rodilloscodimar.com\/fr\/?s={search_term_string}"},"query-input":{"@type":"PropertyValueSpecification","valueRequired":true,"valueName":"search_term_string"}}],"inLanguage":"fr-FR"},{"@type":"Organization","@id":"https:\/\/www.rodilloscodimar.com\/fr\/#organization","name":"Rodillos Codimar","url":"https:\/\/www.rodilloscodimar.com\/fr\/","logo":{"@type":"ImageObject","inLanguage":"fr-FR","@id":"https:\/\/www.rodilloscodimar.com\/fr\/#\/schema\/logo\/image\/","url":"https:\/\/www.rodilloscodimar.com\/wp-content\/uploads\/2020\/01\/logo-email.jpg","contentUrl":"https:\/\/www.rodilloscodimar.com\/wp-content\/uploads\/2020\/01\/logo-email.jpg","width":300,"height":299,"caption":"Rodillos Codimar"},"image":{"@id":"https:\/\/www.rodilloscodimar.com\/fr\/#\/schema\/logo\/image\/"}}]}},"_links":{"self":[{"href":"https:\/\/www.rodilloscodimar.com\/fr\/wp-json\/wp\/v2\/product\/5540","targetHints":{"allow":["GET"]}}],"collection":[{"href":"https:\/\/www.rodilloscodimar.com\/fr\/wp-json\/wp\/v2\/product"}],"about":[{"href":"https:\/\/www.rodilloscodimar.com\/fr\/wp-json\/wp\/v2\/types\/product"}],"wp:featuredmedia":[{"embeddable":true,"href":"https:\/\/www.rodilloscodimar.com\/fr\/wp-json\/wp\/v2\/media\/1769"}],"wp:attachment":[{"href":"https:\/\/www.rodilloscodimar.com\/fr\/wp-json\/wp\/v2\/media?parent=5540"}],"wp:term":[{"taxonomy":"product_brand","embeddable":true,"href":"https:\/\/www.rodilloscodimar.com\/fr\/wp-json\/wp\/v2\/product_brand?post=5540"},{"taxonomy":"product_cat","embeddable":true,"href":"https:\/\/www.rodilloscodimar.com\/fr\/wp-json\/wp\/v2\/product_cat?post=5540"},{"taxonomy":"product_tag","embeddable":true,"href":"https:\/\/www.rodilloscodimar.com\/fr\/wp-json\/wp\/v2\/product_tag?post=5540"}],"curies":[{"name":"wp","href":"https:\/\/api.w.org\/{rel}","templated":true}]}}