{"id":5533,"date":"2018-10-09T17:55:01","date_gmt":"2020-12-15T17:43:01","guid":{"rendered":"https:\/\/www.rodilloscodimar.com\/producto\/rouleaux-gommes-par-autoclave\/"},"modified":"2020-12-15T18:43:01","modified_gmt":"2020-12-15T17:43:01","slug":"rouleaux-autoclaves-en-caoutchouc","status":"publish","type":"product","link":"https:\/\/www.rodilloscodimar.com\/fr\/produit\/rouleaux-autoclaves-en-caoutchouc\/","title":{"rendered":"Rouleaux gomm\u00e9s par autoclave"},"content":{"rendered":"<\/ul>\n<li>Comme les tambours, les rouleaux peuvent \u00e9galement \u00eatre servis \u00e0 l&rsquo;autoclave avec du caoutchouc lisse ou rainur\u00e9, de nature, d&rsquo;\u00e9paisseur et de duret\u00e9 diff\u00e9rentes.<\/li>\n<li>Convient \u00e0 tout environnement, qu&rsquo;il soit minier, agricole ou alimentaire.<\/li>\n<\/ul>\n","protected":false},"excerpt":{"rendered":"<p>Rouleaux \u00e9quip\u00e9s de roulements de pr\u00e9cision, \u00e0 billes en chrome-nickel ou inox, vulcanis\u00e9s \u00e0 chaud par autoclavage avec diff\u00e9rents mat\u00e9riaux sur demande; caoutchouc alimentaire, caoutchouc naturel, polyur\u00e9thane, etc &#8230;<\/p>\n","protected":false},"featured_media":1761,"template":"","meta":{"_joinchat":[]},"product_brand":[],"product_cat":[222],"product_tag":[],"class_list":{"0":"post-5533","1":"product","2":"type-product","3":"status-publish","4":"has-post-thumbnail","6":"product_cat-rouleaux-speciaux","8":"first","9":"instock","10":"shipping-taxable","11":"product-type-simple"},"yoast_head":"<!-- This site is optimized with the Yoast SEO plugin v27.2 - https:\/\/yoast.com\/product\/yoast-seo-wordpress\/ -->\n<title>Rouleaux caoutchout\u00e9s auto-c\u00e2bl\u00e9s | Rouleaux sp\u00e9ciaux - Rouleaux Codimar<\/title>\n<meta name=\"description\" content=\"Rouleaux caoutchout\u00e9s autocables munis de roulements de pr\u00e9cision, vulcanis\u00e9s \u00e0 chaud par autoclavage avec diff\u00e9rents mat\u00e9riaux; caoutchouc, caoutchouc ...\" \/>\n<meta name=\"robots\" content=\"index, follow, max-snippet:-1, max-image-preview:large, max-video-preview:-1\" \/>\n<link rel=\"canonical\" href=\"https:\/\/www.rodilloscodimar.com\/fr\/produit\/rouleaux-autoclaves-en-caoutchouc\/\" \/>\n<meta property=\"og:locale\" content=\"fr_FR\" \/>\n<meta property=\"og:type\" content=\"article\" \/>\n<meta property=\"og:title\" content=\"Rouleaux caoutchout\u00e9s auto-c\u00e2bl\u00e9s | Rouleaux sp\u00e9ciaux - Rouleaux Codimar\" \/>\n<meta property=\"og:description\" content=\"Rouleaux caoutchout\u00e9s autocables munis de roulements de pr\u00e9cision, vulcanis\u00e9s \u00e0 chaud par autoclavage avec diff\u00e9rents mat\u00e9riaux; caoutchouc, caoutchouc ...\" \/>\n<meta property=\"og:url\" content=\"https:\/\/www.rodilloscodimar.com\/fr\/produit\/rouleaux-autoclaves-en-caoutchouc\/\" \/>\n<meta property=\"og:site_name\" content=\"CODIMAR\" \/>\n<meta property=\"og:image\" content=\"https:\/\/www.rodilloscodimar.com\/wp-content\/uploads\/2018\/10\/grupo-engomados.png\" \/>\n\t<meta property=\"og:image:width\" content=\"821\" \/>\n\t<meta property=\"og:image:height\" content=\"678\" \/>\n\t<meta property=\"og:image:type\" content=\"image\/png\" \/>\n<meta name=\"twitter:card\" content=\"summary_large_image\" \/>\n<script type=\"application\/ld+json\" class=\"yoast-schema-graph\">{\"@context\":\"https:\/\/schema.org\",\"@graph\":[{\"@type\":\"WebPage\",\"@id\":\"https:\/\/www.rodilloscodimar.com\/fr\/produit\/rouleaux-autoclaves-en-caoutchouc\/\",\"url\":\"https:\/\/www.rodilloscodimar.com\/fr\/produit\/rouleaux-autoclaves-en-caoutchouc\/\",\"name\":\"Rouleaux caoutchout\u00e9s auto-c\u00e2bl\u00e9s | Rouleaux sp\u00e9ciaux - Rouleaux Codimar\",\"isPartOf\":{\"@id\":\"https:\/\/www.rodilloscodimar.com\/fr\/#website\"},\"primaryImageOfPage\":{\"@id\":\"https:\/\/www.rodilloscodimar.com\/fr\/produit\/rouleaux-autoclaves-en-caoutchouc\/#primaryimage\"},\"image\":{\"@id\":\"https:\/\/www.rodilloscodimar.com\/fr\/produit\/rouleaux-autoclaves-en-caoutchouc\/#primaryimage\"},\"thumbnailUrl\":\"https:\/\/www.rodilloscodimar.com\/wp-content\/uploads\/2018\/10\/grupo-engomados.png\",\"datePublished\":\"2020-12-15T17:43:01+00:00\",\"description\":\"Rouleaux caoutchout\u00e9s autocables munis de roulements de pr\u00e9cision, vulcanis\u00e9s \u00e0 chaud par autoclavage avec diff\u00e9rents mat\u00e9riaux; caoutchouc, caoutchouc ...\",\"breadcrumb\":{\"@id\":\"https:\/\/www.rodilloscodimar.com\/fr\/produit\/rouleaux-autoclaves-en-caoutchouc\/#breadcrumb\"},\"inLanguage\":\"fr-FR\",\"potentialAction\":[{\"@type\":\"ReadAction\",\"target\":[\"https:\/\/www.rodilloscodimar.com\/fr\/produit\/rouleaux-autoclaves-en-caoutchouc\/\"]}]},{\"@type\":\"ImageObject\",\"inLanguage\":\"fr-FR\",\"@id\":\"https:\/\/www.rodilloscodimar.com\/fr\/produit\/rouleaux-autoclaves-en-caoutchouc\/#primaryimage\",\"url\":\"https:\/\/www.rodilloscodimar.com\/wp-content\/uploads\/2018\/10\/grupo-engomados.png\",\"contentUrl\":\"https:\/\/www.rodilloscodimar.com\/wp-content\/uploads\/2018\/10\/grupo-engomados.png\",\"width\":821,\"height\":678,\"caption\":\"Rouleaux gomm\u00e9s par autoclave\"},{\"@type\":\"BreadcrumbList\",\"@id\":\"https:\/\/www.rodilloscodimar.com\/fr\/produit\/rouleaux-autoclaves-en-caoutchouc\/#breadcrumb\",\"itemListElement\":[{\"@type\":\"ListItem\",\"position\":1,\"name\":\"Portada\",\"item\":\"https:\/\/www.rodilloscodimar.com\/fr\/\"},{\"@type\":\"ListItem\",\"position\":2,\"name\":\"Tienda\",\"item\":\"https:\/\/www.rodilloscodimar.com\/tienda\/\"},{\"@type\":\"ListItem\",\"position\":3,\"name\":\"Rouleaux gomm\u00e9s par autoclave\"}]},{\"@type\":\"WebSite\",\"@id\":\"https:\/\/www.rodilloscodimar.com\/fr\/#website\",\"url\":\"https:\/\/www.rodilloscodimar.com\/fr\/\",\"name\":\"CODIMAR\",\"description\":\"Frabricante de Componentes , Rodillos, Estaciones y M\u00e1quinas.\",\"publisher\":{\"@id\":\"https:\/\/www.rodilloscodimar.com\/fr\/#organization\"},\"potentialAction\":[{\"@type\":\"SearchAction\",\"target\":{\"@type\":\"EntryPoint\",\"urlTemplate\":\"https:\/\/www.rodilloscodimar.com\/fr\/?s={search_term_string}\"},\"query-input\":{\"@type\":\"PropertyValueSpecification\",\"valueRequired\":true,\"valueName\":\"search_term_string\"}}],\"inLanguage\":\"fr-FR\"},{\"@type\":\"Organization\",\"@id\":\"https:\/\/www.rodilloscodimar.com\/fr\/#organization\",\"name\":\"Rodillos Codimar\",\"url\":\"https:\/\/www.rodilloscodimar.com\/fr\/\",\"logo\":{\"@type\":\"ImageObject\",\"inLanguage\":\"fr-FR\",\"@id\":\"https:\/\/www.rodilloscodimar.com\/fr\/#\/schema\/logo\/image\/\",\"url\":\"https:\/\/www.rodilloscodimar.com\/wp-content\/uploads\/2020\/01\/logo-email.jpg\",\"contentUrl\":\"https:\/\/www.rodilloscodimar.com\/wp-content\/uploads\/2020\/01\/logo-email.jpg\",\"width\":300,\"height\":299,\"caption\":\"Rodillos Codimar\"},\"image\":{\"@id\":\"https:\/\/www.rodilloscodimar.com\/fr\/#\/schema\/logo\/image\/\"}}]}<\/script>\n<!-- \/ Yoast SEO plugin. -->","yoast_head_json":{"title":"Rouleaux caoutchout\u00e9s auto-c\u00e2bl\u00e9s | Rouleaux sp\u00e9ciaux - Rouleaux Codimar","description":"Rouleaux caoutchout\u00e9s autocables munis de roulements de pr\u00e9cision, vulcanis\u00e9s \u00e0 chaud par autoclavage avec diff\u00e9rents mat\u00e9riaux; caoutchouc, caoutchouc ...","robots":{"index":"index","follow":"follow","max-snippet":"max-snippet:-1","max-image-preview":"max-image-preview:large","max-video-preview":"max-video-preview:-1"},"canonical":"https:\/\/www.rodilloscodimar.com\/fr\/produit\/rouleaux-autoclaves-en-caoutchouc\/","og_locale":"fr_FR","og_type":"article","og_title":"Rouleaux caoutchout\u00e9s auto-c\u00e2bl\u00e9s | Rouleaux sp\u00e9ciaux - Rouleaux Codimar","og_description":"Rouleaux caoutchout\u00e9s autocables munis de roulements de pr\u00e9cision, vulcanis\u00e9s \u00e0 chaud par autoclavage avec diff\u00e9rents mat\u00e9riaux; caoutchouc, caoutchouc ...","og_url":"https:\/\/www.rodilloscodimar.com\/fr\/produit\/rouleaux-autoclaves-en-caoutchouc\/","og_site_name":"CODIMAR","og_image":[{"width":821,"height":678,"url":"https:\/\/www.rodilloscodimar.com\/wp-content\/uploads\/2018\/10\/grupo-engomados.png","type":"image\/png"}],"twitter_card":"summary_large_image","schema":{"@context":"https:\/\/schema.org","@graph":[{"@type":"WebPage","@id":"https:\/\/www.rodilloscodimar.com\/fr\/produit\/rouleaux-autoclaves-en-caoutchouc\/","url":"https:\/\/www.rodilloscodimar.com\/fr\/produit\/rouleaux-autoclaves-en-caoutchouc\/","name":"Rouleaux caoutchout\u00e9s auto-c\u00e2bl\u00e9s | Rouleaux sp\u00e9ciaux - Rouleaux Codimar","isPartOf":{"@id":"https:\/\/www.rodilloscodimar.com\/fr\/#website"},"primaryImageOfPage":{"@id":"https:\/\/www.rodilloscodimar.com\/fr\/produit\/rouleaux-autoclaves-en-caoutchouc\/#primaryimage"},"image":{"@id":"https:\/\/www.rodilloscodimar.com\/fr\/produit\/rouleaux-autoclaves-en-caoutchouc\/#primaryimage"},"thumbnailUrl":"https:\/\/www.rodilloscodimar.com\/wp-content\/uploads\/2018\/10\/grupo-engomados.png","datePublished":"2020-12-15T17:43:01+00:00","description":"Rouleaux caoutchout\u00e9s autocables munis de roulements de pr\u00e9cision, vulcanis\u00e9s \u00e0 chaud par autoclavage avec diff\u00e9rents mat\u00e9riaux; caoutchouc, caoutchouc ...","breadcrumb":{"@id":"https:\/\/www.rodilloscodimar.com\/fr\/produit\/rouleaux-autoclaves-en-caoutchouc\/#breadcrumb"},"inLanguage":"fr-FR","potentialAction":[{"@type":"ReadAction","target":["https:\/\/www.rodilloscodimar.com\/fr\/produit\/rouleaux-autoclaves-en-caoutchouc\/"]}]},{"@type":"ImageObject","inLanguage":"fr-FR","@id":"https:\/\/www.rodilloscodimar.com\/fr\/produit\/rouleaux-autoclaves-en-caoutchouc\/#primaryimage","url":"https:\/\/www.rodilloscodimar.com\/wp-content\/uploads\/2018\/10\/grupo-engomados.png","contentUrl":"https:\/\/www.rodilloscodimar.com\/wp-content\/uploads\/2018\/10\/grupo-engomados.png","width":821,"height":678,"caption":"Rouleaux gomm\u00e9s par autoclave"},{"@type":"BreadcrumbList","@id":"https:\/\/www.rodilloscodimar.com\/fr\/produit\/rouleaux-autoclaves-en-caoutchouc\/#breadcrumb","itemListElement":[{"@type":"ListItem","position":1,"name":"Portada","item":"https:\/\/www.rodilloscodimar.com\/fr\/"},{"@type":"ListItem","position":2,"name":"Tienda","item":"https:\/\/www.rodilloscodimar.com\/tienda\/"},{"@type":"ListItem","position":3,"name":"Rouleaux gomm\u00e9s par autoclave"}]},{"@type":"WebSite","@id":"https:\/\/www.rodilloscodimar.com\/fr\/#website","url":"https:\/\/www.rodilloscodimar.com\/fr\/","name":"CODIMAR","description":"Frabricante de Componentes , Rodillos, Estaciones y M\u00e1quinas.","publisher":{"@id":"https:\/\/www.rodilloscodimar.com\/fr\/#organization"},"potentialAction":[{"@type":"SearchAction","target":{"@type":"EntryPoint","urlTemplate":"https:\/\/www.rodilloscodimar.com\/fr\/?s={search_term_string}"},"query-input":{"@type":"PropertyValueSpecification","valueRequired":true,"valueName":"search_term_string"}}],"inLanguage":"fr-FR"},{"@type":"Organization","@id":"https:\/\/www.rodilloscodimar.com\/fr\/#organization","name":"Rodillos Codimar","url":"https:\/\/www.rodilloscodimar.com\/fr\/","logo":{"@type":"ImageObject","inLanguage":"fr-FR","@id":"https:\/\/www.rodilloscodimar.com\/fr\/#\/schema\/logo\/image\/","url":"https:\/\/www.rodilloscodimar.com\/wp-content\/uploads\/2020\/01\/logo-email.jpg","contentUrl":"https:\/\/www.rodilloscodimar.com\/wp-content\/uploads\/2020\/01\/logo-email.jpg","width":300,"height":299,"caption":"Rodillos Codimar"},"image":{"@id":"https:\/\/www.rodilloscodimar.com\/fr\/#\/schema\/logo\/image\/"}}]}},"_links":{"self":[{"href":"https:\/\/www.rodilloscodimar.com\/fr\/wp-json\/wp\/v2\/product\/5533","targetHints":{"allow":["GET"]}}],"collection":[{"href":"https:\/\/www.rodilloscodimar.com\/fr\/wp-json\/wp\/v2\/product"}],"about":[{"href":"https:\/\/www.rodilloscodimar.com\/fr\/wp-json\/wp\/v2\/types\/product"}],"wp:featuredmedia":[{"embeddable":true,"href":"https:\/\/www.rodilloscodimar.com\/fr\/wp-json\/wp\/v2\/media\/1761"}],"wp:attachment":[{"href":"https:\/\/www.rodilloscodimar.com\/fr\/wp-json\/wp\/v2\/media?parent=5533"}],"wp:term":[{"taxonomy":"product_brand","embeddable":true,"href":"https:\/\/www.rodilloscodimar.com\/fr\/wp-json\/wp\/v2\/product_brand?post=5533"},{"taxonomy":"product_cat","embeddable":true,"href":"https:\/\/www.rodilloscodimar.com\/fr\/wp-json\/wp\/v2\/product_cat?post=5533"},{"taxonomy":"product_tag","embeddable":true,"href":"https:\/\/www.rodilloscodimar.com\/fr\/wp-json\/wp\/v2\/product_tag?post=5533"}],"curies":[{"name":"wp","href":"https:\/\/api.w.org\/{rel}","templated":true}]}}