{"id":5529,"date":"2018-10-09T18:07:46","date_gmt":"2020-12-15T17:42:56","guid":{"rendered":"https:\/\/www.rodilloscodimar.com\/producto\/tambour-de-tension-lisse\/"},"modified":"2020-12-15T18:42:56","modified_gmt":"2020-12-15T17:42:56","slug":"tambour-tendeur-lisse","status":"publish","type":"product","link":"https:\/\/www.rodilloscodimar.com\/fr\/produit\/tambour-tendeur-lisse\/","title":{"rendered":"Tambour de tension lisse"},"content":{"rendered":"<ul>\n<li>Finition usin\u00e9e, molet\u00e9e ou \u00e0 la demande; calibr\u00e9 dynamiquement<\/li>\n<li>Grandes possibilit\u00e9s de fabrication de diam\u00e8tres, \u00e0 la fois tube et arbre<\/li>\n<li>Fini en acier naturel, zingu\u00e9 ou sur demande peint avec le RAL souhait\u00e9<\/li>\n<li>Possibilit\u00e9s de tubes de diam\u00e8tres D160mm \u00e0 D600mm et d&rsquo;arbres calibr\u00e9s jusqu&rsquo;\u00e0 D250mm<\/li>\n<li>Tubes sans soudure ou barres perfor\u00e9es ST52 de diff\u00e9rents diam\u00e8tres et \u00e9paisseurs<\/li>\n<li>Disques lat\u00e9raux et int\u00e9rieurs en t\u00f4le de diff\u00e9rentes \u00e9paisseurs en fonction des charges et des longueurs de tube, \u00e9lectrosoud\u00e9s \u00e0 l&rsquo;arbre<\/li>\n<\/ul>\n","protected":false},"excerpt":{"rendered":"<p>Tambour de tension lisse avec arbres de base cylindriques lamin\u00e9s usin\u00e9s ST52 ou ronds calibr\u00e9s en F-111, F-114 ou aciers sp\u00e9ciaux sur demande<\/p>\n","protected":false},"featured_media":1781,"template":"","meta":{"_joinchat":[]},"product_brand":[],"product_cat":[221],"product_tag":[],"class_list":{"0":"post-5529","1":"product","2":"type-product","3":"status-publish","4":"has-post-thumbnail","6":"product_cat-tambours","8":"first","9":"instock","10":"shipping-taxable","11":"product-type-simple"},"yoast_head":"<!-- This site is optimized with the Yoast SEO plugin v27.2 - https:\/\/yoast.com\/product\/yoast-seo-wordpress\/ -->\n<title>Tambour de tension lisse | Tambours - Rouleaux Codimar SL<\/title>\n<meta name=\"description\" content=\"Tambour de tension lisse ST52, arbres de base cylindriques lamin\u00e9s, calibr\u00e9s ronds en F-111, F-114 ou aciers sp\u00e9ciaux sur demande.\" \/>\n<meta name=\"robots\" content=\"index, follow, max-snippet:-1, max-image-preview:large, max-video-preview:-1\" \/>\n<link rel=\"canonical\" href=\"https:\/\/www.rodilloscodimar.com\/fr\/produit\/tambour-tendeur-lisse\/\" \/>\n<meta property=\"og:locale\" content=\"fr_FR\" \/>\n<meta property=\"og:type\" content=\"article\" \/>\n<meta property=\"og:title\" content=\"Tambour de tension lisse | Tambours - Rouleaux Codimar SL\" \/>\n<meta property=\"og:description\" content=\"Tambour de tension lisse ST52, arbres de base cylindriques lamin\u00e9s, calibr\u00e9s ronds en F-111, F-114 ou aciers sp\u00e9ciaux sur demande.\" \/>\n<meta property=\"og:url\" content=\"https:\/\/www.rodilloscodimar.com\/fr\/produit\/tambour-tendeur-lisse\/\" \/>\n<meta property=\"og:site_name\" content=\"CODIMAR\" \/>\n<meta property=\"og:image\" content=\"https:\/\/www.rodilloscodimar.com\/wp-content\/uploads\/2018\/10\/TAMBOR-tensor-LISO.jpg\" \/>\n\t<meta property=\"og:image:width\" content=\"1440\" \/>\n\t<meta property=\"og:image:height\" content=\"1080\" \/>\n\t<meta property=\"og:image:type\" content=\"image\/jpeg\" \/>\n<meta name=\"twitter:card\" content=\"summary_large_image\" \/>\n<script type=\"application\/ld+json\" class=\"yoast-schema-graph\">{\"@context\":\"https:\/\/schema.org\",\"@graph\":[{\"@type\":\"WebPage\",\"@id\":\"https:\/\/www.rodilloscodimar.com\/fr\/produit\/tambour-tendeur-lisse\/\",\"url\":\"https:\/\/www.rodilloscodimar.com\/fr\/produit\/tambour-tendeur-lisse\/\",\"name\":\"Tambour de tension lisse | Tambours - Rouleaux Codimar SL\",\"isPartOf\":{\"@id\":\"https:\/\/www.rodilloscodimar.com\/fr\/#website\"},\"primaryImageOfPage\":{\"@id\":\"https:\/\/www.rodilloscodimar.com\/fr\/produit\/tambour-tendeur-lisse\/#primaryimage\"},\"image\":{\"@id\":\"https:\/\/www.rodilloscodimar.com\/fr\/produit\/tambour-tendeur-lisse\/#primaryimage\"},\"thumbnailUrl\":\"https:\/\/www.rodilloscodimar.com\/wp-content\/uploads\/2018\/10\/TAMBOR-tensor-LISO.jpg\",\"datePublished\":\"2020-12-15T17:42:56+00:00\",\"description\":\"Tambour de tension lisse ST52, arbres de base cylindriques lamin\u00e9s, calibr\u00e9s ronds en F-111, F-114 ou aciers sp\u00e9ciaux sur demande.\",\"breadcrumb\":{\"@id\":\"https:\/\/www.rodilloscodimar.com\/fr\/produit\/tambour-tendeur-lisse\/#breadcrumb\"},\"inLanguage\":\"fr-FR\",\"potentialAction\":[{\"@type\":\"ReadAction\",\"target\":[\"https:\/\/www.rodilloscodimar.com\/fr\/produit\/tambour-tendeur-lisse\/\"]}]},{\"@type\":\"ImageObject\",\"inLanguage\":\"fr-FR\",\"@id\":\"https:\/\/www.rodilloscodimar.com\/fr\/produit\/tambour-tendeur-lisse\/#primaryimage\",\"url\":\"https:\/\/www.rodilloscodimar.com\/wp-content\/uploads\/2018\/10\/TAMBOR-tensor-LISO.jpg\",\"contentUrl\":\"https:\/\/www.rodilloscodimar.com\/wp-content\/uploads\/2018\/10\/TAMBOR-tensor-LISO.jpg\",\"width\":1440,\"height\":1080,\"caption\":\"Tambour de tension lisse\"},{\"@type\":\"BreadcrumbList\",\"@id\":\"https:\/\/www.rodilloscodimar.com\/fr\/produit\/tambour-tendeur-lisse\/#breadcrumb\",\"itemListElement\":[{\"@type\":\"ListItem\",\"position\":1,\"name\":\"Portada\",\"item\":\"https:\/\/www.rodilloscodimar.com\/fr\/\"},{\"@type\":\"ListItem\",\"position\":2,\"name\":\"Tienda\",\"item\":\"https:\/\/www.rodilloscodimar.com\/tienda\/\"},{\"@type\":\"ListItem\",\"position\":3,\"name\":\"Tambour de tension lisse\"}]},{\"@type\":\"WebSite\",\"@id\":\"https:\/\/www.rodilloscodimar.com\/fr\/#website\",\"url\":\"https:\/\/www.rodilloscodimar.com\/fr\/\",\"name\":\"CODIMAR\",\"description\":\"Frabricante de Componentes , Rodillos, Estaciones y M\u00e1quinas.\",\"publisher\":{\"@id\":\"https:\/\/www.rodilloscodimar.com\/fr\/#organization\"},\"potentialAction\":[{\"@type\":\"SearchAction\",\"target\":{\"@type\":\"EntryPoint\",\"urlTemplate\":\"https:\/\/www.rodilloscodimar.com\/fr\/?s={search_term_string}\"},\"query-input\":{\"@type\":\"PropertyValueSpecification\",\"valueRequired\":true,\"valueName\":\"search_term_string\"}}],\"inLanguage\":\"fr-FR\"},{\"@type\":\"Organization\",\"@id\":\"https:\/\/www.rodilloscodimar.com\/fr\/#organization\",\"name\":\"Rodillos Codimar\",\"url\":\"https:\/\/www.rodilloscodimar.com\/fr\/\",\"logo\":{\"@type\":\"ImageObject\",\"inLanguage\":\"fr-FR\",\"@id\":\"https:\/\/www.rodilloscodimar.com\/fr\/#\/schema\/logo\/image\/\",\"url\":\"https:\/\/www.rodilloscodimar.com\/wp-content\/uploads\/2020\/01\/logo-email.jpg\",\"contentUrl\":\"https:\/\/www.rodilloscodimar.com\/wp-content\/uploads\/2020\/01\/logo-email.jpg\",\"width\":300,\"height\":299,\"caption\":\"Rodillos Codimar\"},\"image\":{\"@id\":\"https:\/\/www.rodilloscodimar.com\/fr\/#\/schema\/logo\/image\/\"}}]}<\/script>\n<!-- \/ Yoast SEO plugin. -->","yoast_head_json":{"title":"Tambour de tension lisse | Tambours - Rouleaux Codimar SL","description":"Tambour de tension lisse ST52, arbres de base cylindriques lamin\u00e9s, calibr\u00e9s ronds en F-111, F-114 ou aciers sp\u00e9ciaux sur demande.","robots":{"index":"index","follow":"follow","max-snippet":"max-snippet:-1","max-image-preview":"max-image-preview:large","max-video-preview":"max-video-preview:-1"},"canonical":"https:\/\/www.rodilloscodimar.com\/fr\/produit\/tambour-tendeur-lisse\/","og_locale":"fr_FR","og_type":"article","og_title":"Tambour de tension lisse | Tambours - Rouleaux Codimar SL","og_description":"Tambour de tension lisse ST52, arbres de base cylindriques lamin\u00e9s, calibr\u00e9s ronds en F-111, F-114 ou aciers sp\u00e9ciaux sur demande.","og_url":"https:\/\/www.rodilloscodimar.com\/fr\/produit\/tambour-tendeur-lisse\/","og_site_name":"CODIMAR","og_image":[{"width":1440,"height":1080,"url":"https:\/\/www.rodilloscodimar.com\/wp-content\/uploads\/2018\/10\/TAMBOR-tensor-LISO.jpg","type":"image\/jpeg"}],"twitter_card":"summary_large_image","schema":{"@context":"https:\/\/schema.org","@graph":[{"@type":"WebPage","@id":"https:\/\/www.rodilloscodimar.com\/fr\/produit\/tambour-tendeur-lisse\/","url":"https:\/\/www.rodilloscodimar.com\/fr\/produit\/tambour-tendeur-lisse\/","name":"Tambour de tension lisse | Tambours - Rouleaux Codimar SL","isPartOf":{"@id":"https:\/\/www.rodilloscodimar.com\/fr\/#website"},"primaryImageOfPage":{"@id":"https:\/\/www.rodilloscodimar.com\/fr\/produit\/tambour-tendeur-lisse\/#primaryimage"},"image":{"@id":"https:\/\/www.rodilloscodimar.com\/fr\/produit\/tambour-tendeur-lisse\/#primaryimage"},"thumbnailUrl":"https:\/\/www.rodilloscodimar.com\/wp-content\/uploads\/2018\/10\/TAMBOR-tensor-LISO.jpg","datePublished":"2020-12-15T17:42:56+00:00","description":"Tambour de tension lisse ST52, arbres de base cylindriques lamin\u00e9s, calibr\u00e9s ronds en F-111, F-114 ou aciers sp\u00e9ciaux sur demande.","breadcrumb":{"@id":"https:\/\/www.rodilloscodimar.com\/fr\/produit\/tambour-tendeur-lisse\/#breadcrumb"},"inLanguage":"fr-FR","potentialAction":[{"@type":"ReadAction","target":["https:\/\/www.rodilloscodimar.com\/fr\/produit\/tambour-tendeur-lisse\/"]}]},{"@type":"ImageObject","inLanguage":"fr-FR","@id":"https:\/\/www.rodilloscodimar.com\/fr\/produit\/tambour-tendeur-lisse\/#primaryimage","url":"https:\/\/www.rodilloscodimar.com\/wp-content\/uploads\/2018\/10\/TAMBOR-tensor-LISO.jpg","contentUrl":"https:\/\/www.rodilloscodimar.com\/wp-content\/uploads\/2018\/10\/TAMBOR-tensor-LISO.jpg","width":1440,"height":1080,"caption":"Tambour de tension lisse"},{"@type":"BreadcrumbList","@id":"https:\/\/www.rodilloscodimar.com\/fr\/produit\/tambour-tendeur-lisse\/#breadcrumb","itemListElement":[{"@type":"ListItem","position":1,"name":"Portada","item":"https:\/\/www.rodilloscodimar.com\/fr\/"},{"@type":"ListItem","position":2,"name":"Tienda","item":"https:\/\/www.rodilloscodimar.com\/tienda\/"},{"@type":"ListItem","position":3,"name":"Tambour de tension lisse"}]},{"@type":"WebSite","@id":"https:\/\/www.rodilloscodimar.com\/fr\/#website","url":"https:\/\/www.rodilloscodimar.com\/fr\/","name":"CODIMAR","description":"Frabricante de Componentes , Rodillos, Estaciones y M\u00e1quinas.","publisher":{"@id":"https:\/\/www.rodilloscodimar.com\/fr\/#organization"},"potentialAction":[{"@type":"SearchAction","target":{"@type":"EntryPoint","urlTemplate":"https:\/\/www.rodilloscodimar.com\/fr\/?s={search_term_string}"},"query-input":{"@type":"PropertyValueSpecification","valueRequired":true,"valueName":"search_term_string"}}],"inLanguage":"fr-FR"},{"@type":"Organization","@id":"https:\/\/www.rodilloscodimar.com\/fr\/#organization","name":"Rodillos Codimar","url":"https:\/\/www.rodilloscodimar.com\/fr\/","logo":{"@type":"ImageObject","inLanguage":"fr-FR","@id":"https:\/\/www.rodilloscodimar.com\/fr\/#\/schema\/logo\/image\/","url":"https:\/\/www.rodilloscodimar.com\/wp-content\/uploads\/2020\/01\/logo-email.jpg","contentUrl":"https:\/\/www.rodilloscodimar.com\/wp-content\/uploads\/2020\/01\/logo-email.jpg","width":300,"height":299,"caption":"Rodillos Codimar"},"image":{"@id":"https:\/\/www.rodilloscodimar.com\/fr\/#\/schema\/logo\/image\/"}}]}},"_links":{"self":[{"href":"https:\/\/www.rodilloscodimar.com\/fr\/wp-json\/wp\/v2\/product\/5529","targetHints":{"allow":["GET"]}}],"collection":[{"href":"https:\/\/www.rodilloscodimar.com\/fr\/wp-json\/wp\/v2\/product"}],"about":[{"href":"https:\/\/www.rodilloscodimar.com\/fr\/wp-json\/wp\/v2\/types\/product"}],"wp:featuredmedia":[{"embeddable":true,"href":"https:\/\/www.rodilloscodimar.com\/fr\/wp-json\/wp\/v2\/media\/1781"}],"wp:attachment":[{"href":"https:\/\/www.rodilloscodimar.com\/fr\/wp-json\/wp\/v2\/media?parent=5529"}],"wp:term":[{"taxonomy":"product_brand","embeddable":true,"href":"https:\/\/www.rodilloscodimar.com\/fr\/wp-json\/wp\/v2\/product_brand?post=5529"},{"taxonomy":"product_cat","embeddable":true,"href":"https:\/\/www.rodilloscodimar.com\/fr\/wp-json\/wp\/v2\/product_cat?post=5529"},{"taxonomy":"product_tag","embeddable":true,"href":"https:\/\/www.rodilloscodimar.com\/fr\/wp-json\/wp\/v2\/product_tag?post=5529"}],"curies":[{"name":"wp","href":"https:\/\/api.w.org\/{rel}","templated":true}]}}