{"id":5520,"date":"2018-10-09T17:40:37","date_gmt":"2020-12-15T17:42:43","guid":{"rendered":"https:\/\/www.rodilloscodimar.com\/producto\/rouleau-de-nettoyage-ovale-lho\/"},"modified":"2020-12-15T18:42:43","modified_gmt":"2020-12-15T17:42:43","slug":"nettoyeur-ovale-lho-rouleau","status":"publish","type":"product","link":"https:\/\/www.rodilloscodimar.com\/fr\/produit\/nettoyeur-ovale-lho-rouleau\/","title":{"rendered":"Rouleau de nettoyage ovale LHO"},"content":{"rendered":"<ul>\n<li>Tube en acier lamin\u00e9 \u00e9lectrosoud\u00e9, qualit\u00e9 ST-37 selon la norme DIN 17.200.<\/li>\n<li>Possibilit\u00e9s de montage pour tubes m\u00e9talliques, dans des diam\u00e8tres allant de 60 mm \u00e0 159 mm et des arbres de 17 mm \u00e0 40 mm.<\/li>\n<li>Roulement de pr\u00e9cision selon DIN 625 avec une rang\u00e9e de billes, selon la norme internationale et la recommandation ISO. Marque GPZ, WWB ou similaire.<\/li>\n<li>Acier rond calibr\u00e9, F-212 et F-111 pour des diam\u00e8tres sup\u00e9rieurs \u00e0 30 mm.<\/li>\n<li>Cuve mini\u00e8re avec ou sans bride, selon les diam\u00e8tres. Dans tous les cas, pour fixation par soudage \u00e9lectrique. Fabriqu\u00e9 en acier d&#8217;emboutissage profond de qualit\u00e9 RR ST-1403 avec si\u00e8ges de palier calibr\u00e9s.<\/li>\n<li>Fixation d&rsquo;arbre, avec circlips \u00e9lastiques externes DIN 471 de diff\u00e9rents diam\u00e8tres.<\/li>\n<li>Syst\u00e8me d&rsquo;\u00e9tanch\u00e9it\u00e9 optimal pour les granulats en g\u00e9n\u00e9ral, au moyen d&rsquo;un jeu de labyrinthe de 4 ou 5 pi\u00e8ces, selon le diam\u00e8tre. Douille ext\u00e9rieure, r\u00e9glage du bas et labyrinthes ext\u00e9rieur et int\u00e9rieur, en polypropyl\u00e8ne, avec de bonnes propri\u00e9t\u00e9s m\u00e9caniques et une excellente r\u00e9sistance aux chocs et aux coups. Utilisez la temp\u00e9rature, entre 0 et + 80\u00ba.<\/li>\n<li>Jaquette m\u00e9tallique.<\/li>\n<li>Caoutchoucs de nettoyage ovales, recouvrant totalement ou partiellement la surface du rouleau.<\/li>\n<li>Ce type de rouleau peut \u00eatre servi dans une finition naturelle, zingu\u00e9e ou peinte.<\/li>\n<li>Pour les cas d&rsquo;humidit\u00e9 extr\u00eame, syst\u00e8me d&rsquo;\u00e9tanch\u00e9it\u00e9 pour environnements humides, au moyen d&rsquo;un kit de protection en trois parties en \u00abS\u00bb; deux joints internes en silicone \u00e0 double l\u00e8vre et un capuchon d&rsquo;\u00e9tanch\u00e9it\u00e9 externe en m\u00e9tal.<\/li>\n<\/ul>\n<p>&nbsp;<\/p>\n<h4><b>T\u00e9l\u00e9chargez le PDF du produit<\/b><\/h4>\n<p><a href=\"https:\/\/www.rodilloscodimar.com\/wp-content\/uploads\/2018\/11\/78-RSP-OVAL.pdf\" target=\"_blank\" rel=\"noopener\"><img decoding=\"async\" class=\"alignnone wp-image-2311 size-thumbnail\" src=\"https:\/\/www.rodilloscodimar.com\/wp-content\/uploads\/2018\/10\/pdf-icon-150x150.png\" alt=\"\" width=\"150\" height=\"150\" srcset=\"https:\/\/www.rodilloscodimar.com\/wp-content\/uploads\/2018\/10\/pdf-icon-150x150.png 150w, https:\/\/www.rodilloscodimar.com\/wp-content\/uploads\/2018\/10\/pdf-icon-146x146.png 146w, https:\/\/www.rodilloscodimar.com\/wp-content\/uploads\/2018\/10\/pdf-icon-50x50.png 50w, https:\/\/www.rodilloscodimar.com\/wp-content\/uploads\/2018\/10\/pdf-icon-75x75.png 75w, https:\/\/www.rodilloscodimar.com\/wp-content\/uploads\/2018\/10\/pdf-icon-85x85.png 85w, https:\/\/www.rodilloscodimar.com\/wp-content\/uploads\/2018\/10\/pdf-icon-80x80.png 80w, https:\/\/www.rodilloscodimar.com\/wp-content\/uploads\/2018\/10\/pdf-icon.png 200w\" sizes=\"(max-width: 150px) 100vw, 150px\" \/><\/a><a href=\"https:\/\/www.rodilloscodimar.com\/wp-content\/uploads\/2018\/11\/oval-separadas4.pdf\" target=\"_blank\" rel=\"noopener\"><img decoding=\"async\" class=\"alignnone wp-image-2311 size-thumbnail\" src=\"https:\/\/www.rodilloscodimar.com\/wp-content\/uploads\/2018\/10\/pdf-icon-150x150.png\" alt=\"\" width=\"150\" height=\"150\" srcset=\"https:\/\/www.rodilloscodimar.com\/wp-content\/uploads\/2018\/10\/pdf-icon-150x150.png 150w, https:\/\/www.rodilloscodimar.com\/wp-content\/uploads\/2018\/10\/pdf-icon-146x146.png 146w, https:\/\/www.rodilloscodimar.com\/wp-content\/uploads\/2018\/10\/pdf-icon-50x50.png 50w, https:\/\/www.rodilloscodimar.com\/wp-content\/uploads\/2018\/10\/pdf-icon-75x75.png 75w, https:\/\/www.rodilloscodimar.com\/wp-content\/uploads\/2018\/10\/pdf-icon-85x85.png 85w, https:\/\/www.rodilloscodimar.com\/wp-content\/uploads\/2018\/10\/pdf-icon-80x80.png 80w, https:\/\/www.rodilloscodimar.com\/wp-content\/uploads\/2018\/10\/pdf-icon.png 200w\" sizes=\"(max-width: 150px) 100vw, 150px\" \/><\/a><a href=\"https:\/\/www.rodilloscodimar.com\/wp-content\/uploads\/2018\/11\/oval1.pdf\" target=\"_blank\" rel=\"noopener\"><img decoding=\"async\" class=\"alignnone wp-image-2311 size-thumbnail\" src=\"https:\/\/www.rodilloscodimar.com\/wp-content\/uploads\/2018\/10\/pdf-icon-150x150.png\" alt=\"\" width=\"150\" height=\"150\" srcset=\"https:\/\/www.rodilloscodimar.com\/wp-content\/uploads\/2018\/10\/pdf-icon-150x150.png 150w, https:\/\/www.rodilloscodimar.com\/wp-content\/uploads\/2018\/10\/pdf-icon-146x146.png 146w, https:\/\/www.rodilloscodimar.com\/wp-content\/uploads\/2018\/10\/pdf-icon-50x50.png 50w, https:\/\/www.rodilloscodimar.com\/wp-content\/uploads\/2018\/10\/pdf-icon-75x75.png 75w, https:\/\/www.rodilloscodimar.com\/wp-content\/uploads\/2018\/10\/pdf-icon-85x85.png 85w, https:\/\/www.rodilloscodimar.com\/wp-content\/uploads\/2018\/10\/pdf-icon-80x80.png 80w, https:\/\/www.rodilloscodimar.com\/wp-content\/uploads\/2018\/10\/pdf-icon.png 200w\" sizes=\"(max-width: 150px) 100vw, 150px\" \/><\/a><\/p>\n","protected":false},"excerpt":{"rendered":"<p>Rouleaux constitu\u00e9s de t\u00eates thermosoud\u00e9es \u00e9quip\u00e9es de roulements de pr\u00e9cision, de billes en chrome-nickel ou en inox, selon les besoins, et munis de bagues ovales en caoutchouc de nettoyage. <\/p>\n","protected":false},"featured_media":1744,"template":"","meta":{"_joinchat":[]},"product_brand":[],"product_cat":[215],"product_tag":[],"class_list":{"0":"post-5520","1":"product","2":"type-product","3":"status-publish","4":"has-post-thumbnail","6":"product_cat-exploitation-miniere-en-serie-lourde","8":"first","9":"instock","10":"shipping-taxable","11":"product-type-simple"},"yoast_head":"<!-- This site is optimized with the Yoast SEO plugin v27.2 - https:\/\/yoast.com\/product\/yoast-seo-wordpress\/ -->\n<title>Rouleau de nettoyage ovale LHO | Exploitation mini\u00e8re en s\u00e9rie lourde - Rouleaux Codimar SL<\/title>\n<meta name=\"description\" content=\"Rouleau LHO Rouleau de nettoyage ovale fabriqu\u00e9 \u00e0 partir de t\u00eates thermosoud\u00e9es munies de roulements de pr\u00e9cision et d&#039;anneaux de nettoyage ovales en caoutchouc.\" \/>\n<meta name=\"robots\" content=\"index, follow, max-snippet:-1, max-image-preview:large, max-video-preview:-1\" \/>\n<link rel=\"canonical\" href=\"https:\/\/www.rodilloscodimar.com\/fr\/produit\/nettoyeur-ovale-lho-rouleau\/\" \/>\n<meta property=\"og:locale\" content=\"fr_FR\" \/>\n<meta property=\"og:type\" content=\"article\" \/>\n<meta property=\"og:title\" content=\"Rouleau de nettoyage ovale LHO | Exploitation mini\u00e8re en s\u00e9rie lourde - Rouleaux Codimar SL\" \/>\n<meta property=\"og:description\" content=\"Rouleau LHO Rouleau de nettoyage ovale fabriqu\u00e9 \u00e0 partir de t\u00eates thermosoud\u00e9es munies de roulements de pr\u00e9cision et d&#039;anneaux de nettoyage ovales en caoutchouc.\" \/>\n<meta property=\"og:url\" content=\"https:\/\/www.rodilloscodimar.com\/fr\/produit\/nettoyeur-ovale-lho-rouleau\/\" \/>\n<meta property=\"og:site_name\" content=\"CODIMAR\" \/>\n<meta property=\"og:image\" content=\"https:\/\/www.rodilloscodimar.com\/wp-content\/uploads\/2018\/10\/LIMPIADOR-OVAL.png\" \/>\n\t<meta property=\"og:image:width\" content=\"1440\" \/>\n\t<meta property=\"og:image:height\" content=\"1080\" \/>\n\t<meta property=\"og:image:type\" content=\"image\/png\" \/>\n<meta name=\"twitter:card\" content=\"summary_large_image\" \/>\n<meta name=\"twitter:label1\" content=\"Dur\u00e9e de lecture estim\u00e9e\" \/>\n\t<meta name=\"twitter:data1\" content=\"1 minute\" \/>\n<script type=\"application\/ld+json\" class=\"yoast-schema-graph\">{\"@context\":\"https:\/\/schema.org\",\"@graph\":[{\"@type\":\"WebPage\",\"@id\":\"https:\/\/www.rodilloscodimar.com\/fr\/produit\/nettoyeur-ovale-lho-rouleau\/\",\"url\":\"https:\/\/www.rodilloscodimar.com\/fr\/produit\/nettoyeur-ovale-lho-rouleau\/\",\"name\":\"Rouleau de nettoyage ovale LHO | Exploitation mini\u00e8re en s\u00e9rie lourde - Rouleaux Codimar SL\",\"isPartOf\":{\"@id\":\"https:\/\/www.rodilloscodimar.com\/fr\/#website\"},\"primaryImageOfPage\":{\"@id\":\"https:\/\/www.rodilloscodimar.com\/fr\/produit\/nettoyeur-ovale-lho-rouleau\/#primaryimage\"},\"image\":{\"@id\":\"https:\/\/www.rodilloscodimar.com\/fr\/produit\/nettoyeur-ovale-lho-rouleau\/#primaryimage\"},\"thumbnailUrl\":\"https:\/\/www.rodilloscodimar.com\/wp-content\/uploads\/2018\/10\/LIMPIADOR-OVAL.png\",\"datePublished\":\"2020-12-15T17:42:43+00:00\",\"description\":\"Rouleau LHO Rouleau de nettoyage ovale fabriqu\u00e9 \u00e0 partir de t\u00eates thermosoud\u00e9es munies de roulements de pr\u00e9cision et d'anneaux de nettoyage ovales en caoutchouc.\",\"breadcrumb\":{\"@id\":\"https:\/\/www.rodilloscodimar.com\/fr\/produit\/nettoyeur-ovale-lho-rouleau\/#breadcrumb\"},\"inLanguage\":\"fr-FR\",\"potentialAction\":[{\"@type\":\"ReadAction\",\"target\":[\"https:\/\/www.rodilloscodimar.com\/fr\/produit\/nettoyeur-ovale-lho-rouleau\/\"]}]},{\"@type\":\"ImageObject\",\"inLanguage\":\"fr-FR\",\"@id\":\"https:\/\/www.rodilloscodimar.com\/fr\/produit\/nettoyeur-ovale-lho-rouleau\/#primaryimage\",\"url\":\"https:\/\/www.rodilloscodimar.com\/wp-content\/uploads\/2018\/10\/LIMPIADOR-OVAL.png\",\"contentUrl\":\"https:\/\/www.rodilloscodimar.com\/wp-content\/uploads\/2018\/10\/LIMPIADOR-OVAL.png\",\"width\":1440,\"height\":1080,\"caption\":\"Rouleau de nettoyage ovale LHO\"},{\"@type\":\"BreadcrumbList\",\"@id\":\"https:\/\/www.rodilloscodimar.com\/fr\/produit\/nettoyeur-ovale-lho-rouleau\/#breadcrumb\",\"itemListElement\":[{\"@type\":\"ListItem\",\"position\":1,\"name\":\"Portada\",\"item\":\"https:\/\/www.rodilloscodimar.com\/fr\/\"},{\"@type\":\"ListItem\",\"position\":2,\"name\":\"Tienda\",\"item\":\"https:\/\/www.rodilloscodimar.com\/tienda\/\"},{\"@type\":\"ListItem\",\"position\":3,\"name\":\"Rouleau de nettoyage ovale LHO\"}]},{\"@type\":\"WebSite\",\"@id\":\"https:\/\/www.rodilloscodimar.com\/fr\/#website\",\"url\":\"https:\/\/www.rodilloscodimar.com\/fr\/\",\"name\":\"CODIMAR\",\"description\":\"Frabricante de Componentes , Rodillos, Estaciones y M\u00e1quinas.\",\"publisher\":{\"@id\":\"https:\/\/www.rodilloscodimar.com\/fr\/#organization\"},\"potentialAction\":[{\"@type\":\"SearchAction\",\"target\":{\"@type\":\"EntryPoint\",\"urlTemplate\":\"https:\/\/www.rodilloscodimar.com\/fr\/?s={search_term_string}\"},\"query-input\":{\"@type\":\"PropertyValueSpecification\",\"valueRequired\":true,\"valueName\":\"search_term_string\"}}],\"inLanguage\":\"fr-FR\"},{\"@type\":\"Organization\",\"@id\":\"https:\/\/www.rodilloscodimar.com\/fr\/#organization\",\"name\":\"Rodillos Codimar\",\"url\":\"https:\/\/www.rodilloscodimar.com\/fr\/\",\"logo\":{\"@type\":\"ImageObject\",\"inLanguage\":\"fr-FR\",\"@id\":\"https:\/\/www.rodilloscodimar.com\/fr\/#\/schema\/logo\/image\/\",\"url\":\"https:\/\/www.rodilloscodimar.com\/wp-content\/uploads\/2020\/01\/logo-email.jpg\",\"contentUrl\":\"https:\/\/www.rodilloscodimar.com\/wp-content\/uploads\/2020\/01\/logo-email.jpg\",\"width\":300,\"height\":299,\"caption\":\"Rodillos Codimar\"},\"image\":{\"@id\":\"https:\/\/www.rodilloscodimar.com\/fr\/#\/schema\/logo\/image\/\"}}]}<\/script>\n<!-- \/ Yoast SEO plugin. -->","yoast_head_json":{"title":"Rouleau de nettoyage ovale LHO | Exploitation mini\u00e8re en s\u00e9rie lourde - Rouleaux Codimar SL","description":"Rouleau LHO Rouleau de nettoyage ovale fabriqu\u00e9 \u00e0 partir de t\u00eates thermosoud\u00e9es munies de roulements de pr\u00e9cision et d'anneaux de nettoyage ovales en caoutchouc.","robots":{"index":"index","follow":"follow","max-snippet":"max-snippet:-1","max-image-preview":"max-image-preview:large","max-video-preview":"max-video-preview:-1"},"canonical":"https:\/\/www.rodilloscodimar.com\/fr\/produit\/nettoyeur-ovale-lho-rouleau\/","og_locale":"fr_FR","og_type":"article","og_title":"Rouleau de nettoyage ovale LHO | Exploitation mini\u00e8re en s\u00e9rie lourde - Rouleaux Codimar SL","og_description":"Rouleau LHO Rouleau de nettoyage ovale fabriqu\u00e9 \u00e0 partir de t\u00eates thermosoud\u00e9es munies de roulements de pr\u00e9cision et d'anneaux de nettoyage ovales en caoutchouc.","og_url":"https:\/\/www.rodilloscodimar.com\/fr\/produit\/nettoyeur-ovale-lho-rouleau\/","og_site_name":"CODIMAR","og_image":[{"width":1440,"height":1080,"url":"https:\/\/www.rodilloscodimar.com\/wp-content\/uploads\/2018\/10\/LIMPIADOR-OVAL.png","type":"image\/png"}],"twitter_card":"summary_large_image","twitter_misc":{"Dur\u00e9e de lecture estim\u00e9e":"1 minute"},"schema":{"@context":"https:\/\/schema.org","@graph":[{"@type":"WebPage","@id":"https:\/\/www.rodilloscodimar.com\/fr\/produit\/nettoyeur-ovale-lho-rouleau\/","url":"https:\/\/www.rodilloscodimar.com\/fr\/produit\/nettoyeur-ovale-lho-rouleau\/","name":"Rouleau de nettoyage ovale LHO | Exploitation mini\u00e8re en s\u00e9rie lourde - Rouleaux Codimar SL","isPartOf":{"@id":"https:\/\/www.rodilloscodimar.com\/fr\/#website"},"primaryImageOfPage":{"@id":"https:\/\/www.rodilloscodimar.com\/fr\/produit\/nettoyeur-ovale-lho-rouleau\/#primaryimage"},"image":{"@id":"https:\/\/www.rodilloscodimar.com\/fr\/produit\/nettoyeur-ovale-lho-rouleau\/#primaryimage"},"thumbnailUrl":"https:\/\/www.rodilloscodimar.com\/wp-content\/uploads\/2018\/10\/LIMPIADOR-OVAL.png","datePublished":"2020-12-15T17:42:43+00:00","description":"Rouleau LHO Rouleau de nettoyage ovale fabriqu\u00e9 \u00e0 partir de t\u00eates thermosoud\u00e9es munies de roulements de pr\u00e9cision et d'anneaux de nettoyage ovales en caoutchouc.","breadcrumb":{"@id":"https:\/\/www.rodilloscodimar.com\/fr\/produit\/nettoyeur-ovale-lho-rouleau\/#breadcrumb"},"inLanguage":"fr-FR","potentialAction":[{"@type":"ReadAction","target":["https:\/\/www.rodilloscodimar.com\/fr\/produit\/nettoyeur-ovale-lho-rouleau\/"]}]},{"@type":"ImageObject","inLanguage":"fr-FR","@id":"https:\/\/www.rodilloscodimar.com\/fr\/produit\/nettoyeur-ovale-lho-rouleau\/#primaryimage","url":"https:\/\/www.rodilloscodimar.com\/wp-content\/uploads\/2018\/10\/LIMPIADOR-OVAL.png","contentUrl":"https:\/\/www.rodilloscodimar.com\/wp-content\/uploads\/2018\/10\/LIMPIADOR-OVAL.png","width":1440,"height":1080,"caption":"Rouleau de nettoyage ovale LHO"},{"@type":"BreadcrumbList","@id":"https:\/\/www.rodilloscodimar.com\/fr\/produit\/nettoyeur-ovale-lho-rouleau\/#breadcrumb","itemListElement":[{"@type":"ListItem","position":1,"name":"Portada","item":"https:\/\/www.rodilloscodimar.com\/fr\/"},{"@type":"ListItem","position":2,"name":"Tienda","item":"https:\/\/www.rodilloscodimar.com\/tienda\/"},{"@type":"ListItem","position":3,"name":"Rouleau de nettoyage ovale LHO"}]},{"@type":"WebSite","@id":"https:\/\/www.rodilloscodimar.com\/fr\/#website","url":"https:\/\/www.rodilloscodimar.com\/fr\/","name":"CODIMAR","description":"Frabricante de Componentes , Rodillos, Estaciones y M\u00e1quinas.","publisher":{"@id":"https:\/\/www.rodilloscodimar.com\/fr\/#organization"},"potentialAction":[{"@type":"SearchAction","target":{"@type":"EntryPoint","urlTemplate":"https:\/\/www.rodilloscodimar.com\/fr\/?s={search_term_string}"},"query-input":{"@type":"PropertyValueSpecification","valueRequired":true,"valueName":"search_term_string"}}],"inLanguage":"fr-FR"},{"@type":"Organization","@id":"https:\/\/www.rodilloscodimar.com\/fr\/#organization","name":"Rodillos Codimar","url":"https:\/\/www.rodilloscodimar.com\/fr\/","logo":{"@type":"ImageObject","inLanguage":"fr-FR","@id":"https:\/\/www.rodilloscodimar.com\/fr\/#\/schema\/logo\/image\/","url":"https:\/\/www.rodilloscodimar.com\/wp-content\/uploads\/2020\/01\/logo-email.jpg","contentUrl":"https:\/\/www.rodilloscodimar.com\/wp-content\/uploads\/2020\/01\/logo-email.jpg","width":300,"height":299,"caption":"Rodillos Codimar"},"image":{"@id":"https:\/\/www.rodilloscodimar.com\/fr\/#\/schema\/logo\/image\/"}}]}},"_links":{"self":[{"href":"https:\/\/www.rodilloscodimar.com\/fr\/wp-json\/wp\/v2\/product\/5520","targetHints":{"allow":["GET"]}}],"collection":[{"href":"https:\/\/www.rodilloscodimar.com\/fr\/wp-json\/wp\/v2\/product"}],"about":[{"href":"https:\/\/www.rodilloscodimar.com\/fr\/wp-json\/wp\/v2\/types\/product"}],"wp:featuredmedia":[{"embeddable":true,"href":"https:\/\/www.rodilloscodimar.com\/fr\/wp-json\/wp\/v2\/media\/1744"}],"wp:attachment":[{"href":"https:\/\/www.rodilloscodimar.com\/fr\/wp-json\/wp\/v2\/media?parent=5520"}],"wp:term":[{"taxonomy":"product_brand","embeddable":true,"href":"https:\/\/www.rodilloscodimar.com\/fr\/wp-json\/wp\/v2\/product_brand?post=5520"},{"taxonomy":"product_cat","embeddable":true,"href":"https:\/\/www.rodilloscodimar.com\/fr\/wp-json\/wp\/v2\/product_cat?post=5520"},{"taxonomy":"product_tag","embeddable":true,"href":"https:\/\/www.rodilloscodimar.com\/fr\/wp-json\/wp\/v2\/product_tag?post=5520"}],"curies":[{"name":"wp","href":"https:\/\/api.w.org\/{rel}","templated":true}]}}