{"id":5452,"date":"2018-10-09T16:24:40","date_gmt":"2020-12-15T17:38:26","guid":{"rendered":"https:\/\/www.rodilloscodimar.com\/producto\/rouleau-ct800-t40\/"},"modified":"2020-12-15T18:38:26","modified_gmt":"2020-12-15T17:38:26","slug":"rouleau-ct800-t40","status":"publish","type":"product","link":"https:\/\/www.rodilloscodimar.com\/fr\/produit\/rouleau-ct800-t40\/","title":{"rendered":"Rouleau CT800 \/ T40"},"content":{"rendered":"<ul>\n<li>Tube m\u00e9tallique \u00d850X1,5, \u00d850&#215;2, \u00d860&#215;1,5, \u00d860&#215;2 en acier naturel, zingu\u00e9 \/ galvanis\u00e9 ou en acier inoxydable AISI 304.<\/li>\n<li>Tuyau PVC gris RAL 7001 \u00d850&#215;2,3 et \u00d863&#215;3 (PVC bleu RAL 5015 \u00e9galement possible).<\/li>\n<li>Tiges m\u00e9talliques \u00d88, \u00d810, \u00d812, \u00d814, \u00d815 et hexagonales 11, en acier naturel calibr\u00e9 F212 ou en acier INOX AISI 303.<\/li>\n<li>T\u00eates thermoplastiques \u00e0 roulements de pr\u00e9cision s\u00e9rie 6000 2RS (T40).<\/li>\n<li>Capacit\u00e9 de charge maximale 160 Kg \/ rouleau.<\/li>\n<\/ul>\n<p>&nbsp;<\/p>\n<h4><b>T\u00e9l\u00e9chargez le PDF du produit<\/b><\/h4>\n<p><a href=\"https:\/\/www.rodilloscodimar.com\/wp-content\/uploads\/2018\/11\/19-CT-1500-T44-D89.pdf\" target=\"_blank\" rel=\"noopener noreferrer\"><img decoding=\"async\" class=\"alignnone wp-image-2311 size-thumbnail\" src=\"https:\/\/www.rodilloscodimar.com\/wp-content\/uploads\/2018\/10\/pdf-icon-150x150.png\" alt=\"\" width=\"150\" height=\"150\" srcset=\"https:\/\/www.rodilloscodimar.com\/wp-content\/uploads\/2018\/10\/pdf-icon-150x150.png 150w, https:\/\/www.rodilloscodimar.com\/wp-content\/uploads\/2018\/10\/pdf-icon-146x146.png 146w, https:\/\/www.rodilloscodimar.com\/wp-content\/uploads\/2018\/10\/pdf-icon-50x50.png 50w, https:\/\/www.rodilloscodimar.com\/wp-content\/uploads\/2018\/10\/pdf-icon-75x75.png 75w, https:\/\/www.rodilloscodimar.com\/wp-content\/uploads\/2018\/10\/pdf-icon-85x85.png 85w, https:\/\/www.rodilloscodimar.com\/wp-content\/uploads\/2018\/10\/pdf-icon-80x80.png 80w, https:\/\/www.rodilloscodimar.com\/wp-content\/uploads\/2018\/10\/pdf-icon.png 200w\" sizes=\"(max-width: 150px) 100vw, 150px\" \/><\/a><\/p>\n<p><strong>Sp\u00e9cifications Roller CT-1500 \/ T44-D89 <\/strong><\/p>\n","protected":false},"excerpt":{"rendered":"<p>Rouleaux pour le transport par gravit\u00e9 de charges moyennes, avec t\u00eates thermoplastiques avec roulements de pr\u00e9cision ou t\u00eates m\u00e9talliques noy\u00e9es.<\/p>\n","protected":false},"featured_media":1676,"template":"","meta":{"_joinchat":[]},"product_brand":[],"product_cat":[205],"product_tag":[],"class_list":{"0":"post-5452","1":"product","2":"type-product","3":"status-publish","4":"has-post-thumbnail","6":"product_cat-maintenance-de-gravite-moyenne","8":"first","9":"instock","10":"shipping-taxable","11":"product-type-simple"},"yoast_head":"<!-- This site is optimized with the Yoast SEO plugin v27.2 - https:\/\/yoast.com\/product\/yoast-seo-wordpress\/ -->\n<title>Rouleau CT800 \/ T40 | Maintenance s\u00e9rie moyenne - Rouleaux Codimar SL<\/title>\n<meta name=\"description\" content=\"Rouleau CT800 \/ T40 \u00d88, \u00d810, \u00d812, \u00d814, \u00d815 et hexagonal 11 arbres m\u00e9talliques, en acier naturel calibr\u00e9 F212 ou en acier inoxydable AISI 303\" \/>\n<meta name=\"robots\" content=\"index, follow, max-snippet:-1, max-image-preview:large, max-video-preview:-1\" \/>\n<link rel=\"canonical\" href=\"https:\/\/www.rodilloscodimar.com\/fr\/produit\/rouleau-ct800-t40\/\" \/>\n<meta property=\"og:locale\" content=\"fr_FR\" \/>\n<meta property=\"og:type\" content=\"article\" \/>\n<meta property=\"og:title\" content=\"Rouleau CT800 \/ T40 | Maintenance s\u00e9rie moyenne - Rouleaux Codimar SL\" \/>\n<meta property=\"og:description\" content=\"Rouleau CT800 \/ T40 \u00d88, \u00d810, \u00d812, \u00d814, \u00d815 et hexagonal 11 arbres m\u00e9talliques, en acier naturel calibr\u00e9 F212 ou en acier inoxydable AISI 303\" \/>\n<meta property=\"og:url\" content=\"https:\/\/www.rodilloscodimar.com\/fr\/produit\/rouleau-ct800-t40\/\" \/>\n<meta property=\"og:site_name\" content=\"CODIMAR\" \/>\n<meta property=\"og:image\" content=\"https:\/\/www.rodilloscodimar.com\/wp-content\/uploads\/2018\/10\/RODILLOS-KTR-50.306.png\" \/>\n\t<meta property=\"og:image:width\" content=\"1440\" \/>\n\t<meta property=\"og:image:height\" content=\"1080\" \/>\n\t<meta property=\"og:image:type\" content=\"image\/png\" \/>\n<meta name=\"twitter:card\" content=\"summary_large_image\" \/>\n<script type=\"application\/ld+json\" class=\"yoast-schema-graph\">{\"@context\":\"https:\/\/schema.org\",\"@graph\":[{\"@type\":\"WebPage\",\"@id\":\"https:\/\/www.rodilloscodimar.com\/fr\/produit\/rouleau-ct800-t40\/\",\"url\":\"https:\/\/www.rodilloscodimar.com\/fr\/produit\/rouleau-ct800-t40\/\",\"name\":\"Rouleau CT800 \/ T40 | Maintenance s\u00e9rie moyenne - Rouleaux Codimar SL\",\"isPartOf\":{\"@id\":\"https:\/\/www.rodilloscodimar.com\/fr\/#website\"},\"primaryImageOfPage\":{\"@id\":\"https:\/\/www.rodilloscodimar.com\/fr\/produit\/rouleau-ct800-t40\/#primaryimage\"},\"image\":{\"@id\":\"https:\/\/www.rodilloscodimar.com\/fr\/produit\/rouleau-ct800-t40\/#primaryimage\"},\"thumbnailUrl\":\"https:\/\/www.rodilloscodimar.com\/wp-content\/uploads\/2018\/10\/RODILLOS-KTR-50.306.png\",\"datePublished\":\"2020-12-15T17:38:26+00:00\",\"description\":\"Rouleau CT800 \/ T40 \u00d88, \u00d810, \u00d812, \u00d814, \u00d815 et hexagonal 11 arbres m\u00e9talliques, en acier naturel calibr\u00e9 F212 ou en acier inoxydable AISI 303\",\"breadcrumb\":{\"@id\":\"https:\/\/www.rodilloscodimar.com\/fr\/produit\/rouleau-ct800-t40\/#breadcrumb\"},\"inLanguage\":\"fr-FR\",\"potentialAction\":[{\"@type\":\"ReadAction\",\"target\":[\"https:\/\/www.rodilloscodimar.com\/fr\/produit\/rouleau-ct800-t40\/\"]}]},{\"@type\":\"ImageObject\",\"inLanguage\":\"fr-FR\",\"@id\":\"https:\/\/www.rodilloscodimar.com\/fr\/produit\/rouleau-ct800-t40\/#primaryimage\",\"url\":\"https:\/\/www.rodilloscodimar.com\/wp-content\/uploads\/2018\/10\/RODILLOS-KTR-50.306.png\",\"contentUrl\":\"https:\/\/www.rodilloscodimar.com\/wp-content\/uploads\/2018\/10\/RODILLOS-KTR-50.306.png\",\"width\":1440,\"height\":1080,\"caption\":\"Rouleau CT800 \/ T40\"},{\"@type\":\"BreadcrumbList\",\"@id\":\"https:\/\/www.rodilloscodimar.com\/fr\/produit\/rouleau-ct800-t40\/#breadcrumb\",\"itemListElement\":[{\"@type\":\"ListItem\",\"position\":1,\"name\":\"Portada\",\"item\":\"https:\/\/www.rodilloscodimar.com\/fr\/\"},{\"@type\":\"ListItem\",\"position\":2,\"name\":\"Tienda\",\"item\":\"https:\/\/www.rodilloscodimar.com\/tienda\/\"},{\"@type\":\"ListItem\",\"position\":3,\"name\":\"Rouleau CT800 \/ T40\"}]},{\"@type\":\"WebSite\",\"@id\":\"https:\/\/www.rodilloscodimar.com\/fr\/#website\",\"url\":\"https:\/\/www.rodilloscodimar.com\/fr\/\",\"name\":\"CODIMAR\",\"description\":\"Frabricante de Componentes , Rodillos, Estaciones y M\u00e1quinas.\",\"publisher\":{\"@id\":\"https:\/\/www.rodilloscodimar.com\/fr\/#organization\"},\"potentialAction\":[{\"@type\":\"SearchAction\",\"target\":{\"@type\":\"EntryPoint\",\"urlTemplate\":\"https:\/\/www.rodilloscodimar.com\/fr\/?s={search_term_string}\"},\"query-input\":{\"@type\":\"PropertyValueSpecification\",\"valueRequired\":true,\"valueName\":\"search_term_string\"}}],\"inLanguage\":\"fr-FR\"},{\"@type\":\"Organization\",\"@id\":\"https:\/\/www.rodilloscodimar.com\/fr\/#organization\",\"name\":\"Rodillos Codimar\",\"url\":\"https:\/\/www.rodilloscodimar.com\/fr\/\",\"logo\":{\"@type\":\"ImageObject\",\"inLanguage\":\"fr-FR\",\"@id\":\"https:\/\/www.rodilloscodimar.com\/fr\/#\/schema\/logo\/image\/\",\"url\":\"https:\/\/www.rodilloscodimar.com\/wp-content\/uploads\/2020\/01\/logo-email.jpg\",\"contentUrl\":\"https:\/\/www.rodilloscodimar.com\/wp-content\/uploads\/2020\/01\/logo-email.jpg\",\"width\":300,\"height\":299,\"caption\":\"Rodillos Codimar\"},\"image\":{\"@id\":\"https:\/\/www.rodilloscodimar.com\/fr\/#\/schema\/logo\/image\/\"}}]}<\/script>\n<!-- \/ Yoast SEO plugin. -->","yoast_head_json":{"title":"Rouleau CT800 \/ T40 | Maintenance s\u00e9rie moyenne - Rouleaux Codimar SL","description":"Rouleau CT800 \/ T40 \u00d88, \u00d810, \u00d812, \u00d814, \u00d815 et hexagonal 11 arbres m\u00e9talliques, en acier naturel calibr\u00e9 F212 ou en acier inoxydable AISI 303","robots":{"index":"index","follow":"follow","max-snippet":"max-snippet:-1","max-image-preview":"max-image-preview:large","max-video-preview":"max-video-preview:-1"},"canonical":"https:\/\/www.rodilloscodimar.com\/fr\/produit\/rouleau-ct800-t40\/","og_locale":"fr_FR","og_type":"article","og_title":"Rouleau CT800 \/ T40 | Maintenance s\u00e9rie moyenne - Rouleaux Codimar SL","og_description":"Rouleau CT800 \/ T40 \u00d88, \u00d810, \u00d812, \u00d814, \u00d815 et hexagonal 11 arbres m\u00e9talliques, en acier naturel calibr\u00e9 F212 ou en acier inoxydable AISI 303","og_url":"https:\/\/www.rodilloscodimar.com\/fr\/produit\/rouleau-ct800-t40\/","og_site_name":"CODIMAR","og_image":[{"width":1440,"height":1080,"url":"https:\/\/www.rodilloscodimar.com\/wp-content\/uploads\/2018\/10\/RODILLOS-KTR-50.306.png","type":"image\/png"}],"twitter_card":"summary_large_image","schema":{"@context":"https:\/\/schema.org","@graph":[{"@type":"WebPage","@id":"https:\/\/www.rodilloscodimar.com\/fr\/produit\/rouleau-ct800-t40\/","url":"https:\/\/www.rodilloscodimar.com\/fr\/produit\/rouleau-ct800-t40\/","name":"Rouleau CT800 \/ T40 | Maintenance s\u00e9rie moyenne - Rouleaux Codimar SL","isPartOf":{"@id":"https:\/\/www.rodilloscodimar.com\/fr\/#website"},"primaryImageOfPage":{"@id":"https:\/\/www.rodilloscodimar.com\/fr\/produit\/rouleau-ct800-t40\/#primaryimage"},"image":{"@id":"https:\/\/www.rodilloscodimar.com\/fr\/produit\/rouleau-ct800-t40\/#primaryimage"},"thumbnailUrl":"https:\/\/www.rodilloscodimar.com\/wp-content\/uploads\/2018\/10\/RODILLOS-KTR-50.306.png","datePublished":"2020-12-15T17:38:26+00:00","description":"Rouleau CT800 \/ T40 \u00d88, \u00d810, \u00d812, \u00d814, \u00d815 et hexagonal 11 arbres m\u00e9talliques, en acier naturel calibr\u00e9 F212 ou en acier inoxydable AISI 303","breadcrumb":{"@id":"https:\/\/www.rodilloscodimar.com\/fr\/produit\/rouleau-ct800-t40\/#breadcrumb"},"inLanguage":"fr-FR","potentialAction":[{"@type":"ReadAction","target":["https:\/\/www.rodilloscodimar.com\/fr\/produit\/rouleau-ct800-t40\/"]}]},{"@type":"ImageObject","inLanguage":"fr-FR","@id":"https:\/\/www.rodilloscodimar.com\/fr\/produit\/rouleau-ct800-t40\/#primaryimage","url":"https:\/\/www.rodilloscodimar.com\/wp-content\/uploads\/2018\/10\/RODILLOS-KTR-50.306.png","contentUrl":"https:\/\/www.rodilloscodimar.com\/wp-content\/uploads\/2018\/10\/RODILLOS-KTR-50.306.png","width":1440,"height":1080,"caption":"Rouleau CT800 \/ T40"},{"@type":"BreadcrumbList","@id":"https:\/\/www.rodilloscodimar.com\/fr\/produit\/rouleau-ct800-t40\/#breadcrumb","itemListElement":[{"@type":"ListItem","position":1,"name":"Portada","item":"https:\/\/www.rodilloscodimar.com\/fr\/"},{"@type":"ListItem","position":2,"name":"Tienda","item":"https:\/\/www.rodilloscodimar.com\/tienda\/"},{"@type":"ListItem","position":3,"name":"Rouleau CT800 \/ T40"}]},{"@type":"WebSite","@id":"https:\/\/www.rodilloscodimar.com\/fr\/#website","url":"https:\/\/www.rodilloscodimar.com\/fr\/","name":"CODIMAR","description":"Frabricante de Componentes , Rodillos, Estaciones y M\u00e1quinas.","publisher":{"@id":"https:\/\/www.rodilloscodimar.com\/fr\/#organization"},"potentialAction":[{"@type":"SearchAction","target":{"@type":"EntryPoint","urlTemplate":"https:\/\/www.rodilloscodimar.com\/fr\/?s={search_term_string}"},"query-input":{"@type":"PropertyValueSpecification","valueRequired":true,"valueName":"search_term_string"}}],"inLanguage":"fr-FR"},{"@type":"Organization","@id":"https:\/\/www.rodilloscodimar.com\/fr\/#organization","name":"Rodillos Codimar","url":"https:\/\/www.rodilloscodimar.com\/fr\/","logo":{"@type":"ImageObject","inLanguage":"fr-FR","@id":"https:\/\/www.rodilloscodimar.com\/fr\/#\/schema\/logo\/image\/","url":"https:\/\/www.rodilloscodimar.com\/wp-content\/uploads\/2020\/01\/logo-email.jpg","contentUrl":"https:\/\/www.rodilloscodimar.com\/wp-content\/uploads\/2020\/01\/logo-email.jpg","width":300,"height":299,"caption":"Rodillos Codimar"},"image":{"@id":"https:\/\/www.rodilloscodimar.com\/fr\/#\/schema\/logo\/image\/"}}]}},"_links":{"self":[{"href":"https:\/\/www.rodilloscodimar.com\/fr\/wp-json\/wp\/v2\/product\/5452","targetHints":{"allow":["GET"]}}],"collection":[{"href":"https:\/\/www.rodilloscodimar.com\/fr\/wp-json\/wp\/v2\/product"}],"about":[{"href":"https:\/\/www.rodilloscodimar.com\/fr\/wp-json\/wp\/v2\/types\/product"}],"wp:featuredmedia":[{"embeddable":true,"href":"https:\/\/www.rodilloscodimar.com\/fr\/wp-json\/wp\/v2\/media\/1676"}],"wp:attachment":[{"href":"https:\/\/www.rodilloscodimar.com\/fr\/wp-json\/wp\/v2\/media?parent=5452"}],"wp:term":[{"taxonomy":"product_brand","embeddable":true,"href":"https:\/\/www.rodilloscodimar.com\/fr\/wp-json\/wp\/v2\/product_brand?post=5452"},{"taxonomy":"product_cat","embeddable":true,"href":"https:\/\/www.rodilloscodimar.com\/fr\/wp-json\/wp\/v2\/product_cat?post=5452"},{"taxonomy":"product_tag","embeddable":true,"href":"https:\/\/www.rodilloscodimar.com\/fr\/wp-json\/wp\/v2\/product_tag?post=5452"}],"curies":[{"name":"wp","href":"https:\/\/api.w.org\/{rel}","templated":true}]}}