{"id":5428,"date":"2018-10-09T16:23:27","date_gmt":"2020-12-15T17:35:48","guid":{"rendered":"https:\/\/www.rodilloscodimar.com\/producto\/rouleau-cm1200-m30-m30-2\/"},"modified":"2020-12-15T18:35:48","modified_gmt":"2020-12-15T17:35:48","slug":"rouleau-cm1200-m30-m30-2","status":"publish","type":"product","link":"https:\/\/www.rodilloscodimar.com\/fr\/produit\/rouleau-cm1200-m30-m30-2\/","title":{"rendered":"Rouleau CM1200 \/ M30 &#8211; M30-2"},"content":{"rendered":"<ul>\n<li>Tube m\u00e9tallique \u00d850&#215;1,5, \u00d860&#215;1,5, \u00d860&#215;2, \u00d880&#215;2 en acier naturel, zingu\u00e9 \/ galvanis\u00e9 ou en acier inoxydable AISI 304.<\/li>\n<li>Arbres m\u00e9talliques hexagonaux \u00d88 et \u00d810, \u00d812, \u00d815 et 11mm, en acier naturel calibr\u00e9 F212 ou en acier INOX AISI 303.<\/li>\n<li>T\u00eates m\u00e9talliques zingu\u00e9es \u00e0 double rang\u00e9e de billes, encastr\u00e9es (M30, M30-2) Capacit\u00e9 de charge maximale 240 Kg \/ rouleau.<\/li>\n<\/ul>\n","protected":false},"excerpt":{"rendered":"<p>Rouleaux pour le transport par gravit\u00e9 de charges moyennes, avec t\u00eates thermoplastiques avec roulements de pr\u00e9cision ou t\u00eates m\u00e9talliques embouties profondes, pour des charges maximales de 60 kg \/ rouleau (CM300), jusqu&rsquo;\u00e0 300 kg \/ rouleau (CT1500)<\/p>\n","protected":false},"featured_media":1670,"template":"","meta":{"_joinchat":[]},"product_brand":[],"product_cat":[205],"product_tag":[],"class_list":{"0":"post-5428","1":"product","2":"type-product","3":"status-publish","4":"has-post-thumbnail","6":"product_cat-maintenance-de-gravite-moyenne","8":"first","9":"instock","10":"shipping-taxable","11":"product-type-simple"},"yoast_head":"<!-- This site is optimized with the Yoast SEO plugin v27.2 - https:\/\/yoast.com\/product\/yoast-seo-wordpress\/ -->\n<title>Rouleau CM1200 \/ M30 | M30-2 - Maintenance moyenne - Rouleaux Codimar SL<\/title>\n<meta name=\"description\" content=\"Rouleau CM1200 \/ M30 - M30-2 en acier naturel calibr\u00e9 F212 ou inox AISI 303. Capacit\u00e9 de charge maximale 240 Kg \/ rouleau.\" \/>\n<meta name=\"robots\" content=\"index, follow, max-snippet:-1, max-image-preview:large, max-video-preview:-1\" \/>\n<link rel=\"canonical\" href=\"https:\/\/www.rodilloscodimar.com\/fr\/produit\/rouleau-cm1200-m30-m30-2\/\" \/>\n<meta property=\"og:locale\" content=\"fr_FR\" \/>\n<meta property=\"og:type\" content=\"article\" \/>\n<meta property=\"og:title\" content=\"Rouleau CM1200 \/ M30 | M30-2 - Maintenance moyenne - Rouleaux Codimar SL\" \/>\n<meta property=\"og:description\" content=\"Rouleau CM1200 \/ M30 - M30-2 en acier naturel calibr\u00e9 F212 ou inox AISI 303. Capacit\u00e9 de charge maximale 240 Kg \/ rouleau.\" \/>\n<meta property=\"og:url\" content=\"https:\/\/www.rodilloscodimar.com\/fr\/produit\/rouleau-cm1200-m30-m30-2\/\" \/>\n<meta property=\"og:site_name\" content=\"CODIMAR\" \/>\n<meta property=\"og:image\" content=\"https:\/\/www.rodilloscodimar.com\/wp-content\/uploads\/2018\/10\/RODILLO-MTR-45.jpg\" \/>\n\t<meta property=\"og:image:width\" content=\"1440\" \/>\n\t<meta property=\"og:image:height\" content=\"1080\" \/>\n\t<meta property=\"og:image:type\" content=\"image\/jpeg\" \/>\n<meta name=\"twitter:card\" content=\"summary_large_image\" \/>\n<script type=\"application\/ld+json\" class=\"yoast-schema-graph\">{\"@context\":\"https:\/\/schema.org\",\"@graph\":[{\"@type\":\"WebPage\",\"@id\":\"https:\/\/www.rodilloscodimar.com\/fr\/produit\/rouleau-cm1200-m30-m30-2\/\",\"url\":\"https:\/\/www.rodilloscodimar.com\/fr\/produit\/rouleau-cm1200-m30-m30-2\/\",\"name\":\"Rouleau CM1200 \/ M30 | M30-2 - Maintenance moyenne - Rouleaux Codimar SL\",\"isPartOf\":{\"@id\":\"https:\/\/www.rodilloscodimar.com\/fr\/#website\"},\"primaryImageOfPage\":{\"@id\":\"https:\/\/www.rodilloscodimar.com\/fr\/produit\/rouleau-cm1200-m30-m30-2\/#primaryimage\"},\"image\":{\"@id\":\"https:\/\/www.rodilloscodimar.com\/fr\/produit\/rouleau-cm1200-m30-m30-2\/#primaryimage\"},\"thumbnailUrl\":\"https:\/\/www.rodilloscodimar.com\/wp-content\/uploads\/2018\/10\/RODILLO-MTR-45.jpg\",\"datePublished\":\"2020-12-15T17:35:48+00:00\",\"description\":\"Rouleau CM1200 \/ M30 - M30-2 en acier naturel calibr\u00e9 F212 ou inox AISI 303. Capacit\u00e9 de charge maximale 240 Kg \/ rouleau.\",\"breadcrumb\":{\"@id\":\"https:\/\/www.rodilloscodimar.com\/fr\/produit\/rouleau-cm1200-m30-m30-2\/#breadcrumb\"},\"inLanguage\":\"fr-FR\",\"potentialAction\":[{\"@type\":\"ReadAction\",\"target\":[\"https:\/\/www.rodilloscodimar.com\/fr\/produit\/rouleau-cm1200-m30-m30-2\/\"]}]},{\"@type\":\"ImageObject\",\"inLanguage\":\"fr-FR\",\"@id\":\"https:\/\/www.rodilloscodimar.com\/fr\/produit\/rouleau-cm1200-m30-m30-2\/#primaryimage\",\"url\":\"https:\/\/www.rodilloscodimar.com\/wp-content\/uploads\/2018\/10\/RODILLO-MTR-45.jpg\",\"contentUrl\":\"https:\/\/www.rodilloscodimar.com\/wp-content\/uploads\/2018\/10\/RODILLO-MTR-45.jpg\",\"width\":1440,\"height\":1080},{\"@type\":\"BreadcrumbList\",\"@id\":\"https:\/\/www.rodilloscodimar.com\/fr\/produit\/rouleau-cm1200-m30-m30-2\/#breadcrumb\",\"itemListElement\":[{\"@type\":\"ListItem\",\"position\":1,\"name\":\"Portada\",\"item\":\"https:\/\/www.rodilloscodimar.com\/fr\/\"},{\"@type\":\"ListItem\",\"position\":2,\"name\":\"Tienda\",\"item\":\"https:\/\/www.rodilloscodimar.com\/tienda\/\"},{\"@type\":\"ListItem\",\"position\":3,\"name\":\"Rouleau CM1200 \/ M30 &#8211; M30-2\"}]},{\"@type\":\"WebSite\",\"@id\":\"https:\/\/www.rodilloscodimar.com\/fr\/#website\",\"url\":\"https:\/\/www.rodilloscodimar.com\/fr\/\",\"name\":\"CODIMAR\",\"description\":\"Frabricante de Componentes , Rodillos, Estaciones y M\u00e1quinas.\",\"publisher\":{\"@id\":\"https:\/\/www.rodilloscodimar.com\/fr\/#organization\"},\"potentialAction\":[{\"@type\":\"SearchAction\",\"target\":{\"@type\":\"EntryPoint\",\"urlTemplate\":\"https:\/\/www.rodilloscodimar.com\/fr\/?s={search_term_string}\"},\"query-input\":{\"@type\":\"PropertyValueSpecification\",\"valueRequired\":true,\"valueName\":\"search_term_string\"}}],\"inLanguage\":\"fr-FR\"},{\"@type\":\"Organization\",\"@id\":\"https:\/\/www.rodilloscodimar.com\/fr\/#organization\",\"name\":\"Rodillos Codimar\",\"url\":\"https:\/\/www.rodilloscodimar.com\/fr\/\",\"logo\":{\"@type\":\"ImageObject\",\"inLanguage\":\"fr-FR\",\"@id\":\"https:\/\/www.rodilloscodimar.com\/fr\/#\/schema\/logo\/image\/\",\"url\":\"https:\/\/www.rodilloscodimar.com\/wp-content\/uploads\/2020\/01\/logo-email.jpg\",\"contentUrl\":\"https:\/\/www.rodilloscodimar.com\/wp-content\/uploads\/2020\/01\/logo-email.jpg\",\"width\":300,\"height\":299,\"caption\":\"Rodillos Codimar\"},\"image\":{\"@id\":\"https:\/\/www.rodilloscodimar.com\/fr\/#\/schema\/logo\/image\/\"}}]}<\/script>\n<!-- \/ Yoast SEO plugin. -->","yoast_head_json":{"title":"Rouleau CM1200 \/ M30 | M30-2 - Maintenance moyenne - Rouleaux Codimar SL","description":"Rouleau CM1200 \/ M30 - M30-2 en acier naturel calibr\u00e9 F212 ou inox AISI 303. Capacit\u00e9 de charge maximale 240 Kg \/ rouleau.","robots":{"index":"index","follow":"follow","max-snippet":"max-snippet:-1","max-image-preview":"max-image-preview:large","max-video-preview":"max-video-preview:-1"},"canonical":"https:\/\/www.rodilloscodimar.com\/fr\/produit\/rouleau-cm1200-m30-m30-2\/","og_locale":"fr_FR","og_type":"article","og_title":"Rouleau CM1200 \/ M30 | M30-2 - Maintenance moyenne - Rouleaux Codimar SL","og_description":"Rouleau CM1200 \/ M30 - M30-2 en acier naturel calibr\u00e9 F212 ou inox AISI 303. Capacit\u00e9 de charge maximale 240 Kg \/ rouleau.","og_url":"https:\/\/www.rodilloscodimar.com\/fr\/produit\/rouleau-cm1200-m30-m30-2\/","og_site_name":"CODIMAR","og_image":[{"width":1440,"height":1080,"url":"https:\/\/www.rodilloscodimar.com\/wp-content\/uploads\/2018\/10\/RODILLO-MTR-45.jpg","type":"image\/jpeg"}],"twitter_card":"summary_large_image","schema":{"@context":"https:\/\/schema.org","@graph":[{"@type":"WebPage","@id":"https:\/\/www.rodilloscodimar.com\/fr\/produit\/rouleau-cm1200-m30-m30-2\/","url":"https:\/\/www.rodilloscodimar.com\/fr\/produit\/rouleau-cm1200-m30-m30-2\/","name":"Rouleau CM1200 \/ M30 | M30-2 - Maintenance moyenne - Rouleaux Codimar SL","isPartOf":{"@id":"https:\/\/www.rodilloscodimar.com\/fr\/#website"},"primaryImageOfPage":{"@id":"https:\/\/www.rodilloscodimar.com\/fr\/produit\/rouleau-cm1200-m30-m30-2\/#primaryimage"},"image":{"@id":"https:\/\/www.rodilloscodimar.com\/fr\/produit\/rouleau-cm1200-m30-m30-2\/#primaryimage"},"thumbnailUrl":"https:\/\/www.rodilloscodimar.com\/wp-content\/uploads\/2018\/10\/RODILLO-MTR-45.jpg","datePublished":"2020-12-15T17:35:48+00:00","description":"Rouleau CM1200 \/ M30 - M30-2 en acier naturel calibr\u00e9 F212 ou inox AISI 303. Capacit\u00e9 de charge maximale 240 Kg \/ rouleau.","breadcrumb":{"@id":"https:\/\/www.rodilloscodimar.com\/fr\/produit\/rouleau-cm1200-m30-m30-2\/#breadcrumb"},"inLanguage":"fr-FR","potentialAction":[{"@type":"ReadAction","target":["https:\/\/www.rodilloscodimar.com\/fr\/produit\/rouleau-cm1200-m30-m30-2\/"]}]},{"@type":"ImageObject","inLanguage":"fr-FR","@id":"https:\/\/www.rodilloscodimar.com\/fr\/produit\/rouleau-cm1200-m30-m30-2\/#primaryimage","url":"https:\/\/www.rodilloscodimar.com\/wp-content\/uploads\/2018\/10\/RODILLO-MTR-45.jpg","contentUrl":"https:\/\/www.rodilloscodimar.com\/wp-content\/uploads\/2018\/10\/RODILLO-MTR-45.jpg","width":1440,"height":1080},{"@type":"BreadcrumbList","@id":"https:\/\/www.rodilloscodimar.com\/fr\/produit\/rouleau-cm1200-m30-m30-2\/#breadcrumb","itemListElement":[{"@type":"ListItem","position":1,"name":"Portada","item":"https:\/\/www.rodilloscodimar.com\/fr\/"},{"@type":"ListItem","position":2,"name":"Tienda","item":"https:\/\/www.rodilloscodimar.com\/tienda\/"},{"@type":"ListItem","position":3,"name":"Rouleau CM1200 \/ M30 &#8211; M30-2"}]},{"@type":"WebSite","@id":"https:\/\/www.rodilloscodimar.com\/fr\/#website","url":"https:\/\/www.rodilloscodimar.com\/fr\/","name":"CODIMAR","description":"Frabricante de Componentes , Rodillos, Estaciones y M\u00e1quinas.","publisher":{"@id":"https:\/\/www.rodilloscodimar.com\/fr\/#organization"},"potentialAction":[{"@type":"SearchAction","target":{"@type":"EntryPoint","urlTemplate":"https:\/\/www.rodilloscodimar.com\/fr\/?s={search_term_string}"},"query-input":{"@type":"PropertyValueSpecification","valueRequired":true,"valueName":"search_term_string"}}],"inLanguage":"fr-FR"},{"@type":"Organization","@id":"https:\/\/www.rodilloscodimar.com\/fr\/#organization","name":"Rodillos Codimar","url":"https:\/\/www.rodilloscodimar.com\/fr\/","logo":{"@type":"ImageObject","inLanguage":"fr-FR","@id":"https:\/\/www.rodilloscodimar.com\/fr\/#\/schema\/logo\/image\/","url":"https:\/\/www.rodilloscodimar.com\/wp-content\/uploads\/2020\/01\/logo-email.jpg","contentUrl":"https:\/\/www.rodilloscodimar.com\/wp-content\/uploads\/2020\/01\/logo-email.jpg","width":300,"height":299,"caption":"Rodillos Codimar"},"image":{"@id":"https:\/\/www.rodilloscodimar.com\/fr\/#\/schema\/logo\/image\/"}}]}},"_links":{"self":[{"href":"https:\/\/www.rodilloscodimar.com\/fr\/wp-json\/wp\/v2\/product\/5428","targetHints":{"allow":["GET"]}}],"collection":[{"href":"https:\/\/www.rodilloscodimar.com\/fr\/wp-json\/wp\/v2\/product"}],"about":[{"href":"https:\/\/www.rodilloscodimar.com\/fr\/wp-json\/wp\/v2\/types\/product"}],"wp:featuredmedia":[{"embeddable":true,"href":"https:\/\/www.rodilloscodimar.com\/fr\/wp-json\/wp\/v2\/media\/1670"}],"wp:attachment":[{"href":"https:\/\/www.rodilloscodimar.com\/fr\/wp-json\/wp\/v2\/media?parent=5428"}],"wp:term":[{"taxonomy":"product_brand","embeddable":true,"href":"https:\/\/www.rodilloscodimar.com\/fr\/wp-json\/wp\/v2\/product_brand?post=5428"},{"taxonomy":"product_cat","embeddable":true,"href":"https:\/\/www.rodilloscodimar.com\/fr\/wp-json\/wp\/v2\/product_cat?post=5428"},{"taxonomy":"product_tag","embeddable":true,"href":"https:\/\/www.rodilloscodimar.com\/fr\/wp-json\/wp\/v2\/product_tag?post=5428"}],"curies":[{"name":"wp","href":"https:\/\/api.w.org\/{rel}","templated":true}]}}