{"id":5409,"date":"2018-10-09T13:53:39","date_gmt":"2020-12-15T17:34:46","guid":{"rendered":"https:\/\/www.rodilloscodimar.com\/producto\/rouleau-de-courroie-poly-v-cppv-t40\/"},"modified":"2020-12-15T18:34:46","modified_gmt":"2020-12-15T17:34:46","slug":"rouleau-courroie-poly-v-cppv-t40","status":"publish","type":"product","link":"https:\/\/www.rodilloscodimar.com\/fr\/produit\/rouleau-courroie-poly-v-cppv-t40\/","title":{"rendered":"Rouleau de courroie poly-V CPPV \/ T40"},"content":{"rendered":"<ul>\n<li>Tube m\u00e9tallique \u00d850&#215;1,5 en acier inoxydable naturel, zingu\u00e9 ou AISI 304.<\/li>\n<li>Tuyau PVC gris RAL 7001 (PVC bleu RAL 5015 \u00e9galement possible).<\/li>\n<li>Arbres m\u00e9talliques \u00d812, \u00d814 et \u00d815 en acier naturel calibr\u00e9 F212 ou acier INOX AISI 303.<\/li>\n<li>T\u00eates thermoplastiques avec roulement de pr\u00e9cision s\u00e9rie 6000 2RS pour rouleau fixe (T40) et avec double rang\u00e9e de billes pour rouleau d&rsquo;accumulation (T30).<\/li>\n<li>T\u00eate thermoplastique pour courroie Poly-V, clou\u00e9e au tube<\/li>\n<li>Capacit\u00e9 de charge maximale 240 Kg \/ rouleau.<\/li>\n<\/ul>\n","protected":false},"excerpt":{"rendered":"<p>Rouleaux d&rsquo;entra\u00eenement pour le transport de charges moyennes, avec t\u00eates thermoplastiques avec roulements de pr\u00e9cision ou t\u00eates m\u00e9talliques embouties profondes. Transmission par c\u00e2ble rond, courroie crant\u00e9e M8 Z20, courroie POLY-V ou pignons \u00e0 pas de cha\u00eene \u00bd \u201ddans les applications stationnaires ou \u00e0 accumulation.<\/p>\n","protected":false},"featured_media":1609,"template":"","meta":{"_joinchat":[]},"product_brand":[],"product_cat":[144],"product_tag":[],"class_list":{"0":"post-5409","1":"product","2":"type-product","3":"status-publish","4":"has-post-thumbnail","6":"product_cat-maintenance-moyenne-actionne","8":"first","9":"instock","10":"shipping-taxable","11":"product-type-simple"},"yoast_head":"<!-- This site is optimized with the Yoast SEO plugin v27.2 - https:\/\/yoast.com\/product\/yoast-seo-wordpress\/ -->\n<title>Rouleau de courroie Poly-V \/ T40 | Maintenance moyenne - Rouleaux Codimar SL<\/title>\n<meta name=\"description\" content=\"roll-belt-poly-v-cppv-t40 t\u00eate thermoplastique pour courroie Poly-V, clou\u00e9e au tube. Tube PVC gris RAL 7001 (PVC bleu RAL 5015 \u00e9galement possible).\" \/>\n<meta name=\"robots\" content=\"index, follow, max-snippet:-1, max-image-preview:large, max-video-preview:-1\" \/>\n<link rel=\"canonical\" href=\"https:\/\/www.rodilloscodimar.com\/fr\/produit\/rouleau-courroie-poly-v-cppv-t40\/\" \/>\n<meta property=\"og:locale\" content=\"fr_FR\" \/>\n<meta property=\"og:type\" content=\"article\" \/>\n<meta property=\"og:title\" content=\"Rouleau de courroie Poly-V \/ T40 | Maintenance moyenne - Rouleaux Codimar SL\" \/>\n<meta property=\"og:description\" content=\"roll-belt-poly-v-cppv-t40 t\u00eate thermoplastique pour courroie Poly-V, clou\u00e9e au tube. Tube PVC gris RAL 7001 (PVC bleu RAL 5015 \u00e9galement possible).\" \/>\n<meta property=\"og:url\" content=\"https:\/\/www.rodilloscodimar.com\/fr\/produit\/rouleau-courroie-poly-v-cppv-t40\/\" \/>\n<meta property=\"og:site_name\" content=\"CODIMAR\" \/>\n<meta property=\"og:image\" content=\"https:\/\/www.rodilloscodimar.com\/wp-content\/uploads\/2018\/10\/RODILLO-POLIUVE-COMPTO.png\" \/>\n\t<meta property=\"og:image:width\" content=\"1440\" \/>\n\t<meta property=\"og:image:height\" content=\"1080\" \/>\n\t<meta property=\"og:image:type\" content=\"image\/png\" \/>\n<meta name=\"twitter:card\" content=\"summary_large_image\" \/>\n<script type=\"application\/ld+json\" class=\"yoast-schema-graph\">{\"@context\":\"https:\/\/schema.org\",\"@graph\":[{\"@type\":\"WebPage\",\"@id\":\"https:\/\/www.rodilloscodimar.com\/fr\/produit\/rouleau-courroie-poly-v-cppv-t40\/\",\"url\":\"https:\/\/www.rodilloscodimar.com\/fr\/produit\/rouleau-courroie-poly-v-cppv-t40\/\",\"name\":\"Rouleau de courroie Poly-V \/ T40 | Maintenance moyenne - Rouleaux Codimar SL\",\"isPartOf\":{\"@id\":\"https:\/\/www.rodilloscodimar.com\/fr\/#website\"},\"primaryImageOfPage\":{\"@id\":\"https:\/\/www.rodilloscodimar.com\/fr\/produit\/rouleau-courroie-poly-v-cppv-t40\/#primaryimage\"},\"image\":{\"@id\":\"https:\/\/www.rodilloscodimar.com\/fr\/produit\/rouleau-courroie-poly-v-cppv-t40\/#primaryimage\"},\"thumbnailUrl\":\"https:\/\/www.rodilloscodimar.com\/wp-content\/uploads\/2018\/10\/RODILLO-POLIUVE-COMPTO.png\",\"datePublished\":\"2020-12-15T17:34:46+00:00\",\"description\":\"roll-belt-poly-v-cppv-t40 t\u00eate thermoplastique pour courroie Poly-V, clou\u00e9e au tube. Tube PVC gris RAL 7001 (PVC bleu RAL 5015 \u00e9galement possible).\",\"breadcrumb\":{\"@id\":\"https:\/\/www.rodilloscodimar.com\/fr\/produit\/rouleau-courroie-poly-v-cppv-t40\/#breadcrumb\"},\"inLanguage\":\"fr-FR\",\"potentialAction\":[{\"@type\":\"ReadAction\",\"target\":[\"https:\/\/www.rodilloscodimar.com\/fr\/produit\/rouleau-courroie-poly-v-cppv-t40\/\"]}]},{\"@type\":\"ImageObject\",\"inLanguage\":\"fr-FR\",\"@id\":\"https:\/\/www.rodilloscodimar.com\/fr\/produit\/rouleau-courroie-poly-v-cppv-t40\/#primaryimage\",\"url\":\"https:\/\/www.rodilloscodimar.com\/wp-content\/uploads\/2018\/10\/RODILLO-POLIUVE-COMPTO.png\",\"contentUrl\":\"https:\/\/www.rodilloscodimar.com\/wp-content\/uploads\/2018\/10\/RODILLO-POLIUVE-COMPTO.png\",\"width\":1440,\"height\":1080,\"caption\":\"Rouleau de courroie poly-V CPPV \/ T40\"},{\"@type\":\"BreadcrumbList\",\"@id\":\"https:\/\/www.rodilloscodimar.com\/fr\/produit\/rouleau-courroie-poly-v-cppv-t40\/#breadcrumb\",\"itemListElement\":[{\"@type\":\"ListItem\",\"position\":1,\"name\":\"Portada\",\"item\":\"https:\/\/www.rodilloscodimar.com\/fr\/\"},{\"@type\":\"ListItem\",\"position\":2,\"name\":\"Tienda\",\"item\":\"https:\/\/www.rodilloscodimar.com\/tienda\/\"},{\"@type\":\"ListItem\",\"position\":3,\"name\":\"Rouleau de courroie poly-V CPPV \/ T40\"}]},{\"@type\":\"WebSite\",\"@id\":\"https:\/\/www.rodilloscodimar.com\/fr\/#website\",\"url\":\"https:\/\/www.rodilloscodimar.com\/fr\/\",\"name\":\"CODIMAR\",\"description\":\"Frabricante de Componentes , Rodillos, Estaciones y M\u00e1quinas.\",\"publisher\":{\"@id\":\"https:\/\/www.rodilloscodimar.com\/fr\/#organization\"},\"potentialAction\":[{\"@type\":\"SearchAction\",\"target\":{\"@type\":\"EntryPoint\",\"urlTemplate\":\"https:\/\/www.rodilloscodimar.com\/fr\/?s={search_term_string}\"},\"query-input\":{\"@type\":\"PropertyValueSpecification\",\"valueRequired\":true,\"valueName\":\"search_term_string\"}}],\"inLanguage\":\"fr-FR\"},{\"@type\":\"Organization\",\"@id\":\"https:\/\/www.rodilloscodimar.com\/fr\/#organization\",\"name\":\"Rodillos Codimar\",\"url\":\"https:\/\/www.rodilloscodimar.com\/fr\/\",\"logo\":{\"@type\":\"ImageObject\",\"inLanguage\":\"fr-FR\",\"@id\":\"https:\/\/www.rodilloscodimar.com\/fr\/#\/schema\/logo\/image\/\",\"url\":\"https:\/\/www.rodilloscodimar.com\/wp-content\/uploads\/2020\/01\/logo-email.jpg\",\"contentUrl\":\"https:\/\/www.rodilloscodimar.com\/wp-content\/uploads\/2020\/01\/logo-email.jpg\",\"width\":300,\"height\":299,\"caption\":\"Rodillos Codimar\"},\"image\":{\"@id\":\"https:\/\/www.rodilloscodimar.com\/fr\/#\/schema\/logo\/image\/\"}}]}<\/script>\n<!-- \/ Yoast SEO plugin. -->","yoast_head_json":{"title":"Rouleau de courroie Poly-V \/ T40 | Maintenance moyenne - Rouleaux Codimar SL","description":"roll-belt-poly-v-cppv-t40 t\u00eate thermoplastique pour courroie Poly-V, clou\u00e9e au tube. Tube PVC gris RAL 7001 (PVC bleu RAL 5015 \u00e9galement possible).","robots":{"index":"index","follow":"follow","max-snippet":"max-snippet:-1","max-image-preview":"max-image-preview:large","max-video-preview":"max-video-preview:-1"},"canonical":"https:\/\/www.rodilloscodimar.com\/fr\/produit\/rouleau-courroie-poly-v-cppv-t40\/","og_locale":"fr_FR","og_type":"article","og_title":"Rouleau de courroie Poly-V \/ T40 | Maintenance moyenne - Rouleaux Codimar SL","og_description":"roll-belt-poly-v-cppv-t40 t\u00eate thermoplastique pour courroie Poly-V, clou\u00e9e au tube. Tube PVC gris RAL 7001 (PVC bleu RAL 5015 \u00e9galement possible).","og_url":"https:\/\/www.rodilloscodimar.com\/fr\/produit\/rouleau-courroie-poly-v-cppv-t40\/","og_site_name":"CODIMAR","og_image":[{"width":1440,"height":1080,"url":"https:\/\/www.rodilloscodimar.com\/wp-content\/uploads\/2018\/10\/RODILLO-POLIUVE-COMPTO.png","type":"image\/png"}],"twitter_card":"summary_large_image","schema":{"@context":"https:\/\/schema.org","@graph":[{"@type":"WebPage","@id":"https:\/\/www.rodilloscodimar.com\/fr\/produit\/rouleau-courroie-poly-v-cppv-t40\/","url":"https:\/\/www.rodilloscodimar.com\/fr\/produit\/rouleau-courroie-poly-v-cppv-t40\/","name":"Rouleau de courroie Poly-V \/ T40 | Maintenance moyenne - Rouleaux Codimar SL","isPartOf":{"@id":"https:\/\/www.rodilloscodimar.com\/fr\/#website"},"primaryImageOfPage":{"@id":"https:\/\/www.rodilloscodimar.com\/fr\/produit\/rouleau-courroie-poly-v-cppv-t40\/#primaryimage"},"image":{"@id":"https:\/\/www.rodilloscodimar.com\/fr\/produit\/rouleau-courroie-poly-v-cppv-t40\/#primaryimage"},"thumbnailUrl":"https:\/\/www.rodilloscodimar.com\/wp-content\/uploads\/2018\/10\/RODILLO-POLIUVE-COMPTO.png","datePublished":"2020-12-15T17:34:46+00:00","description":"roll-belt-poly-v-cppv-t40 t\u00eate thermoplastique pour courroie Poly-V, clou\u00e9e au tube. Tube PVC gris RAL 7001 (PVC bleu RAL 5015 \u00e9galement possible).","breadcrumb":{"@id":"https:\/\/www.rodilloscodimar.com\/fr\/produit\/rouleau-courroie-poly-v-cppv-t40\/#breadcrumb"},"inLanguage":"fr-FR","potentialAction":[{"@type":"ReadAction","target":["https:\/\/www.rodilloscodimar.com\/fr\/produit\/rouleau-courroie-poly-v-cppv-t40\/"]}]},{"@type":"ImageObject","inLanguage":"fr-FR","@id":"https:\/\/www.rodilloscodimar.com\/fr\/produit\/rouleau-courroie-poly-v-cppv-t40\/#primaryimage","url":"https:\/\/www.rodilloscodimar.com\/wp-content\/uploads\/2018\/10\/RODILLO-POLIUVE-COMPTO.png","contentUrl":"https:\/\/www.rodilloscodimar.com\/wp-content\/uploads\/2018\/10\/RODILLO-POLIUVE-COMPTO.png","width":1440,"height":1080,"caption":"Rouleau de courroie poly-V CPPV \/ T40"},{"@type":"BreadcrumbList","@id":"https:\/\/www.rodilloscodimar.com\/fr\/produit\/rouleau-courroie-poly-v-cppv-t40\/#breadcrumb","itemListElement":[{"@type":"ListItem","position":1,"name":"Portada","item":"https:\/\/www.rodilloscodimar.com\/fr\/"},{"@type":"ListItem","position":2,"name":"Tienda","item":"https:\/\/www.rodilloscodimar.com\/tienda\/"},{"@type":"ListItem","position":3,"name":"Rouleau de courroie poly-V CPPV \/ T40"}]},{"@type":"WebSite","@id":"https:\/\/www.rodilloscodimar.com\/fr\/#website","url":"https:\/\/www.rodilloscodimar.com\/fr\/","name":"CODIMAR","description":"Frabricante de Componentes , Rodillos, Estaciones y M\u00e1quinas.","publisher":{"@id":"https:\/\/www.rodilloscodimar.com\/fr\/#organization"},"potentialAction":[{"@type":"SearchAction","target":{"@type":"EntryPoint","urlTemplate":"https:\/\/www.rodilloscodimar.com\/fr\/?s={search_term_string}"},"query-input":{"@type":"PropertyValueSpecification","valueRequired":true,"valueName":"search_term_string"}}],"inLanguage":"fr-FR"},{"@type":"Organization","@id":"https:\/\/www.rodilloscodimar.com\/fr\/#organization","name":"Rodillos Codimar","url":"https:\/\/www.rodilloscodimar.com\/fr\/","logo":{"@type":"ImageObject","inLanguage":"fr-FR","@id":"https:\/\/www.rodilloscodimar.com\/fr\/#\/schema\/logo\/image\/","url":"https:\/\/www.rodilloscodimar.com\/wp-content\/uploads\/2020\/01\/logo-email.jpg","contentUrl":"https:\/\/www.rodilloscodimar.com\/wp-content\/uploads\/2020\/01\/logo-email.jpg","width":300,"height":299,"caption":"Rodillos Codimar"},"image":{"@id":"https:\/\/www.rodilloscodimar.com\/fr\/#\/schema\/logo\/image\/"}}]}},"_links":{"self":[{"href":"https:\/\/www.rodilloscodimar.com\/fr\/wp-json\/wp\/v2\/product\/5409","targetHints":{"allow":["GET"]}}],"collection":[{"href":"https:\/\/www.rodilloscodimar.com\/fr\/wp-json\/wp\/v2\/product"}],"about":[{"href":"https:\/\/www.rodilloscodimar.com\/fr\/wp-json\/wp\/v2\/types\/product"}],"wp:featuredmedia":[{"embeddable":true,"href":"https:\/\/www.rodilloscodimar.com\/fr\/wp-json\/wp\/v2\/media\/1609"}],"wp:attachment":[{"href":"https:\/\/www.rodilloscodimar.com\/fr\/wp-json\/wp\/v2\/media?parent=5409"}],"wp:term":[{"taxonomy":"product_brand","embeddable":true,"href":"https:\/\/www.rodilloscodimar.com\/fr\/wp-json\/wp\/v2\/product_brand?post=5409"},{"taxonomy":"product_cat","embeddable":true,"href":"https:\/\/www.rodilloscodimar.com\/fr\/wp-json\/wp\/v2\/product_cat?post=5409"},{"taxonomy":"product_tag","embeddable":true,"href":"https:\/\/www.rodilloscodimar.com\/fr\/wp-json\/wp\/v2\/product_tag?post=5409"}],"curies":[{"name":"wp","href":"https:\/\/api.w.org\/{rel}","templated":true}]}}