{"id":5317,"date":"2018-10-08T18:12:36","date_gmt":"2020-12-15T17:29:17","guid":{"rendered":"https:\/\/www.rodilloscodimar.com\/producto\/rouleaux-etages-u71\/"},"modified":"2020-12-15T18:29:17","modified_gmt":"2020-12-15T17:29:17","slug":"u71-step-rollers","status":"publish","type":"product","link":"https:\/\/www.rodilloscodimar.com\/fr\/produit\/u71-step-rollers\/","title":{"rendered":"Rouleaux \u00e9tag\u00e9s U71"},"content":{"rendered":"<p>Rouleaux \u00e9tag\u00e9s U71<\/p>\n","protected":false},"excerpt":{"rendered":"<p>Ce dispositif est utilis\u00e9 pour faire passer le produit d&rsquo;un convoyeur \u00e0 rouleaux \u00e0 une table rotative.<\/p>\n","protected":false},"featured_media":1361,"template":"","meta":{"_joinchat":[]},"product_brand":[],"product_cat":[190],"product_tag":[],"class_list":{"0":"post-5317","1":"product","2":"type-product","3":"status-publish","4":"has-post-thumbnail","6":"product_cat-accessoires","8":"first","9":"instock","10":"shipping-taxable","11":"product-type-simple"},"yoast_head":"<!-- This site is optimized with the Yoast SEO plugin v27.2 - https:\/\/yoast.com\/product\/yoast-seo-wordpress\/ -->\n<title>U71 Step Rollers - Accessoires - Codimar SL Rollers<\/title>\n<meta name=\"description\" content=\"U71 Pitch Rollers est utilis\u00e9 pour faire passer le produit d&#039;un convoyeur \u00e0 rouleaux \u00e0 une table rotative.\" \/>\n<meta name=\"robots\" content=\"index, follow, max-snippet:-1, max-image-preview:large, max-video-preview:-1\" \/>\n<link rel=\"canonical\" href=\"https:\/\/www.rodilloscodimar.com\/fr\/produit\/u71-step-rollers\/\" \/>\n<meta property=\"og:locale\" content=\"fr_FR\" \/>\n<meta property=\"og:type\" content=\"article\" \/>\n<meta property=\"og:title\" content=\"U71 Step Rollers - Accessoires - Codimar SL Rollers\" \/>\n<meta property=\"og:description\" content=\"U71 Pitch Rollers est utilis\u00e9 pour faire passer le produit d&#039;un convoyeur \u00e0 rouleaux \u00e0 une table rotative.\" \/>\n<meta property=\"og:url\" content=\"https:\/\/www.rodilloscodimar.com\/fr\/produit\/u71-step-rollers\/\" \/>\n<meta property=\"og:site_name\" content=\"CODIMAR\" \/>\n<meta property=\"og:image\" content=\"https:\/\/www.rodilloscodimar.com\/wp-content\/uploads\/2018\/10\/rodillo_paso.jpg\" \/>\n\t<meta property=\"og:image:width\" content=\"1024\" \/>\n\t<meta property=\"og:image:height\" content=\"768\" \/>\n\t<meta property=\"og:image:type\" content=\"image\/jpeg\" \/>\n<meta name=\"twitter:card\" content=\"summary_large_image\" \/>\n<script type=\"application\/ld+json\" class=\"yoast-schema-graph\">{\"@context\":\"https:\/\/schema.org\",\"@graph\":[{\"@type\":\"WebPage\",\"@id\":\"https:\/\/www.rodilloscodimar.com\/fr\/produit\/u71-step-rollers\/\",\"url\":\"https:\/\/www.rodilloscodimar.com\/fr\/produit\/u71-step-rollers\/\",\"name\":\"U71 Step Rollers - Accessoires - Codimar SL Rollers\",\"isPartOf\":{\"@id\":\"https:\/\/www.rodilloscodimar.com\/fr\/#website\"},\"primaryImageOfPage\":{\"@id\":\"https:\/\/www.rodilloscodimar.com\/fr\/produit\/u71-step-rollers\/#primaryimage\"},\"image\":{\"@id\":\"https:\/\/www.rodilloscodimar.com\/fr\/produit\/u71-step-rollers\/#primaryimage\"},\"thumbnailUrl\":\"https:\/\/www.rodilloscodimar.com\/wp-content\/uploads\/2018\/10\/rodillo_paso.jpg\",\"datePublished\":\"2020-12-15T17:29:17+00:00\",\"description\":\"U71 Pitch Rollers est utilis\u00e9 pour faire passer le produit d'un convoyeur \u00e0 rouleaux \u00e0 une table rotative.\",\"breadcrumb\":{\"@id\":\"https:\/\/www.rodilloscodimar.com\/fr\/produit\/u71-step-rollers\/#breadcrumb\"},\"inLanguage\":\"fr-FR\",\"potentialAction\":[{\"@type\":\"ReadAction\",\"target\":[\"https:\/\/www.rodilloscodimar.com\/fr\/produit\/u71-step-rollers\/\"]}]},{\"@type\":\"ImageObject\",\"inLanguage\":\"fr-FR\",\"@id\":\"https:\/\/www.rodilloscodimar.com\/fr\/produit\/u71-step-rollers\/#primaryimage\",\"url\":\"https:\/\/www.rodilloscodimar.com\/wp-content\/uploads\/2018\/10\/rodillo_paso.jpg\",\"contentUrl\":\"https:\/\/www.rodilloscodimar.com\/wp-content\/uploads\/2018\/10\/rodillo_paso.jpg\",\"width\":1024,\"height\":768,\"caption\":\"SAMSUNG\"},{\"@type\":\"BreadcrumbList\",\"@id\":\"https:\/\/www.rodilloscodimar.com\/fr\/produit\/u71-step-rollers\/#breadcrumb\",\"itemListElement\":[{\"@type\":\"ListItem\",\"position\":1,\"name\":\"Portada\",\"item\":\"https:\/\/www.rodilloscodimar.com\/fr\/\"},{\"@type\":\"ListItem\",\"position\":2,\"name\":\"Tienda\",\"item\":\"https:\/\/www.rodilloscodimar.com\/tienda\/\"},{\"@type\":\"ListItem\",\"position\":3,\"name\":\"Rouleaux \u00e9tag\u00e9s U71\"}]},{\"@type\":\"WebSite\",\"@id\":\"https:\/\/www.rodilloscodimar.com\/fr\/#website\",\"url\":\"https:\/\/www.rodilloscodimar.com\/fr\/\",\"name\":\"CODIMAR\",\"description\":\"Frabricante de Componentes , Rodillos, Estaciones y M\u00e1quinas.\",\"publisher\":{\"@id\":\"https:\/\/www.rodilloscodimar.com\/fr\/#organization\"},\"potentialAction\":[{\"@type\":\"SearchAction\",\"target\":{\"@type\":\"EntryPoint\",\"urlTemplate\":\"https:\/\/www.rodilloscodimar.com\/fr\/?s={search_term_string}\"},\"query-input\":{\"@type\":\"PropertyValueSpecification\",\"valueRequired\":true,\"valueName\":\"search_term_string\"}}],\"inLanguage\":\"fr-FR\"},{\"@type\":\"Organization\",\"@id\":\"https:\/\/www.rodilloscodimar.com\/fr\/#organization\",\"name\":\"Rodillos Codimar\",\"url\":\"https:\/\/www.rodilloscodimar.com\/fr\/\",\"logo\":{\"@type\":\"ImageObject\",\"inLanguage\":\"fr-FR\",\"@id\":\"https:\/\/www.rodilloscodimar.com\/fr\/#\/schema\/logo\/image\/\",\"url\":\"https:\/\/www.rodilloscodimar.com\/wp-content\/uploads\/2020\/01\/logo-email.jpg\",\"contentUrl\":\"https:\/\/www.rodilloscodimar.com\/wp-content\/uploads\/2020\/01\/logo-email.jpg\",\"width\":300,\"height\":299,\"caption\":\"Rodillos Codimar\"},\"image\":{\"@id\":\"https:\/\/www.rodilloscodimar.com\/fr\/#\/schema\/logo\/image\/\"}}]}<\/script>\n<!-- \/ Yoast SEO plugin. -->","yoast_head_json":{"title":"U71 Step Rollers - Accessoires - Codimar SL Rollers","description":"U71 Pitch Rollers est utilis\u00e9 pour faire passer le produit d'un convoyeur \u00e0 rouleaux \u00e0 une table rotative.","robots":{"index":"index","follow":"follow","max-snippet":"max-snippet:-1","max-image-preview":"max-image-preview:large","max-video-preview":"max-video-preview:-1"},"canonical":"https:\/\/www.rodilloscodimar.com\/fr\/produit\/u71-step-rollers\/","og_locale":"fr_FR","og_type":"article","og_title":"U71 Step Rollers - Accessoires - Codimar SL Rollers","og_description":"U71 Pitch Rollers est utilis\u00e9 pour faire passer le produit d'un convoyeur \u00e0 rouleaux \u00e0 une table rotative.","og_url":"https:\/\/www.rodilloscodimar.com\/fr\/produit\/u71-step-rollers\/","og_site_name":"CODIMAR","og_image":[{"width":1024,"height":768,"url":"https:\/\/www.rodilloscodimar.com\/wp-content\/uploads\/2018\/10\/rodillo_paso.jpg","type":"image\/jpeg"}],"twitter_card":"summary_large_image","schema":{"@context":"https:\/\/schema.org","@graph":[{"@type":"WebPage","@id":"https:\/\/www.rodilloscodimar.com\/fr\/produit\/u71-step-rollers\/","url":"https:\/\/www.rodilloscodimar.com\/fr\/produit\/u71-step-rollers\/","name":"U71 Step Rollers - Accessoires - Codimar SL Rollers","isPartOf":{"@id":"https:\/\/www.rodilloscodimar.com\/fr\/#website"},"primaryImageOfPage":{"@id":"https:\/\/www.rodilloscodimar.com\/fr\/produit\/u71-step-rollers\/#primaryimage"},"image":{"@id":"https:\/\/www.rodilloscodimar.com\/fr\/produit\/u71-step-rollers\/#primaryimage"},"thumbnailUrl":"https:\/\/www.rodilloscodimar.com\/wp-content\/uploads\/2018\/10\/rodillo_paso.jpg","datePublished":"2020-12-15T17:29:17+00:00","description":"U71 Pitch Rollers est utilis\u00e9 pour faire passer le produit d'un convoyeur \u00e0 rouleaux \u00e0 une table rotative.","breadcrumb":{"@id":"https:\/\/www.rodilloscodimar.com\/fr\/produit\/u71-step-rollers\/#breadcrumb"},"inLanguage":"fr-FR","potentialAction":[{"@type":"ReadAction","target":["https:\/\/www.rodilloscodimar.com\/fr\/produit\/u71-step-rollers\/"]}]},{"@type":"ImageObject","inLanguage":"fr-FR","@id":"https:\/\/www.rodilloscodimar.com\/fr\/produit\/u71-step-rollers\/#primaryimage","url":"https:\/\/www.rodilloscodimar.com\/wp-content\/uploads\/2018\/10\/rodillo_paso.jpg","contentUrl":"https:\/\/www.rodilloscodimar.com\/wp-content\/uploads\/2018\/10\/rodillo_paso.jpg","width":1024,"height":768,"caption":"SAMSUNG"},{"@type":"BreadcrumbList","@id":"https:\/\/www.rodilloscodimar.com\/fr\/produit\/u71-step-rollers\/#breadcrumb","itemListElement":[{"@type":"ListItem","position":1,"name":"Portada","item":"https:\/\/www.rodilloscodimar.com\/fr\/"},{"@type":"ListItem","position":2,"name":"Tienda","item":"https:\/\/www.rodilloscodimar.com\/tienda\/"},{"@type":"ListItem","position":3,"name":"Rouleaux \u00e9tag\u00e9s U71"}]},{"@type":"WebSite","@id":"https:\/\/www.rodilloscodimar.com\/fr\/#website","url":"https:\/\/www.rodilloscodimar.com\/fr\/","name":"CODIMAR","description":"Frabricante de Componentes , Rodillos, Estaciones y M\u00e1quinas.","publisher":{"@id":"https:\/\/www.rodilloscodimar.com\/fr\/#organization"},"potentialAction":[{"@type":"SearchAction","target":{"@type":"EntryPoint","urlTemplate":"https:\/\/www.rodilloscodimar.com\/fr\/?s={search_term_string}"},"query-input":{"@type":"PropertyValueSpecification","valueRequired":true,"valueName":"search_term_string"}}],"inLanguage":"fr-FR"},{"@type":"Organization","@id":"https:\/\/www.rodilloscodimar.com\/fr\/#organization","name":"Rodillos Codimar","url":"https:\/\/www.rodilloscodimar.com\/fr\/","logo":{"@type":"ImageObject","inLanguage":"fr-FR","@id":"https:\/\/www.rodilloscodimar.com\/fr\/#\/schema\/logo\/image\/","url":"https:\/\/www.rodilloscodimar.com\/wp-content\/uploads\/2020\/01\/logo-email.jpg","contentUrl":"https:\/\/www.rodilloscodimar.com\/wp-content\/uploads\/2020\/01\/logo-email.jpg","width":300,"height":299,"caption":"Rodillos Codimar"},"image":{"@id":"https:\/\/www.rodilloscodimar.com\/fr\/#\/schema\/logo\/image\/"}}]}},"_links":{"self":[{"href":"https:\/\/www.rodilloscodimar.com\/fr\/wp-json\/wp\/v2\/product\/5317","targetHints":{"allow":["GET"]}}],"collection":[{"href":"https:\/\/www.rodilloscodimar.com\/fr\/wp-json\/wp\/v2\/product"}],"about":[{"href":"https:\/\/www.rodilloscodimar.com\/fr\/wp-json\/wp\/v2\/types\/product"}],"wp:featuredmedia":[{"embeddable":true,"href":"https:\/\/www.rodilloscodimar.com\/fr\/wp-json\/wp\/v2\/media\/1361"}],"wp:attachment":[{"href":"https:\/\/www.rodilloscodimar.com\/fr\/wp-json\/wp\/v2\/media?parent=5317"}],"wp:term":[{"taxonomy":"product_brand","embeddable":true,"href":"https:\/\/www.rodilloscodimar.com\/fr\/wp-json\/wp\/v2\/product_brand?post=5317"},{"taxonomy":"product_cat","embeddable":true,"href":"https:\/\/www.rodilloscodimar.com\/fr\/wp-json\/wp\/v2\/product_cat?post=5317"},{"taxonomy":"product_tag","embeddable":true,"href":"https:\/\/www.rodilloscodimar.com\/fr\/wp-json\/wp\/v2\/product_tag?post=5317"}],"curies":[{"name":"wp","href":"https:\/\/api.w.org\/{rel}","templated":true}]}}