{"id":5289,"date":"2018-10-08T17:36:20","date_gmt":"2020-12-15T17:18:46","guid":{"rendered":"https:\/\/www.rodilloscodimar.com\/producto\/distributeur-de-palettes-d10\/"},"modified":"2020-12-15T18:18:46","modified_gmt":"2020-12-15T17:18:46","slug":"distributeur-de-palettes-d10","status":"publish","type":"product","link":"https:\/\/www.rodilloscodimar.com\/fr\/produit\/distributeur-de-palettes-d10\/","title":{"rendered":"Distributeur de palettes D10"},"content":{"rendered":"<ul>\n<li>Largeur de palette: 800 \u00e0 1000 mm<\/li>\n<li>Longueur de palette: 1000 \u00e0 1200 mm<\/li>\n<li>Capacit\u00e9 de stockage: 15 palettes<\/li>\n<li>Syst\u00e8me d&rsquo;abaissement et de levage pneumatique<\/li>\n<li>M\u00e2choires de distribution \u00e0 commande pneumatique<\/li>\n<li>Capteurs de d\u00e9tection de mouvement.<\/li>\n<li>\u00c9lectrovannes pilotes.<\/li>\n<li>R\u00e9gulateurs de d\u00e9bit<\/li>\n<li>Groupe de traitement de l&rsquo;air<\/li>\n<li>Bornier<\/li>\n<li>Cadre: acier au carbone<\/li>\n<li>Finition: peint<\/li>\n<\/ul>\n","protected":false},"excerpt":{"rendered":"<p>Ces machines sont con\u00e7ues pour stocker des palettes, les empiler et les disperser automatiquement. Ils peuvent \u00eatre incorpor\u00e9s dans des lignes de transport automatiques ou \u00eatre utilis\u00e9s par un op\u00e9rateur charg\u00e9 et d\u00e9chargeant individuellement avec un transpalette ou un chariot \u00e9l\u00e9vateur.<\/p>\n<p>Sa forme constructive permet une int\u00e9gration facile dans des lignes existantes ou nouvelles.<\/p>\n<p>Niveau sonore: faible<\/p>\n","protected":false},"featured_media":1330,"template":"","meta":{"_joinchat":[]},"product_brand":[],"product_cat":[194],"product_tag":[],"class_list":{"0":"post-5289","1":"product","2":"type-product","3":"status-publish","4":"has-post-thumbnail","6":"product_cat-empileurs-distributeurs-de-palettes","8":"first","9":"instock","10":"shipping-taxable","11":"product-type-simple"},"yoast_head":"<!-- This site is optimized with the Yoast SEO plugin v27.2 - https:\/\/yoast.com\/product\/yoast-seo-wordpress\/ -->\n<title>Distributeur de palettes D10 | Distributeurs de palettes - Rouleaux Codimar<\/title>\n<meta name=\"description\" content=\"Distributeur de palettes D10 con\u00e7u pour stocker les palettes, les empiler et les distribuer automatiquement. Capacit\u00e9 de stockage jusqu&#039;\u00e0 15 palettes.\" \/>\n<meta name=\"robots\" content=\"index, follow, max-snippet:-1, max-image-preview:large, max-video-preview:-1\" \/>\n<link rel=\"canonical\" href=\"https:\/\/www.rodilloscodimar.com\/fr\/produit\/distributeur-de-palettes-d10\/\" \/>\n<meta property=\"og:locale\" content=\"fr_FR\" \/>\n<meta property=\"og:type\" content=\"article\" \/>\n<meta property=\"og:title\" content=\"Distributeur de palettes D10 | Distributeurs de palettes - Rouleaux Codimar\" \/>\n<meta property=\"og:description\" content=\"Distributeur de palettes D10 con\u00e7u pour stocker les palettes, les empiler et les distribuer automatiquement. Capacit\u00e9 de stockage jusqu&#039;\u00e0 15 palettes.\" \/>\n<meta property=\"og:url\" content=\"https:\/\/www.rodilloscodimar.com\/fr\/produit\/distributeur-de-palettes-d10\/\" \/>\n<meta property=\"og:site_name\" content=\"CODIMAR\" \/>\n<meta property=\"og:image\" content=\"https:\/\/www.rodilloscodimar.com\/wp-content\/uploads\/2018\/10\/D11-0003.130.jpg\" \/>\n\t<meta property=\"og:image:width\" content=\"1080\" \/>\n\t<meta property=\"og:image:height\" content=\"1080\" \/>\n\t<meta property=\"og:image:type\" content=\"image\/jpeg\" \/>\n<meta name=\"twitter:card\" content=\"summary_large_image\" \/>\n<script type=\"application\/ld+json\" class=\"yoast-schema-graph\">{\"@context\":\"https:\/\/schema.org\",\"@graph\":[{\"@type\":\"WebPage\",\"@id\":\"https:\/\/www.rodilloscodimar.com\/fr\/produit\/distributeur-de-palettes-d10\/\",\"url\":\"https:\/\/www.rodilloscodimar.com\/fr\/produit\/distributeur-de-palettes-d10\/\",\"name\":\"Distributeur de palettes D10 | Distributeurs de palettes - Rouleaux Codimar\",\"isPartOf\":{\"@id\":\"https:\/\/www.rodilloscodimar.com\/fr\/#website\"},\"primaryImageOfPage\":{\"@id\":\"https:\/\/www.rodilloscodimar.com\/fr\/produit\/distributeur-de-palettes-d10\/#primaryimage\"},\"image\":{\"@id\":\"https:\/\/www.rodilloscodimar.com\/fr\/produit\/distributeur-de-palettes-d10\/#primaryimage\"},\"thumbnailUrl\":\"https:\/\/www.rodilloscodimar.com\/wp-content\/uploads\/2018\/10\/D11-0003.130.jpg\",\"datePublished\":\"2020-12-15T17:18:46+00:00\",\"description\":\"Distributeur de palettes D10 con\u00e7u pour stocker les palettes, les empiler et les distribuer automatiquement. Capacit\u00e9 de stockage jusqu'\u00e0 15 palettes.\",\"breadcrumb\":{\"@id\":\"https:\/\/www.rodilloscodimar.com\/fr\/produit\/distributeur-de-palettes-d10\/#breadcrumb\"},\"inLanguage\":\"fr-FR\",\"potentialAction\":[{\"@type\":\"ReadAction\",\"target\":[\"https:\/\/www.rodilloscodimar.com\/fr\/produit\/distributeur-de-palettes-d10\/\"]}]},{\"@type\":\"ImageObject\",\"inLanguage\":\"fr-FR\",\"@id\":\"https:\/\/www.rodilloscodimar.com\/fr\/produit\/distributeur-de-palettes-d10\/#primaryimage\",\"url\":\"https:\/\/www.rodilloscodimar.com\/wp-content\/uploads\/2018\/10\/D11-0003.130.jpg\",\"contentUrl\":\"https:\/\/www.rodilloscodimar.com\/wp-content\/uploads\/2018\/10\/D11-0003.130.jpg\",\"width\":1080,\"height\":1080,\"caption\":\"Distributeur de palettes\"},{\"@type\":\"BreadcrumbList\",\"@id\":\"https:\/\/www.rodilloscodimar.com\/fr\/produit\/distributeur-de-palettes-d10\/#breadcrumb\",\"itemListElement\":[{\"@type\":\"ListItem\",\"position\":1,\"name\":\"Portada\",\"item\":\"https:\/\/www.rodilloscodimar.com\/fr\/\"},{\"@type\":\"ListItem\",\"position\":2,\"name\":\"Tienda\",\"item\":\"https:\/\/www.rodilloscodimar.com\/tienda\/\"},{\"@type\":\"ListItem\",\"position\":3,\"name\":\"Distributeur de palettes D10\"}]},{\"@type\":\"WebSite\",\"@id\":\"https:\/\/www.rodilloscodimar.com\/fr\/#website\",\"url\":\"https:\/\/www.rodilloscodimar.com\/fr\/\",\"name\":\"CODIMAR\",\"description\":\"Frabricante de Componentes , Rodillos, Estaciones y M\u00e1quinas.\",\"publisher\":{\"@id\":\"https:\/\/www.rodilloscodimar.com\/fr\/#organization\"},\"potentialAction\":[{\"@type\":\"SearchAction\",\"target\":{\"@type\":\"EntryPoint\",\"urlTemplate\":\"https:\/\/www.rodilloscodimar.com\/fr\/?s={search_term_string}\"},\"query-input\":{\"@type\":\"PropertyValueSpecification\",\"valueRequired\":true,\"valueName\":\"search_term_string\"}}],\"inLanguage\":\"fr-FR\"},{\"@type\":\"Organization\",\"@id\":\"https:\/\/www.rodilloscodimar.com\/fr\/#organization\",\"name\":\"Rodillos Codimar\",\"url\":\"https:\/\/www.rodilloscodimar.com\/fr\/\",\"logo\":{\"@type\":\"ImageObject\",\"inLanguage\":\"fr-FR\",\"@id\":\"https:\/\/www.rodilloscodimar.com\/fr\/#\/schema\/logo\/image\/\",\"url\":\"https:\/\/www.rodilloscodimar.com\/wp-content\/uploads\/2020\/01\/logo-email.jpg\",\"contentUrl\":\"https:\/\/www.rodilloscodimar.com\/wp-content\/uploads\/2020\/01\/logo-email.jpg\",\"width\":300,\"height\":299,\"caption\":\"Rodillos Codimar\"},\"image\":{\"@id\":\"https:\/\/www.rodilloscodimar.com\/fr\/#\/schema\/logo\/image\/\"}}]}<\/script>\n<!-- \/ Yoast SEO plugin. -->","yoast_head_json":{"title":"Distributeur de palettes D10 | Distributeurs de palettes - Rouleaux Codimar","description":"Distributeur de palettes D10 con\u00e7u pour stocker les palettes, les empiler et les distribuer automatiquement. Capacit\u00e9 de stockage jusqu'\u00e0 15 palettes.","robots":{"index":"index","follow":"follow","max-snippet":"max-snippet:-1","max-image-preview":"max-image-preview:large","max-video-preview":"max-video-preview:-1"},"canonical":"https:\/\/www.rodilloscodimar.com\/fr\/produit\/distributeur-de-palettes-d10\/","og_locale":"fr_FR","og_type":"article","og_title":"Distributeur de palettes D10 | Distributeurs de palettes - Rouleaux Codimar","og_description":"Distributeur de palettes D10 con\u00e7u pour stocker les palettes, les empiler et les distribuer automatiquement. Capacit\u00e9 de stockage jusqu'\u00e0 15 palettes.","og_url":"https:\/\/www.rodilloscodimar.com\/fr\/produit\/distributeur-de-palettes-d10\/","og_site_name":"CODIMAR","og_image":[{"width":1080,"height":1080,"url":"https:\/\/www.rodilloscodimar.com\/wp-content\/uploads\/2018\/10\/D11-0003.130.jpg","type":"image\/jpeg"}],"twitter_card":"summary_large_image","schema":{"@context":"https:\/\/schema.org","@graph":[{"@type":"WebPage","@id":"https:\/\/www.rodilloscodimar.com\/fr\/produit\/distributeur-de-palettes-d10\/","url":"https:\/\/www.rodilloscodimar.com\/fr\/produit\/distributeur-de-palettes-d10\/","name":"Distributeur de palettes D10 | Distributeurs de palettes - Rouleaux Codimar","isPartOf":{"@id":"https:\/\/www.rodilloscodimar.com\/fr\/#website"},"primaryImageOfPage":{"@id":"https:\/\/www.rodilloscodimar.com\/fr\/produit\/distributeur-de-palettes-d10\/#primaryimage"},"image":{"@id":"https:\/\/www.rodilloscodimar.com\/fr\/produit\/distributeur-de-palettes-d10\/#primaryimage"},"thumbnailUrl":"https:\/\/www.rodilloscodimar.com\/wp-content\/uploads\/2018\/10\/D11-0003.130.jpg","datePublished":"2020-12-15T17:18:46+00:00","description":"Distributeur de palettes D10 con\u00e7u pour stocker les palettes, les empiler et les distribuer automatiquement. Capacit\u00e9 de stockage jusqu'\u00e0 15 palettes.","breadcrumb":{"@id":"https:\/\/www.rodilloscodimar.com\/fr\/produit\/distributeur-de-palettes-d10\/#breadcrumb"},"inLanguage":"fr-FR","potentialAction":[{"@type":"ReadAction","target":["https:\/\/www.rodilloscodimar.com\/fr\/produit\/distributeur-de-palettes-d10\/"]}]},{"@type":"ImageObject","inLanguage":"fr-FR","@id":"https:\/\/www.rodilloscodimar.com\/fr\/produit\/distributeur-de-palettes-d10\/#primaryimage","url":"https:\/\/www.rodilloscodimar.com\/wp-content\/uploads\/2018\/10\/D11-0003.130.jpg","contentUrl":"https:\/\/www.rodilloscodimar.com\/wp-content\/uploads\/2018\/10\/D11-0003.130.jpg","width":1080,"height":1080,"caption":"Distributeur de palettes"},{"@type":"BreadcrumbList","@id":"https:\/\/www.rodilloscodimar.com\/fr\/produit\/distributeur-de-palettes-d10\/#breadcrumb","itemListElement":[{"@type":"ListItem","position":1,"name":"Portada","item":"https:\/\/www.rodilloscodimar.com\/fr\/"},{"@type":"ListItem","position":2,"name":"Tienda","item":"https:\/\/www.rodilloscodimar.com\/tienda\/"},{"@type":"ListItem","position":3,"name":"Distributeur de palettes D10"}]},{"@type":"WebSite","@id":"https:\/\/www.rodilloscodimar.com\/fr\/#website","url":"https:\/\/www.rodilloscodimar.com\/fr\/","name":"CODIMAR","description":"Frabricante de Componentes , Rodillos, Estaciones y M\u00e1quinas.","publisher":{"@id":"https:\/\/www.rodilloscodimar.com\/fr\/#organization"},"potentialAction":[{"@type":"SearchAction","target":{"@type":"EntryPoint","urlTemplate":"https:\/\/www.rodilloscodimar.com\/fr\/?s={search_term_string}"},"query-input":{"@type":"PropertyValueSpecification","valueRequired":true,"valueName":"search_term_string"}}],"inLanguage":"fr-FR"},{"@type":"Organization","@id":"https:\/\/www.rodilloscodimar.com\/fr\/#organization","name":"Rodillos Codimar","url":"https:\/\/www.rodilloscodimar.com\/fr\/","logo":{"@type":"ImageObject","inLanguage":"fr-FR","@id":"https:\/\/www.rodilloscodimar.com\/fr\/#\/schema\/logo\/image\/","url":"https:\/\/www.rodilloscodimar.com\/wp-content\/uploads\/2020\/01\/logo-email.jpg","contentUrl":"https:\/\/www.rodilloscodimar.com\/wp-content\/uploads\/2020\/01\/logo-email.jpg","width":300,"height":299,"caption":"Rodillos Codimar"},"image":{"@id":"https:\/\/www.rodilloscodimar.com\/fr\/#\/schema\/logo\/image\/"}}]}},"_links":{"self":[{"href":"https:\/\/www.rodilloscodimar.com\/fr\/wp-json\/wp\/v2\/product\/5289","targetHints":{"allow":["GET"]}}],"collection":[{"href":"https:\/\/www.rodilloscodimar.com\/fr\/wp-json\/wp\/v2\/product"}],"about":[{"href":"https:\/\/www.rodilloscodimar.com\/fr\/wp-json\/wp\/v2\/types\/product"}],"wp:featuredmedia":[{"embeddable":true,"href":"https:\/\/www.rodilloscodimar.com\/fr\/wp-json\/wp\/v2\/media\/1330"}],"wp:attachment":[{"href":"https:\/\/www.rodilloscodimar.com\/fr\/wp-json\/wp\/v2\/media?parent=5289"}],"wp:term":[{"taxonomy":"product_brand","embeddable":true,"href":"https:\/\/www.rodilloscodimar.com\/fr\/wp-json\/wp\/v2\/product_brand?post=5289"},{"taxonomy":"product_cat","embeddable":true,"href":"https:\/\/www.rodilloscodimar.com\/fr\/wp-json\/wp\/v2\/product_cat?post=5289"},{"taxonomy":"product_tag","embeddable":true,"href":"https:\/\/www.rodilloscodimar.com\/fr\/wp-json\/wp\/v2\/product_tag?post=5289"}],"curies":[{"name":"wp","href":"https:\/\/api.w.org\/{rel}","templated":true}]}}