{"id":5278,"date":"2018-10-08T17:25:27","date_gmt":"2020-12-15T17:18:38","guid":{"rendered":"https:\/\/www.rodilloscodimar.com\/producto\/chariot-motorise-v10-convoyeur-a-rouleaux\/"},"modified":"2020-12-15T18:18:38","modified_gmt":"2020-12-15T17:18:38","slug":"convoyeur-a-rouleaux-de-chariot-motorise-v10","status":"publish","type":"product","link":"https:\/\/www.rodilloscodimar.com\/fr\/produit\/convoyeur-a-rouleaux-de-chariot-motorise-v10\/","title":{"rendered":"Chariot motoris\u00e9 V10 + convoyeur \u00e0 rouleaux"},"content":{"rendered":"<ul>\n<li>Niveau sonore: faible<\/li>\n<li>Longueur: 1500 \u00e0 3000 mm<\/li>\n<li>Largeur utile: 800 \u00e0 1500 mm<\/li>\n<li>Capacit\u00e9 de charge maximale: 2000 kg<\/li>\n<li>Cadre: carbone \/ acier inoxydable<\/li>\n<li>Finition: peint \/ zingu\u00e9 \/ sabl\u00e9<\/li>\n<li>Vitesse TROLLEY: 8 \u00e0 20 m \/ min<\/li>\n<li>Vitesse TRM: 8 \u00e0 20 m \/ min<\/li>\n<li>Motorisation du transporteur: central ou t\u00eate.<\/li>\n<li>Motorisation voiture: arr\u00eat par frein<\/li>\n<li>Bords sensibles et unit\u00e9 de commande<\/li>\n<li>Pare-chocs externes<\/li>\n<\/ul>\n","protected":false},"excerpt":{"rendered":"<p>Cette machine est utilis\u00e9e pour collecter et livrer automatiquement des palettes vers diff\u00e9rentes lignes de transport ou entrep\u00f4ts.<\/p>\n<p>Sa forme constructive permet une int\u00e9gration facile dans des lignes existantes ou nouvelles.<\/p>\n<p>Types de guidage:<br \/>\n-Rail \u00e0 roulettes en plat 60&#215;15<br \/>\n-Disque tremp\u00e9 centr\u00e9<\/p>\n","protected":false},"featured_media":1315,"template":"","meta":{"_joinchat":[]},"product_brand":[],"product_cat":[187],"product_tag":[],"class_list":{"0":"post-5278","1":"product","2":"type-product","3":"status-publish","4":"has-post-thumbnail","6":"product_cat-voitures-de-convoyeur","8":"first","9":"instock","10":"shipping-taxable","11":"product-type-simple"},"yoast_head":"<!-- This site is optimized with the Yoast SEO plugin v27.2 - https:\/\/yoast.com\/product\/yoast-seo-wordpress\/ -->\n<title>Chariot motoris\u00e9 V10 + convoyeur \u00e0 rouleaux - Rouleaux Codimar SL<\/title>\n<meta name=\"description\" content=\"Chariot motoris\u00e9 V10 + convoyeur \u00e0 rouleaux sa forme constructive permet une int\u00e9gration facile dans des lignes existantes ou nouvelles. Niveau sonore: faible.\" \/>\n<meta name=\"robots\" content=\"index, follow, max-snippet:-1, max-image-preview:large, max-video-preview:-1\" \/>\n<link rel=\"canonical\" href=\"https:\/\/www.rodilloscodimar.com\/fr\/produit\/convoyeur-a-rouleaux-de-chariot-motorise-v10\/\" \/>\n<meta property=\"og:locale\" content=\"fr_FR\" \/>\n<meta property=\"og:type\" content=\"article\" \/>\n<meta property=\"og:title\" content=\"Chariot motoris\u00e9 V10 + convoyeur \u00e0 rouleaux - Rouleaux Codimar SL\" \/>\n<meta property=\"og:description\" content=\"Chariot motoris\u00e9 V10 + convoyeur \u00e0 rouleaux sa forme constructive permet une int\u00e9gration facile dans des lignes existantes ou nouvelles. Niveau sonore: faible.\" \/>\n<meta property=\"og:url\" content=\"https:\/\/www.rodilloscodimar.com\/fr\/produit\/convoyeur-a-rouleaux-de-chariot-motorise-v10\/\" \/>\n<meta property=\"og:site_name\" content=\"CODIMAR\" \/>\n<meta property=\"og:image\" content=\"https:\/\/www.rodilloscodimar.com\/wp-content\/uploads\/2018\/10\/V10-0003.110.jpg\" \/>\n\t<meta property=\"og:image:width\" content=\"1080\" \/>\n\t<meta property=\"og:image:height\" content=\"1080\" \/>\n\t<meta property=\"og:image:type\" content=\"image\/jpeg\" \/>\n<meta name=\"twitter:card\" content=\"summary_large_image\" \/>\n<script type=\"application\/ld+json\" class=\"yoast-schema-graph\">{\"@context\":\"https:\/\/schema.org\",\"@graph\":[{\"@type\":\"WebPage\",\"@id\":\"https:\/\/www.rodilloscodimar.com\/fr\/produit\/convoyeur-a-rouleaux-de-chariot-motorise-v10\/\",\"url\":\"https:\/\/www.rodilloscodimar.com\/fr\/produit\/convoyeur-a-rouleaux-de-chariot-motorise-v10\/\",\"name\":\"Chariot motoris\u00e9 V10 + convoyeur \u00e0 rouleaux - Rouleaux Codimar SL\",\"isPartOf\":{\"@id\":\"https:\/\/www.rodilloscodimar.com\/fr\/#website\"},\"primaryImageOfPage\":{\"@id\":\"https:\/\/www.rodilloscodimar.com\/fr\/produit\/convoyeur-a-rouleaux-de-chariot-motorise-v10\/#primaryimage\"},\"image\":{\"@id\":\"https:\/\/www.rodilloscodimar.com\/fr\/produit\/convoyeur-a-rouleaux-de-chariot-motorise-v10\/#primaryimage\"},\"thumbnailUrl\":\"https:\/\/www.rodilloscodimar.com\/wp-content\/uploads\/2018\/10\/V10-0003.110.jpg\",\"datePublished\":\"2020-12-15T17:18:38+00:00\",\"description\":\"Chariot motoris\u00e9 V10 + convoyeur \u00e0 rouleaux sa forme constructive permet une int\u00e9gration facile dans des lignes existantes ou nouvelles. Niveau sonore: faible.\",\"breadcrumb\":{\"@id\":\"https:\/\/www.rodilloscodimar.com\/fr\/produit\/convoyeur-a-rouleaux-de-chariot-motorise-v10\/#breadcrumb\"},\"inLanguage\":\"fr-FR\",\"potentialAction\":[{\"@type\":\"ReadAction\",\"target\":[\"https:\/\/www.rodilloscodimar.com\/fr\/produit\/convoyeur-a-rouleaux-de-chariot-motorise-v10\/\"]}]},{\"@type\":\"ImageObject\",\"inLanguage\":\"fr-FR\",\"@id\":\"https:\/\/www.rodilloscodimar.com\/fr\/produit\/convoyeur-a-rouleaux-de-chariot-motorise-v10\/#primaryimage\",\"url\":\"https:\/\/www.rodilloscodimar.com\/wp-content\/uploads\/2018\/10\/V10-0003.110.jpg\",\"contentUrl\":\"https:\/\/www.rodilloscodimar.com\/wp-content\/uploads\/2018\/10\/V10-0003.110.jpg\",\"width\":1080,\"height\":1080,\"caption\":\"Chariot motoris\u00e9 + convoyeur \u00e0 rouleaux\"},{\"@type\":\"BreadcrumbList\",\"@id\":\"https:\/\/www.rodilloscodimar.com\/fr\/produit\/convoyeur-a-rouleaux-de-chariot-motorise-v10\/#breadcrumb\",\"itemListElement\":[{\"@type\":\"ListItem\",\"position\":1,\"name\":\"Portada\",\"item\":\"https:\/\/www.rodilloscodimar.com\/fr\/\"},{\"@type\":\"ListItem\",\"position\":2,\"name\":\"Tienda\",\"item\":\"https:\/\/www.rodilloscodimar.com\/tienda\/\"},{\"@type\":\"ListItem\",\"position\":3,\"name\":\"Chariot motoris\u00e9 V10 + convoyeur \u00e0 rouleaux\"}]},{\"@type\":\"WebSite\",\"@id\":\"https:\/\/www.rodilloscodimar.com\/fr\/#website\",\"url\":\"https:\/\/www.rodilloscodimar.com\/fr\/\",\"name\":\"CODIMAR\",\"description\":\"Frabricante de Componentes , Rodillos, Estaciones y M\u00e1quinas.\",\"publisher\":{\"@id\":\"https:\/\/www.rodilloscodimar.com\/fr\/#organization\"},\"potentialAction\":[{\"@type\":\"SearchAction\",\"target\":{\"@type\":\"EntryPoint\",\"urlTemplate\":\"https:\/\/www.rodilloscodimar.com\/fr\/?s={search_term_string}\"},\"query-input\":{\"@type\":\"PropertyValueSpecification\",\"valueRequired\":true,\"valueName\":\"search_term_string\"}}],\"inLanguage\":\"fr-FR\"},{\"@type\":\"Organization\",\"@id\":\"https:\/\/www.rodilloscodimar.com\/fr\/#organization\",\"name\":\"Rodillos Codimar\",\"url\":\"https:\/\/www.rodilloscodimar.com\/fr\/\",\"logo\":{\"@type\":\"ImageObject\",\"inLanguage\":\"fr-FR\",\"@id\":\"https:\/\/www.rodilloscodimar.com\/fr\/#\/schema\/logo\/image\/\",\"url\":\"https:\/\/www.rodilloscodimar.com\/wp-content\/uploads\/2020\/01\/logo-email.jpg\",\"contentUrl\":\"https:\/\/www.rodilloscodimar.com\/wp-content\/uploads\/2020\/01\/logo-email.jpg\",\"width\":300,\"height\":299,\"caption\":\"Rodillos Codimar\"},\"image\":{\"@id\":\"https:\/\/www.rodilloscodimar.com\/fr\/#\/schema\/logo\/image\/\"}}]}<\/script>\n<!-- \/ Yoast SEO plugin. -->","yoast_head_json":{"title":"Chariot motoris\u00e9 V10 + convoyeur \u00e0 rouleaux - Rouleaux Codimar SL","description":"Chariot motoris\u00e9 V10 + convoyeur \u00e0 rouleaux sa forme constructive permet une int\u00e9gration facile dans des lignes existantes ou nouvelles. Niveau sonore: faible.","robots":{"index":"index","follow":"follow","max-snippet":"max-snippet:-1","max-image-preview":"max-image-preview:large","max-video-preview":"max-video-preview:-1"},"canonical":"https:\/\/www.rodilloscodimar.com\/fr\/produit\/convoyeur-a-rouleaux-de-chariot-motorise-v10\/","og_locale":"fr_FR","og_type":"article","og_title":"Chariot motoris\u00e9 V10 + convoyeur \u00e0 rouleaux - Rouleaux Codimar SL","og_description":"Chariot motoris\u00e9 V10 + convoyeur \u00e0 rouleaux sa forme constructive permet une int\u00e9gration facile dans des lignes existantes ou nouvelles. Niveau sonore: faible.","og_url":"https:\/\/www.rodilloscodimar.com\/fr\/produit\/convoyeur-a-rouleaux-de-chariot-motorise-v10\/","og_site_name":"CODIMAR","og_image":[{"width":1080,"height":1080,"url":"https:\/\/www.rodilloscodimar.com\/wp-content\/uploads\/2018\/10\/V10-0003.110.jpg","type":"image\/jpeg"}],"twitter_card":"summary_large_image","schema":{"@context":"https:\/\/schema.org","@graph":[{"@type":"WebPage","@id":"https:\/\/www.rodilloscodimar.com\/fr\/produit\/convoyeur-a-rouleaux-de-chariot-motorise-v10\/","url":"https:\/\/www.rodilloscodimar.com\/fr\/produit\/convoyeur-a-rouleaux-de-chariot-motorise-v10\/","name":"Chariot motoris\u00e9 V10 + convoyeur \u00e0 rouleaux - Rouleaux Codimar SL","isPartOf":{"@id":"https:\/\/www.rodilloscodimar.com\/fr\/#website"},"primaryImageOfPage":{"@id":"https:\/\/www.rodilloscodimar.com\/fr\/produit\/convoyeur-a-rouleaux-de-chariot-motorise-v10\/#primaryimage"},"image":{"@id":"https:\/\/www.rodilloscodimar.com\/fr\/produit\/convoyeur-a-rouleaux-de-chariot-motorise-v10\/#primaryimage"},"thumbnailUrl":"https:\/\/www.rodilloscodimar.com\/wp-content\/uploads\/2018\/10\/V10-0003.110.jpg","datePublished":"2020-12-15T17:18:38+00:00","description":"Chariot motoris\u00e9 V10 + convoyeur \u00e0 rouleaux sa forme constructive permet une int\u00e9gration facile dans des lignes existantes ou nouvelles. Niveau sonore: faible.","breadcrumb":{"@id":"https:\/\/www.rodilloscodimar.com\/fr\/produit\/convoyeur-a-rouleaux-de-chariot-motorise-v10\/#breadcrumb"},"inLanguage":"fr-FR","potentialAction":[{"@type":"ReadAction","target":["https:\/\/www.rodilloscodimar.com\/fr\/produit\/convoyeur-a-rouleaux-de-chariot-motorise-v10\/"]}]},{"@type":"ImageObject","inLanguage":"fr-FR","@id":"https:\/\/www.rodilloscodimar.com\/fr\/produit\/convoyeur-a-rouleaux-de-chariot-motorise-v10\/#primaryimage","url":"https:\/\/www.rodilloscodimar.com\/wp-content\/uploads\/2018\/10\/V10-0003.110.jpg","contentUrl":"https:\/\/www.rodilloscodimar.com\/wp-content\/uploads\/2018\/10\/V10-0003.110.jpg","width":1080,"height":1080,"caption":"Chariot motoris\u00e9 + convoyeur \u00e0 rouleaux"},{"@type":"BreadcrumbList","@id":"https:\/\/www.rodilloscodimar.com\/fr\/produit\/convoyeur-a-rouleaux-de-chariot-motorise-v10\/#breadcrumb","itemListElement":[{"@type":"ListItem","position":1,"name":"Portada","item":"https:\/\/www.rodilloscodimar.com\/fr\/"},{"@type":"ListItem","position":2,"name":"Tienda","item":"https:\/\/www.rodilloscodimar.com\/tienda\/"},{"@type":"ListItem","position":3,"name":"Chariot motoris\u00e9 V10 + convoyeur \u00e0 rouleaux"}]},{"@type":"WebSite","@id":"https:\/\/www.rodilloscodimar.com\/fr\/#website","url":"https:\/\/www.rodilloscodimar.com\/fr\/","name":"CODIMAR","description":"Frabricante de Componentes , Rodillos, Estaciones y M\u00e1quinas.","publisher":{"@id":"https:\/\/www.rodilloscodimar.com\/fr\/#organization"},"potentialAction":[{"@type":"SearchAction","target":{"@type":"EntryPoint","urlTemplate":"https:\/\/www.rodilloscodimar.com\/fr\/?s={search_term_string}"},"query-input":{"@type":"PropertyValueSpecification","valueRequired":true,"valueName":"search_term_string"}}],"inLanguage":"fr-FR"},{"@type":"Organization","@id":"https:\/\/www.rodilloscodimar.com\/fr\/#organization","name":"Rodillos Codimar","url":"https:\/\/www.rodilloscodimar.com\/fr\/","logo":{"@type":"ImageObject","inLanguage":"fr-FR","@id":"https:\/\/www.rodilloscodimar.com\/fr\/#\/schema\/logo\/image\/","url":"https:\/\/www.rodilloscodimar.com\/wp-content\/uploads\/2020\/01\/logo-email.jpg","contentUrl":"https:\/\/www.rodilloscodimar.com\/wp-content\/uploads\/2020\/01\/logo-email.jpg","width":300,"height":299,"caption":"Rodillos Codimar"},"image":{"@id":"https:\/\/www.rodilloscodimar.com\/fr\/#\/schema\/logo\/image\/"}}]}},"_links":{"self":[{"href":"https:\/\/www.rodilloscodimar.com\/fr\/wp-json\/wp\/v2\/product\/5278","targetHints":{"allow":["GET"]}}],"collection":[{"href":"https:\/\/www.rodilloscodimar.com\/fr\/wp-json\/wp\/v2\/product"}],"about":[{"href":"https:\/\/www.rodilloscodimar.com\/fr\/wp-json\/wp\/v2\/types\/product"}],"wp:featuredmedia":[{"embeddable":true,"href":"https:\/\/www.rodilloscodimar.com\/fr\/wp-json\/wp\/v2\/media\/1315"}],"wp:attachment":[{"href":"https:\/\/www.rodilloscodimar.com\/fr\/wp-json\/wp\/v2\/media?parent=5278"}],"wp:term":[{"taxonomy":"product_brand","embeddable":true,"href":"https:\/\/www.rodilloscodimar.com\/fr\/wp-json\/wp\/v2\/product_brand?post=5278"},{"taxonomy":"product_cat","embeddable":true,"href":"https:\/\/www.rodilloscodimar.com\/fr\/wp-json\/wp\/v2\/product_cat?post=5278"},{"taxonomy":"product_tag","embeddable":true,"href":"https:\/\/www.rodilloscodimar.com\/fr\/wp-json\/wp\/v2\/product_tag?post=5278"}],"curies":[{"name":"wp","href":"https:\/\/api.w.org\/{rel}","templated":true}]}}