{"id":5270,"date":"2018-10-08T17:27:28","date_gmt":"2020-12-15T17:17:46","guid":{"rendered":"https:\/\/www.rodilloscodimar.com\/producto\/chariot-manuel-v20-convoyeur-a-gravite\/"},"modified":"2020-12-15T18:17:46","modified_gmt":"2020-12-15T17:17:46","slug":"transport-gravite-voiture-manuel-v20","status":"publish","type":"product","link":"https:\/\/www.rodilloscodimar.com\/fr\/produit\/transport-gravite-voiture-manuel-v20\/","title":{"rendered":"Chariot manuel V20 + convoyeur \u00e0 gravit\u00e9"},"content":{"rendered":"<ul>\n<li>Longueur: 800 \u00e0 2000 mm<\/li>\n<li>Largeur utile: 800 \u00e0 1500 mm<\/li>\n<li>Capacit\u00e9 de charge maximale: 2000 kg<\/li>\n<li>Cadre: acier au carbone \/ Inox<\/li>\n<li>Finition: peint \/ zingu\u00e9 \/ sabl\u00e9<\/li>\n<li>Pare-chocs externes<\/li>\n<\/ul>\n","protected":false},"excerpt":{"rendered":"<p>Convient pour le ramassage manuel et la livraison de palettes et autres articles lourds vers diff\u00e9rentes lignes de transport ou entrep\u00f4ts.<\/p>\n<p>Types de guidage:<br \/>\n-Rail \u00e0 roulettes en plat 60&#215;15<br \/>\n-Disque tremp\u00e9 centr\u00e9<\/p>\n","protected":false},"featured_media":1318,"template":"","meta":{"_joinchat":[]},"product_brand":[],"product_cat":[187],"product_tag":[],"class_list":{"0":"post-5270","1":"product","2":"type-product","3":"status-publish","4":"has-post-thumbnail","6":"product_cat-voitures-de-convoyeur","8":"first","9":"instock","10":"shipping-taxable","11":"product-type-simple"},"yoast_head":"<!-- This site is optimized with the Yoast SEO plugin v27.2 - https:\/\/yoast.com\/product\/yoast-seo-wordpress\/ -->\n<title>Chariot manuel V20 + convoyeur par gravit\u00e9 - Rouleaux Codimar SL<\/title>\n<meta name=\"description\" content=\"Chariot manuel V20 + convoyeur gravitaire adapt\u00e9 au ramassage et \u00e0 la livraison de palettes. Capacit\u00e9 de charge maximale 2000 kg.\" \/>\n<meta name=\"robots\" content=\"index, follow, max-snippet:-1, max-image-preview:large, max-video-preview:-1\" \/>\n<link rel=\"canonical\" href=\"https:\/\/www.rodilloscodimar.com\/fr\/produit\/transport-gravite-voiture-manuel-v20\/\" \/>\n<meta property=\"og:locale\" content=\"fr_FR\" \/>\n<meta property=\"og:type\" content=\"article\" \/>\n<meta property=\"og:title\" content=\"Chariot manuel V20 + convoyeur par gravit\u00e9 - Rouleaux Codimar SL\" \/>\n<meta property=\"og:description\" content=\"Chariot manuel V20 + convoyeur gravitaire adapt\u00e9 au ramassage et \u00e0 la livraison de palettes. Capacit\u00e9 de charge maximale 2000 kg.\" \/>\n<meta property=\"og:url\" content=\"https:\/\/www.rodilloscodimar.com\/fr\/produit\/transport-gravite-voiture-manuel-v20\/\" \/>\n<meta property=\"og:site_name\" content=\"CODIMAR\" \/>\n<meta property=\"og:image\" content=\"https:\/\/www.rodilloscodimar.com\/wp-content\/uploads\/2018\/10\/V20-0001-copia.178.jpg\" \/>\n\t<meta property=\"og:image:width\" content=\"1080\" \/>\n\t<meta property=\"og:image:height\" content=\"1080\" \/>\n\t<meta property=\"og:image:type\" content=\"image\/jpeg\" \/>\n<meta name=\"twitter:card\" content=\"summary_large_image\" \/>\n<script type=\"application\/ld+json\" class=\"yoast-schema-graph\">{\"@context\":\"https:\/\/schema.org\",\"@graph\":[{\"@type\":\"WebPage\",\"@id\":\"https:\/\/www.rodilloscodimar.com\/fr\/produit\/transport-gravite-voiture-manuel-v20\/\",\"url\":\"https:\/\/www.rodilloscodimar.com\/fr\/produit\/transport-gravite-voiture-manuel-v20\/\",\"name\":\"Chariot manuel V20 + convoyeur par gravit\u00e9 - Rouleaux Codimar SL\",\"isPartOf\":{\"@id\":\"https:\/\/www.rodilloscodimar.com\/fr\/#website\"},\"primaryImageOfPage\":{\"@id\":\"https:\/\/www.rodilloscodimar.com\/fr\/produit\/transport-gravite-voiture-manuel-v20\/#primaryimage\"},\"image\":{\"@id\":\"https:\/\/www.rodilloscodimar.com\/fr\/produit\/transport-gravite-voiture-manuel-v20\/#primaryimage\"},\"thumbnailUrl\":\"https:\/\/www.rodilloscodimar.com\/wp-content\/uploads\/2018\/10\/V20-0001-copia.178.jpg\",\"datePublished\":\"2020-12-15T17:17:46+00:00\",\"description\":\"Chariot manuel V20 + convoyeur gravitaire adapt\u00e9 au ramassage et \u00e0 la livraison de palettes. Capacit\u00e9 de charge maximale 2000 kg.\",\"breadcrumb\":{\"@id\":\"https:\/\/www.rodilloscodimar.com\/fr\/produit\/transport-gravite-voiture-manuel-v20\/#breadcrumb\"},\"inLanguage\":\"fr-FR\",\"potentialAction\":[{\"@type\":\"ReadAction\",\"target\":[\"https:\/\/www.rodilloscodimar.com\/fr\/produit\/transport-gravite-voiture-manuel-v20\/\"]}]},{\"@type\":\"ImageObject\",\"inLanguage\":\"fr-FR\",\"@id\":\"https:\/\/www.rodilloscodimar.com\/fr\/produit\/transport-gravite-voiture-manuel-v20\/#primaryimage\",\"url\":\"https:\/\/www.rodilloscodimar.com\/wp-content\/uploads\/2018\/10\/V20-0001-copia.178.jpg\",\"contentUrl\":\"https:\/\/www.rodilloscodimar.com\/wp-content\/uploads\/2018\/10\/V20-0001-copia.178.jpg\",\"width\":1080,\"height\":1080,\"caption\":\"Chariot manuel + convoyeur par gravit\u00e9\"},{\"@type\":\"BreadcrumbList\",\"@id\":\"https:\/\/www.rodilloscodimar.com\/fr\/produit\/transport-gravite-voiture-manuel-v20\/#breadcrumb\",\"itemListElement\":[{\"@type\":\"ListItem\",\"position\":1,\"name\":\"Portada\",\"item\":\"https:\/\/www.rodilloscodimar.com\/fr\/\"},{\"@type\":\"ListItem\",\"position\":2,\"name\":\"Tienda\",\"item\":\"https:\/\/www.rodilloscodimar.com\/tienda\/\"},{\"@type\":\"ListItem\",\"position\":3,\"name\":\"Chariot manuel V20 + convoyeur \u00e0 gravit\u00e9\"}]},{\"@type\":\"WebSite\",\"@id\":\"https:\/\/www.rodilloscodimar.com\/fr\/#website\",\"url\":\"https:\/\/www.rodilloscodimar.com\/fr\/\",\"name\":\"CODIMAR\",\"description\":\"Frabricante de Componentes , Rodillos, Estaciones y M\u00e1quinas.\",\"publisher\":{\"@id\":\"https:\/\/www.rodilloscodimar.com\/fr\/#organization\"},\"potentialAction\":[{\"@type\":\"SearchAction\",\"target\":{\"@type\":\"EntryPoint\",\"urlTemplate\":\"https:\/\/www.rodilloscodimar.com\/fr\/?s={search_term_string}\"},\"query-input\":{\"@type\":\"PropertyValueSpecification\",\"valueRequired\":true,\"valueName\":\"search_term_string\"}}],\"inLanguage\":\"fr-FR\"},{\"@type\":\"Organization\",\"@id\":\"https:\/\/www.rodilloscodimar.com\/fr\/#organization\",\"name\":\"Rodillos Codimar\",\"url\":\"https:\/\/www.rodilloscodimar.com\/fr\/\",\"logo\":{\"@type\":\"ImageObject\",\"inLanguage\":\"fr-FR\",\"@id\":\"https:\/\/www.rodilloscodimar.com\/fr\/#\/schema\/logo\/image\/\",\"url\":\"https:\/\/www.rodilloscodimar.com\/wp-content\/uploads\/2020\/01\/logo-email.jpg\",\"contentUrl\":\"https:\/\/www.rodilloscodimar.com\/wp-content\/uploads\/2020\/01\/logo-email.jpg\",\"width\":300,\"height\":299,\"caption\":\"Rodillos Codimar\"},\"image\":{\"@id\":\"https:\/\/www.rodilloscodimar.com\/fr\/#\/schema\/logo\/image\/\"}}]}<\/script>\n<!-- \/ Yoast SEO plugin. -->","yoast_head_json":{"title":"Chariot manuel V20 + convoyeur par gravit\u00e9 - Rouleaux Codimar SL","description":"Chariot manuel V20 + convoyeur gravitaire adapt\u00e9 au ramassage et \u00e0 la livraison de palettes. Capacit\u00e9 de charge maximale 2000 kg.","robots":{"index":"index","follow":"follow","max-snippet":"max-snippet:-1","max-image-preview":"max-image-preview:large","max-video-preview":"max-video-preview:-1"},"canonical":"https:\/\/www.rodilloscodimar.com\/fr\/produit\/transport-gravite-voiture-manuel-v20\/","og_locale":"fr_FR","og_type":"article","og_title":"Chariot manuel V20 + convoyeur par gravit\u00e9 - Rouleaux Codimar SL","og_description":"Chariot manuel V20 + convoyeur gravitaire adapt\u00e9 au ramassage et \u00e0 la livraison de palettes. Capacit\u00e9 de charge maximale 2000 kg.","og_url":"https:\/\/www.rodilloscodimar.com\/fr\/produit\/transport-gravite-voiture-manuel-v20\/","og_site_name":"CODIMAR","og_image":[{"width":1080,"height":1080,"url":"https:\/\/www.rodilloscodimar.com\/wp-content\/uploads\/2018\/10\/V20-0001-copia.178.jpg","type":"image\/jpeg"}],"twitter_card":"summary_large_image","schema":{"@context":"https:\/\/schema.org","@graph":[{"@type":"WebPage","@id":"https:\/\/www.rodilloscodimar.com\/fr\/produit\/transport-gravite-voiture-manuel-v20\/","url":"https:\/\/www.rodilloscodimar.com\/fr\/produit\/transport-gravite-voiture-manuel-v20\/","name":"Chariot manuel V20 + convoyeur par gravit\u00e9 - Rouleaux Codimar SL","isPartOf":{"@id":"https:\/\/www.rodilloscodimar.com\/fr\/#website"},"primaryImageOfPage":{"@id":"https:\/\/www.rodilloscodimar.com\/fr\/produit\/transport-gravite-voiture-manuel-v20\/#primaryimage"},"image":{"@id":"https:\/\/www.rodilloscodimar.com\/fr\/produit\/transport-gravite-voiture-manuel-v20\/#primaryimage"},"thumbnailUrl":"https:\/\/www.rodilloscodimar.com\/wp-content\/uploads\/2018\/10\/V20-0001-copia.178.jpg","datePublished":"2020-12-15T17:17:46+00:00","description":"Chariot manuel V20 + convoyeur gravitaire adapt\u00e9 au ramassage et \u00e0 la livraison de palettes. Capacit\u00e9 de charge maximale 2000 kg.","breadcrumb":{"@id":"https:\/\/www.rodilloscodimar.com\/fr\/produit\/transport-gravite-voiture-manuel-v20\/#breadcrumb"},"inLanguage":"fr-FR","potentialAction":[{"@type":"ReadAction","target":["https:\/\/www.rodilloscodimar.com\/fr\/produit\/transport-gravite-voiture-manuel-v20\/"]}]},{"@type":"ImageObject","inLanguage":"fr-FR","@id":"https:\/\/www.rodilloscodimar.com\/fr\/produit\/transport-gravite-voiture-manuel-v20\/#primaryimage","url":"https:\/\/www.rodilloscodimar.com\/wp-content\/uploads\/2018\/10\/V20-0001-copia.178.jpg","contentUrl":"https:\/\/www.rodilloscodimar.com\/wp-content\/uploads\/2018\/10\/V20-0001-copia.178.jpg","width":1080,"height":1080,"caption":"Chariot manuel + convoyeur par gravit\u00e9"},{"@type":"BreadcrumbList","@id":"https:\/\/www.rodilloscodimar.com\/fr\/produit\/transport-gravite-voiture-manuel-v20\/#breadcrumb","itemListElement":[{"@type":"ListItem","position":1,"name":"Portada","item":"https:\/\/www.rodilloscodimar.com\/fr\/"},{"@type":"ListItem","position":2,"name":"Tienda","item":"https:\/\/www.rodilloscodimar.com\/tienda\/"},{"@type":"ListItem","position":3,"name":"Chariot manuel V20 + convoyeur \u00e0 gravit\u00e9"}]},{"@type":"WebSite","@id":"https:\/\/www.rodilloscodimar.com\/fr\/#website","url":"https:\/\/www.rodilloscodimar.com\/fr\/","name":"CODIMAR","description":"Frabricante de Componentes , Rodillos, Estaciones y M\u00e1quinas.","publisher":{"@id":"https:\/\/www.rodilloscodimar.com\/fr\/#organization"},"potentialAction":[{"@type":"SearchAction","target":{"@type":"EntryPoint","urlTemplate":"https:\/\/www.rodilloscodimar.com\/fr\/?s={search_term_string}"},"query-input":{"@type":"PropertyValueSpecification","valueRequired":true,"valueName":"search_term_string"}}],"inLanguage":"fr-FR"},{"@type":"Organization","@id":"https:\/\/www.rodilloscodimar.com\/fr\/#organization","name":"Rodillos Codimar","url":"https:\/\/www.rodilloscodimar.com\/fr\/","logo":{"@type":"ImageObject","inLanguage":"fr-FR","@id":"https:\/\/www.rodilloscodimar.com\/fr\/#\/schema\/logo\/image\/","url":"https:\/\/www.rodilloscodimar.com\/wp-content\/uploads\/2020\/01\/logo-email.jpg","contentUrl":"https:\/\/www.rodilloscodimar.com\/wp-content\/uploads\/2020\/01\/logo-email.jpg","width":300,"height":299,"caption":"Rodillos Codimar"},"image":{"@id":"https:\/\/www.rodilloscodimar.com\/fr\/#\/schema\/logo\/image\/"}}]}},"_links":{"self":[{"href":"https:\/\/www.rodilloscodimar.com\/fr\/wp-json\/wp\/v2\/product\/5270","targetHints":{"allow":["GET"]}}],"collection":[{"href":"https:\/\/www.rodilloscodimar.com\/fr\/wp-json\/wp\/v2\/product"}],"about":[{"href":"https:\/\/www.rodilloscodimar.com\/fr\/wp-json\/wp\/v2\/types\/product"}],"wp:featuredmedia":[{"embeddable":true,"href":"https:\/\/www.rodilloscodimar.com\/fr\/wp-json\/wp\/v2\/media\/1318"}],"wp:attachment":[{"href":"https:\/\/www.rodilloscodimar.com\/fr\/wp-json\/wp\/v2\/media?parent=5270"}],"wp:term":[{"taxonomy":"product_brand","embeddable":true,"href":"https:\/\/www.rodilloscodimar.com\/fr\/wp-json\/wp\/v2\/product_brand?post=5270"},{"taxonomy":"product_cat","embeddable":true,"href":"https:\/\/www.rodilloscodimar.com\/fr\/wp-json\/wp\/v2\/product_cat?post=5270"},{"taxonomy":"product_tag","embeddable":true,"href":"https:\/\/www.rodilloscodimar.com\/fr\/wp-json\/wp\/v2\/product_tag?post=5270"}],"curies":[{"name":"wp","href":"https:\/\/api.w.org\/{rel}","templated":true}]}}