{"id":5258,"date":"2018-10-08T17:12:16","date_gmt":"2020-12-15T17:17:33","guid":{"rendered":"https:\/\/www.rodilloscodimar.com\/producto\/transfert-a-bande-a-rouleaux-t43\/"},"modified":"2020-12-15T18:17:33","modified_gmt":"2020-12-15T17:17:33","slug":"transfert-par-courroie-a-rouleaux-t43","status":"publish","type":"product","link":"https:\/\/www.rodilloscodimar.com\/fr\/produit\/transfert-par-courroie-a-rouleaux-t43\/","title":{"rendered":"Transfert \u00e0 bande \u00e0 rouleaux T43"},"content":{"rendered":"<ul>\n<li>Sa forme constructive permet une int\u00e9gration facile dans des lignes existantes ou nouvelles.<\/li>\n<li>Niveau sonore: faible<\/li>\n<li>Longueur: 500 \u00e0 1000 mm<\/li>\n<li>Largeur utile: 400 \u00e0 800 mm<\/li>\n<li>Capacit\u00e9 de charge maximale: 30 kg<\/li>\n<li>Ascenseur pneumatique<\/li>\n<li>Cadre: acier au carbone \/ inoxydable<\/li>\n<li>Finition: peint \/ zingu\u00e9 \/ sabl\u00e9<\/li>\n<li>Vitesse TDC: 8 \u00e0 20 m \/ min<\/li>\n<li>Motorisation convoyeur: centrale.<\/li>\n<\/ul>\n","protected":false},"excerpt":{"rendered":"<p>\u00c9quipement utilis\u00e9 pour effectuer des changements d&rsquo;adresse sur une ligne de transport. C&rsquo;est un<strong> machine mixte comprenant un convoyeur \u00e0 rouleaux, un convoyeur \u00e0 bande et un \u00e9l\u00e9vateur<\/strong> , dans lequel l&rsquo;un des deux convoyeurs reste fixe et l&rsquo;autre monte.<\/p>\n","protected":false},"featured_media":1299,"template":"","meta":{"_joinchat":[]},"product_brand":[],"product_cat":[191],"product_tag":[],"class_list":{"0":"post-5258","1":"product","2":"type-product","3":"status-publish","4":"has-post-thumbnail","6":"product_cat-transferts","8":"first","9":"instock","10":"shipping-taxable","11":"product-type-simple"},"yoast_head":"<!-- This site is optimized with the Yoast SEO plugin v27.2 - https:\/\/yoast.com\/product\/yoast-seo-wordpress\/ -->\n<title>Transfert \u00e0 bande \u00e0 rouleaux T43 | Machines - Rouleaux Codimar SL<\/title>\n<meta name=\"description\" content=\"T43 Roller-Belt Transfer est une machine mixte qui comprend un convoyeur \u00e0 rouleaux, un convoyeur \u00e0 bande et un \u00e9l\u00e9vateur.\" \/>\n<meta name=\"robots\" content=\"index, follow, max-snippet:-1, max-image-preview:large, max-video-preview:-1\" \/>\n<link rel=\"canonical\" href=\"https:\/\/www.rodilloscodimar.com\/fr\/produit\/transfert-par-courroie-a-rouleaux-t43\/\" \/>\n<meta property=\"og:locale\" content=\"fr_FR\" \/>\n<meta property=\"og:type\" content=\"article\" \/>\n<meta property=\"og:title\" content=\"Transfert \u00e0 bande \u00e0 rouleaux T43 | Machines - Rouleaux Codimar SL\" \/>\n<meta property=\"og:description\" content=\"T43 Roller-Belt Transfer est une machine mixte qui comprend un convoyeur \u00e0 rouleaux, un convoyeur \u00e0 bande et un \u00e9l\u00e9vateur.\" \/>\n<meta property=\"og:url\" content=\"https:\/\/www.rodilloscodimar.com\/fr\/produit\/transfert-par-courroie-a-rouleaux-t43\/\" \/>\n<meta property=\"og:site_name\" content=\"CODIMAR\" \/>\n<meta property=\"og:image\" content=\"https:\/\/www.rodilloscodimar.com\/wp-content\/uploads\/2018\/10\/T43-CM.1623.jpg\" \/>\n\t<meta property=\"og:image:width\" content=\"1080\" \/>\n\t<meta property=\"og:image:height\" content=\"1080\" \/>\n\t<meta property=\"og:image:type\" content=\"image\/jpeg\" \/>\n<meta name=\"twitter:card\" content=\"summary_large_image\" \/>\n<script type=\"application\/ld+json\" class=\"yoast-schema-graph\">{\"@context\":\"https:\/\/schema.org\",\"@graph\":[{\"@type\":\"WebPage\",\"@id\":\"https:\/\/www.rodilloscodimar.com\/fr\/produit\/transfert-par-courroie-a-rouleaux-t43\/\",\"url\":\"https:\/\/www.rodilloscodimar.com\/fr\/produit\/transfert-par-courroie-a-rouleaux-t43\/\",\"name\":\"Transfert \u00e0 bande \u00e0 rouleaux T43 | Machines - Rouleaux Codimar SL\",\"isPartOf\":{\"@id\":\"https:\/\/www.rodilloscodimar.com\/fr\/#website\"},\"primaryImageOfPage\":{\"@id\":\"https:\/\/www.rodilloscodimar.com\/fr\/produit\/transfert-par-courroie-a-rouleaux-t43\/#primaryimage\"},\"image\":{\"@id\":\"https:\/\/www.rodilloscodimar.com\/fr\/produit\/transfert-par-courroie-a-rouleaux-t43\/#primaryimage\"},\"thumbnailUrl\":\"https:\/\/www.rodilloscodimar.com\/wp-content\/uploads\/2018\/10\/T43-CM.1623.jpg\",\"datePublished\":\"2020-12-15T17:17:33+00:00\",\"description\":\"T43 Roller-Belt Transfer est une machine mixte qui comprend un convoyeur \u00e0 rouleaux, un convoyeur \u00e0 bande et un \u00e9l\u00e9vateur.\",\"breadcrumb\":{\"@id\":\"https:\/\/www.rodilloscodimar.com\/fr\/produit\/transfert-par-courroie-a-rouleaux-t43\/#breadcrumb\"},\"inLanguage\":\"fr-FR\",\"potentialAction\":[{\"@type\":\"ReadAction\",\"target\":[\"https:\/\/www.rodilloscodimar.com\/fr\/produit\/transfert-par-courroie-a-rouleaux-t43\/\"]}]},{\"@type\":\"ImageObject\",\"inLanguage\":\"fr-FR\",\"@id\":\"https:\/\/www.rodilloscodimar.com\/fr\/produit\/transfert-par-courroie-a-rouleaux-t43\/#primaryimage\",\"url\":\"https:\/\/www.rodilloscodimar.com\/wp-content\/uploads\/2018\/10\/T43-CM.1623.jpg\",\"contentUrl\":\"https:\/\/www.rodilloscodimar.com\/wp-content\/uploads\/2018\/10\/T43-CM.1623.jpg\",\"width\":1080,\"height\":1080,\"caption\":\"Transfert rouleau-courroie\"},{\"@type\":\"BreadcrumbList\",\"@id\":\"https:\/\/www.rodilloscodimar.com\/fr\/produit\/transfert-par-courroie-a-rouleaux-t43\/#breadcrumb\",\"itemListElement\":[{\"@type\":\"ListItem\",\"position\":1,\"name\":\"Portada\",\"item\":\"https:\/\/www.rodilloscodimar.com\/fr\/\"},{\"@type\":\"ListItem\",\"position\":2,\"name\":\"Tienda\",\"item\":\"https:\/\/www.rodilloscodimar.com\/tienda\/\"},{\"@type\":\"ListItem\",\"position\":3,\"name\":\"Transfert \u00e0 bande \u00e0 rouleaux T43\"}]},{\"@type\":\"WebSite\",\"@id\":\"https:\/\/www.rodilloscodimar.com\/fr\/#website\",\"url\":\"https:\/\/www.rodilloscodimar.com\/fr\/\",\"name\":\"CODIMAR\",\"description\":\"Frabricante de Componentes , Rodillos, Estaciones y M\u00e1quinas.\",\"publisher\":{\"@id\":\"https:\/\/www.rodilloscodimar.com\/fr\/#organization\"},\"potentialAction\":[{\"@type\":\"SearchAction\",\"target\":{\"@type\":\"EntryPoint\",\"urlTemplate\":\"https:\/\/www.rodilloscodimar.com\/fr\/?s={search_term_string}\"},\"query-input\":{\"@type\":\"PropertyValueSpecification\",\"valueRequired\":true,\"valueName\":\"search_term_string\"}}],\"inLanguage\":\"fr-FR\"},{\"@type\":\"Organization\",\"@id\":\"https:\/\/www.rodilloscodimar.com\/fr\/#organization\",\"name\":\"Rodillos Codimar\",\"url\":\"https:\/\/www.rodilloscodimar.com\/fr\/\",\"logo\":{\"@type\":\"ImageObject\",\"inLanguage\":\"fr-FR\",\"@id\":\"https:\/\/www.rodilloscodimar.com\/fr\/#\/schema\/logo\/image\/\",\"url\":\"https:\/\/www.rodilloscodimar.com\/wp-content\/uploads\/2020\/01\/logo-email.jpg\",\"contentUrl\":\"https:\/\/www.rodilloscodimar.com\/wp-content\/uploads\/2020\/01\/logo-email.jpg\",\"width\":300,\"height\":299,\"caption\":\"Rodillos Codimar\"},\"image\":{\"@id\":\"https:\/\/www.rodilloscodimar.com\/fr\/#\/schema\/logo\/image\/\"}}]}<\/script>\n<!-- \/ Yoast SEO plugin. -->","yoast_head_json":{"title":"Transfert \u00e0 bande \u00e0 rouleaux T43 | Machines - Rouleaux Codimar SL","description":"T43 Roller-Belt Transfer est une machine mixte qui comprend un convoyeur \u00e0 rouleaux, un convoyeur \u00e0 bande et un \u00e9l\u00e9vateur.","robots":{"index":"index","follow":"follow","max-snippet":"max-snippet:-1","max-image-preview":"max-image-preview:large","max-video-preview":"max-video-preview:-1"},"canonical":"https:\/\/www.rodilloscodimar.com\/fr\/produit\/transfert-par-courroie-a-rouleaux-t43\/","og_locale":"fr_FR","og_type":"article","og_title":"Transfert \u00e0 bande \u00e0 rouleaux T43 | Machines - Rouleaux Codimar SL","og_description":"T43 Roller-Belt Transfer est une machine mixte qui comprend un convoyeur \u00e0 rouleaux, un convoyeur \u00e0 bande et un \u00e9l\u00e9vateur.","og_url":"https:\/\/www.rodilloscodimar.com\/fr\/produit\/transfert-par-courroie-a-rouleaux-t43\/","og_site_name":"CODIMAR","og_image":[{"width":1080,"height":1080,"url":"https:\/\/www.rodilloscodimar.com\/wp-content\/uploads\/2018\/10\/T43-CM.1623.jpg","type":"image\/jpeg"}],"twitter_card":"summary_large_image","schema":{"@context":"https:\/\/schema.org","@graph":[{"@type":"WebPage","@id":"https:\/\/www.rodilloscodimar.com\/fr\/produit\/transfert-par-courroie-a-rouleaux-t43\/","url":"https:\/\/www.rodilloscodimar.com\/fr\/produit\/transfert-par-courroie-a-rouleaux-t43\/","name":"Transfert \u00e0 bande \u00e0 rouleaux T43 | Machines - Rouleaux Codimar SL","isPartOf":{"@id":"https:\/\/www.rodilloscodimar.com\/fr\/#website"},"primaryImageOfPage":{"@id":"https:\/\/www.rodilloscodimar.com\/fr\/produit\/transfert-par-courroie-a-rouleaux-t43\/#primaryimage"},"image":{"@id":"https:\/\/www.rodilloscodimar.com\/fr\/produit\/transfert-par-courroie-a-rouleaux-t43\/#primaryimage"},"thumbnailUrl":"https:\/\/www.rodilloscodimar.com\/wp-content\/uploads\/2018\/10\/T43-CM.1623.jpg","datePublished":"2020-12-15T17:17:33+00:00","description":"T43 Roller-Belt Transfer est une machine mixte qui comprend un convoyeur \u00e0 rouleaux, un convoyeur \u00e0 bande et un \u00e9l\u00e9vateur.","breadcrumb":{"@id":"https:\/\/www.rodilloscodimar.com\/fr\/produit\/transfert-par-courroie-a-rouleaux-t43\/#breadcrumb"},"inLanguage":"fr-FR","potentialAction":[{"@type":"ReadAction","target":["https:\/\/www.rodilloscodimar.com\/fr\/produit\/transfert-par-courroie-a-rouleaux-t43\/"]}]},{"@type":"ImageObject","inLanguage":"fr-FR","@id":"https:\/\/www.rodilloscodimar.com\/fr\/produit\/transfert-par-courroie-a-rouleaux-t43\/#primaryimage","url":"https:\/\/www.rodilloscodimar.com\/wp-content\/uploads\/2018\/10\/T43-CM.1623.jpg","contentUrl":"https:\/\/www.rodilloscodimar.com\/wp-content\/uploads\/2018\/10\/T43-CM.1623.jpg","width":1080,"height":1080,"caption":"Transfert rouleau-courroie"},{"@type":"BreadcrumbList","@id":"https:\/\/www.rodilloscodimar.com\/fr\/produit\/transfert-par-courroie-a-rouleaux-t43\/#breadcrumb","itemListElement":[{"@type":"ListItem","position":1,"name":"Portada","item":"https:\/\/www.rodilloscodimar.com\/fr\/"},{"@type":"ListItem","position":2,"name":"Tienda","item":"https:\/\/www.rodilloscodimar.com\/tienda\/"},{"@type":"ListItem","position":3,"name":"Transfert \u00e0 bande \u00e0 rouleaux T43"}]},{"@type":"WebSite","@id":"https:\/\/www.rodilloscodimar.com\/fr\/#website","url":"https:\/\/www.rodilloscodimar.com\/fr\/","name":"CODIMAR","description":"Frabricante de Componentes , Rodillos, Estaciones y M\u00e1quinas.","publisher":{"@id":"https:\/\/www.rodilloscodimar.com\/fr\/#organization"},"potentialAction":[{"@type":"SearchAction","target":{"@type":"EntryPoint","urlTemplate":"https:\/\/www.rodilloscodimar.com\/fr\/?s={search_term_string}"},"query-input":{"@type":"PropertyValueSpecification","valueRequired":true,"valueName":"search_term_string"}}],"inLanguage":"fr-FR"},{"@type":"Organization","@id":"https:\/\/www.rodilloscodimar.com\/fr\/#organization","name":"Rodillos Codimar","url":"https:\/\/www.rodilloscodimar.com\/fr\/","logo":{"@type":"ImageObject","inLanguage":"fr-FR","@id":"https:\/\/www.rodilloscodimar.com\/fr\/#\/schema\/logo\/image\/","url":"https:\/\/www.rodilloscodimar.com\/wp-content\/uploads\/2020\/01\/logo-email.jpg","contentUrl":"https:\/\/www.rodilloscodimar.com\/wp-content\/uploads\/2020\/01\/logo-email.jpg","width":300,"height":299,"caption":"Rodillos Codimar"},"image":{"@id":"https:\/\/www.rodilloscodimar.com\/fr\/#\/schema\/logo\/image\/"}}]}},"_links":{"self":[{"href":"https:\/\/www.rodilloscodimar.com\/fr\/wp-json\/wp\/v2\/product\/5258","targetHints":{"allow":["GET"]}}],"collection":[{"href":"https:\/\/www.rodilloscodimar.com\/fr\/wp-json\/wp\/v2\/product"}],"about":[{"href":"https:\/\/www.rodilloscodimar.com\/fr\/wp-json\/wp\/v2\/types\/product"}],"wp:featuredmedia":[{"embeddable":true,"href":"https:\/\/www.rodilloscodimar.com\/fr\/wp-json\/wp\/v2\/media\/1299"}],"wp:attachment":[{"href":"https:\/\/www.rodilloscodimar.com\/fr\/wp-json\/wp\/v2\/media?parent=5258"}],"wp:term":[{"taxonomy":"product_brand","embeddable":true,"href":"https:\/\/www.rodilloscodimar.com\/fr\/wp-json\/wp\/v2\/product_brand?post=5258"},{"taxonomy":"product_cat","embeddable":true,"href":"https:\/\/www.rodilloscodimar.com\/fr\/wp-json\/wp\/v2\/product_cat?post=5258"},{"taxonomy":"product_tag","embeddable":true,"href":"https:\/\/www.rodilloscodimar.com\/fr\/wp-json\/wp\/v2\/product_tag?post=5258"}],"curies":[{"name":"wp","href":"https:\/\/api.w.org\/{rel}","templated":true}]}}