{"id":5235,"date":"2018-10-08T16:52:21","date_gmt":"2020-12-15T17:17:11","guid":{"rendered":"https:\/\/www.rodilloscodimar.com\/producto\/table-de-giro-transfer-w50\/"},"modified":"2020-12-15T18:17:11","modified_gmt":"2020-12-15T17:17:11","slug":"transfert-rotation-table-w50","status":"publish","type":"product","link":"https:\/\/www.rodilloscodimar.com\/fr\/produit\/transfert-rotation-table-w50\/","title":{"rendered":"Table de Giro-Transfer W50"},"content":{"rendered":"\n<ul>\n<li>Longueur: 600 \u00e0 1500 mm<\/li>\n<li>Largeur utile: 600 \u00e0 1500 mm<\/li>\n<li>Secteur de tournage: 90 \u00b0, 180 \u00b0 et 360 \u00b0<\/li>\n<li>Capacit\u00e9 de charge maximale: 2000 kg<\/li>\n<li>Occupation du sol: 2000 mm environ.<\/li>\n<li>Cadre: acier au carbone \/ inoxydable<\/li>\n<li>Finition: peint \/ zingu\u00e9 \/ sabl\u00e9<\/li>\n<li>Vitesse du convoyeur: 8 \u00e0 20 m \/ min<\/li>\n<li>Vitesse de rotation: 5 rpm<\/li>\n<li>Motorisation convoyeur: central ou t\u00eate.<\/li>\n<li>Motorisation de rotation: arr\u00eat par frein<\/li>\n<li>Pieds de nivellement r\u00e9glables en hauteur \u00b1 50 mm<\/li>\n<\/ul>\n","protected":false},"excerpt":{"rendered":"<p>Cette machine est utilis\u00e9e pour changer la direction et la direction de la charge sur une ligne de convoyage.<\/p>\n<p>En installant un transfert \u00e0 bord, il nous permet d&rsquo;orienter la charge dans le m\u00eame sens de d\u00e9placement ou de l&rsquo;inverser.<\/p>\n<p>Le secteur de tournage peut \u00eatre de 1 \u00e0 360 \u00b0.<\/p>\n<p>Le syst\u00e8me de transfert peut \u00eatre des cha\u00eenes \u00e0 rouleaux ou des cha\u00eenes-cha\u00eenes.<\/p>\n<p>Sa forme constructive permet une int\u00e9gration facile dans des lignes existantes ou nouvelles.<\/p>\n<p>Niveau sonore: faible<\/p>\n","protected":false},"featured_media":1277,"template":"","meta":{"_joinchat":[]},"product_brand":[],"product_cat":[196],"product_tag":[],"class_list":{"0":"post-5235","1":"product","2":"type-product","3":"status-publish","4":"has-post-thumbnail","6":"product_cat-table-tournante","8":"first","9":"instock","10":"shipping-taxable","11":"product-type-simple"},"yoast_head":"<!-- This site is optimized with the Yoast SEO plugin v27.2 - https:\/\/yoast.com\/product\/yoast-seo-wordpress\/ -->\n<title>Table de transfert W50 | Tables tournantes | Rouleaux Codimar SL<\/title>\n<meta name=\"description\" content=\"W50 Giro-Transfer Table nous permet d&#039;orienter la charge dans le m\u00eame sens de d\u00e9placement ou de l&#039;inverser. Le secteur de tournage peut \u00eatre de 1 \u00e0 360 \u00b0.\" \/>\n<meta name=\"robots\" content=\"index, follow, max-snippet:-1, max-image-preview:large, max-video-preview:-1\" \/>\n<link rel=\"canonical\" href=\"https:\/\/www.rodilloscodimar.com\/fr\/produit\/transfert-rotation-table-w50\/\" \/>\n<meta property=\"og:locale\" content=\"fr_FR\" \/>\n<meta property=\"og:type\" content=\"article\" \/>\n<meta property=\"og:title\" content=\"Table de transfert W50 | Tables tournantes | Rouleaux Codimar SL\" \/>\n<meta property=\"og:description\" content=\"W50 Giro-Transfer Table nous permet d&#039;orienter la charge dans le m\u00eame sens de d\u00e9placement ou de l&#039;inverser. Le secteur de tournage peut \u00eatre de 1 \u00e0 360 \u00b0.\" \/>\n<meta property=\"og:url\" content=\"https:\/\/www.rodilloscodimar.com\/fr\/produit\/transfert-rotation-table-w50\/\" \/>\n<meta property=\"og:site_name\" content=\"CODIMAR\" \/>\n<meta property=\"og:image\" content=\"https:\/\/www.rodilloscodimar.com\/wp-content\/uploads\/2018\/10\/W50-0004.2.jpg\" \/>\n\t<meta property=\"og:image:width\" content=\"1080\" \/>\n\t<meta property=\"og:image:height\" content=\"1080\" \/>\n\t<meta property=\"og:image:type\" content=\"image\/jpeg\" \/>\n<meta name=\"twitter:card\" content=\"summary_large_image\" \/>\n<script type=\"application\/ld+json\" class=\"yoast-schema-graph\">{\"@context\":\"https:\/\/schema.org\",\"@graph\":[{\"@type\":\"WebPage\",\"@id\":\"https:\/\/www.rodilloscodimar.com\/fr\/produit\/transfert-rotation-table-w50\/\",\"url\":\"https:\/\/www.rodilloscodimar.com\/fr\/produit\/transfert-rotation-table-w50\/\",\"name\":\"Table de transfert W50 | Tables tournantes | Rouleaux Codimar SL\",\"isPartOf\":{\"@id\":\"https:\/\/www.rodilloscodimar.com\/fr\/#website\"},\"primaryImageOfPage\":{\"@id\":\"https:\/\/www.rodilloscodimar.com\/fr\/produit\/transfert-rotation-table-w50\/#primaryimage\"},\"image\":{\"@id\":\"https:\/\/www.rodilloscodimar.com\/fr\/produit\/transfert-rotation-table-w50\/#primaryimage\"},\"thumbnailUrl\":\"https:\/\/www.rodilloscodimar.com\/wp-content\/uploads\/2018\/10\/W50-0004.2.jpg\",\"datePublished\":\"2020-12-15T17:17:11+00:00\",\"description\":\"W50 Giro-Transfer Table nous permet d'orienter la charge dans le m\u00eame sens de d\u00e9placement ou de l'inverser. Le secteur de tournage peut \u00eatre de 1 \u00e0 360 \u00b0.\",\"breadcrumb\":{\"@id\":\"https:\/\/www.rodilloscodimar.com\/fr\/produit\/transfert-rotation-table-w50\/#breadcrumb\"},\"inLanguage\":\"fr-FR\",\"potentialAction\":[{\"@type\":\"ReadAction\",\"target\":[\"https:\/\/www.rodilloscodimar.com\/fr\/produit\/transfert-rotation-table-w50\/\"]}]},{\"@type\":\"ImageObject\",\"inLanguage\":\"fr-FR\",\"@id\":\"https:\/\/www.rodilloscodimar.com\/fr\/produit\/transfert-rotation-table-w50\/#primaryimage\",\"url\":\"https:\/\/www.rodilloscodimar.com\/wp-content\/uploads\/2018\/10\/W50-0004.2.jpg\",\"contentUrl\":\"https:\/\/www.rodilloscodimar.com\/wp-content\/uploads\/2018\/10\/W50-0004.2.jpg\",\"width\":1080,\"height\":1080,\"caption\":\"Table de transfert Giro\"},{\"@type\":\"BreadcrumbList\",\"@id\":\"https:\/\/www.rodilloscodimar.com\/fr\/produit\/transfert-rotation-table-w50\/#breadcrumb\",\"itemListElement\":[{\"@type\":\"ListItem\",\"position\":1,\"name\":\"Portada\",\"item\":\"https:\/\/www.rodilloscodimar.com\/fr\/\"},{\"@type\":\"ListItem\",\"position\":2,\"name\":\"Tienda\",\"item\":\"https:\/\/www.rodilloscodimar.com\/tienda\/\"},{\"@type\":\"ListItem\",\"position\":3,\"name\":\"Table de Giro-Transfer W50\"}]},{\"@type\":\"WebSite\",\"@id\":\"https:\/\/www.rodilloscodimar.com\/fr\/#website\",\"url\":\"https:\/\/www.rodilloscodimar.com\/fr\/\",\"name\":\"CODIMAR\",\"description\":\"Frabricante de Componentes , Rodillos, Estaciones y M\u00e1quinas.\",\"publisher\":{\"@id\":\"https:\/\/www.rodilloscodimar.com\/fr\/#organization\"},\"potentialAction\":[{\"@type\":\"SearchAction\",\"target\":{\"@type\":\"EntryPoint\",\"urlTemplate\":\"https:\/\/www.rodilloscodimar.com\/fr\/?s={search_term_string}\"},\"query-input\":{\"@type\":\"PropertyValueSpecification\",\"valueRequired\":true,\"valueName\":\"search_term_string\"}}],\"inLanguage\":\"fr-FR\"},{\"@type\":\"Organization\",\"@id\":\"https:\/\/www.rodilloscodimar.com\/fr\/#organization\",\"name\":\"Rodillos Codimar\",\"url\":\"https:\/\/www.rodilloscodimar.com\/fr\/\",\"logo\":{\"@type\":\"ImageObject\",\"inLanguage\":\"fr-FR\",\"@id\":\"https:\/\/www.rodilloscodimar.com\/fr\/#\/schema\/logo\/image\/\",\"url\":\"https:\/\/www.rodilloscodimar.com\/wp-content\/uploads\/2020\/01\/logo-email.jpg\",\"contentUrl\":\"https:\/\/www.rodilloscodimar.com\/wp-content\/uploads\/2020\/01\/logo-email.jpg\",\"width\":300,\"height\":299,\"caption\":\"Rodillos Codimar\"},\"image\":{\"@id\":\"https:\/\/www.rodilloscodimar.com\/fr\/#\/schema\/logo\/image\/\"}}]}<\/script>\n<!-- \/ Yoast SEO plugin. -->","yoast_head_json":{"title":"Table de transfert W50 | Tables tournantes | Rouleaux Codimar SL","description":"W50 Giro-Transfer Table nous permet d'orienter la charge dans le m\u00eame sens de d\u00e9placement ou de l'inverser. Le secteur de tournage peut \u00eatre de 1 \u00e0 360 \u00b0.","robots":{"index":"index","follow":"follow","max-snippet":"max-snippet:-1","max-image-preview":"max-image-preview:large","max-video-preview":"max-video-preview:-1"},"canonical":"https:\/\/www.rodilloscodimar.com\/fr\/produit\/transfert-rotation-table-w50\/","og_locale":"fr_FR","og_type":"article","og_title":"Table de transfert W50 | Tables tournantes | Rouleaux Codimar SL","og_description":"W50 Giro-Transfer Table nous permet d'orienter la charge dans le m\u00eame sens de d\u00e9placement ou de l'inverser. Le secteur de tournage peut \u00eatre de 1 \u00e0 360 \u00b0.","og_url":"https:\/\/www.rodilloscodimar.com\/fr\/produit\/transfert-rotation-table-w50\/","og_site_name":"CODIMAR","og_image":[{"width":1080,"height":1080,"url":"https:\/\/www.rodilloscodimar.com\/wp-content\/uploads\/2018\/10\/W50-0004.2.jpg","type":"image\/jpeg"}],"twitter_card":"summary_large_image","schema":{"@context":"https:\/\/schema.org","@graph":[{"@type":"WebPage","@id":"https:\/\/www.rodilloscodimar.com\/fr\/produit\/transfert-rotation-table-w50\/","url":"https:\/\/www.rodilloscodimar.com\/fr\/produit\/transfert-rotation-table-w50\/","name":"Table de transfert W50 | Tables tournantes | Rouleaux Codimar SL","isPartOf":{"@id":"https:\/\/www.rodilloscodimar.com\/fr\/#website"},"primaryImageOfPage":{"@id":"https:\/\/www.rodilloscodimar.com\/fr\/produit\/transfert-rotation-table-w50\/#primaryimage"},"image":{"@id":"https:\/\/www.rodilloscodimar.com\/fr\/produit\/transfert-rotation-table-w50\/#primaryimage"},"thumbnailUrl":"https:\/\/www.rodilloscodimar.com\/wp-content\/uploads\/2018\/10\/W50-0004.2.jpg","datePublished":"2020-12-15T17:17:11+00:00","description":"W50 Giro-Transfer Table nous permet d'orienter la charge dans le m\u00eame sens de d\u00e9placement ou de l'inverser. Le secteur de tournage peut \u00eatre de 1 \u00e0 360 \u00b0.","breadcrumb":{"@id":"https:\/\/www.rodilloscodimar.com\/fr\/produit\/transfert-rotation-table-w50\/#breadcrumb"},"inLanguage":"fr-FR","potentialAction":[{"@type":"ReadAction","target":["https:\/\/www.rodilloscodimar.com\/fr\/produit\/transfert-rotation-table-w50\/"]}]},{"@type":"ImageObject","inLanguage":"fr-FR","@id":"https:\/\/www.rodilloscodimar.com\/fr\/produit\/transfert-rotation-table-w50\/#primaryimage","url":"https:\/\/www.rodilloscodimar.com\/wp-content\/uploads\/2018\/10\/W50-0004.2.jpg","contentUrl":"https:\/\/www.rodilloscodimar.com\/wp-content\/uploads\/2018\/10\/W50-0004.2.jpg","width":1080,"height":1080,"caption":"Table de transfert Giro"},{"@type":"BreadcrumbList","@id":"https:\/\/www.rodilloscodimar.com\/fr\/produit\/transfert-rotation-table-w50\/#breadcrumb","itemListElement":[{"@type":"ListItem","position":1,"name":"Portada","item":"https:\/\/www.rodilloscodimar.com\/fr\/"},{"@type":"ListItem","position":2,"name":"Tienda","item":"https:\/\/www.rodilloscodimar.com\/tienda\/"},{"@type":"ListItem","position":3,"name":"Table de Giro-Transfer W50"}]},{"@type":"WebSite","@id":"https:\/\/www.rodilloscodimar.com\/fr\/#website","url":"https:\/\/www.rodilloscodimar.com\/fr\/","name":"CODIMAR","description":"Frabricante de Componentes , Rodillos, Estaciones y M\u00e1quinas.","publisher":{"@id":"https:\/\/www.rodilloscodimar.com\/fr\/#organization"},"potentialAction":[{"@type":"SearchAction","target":{"@type":"EntryPoint","urlTemplate":"https:\/\/www.rodilloscodimar.com\/fr\/?s={search_term_string}"},"query-input":{"@type":"PropertyValueSpecification","valueRequired":true,"valueName":"search_term_string"}}],"inLanguage":"fr-FR"},{"@type":"Organization","@id":"https:\/\/www.rodilloscodimar.com\/fr\/#organization","name":"Rodillos Codimar","url":"https:\/\/www.rodilloscodimar.com\/fr\/","logo":{"@type":"ImageObject","inLanguage":"fr-FR","@id":"https:\/\/www.rodilloscodimar.com\/fr\/#\/schema\/logo\/image\/","url":"https:\/\/www.rodilloscodimar.com\/wp-content\/uploads\/2020\/01\/logo-email.jpg","contentUrl":"https:\/\/www.rodilloscodimar.com\/wp-content\/uploads\/2020\/01\/logo-email.jpg","width":300,"height":299,"caption":"Rodillos Codimar"},"image":{"@id":"https:\/\/www.rodilloscodimar.com\/fr\/#\/schema\/logo\/image\/"}}]}},"_links":{"self":[{"href":"https:\/\/www.rodilloscodimar.com\/fr\/wp-json\/wp\/v2\/product\/5235","targetHints":{"allow":["GET"]}}],"collection":[{"href":"https:\/\/www.rodilloscodimar.com\/fr\/wp-json\/wp\/v2\/product"}],"about":[{"href":"https:\/\/www.rodilloscodimar.com\/fr\/wp-json\/wp\/v2\/types\/product"}],"wp:featuredmedia":[{"embeddable":true,"href":"https:\/\/www.rodilloscodimar.com\/fr\/wp-json\/wp\/v2\/media\/1277"}],"wp:attachment":[{"href":"https:\/\/www.rodilloscodimar.com\/fr\/wp-json\/wp\/v2\/media?parent=5235"}],"wp:term":[{"taxonomy":"product_brand","embeddable":true,"href":"https:\/\/www.rodilloscodimar.com\/fr\/wp-json\/wp\/v2\/product_brand?post=5235"},{"taxonomy":"product_cat","embeddable":true,"href":"https:\/\/www.rodilloscodimar.com\/fr\/wp-json\/wp\/v2\/product_cat?post=5235"},{"taxonomy":"product_tag","embeddable":true,"href":"https:\/\/www.rodilloscodimar.com\/fr\/wp-json\/wp\/v2\/product_tag?post=5235"}],"curies":[{"name":"wp","href":"https:\/\/api.w.org\/{rel}","templated":true}]}}