{"id":5234,"date":"2018-10-08T17:10:02","date_gmt":"2020-12-15T17:17:06","guid":{"rendered":"https:\/\/www.rodilloscodimar.com\/producto\/transfert-chaine-chaine-t35\/"},"modified":"2020-12-15T18:17:06","modified_gmt":"2020-12-15T17:17:06","slug":"chaines-de-transfert-de-chaine-t35","status":"publish","type":"product","link":"https:\/\/www.rodilloscodimar.com\/fr\/produit\/chaines-de-transfert-de-chaine-t35\/","title":{"rendered":"Transfert cha\u00eene-cha\u00eene T35"},"content":{"rendered":"<ul>\n<li>Longueur: 1500 \u00e0 3000 mm<\/li>\n<li>Largeur utile: 800 \u00e0 1500 mm<\/li>\n<li>Capacit\u00e9 de charge maximale: 2000 kg<\/li>\n<li>Levage m\u00e9canique par cames<\/li>\n<li>Cadre: acier au carbone \/ inoxydable<\/li>\n<li>Finition: peint \/ zingu\u00e9 \/ sabl\u00e9<\/li>\n<li>Vitesse TDC: 8 \u00e0 20 m \/ min<\/li>\n<li>Motorisation convoyeur: central ou t\u00eate.<\/li>\n<li>Motorisation de levage: arr\u00eat par frein<\/li>\n<li>Pieds de nivellement r\u00e9glables en hauteur \u00b1 50 mm<\/li>\n<\/ul>\n","protected":false},"excerpt":{"rendered":"<p>\u00c9quipement utilis\u00e9 pour effectuer des changements de direction sur une ligne de transport. C&rsquo;est un<strong> machine mixte int\u00e9grant deux convoyeurs \u00e0 cha\u00eene et un \u00e9l\u00e9vateur<\/strong> , dans lequel l&rsquo;un des deux convoyeurs reste fixe et l&rsquo;autre monte.<\/p>\n","protected":false},"featured_media":1293,"template":"","meta":{"_joinchat":[]},"product_brand":[],"product_cat":[191],"product_tag":[],"class_list":{"0":"post-5234","1":"product","2":"type-product","3":"status-publish","4":"has-post-thumbnail","6":"product_cat-transferts","8":"first","9":"instock","10":"shipping-taxable","11":"product-type-simple"},"yoast_head":"<!-- This site is optimized with the Yoast SEO plugin v27.2 - https:\/\/yoast.com\/product\/yoast-seo-wordpress\/ -->\n<title>Transfert de cha\u00eene T35 | Transferts | Rouleaux Codimar SL<\/title>\n<meta name=\"description\" content=\"T35 \u00c9quipement de transfert cha\u00eene-cha\u00eene utilis\u00e9 pour effectuer des changements de direction sur une ligne de transport, c&#039;est une machine mixte.\" \/>\n<meta name=\"robots\" content=\"index, follow, max-snippet:-1, max-image-preview:large, max-video-preview:-1\" \/>\n<link rel=\"canonical\" href=\"https:\/\/www.rodilloscodimar.com\/fr\/produit\/chaines-de-transfert-de-chaine-t35\/\" \/>\n<meta property=\"og:locale\" content=\"fr_FR\" \/>\n<meta property=\"og:type\" content=\"article\" \/>\n<meta property=\"og:title\" content=\"Transfert de cha\u00eene T35 | Transferts | Rouleaux Codimar SL\" \/>\n<meta property=\"og:description\" content=\"T35 \u00c9quipement de transfert cha\u00eene-cha\u00eene utilis\u00e9 pour effectuer des changements de direction sur une ligne de transport, c&#039;est une machine mixte.\" \/>\n<meta property=\"og:url\" content=\"https:\/\/www.rodilloscodimar.com\/fr\/produit\/chaines-de-transfert-de-chaine-t35\/\" \/>\n<meta property=\"og:site_name\" content=\"CODIMAR\" \/>\n<meta property=\"og:image\" content=\"https:\/\/www.rodilloscodimar.com\/wp-content\/uploads\/2018\/10\/T35-HR3736.149.jpg\" \/>\n\t<meta property=\"og:image:width\" content=\"1080\" \/>\n\t<meta property=\"og:image:height\" content=\"1080\" \/>\n\t<meta property=\"og:image:type\" content=\"image\/jpeg\" \/>\n<meta name=\"twitter:card\" content=\"summary_large_image\" \/>\n<script type=\"application\/ld+json\" class=\"yoast-schema-graph\">{\"@context\":\"https:\/\/schema.org\",\"@graph\":[{\"@type\":\"WebPage\",\"@id\":\"https:\/\/www.rodilloscodimar.com\/fr\/produit\/chaines-de-transfert-de-chaine-t35\/\",\"url\":\"https:\/\/www.rodilloscodimar.com\/fr\/produit\/chaines-de-transfert-de-chaine-t35\/\",\"name\":\"Transfert de cha\u00eene T35 | Transferts | Rouleaux Codimar SL\",\"isPartOf\":{\"@id\":\"https:\/\/www.rodilloscodimar.com\/fr\/#website\"},\"primaryImageOfPage\":{\"@id\":\"https:\/\/www.rodilloscodimar.com\/fr\/produit\/chaines-de-transfert-de-chaine-t35\/#primaryimage\"},\"image\":{\"@id\":\"https:\/\/www.rodilloscodimar.com\/fr\/produit\/chaines-de-transfert-de-chaine-t35\/#primaryimage\"},\"thumbnailUrl\":\"https:\/\/www.rodilloscodimar.com\/wp-content\/uploads\/2018\/10\/T35-HR3736.149.jpg\",\"datePublished\":\"2020-12-15T17:17:06+00:00\",\"description\":\"T35 \u00c9quipement de transfert cha\u00eene-cha\u00eene utilis\u00e9 pour effectuer des changements de direction sur une ligne de transport, c'est une machine mixte.\",\"breadcrumb\":{\"@id\":\"https:\/\/www.rodilloscodimar.com\/fr\/produit\/chaines-de-transfert-de-chaine-t35\/#breadcrumb\"},\"inLanguage\":\"fr-FR\",\"potentialAction\":[{\"@type\":\"ReadAction\",\"target\":[\"https:\/\/www.rodilloscodimar.com\/fr\/produit\/chaines-de-transfert-de-chaine-t35\/\"]}]},{\"@type\":\"ImageObject\",\"inLanguage\":\"fr-FR\",\"@id\":\"https:\/\/www.rodilloscodimar.com\/fr\/produit\/chaines-de-transfert-de-chaine-t35\/#primaryimage\",\"url\":\"https:\/\/www.rodilloscodimar.com\/wp-content\/uploads\/2018\/10\/T35-HR3736.149.jpg\",\"contentUrl\":\"https:\/\/www.rodilloscodimar.com\/wp-content\/uploads\/2018\/10\/T35-HR3736.149.jpg\",\"width\":1080,\"height\":1080,\"caption\":\"Transfert cha\u00eene-cha\u00eene\"},{\"@type\":\"BreadcrumbList\",\"@id\":\"https:\/\/www.rodilloscodimar.com\/fr\/produit\/chaines-de-transfert-de-chaine-t35\/#breadcrumb\",\"itemListElement\":[{\"@type\":\"ListItem\",\"position\":1,\"name\":\"Portada\",\"item\":\"https:\/\/www.rodilloscodimar.com\/fr\/\"},{\"@type\":\"ListItem\",\"position\":2,\"name\":\"Tienda\",\"item\":\"https:\/\/www.rodilloscodimar.com\/tienda\/\"},{\"@type\":\"ListItem\",\"position\":3,\"name\":\"Transfert cha\u00eene-cha\u00eene T35\"}]},{\"@type\":\"WebSite\",\"@id\":\"https:\/\/www.rodilloscodimar.com\/fr\/#website\",\"url\":\"https:\/\/www.rodilloscodimar.com\/fr\/\",\"name\":\"CODIMAR\",\"description\":\"Frabricante de Componentes , Rodillos, Estaciones y M\u00e1quinas.\",\"publisher\":{\"@id\":\"https:\/\/www.rodilloscodimar.com\/fr\/#organization\"},\"potentialAction\":[{\"@type\":\"SearchAction\",\"target\":{\"@type\":\"EntryPoint\",\"urlTemplate\":\"https:\/\/www.rodilloscodimar.com\/fr\/?s={search_term_string}\"},\"query-input\":{\"@type\":\"PropertyValueSpecification\",\"valueRequired\":true,\"valueName\":\"search_term_string\"}}],\"inLanguage\":\"fr-FR\"},{\"@type\":\"Organization\",\"@id\":\"https:\/\/www.rodilloscodimar.com\/fr\/#organization\",\"name\":\"Rodillos Codimar\",\"url\":\"https:\/\/www.rodilloscodimar.com\/fr\/\",\"logo\":{\"@type\":\"ImageObject\",\"inLanguage\":\"fr-FR\",\"@id\":\"https:\/\/www.rodilloscodimar.com\/fr\/#\/schema\/logo\/image\/\",\"url\":\"https:\/\/www.rodilloscodimar.com\/wp-content\/uploads\/2020\/01\/logo-email.jpg\",\"contentUrl\":\"https:\/\/www.rodilloscodimar.com\/wp-content\/uploads\/2020\/01\/logo-email.jpg\",\"width\":300,\"height\":299,\"caption\":\"Rodillos Codimar\"},\"image\":{\"@id\":\"https:\/\/www.rodilloscodimar.com\/fr\/#\/schema\/logo\/image\/\"}}]}<\/script>\n<!-- \/ Yoast SEO plugin. -->","yoast_head_json":{"title":"Transfert de cha\u00eene T35 | Transferts | Rouleaux Codimar SL","description":"T35 \u00c9quipement de transfert cha\u00eene-cha\u00eene utilis\u00e9 pour effectuer des changements de direction sur une ligne de transport, c'est une machine mixte.","robots":{"index":"index","follow":"follow","max-snippet":"max-snippet:-1","max-image-preview":"max-image-preview:large","max-video-preview":"max-video-preview:-1"},"canonical":"https:\/\/www.rodilloscodimar.com\/fr\/produit\/chaines-de-transfert-de-chaine-t35\/","og_locale":"fr_FR","og_type":"article","og_title":"Transfert de cha\u00eene T35 | Transferts | Rouleaux Codimar SL","og_description":"T35 \u00c9quipement de transfert cha\u00eene-cha\u00eene utilis\u00e9 pour effectuer des changements de direction sur une ligne de transport, c'est une machine mixte.","og_url":"https:\/\/www.rodilloscodimar.com\/fr\/produit\/chaines-de-transfert-de-chaine-t35\/","og_site_name":"CODIMAR","og_image":[{"width":1080,"height":1080,"url":"https:\/\/www.rodilloscodimar.com\/wp-content\/uploads\/2018\/10\/T35-HR3736.149.jpg","type":"image\/jpeg"}],"twitter_card":"summary_large_image","schema":{"@context":"https:\/\/schema.org","@graph":[{"@type":"WebPage","@id":"https:\/\/www.rodilloscodimar.com\/fr\/produit\/chaines-de-transfert-de-chaine-t35\/","url":"https:\/\/www.rodilloscodimar.com\/fr\/produit\/chaines-de-transfert-de-chaine-t35\/","name":"Transfert de cha\u00eene T35 | Transferts | Rouleaux Codimar SL","isPartOf":{"@id":"https:\/\/www.rodilloscodimar.com\/fr\/#website"},"primaryImageOfPage":{"@id":"https:\/\/www.rodilloscodimar.com\/fr\/produit\/chaines-de-transfert-de-chaine-t35\/#primaryimage"},"image":{"@id":"https:\/\/www.rodilloscodimar.com\/fr\/produit\/chaines-de-transfert-de-chaine-t35\/#primaryimage"},"thumbnailUrl":"https:\/\/www.rodilloscodimar.com\/wp-content\/uploads\/2018\/10\/T35-HR3736.149.jpg","datePublished":"2020-12-15T17:17:06+00:00","description":"T35 \u00c9quipement de transfert cha\u00eene-cha\u00eene utilis\u00e9 pour effectuer des changements de direction sur une ligne de transport, c'est une machine mixte.","breadcrumb":{"@id":"https:\/\/www.rodilloscodimar.com\/fr\/produit\/chaines-de-transfert-de-chaine-t35\/#breadcrumb"},"inLanguage":"fr-FR","potentialAction":[{"@type":"ReadAction","target":["https:\/\/www.rodilloscodimar.com\/fr\/produit\/chaines-de-transfert-de-chaine-t35\/"]}]},{"@type":"ImageObject","inLanguage":"fr-FR","@id":"https:\/\/www.rodilloscodimar.com\/fr\/produit\/chaines-de-transfert-de-chaine-t35\/#primaryimage","url":"https:\/\/www.rodilloscodimar.com\/wp-content\/uploads\/2018\/10\/T35-HR3736.149.jpg","contentUrl":"https:\/\/www.rodilloscodimar.com\/wp-content\/uploads\/2018\/10\/T35-HR3736.149.jpg","width":1080,"height":1080,"caption":"Transfert cha\u00eene-cha\u00eene"},{"@type":"BreadcrumbList","@id":"https:\/\/www.rodilloscodimar.com\/fr\/produit\/chaines-de-transfert-de-chaine-t35\/#breadcrumb","itemListElement":[{"@type":"ListItem","position":1,"name":"Portada","item":"https:\/\/www.rodilloscodimar.com\/fr\/"},{"@type":"ListItem","position":2,"name":"Tienda","item":"https:\/\/www.rodilloscodimar.com\/tienda\/"},{"@type":"ListItem","position":3,"name":"Transfert cha\u00eene-cha\u00eene T35"}]},{"@type":"WebSite","@id":"https:\/\/www.rodilloscodimar.com\/fr\/#website","url":"https:\/\/www.rodilloscodimar.com\/fr\/","name":"CODIMAR","description":"Frabricante de Componentes , Rodillos, Estaciones y M\u00e1quinas.","publisher":{"@id":"https:\/\/www.rodilloscodimar.com\/fr\/#organization"},"potentialAction":[{"@type":"SearchAction","target":{"@type":"EntryPoint","urlTemplate":"https:\/\/www.rodilloscodimar.com\/fr\/?s={search_term_string}"},"query-input":{"@type":"PropertyValueSpecification","valueRequired":true,"valueName":"search_term_string"}}],"inLanguage":"fr-FR"},{"@type":"Organization","@id":"https:\/\/www.rodilloscodimar.com\/fr\/#organization","name":"Rodillos Codimar","url":"https:\/\/www.rodilloscodimar.com\/fr\/","logo":{"@type":"ImageObject","inLanguage":"fr-FR","@id":"https:\/\/www.rodilloscodimar.com\/fr\/#\/schema\/logo\/image\/","url":"https:\/\/www.rodilloscodimar.com\/wp-content\/uploads\/2020\/01\/logo-email.jpg","contentUrl":"https:\/\/www.rodilloscodimar.com\/wp-content\/uploads\/2020\/01\/logo-email.jpg","width":300,"height":299,"caption":"Rodillos Codimar"},"image":{"@id":"https:\/\/www.rodilloscodimar.com\/fr\/#\/schema\/logo\/image\/"}}]}},"_links":{"self":[{"href":"https:\/\/www.rodilloscodimar.com\/fr\/wp-json\/wp\/v2\/product\/5234","targetHints":{"allow":["GET"]}}],"collection":[{"href":"https:\/\/www.rodilloscodimar.com\/fr\/wp-json\/wp\/v2\/product"}],"about":[{"href":"https:\/\/www.rodilloscodimar.com\/fr\/wp-json\/wp\/v2\/types\/product"}],"wp:featuredmedia":[{"embeddable":true,"href":"https:\/\/www.rodilloscodimar.com\/fr\/wp-json\/wp\/v2\/media\/1293"}],"wp:attachment":[{"href":"https:\/\/www.rodilloscodimar.com\/fr\/wp-json\/wp\/v2\/media?parent=5234"}],"wp:term":[{"taxonomy":"product_brand","embeddable":true,"href":"https:\/\/www.rodilloscodimar.com\/fr\/wp-json\/wp\/v2\/product_brand?post=5234"},{"taxonomy":"product_cat","embeddable":true,"href":"https:\/\/www.rodilloscodimar.com\/fr\/wp-json\/wp\/v2\/product_cat?post=5234"},{"taxonomy":"product_tag","embeddable":true,"href":"https:\/\/www.rodilloscodimar.com\/fr\/wp-json\/wp\/v2\/product_tag?post=5234"}],"curies":[{"name":"wp","href":"https:\/\/api.w.org\/{rel}","templated":true}]}}