{"id":5211,"date":"2018-10-08T16:47:34","date_gmt":"2020-12-15T17:06:57","guid":{"rendered":"https:\/\/www.rodilloscodimar.com\/producto\/table-tournante-w30-avec-motorisation-externe\/"},"modified":"2020-12-15T18:06:57","modified_gmt":"2020-12-15T17:06:57","slug":"w30-motorisation-externe-tournage-table","status":"publish","type":"product","link":"https:\/\/www.rodilloscodimar.com\/fr\/produit\/w30-motorisation-externe-tournage-table\/","title":{"rendered":"Table tournante W30 avec motorisation externe"},"content":{"rendered":"<p>Cette variante constructive de la table tournante nous permet d&rsquo;obtenir des hauteurs de transport r\u00e9duites si les besoins de l&rsquo;installation l&rsquo;exigent. Comme il n&rsquo;a pas de moteur int\u00e9gr\u00e9 \u00e0 bord du plateau tournant, son occupation dans l&rsquo;usine est plus importante.<\/p>\n<p>Nous pouvons atteindre des rayons de braquage jusqu&rsquo;\u00e0 360 \u00b0 avec des rotations continues ou en alternant le sens de rotation.<\/p>\n","protected":false},"excerpt":{"rendered":"<p>Cette machine est utilis\u00e9e pour effectuer des changements de direction sur une ligne de transport. Ce dispositif peut int\u00e9grer un convoyeur \u00e0 rouleaux, un convoyeur \u00e0 cha\u00eene ou un transfert.<\/p>\n","protected":false},"featured_media":1268,"template":"","meta":{"_joinchat":[]},"product_brand":[],"product_cat":[196],"product_tag":[],"class_list":{"0":"post-5211","1":"product","2":"type-product","3":"status-publish","4":"has-post-thumbnail","6":"product_cat-table-tournante","8":"first","9":"instock","10":"shipping-taxable","11":"product-type-simple"},"yoast_head":"<!-- This site is optimized with the Yoast SEO plugin v27.2 - https:\/\/yoast.com\/product\/yoast-seo-wordpress\/ -->\n<title>Table W30 Giro mot. externe | Tables tournantes - Rouleaux Codimar SL<\/title>\n<meta name=\"description\" content=\"W30 Table tournante avec motorisation externe. Cela nous permet d&#039;atteindre des hauteurs de transport r\u00e9duites. Avec des rayons de braquage jusqu&#039;\u00e0 360 \u00b0.\" \/>\n<meta name=\"robots\" content=\"index, follow, max-snippet:-1, max-image-preview:large, max-video-preview:-1\" \/>\n<link rel=\"canonical\" href=\"https:\/\/www.rodilloscodimar.com\/fr\/produit\/w30-motorisation-externe-tournage-table\/\" \/>\n<meta property=\"og:locale\" content=\"fr_FR\" \/>\n<meta property=\"og:type\" content=\"article\" \/>\n<meta property=\"og:title\" content=\"Table W30 Giro mot. externe | Tables tournantes - Rouleaux Codimar SL\" \/>\n<meta property=\"og:description\" content=\"W30 Table tournante avec motorisation externe. Cela nous permet d&#039;atteindre des hauteurs de transport r\u00e9duites. Avec des rayons de braquage jusqu&#039;\u00e0 360 \u00b0.\" \/>\n<meta property=\"og:url\" content=\"https:\/\/www.rodilloscodimar.com\/fr\/produit\/w30-motorisation-externe-tournage-table\/\" \/>\n<meta property=\"og:site_name\" content=\"CODIMAR\" \/>\n<meta property=\"og:image\" content=\"https:\/\/www.rodilloscodimar.com\/wp-content\/uploads\/2018\/10\/w20-mg-rodillos-motor-exterior.jpg\" \/>\n\t<meta property=\"og:image:width\" content=\"1024\" \/>\n\t<meta property=\"og:image:height\" content=\"768\" \/>\n\t<meta property=\"og:image:type\" content=\"image\/jpeg\" \/>\n<meta name=\"twitter:card\" content=\"summary_large_image\" \/>\n<script type=\"application\/ld+json\" class=\"yoast-schema-graph\">{\"@context\":\"https:\/\/schema.org\",\"@graph\":[{\"@type\":\"WebPage\",\"@id\":\"https:\/\/www.rodilloscodimar.com\/fr\/produit\/w30-motorisation-externe-tournage-table\/\",\"url\":\"https:\/\/www.rodilloscodimar.com\/fr\/produit\/w30-motorisation-externe-tournage-table\/\",\"name\":\"Table W30 Giro mot. externe | Tables tournantes - Rouleaux Codimar SL\",\"isPartOf\":{\"@id\":\"https:\/\/www.rodilloscodimar.com\/fr\/#website\"},\"primaryImageOfPage\":{\"@id\":\"https:\/\/www.rodilloscodimar.com\/fr\/produit\/w30-motorisation-externe-tournage-table\/#primaryimage\"},\"image\":{\"@id\":\"https:\/\/www.rodilloscodimar.com\/fr\/produit\/w30-motorisation-externe-tournage-table\/#primaryimage\"},\"thumbnailUrl\":\"https:\/\/www.rodilloscodimar.com\/wp-content\/uploads\/2018\/10\/w20-mg-rodillos-motor-exterior.jpg\",\"datePublished\":\"2020-12-15T17:06:57+00:00\",\"description\":\"W30 Table tournante avec motorisation externe. Cela nous permet d'atteindre des hauteurs de transport r\u00e9duites. Avec des rayons de braquage jusqu'\u00e0 360 \u00b0.\",\"breadcrumb\":{\"@id\":\"https:\/\/www.rodilloscodimar.com\/fr\/produit\/w30-motorisation-externe-tournage-table\/#breadcrumb\"},\"inLanguage\":\"fr-FR\",\"potentialAction\":[{\"@type\":\"ReadAction\",\"target\":[\"https:\/\/www.rodilloscodimar.com\/fr\/produit\/w30-motorisation-externe-tournage-table\/\"]}]},{\"@type\":\"ImageObject\",\"inLanguage\":\"fr-FR\",\"@id\":\"https:\/\/www.rodilloscodimar.com\/fr\/produit\/w30-motorisation-externe-tournage-table\/#primaryimage\",\"url\":\"https:\/\/www.rodilloscodimar.com\/wp-content\/uploads\/2018\/10\/w20-mg-rodillos-motor-exterior.jpg\",\"contentUrl\":\"https:\/\/www.rodilloscodimar.com\/wp-content\/uploads\/2018\/10\/w20-mg-rodillos-motor-exterior.jpg\",\"width\":1024,\"height\":768,\"caption\":\"Table tournante \u00e0 180 \u00b0\"},{\"@type\":\"BreadcrumbList\",\"@id\":\"https:\/\/www.rodilloscodimar.com\/fr\/produit\/w30-motorisation-externe-tournage-table\/#breadcrumb\",\"itemListElement\":[{\"@type\":\"ListItem\",\"position\":1,\"name\":\"Portada\",\"item\":\"https:\/\/www.rodilloscodimar.com\/fr\/\"},{\"@type\":\"ListItem\",\"position\":2,\"name\":\"Tienda\",\"item\":\"https:\/\/www.rodilloscodimar.com\/tienda\/\"},{\"@type\":\"ListItem\",\"position\":3,\"name\":\"Table tournante W30 avec motorisation externe\"}]},{\"@type\":\"WebSite\",\"@id\":\"https:\/\/www.rodilloscodimar.com\/fr\/#website\",\"url\":\"https:\/\/www.rodilloscodimar.com\/fr\/\",\"name\":\"CODIMAR\",\"description\":\"Frabricante de Componentes , Rodillos, Estaciones y M\u00e1quinas.\",\"publisher\":{\"@id\":\"https:\/\/www.rodilloscodimar.com\/fr\/#organization\"},\"potentialAction\":[{\"@type\":\"SearchAction\",\"target\":{\"@type\":\"EntryPoint\",\"urlTemplate\":\"https:\/\/www.rodilloscodimar.com\/fr\/?s={search_term_string}\"},\"query-input\":{\"@type\":\"PropertyValueSpecification\",\"valueRequired\":true,\"valueName\":\"search_term_string\"}}],\"inLanguage\":\"fr-FR\"},{\"@type\":\"Organization\",\"@id\":\"https:\/\/www.rodilloscodimar.com\/fr\/#organization\",\"name\":\"Rodillos Codimar\",\"url\":\"https:\/\/www.rodilloscodimar.com\/fr\/\",\"logo\":{\"@type\":\"ImageObject\",\"inLanguage\":\"fr-FR\",\"@id\":\"https:\/\/www.rodilloscodimar.com\/fr\/#\/schema\/logo\/image\/\",\"url\":\"https:\/\/www.rodilloscodimar.com\/wp-content\/uploads\/2020\/01\/logo-email.jpg\",\"contentUrl\":\"https:\/\/www.rodilloscodimar.com\/wp-content\/uploads\/2020\/01\/logo-email.jpg\",\"width\":300,\"height\":299,\"caption\":\"Rodillos Codimar\"},\"image\":{\"@id\":\"https:\/\/www.rodilloscodimar.com\/fr\/#\/schema\/logo\/image\/\"}}]}<\/script>\n<!-- \/ Yoast SEO plugin. -->","yoast_head_json":{"title":"Table W30 Giro mot. externe | Tables tournantes - Rouleaux Codimar SL","description":"W30 Table tournante avec motorisation externe. Cela nous permet d'atteindre des hauteurs de transport r\u00e9duites. Avec des rayons de braquage jusqu'\u00e0 360 \u00b0.","robots":{"index":"index","follow":"follow","max-snippet":"max-snippet:-1","max-image-preview":"max-image-preview:large","max-video-preview":"max-video-preview:-1"},"canonical":"https:\/\/www.rodilloscodimar.com\/fr\/produit\/w30-motorisation-externe-tournage-table\/","og_locale":"fr_FR","og_type":"article","og_title":"Table W30 Giro mot. externe | Tables tournantes - Rouleaux Codimar SL","og_description":"W30 Table tournante avec motorisation externe. Cela nous permet d'atteindre des hauteurs de transport r\u00e9duites. Avec des rayons de braquage jusqu'\u00e0 360 \u00b0.","og_url":"https:\/\/www.rodilloscodimar.com\/fr\/produit\/w30-motorisation-externe-tournage-table\/","og_site_name":"CODIMAR","og_image":[{"width":1024,"height":768,"url":"https:\/\/www.rodilloscodimar.com\/wp-content\/uploads\/2018\/10\/w20-mg-rodillos-motor-exterior.jpg","type":"image\/jpeg"}],"twitter_card":"summary_large_image","schema":{"@context":"https:\/\/schema.org","@graph":[{"@type":"WebPage","@id":"https:\/\/www.rodilloscodimar.com\/fr\/produit\/w30-motorisation-externe-tournage-table\/","url":"https:\/\/www.rodilloscodimar.com\/fr\/produit\/w30-motorisation-externe-tournage-table\/","name":"Table W30 Giro mot. externe | Tables tournantes - Rouleaux Codimar SL","isPartOf":{"@id":"https:\/\/www.rodilloscodimar.com\/fr\/#website"},"primaryImageOfPage":{"@id":"https:\/\/www.rodilloscodimar.com\/fr\/produit\/w30-motorisation-externe-tournage-table\/#primaryimage"},"image":{"@id":"https:\/\/www.rodilloscodimar.com\/fr\/produit\/w30-motorisation-externe-tournage-table\/#primaryimage"},"thumbnailUrl":"https:\/\/www.rodilloscodimar.com\/wp-content\/uploads\/2018\/10\/w20-mg-rodillos-motor-exterior.jpg","datePublished":"2020-12-15T17:06:57+00:00","description":"W30 Table tournante avec motorisation externe. Cela nous permet d'atteindre des hauteurs de transport r\u00e9duites. Avec des rayons de braquage jusqu'\u00e0 360 \u00b0.","breadcrumb":{"@id":"https:\/\/www.rodilloscodimar.com\/fr\/produit\/w30-motorisation-externe-tournage-table\/#breadcrumb"},"inLanguage":"fr-FR","potentialAction":[{"@type":"ReadAction","target":["https:\/\/www.rodilloscodimar.com\/fr\/produit\/w30-motorisation-externe-tournage-table\/"]}]},{"@type":"ImageObject","inLanguage":"fr-FR","@id":"https:\/\/www.rodilloscodimar.com\/fr\/produit\/w30-motorisation-externe-tournage-table\/#primaryimage","url":"https:\/\/www.rodilloscodimar.com\/wp-content\/uploads\/2018\/10\/w20-mg-rodillos-motor-exterior.jpg","contentUrl":"https:\/\/www.rodilloscodimar.com\/wp-content\/uploads\/2018\/10\/w20-mg-rodillos-motor-exterior.jpg","width":1024,"height":768,"caption":"Table tournante \u00e0 180 \u00b0"},{"@type":"BreadcrumbList","@id":"https:\/\/www.rodilloscodimar.com\/fr\/produit\/w30-motorisation-externe-tournage-table\/#breadcrumb","itemListElement":[{"@type":"ListItem","position":1,"name":"Portada","item":"https:\/\/www.rodilloscodimar.com\/fr\/"},{"@type":"ListItem","position":2,"name":"Tienda","item":"https:\/\/www.rodilloscodimar.com\/tienda\/"},{"@type":"ListItem","position":3,"name":"Table tournante W30 avec motorisation externe"}]},{"@type":"WebSite","@id":"https:\/\/www.rodilloscodimar.com\/fr\/#website","url":"https:\/\/www.rodilloscodimar.com\/fr\/","name":"CODIMAR","description":"Frabricante de Componentes , Rodillos, Estaciones y M\u00e1quinas.","publisher":{"@id":"https:\/\/www.rodilloscodimar.com\/fr\/#organization"},"potentialAction":[{"@type":"SearchAction","target":{"@type":"EntryPoint","urlTemplate":"https:\/\/www.rodilloscodimar.com\/fr\/?s={search_term_string}"},"query-input":{"@type":"PropertyValueSpecification","valueRequired":true,"valueName":"search_term_string"}}],"inLanguage":"fr-FR"},{"@type":"Organization","@id":"https:\/\/www.rodilloscodimar.com\/fr\/#organization","name":"Rodillos Codimar","url":"https:\/\/www.rodilloscodimar.com\/fr\/","logo":{"@type":"ImageObject","inLanguage":"fr-FR","@id":"https:\/\/www.rodilloscodimar.com\/fr\/#\/schema\/logo\/image\/","url":"https:\/\/www.rodilloscodimar.com\/wp-content\/uploads\/2020\/01\/logo-email.jpg","contentUrl":"https:\/\/www.rodilloscodimar.com\/wp-content\/uploads\/2020\/01\/logo-email.jpg","width":300,"height":299,"caption":"Rodillos Codimar"},"image":{"@id":"https:\/\/www.rodilloscodimar.com\/fr\/#\/schema\/logo\/image\/"}}]}},"_links":{"self":[{"href":"https:\/\/www.rodilloscodimar.com\/fr\/wp-json\/wp\/v2\/product\/5211","targetHints":{"allow":["GET"]}}],"collection":[{"href":"https:\/\/www.rodilloscodimar.com\/fr\/wp-json\/wp\/v2\/product"}],"about":[{"href":"https:\/\/www.rodilloscodimar.com\/fr\/wp-json\/wp\/v2\/types\/product"}],"wp:featuredmedia":[{"embeddable":true,"href":"https:\/\/www.rodilloscodimar.com\/fr\/wp-json\/wp\/v2\/media\/1268"}],"wp:attachment":[{"href":"https:\/\/www.rodilloscodimar.com\/fr\/wp-json\/wp\/v2\/media?parent=5211"}],"wp:term":[{"taxonomy":"product_brand","embeddable":true,"href":"https:\/\/www.rodilloscodimar.com\/fr\/wp-json\/wp\/v2\/product_brand?post=5211"},{"taxonomy":"product_cat","embeddable":true,"href":"https:\/\/www.rodilloscodimar.com\/fr\/wp-json\/wp\/v2\/product_cat?post=5211"},{"taxonomy":"product_tag","embeddable":true,"href":"https:\/\/www.rodilloscodimar.com\/fr\/wp-json\/wp\/v2\/product_tag?post=5211"}],"curies":[{"name":"wp","href":"https:\/\/api.w.org\/{rel}","templated":true}]}}