{"id":5209,"date":"2018-10-08T16:38:28","date_gmt":"2020-12-15T17:06:53","guid":{"rendered":"https:\/\/www.rodilloscodimar.com\/producto\/convoyeur-a-chaine-a-cardan-m40\/"},"modified":"2020-12-15T18:06:53","modified_gmt":"2020-12-15T17:06:53","slug":"convoyeur-a-chaine-cardanique-m40","status":"publish","type":"product","link":"https:\/\/www.rodilloscodimar.com\/fr\/produit\/convoyeur-a-chaine-cardanique-m40\/","title":{"rendered":"Convoyeur \u00e0 cha\u00eene \u00e0 cardan M40"},"content":{"rendered":"<ul>\n<li>Niveau sonore: faible<\/li>\n<li>Longueur: selon l&rsquo;installation<\/li>\n<li>Largeur utile: selon le produit \u00e0 transporter<\/li>\n<li>Capacit\u00e9 de charge maximale: 20 kg \/ m<\/li>\n<li>\u00d8 Pignon d&rsquo;entra\u00eenement: \u00e0 d\u00e9terminer en fonction de la cha\u00eene<\/li>\n<li>\u00d8 Pignon tendeur: \u00e0 d\u00e9terminer en fonction de la cha\u00eene<\/li>\n<li>Cadre: acier au carbone \/ inoxydable<\/li>\n<li>Finition: peint \/ zingu\u00e9 \/ sabl\u00e9<\/li>\n<li>Vitesse: 3 \u00e0 40 m \/ min<\/li>\n<li>Motorisation: en t\u00eate<\/li>\n<li>Pieds de nivellement r\u00e9glables en hauteur \u00b1 50 mm<\/li>\n<\/ul>\n","protected":false},"excerpt":{"rendered":"<p>L&rsquo;utilisation de cette machine est<strong> recommand\u00e9 pour le transport de charges l\u00e9g\u00e8res<\/strong> . Gr\u00e2ce \u00e0 sa conception, il permet le drainage des liquides et un nettoyage facile.<br \/>\nPermet des changements de direction dans le flux de transport. Surface de transport continue. Sa forme constructive permet une int\u00e9gration facile dans des lignes existantes ou nouvelles.<\/p>\n","protected":false},"featured_media":1254,"template":"","meta":{"_joinchat":[]},"product_brand":[],"product_cat":[186],"product_tag":[],"class_list":{"0":"post-5209","1":"product","2":"type-product","3":"status-publish","4":"has-post-thumbnail","6":"product_cat-convoyeurs-modulaires-a-mailles-metalliques-et-a-charnieres","8":"first","9":"instock","10":"shipping-taxable","11":"product-type-simple"},"yoast_head":"<!-- This site is optimized with the Yoast SEO plugin v27.2 - https:\/\/yoast.com\/product\/yoast-seo-wordpress\/ -->\n<title>Convoyeur \u00e0 cha\u00eene \u00e0 cardan M40 | Machines - Rouleaux Codimar<\/title>\n<meta name=\"description\" content=\"Convoyeur \u00e0 cha\u00eene \u00e0 cardan M40 recommand\u00e9 pour le transport de charges l\u00e9g\u00e8res, permet le drainage des liquides et un nettoyage facile ...\" \/>\n<meta name=\"robots\" content=\"index, follow, max-snippet:-1, max-image-preview:large, max-video-preview:-1\" \/>\n<link rel=\"canonical\" href=\"https:\/\/www.rodilloscodimar.com\/fr\/produit\/convoyeur-a-chaine-cardanique-m40\/\" \/>\n<meta property=\"og:locale\" content=\"fr_FR\" \/>\n<meta property=\"og:type\" content=\"article\" \/>\n<meta property=\"og:title\" content=\"Convoyeur \u00e0 cha\u00eene \u00e0 cardan M40 | Machines - Rouleaux Codimar\" \/>\n<meta property=\"og:description\" content=\"Convoyeur \u00e0 cha\u00eene \u00e0 cardan M40 recommand\u00e9 pour le transport de charges l\u00e9g\u00e8res, permet le drainage des liquides et un nettoyage facile ...\" \/>\n<meta property=\"og:url\" content=\"https:\/\/www.rodilloscodimar.com\/fr\/produit\/convoyeur-a-chaine-cardanique-m40\/\" \/>\n<meta property=\"og:site_name\" content=\"CODIMAR\" \/>\n<meta property=\"og:image\" content=\"https:\/\/www.rodilloscodimar.com\/wp-content\/uploads\/2018\/10\/CADENA-HABASIT7.jpg\" \/>\n\t<meta property=\"og:image:width\" content=\"734\" \/>\n\t<meta property=\"og:image:height\" content=\"441\" \/>\n\t<meta property=\"og:image:type\" content=\"image\/jpeg\" \/>\n<meta name=\"twitter:card\" content=\"summary_large_image\" \/>\n<script type=\"application\/ld+json\" class=\"yoast-schema-graph\">{\"@context\":\"https:\/\/schema.org\",\"@graph\":[{\"@type\":\"WebPage\",\"@id\":\"https:\/\/www.rodilloscodimar.com\/fr\/produit\/convoyeur-a-chaine-cardanique-m40\/\",\"url\":\"https:\/\/www.rodilloscodimar.com\/fr\/produit\/convoyeur-a-chaine-cardanique-m40\/\",\"name\":\"Convoyeur \u00e0 cha\u00eene \u00e0 cardan M40 | Machines - Rouleaux Codimar\",\"isPartOf\":{\"@id\":\"https:\/\/www.rodilloscodimar.com\/fr\/#website\"},\"primaryImageOfPage\":{\"@id\":\"https:\/\/www.rodilloscodimar.com\/fr\/produit\/convoyeur-a-chaine-cardanique-m40\/#primaryimage\"},\"image\":{\"@id\":\"https:\/\/www.rodilloscodimar.com\/fr\/produit\/convoyeur-a-chaine-cardanique-m40\/#primaryimage\"},\"thumbnailUrl\":\"https:\/\/www.rodilloscodimar.com\/wp-content\/uploads\/2018\/10\/CADENA-HABASIT7.jpg\",\"datePublished\":\"2020-12-15T17:06:53+00:00\",\"description\":\"Convoyeur \u00e0 cha\u00eene \u00e0 cardan M40 recommand\u00e9 pour le transport de charges l\u00e9g\u00e8res, permet le drainage des liquides et un nettoyage facile ...\",\"breadcrumb\":{\"@id\":\"https:\/\/www.rodilloscodimar.com\/fr\/produit\/convoyeur-a-chaine-cardanique-m40\/#breadcrumb\"},\"inLanguage\":\"fr-FR\",\"potentialAction\":[{\"@type\":\"ReadAction\",\"target\":[\"https:\/\/www.rodilloscodimar.com\/fr\/produit\/convoyeur-a-chaine-cardanique-m40\/\"]}]},{\"@type\":\"ImageObject\",\"inLanguage\":\"fr-FR\",\"@id\":\"https:\/\/www.rodilloscodimar.com\/fr\/produit\/convoyeur-a-chaine-cardanique-m40\/#primaryimage\",\"url\":\"https:\/\/www.rodilloscodimar.com\/wp-content\/uploads\/2018\/10\/CADENA-HABASIT7.jpg\",\"contentUrl\":\"https:\/\/www.rodilloscodimar.com\/wp-content\/uploads\/2018\/10\/CADENA-HABASIT7.jpg\",\"width\":734,\"height\":441,\"caption\":\"Convoyeur \u00e0 cha\u00eene \u00e0 cardan\"},{\"@type\":\"BreadcrumbList\",\"@id\":\"https:\/\/www.rodilloscodimar.com\/fr\/produit\/convoyeur-a-chaine-cardanique-m40\/#breadcrumb\",\"itemListElement\":[{\"@type\":\"ListItem\",\"position\":1,\"name\":\"Portada\",\"item\":\"https:\/\/www.rodilloscodimar.com\/fr\/\"},{\"@type\":\"ListItem\",\"position\":2,\"name\":\"Tienda\",\"item\":\"https:\/\/www.rodilloscodimar.com\/tienda\/\"},{\"@type\":\"ListItem\",\"position\":3,\"name\":\"Convoyeur \u00e0 cha\u00eene \u00e0 cardan M40\"}]},{\"@type\":\"WebSite\",\"@id\":\"https:\/\/www.rodilloscodimar.com\/fr\/#website\",\"url\":\"https:\/\/www.rodilloscodimar.com\/fr\/\",\"name\":\"CODIMAR\",\"description\":\"Frabricante de Componentes , Rodillos, Estaciones y M\u00e1quinas.\",\"publisher\":{\"@id\":\"https:\/\/www.rodilloscodimar.com\/fr\/#organization\"},\"potentialAction\":[{\"@type\":\"SearchAction\",\"target\":{\"@type\":\"EntryPoint\",\"urlTemplate\":\"https:\/\/www.rodilloscodimar.com\/fr\/?s={search_term_string}\"},\"query-input\":{\"@type\":\"PropertyValueSpecification\",\"valueRequired\":true,\"valueName\":\"search_term_string\"}}],\"inLanguage\":\"fr-FR\"},{\"@type\":\"Organization\",\"@id\":\"https:\/\/www.rodilloscodimar.com\/fr\/#organization\",\"name\":\"Rodillos Codimar\",\"url\":\"https:\/\/www.rodilloscodimar.com\/fr\/\",\"logo\":{\"@type\":\"ImageObject\",\"inLanguage\":\"fr-FR\",\"@id\":\"https:\/\/www.rodilloscodimar.com\/fr\/#\/schema\/logo\/image\/\",\"url\":\"https:\/\/www.rodilloscodimar.com\/wp-content\/uploads\/2020\/01\/logo-email.jpg\",\"contentUrl\":\"https:\/\/www.rodilloscodimar.com\/wp-content\/uploads\/2020\/01\/logo-email.jpg\",\"width\":300,\"height\":299,\"caption\":\"Rodillos Codimar\"},\"image\":{\"@id\":\"https:\/\/www.rodilloscodimar.com\/fr\/#\/schema\/logo\/image\/\"}}]}<\/script>\n<!-- \/ Yoast SEO plugin. -->","yoast_head_json":{"title":"Convoyeur \u00e0 cha\u00eene \u00e0 cardan M40 | Machines - Rouleaux Codimar","description":"Convoyeur \u00e0 cha\u00eene \u00e0 cardan M40 recommand\u00e9 pour le transport de charges l\u00e9g\u00e8res, permet le drainage des liquides et un nettoyage facile ...","robots":{"index":"index","follow":"follow","max-snippet":"max-snippet:-1","max-image-preview":"max-image-preview:large","max-video-preview":"max-video-preview:-1"},"canonical":"https:\/\/www.rodilloscodimar.com\/fr\/produit\/convoyeur-a-chaine-cardanique-m40\/","og_locale":"fr_FR","og_type":"article","og_title":"Convoyeur \u00e0 cha\u00eene \u00e0 cardan M40 | Machines - Rouleaux Codimar","og_description":"Convoyeur \u00e0 cha\u00eene \u00e0 cardan M40 recommand\u00e9 pour le transport de charges l\u00e9g\u00e8res, permet le drainage des liquides et un nettoyage facile ...","og_url":"https:\/\/www.rodilloscodimar.com\/fr\/produit\/convoyeur-a-chaine-cardanique-m40\/","og_site_name":"CODIMAR","og_image":[{"width":734,"height":441,"url":"https:\/\/www.rodilloscodimar.com\/wp-content\/uploads\/2018\/10\/CADENA-HABASIT7.jpg","type":"image\/jpeg"}],"twitter_card":"summary_large_image","schema":{"@context":"https:\/\/schema.org","@graph":[{"@type":"WebPage","@id":"https:\/\/www.rodilloscodimar.com\/fr\/produit\/convoyeur-a-chaine-cardanique-m40\/","url":"https:\/\/www.rodilloscodimar.com\/fr\/produit\/convoyeur-a-chaine-cardanique-m40\/","name":"Convoyeur \u00e0 cha\u00eene \u00e0 cardan M40 | Machines - Rouleaux Codimar","isPartOf":{"@id":"https:\/\/www.rodilloscodimar.com\/fr\/#website"},"primaryImageOfPage":{"@id":"https:\/\/www.rodilloscodimar.com\/fr\/produit\/convoyeur-a-chaine-cardanique-m40\/#primaryimage"},"image":{"@id":"https:\/\/www.rodilloscodimar.com\/fr\/produit\/convoyeur-a-chaine-cardanique-m40\/#primaryimage"},"thumbnailUrl":"https:\/\/www.rodilloscodimar.com\/wp-content\/uploads\/2018\/10\/CADENA-HABASIT7.jpg","datePublished":"2020-12-15T17:06:53+00:00","description":"Convoyeur \u00e0 cha\u00eene \u00e0 cardan M40 recommand\u00e9 pour le transport de charges l\u00e9g\u00e8res, permet le drainage des liquides et un nettoyage facile ...","breadcrumb":{"@id":"https:\/\/www.rodilloscodimar.com\/fr\/produit\/convoyeur-a-chaine-cardanique-m40\/#breadcrumb"},"inLanguage":"fr-FR","potentialAction":[{"@type":"ReadAction","target":["https:\/\/www.rodilloscodimar.com\/fr\/produit\/convoyeur-a-chaine-cardanique-m40\/"]}]},{"@type":"ImageObject","inLanguage":"fr-FR","@id":"https:\/\/www.rodilloscodimar.com\/fr\/produit\/convoyeur-a-chaine-cardanique-m40\/#primaryimage","url":"https:\/\/www.rodilloscodimar.com\/wp-content\/uploads\/2018\/10\/CADENA-HABASIT7.jpg","contentUrl":"https:\/\/www.rodilloscodimar.com\/wp-content\/uploads\/2018\/10\/CADENA-HABASIT7.jpg","width":734,"height":441,"caption":"Convoyeur \u00e0 cha\u00eene \u00e0 cardan"},{"@type":"BreadcrumbList","@id":"https:\/\/www.rodilloscodimar.com\/fr\/produit\/convoyeur-a-chaine-cardanique-m40\/#breadcrumb","itemListElement":[{"@type":"ListItem","position":1,"name":"Portada","item":"https:\/\/www.rodilloscodimar.com\/fr\/"},{"@type":"ListItem","position":2,"name":"Tienda","item":"https:\/\/www.rodilloscodimar.com\/tienda\/"},{"@type":"ListItem","position":3,"name":"Convoyeur \u00e0 cha\u00eene \u00e0 cardan M40"}]},{"@type":"WebSite","@id":"https:\/\/www.rodilloscodimar.com\/fr\/#website","url":"https:\/\/www.rodilloscodimar.com\/fr\/","name":"CODIMAR","description":"Frabricante de Componentes , Rodillos, Estaciones y M\u00e1quinas.","publisher":{"@id":"https:\/\/www.rodilloscodimar.com\/fr\/#organization"},"potentialAction":[{"@type":"SearchAction","target":{"@type":"EntryPoint","urlTemplate":"https:\/\/www.rodilloscodimar.com\/fr\/?s={search_term_string}"},"query-input":{"@type":"PropertyValueSpecification","valueRequired":true,"valueName":"search_term_string"}}],"inLanguage":"fr-FR"},{"@type":"Organization","@id":"https:\/\/www.rodilloscodimar.com\/fr\/#organization","name":"Rodillos Codimar","url":"https:\/\/www.rodilloscodimar.com\/fr\/","logo":{"@type":"ImageObject","inLanguage":"fr-FR","@id":"https:\/\/www.rodilloscodimar.com\/fr\/#\/schema\/logo\/image\/","url":"https:\/\/www.rodilloscodimar.com\/wp-content\/uploads\/2020\/01\/logo-email.jpg","contentUrl":"https:\/\/www.rodilloscodimar.com\/wp-content\/uploads\/2020\/01\/logo-email.jpg","width":300,"height":299,"caption":"Rodillos Codimar"},"image":{"@id":"https:\/\/www.rodilloscodimar.com\/fr\/#\/schema\/logo\/image\/"}}]}},"_links":{"self":[{"href":"https:\/\/www.rodilloscodimar.com\/fr\/wp-json\/wp\/v2\/product\/5209","targetHints":{"allow":["GET"]}}],"collection":[{"href":"https:\/\/www.rodilloscodimar.com\/fr\/wp-json\/wp\/v2\/product"}],"about":[{"href":"https:\/\/www.rodilloscodimar.com\/fr\/wp-json\/wp\/v2\/types\/product"}],"wp:featuredmedia":[{"embeddable":true,"href":"https:\/\/www.rodilloscodimar.com\/fr\/wp-json\/wp\/v2\/media\/1254"}],"wp:attachment":[{"href":"https:\/\/www.rodilloscodimar.com\/fr\/wp-json\/wp\/v2\/media?parent=5209"}],"wp:term":[{"taxonomy":"product_brand","embeddable":true,"href":"https:\/\/www.rodilloscodimar.com\/fr\/wp-json\/wp\/v2\/product_brand?post=5209"},{"taxonomy":"product_cat","embeddable":true,"href":"https:\/\/www.rodilloscodimar.com\/fr\/wp-json\/wp\/v2\/product_cat?post=5209"},{"taxonomy":"product_tag","embeddable":true,"href":"https:\/\/www.rodilloscodimar.com\/fr\/wp-json\/wp\/v2\/product_tag?post=5209"}],"curies":[{"name":"wp","href":"https:\/\/api.w.org\/{rel}","templated":true}]}}