{"id":5194,"date":"2018-10-08T16:19:50","date_gmt":"2020-12-15T17:06:07","guid":{"rendered":"https:\/\/www.rodilloscodimar.com\/producto\/b24-runner-belt-conveyor-sur-berceau-en-tole\/"},"modified":"2020-12-15T18:06:07","modified_gmt":"2020-12-15T17:06:07","slug":"b24-tapis-convoyeur-coureur-sur-plaque-berceau","status":"publish","type":"product","link":"https:\/\/www.rodilloscodimar.com\/fr\/produit\/b24-tapis-convoyeur-coureur-sur-plaque-berceau\/","title":{"rendered":"B24 Runner Belt Conveyor sur berceau en t\u00f4le"},"content":{"rendered":"<ul>\n<li>Niveau sonore: faible<\/li>\n<li>Longueur: 1000 \u00e0 6000 mm<\/li>\n<li>Largeur utile: 100 \u00e0 600 mm<\/li>\n<li>Capacit\u00e9 de charge maximale: 10 kg \/ m<\/li>\n<li>\u00d8 Tambour d&rsquo;entra\u00eenement: 80 \u00e0 120 mm<\/li>\n<li>\u00d8 Tambour tendeur: 80 \u00e0 120 mm<\/li>\n<li>Cadre: acier au carbone \/ inoxydable<\/li>\n<li>Traitement: peint \/ zingu\u00e9 \/ sablage<\/li>\n<li>Vitesse: 3 \u00e0 20 m \/ min<\/li>\n<li>Motorisation: en t\u00eate<\/li>\n<li>Pieds de nivellement r\u00e9glables en hauteur \u00b1 50 mm<\/li>\n<\/ul>\n","protected":false},"excerpt":{"rendered":"<p>Ils conviennent pour le<strong> transport de produits petits et instables<\/strong> . Avec le syst\u00e8me de glissi\u00e8re, la suppression des rails lat\u00e9raux est obtenue et<strong> emp\u00eache le d\u00e9bordement du produit<\/strong> , m\u00eame dans la zone de d\u00e9chargement.<\/p>\n","protected":false},"featured_media":1239,"template":"","meta":{"_joinchat":[]},"product_brand":[],"product_cat":[180],"product_tag":[],"class_list":{"0":"post-5194","1":"product","2":"type-product","3":"status-publish","4":"has-post-thumbnail","6":"product_cat-convoyeurs-a-courroie","8":"first","9":"instock","10":"shipping-taxable","11":"product-type-simple"},"yoast_head":"<!-- This site is optimized with the Yoast SEO plugin v27.2 - https:\/\/yoast.com\/product\/yoast-seo-wordpress\/ -->\n<title>B24 Runner Belt Conveyor sur berceau en t\u00f4le<\/title>\n<meta name=\"description\" content=\"Dans les convoyeurs \u00e0 bande, nous commercialisons le mod\u00e8le B24 Runner Belt Conveyor on Sheet Metal Cradle. V\u00e9rifiez ses sp\u00e9cifications ici.\" \/>\n<meta name=\"robots\" content=\"index, follow, max-snippet:-1, max-image-preview:large, max-video-preview:-1\" \/>\n<link rel=\"canonical\" href=\"https:\/\/www.rodilloscodimar.com\/fr\/produit\/b24-tapis-convoyeur-coureur-sur-plaque-berceau\/\" \/>\n<meta property=\"og:locale\" content=\"fr_FR\" \/>\n<meta property=\"og:type\" content=\"article\" \/>\n<meta property=\"og:title\" content=\"B24 Runner Belt Conveyor sur berceau en t\u00f4le\" \/>\n<meta property=\"og:description\" content=\"Dans les convoyeurs \u00e0 bande, nous commercialisons le mod\u00e8le B24 Runner Belt Conveyor on Sheet Metal Cradle. V\u00e9rifiez ses sp\u00e9cifications ici.\" \/>\n<meta property=\"og:url\" content=\"https:\/\/www.rodilloscodimar.com\/fr\/produit\/b24-tapis-convoyeur-coureur-sur-plaque-berceau\/\" \/>\n<meta property=\"og:site_name\" content=\"CODIMAR\" \/>\n<meta property=\"og:image\" content=\"https:\/\/www.rodilloscodimar.com\/wp-content\/uploads\/2018\/10\/B24-0001.7.jpg\" \/>\n\t<meta property=\"og:image:width\" content=\"1080\" \/>\n\t<meta property=\"og:image:height\" content=\"1080\" \/>\n\t<meta property=\"og:image:type\" content=\"image\/jpeg\" \/>\n<meta name=\"twitter:card\" content=\"summary_large_image\" \/>\n<script type=\"application\/ld+json\" class=\"yoast-schema-graph\">{\"@context\":\"https:\/\/schema.org\",\"@graph\":[{\"@type\":\"WebPage\",\"@id\":\"https:\/\/www.rodilloscodimar.com\/fr\/produit\/b24-tapis-convoyeur-coureur-sur-plaque-berceau\/\",\"url\":\"https:\/\/www.rodilloscodimar.com\/fr\/produit\/b24-tapis-convoyeur-coureur-sur-plaque-berceau\/\",\"name\":\"B24 Runner Belt Conveyor sur berceau en t\u00f4le\",\"isPartOf\":{\"@id\":\"https:\/\/www.rodilloscodimar.com\/fr\/#website\"},\"primaryImageOfPage\":{\"@id\":\"https:\/\/www.rodilloscodimar.com\/fr\/produit\/b24-tapis-convoyeur-coureur-sur-plaque-berceau\/#primaryimage\"},\"image\":{\"@id\":\"https:\/\/www.rodilloscodimar.com\/fr\/produit\/b24-tapis-convoyeur-coureur-sur-plaque-berceau\/#primaryimage\"},\"thumbnailUrl\":\"https:\/\/www.rodilloscodimar.com\/wp-content\/uploads\/2018\/10\/B24-0001.7.jpg\",\"datePublished\":\"2020-12-15T17:06:07+00:00\",\"description\":\"Dans les convoyeurs \u00e0 bande, nous commercialisons le mod\u00e8le B24 Runner Belt Conveyor on Sheet Metal Cradle. V\u00e9rifiez ses sp\u00e9cifications ici.\",\"breadcrumb\":{\"@id\":\"https:\/\/www.rodilloscodimar.com\/fr\/produit\/b24-tapis-convoyeur-coureur-sur-plaque-berceau\/#breadcrumb\"},\"inLanguage\":\"fr-FR\",\"potentialAction\":[{\"@type\":\"ReadAction\",\"target\":[\"https:\/\/www.rodilloscodimar.com\/fr\/produit\/b24-tapis-convoyeur-coureur-sur-plaque-berceau\/\"]}]},{\"@type\":\"ImageObject\",\"inLanguage\":\"fr-FR\",\"@id\":\"https:\/\/www.rodilloscodimar.com\/fr\/produit\/b24-tapis-convoyeur-coureur-sur-plaque-berceau\/#primaryimage\",\"url\":\"https:\/\/www.rodilloscodimar.com\/wp-content\/uploads\/2018\/10\/B24-0001.7.jpg\",\"contentUrl\":\"https:\/\/www.rodilloscodimar.com\/wp-content\/uploads\/2018\/10\/B24-0001.7.jpg\",\"width\":1080,\"height\":1080,\"caption\":\"Convoyeur \u00e0 bande de roulement sur berceau en t\u00f4le\"},{\"@type\":\"BreadcrumbList\",\"@id\":\"https:\/\/www.rodilloscodimar.com\/fr\/produit\/b24-tapis-convoyeur-coureur-sur-plaque-berceau\/#breadcrumb\",\"itemListElement\":[{\"@type\":\"ListItem\",\"position\":1,\"name\":\"Portada\",\"item\":\"https:\/\/www.rodilloscodimar.com\/fr\/\"},{\"@type\":\"ListItem\",\"position\":2,\"name\":\"Tienda\",\"item\":\"https:\/\/www.rodilloscodimar.com\/tienda\/\"},{\"@type\":\"ListItem\",\"position\":3,\"name\":\"B24 Runner Belt Conveyor sur berceau en t\u00f4le\"}]},{\"@type\":\"WebSite\",\"@id\":\"https:\/\/www.rodilloscodimar.com\/fr\/#website\",\"url\":\"https:\/\/www.rodilloscodimar.com\/fr\/\",\"name\":\"CODIMAR\",\"description\":\"Frabricante de Componentes , Rodillos, Estaciones y M\u00e1quinas.\",\"publisher\":{\"@id\":\"https:\/\/www.rodilloscodimar.com\/fr\/#organization\"},\"potentialAction\":[{\"@type\":\"SearchAction\",\"target\":{\"@type\":\"EntryPoint\",\"urlTemplate\":\"https:\/\/www.rodilloscodimar.com\/fr\/?s={search_term_string}\"},\"query-input\":{\"@type\":\"PropertyValueSpecification\",\"valueRequired\":true,\"valueName\":\"search_term_string\"}}],\"inLanguage\":\"fr-FR\"},{\"@type\":\"Organization\",\"@id\":\"https:\/\/www.rodilloscodimar.com\/fr\/#organization\",\"name\":\"Rodillos Codimar\",\"url\":\"https:\/\/www.rodilloscodimar.com\/fr\/\",\"logo\":{\"@type\":\"ImageObject\",\"inLanguage\":\"fr-FR\",\"@id\":\"https:\/\/www.rodilloscodimar.com\/fr\/#\/schema\/logo\/image\/\",\"url\":\"https:\/\/www.rodilloscodimar.com\/wp-content\/uploads\/2020\/01\/logo-email.jpg\",\"contentUrl\":\"https:\/\/www.rodilloscodimar.com\/wp-content\/uploads\/2020\/01\/logo-email.jpg\",\"width\":300,\"height\":299,\"caption\":\"Rodillos Codimar\"},\"image\":{\"@id\":\"https:\/\/www.rodilloscodimar.com\/fr\/#\/schema\/logo\/image\/\"}}]}<\/script>\n<!-- \/ Yoast SEO plugin. -->","yoast_head_json":{"title":"B24 Runner Belt Conveyor sur berceau en t\u00f4le","description":"Dans les convoyeurs \u00e0 bande, nous commercialisons le mod\u00e8le B24 Runner Belt Conveyor on Sheet Metal Cradle. V\u00e9rifiez ses sp\u00e9cifications ici.","robots":{"index":"index","follow":"follow","max-snippet":"max-snippet:-1","max-image-preview":"max-image-preview:large","max-video-preview":"max-video-preview:-1"},"canonical":"https:\/\/www.rodilloscodimar.com\/fr\/produit\/b24-tapis-convoyeur-coureur-sur-plaque-berceau\/","og_locale":"fr_FR","og_type":"article","og_title":"B24 Runner Belt Conveyor sur berceau en t\u00f4le","og_description":"Dans les convoyeurs \u00e0 bande, nous commercialisons le mod\u00e8le B24 Runner Belt Conveyor on Sheet Metal Cradle. V\u00e9rifiez ses sp\u00e9cifications ici.","og_url":"https:\/\/www.rodilloscodimar.com\/fr\/produit\/b24-tapis-convoyeur-coureur-sur-plaque-berceau\/","og_site_name":"CODIMAR","og_image":[{"width":1080,"height":1080,"url":"https:\/\/www.rodilloscodimar.com\/wp-content\/uploads\/2018\/10\/B24-0001.7.jpg","type":"image\/jpeg"}],"twitter_card":"summary_large_image","schema":{"@context":"https:\/\/schema.org","@graph":[{"@type":"WebPage","@id":"https:\/\/www.rodilloscodimar.com\/fr\/produit\/b24-tapis-convoyeur-coureur-sur-plaque-berceau\/","url":"https:\/\/www.rodilloscodimar.com\/fr\/produit\/b24-tapis-convoyeur-coureur-sur-plaque-berceau\/","name":"B24 Runner Belt Conveyor sur berceau en t\u00f4le","isPartOf":{"@id":"https:\/\/www.rodilloscodimar.com\/fr\/#website"},"primaryImageOfPage":{"@id":"https:\/\/www.rodilloscodimar.com\/fr\/produit\/b24-tapis-convoyeur-coureur-sur-plaque-berceau\/#primaryimage"},"image":{"@id":"https:\/\/www.rodilloscodimar.com\/fr\/produit\/b24-tapis-convoyeur-coureur-sur-plaque-berceau\/#primaryimage"},"thumbnailUrl":"https:\/\/www.rodilloscodimar.com\/wp-content\/uploads\/2018\/10\/B24-0001.7.jpg","datePublished":"2020-12-15T17:06:07+00:00","description":"Dans les convoyeurs \u00e0 bande, nous commercialisons le mod\u00e8le B24 Runner Belt Conveyor on Sheet Metal Cradle. V\u00e9rifiez ses sp\u00e9cifications ici.","breadcrumb":{"@id":"https:\/\/www.rodilloscodimar.com\/fr\/produit\/b24-tapis-convoyeur-coureur-sur-plaque-berceau\/#breadcrumb"},"inLanguage":"fr-FR","potentialAction":[{"@type":"ReadAction","target":["https:\/\/www.rodilloscodimar.com\/fr\/produit\/b24-tapis-convoyeur-coureur-sur-plaque-berceau\/"]}]},{"@type":"ImageObject","inLanguage":"fr-FR","@id":"https:\/\/www.rodilloscodimar.com\/fr\/produit\/b24-tapis-convoyeur-coureur-sur-plaque-berceau\/#primaryimage","url":"https:\/\/www.rodilloscodimar.com\/wp-content\/uploads\/2018\/10\/B24-0001.7.jpg","contentUrl":"https:\/\/www.rodilloscodimar.com\/wp-content\/uploads\/2018\/10\/B24-0001.7.jpg","width":1080,"height":1080,"caption":"Convoyeur \u00e0 bande de roulement sur berceau en t\u00f4le"},{"@type":"BreadcrumbList","@id":"https:\/\/www.rodilloscodimar.com\/fr\/produit\/b24-tapis-convoyeur-coureur-sur-plaque-berceau\/#breadcrumb","itemListElement":[{"@type":"ListItem","position":1,"name":"Portada","item":"https:\/\/www.rodilloscodimar.com\/fr\/"},{"@type":"ListItem","position":2,"name":"Tienda","item":"https:\/\/www.rodilloscodimar.com\/tienda\/"},{"@type":"ListItem","position":3,"name":"B24 Runner Belt Conveyor sur berceau en t\u00f4le"}]},{"@type":"WebSite","@id":"https:\/\/www.rodilloscodimar.com\/fr\/#website","url":"https:\/\/www.rodilloscodimar.com\/fr\/","name":"CODIMAR","description":"Frabricante de Componentes , Rodillos, Estaciones y M\u00e1quinas.","publisher":{"@id":"https:\/\/www.rodilloscodimar.com\/fr\/#organization"},"potentialAction":[{"@type":"SearchAction","target":{"@type":"EntryPoint","urlTemplate":"https:\/\/www.rodilloscodimar.com\/fr\/?s={search_term_string}"},"query-input":{"@type":"PropertyValueSpecification","valueRequired":true,"valueName":"search_term_string"}}],"inLanguage":"fr-FR"},{"@type":"Organization","@id":"https:\/\/www.rodilloscodimar.com\/fr\/#organization","name":"Rodillos Codimar","url":"https:\/\/www.rodilloscodimar.com\/fr\/","logo":{"@type":"ImageObject","inLanguage":"fr-FR","@id":"https:\/\/www.rodilloscodimar.com\/fr\/#\/schema\/logo\/image\/","url":"https:\/\/www.rodilloscodimar.com\/wp-content\/uploads\/2020\/01\/logo-email.jpg","contentUrl":"https:\/\/www.rodilloscodimar.com\/wp-content\/uploads\/2020\/01\/logo-email.jpg","width":300,"height":299,"caption":"Rodillos Codimar"},"image":{"@id":"https:\/\/www.rodilloscodimar.com\/fr\/#\/schema\/logo\/image\/"}}]}},"_links":{"self":[{"href":"https:\/\/www.rodilloscodimar.com\/fr\/wp-json\/wp\/v2\/product\/5194","targetHints":{"allow":["GET"]}}],"collection":[{"href":"https:\/\/www.rodilloscodimar.com\/fr\/wp-json\/wp\/v2\/product"}],"about":[{"href":"https:\/\/www.rodilloscodimar.com\/fr\/wp-json\/wp\/v2\/types\/product"}],"wp:featuredmedia":[{"embeddable":true,"href":"https:\/\/www.rodilloscodimar.com\/fr\/wp-json\/wp\/v2\/media\/1239"}],"wp:attachment":[{"href":"https:\/\/www.rodilloscodimar.com\/fr\/wp-json\/wp\/v2\/media?parent=5194"}],"wp:term":[{"taxonomy":"product_brand","embeddable":true,"href":"https:\/\/www.rodilloscodimar.com\/fr\/wp-json\/wp\/v2\/product_brand?post=5194"},{"taxonomy":"product_cat","embeddable":true,"href":"https:\/\/www.rodilloscodimar.com\/fr\/wp-json\/wp\/v2\/product_cat?post=5194"},{"taxonomy":"product_tag","embeddable":true,"href":"https:\/\/www.rodilloscodimar.com\/fr\/wp-json\/wp\/v2\/product_tag?post=5194"}],"curies":[{"name":"wp","href":"https:\/\/api.w.org\/{rel}","templated":true}]}}