{"id":5186,"date":"2018-10-08T16:13:26","date_gmt":"2020-12-15T17:05:50","guid":{"rendered":"https:\/\/www.rodilloscodimar.com\/producto\/elevateur-a-bande-b60-z\/"},"modified":"2020-12-15T18:05:50","modified_gmt":"2020-12-15T17:05:50","slug":"elevateur-a-bande-b60-z","status":"publish","type":"product","link":"https:\/\/www.rodilloscodimar.com\/fr\/produit\/elevateur-a-bande-b60-z\/","title":{"rendered":"\u00c9l\u00e9vateur \u00e0 bande B60 Z"},"content":{"rendered":"<ul>\n<li>Longueur: 1000 \u00e0 6000 mm<\/li>\n<li>Largeur utile: 100 \u00e0 600 mm<\/li>\n<li>Capacit\u00e9 de charge maximale: 10 kg \/ m<\/li>\n<li>\u00d8 Tambour d&rsquo;entra\u00eenement: 80 \u00e0 120 mm<\/li>\n<li>\u00d8 Tambour d&rsquo;entra\u00eenement: 80 \u00e0 120 mm<\/li>\n<li>Cadre: acier au carbone \/ inoxydable<\/li>\n<li>Finition: peint \/ zingu\u00e9 \/ sabl\u00e9<\/li>\n<li>Vitesse: 3 \u00e0 20 m \/ min<\/li>\n<li>Motorisation: en t\u00eate<\/li>\n<li>Pieds de nivellement r\u00e9glables en hauteur \u00b1 50 mm<\/li>\n<li>Sa forme constructive permet une int\u00e9gration facile dans des lignes existantes ou nouvelles.<\/li>\n<li>Faible niveau de bruit.<\/li>\n<\/ul>\n","protected":false},"excerpt":{"rendered":"<p>Il s&rsquo;agit d&rsquo;un \u00e9l\u00e9vateur \u00e0 bande avec des profils, avec la particularit\u00e9 que les extr\u00e9mit\u00e9s de chargement et de d\u00e9chargement sont positionn\u00e9es horizontalement, facilitant ainsi le transfert de produit entre la bande et les convoyeurs adjacents.<\/p>\n<p>Transition douce entre la section inclin\u00e9e et horizontale.<\/p>\n","protected":false},"featured_media":1245,"template":"","meta":{"_joinchat":[]},"product_brand":[],"product_cat":[180],"product_tag":[],"class_list":{"0":"post-5186","1":"product","2":"type-product","3":"status-publish","4":"has-post-thumbnail","6":"product_cat-convoyeurs-a-courroie","8":"first","9":"instock","10":"shipping-taxable","11":"product-type-simple"},"yoast_head":"<!-- This site is optimized with the Yoast SEO plugin v27.2 - https:\/\/yoast.com\/product\/yoast-seo-wordpress\/ -->\n<title>\u00c9l\u00e9vateur \u00e0 bande B60 Z | Machines - Rouleaux Codimar SL<\/title>\n<meta name=\"description\" content=\"\u00c9l\u00e9vateur \u00e0 bande B60 en Z \u00c9l\u00e9vateur \u00e0 bande avec profil\u00e9s, avec la particularit\u00e9 que les extr\u00e9mit\u00e9s de chargement et de d\u00e9chargement sont positionn\u00e9es horizontalement.\" \/>\n<meta name=\"robots\" content=\"index, follow, max-snippet:-1, max-image-preview:large, max-video-preview:-1\" \/>\n<link rel=\"canonical\" href=\"https:\/\/www.rodilloscodimar.com\/fr\/produit\/elevateur-a-bande-b60-z\/\" \/>\n<meta property=\"og:locale\" content=\"fr_FR\" \/>\n<meta property=\"og:type\" content=\"article\" \/>\n<meta property=\"og:title\" content=\"\u00c9l\u00e9vateur \u00e0 bande B60 Z | Machines - Rouleaux Codimar SL\" \/>\n<meta property=\"og:description\" content=\"\u00c9l\u00e9vateur \u00e0 bande B60 en Z \u00c9l\u00e9vateur \u00e0 bande avec profil\u00e9s, avec la particularit\u00e9 que les extr\u00e9mit\u00e9s de chargement et de d\u00e9chargement sont positionn\u00e9es horizontalement.\" \/>\n<meta property=\"og:url\" content=\"https:\/\/www.rodilloscodimar.com\/fr\/produit\/elevateur-a-bande-b60-z\/\" \/>\n<meta property=\"og:site_name\" content=\"CODIMAR\" \/>\n<meta property=\"og:image\" content=\"https:\/\/www.rodilloscodimar.com\/wp-content\/uploads\/2018\/10\/Q20-001-PROATEC.91.jpg\" \/>\n\t<meta property=\"og:image:width\" content=\"1080\" \/>\n\t<meta property=\"og:image:height\" content=\"1080\" \/>\n\t<meta property=\"og:image:type\" content=\"image\/jpeg\" \/>\n<meta name=\"twitter:card\" content=\"summary_large_image\" \/>\n<script type=\"application\/ld+json\" class=\"yoast-schema-graph\">{\"@context\":\"https:\/\/schema.org\",\"@graph\":[{\"@type\":\"WebPage\",\"@id\":\"https:\/\/www.rodilloscodimar.com\/fr\/produit\/elevateur-a-bande-b60-z\/\",\"url\":\"https:\/\/www.rodilloscodimar.com\/fr\/produit\/elevateur-a-bande-b60-z\/\",\"name\":\"\u00c9l\u00e9vateur \u00e0 bande B60 Z | Machines - Rouleaux Codimar SL\",\"isPartOf\":{\"@id\":\"https:\/\/www.rodilloscodimar.com\/fr\/#website\"},\"primaryImageOfPage\":{\"@id\":\"https:\/\/www.rodilloscodimar.com\/fr\/produit\/elevateur-a-bande-b60-z\/#primaryimage\"},\"image\":{\"@id\":\"https:\/\/www.rodilloscodimar.com\/fr\/produit\/elevateur-a-bande-b60-z\/#primaryimage\"},\"thumbnailUrl\":\"https:\/\/www.rodilloscodimar.com\/wp-content\/uploads\/2018\/10\/Q20-001-PROATEC.91.jpg\",\"datePublished\":\"2020-12-15T17:05:50+00:00\",\"description\":\"\u00c9l\u00e9vateur \u00e0 bande B60 en Z \u00c9l\u00e9vateur \u00e0 bande avec profil\u00e9s, avec la particularit\u00e9 que les extr\u00e9mit\u00e9s de chargement et de d\u00e9chargement sont positionn\u00e9es horizontalement.\",\"breadcrumb\":{\"@id\":\"https:\/\/www.rodilloscodimar.com\/fr\/produit\/elevateur-a-bande-b60-z\/#breadcrumb\"},\"inLanguage\":\"fr-FR\",\"potentialAction\":[{\"@type\":\"ReadAction\",\"target\":[\"https:\/\/www.rodilloscodimar.com\/fr\/produit\/elevateur-a-bande-b60-z\/\"]}]},{\"@type\":\"ImageObject\",\"inLanguage\":\"fr-FR\",\"@id\":\"https:\/\/www.rodilloscodimar.com\/fr\/produit\/elevateur-a-bande-b60-z\/#primaryimage\",\"url\":\"https:\/\/www.rodilloscodimar.com\/wp-content\/uploads\/2018\/10\/Q20-001-PROATEC.91.jpg\",\"contentUrl\":\"https:\/\/www.rodilloscodimar.com\/wp-content\/uploads\/2018\/10\/Q20-001-PROATEC.91.jpg\",\"width\":1080,\"height\":1080,\"caption\":\"Ascenseur de ceinture Z\"},{\"@type\":\"BreadcrumbList\",\"@id\":\"https:\/\/www.rodilloscodimar.com\/fr\/produit\/elevateur-a-bande-b60-z\/#breadcrumb\",\"itemListElement\":[{\"@type\":\"ListItem\",\"position\":1,\"name\":\"Portada\",\"item\":\"https:\/\/www.rodilloscodimar.com\/fr\/\"},{\"@type\":\"ListItem\",\"position\":2,\"name\":\"Tienda\",\"item\":\"https:\/\/www.rodilloscodimar.com\/tienda\/\"},{\"@type\":\"ListItem\",\"position\":3,\"name\":\"\u00c9l\u00e9vateur \u00e0 bande B60 Z\"}]},{\"@type\":\"WebSite\",\"@id\":\"https:\/\/www.rodilloscodimar.com\/fr\/#website\",\"url\":\"https:\/\/www.rodilloscodimar.com\/fr\/\",\"name\":\"CODIMAR\",\"description\":\"Frabricante de Componentes , Rodillos, Estaciones y M\u00e1quinas.\",\"publisher\":{\"@id\":\"https:\/\/www.rodilloscodimar.com\/fr\/#organization\"},\"potentialAction\":[{\"@type\":\"SearchAction\",\"target\":{\"@type\":\"EntryPoint\",\"urlTemplate\":\"https:\/\/www.rodilloscodimar.com\/fr\/?s={search_term_string}\"},\"query-input\":{\"@type\":\"PropertyValueSpecification\",\"valueRequired\":true,\"valueName\":\"search_term_string\"}}],\"inLanguage\":\"fr-FR\"},{\"@type\":\"Organization\",\"@id\":\"https:\/\/www.rodilloscodimar.com\/fr\/#organization\",\"name\":\"Rodillos Codimar\",\"url\":\"https:\/\/www.rodilloscodimar.com\/fr\/\",\"logo\":{\"@type\":\"ImageObject\",\"inLanguage\":\"fr-FR\",\"@id\":\"https:\/\/www.rodilloscodimar.com\/fr\/#\/schema\/logo\/image\/\",\"url\":\"https:\/\/www.rodilloscodimar.com\/wp-content\/uploads\/2020\/01\/logo-email.jpg\",\"contentUrl\":\"https:\/\/www.rodilloscodimar.com\/wp-content\/uploads\/2020\/01\/logo-email.jpg\",\"width\":300,\"height\":299,\"caption\":\"Rodillos Codimar\"},\"image\":{\"@id\":\"https:\/\/www.rodilloscodimar.com\/fr\/#\/schema\/logo\/image\/\"}}]}<\/script>\n<!-- \/ Yoast SEO plugin. -->","yoast_head_json":{"title":"\u00c9l\u00e9vateur \u00e0 bande B60 Z | Machines - Rouleaux Codimar SL","description":"\u00c9l\u00e9vateur \u00e0 bande B60 en Z \u00c9l\u00e9vateur \u00e0 bande avec profil\u00e9s, avec la particularit\u00e9 que les extr\u00e9mit\u00e9s de chargement et de d\u00e9chargement sont positionn\u00e9es horizontalement.","robots":{"index":"index","follow":"follow","max-snippet":"max-snippet:-1","max-image-preview":"max-image-preview:large","max-video-preview":"max-video-preview:-1"},"canonical":"https:\/\/www.rodilloscodimar.com\/fr\/produit\/elevateur-a-bande-b60-z\/","og_locale":"fr_FR","og_type":"article","og_title":"\u00c9l\u00e9vateur \u00e0 bande B60 Z | Machines - Rouleaux Codimar SL","og_description":"\u00c9l\u00e9vateur \u00e0 bande B60 en Z \u00c9l\u00e9vateur \u00e0 bande avec profil\u00e9s, avec la particularit\u00e9 que les extr\u00e9mit\u00e9s de chargement et de d\u00e9chargement sont positionn\u00e9es horizontalement.","og_url":"https:\/\/www.rodilloscodimar.com\/fr\/produit\/elevateur-a-bande-b60-z\/","og_site_name":"CODIMAR","og_image":[{"width":1080,"height":1080,"url":"https:\/\/www.rodilloscodimar.com\/wp-content\/uploads\/2018\/10\/Q20-001-PROATEC.91.jpg","type":"image\/jpeg"}],"twitter_card":"summary_large_image","schema":{"@context":"https:\/\/schema.org","@graph":[{"@type":"WebPage","@id":"https:\/\/www.rodilloscodimar.com\/fr\/produit\/elevateur-a-bande-b60-z\/","url":"https:\/\/www.rodilloscodimar.com\/fr\/produit\/elevateur-a-bande-b60-z\/","name":"\u00c9l\u00e9vateur \u00e0 bande B60 Z | Machines - Rouleaux Codimar SL","isPartOf":{"@id":"https:\/\/www.rodilloscodimar.com\/fr\/#website"},"primaryImageOfPage":{"@id":"https:\/\/www.rodilloscodimar.com\/fr\/produit\/elevateur-a-bande-b60-z\/#primaryimage"},"image":{"@id":"https:\/\/www.rodilloscodimar.com\/fr\/produit\/elevateur-a-bande-b60-z\/#primaryimage"},"thumbnailUrl":"https:\/\/www.rodilloscodimar.com\/wp-content\/uploads\/2018\/10\/Q20-001-PROATEC.91.jpg","datePublished":"2020-12-15T17:05:50+00:00","description":"\u00c9l\u00e9vateur \u00e0 bande B60 en Z \u00c9l\u00e9vateur \u00e0 bande avec profil\u00e9s, avec la particularit\u00e9 que les extr\u00e9mit\u00e9s de chargement et de d\u00e9chargement sont positionn\u00e9es horizontalement.","breadcrumb":{"@id":"https:\/\/www.rodilloscodimar.com\/fr\/produit\/elevateur-a-bande-b60-z\/#breadcrumb"},"inLanguage":"fr-FR","potentialAction":[{"@type":"ReadAction","target":["https:\/\/www.rodilloscodimar.com\/fr\/produit\/elevateur-a-bande-b60-z\/"]}]},{"@type":"ImageObject","inLanguage":"fr-FR","@id":"https:\/\/www.rodilloscodimar.com\/fr\/produit\/elevateur-a-bande-b60-z\/#primaryimage","url":"https:\/\/www.rodilloscodimar.com\/wp-content\/uploads\/2018\/10\/Q20-001-PROATEC.91.jpg","contentUrl":"https:\/\/www.rodilloscodimar.com\/wp-content\/uploads\/2018\/10\/Q20-001-PROATEC.91.jpg","width":1080,"height":1080,"caption":"Ascenseur de ceinture Z"},{"@type":"BreadcrumbList","@id":"https:\/\/www.rodilloscodimar.com\/fr\/produit\/elevateur-a-bande-b60-z\/#breadcrumb","itemListElement":[{"@type":"ListItem","position":1,"name":"Portada","item":"https:\/\/www.rodilloscodimar.com\/fr\/"},{"@type":"ListItem","position":2,"name":"Tienda","item":"https:\/\/www.rodilloscodimar.com\/tienda\/"},{"@type":"ListItem","position":3,"name":"\u00c9l\u00e9vateur \u00e0 bande B60 Z"}]},{"@type":"WebSite","@id":"https:\/\/www.rodilloscodimar.com\/fr\/#website","url":"https:\/\/www.rodilloscodimar.com\/fr\/","name":"CODIMAR","description":"Frabricante de Componentes , Rodillos, Estaciones y M\u00e1quinas.","publisher":{"@id":"https:\/\/www.rodilloscodimar.com\/fr\/#organization"},"potentialAction":[{"@type":"SearchAction","target":{"@type":"EntryPoint","urlTemplate":"https:\/\/www.rodilloscodimar.com\/fr\/?s={search_term_string}"},"query-input":{"@type":"PropertyValueSpecification","valueRequired":true,"valueName":"search_term_string"}}],"inLanguage":"fr-FR"},{"@type":"Organization","@id":"https:\/\/www.rodilloscodimar.com\/fr\/#organization","name":"Rodillos Codimar","url":"https:\/\/www.rodilloscodimar.com\/fr\/","logo":{"@type":"ImageObject","inLanguage":"fr-FR","@id":"https:\/\/www.rodilloscodimar.com\/fr\/#\/schema\/logo\/image\/","url":"https:\/\/www.rodilloscodimar.com\/wp-content\/uploads\/2020\/01\/logo-email.jpg","contentUrl":"https:\/\/www.rodilloscodimar.com\/wp-content\/uploads\/2020\/01\/logo-email.jpg","width":300,"height":299,"caption":"Rodillos Codimar"},"image":{"@id":"https:\/\/www.rodilloscodimar.com\/fr\/#\/schema\/logo\/image\/"}}]}},"_links":{"self":[{"href":"https:\/\/www.rodilloscodimar.com\/fr\/wp-json\/wp\/v2\/product\/5186","targetHints":{"allow":["GET"]}}],"collection":[{"href":"https:\/\/www.rodilloscodimar.com\/fr\/wp-json\/wp\/v2\/product"}],"about":[{"href":"https:\/\/www.rodilloscodimar.com\/fr\/wp-json\/wp\/v2\/types\/product"}],"wp:featuredmedia":[{"embeddable":true,"href":"https:\/\/www.rodilloscodimar.com\/fr\/wp-json\/wp\/v2\/media\/1245"}],"wp:attachment":[{"href":"https:\/\/www.rodilloscodimar.com\/fr\/wp-json\/wp\/v2\/media?parent=5186"}],"wp:term":[{"taxonomy":"product_brand","embeddable":true,"href":"https:\/\/www.rodilloscodimar.com\/fr\/wp-json\/wp\/v2\/product_brand?post=5186"},{"taxonomy":"product_cat","embeddable":true,"href":"https:\/\/www.rodilloscodimar.com\/fr\/wp-json\/wp\/v2\/product_cat?post=5186"},{"taxonomy":"product_tag","embeddable":true,"href":"https:\/\/www.rodilloscodimar.com\/fr\/wp-json\/wp\/v2\/product_tag?post=5186"}],"curies":[{"name":"wp","href":"https:\/\/api.w.org\/{rel}","templated":true}]}}