{"id":5171,"date":"2018-10-08T15:54:04","date_gmt":"2020-12-15T17:05:35","guid":{"rendered":"https:\/\/www.rodilloscodimar.com\/producto\/convoyeur-c30-tricadena\/"},"modified":"2020-12-15T18:05:35","modified_gmt":"2020-12-15T17:05:35","slug":"c30-convoyeur-tri-chaine","status":"publish","type":"product","link":"https:\/\/www.rodilloscodimar.com\/fr\/produit\/c30-convoyeur-tri-chaine\/","title":{"rendered":"Convoyeur C30 Tricadena"},"content":{"rendered":"<p>Convient pour le transport de palettes lourdes de diff\u00e9rents formats.<\/p>\n<p>Les convoyeurs \u00e0 trois cha\u00eenes sont con\u00e7us pour le transport de palettes ou de produits \u00e0 base plate et solide.<\/p>\n<p>Ils peuvent \u00eatre install\u00e9s avec des mains courantes, des pare-chocs, des ailes, des seuils et d&rsquo;autres types d&rsquo;accessoires pour obtenir une fonctionnalit\u00e9 optimale de la ligne ou de l&rsquo;application.<\/p>\n<p>Aucun \u00e9l\u00e9ment suppl\u00e9mentaire n&rsquo;est n\u00e9cessaire pour d\u00e9placer la palette d&rsquo;un convoyeur \u00e0 un autre, laissant les branches compl\u00e8tement align\u00e9es les unes avec les autres.<\/p>\n<p>Sa forme constructive permet une int\u00e9gration facile dans des lignes existantes ou nouvelles.<\/p>\n","protected":false},"excerpt":{"rendered":"<p>Utilisation de cette machine <strong>Il est recommand\u00e9 pour les palettes l\u00e9g\u00e8res ou non charg\u00e9es. Aussi pour les gros produits tels que les plaques ou les profil\u00e9s longitudinaux.<\/strong><\/p>\n<p>Les convoyeurs \u00e0 double cha\u00eene sont con\u00e7us pour le transport de palettes ou de produits \u00e0 base plate et solide et doivent se d\u00e9placer transversalement \u00e0 la direction des traverses.<\/p>\n<p>Sa forme constructive permet une int\u00e9gration facile dans des lignes existantes ou nouvelles.<\/p>\n","protected":false},"featured_media":1218,"template":"","meta":{"_joinchat":[]},"product_brand":[],"product_cat":[174],"product_tag":[],"class_list":{"0":"post-5171","1":"product","2":"type-product","3":"status-publish","4":"has-post-thumbnail","6":"product_cat-convoyeurs-a-chaine","8":"first","9":"instock","10":"shipping-taxable","11":"product-type-simple"},"yoast_head":"<!-- This site is optimized with the Yoast SEO plugin v27.2 - https:\/\/yoast.com\/product\/yoast-seo-wordpress\/ -->\n<title>Convoyeur C30 Tricadena | Machines - Rouleaux Codimar SL<\/title>\n<meta name=\"description\" content=\"Convoyeur C30 Tricadena pour le transport de palettes \u00e0 base plate et solide. Capacit\u00e9 de charge maximale de 10 \u00e0 500 kg.\" \/>\n<meta name=\"robots\" content=\"index, follow, max-snippet:-1, max-image-preview:large, max-video-preview:-1\" \/>\n<link rel=\"canonical\" href=\"https:\/\/www.rodilloscodimar.com\/fr\/produit\/c30-convoyeur-tri-chaine\/\" \/>\n<meta property=\"og:locale\" content=\"fr_FR\" \/>\n<meta property=\"og:type\" content=\"article\" \/>\n<meta property=\"og:title\" content=\"Convoyeur C30 Tricadena | Machines - Rouleaux Codimar SL\" \/>\n<meta property=\"og:description\" content=\"Convoyeur C30 Tricadena pour le transport de palettes \u00e0 base plate et solide. Capacit\u00e9 de charge maximale de 10 \u00e0 500 kg.\" \/>\n<meta property=\"og:url\" content=\"https:\/\/www.rodilloscodimar.com\/fr\/produit\/c30-convoyeur-tri-chaine\/\" \/>\n<meta property=\"og:site_name\" content=\"CODIMAR\" \/>\n<meta property=\"og:image\" content=\"https:\/\/www.rodilloscodimar.com\/wp-content\/uploads\/2018\/10\/C32-0007.82.jpg\" \/>\n\t<meta property=\"og:image:width\" content=\"1080\" \/>\n\t<meta property=\"og:image:height\" content=\"1080\" \/>\n\t<meta property=\"og:image:type\" content=\"image\/jpeg\" \/>\n<meta name=\"twitter:card\" content=\"summary_large_image\" \/>\n<meta name=\"twitter:label1\" content=\"Dur\u00e9e de lecture estim\u00e9e\" \/>\n\t<meta name=\"twitter:data1\" content=\"1 minute\" \/>\n<script type=\"application\/ld+json\" class=\"yoast-schema-graph\">{\"@context\":\"https:\/\/schema.org\",\"@graph\":[{\"@type\":\"WebPage\",\"@id\":\"https:\/\/www.rodilloscodimar.com\/fr\/produit\/c30-convoyeur-tri-chaine\/\",\"url\":\"https:\/\/www.rodilloscodimar.com\/fr\/produit\/c30-convoyeur-tri-chaine\/\",\"name\":\"Convoyeur C30 Tricadena | Machines - Rouleaux Codimar SL\",\"isPartOf\":{\"@id\":\"https:\/\/www.rodilloscodimar.com\/fr\/#website\"},\"primaryImageOfPage\":{\"@id\":\"https:\/\/www.rodilloscodimar.com\/fr\/produit\/c30-convoyeur-tri-chaine\/#primaryimage\"},\"image\":{\"@id\":\"https:\/\/www.rodilloscodimar.com\/fr\/produit\/c30-convoyeur-tri-chaine\/#primaryimage\"},\"thumbnailUrl\":\"https:\/\/www.rodilloscodimar.com\/wp-content\/uploads\/2018\/10\/C32-0007.82.jpg\",\"datePublished\":\"2020-12-15T17:05:35+00:00\",\"description\":\"Convoyeur C30 Tricadena pour le transport de palettes \u00e0 base plate et solide. Capacit\u00e9 de charge maximale de 10 \u00e0 500 kg.\",\"breadcrumb\":{\"@id\":\"https:\/\/www.rodilloscodimar.com\/fr\/produit\/c30-convoyeur-tri-chaine\/#breadcrumb\"},\"inLanguage\":\"fr-FR\",\"potentialAction\":[{\"@type\":\"ReadAction\",\"target\":[\"https:\/\/www.rodilloscodimar.com\/fr\/produit\/c30-convoyeur-tri-chaine\/\"]}]},{\"@type\":\"ImageObject\",\"inLanguage\":\"fr-FR\",\"@id\":\"https:\/\/www.rodilloscodimar.com\/fr\/produit\/c30-convoyeur-tri-chaine\/#primaryimage\",\"url\":\"https:\/\/www.rodilloscodimar.com\/wp-content\/uploads\/2018\/10\/C32-0007.82.jpg\",\"contentUrl\":\"https:\/\/www.rodilloscodimar.com\/wp-content\/uploads\/2018\/10\/C32-0007.82.jpg\",\"width\":1080,\"height\":1080,\"caption\":\"Convoyeur Tricadena\"},{\"@type\":\"BreadcrumbList\",\"@id\":\"https:\/\/www.rodilloscodimar.com\/fr\/produit\/c30-convoyeur-tri-chaine\/#breadcrumb\",\"itemListElement\":[{\"@type\":\"ListItem\",\"position\":1,\"name\":\"Portada\",\"item\":\"https:\/\/www.rodilloscodimar.com\/fr\/\"},{\"@type\":\"ListItem\",\"position\":2,\"name\":\"Tienda\",\"item\":\"https:\/\/www.rodilloscodimar.com\/tienda\/\"},{\"@type\":\"ListItem\",\"position\":3,\"name\":\"Convoyeur C30 Tricadena\"}]},{\"@type\":\"WebSite\",\"@id\":\"https:\/\/www.rodilloscodimar.com\/fr\/#website\",\"url\":\"https:\/\/www.rodilloscodimar.com\/fr\/\",\"name\":\"CODIMAR\",\"description\":\"Frabricante de Componentes , Rodillos, Estaciones y M\u00e1quinas.\",\"publisher\":{\"@id\":\"https:\/\/www.rodilloscodimar.com\/fr\/#organization\"},\"potentialAction\":[{\"@type\":\"SearchAction\",\"target\":{\"@type\":\"EntryPoint\",\"urlTemplate\":\"https:\/\/www.rodilloscodimar.com\/fr\/?s={search_term_string}\"},\"query-input\":{\"@type\":\"PropertyValueSpecification\",\"valueRequired\":true,\"valueName\":\"search_term_string\"}}],\"inLanguage\":\"fr-FR\"},{\"@type\":\"Organization\",\"@id\":\"https:\/\/www.rodilloscodimar.com\/fr\/#organization\",\"name\":\"Rodillos Codimar\",\"url\":\"https:\/\/www.rodilloscodimar.com\/fr\/\",\"logo\":{\"@type\":\"ImageObject\",\"inLanguage\":\"fr-FR\",\"@id\":\"https:\/\/www.rodilloscodimar.com\/fr\/#\/schema\/logo\/image\/\",\"url\":\"https:\/\/www.rodilloscodimar.com\/wp-content\/uploads\/2020\/01\/logo-email.jpg\",\"contentUrl\":\"https:\/\/www.rodilloscodimar.com\/wp-content\/uploads\/2020\/01\/logo-email.jpg\",\"width\":300,\"height\":299,\"caption\":\"Rodillos Codimar\"},\"image\":{\"@id\":\"https:\/\/www.rodilloscodimar.com\/fr\/#\/schema\/logo\/image\/\"}}]}<\/script>\n<!-- \/ Yoast SEO plugin. -->","yoast_head_json":{"title":"Convoyeur C30 Tricadena | Machines - Rouleaux Codimar SL","description":"Convoyeur C30 Tricadena pour le transport de palettes \u00e0 base plate et solide. Capacit\u00e9 de charge maximale de 10 \u00e0 500 kg.","robots":{"index":"index","follow":"follow","max-snippet":"max-snippet:-1","max-image-preview":"max-image-preview:large","max-video-preview":"max-video-preview:-1"},"canonical":"https:\/\/www.rodilloscodimar.com\/fr\/produit\/c30-convoyeur-tri-chaine\/","og_locale":"fr_FR","og_type":"article","og_title":"Convoyeur C30 Tricadena | Machines - Rouleaux Codimar SL","og_description":"Convoyeur C30 Tricadena pour le transport de palettes \u00e0 base plate et solide. Capacit\u00e9 de charge maximale de 10 \u00e0 500 kg.","og_url":"https:\/\/www.rodilloscodimar.com\/fr\/produit\/c30-convoyeur-tri-chaine\/","og_site_name":"CODIMAR","og_image":[{"width":1080,"height":1080,"url":"https:\/\/www.rodilloscodimar.com\/wp-content\/uploads\/2018\/10\/C32-0007.82.jpg","type":"image\/jpeg"}],"twitter_card":"summary_large_image","twitter_misc":{"Dur\u00e9e de lecture estim\u00e9e":"1 minute"},"schema":{"@context":"https:\/\/schema.org","@graph":[{"@type":"WebPage","@id":"https:\/\/www.rodilloscodimar.com\/fr\/produit\/c30-convoyeur-tri-chaine\/","url":"https:\/\/www.rodilloscodimar.com\/fr\/produit\/c30-convoyeur-tri-chaine\/","name":"Convoyeur C30 Tricadena | Machines - Rouleaux Codimar SL","isPartOf":{"@id":"https:\/\/www.rodilloscodimar.com\/fr\/#website"},"primaryImageOfPage":{"@id":"https:\/\/www.rodilloscodimar.com\/fr\/produit\/c30-convoyeur-tri-chaine\/#primaryimage"},"image":{"@id":"https:\/\/www.rodilloscodimar.com\/fr\/produit\/c30-convoyeur-tri-chaine\/#primaryimage"},"thumbnailUrl":"https:\/\/www.rodilloscodimar.com\/wp-content\/uploads\/2018\/10\/C32-0007.82.jpg","datePublished":"2020-12-15T17:05:35+00:00","description":"Convoyeur C30 Tricadena pour le transport de palettes \u00e0 base plate et solide. Capacit\u00e9 de charge maximale de 10 \u00e0 500 kg.","breadcrumb":{"@id":"https:\/\/www.rodilloscodimar.com\/fr\/produit\/c30-convoyeur-tri-chaine\/#breadcrumb"},"inLanguage":"fr-FR","potentialAction":[{"@type":"ReadAction","target":["https:\/\/www.rodilloscodimar.com\/fr\/produit\/c30-convoyeur-tri-chaine\/"]}]},{"@type":"ImageObject","inLanguage":"fr-FR","@id":"https:\/\/www.rodilloscodimar.com\/fr\/produit\/c30-convoyeur-tri-chaine\/#primaryimage","url":"https:\/\/www.rodilloscodimar.com\/wp-content\/uploads\/2018\/10\/C32-0007.82.jpg","contentUrl":"https:\/\/www.rodilloscodimar.com\/wp-content\/uploads\/2018\/10\/C32-0007.82.jpg","width":1080,"height":1080,"caption":"Convoyeur Tricadena"},{"@type":"BreadcrumbList","@id":"https:\/\/www.rodilloscodimar.com\/fr\/produit\/c30-convoyeur-tri-chaine\/#breadcrumb","itemListElement":[{"@type":"ListItem","position":1,"name":"Portada","item":"https:\/\/www.rodilloscodimar.com\/fr\/"},{"@type":"ListItem","position":2,"name":"Tienda","item":"https:\/\/www.rodilloscodimar.com\/tienda\/"},{"@type":"ListItem","position":3,"name":"Convoyeur C30 Tricadena"}]},{"@type":"WebSite","@id":"https:\/\/www.rodilloscodimar.com\/fr\/#website","url":"https:\/\/www.rodilloscodimar.com\/fr\/","name":"CODIMAR","description":"Frabricante de Componentes , Rodillos, Estaciones y M\u00e1quinas.","publisher":{"@id":"https:\/\/www.rodilloscodimar.com\/fr\/#organization"},"potentialAction":[{"@type":"SearchAction","target":{"@type":"EntryPoint","urlTemplate":"https:\/\/www.rodilloscodimar.com\/fr\/?s={search_term_string}"},"query-input":{"@type":"PropertyValueSpecification","valueRequired":true,"valueName":"search_term_string"}}],"inLanguage":"fr-FR"},{"@type":"Organization","@id":"https:\/\/www.rodilloscodimar.com\/fr\/#organization","name":"Rodillos Codimar","url":"https:\/\/www.rodilloscodimar.com\/fr\/","logo":{"@type":"ImageObject","inLanguage":"fr-FR","@id":"https:\/\/www.rodilloscodimar.com\/fr\/#\/schema\/logo\/image\/","url":"https:\/\/www.rodilloscodimar.com\/wp-content\/uploads\/2020\/01\/logo-email.jpg","contentUrl":"https:\/\/www.rodilloscodimar.com\/wp-content\/uploads\/2020\/01\/logo-email.jpg","width":300,"height":299,"caption":"Rodillos Codimar"},"image":{"@id":"https:\/\/www.rodilloscodimar.com\/fr\/#\/schema\/logo\/image\/"}}]}},"_links":{"self":[{"href":"https:\/\/www.rodilloscodimar.com\/fr\/wp-json\/wp\/v2\/product\/5171","targetHints":{"allow":["GET"]}}],"collection":[{"href":"https:\/\/www.rodilloscodimar.com\/fr\/wp-json\/wp\/v2\/product"}],"about":[{"href":"https:\/\/www.rodilloscodimar.com\/fr\/wp-json\/wp\/v2\/types\/product"}],"wp:featuredmedia":[{"embeddable":true,"href":"https:\/\/www.rodilloscodimar.com\/fr\/wp-json\/wp\/v2\/media\/1218"}],"wp:attachment":[{"href":"https:\/\/www.rodilloscodimar.com\/fr\/wp-json\/wp\/v2\/media?parent=5171"}],"wp:term":[{"taxonomy":"product_brand","embeddable":true,"href":"https:\/\/www.rodilloscodimar.com\/fr\/wp-json\/wp\/v2\/product_brand?post=5171"},{"taxonomy":"product_cat","embeddable":true,"href":"https:\/\/www.rodilloscodimar.com\/fr\/wp-json\/wp\/v2\/product_cat?post=5171"},{"taxonomy":"product_tag","embeddable":true,"href":"https:\/\/www.rodilloscodimar.com\/fr\/wp-json\/wp\/v2\/product_tag?post=5171"}],"curies":[{"name":"wp","href":"https:\/\/api.w.org\/{rel}","templated":true}]}}